{"id":233404,"date":"2022-12-01T10:07:20","date_gmt":"2022-12-01T09:07:20","guid":{"rendered":"https:\/\/abc-office.eu\/?page_id=233404"},"modified":"2025-11-02T01:13:51","modified_gmt":"2025-11-02T00:13:51","slug":"traducteur-asserment-am-ricain-rennes","status":"publish","type":"page","link":"https:\/\/abc-office.eu\/fr\/france\/traduction-assermentee-france\/traducteur-asserment-rennes\/traducteur-asserment-am-ricain-rennes\/","title":{"rendered":"Traducteur asserment\u00e9 Am\u00e9ricain Rennes"},"content":{"rendered":"<h2>Traducteur asserment\u00e9 Am\u00e9ricain Rennes<\/h2>\n<p style=\"text-align: justify;\">Notre agence de traduction est sp\u00e9cialis\u00e9e dans les <strong data-start=\"172\" data-end=\"214\">traductions certifi\u00e9es et asserment\u00e9es<\/strong> depuis et vers l\u2019am\u00e9ricain. Nos traducteurs certifi\u00e9s am\u00e9ricain, bas\u00e9s \u00e0 Rennes, peuvent traiter rapidement votre demande. Nous avons uniquement besoin de recevoir une <strong data-start=\"386\" data-end=\"420\">copie des documents \u00e0 traduire<\/strong> (tous les formats sont accept\u00e9s). Les documents originaux ne sont plus requis (traducteur asserment\u00e9 am\u00e9ricain Rennes).<\/p>\n<ol>\n<li style=\"text-align: justify;\">Dans un premier temps, vous pouvez utiliser notre adresse e-mail (<a href=\"mailto:info@abc-office.eu\">info@abc-office.eu<\/a>), le formulaire de contact, ou encore notre lien WhatsApp.<\/li>\n<li style=\"text-align: justify;\">Ensuite, veuillez pr\u00e9ciser la langue dans laquelle vous souhaitez recevoir la traduction et si vous avez besoin que la traduction soit l\u00e9galis\u00e9e par un notaire et\/ou apostill\u00e9e (Chancellerie).<\/li>\n<li style=\"text-align: justify;\">Puis, l\u2019un de nos chefs de projet vous enverra rapidement un devis mentionnant le prix et le d\u00e9lai de r\u00e9alisation de ce projet. Nous r\u00e9pondons g\u00e9n\u00e9ralement <strong data-start=\"1042\" data-end=\"1065\">dans les 30 minutes<\/strong>. Cependant, merci de nous appeler si vous n\u2019avez pas re\u00e7u de r\u00e9ponse au-del\u00e0 d\u2019une heure.<\/li>\n<li style=\"text-align: justify;\">Enfin, et c\u2019est le plus important, une fois le devis accept\u00e9, nous lancerons le processus de traduction et nous vous enverrons les traductions certifi\u00e9es par courrier postal.<br data-start=\"1332\" data-end=\"1335\" \/>Si vous souhaitez \u00e9galement recevoir une copie de la traduction par e-mail, merci d\u2019en informer le chef de projet et nous vous l\u2019enverrons par e-mail avant l\u2019exp\u00e9dition des originaux.<\/li>\n<\/ol>\n<p style=\"text-align: justify;\">En termes de d\u00e9lais, les traductions certifi\u00e9es sont envoy\u00e9es par courrier postal ou DHL et\/ou par e-mail <strong data-start=\"1628\" data-end=\"1658\">sous 2 \u00e0 3 jours ouvrables<\/strong>. Cependant, cela d\u00e9pend aussi du volume et du niveau de difficult\u00e9 des documents.<\/p>\n<h3><strong data-start=\"1856\" data-end=\"1912\">Langues que nous pouvons associer avec l\u2019am\u00e9ricain :<\/strong><\/h3>\n<p style=\"text-align: justify;\">Afrikaans | Allemand | Albanais | Amharique | Anglais | Arabe | Arm\u00e9nien | Aymara | Azerba\u00efdjanais | Basque | Bengali | Bi\u00e9lorusse | Birman | Bosniaque | Br\u00e9silien | Bulgare | Cantonais | Catalan | Cinghalais | Chinois | Chinois simplifi\u00e9 | Chinois traditionnel | Cor\u00e9en | Croate | Danois | Dari | Estonien | \u00c9w\u00e9 | Farsi | Finnois | G\u00e9orgien | Grec | Guarani | H\u00e9breu | Hindi | Hongrois | Indon\u00e9sien | Italien | Japonais | Kazakh | Khmer | Kirghize | Kurde | Lao | Letton | Lingala | Lituanien | Mac\u00e9donien | Malaisien | Malayalam | Mandarin | Moldave | Mongol | Mont\u00e9n\u00e9grin | N\u00e9erlandais | Norv\u00e9gien | Ourdou | Ouzbek | Pachtoune | Pendjabi | Persan | Peul | Polonais | Espagnol | Quechua | Roumain | Russe | Serbe | Slovaque | Slov\u00e8ne | Su\u00e9dois | Tamoul | Tch\u00e8que | Tha\u00ef | Turc | Turkm\u00e8ne | Ukrainien | Vietnamien | Portugais<\/p>\n<h3><strong data-start=\"2754\" data-end=\"2804\">Voici une liste non exhaustive des documents :<\/strong><\/h3>\n<p style=\"text-align: justify;\">Acte de naissance | Acte de mariage | Acte d\u2019\u00e9tat civil | Attestation | Brevet | Casier judiciaire | Certificat | Certificat de c\u00e9libat | Acte de d\u00e9c\u00e8s | Livret de famille | Certificat de travail | D\u00e9claration fiscale | Dipl\u00f4me | Passeport | Permis de conduire | Testament | Visa | Contrat | Contrat de divorce | Contrat de mariage | Jugement | Proc\u00e9dure | Procuration | Proc\u00e8s-verbal<\/p>\n<h3><strong data-start=\"3203\" data-end=\"3293\">Types courants de certifications\/l\u00e9galisations (traducteur asserment\u00e9 am\u00e9ricain Rennes) :<\/strong><\/h3>\n<ul>\n<li style=\"text-align: justify;\" data-start=\"3297\" data-end=\"3394\"><strong data-start=\"3297\" data-end=\"3323\">Traduction certifi\u00e9e :<\/strong> nous fournissons la traduction avec notre cachet et notre signature.<\/li>\n<li><strong>Traduction asserment\u00e9e : <\/strong>nous fournissons des traductions asserment\u00e9es r\u00e9alis\u00e9es par un traducteur expert pr\u00e8s la Cour d\u2019appel.<\/li>\n<li style=\"text-align: justify;\" data-start=\"3397\" data-end=\"3491\"><strong data-start=\"3397\" data-end=\"3423\">Traduction l\u00e9galis\u00e9e :<\/strong> le notaire l\u00e9galise la signature du traducteur sur la traduction.<\/li>\n<li style=\"text-align: justify;\" data-start=\"3494\" data-end=\"3577\"><strong data-start=\"3494\" data-end=\"3525\">Traduction avec apostille :<\/strong> la chancellerie l\u00e9galise la signature du notaire.<\/li>\n<li style=\"text-align: justify;\" data-start=\"3580\" data-end=\"3718\"><strong data-start=\"3580\" data-end=\"3639\">Traduction l\u00e9galis\u00e9e par une ambassade ou un consulat :<\/strong> nous organisons la l\u00e9galisation finale aupr\u00e8s de l\u2019ambassade ou du consulat.<\/li>\n<\/ul>\n<p style=\"text-align: justify;\" data-start=\"3725\" data-end=\"4050\">Gr\u00e2ce \u00e0 la certification ad\u00e9quate, vos traductions seront <strong data-start=\"3783\" data-end=\"3822\">accept\u00e9es en France et \u00e0 l\u2019\u00e9tranger<\/strong>.<br data-start=\"3823\" data-end=\"3826\" \/>Pour toute question concernant le type de certification dont vous avez besoin pour vos documents, n\u2019h\u00e9sitez pas \u00e0 contacter notre \u00e9quipe. Nous vous guiderons tout au long du processus (traducteur asserment\u00e9 am\u00e9ricain Rennes).<\/p>\n<p data-start=\"4052\" data-end=\"4100\">Nous nous r\u00e9jouissons de collaborer avec vous.<\/p>\n<p data-start=\"4102\" data-end=\"4127\"><a href=\"https:\/\/abc-office.eu\/fr\/\"><strong data-start=\"4102\" data-end=\"4125\">ABC Translation LLC<\/strong><\/a><\/p>\n<p data-start=\"4102\" data-end=\"4127\"><img loading=\"lazy\" decoding=\"async\" class=\"aligncenter wp-image-271\" src=\"https:\/\/abc-office.ch\/wp-content\/uploads\/2018\/06\/imageedit_1_6241191614.gif\" alt=\"Traducteur asserment\u00e9 am\u00e9ricain Rennes\" width=\"437\" height=\"437\" \/><\/p>\n<p>&nbsp;<\/p>\n","protected":false},"excerpt":{"rendered":"<p>Traducteur asserment\u00e9 Am\u00e9ricain Rennes Notre agence de traduction est sp\u00e9cialis\u00e9e dans les traductions certifi\u00e9es et asserment\u00e9es depuis et vers l\u2019am\u00e9ricain. Nos traducteurs certifi\u00e9s am\u00e9ricain, bas\u00e9s \u00e0 Rennes, peuvent traiter rapidement votre demande. Nous avons uniquement besoin de recevoir une copie des documents \u00e0 traduire (tous les formats sont accept\u00e9s). Les documents originaux ne sont plus&#8230;<\/p>\n","protected":false},"author":1,"featured_media":29239,"parent":233361,"menu_order":0,"comment_status":"closed","ping_status":"closed","template":"","meta":{"sfsi_plus_gutenberg_text_before_share":"","sfsi_plus_gutenberg_show_text_before_share":"","sfsi_plus_gutenberg_icon_type":"","sfsi_plus_gutenberg_icon_alignemt":"","sfsi_plus_gutenburg_max_per_row":"","footnotes":""},"class_list":["post-233404","page","type-page","status-publish","has-post-thumbnail","hentry"],"yoast_head":"<!-- This site is optimized with the Yoast SEO plugin v23.8 - https:\/\/yoast.com\/wordpress\/plugins\/seo\/ -->\n<title>Traducteur asserment\u00e9 am\u00e9ricain Rennes Traducteur am\u00e9ricain<\/title>\n<meta name=\"description\" content=\"ABC Translation | Traducteur certifi\u00e9 am\u00e9ricain Rennes | Traducteur asserment\u00e9 am\u00e9ricain Rennes | Traduction officielle am\u00e9ricain Rennes\" \/>\n<meta name=\"robots\" content=\"index, follow, max-snippet:-1, max-image-preview:large, max-video-preview:-1\" \/>\n<link rel=\"canonical\" href=\"https:\/\/abc-office.eu\/fr\/france\/traduction-assermentee-france\/traducteur-asserment-rennes\/traducteur-asserment-am-ricain-rennes\/\" \/>\n<meta property=\"og:locale\" content=\"fr_FR\" \/>\n<meta property=\"og:type\" content=\"article\" \/>\n<meta property=\"og:title\" content=\"Traducteur asserment\u00e9 am\u00e9ricain Rennes Traducteur am\u00e9ricain\" \/>\n<meta property=\"og:description\" content=\"ABC Translation | Traducteur certifi\u00e9 am\u00e9ricain Rennes | Traducteur asserment\u00e9 am\u00e9ricain Rennes | Traduction officielle am\u00e9ricain Rennes\" \/>\n<meta property=\"og:url\" content=\"https:\/\/abc-office.eu\/fr\/france\/traduction-assermentee-france\/traducteur-asserment-rennes\/traducteur-asserment-am-ricain-rennes\/\" \/>\n<meta property=\"og:site_name\" content=\"ABC Translation\" \/>\n<meta property=\"article:modified_time\" content=\"2025-11-02T00:13:51+00:00\" \/>\n<meta property=\"og:image\" content=\"https:\/\/abc-office.eu\/wp-content\/uploads\/2022\/05\/us-flag-21-apr-2017.jpeg\" \/>\n\t<meta property=\"og:image:width\" content=\"1800\" \/>\n\t<meta property=\"og:image:height\" content=\"1200\" \/>\n\t<meta property=\"og:image:type\" content=\"image\/jpeg\" \/>\n<meta name=\"twitter:card\" content=\"summary_large_image\" \/>\n<meta name=\"twitter:label1\" content=\"Dur\u00e9e de lecture estim\u00e9e\" \/>\n\t<meta name=\"twitter:data1\" content=\"3 minutes\" \/>\n<script type=\"application\/ld+json\" class=\"yoast-schema-graph\">{\"@context\":\"https:\/\/schema.org\",\"@graph\":[{\"@type\":\"WebPage\",\"@id\":\"https:\/\/abc-office.eu\/fr\/france\/traduction-assermentee-france\/traducteur-asserment-rennes\/traducteur-asserment-am-ricain-rennes\/\",\"url\":\"https:\/\/abc-office.eu\/fr\/france\/traduction-assermentee-france\/traducteur-asserment-rennes\/traducteur-asserment-am-ricain-rennes\/\",\"name\":\"Traducteur asserment\u00e9 am\u00e9ricain Rennes Traducteur am\u00e9ricain\",\"isPartOf\":{\"@id\":\"https:\/\/abc-office.eu\/fr\/#website\"},\"primaryImageOfPage\":{\"@id\":\"https:\/\/abc-office.eu\/fr\/france\/traduction-assermentee-france\/traducteur-asserment-rennes\/traducteur-asserment-am-ricain-rennes\/#primaryimage\"},\"image\":{\"@id\":\"https:\/\/abc-office.eu\/fr\/france\/traduction-assermentee-france\/traducteur-asserment-rennes\/traducteur-asserment-am-ricain-rennes\/#primaryimage\"},\"thumbnailUrl\":\"https:\/\/abc-office.eu\/wp-content\/uploads\/2022\/05\/us-flag-21-apr-2017.jpeg\",\"datePublished\":\"2022-12-01T09:07:20+00:00\",\"dateModified\":\"2025-11-02T00:13:51+00:00\",\"description\":\"ABC Translation | Traducteur certifi\u00e9 am\u00e9ricain Rennes | Traducteur asserment\u00e9 am\u00e9ricain Rennes | Traduction officielle am\u00e9ricain Rennes\",\"breadcrumb\":{\"@id\":\"https:\/\/abc-office.eu\/fr\/france\/traduction-assermentee-france\/traducteur-asserment-rennes\/traducteur-asserment-am-ricain-rennes\/#breadcrumb\"},\"inLanguage\":\"fr-FR\",\"potentialAction\":[{\"@type\":\"ReadAction\",\"target\":[\"https:\/\/abc-office.eu\/fr\/france\/traduction-assermentee-france\/traducteur-asserment-rennes\/traducteur-asserment-am-ricain-rennes\/\"]}]},{\"@type\":\"ImageObject\",\"inLanguage\":\"fr-FR\",\"@id\":\"https:\/\/abc-office.eu\/fr\/france\/traduction-assermentee-france\/traducteur-asserment-rennes\/traducteur-asserment-am-ricain-rennes\/#primaryimage\",\"url\":\"https:\/\/abc-office.eu\/wp-content\/uploads\/2022\/05\/us-flag-21-apr-2017.jpeg\",\"contentUrl\":\"https:\/\/abc-office.eu\/wp-content\/uploads\/2022\/05\/us-flag-21-apr-2017.jpeg\",\"width\":1800,\"height\":1200},{\"@type\":\"BreadcrumbList\",\"@id\":\"https:\/\/abc-office.eu\/fr\/france\/traduction-assermentee-france\/traducteur-asserment-rennes\/traducteur-asserment-am-ricain-rennes\/#breadcrumb\",\"itemListElement\":[{\"@type\":\"ListItem\",\"position\":1,\"name\":\"Accueil\",\"item\":\"https:\/\/abc-office.eu\/fr\/\"},{\"@type\":\"ListItem\",\"position\":2,\"name\":\"France\",\"item\":\"https:\/\/abc-office.eu\/fr\/france\/\"},{\"@type\":\"ListItem\",\"position\":3,\"name\":\"Traduction asserment\u00e9e France\",\"item\":\"https:\/\/abc-office.eu\/fr\/france\/traduction-assermentee-france\/\"},{\"@type\":\"ListItem\",\"position\":4,\"name\":\"Traducteur asserment\u00e9 Rennes\",\"item\":\"https:\/\/abc-office.eu\/fr\/france\/traduction-assermentee-france\/traducteur-asserment-rennes\/\"},{\"@type\":\"ListItem\",\"position\":5,\"name\":\"Traducteur asserment\u00e9 Am\u00e9ricain Rennes\"}]},{\"@type\":\"WebSite\",\"@id\":\"https:\/\/abc-office.eu\/fr\/#website\",\"url\":\"https:\/\/abc-office.eu\/fr\/\",\"name\":\"ABC Translation\",\"description\":\"info@abc-office.eu\",\"potentialAction\":[{\"@type\":\"SearchAction\",\"target\":{\"@type\":\"EntryPoint\",\"urlTemplate\":\"https:\/\/abc-office.eu\/fr\/?s={search_term_string}\"},\"query-input\":{\"@type\":\"PropertyValueSpecification\",\"valueRequired\":true,\"valueName\":\"search_term_string\"}}],\"inLanguage\":\"fr-FR\"}]}<\/script>\n<!-- \/ Yoast SEO plugin. -->","yoast_head_json":{"title":"Traducteur asserment\u00e9 am\u00e9ricain Rennes Traducteur am\u00e9ricain","description":"ABC Translation | Traducteur certifi\u00e9 am\u00e9ricain Rennes | Traducteur asserment\u00e9 am\u00e9ricain Rennes | Traduction officielle am\u00e9ricain Rennes","robots":{"index":"index","follow":"follow","max-snippet":"max-snippet:-1","max-image-preview":"max-image-preview:large","max-video-preview":"max-video-preview:-1"},"canonical":"https:\/\/abc-office.eu\/fr\/france\/traduction-assermentee-france\/traducteur-asserment-rennes\/traducteur-asserment-am-ricain-rennes\/","og_locale":"fr_FR","og_type":"article","og_title":"Traducteur asserment\u00e9 am\u00e9ricain Rennes Traducteur am\u00e9ricain","og_description":"ABC Translation | Traducteur certifi\u00e9 am\u00e9ricain Rennes | Traducteur asserment\u00e9 am\u00e9ricain Rennes | Traduction officielle am\u00e9ricain Rennes","og_url":"https:\/\/abc-office.eu\/fr\/france\/traduction-assermentee-france\/traducteur-asserment-rennes\/traducteur-asserment-am-ricain-rennes\/","og_site_name":"ABC Translation","article_modified_time":"2025-11-02T00:13:51+00:00","og_image":[{"width":1800,"height":1200,"url":"https:\/\/abc-office.eu\/wp-content\/uploads\/2022\/05\/us-flag-21-apr-2017.jpeg","type":"image\/jpeg"}],"twitter_card":"summary_large_image","twitter_misc":{"Dur\u00e9e de lecture estim\u00e9e":"3 minutes"},"schema":{"@context":"https:\/\/schema.org","@graph":[{"@type":"WebPage","@id":"https:\/\/abc-office.eu\/fr\/france\/traduction-assermentee-france\/traducteur-asserment-rennes\/traducteur-asserment-am-ricain-rennes\/","url":"https:\/\/abc-office.eu\/fr\/france\/traduction-assermentee-france\/traducteur-asserment-rennes\/traducteur-asserment-am-ricain-rennes\/","name":"Traducteur asserment\u00e9 am\u00e9ricain Rennes Traducteur am\u00e9ricain","isPartOf":{"@id":"https:\/\/abc-office.eu\/fr\/#website"},"primaryImageOfPage":{"@id":"https:\/\/abc-office.eu\/fr\/france\/traduction-assermentee-france\/traducteur-asserment-rennes\/traducteur-asserment-am-ricain-rennes\/#primaryimage"},"image":{"@id":"https:\/\/abc-office.eu\/fr\/france\/traduction-assermentee-france\/traducteur-asserment-rennes\/traducteur-asserment-am-ricain-rennes\/#primaryimage"},"thumbnailUrl":"https:\/\/abc-office.eu\/wp-content\/uploads\/2022\/05\/us-flag-21-apr-2017.jpeg","datePublished":"2022-12-01T09:07:20+00:00","dateModified":"2025-11-02T00:13:51+00:00","description":"ABC Translation | Traducteur certifi\u00e9 am\u00e9ricain Rennes | Traducteur asserment\u00e9 am\u00e9ricain Rennes | Traduction officielle am\u00e9ricain Rennes","breadcrumb":{"@id":"https:\/\/abc-office.eu\/fr\/france\/traduction-assermentee-france\/traducteur-asserment-rennes\/traducteur-asserment-am-ricain-rennes\/#breadcrumb"},"inLanguage":"fr-FR","potentialAction":[{"@type":"ReadAction","target":["https:\/\/abc-office.eu\/fr\/france\/traduction-assermentee-france\/traducteur-asserment-rennes\/traducteur-asserment-am-ricain-rennes\/"]}]},{"@type":"ImageObject","inLanguage":"fr-FR","@id":"https:\/\/abc-office.eu\/fr\/france\/traduction-assermentee-france\/traducteur-asserment-rennes\/traducteur-asserment-am-ricain-rennes\/#primaryimage","url":"https:\/\/abc-office.eu\/wp-content\/uploads\/2022\/05\/us-flag-21-apr-2017.jpeg","contentUrl":"https:\/\/abc-office.eu\/wp-content\/uploads\/2022\/05\/us-flag-21-apr-2017.jpeg","width":1800,"height":1200},{"@type":"BreadcrumbList","@id":"https:\/\/abc-office.eu\/fr\/france\/traduction-assermentee-france\/traducteur-asserment-rennes\/traducteur-asserment-am-ricain-rennes\/#breadcrumb","itemListElement":[{"@type":"ListItem","position":1,"name":"Accueil","item":"https:\/\/abc-office.eu\/fr\/"},{"@type":"ListItem","position":2,"name":"France","item":"https:\/\/abc-office.eu\/fr\/france\/"},{"@type":"ListItem","position":3,"name":"Traduction asserment\u00e9e France","item":"https:\/\/abc-office.eu\/fr\/france\/traduction-assermentee-france\/"},{"@type":"ListItem","position":4,"name":"Traducteur asserment\u00e9 Rennes","item":"https:\/\/abc-office.eu\/fr\/france\/traduction-assermentee-france\/traducteur-asserment-rennes\/"},{"@type":"ListItem","position":5,"name":"Traducteur asserment\u00e9 Am\u00e9ricain Rennes"}]},{"@type":"WebSite","@id":"https:\/\/abc-office.eu\/fr\/#website","url":"https:\/\/abc-office.eu\/fr\/","name":"ABC Translation","description":"info@abc-office.eu","potentialAction":[{"@type":"SearchAction","target":{"@type":"EntryPoint","urlTemplate":"https:\/\/abc-office.eu\/fr\/?s={search_term_string}"},"query-input":{"@type":"PropertyValueSpecification","valueRequired":true,"valueName":"search_term_string"}}],"inLanguage":"fr-FR"}]}},"_links":{"self":[{"href":"https:\/\/abc-office.eu\/fr\/wp-json\/wp\/v2\/pages\/233404","targetHints":{"allow":["GET"]}}],"collection":[{"href":"https:\/\/abc-office.eu\/fr\/wp-json\/wp\/v2\/pages"}],"about":[{"href":"https:\/\/abc-office.eu\/fr\/wp-json\/wp\/v2\/types\/page"}],"author":[{"embeddable":true,"href":"https:\/\/abc-office.eu\/fr\/wp-json\/wp\/v2\/users\/1"}],"replies":[{"embeddable":true,"href":"https:\/\/abc-office.eu\/fr\/wp-json\/wp\/v2\/comments?post=233404"}],"version-history":[{"count":1,"href":"https:\/\/abc-office.eu\/fr\/wp-json\/wp\/v2\/pages\/233404\/revisions"}],"predecessor-version":[{"id":233406,"href":"https:\/\/abc-office.eu\/fr\/wp-json\/wp\/v2\/pages\/233404\/revisions\/233406"}],"up":[{"embeddable":true,"href":"https:\/\/abc-office.eu\/fr\/wp-json\/wp\/v2\/pages\/233361"}],"wp:featuredmedia":[{"embeddable":true,"href":"https:\/\/abc-office.eu\/fr\/wp-json\/wp\/v2\/media\/29239"}],"wp:attachment":[{"href":"https:\/\/abc-office.eu\/fr\/wp-json\/wp\/v2\/media?parent=233404"}],"curies":[{"name":"wp","href":"https:\/\/api.w.org\/{rel}","templated":true}]}}