{"id":225217,"date":"2022-09-28T14:04:48","date_gmt":"2022-09-28T12:04:48","guid":{"rendered":"https:\/\/abc-office.eu\/?page_id=225217"},"modified":"2025-10-10T10:05:41","modified_gmt":"2025-10-10T08:05:41","slug":"traduction-assermentee-france","status":"publish","type":"page","link":"https:\/\/abc-office.eu\/fr\/france\/traduction-assermentee-france\/","title":{"rendered":"Traduction asserment\u00e9e France"},"content":{"rendered":"<h2>Traduction asserment\u00e9e France<\/h2>\n<p style=\"text-align: justify;\" data-start=\"112\" data-end=\"444\">Notre agence, <strong data-start=\"126\" data-end=\"145\">ABC Translation<\/strong>, est sp\u00e9cialis\u00e9e depuis de nombreuses ann\u00e9es dans le domaine de la <strong data-start=\"213\" data-end=\"237\">traduction asserment\u00e9e<\/strong>. En effet, nous pouvons vous fournir tous les services li\u00e9s \u00e0 ce domaine, qu\u2019il s\u2019agisse d\u2019une traduction officielle, d\u2019une simple traduction ou d\u2019un besoin d\u2019interpr\u00e9tation (traduction asserment\u00e9e France).<\/p>\n<p style=\"text-align: justify;\" data-start=\"446\" data-end=\"959\">Avec une \u00e9quipe de plus de <strong data-start=\"473\" data-end=\"507\">500 traducteurs et interpr\u00e8tes<\/strong>, nous savons g\u00e9rer tout type de projet dans des d\u00e9lais extr\u00eamement courts. La <strong data-start=\"586\" data-end=\"597\">qualit\u00e9<\/strong> et la <strong data-start=\"604\" data-end=\"618\">r\u00e9activit\u00e9<\/strong> sont nos ma\u00eetres-mots pour des r\u00e9sultats toujours \u00e0 la hauteur des attentes de nos clients. Nous sommes pr\u00e9sents sur l\u2019ensemble du territoire fran\u00e7ais. Gr\u00e2ce \u00e0 cette pr\u00e9sence et \u00e0 notre rapidit\u00e9, nous avons pu \u00e9voluer et proposons d\u00e9sormais des services de traduction dans plus de <strong data-start=\"900\" data-end=\"926\">60 langues diff\u00e9rentes<\/strong> (traduction asserment\u00e9e France).<\/p>\n<h3 data-start=\"966\" data-end=\"997\"><strong data-start=\"970\" data-end=\"997\">Traduction asserment\u00e9e :<\/strong><\/h3>\n<p style=\"text-align: justify;\" data-start=\"999\" data-end=\"1399\">Nous sommes sp\u00e9cialis\u00e9s dans la traduction asserment\u00e9e afin de vous faciliter les d\u00e9marches lors de votre arriv\u00e9e en France ou pour un voyage \u00e0 l\u2019\u00e9tranger. Les traductions sont g\u00e9n\u00e9ralement l\u00e9galis\u00e9es aupr\u00e8s de notre notaire puis authentifi\u00e9es \u00e0 la <strong data-start=\"1248\" data-end=\"1264\">Chancellerie<\/strong> avec une <strong data-start=\"1274\" data-end=\"1287\">apostille<\/strong> ou une <strong data-start=\"1295\" data-end=\"1311\">l\u00e9galisation<\/strong>, selon les conventions. Les d\u00e9lais demand\u00e9s par nos clients sont souvent tr\u00e8s courts.<\/p>\n<p style=\"text-align: justify;\" data-start=\"1401\" data-end=\"1765\">C\u2019est pourquoi nous avons mis en place un syst\u00e8me permettant aux documents d\u2019\u00eatre traduits, l\u00e9galis\u00e9s et apostill\u00e9s <strong data-start=\"1517\" data-end=\"1539\">en un temps record<\/strong>. Par exemple, il nous faut <strong data-start=\"1569\" data-end=\"1583\">deux jours<\/strong> pour effectuer les diff\u00e9rentes \u00e9tapes avec un document de moins de 5 pages. Ces traductions peuvent ensuite \u00eatre l\u00e9galis\u00e9es par le consulat du pays de destination si n\u00e9cessaire.<\/p>\n<p style=\"text-align: justify;\" data-start=\"1767\" data-end=\"2151\">La traduction officielle pour la <strong data-start=\"1800\" data-end=\"1854\">reconnaissance de vos dipl\u00f4mes \u00e9trangers en France<\/strong> fait \u00e9galement partie de notre gamme de services. L\u00e0 encore, nous traduisons les documents puis les faisons l\u00e9galiser aupr\u00e8s de notre notaire afin qu\u2019ils puissent \u00eatre accept\u00e9s par les organismes concern\u00e9s. Votre dossier sera ainsi complet pour analyse par les organismes de reconnaissance.<\/p>\n<h3 data-start=\"2158\" data-end=\"2175\"><strong data-start=\"2162\" data-end=\"2175\">Langues :<\/strong><\/h3>\n<p style=\"text-align: justify;\" data-start=\"2177\" data-end=\"3018\">Afrikaans | Albanais | Allemand | Am\u00e9ricain | Amharique | Anglais | Arabe | Arm\u00e9nien | Aymara | Azerba\u00efdjanais | Basque | Bengali | Bi\u00e9lorusse | Birman | Bosniaque | Br\u00e9silien | Bulgare | Cantonais | Catalan | Cinghalais | Chinois | Chinois simplifi\u00e9 | Chinois traditionnel | Cor\u00e9en | Croate | Danois | Dari | Espagnol | Estonien | \u00c9w\u00e9 | Farsi | Finnois | G\u00e9orgien | Grec | Guarani | H\u00e9breu | Hindi | Hongrois | Indon\u00e9sien | Italien | Japonais | Kazakh | Khmer | Kirghize | Kurde | Lao | Letton | Lingala | Lituanien | Mac\u00e9donien | Malaisien | Malayalam | Mandarin | Moldave | Mongol | Mont\u00e9n\u00e9grin | N\u00e9erlandais | Norv\u00e9gien | Ourdou | Ouzbek | Pachtoune | Pendjabi | Persan | Peul | Polonais | Portugais | Quechua | Roumain | Russe | Serbe | Slovaque | Slov\u00e8ne | Su\u00e9dois | Tamoul | Tch\u00e8que | Tha\u00ef | Turc | Turkm\u00e8ne | Ukrainien | Vietnamien<\/p>\n<h3 data-start=\"3025\" data-end=\"3044\"><strong data-start=\"3029\" data-end=\"3044\">Documents :<\/strong><\/h3>\n<p style=\"text-align: justify;\" data-start=\"3046\" data-end=\"3432\">Acte de naissance | Acte de mariage | Acte d\u2019\u00e9tat civil | Attestation | Brevet | Casier judiciaire | Certificat | Certificat de c\u00e9libat | Acte de d\u00e9c\u00e8s | Livret de famille | Certificat de travail | D\u00e9claration fiscale | Dipl\u00f4me | Passeport | Permis de conduire | Testament | Visa | Contrat | Contrat de divorce | Contrat de mariage | Jugement | Proc\u00e9dure | Procuration | Proc\u00e8s-verbal<\/p>\n<p data-start=\"3439\" data-end=\"3500\">Pour toute autre langue, n\u2019h\u00e9sitez pas \u00e0 nous contacter.<\/p>\n<p data-start=\"3439\" data-end=\"3500\"><img loading=\"lazy\" decoding=\"async\" class=\"aligncenter wp-image-26 size-medium\" src=\"https:\/\/abc-office.ch\/wp-content\/uploads\/2018\/06\/imageedit_1_6241191614-300x300.gif\" alt=\"Traduction asserment\u00e9e France\" width=\"300\" height=\"300\" \/><\/p>\n","protected":false},"excerpt":{"rendered":"<p>Traduction asserment\u00e9e France Notre agence, ABC Translation, est sp\u00e9cialis\u00e9e depuis de nombreuses ann\u00e9es dans le domaine de la traduction asserment\u00e9e. En effet, nous pouvons vous fournir tous les services li\u00e9s \u00e0 ce domaine, qu\u2019il s\u2019agisse d\u2019une traduction officielle, d\u2019une simple traduction ou d\u2019un besoin d\u2019interpr\u00e9tation (traduction asserment\u00e9e France). Avec une \u00e9quipe de plus de 500&#8230;<\/p>\n","protected":false},"author":1,"featured_media":44482,"parent":225215,"menu_order":0,"comment_status":"closed","ping_status":"closed","template":"","meta":{"sfsi_plus_gutenberg_text_before_share":"","sfsi_plus_gutenberg_show_text_before_share":"","sfsi_plus_gutenberg_icon_type":"","sfsi_plus_gutenberg_icon_alignemt":"","sfsi_plus_gutenburg_max_per_row":"","footnotes":""},"class_list":["post-225217","page","type-page","status-publish","has-post-thumbnail","hentry"],"yoast_head":"<!-- This site is optimized with the Yoast SEO plugin v23.8 - https:\/\/yoast.com\/wordpress\/plugins\/seo\/ -->\n<title>Traduction asserment\u00e9e France | Traducteur asserment\u00e9 France<\/title>\n<meta name=\"description\" content=\"ABC Translation | Traduction asserment\u00e9e France | Traducteur asserment\u00e9 France | Traduction officielle France | Traducteur certifi\u00e9 France\" \/>\n<meta name=\"robots\" content=\"index, follow, max-snippet:-1, max-image-preview:large, max-video-preview:-1\" \/>\n<link rel=\"canonical\" href=\"https:\/\/abc-office.eu\/fr\/france\/traduction-assermentee-france\/\" \/>\n<meta property=\"og:locale\" content=\"fr_FR\" \/>\n<meta property=\"og:type\" content=\"article\" \/>\n<meta property=\"og:title\" content=\"Traduction asserment\u00e9e France | Traducteur asserment\u00e9 France\" \/>\n<meta property=\"og:description\" content=\"ABC Translation | Traduction asserment\u00e9e France | Traducteur asserment\u00e9 France | Traduction officielle France | Traducteur certifi\u00e9 France\" \/>\n<meta property=\"og:url\" content=\"https:\/\/abc-office.eu\/fr\/france\/traduction-assermentee-france\/\" \/>\n<meta property=\"og:site_name\" content=\"ABC Translation\" \/>\n<meta property=\"article:modified_time\" content=\"2025-10-10T08:05:41+00:00\" \/>\n<meta property=\"og:image\" content=\"https:\/\/abc-office.eu\/wp-content\/uploads\/2022\/09\/France.png\" \/>\n\t<meta property=\"og:image:width\" content=\"2560\" \/>\n\t<meta property=\"og:image:height\" content=\"1707\" \/>\n\t<meta property=\"og:image:type\" content=\"image\/png\" \/>\n<meta name=\"twitter:card\" content=\"summary_large_image\" \/>\n<meta name=\"twitter:label1\" content=\"Dur\u00e9e de lecture estim\u00e9e\" \/>\n\t<meta name=\"twitter:data1\" content=\"3 minutes\" \/>\n<script type=\"application\/ld+json\" class=\"yoast-schema-graph\">{\"@context\":\"https:\/\/schema.org\",\"@graph\":[{\"@type\":\"WebPage\",\"@id\":\"https:\/\/abc-office.eu\/fr\/france\/traduction-assermentee-france\/\",\"url\":\"https:\/\/abc-office.eu\/fr\/france\/traduction-assermentee-france\/\",\"name\":\"Traduction asserment\u00e9e France | Traducteur asserment\u00e9 France\",\"isPartOf\":{\"@id\":\"https:\/\/abc-office.eu\/fr\/#website\"},\"primaryImageOfPage\":{\"@id\":\"https:\/\/abc-office.eu\/fr\/france\/traduction-assermentee-france\/#primaryimage\"},\"image\":{\"@id\":\"https:\/\/abc-office.eu\/fr\/france\/traduction-assermentee-france\/#primaryimage\"},\"thumbnailUrl\":\"https:\/\/abc-office.eu\/wp-content\/uploads\/2022\/09\/France.png\",\"datePublished\":\"2022-09-28T12:04:48+00:00\",\"dateModified\":\"2025-10-10T08:05:41+00:00\",\"description\":\"ABC Translation | Traduction asserment\u00e9e France | Traducteur asserment\u00e9 France | Traduction officielle France | Traducteur certifi\u00e9 France\",\"breadcrumb\":{\"@id\":\"https:\/\/abc-office.eu\/fr\/france\/traduction-assermentee-france\/#breadcrumb\"},\"inLanguage\":\"fr-FR\",\"potentialAction\":[{\"@type\":\"ReadAction\",\"target\":[\"https:\/\/abc-office.eu\/fr\/france\/traduction-assermentee-france\/\"]}]},{\"@type\":\"ImageObject\",\"inLanguage\":\"fr-FR\",\"@id\":\"https:\/\/abc-office.eu\/fr\/france\/traduction-assermentee-france\/#primaryimage\",\"url\":\"https:\/\/abc-office.eu\/wp-content\/uploads\/2022\/09\/France.png\",\"contentUrl\":\"https:\/\/abc-office.eu\/wp-content\/uploads\/2022\/09\/France.png\",\"width\":2560,\"height\":1707},{\"@type\":\"BreadcrumbList\",\"@id\":\"https:\/\/abc-office.eu\/fr\/france\/traduction-assermentee-france\/#breadcrumb\",\"itemListElement\":[{\"@type\":\"ListItem\",\"position\":1,\"name\":\"Accueil\",\"item\":\"https:\/\/abc-office.eu\/fr\/\"},{\"@type\":\"ListItem\",\"position\":2,\"name\":\"France\",\"item\":\"https:\/\/abc-office.eu\/fr\/france\/\"},{\"@type\":\"ListItem\",\"position\":3,\"name\":\"Traduction asserment\u00e9e France\"}]},{\"@type\":\"WebSite\",\"@id\":\"https:\/\/abc-office.eu\/fr\/#website\",\"url\":\"https:\/\/abc-office.eu\/fr\/\",\"name\":\"ABC Translation\",\"description\":\"info@abc-office.eu\",\"potentialAction\":[{\"@type\":\"SearchAction\",\"target\":{\"@type\":\"EntryPoint\",\"urlTemplate\":\"https:\/\/abc-office.eu\/fr\/?s={search_term_string}\"},\"query-input\":{\"@type\":\"PropertyValueSpecification\",\"valueRequired\":true,\"valueName\":\"search_term_string\"}}],\"inLanguage\":\"fr-FR\"}]}<\/script>\n<!-- \/ Yoast SEO plugin. -->","yoast_head_json":{"title":"Traduction asserment\u00e9e France | Traducteur asserment\u00e9 France","description":"ABC Translation | Traduction asserment\u00e9e France | Traducteur asserment\u00e9 France | Traduction officielle France | Traducteur certifi\u00e9 France","robots":{"index":"index","follow":"follow","max-snippet":"max-snippet:-1","max-image-preview":"max-image-preview:large","max-video-preview":"max-video-preview:-1"},"canonical":"https:\/\/abc-office.eu\/fr\/france\/traduction-assermentee-france\/","og_locale":"fr_FR","og_type":"article","og_title":"Traduction asserment\u00e9e France | Traducteur asserment\u00e9 France","og_description":"ABC Translation | Traduction asserment\u00e9e France | Traducteur asserment\u00e9 France | Traduction officielle France | Traducteur certifi\u00e9 France","og_url":"https:\/\/abc-office.eu\/fr\/france\/traduction-assermentee-france\/","og_site_name":"ABC Translation","article_modified_time":"2025-10-10T08:05:41+00:00","og_image":[{"width":2560,"height":1707,"url":"https:\/\/abc-office.eu\/wp-content\/uploads\/2022\/09\/France.png","type":"image\/png"}],"twitter_card":"summary_large_image","twitter_misc":{"Dur\u00e9e de lecture estim\u00e9e":"3 minutes"},"schema":{"@context":"https:\/\/schema.org","@graph":[{"@type":"WebPage","@id":"https:\/\/abc-office.eu\/fr\/france\/traduction-assermentee-france\/","url":"https:\/\/abc-office.eu\/fr\/france\/traduction-assermentee-france\/","name":"Traduction asserment\u00e9e France | Traducteur asserment\u00e9 France","isPartOf":{"@id":"https:\/\/abc-office.eu\/fr\/#website"},"primaryImageOfPage":{"@id":"https:\/\/abc-office.eu\/fr\/france\/traduction-assermentee-france\/#primaryimage"},"image":{"@id":"https:\/\/abc-office.eu\/fr\/france\/traduction-assermentee-france\/#primaryimage"},"thumbnailUrl":"https:\/\/abc-office.eu\/wp-content\/uploads\/2022\/09\/France.png","datePublished":"2022-09-28T12:04:48+00:00","dateModified":"2025-10-10T08:05:41+00:00","description":"ABC Translation | Traduction asserment\u00e9e France | Traducteur asserment\u00e9 France | Traduction officielle France | Traducteur certifi\u00e9 France","breadcrumb":{"@id":"https:\/\/abc-office.eu\/fr\/france\/traduction-assermentee-france\/#breadcrumb"},"inLanguage":"fr-FR","potentialAction":[{"@type":"ReadAction","target":["https:\/\/abc-office.eu\/fr\/france\/traduction-assermentee-france\/"]}]},{"@type":"ImageObject","inLanguage":"fr-FR","@id":"https:\/\/abc-office.eu\/fr\/france\/traduction-assermentee-france\/#primaryimage","url":"https:\/\/abc-office.eu\/wp-content\/uploads\/2022\/09\/France.png","contentUrl":"https:\/\/abc-office.eu\/wp-content\/uploads\/2022\/09\/France.png","width":2560,"height":1707},{"@type":"BreadcrumbList","@id":"https:\/\/abc-office.eu\/fr\/france\/traduction-assermentee-france\/#breadcrumb","itemListElement":[{"@type":"ListItem","position":1,"name":"Accueil","item":"https:\/\/abc-office.eu\/fr\/"},{"@type":"ListItem","position":2,"name":"France","item":"https:\/\/abc-office.eu\/fr\/france\/"},{"@type":"ListItem","position":3,"name":"Traduction asserment\u00e9e France"}]},{"@type":"WebSite","@id":"https:\/\/abc-office.eu\/fr\/#website","url":"https:\/\/abc-office.eu\/fr\/","name":"ABC Translation","description":"info@abc-office.eu","potentialAction":[{"@type":"SearchAction","target":{"@type":"EntryPoint","urlTemplate":"https:\/\/abc-office.eu\/fr\/?s={search_term_string}"},"query-input":{"@type":"PropertyValueSpecification","valueRequired":true,"valueName":"search_term_string"}}],"inLanguage":"fr-FR"}]}},"_links":{"self":[{"href":"https:\/\/abc-office.eu\/fr\/wp-json\/wp\/v2\/pages\/225217","targetHints":{"allow":["GET"]}}],"collection":[{"href":"https:\/\/abc-office.eu\/fr\/wp-json\/wp\/v2\/pages"}],"about":[{"href":"https:\/\/abc-office.eu\/fr\/wp-json\/wp\/v2\/types\/page"}],"author":[{"embeddable":true,"href":"https:\/\/abc-office.eu\/fr\/wp-json\/wp\/v2\/users\/1"}],"replies":[{"embeddable":true,"href":"https:\/\/abc-office.eu\/fr\/wp-json\/wp\/v2\/comments?post=225217"}],"version-history":[{"count":1,"href":"https:\/\/abc-office.eu\/fr\/wp-json\/wp\/v2\/pages\/225217\/revisions"}],"predecessor-version":[{"id":225218,"href":"https:\/\/abc-office.eu\/fr\/wp-json\/wp\/v2\/pages\/225217\/revisions\/225218"}],"up":[{"embeddable":true,"href":"https:\/\/abc-office.eu\/fr\/wp-json\/wp\/v2\/pages\/225215"}],"wp:featuredmedia":[{"embeddable":true,"href":"https:\/\/abc-office.eu\/fr\/wp-json\/wp\/v2\/media\/44482"}],"wp:attachment":[{"href":"https:\/\/abc-office.eu\/fr\/wp-json\/wp\/v2\/media?parent=225217"}],"curies":[{"name":"wp","href":"https:\/\/api.w.org\/{rel}","templated":true}]}}