{"id":225215,"date":"2022-09-28T13:51:56","date_gmt":"2022-09-28T11:51:56","guid":{"rendered":"https:\/\/abc-office.eu\/?page_id=225215"},"modified":"2025-10-10T16:02:57","modified_gmt":"2025-10-10T14:02:57","slug":"france","status":"publish","type":"page","link":"https:\/\/abc-office.eu\/fr\/france\/","title":{"rendered":"France"},"content":{"rendered":"<h2 data-start=\"104\" data-end=\"117\"><strong data-start=\"107\" data-end=\"117\">France<\/strong><\/h2>\n<p style=\"text-align: justify;\" data-start=\"119\" data-end=\"520\">Notre agence de traduction et de l\u00e9galisation est sp\u00e9cialis\u00e9e dans les traductions certifi\u00e9es et asserment\u00e9es dans plus de 80 langues ainsi que dans les l\u00e9galisations. Notre \u00e9quipe bas\u00e9e en France peut traiter rapidement votre demande. Nous avons uniquement besoin de recevoir une copie des documents \u00e0 traduire (tous les formats sont accept\u00e9s). Les documents originaux ne sont plus requis (France).<\/p>\n<ol>\n<li style=\"text-align: justify;\">Dans un premier temps, vous pouvez utiliser notre adresse e-mail (<a href=\"mailto:info@abc-office.eu\">info@abc-office.eu<\/a>), le formulaire de contact, ou encore notre lien WhatsApp.<\/li>\n<li style=\"text-align: justify;\">Ensuite, veuillez pr\u00e9ciser la <a href=\"https:\/\/abc-office.eu\/fr\/traduction\/\">langue<\/a> dans laquelle vous souhaitez recevoir la traduction ainsi que si vous avez besoin que la traduction soit l\u00e9galis\u00e9e par le notaire et\/ou apostill\u00e9e (Chancellerie), ou encore si vous avez besoin d\u2019une l\u00e9galisation aupr\u00e8s d\u2019une ambassade ou d\u2019un consulat.<\/li>\n<li style=\"text-align: justify;\">Puis, l\u2019un de nos chefs de projet vous enverra rapidement un devis mentionnant le prix et le d\u00e9lai de r\u00e9alisation de ce projet. Nous r\u00e9pondons g\u00e9n\u00e9ralement dans les 30 minutes. Toutefois, merci de nous appeler si vous n\u2019avez pas re\u00e7u de r\u00e9ponse au-del\u00e0 d\u2019une heure.<\/li>\n<li style=\"text-align: justify;\">Enfin, et c\u2019est le plus important, une fois le devis accept\u00e9, nous lancerons le processus de traduction ou de l\u00e9galisation et nous vous enverrons les traductions certifi\u00e9es et\/ou les l\u00e9galisations par courrier postal. Si vous souhaitez \u00e9galement recevoir une copie de la traduction et de la l\u00e9galisation par e-mail, merci d\u2019en informer le chef de projet et nous vous l\u2019enverrons par e-mail avant l\u2019exp\u00e9dition des originaux.<\/li>\n<\/ol>\n<p style=\"text-align: justify;\" data-start=\"1649\" data-end=\"1984\"><strong>En termes de d\u00e9lais<\/strong>, les traductions certifi\u00e9es et\/ou les l\u00e9galisations sont envoy\u00e9es par courrier postal ou DHL et\/ou par e-mail <strong>sous 2 \u00e0 3 jours ouvrables<\/strong>. Cependant, cela d\u00e9pend aussi du volume et du niveau de difficult\u00e9 des documents. Par exemple, vous devriez recevoir un document d\u2019une page sous 2 jours ouvrables par courrier.<\/p>\n<h3 data-start=\"1986\" data-end=\"2872\">Voici une liste de nos principales langues :<\/h3>\n<p style=\"text-align: justify;\" data-start=\"1986\" data-end=\"2872\">Afrikaans | Albanais | Allemand | Am\u00e9ricain | Amharique | Anglais | Arabe | Arm\u00e9nien | Aymara | Azerba\u00efdjanais | Basque | Bengali | Bi\u00e9lorusse | Birman | Bosniaque | Br\u00e9silien | Bulgare | Cantonais | Catalan | Cinghalais | Chinois | Chinois simplifi\u00e9 | Chinois traditionnel | Cor\u00e9en | Croate | Danois | Dari | Espagnol | Estonien | \u00c9w\u00e9 | Farsi | Finnois | G\u00e9orgien | Grec | Guarani | H\u00e9breu | Hindi | Hongrois | Indon\u00e9sien | Italien | Japonais | Kazakh | Khmer | Kirghize | Kurde | Lao | Letton | Lingala | Lituanien | Mac\u00e9donien | Malaisien | Malayalam | Mandarin | Moldave | Mongol | Mont\u00e9n\u00e9grin | N\u00e9erlandais | Norv\u00e9gien | Ourdou | Ouzbek | Pachtoune | Pendjabi | Persan | Peul | Polonais | Portugais | Quechua | Roumain | Russe | Serbe | Slovaque | Slov\u00e8ne | Su\u00e9dois | Tamoul | Tch\u00e8que | Tha\u00ef | Turc | Turkm\u00e8ne | Ukrainien | Vietnamien<\/p>\n<h3 data-start=\"2874\" data-end=\"3307\">Voici une liste non exhaustive des documents :<\/h3>\n<p style=\"text-align: justify;\" data-start=\"2874\" data-end=\"3307\">Acte de naissance | Acte de mariage | Acte d\u2019\u00e9tat civil | Attestation | Brevet | Casier judiciaire | Certificat | Certificat de c\u00e9libat | Acte de d\u00e9c\u00e8s | Livret de famille | Certificat de travail | D\u00e9claration fiscale | Dipl\u00f4me | Passeport | Permis de conduire | Testament | Visa | Contrat | Contrat de divorce | Contrat de mariage | Jugement | Proc\u00e9dure | Procuration | Proc\u00e8s-verbal<\/p>\n<h3 data-start=\"3309\" data-end=\"3785\">Types courants de certifications\/l\u00e9galisations pour traductions (France) :<\/h3>\n<ul>\n<li data-start=\"3309\" data-end=\"3785\"><strong>Traduction certifi\u00e9e :<\/strong> nous fournissons la traduction avec notre cachet et notre signature.<\/li>\n<li data-start=\"3309\" data-end=\"3785\"><strong>Traduction asserment\u00e9e : <\/strong>nous fournissons des traductions asserment\u00e9es r\u00e9alis\u00e9es par un traducteur expert pr\u00e8s la Cour d\u2019appel.<\/li>\n<li data-start=\"3309\" data-end=\"3785\"><strong>Traduction l\u00e9galis\u00e9e :<\/strong> le notaire l\u00e9galise la signature du traducteur sur la traduction.<\/li>\n<li data-start=\"3309\" data-end=\"3785\"><strong>Traduction avec apostille :<\/strong> la chancellerie l\u00e9galise la signature du notaire.<\/li>\n<li data-start=\"3309\" data-end=\"3785\"><strong>Traduction l\u00e9galis\u00e9e par une ambassade ou un consulat :<\/strong> l\u2019ambassade ou le consulat l\u00e9galise la traduction pour une utilisation \u00e0 l\u2019\u00e9tranger.<\/li>\n<\/ul>\n<h3 data-start=\"3787\" data-end=\"5198\">Types courants de l\u00e9galisations pour usage officiel (France) :<\/h3>\n<ul>\n<li data-start=\"3787\" data-end=\"5198\">L\u00e9galisation par apostille : les pays signataires de la Convention de La Haye reconnaissent la valeur d\u2019un document sans le visa d\u2019un consulat ou d\u2019une ambassade, \u00e0 condition qu\u2019il porte l\u2019apostille.<\/li>\n<li data-start=\"3787\" data-end=\"5198\">L\u00e9galisation par une ambassade ou un consulat : pour que des documents soient valables dans certains pays, comme la Chine, ils doivent \u00eatre l\u00e9galis\u00e9s aupr\u00e8s de l\u2019ambassade ou du consulat. Tous les documents doivent d\u2019abord \u00eatre l\u00e9galis\u00e9s par un notaire et la chancellerie\/pr\u00e9fecture avant que l\u2019ambassade ou le consulat puisse y apposer leur l\u00e9galisation.<\/li>\n<li data-start=\"3787\" data-end=\"5198\">Copie certifi\u00e9e conforme : \u00e9galement appel\u00e9e Vidimus ou Brevet, il s\u2019agit d\u2019une copie dont la conformit\u00e9 avec l\u2019original est reconnue par un notaire. Lorsque les documents originaux ont \u00e9t\u00e9 d\u00e9livr\u00e9s par des autorit\u00e9s \u00e9trang\u00e8res, certaines institutions exigent des copies certifi\u00e9es par notaire. Il en est de m\u00eame pour les documents destin\u00e9s \u00e0 l\u2019\u00e9tranger.<\/li>\n<li data-start=\"3787\" data-end=\"5198\">Visa : un visa est une l\u00e9galisation effectu\u00e9e sur une copie de l\u2019original. Dans le cas o\u00f9 vous ne seriez pas en possession de l\u2019original, nous pouvons tout de m\u00eame l\u00e9galiser la copie.<\/li>\n<li data-start=\"3787\" data-end=\"5198\">L\u00e9galisation de signature : en l\u00e9galisant une signature, le notaire atteste de son authenticit\u00e9 : la signature figurant au bas d\u2019un document est bien celle de la personne d\u00e9clarant l\u2019avoir sign\u00e9e. Cela est principalement utilis\u00e9 pour <strong>les procurations<\/strong>.<\/li>\n<\/ul>\n<p style=\"text-align: justify;\" data-start=\"5200\" data-end=\"5526\">Gr\u00e2ce \u00e0 la certification ad\u00e9quate, vos traductions et l\u00e9galisations seront accept\u00e9es en France et \u00e0 l\u2019\u00e9tranger. Pour toute question concernant le type de certification ou de l\u00e9galisation dont vous avez besoin pour vos documents, n\u2019h\u00e9sitez pas \u00e0 contacter notre \u00e9quipe. Nous vous guiderons tout au long du processus (France).<\/p>\n<p style=\"text-align: justify;\" data-start=\"5528\" data-end=\"5576\">Nous nous r\u00e9jouissons de collaborer avec vous.<\/p>\n<p data-start=\"5578\" data-end=\"5603\"><a href=\"https:\/\/abc-office.eu\/fr\/\"><strong data-start=\"5578\" data-end=\"5601\">ABC Translation LLC<\/strong><\/a><\/p>\n<p data-start=\"5578\" data-end=\"5603\"><img loading=\"lazy\" decoding=\"async\" class=\"aligncenter wp-image-271\" src=\"https:\/\/abc-office.ch\/wp-content\/uploads\/2018\/06\/imageedit_1_6241191614.gif\" alt=\"France\" width=\"437\" height=\"437\" \/><\/p>\n","protected":false},"excerpt":{"rendered":"<p>France Notre agence de traduction et de l\u00e9galisation est sp\u00e9cialis\u00e9e dans les traductions certifi\u00e9es et asserment\u00e9es dans plus de 80 langues ainsi que dans les l\u00e9galisations. Notre \u00e9quipe bas\u00e9e en France peut traiter rapidement votre demande. Nous avons uniquement besoin de recevoir une copie des documents \u00e0 traduire (tous les formats sont accept\u00e9s). Les documents&#8230;<\/p>\n","protected":false},"author":1,"featured_media":44482,"parent":0,"menu_order":0,"comment_status":"closed","ping_status":"closed","template":"","meta":{"sfsi_plus_gutenberg_text_before_share":"","sfsi_plus_gutenberg_show_text_before_share":"","sfsi_plus_gutenberg_icon_type":"","sfsi_plus_gutenberg_icon_alignemt":"","sfsi_plus_gutenburg_max_per_row":"","footnotes":""},"class_list":["post-225215","page","type-page","status-publish","has-post-thumbnail","hentry"],"yoast_head":"<!-- This site is optimized with the Yoast SEO plugin v23.8 - https:\/\/yoast.com\/wordpress\/plugins\/seo\/ -->\n<title>Traduction certifi\u00e9e France | Traducteur asserment\u00e9 France | L\u00e9gal<\/title>\n<meta name=\"description\" content=\"ABC Translation | Traduction certifi\u00e9e France | Traducteur asserment\u00e9 France | L\u00e9galisation par notaire | Apostille | Consulat | Ambassade\" \/>\n<meta name=\"robots\" content=\"index, follow, max-snippet:-1, max-image-preview:large, max-video-preview:-1\" \/>\n<link rel=\"canonical\" href=\"https:\/\/abc-office.eu\/fr\/france\/\" \/>\n<meta property=\"og:locale\" content=\"fr_FR\" \/>\n<meta property=\"og:type\" content=\"article\" \/>\n<meta property=\"og:title\" content=\"Traduction certifi\u00e9e France | Traducteur asserment\u00e9 France | L\u00e9gal\" \/>\n<meta property=\"og:description\" content=\"ABC Translation | Traduction certifi\u00e9e France | Traducteur asserment\u00e9 France | L\u00e9galisation par notaire | Apostille | Consulat | Ambassade\" \/>\n<meta property=\"og:url\" content=\"https:\/\/abc-office.eu\/fr\/france\/\" \/>\n<meta property=\"og:site_name\" content=\"ABC Translation\" \/>\n<meta property=\"article:modified_time\" content=\"2025-10-10T14:02:57+00:00\" \/>\n<meta property=\"og:image\" content=\"https:\/\/abc-office.eu\/wp-content\/uploads\/2022\/09\/France.png\" \/>\n\t<meta property=\"og:image:width\" content=\"2560\" \/>\n\t<meta property=\"og:image:height\" content=\"1707\" \/>\n\t<meta property=\"og:image:type\" content=\"image\/png\" \/>\n<meta name=\"twitter:card\" content=\"summary_large_image\" \/>\n<meta name=\"twitter:label1\" content=\"Dur\u00e9e de lecture estim\u00e9e\" \/>\n\t<meta name=\"twitter:data1\" content=\"5 minutes\" \/>\n<script type=\"application\/ld+json\" class=\"yoast-schema-graph\">{\"@context\":\"https:\/\/schema.org\",\"@graph\":[{\"@type\":\"WebPage\",\"@id\":\"https:\/\/abc-office.eu\/fr\/france\/\",\"url\":\"https:\/\/abc-office.eu\/fr\/france\/\",\"name\":\"Traduction certifi\u00e9e France | Traducteur asserment\u00e9 France | L\u00e9gal\",\"isPartOf\":{\"@id\":\"https:\/\/abc-office.eu\/fr\/#website\"},\"primaryImageOfPage\":{\"@id\":\"https:\/\/abc-office.eu\/fr\/france\/#primaryimage\"},\"image\":{\"@id\":\"https:\/\/abc-office.eu\/fr\/france\/#primaryimage\"},\"thumbnailUrl\":\"https:\/\/abc-office.eu\/wp-content\/uploads\/2022\/09\/France.png\",\"datePublished\":\"2022-09-28T11:51:56+00:00\",\"dateModified\":\"2025-10-10T14:02:57+00:00\",\"description\":\"ABC Translation | Traduction certifi\u00e9e France | Traducteur asserment\u00e9 France | L\u00e9galisation par notaire | Apostille | Consulat | Ambassade\",\"breadcrumb\":{\"@id\":\"https:\/\/abc-office.eu\/fr\/france\/#breadcrumb\"},\"inLanguage\":\"fr-FR\",\"potentialAction\":[{\"@type\":\"ReadAction\",\"target\":[\"https:\/\/abc-office.eu\/fr\/france\/\"]}]},{\"@type\":\"ImageObject\",\"inLanguage\":\"fr-FR\",\"@id\":\"https:\/\/abc-office.eu\/fr\/france\/#primaryimage\",\"url\":\"https:\/\/abc-office.eu\/wp-content\/uploads\/2022\/09\/France.png\",\"contentUrl\":\"https:\/\/abc-office.eu\/wp-content\/uploads\/2022\/09\/France.png\",\"width\":2560,\"height\":1707},{\"@type\":\"BreadcrumbList\",\"@id\":\"https:\/\/abc-office.eu\/fr\/france\/#breadcrumb\",\"itemListElement\":[{\"@type\":\"ListItem\",\"position\":1,\"name\":\"Accueil\",\"item\":\"https:\/\/abc-office.eu\/fr\/\"},{\"@type\":\"ListItem\",\"position\":2,\"name\":\"France\"}]},{\"@type\":\"WebSite\",\"@id\":\"https:\/\/abc-office.eu\/fr\/#website\",\"url\":\"https:\/\/abc-office.eu\/fr\/\",\"name\":\"ABC Translation\",\"description\":\"info@abc-office.eu\",\"potentialAction\":[{\"@type\":\"SearchAction\",\"target\":{\"@type\":\"EntryPoint\",\"urlTemplate\":\"https:\/\/abc-office.eu\/fr\/?s={search_term_string}\"},\"query-input\":{\"@type\":\"PropertyValueSpecification\",\"valueRequired\":true,\"valueName\":\"search_term_string\"}}],\"inLanguage\":\"fr-FR\"}]}<\/script>\n<!-- \/ Yoast SEO plugin. -->","yoast_head_json":{"title":"Traduction certifi\u00e9e France | Traducteur asserment\u00e9 France | L\u00e9gal","description":"ABC Translation | Traduction certifi\u00e9e France | Traducteur asserment\u00e9 France | L\u00e9galisation par notaire | Apostille | Consulat | Ambassade","robots":{"index":"index","follow":"follow","max-snippet":"max-snippet:-1","max-image-preview":"max-image-preview:large","max-video-preview":"max-video-preview:-1"},"canonical":"https:\/\/abc-office.eu\/fr\/france\/","og_locale":"fr_FR","og_type":"article","og_title":"Traduction certifi\u00e9e France | Traducteur asserment\u00e9 France | L\u00e9gal","og_description":"ABC Translation | Traduction certifi\u00e9e France | Traducteur asserment\u00e9 France | L\u00e9galisation par notaire | Apostille | Consulat | Ambassade","og_url":"https:\/\/abc-office.eu\/fr\/france\/","og_site_name":"ABC Translation","article_modified_time":"2025-10-10T14:02:57+00:00","og_image":[{"width":2560,"height":1707,"url":"https:\/\/abc-office.eu\/wp-content\/uploads\/2022\/09\/France.png","type":"image\/png"}],"twitter_card":"summary_large_image","twitter_misc":{"Dur\u00e9e de lecture estim\u00e9e":"5 minutes"},"schema":{"@context":"https:\/\/schema.org","@graph":[{"@type":"WebPage","@id":"https:\/\/abc-office.eu\/fr\/france\/","url":"https:\/\/abc-office.eu\/fr\/france\/","name":"Traduction certifi\u00e9e France | Traducteur asserment\u00e9 France | L\u00e9gal","isPartOf":{"@id":"https:\/\/abc-office.eu\/fr\/#website"},"primaryImageOfPage":{"@id":"https:\/\/abc-office.eu\/fr\/france\/#primaryimage"},"image":{"@id":"https:\/\/abc-office.eu\/fr\/france\/#primaryimage"},"thumbnailUrl":"https:\/\/abc-office.eu\/wp-content\/uploads\/2022\/09\/France.png","datePublished":"2022-09-28T11:51:56+00:00","dateModified":"2025-10-10T14:02:57+00:00","description":"ABC Translation | Traduction certifi\u00e9e France | Traducteur asserment\u00e9 France | L\u00e9galisation par notaire | Apostille | Consulat | Ambassade","breadcrumb":{"@id":"https:\/\/abc-office.eu\/fr\/france\/#breadcrumb"},"inLanguage":"fr-FR","potentialAction":[{"@type":"ReadAction","target":["https:\/\/abc-office.eu\/fr\/france\/"]}]},{"@type":"ImageObject","inLanguage":"fr-FR","@id":"https:\/\/abc-office.eu\/fr\/france\/#primaryimage","url":"https:\/\/abc-office.eu\/wp-content\/uploads\/2022\/09\/France.png","contentUrl":"https:\/\/abc-office.eu\/wp-content\/uploads\/2022\/09\/France.png","width":2560,"height":1707},{"@type":"BreadcrumbList","@id":"https:\/\/abc-office.eu\/fr\/france\/#breadcrumb","itemListElement":[{"@type":"ListItem","position":1,"name":"Accueil","item":"https:\/\/abc-office.eu\/fr\/"},{"@type":"ListItem","position":2,"name":"France"}]},{"@type":"WebSite","@id":"https:\/\/abc-office.eu\/fr\/#website","url":"https:\/\/abc-office.eu\/fr\/","name":"ABC Translation","description":"info@abc-office.eu","potentialAction":[{"@type":"SearchAction","target":{"@type":"EntryPoint","urlTemplate":"https:\/\/abc-office.eu\/fr\/?s={search_term_string}"},"query-input":{"@type":"PropertyValueSpecification","valueRequired":true,"valueName":"search_term_string"}}],"inLanguage":"fr-FR"}]}},"_links":{"self":[{"href":"https:\/\/abc-office.eu\/fr\/wp-json\/wp\/v2\/pages\/225215","targetHints":{"allow":["GET"]}}],"collection":[{"href":"https:\/\/abc-office.eu\/fr\/wp-json\/wp\/v2\/pages"}],"about":[{"href":"https:\/\/abc-office.eu\/fr\/wp-json\/wp\/v2\/types\/page"}],"author":[{"embeddable":true,"href":"https:\/\/abc-office.eu\/fr\/wp-json\/wp\/v2\/users\/1"}],"replies":[{"embeddable":true,"href":"https:\/\/abc-office.eu\/fr\/wp-json\/wp\/v2\/comments?post=225215"}],"version-history":[{"count":3,"href":"https:\/\/abc-office.eu\/fr\/wp-json\/wp\/v2\/pages\/225215\/revisions"}],"predecessor-version":[{"id":225257,"href":"https:\/\/abc-office.eu\/fr\/wp-json\/wp\/v2\/pages\/225215\/revisions\/225257"}],"wp:featuredmedia":[{"embeddable":true,"href":"https:\/\/abc-office.eu\/fr\/wp-json\/wp\/v2\/media\/44482"}],"wp:attachment":[{"href":"https:\/\/abc-office.eu\/fr\/wp-json\/wp\/v2\/media?parent=225215"}],"curies":[{"name":"wp","href":"https:\/\/api.w.org\/{rel}","templated":true}]}}