{"id":225207,"date":"2022-04-25T10:26:44","date_gmt":"2022-04-25T08:26:44","guid":{"rendered":"https:\/\/abc-office.eu\/?page_id=225207"},"modified":"2025-10-10T08:37:45","modified_gmt":"2025-10-10T06:37:45","slug":"contact","status":"publish","type":"page","link":"https:\/\/abc-office.eu\/fr\/contact\/","title":{"rendered":"Contact"},"content":{"rendered":"<h2 data-start=\"76\" data-end=\"144\"><strong data-start=\"79\" data-end=\"142\">Contact \u2013 vos agences de traduction dans l\u2019Union europ\u00e9enne<\/strong><\/h2>\n<h5 data-start=\"145\" data-end=\"177\"><strong data-start=\"145\" data-end=\"175\">Email : <a class=\"decorated-link cursor-pointer\" href=\"mailto:info@abc-office.eu\" rel=\"noopener\" data-start=\"155\" data-end=\"173\">info@abc-office.eu<\/a><\/strong><\/h5>\n<h3 data-start=\"179\" data-end=\"204\"><strong data-start=\"183\" data-end=\"202\">ABC Translation<\/strong><\/h3>\n<p style=\"text-align: justify;\" data-start=\"206\" data-end=\"447\">Nos traducteurs et relecteurs, bas\u00e9s dans l\u2019Union europ\u00e9enne, sont tous titulaires d\u2019un Master en traduction. Ils sont sp\u00e9cialis\u00e9s dans diff\u00e9rents domaines tels que le marketing, l\u2019\u00e9conomie, la politique, le droit et la m\u00e9decine. Pour une demande rapide, veuillez remplir le formulaire situ\u00e9 \u00e0 droite de votre \u00e9cran. Ensuite, notre \u00e9quipe vous enverra un devis indiquant le co\u00fbt ainsi que le d\u00e9lai de r\u00e9alisation de la traduction. Notre offre comprend la traduction du texte ainsi qu\u2019une relecture effectu\u00e9e par un autre traducteur, afin de garantir la qualit\u00e9 de la traduction.<br data-start=\"805\" data-end=\"808\" \/>Une fois le texte traduit et relu, nous vous le renvoyons par e-mail ou par courrier postal dans le cas d\u2019une traduction certifi\u00e9e.<\/p>\n<p style=\"text-align: justify;\" data-start=\"948\" data-end=\"1288\">La qualit\u00e9 du travail doit \u00eatre irr\u00e9prochable en mati\u00e8re de traduction. Gr\u00e2ce \u00e0 nos principaux atouts \u2013 pr\u00e9cision, efficacit\u00e9 et ponctualit\u00e9 \u2013 nous collaborons chaque jour avec un grand nombre d\u2019entreprises et de particuliers. Nous nous chargeons de la traduction de sites web, de documents officiels et de textes sp\u00e9cialis\u00e9s.<\/p>\n<p style=\"text-align: justify;\" data-start=\"1295\" data-end=\"1601\">Nous \u00e9tablissons notre grille tarifaire selon un syst\u00e8me pr\u00e9cis utilis\u00e9 dans l\u2019Union europ\u00e9enne.Cette association a \u00e9t\u00e9 cr\u00e9\u00e9e afin de mettre en place un syst\u00e8me de tarification qui prend en compte la difficult\u00e9 du texte source. Le prix peut \u00eatre calcul\u00e9 au mot ou par ligne de 55 caract\u00e8res. Ce syst\u00e8me permet une transparence totale vis-\u00e0-vis du client et d\u2019\u00e9tablir des devis justes.Nous travaillons aussi bien avec des entreprises qu\u2019avec des particuliers dans toute l\u2019Union europ\u00e9enne.<\/p>\n<p><img loading=\"lazy\" decoding=\"async\" class=\"aligncenter wp-image-28719\" src=\"https:\/\/abc-office.eu\/wp-content\/uploads\/2017\/02\/second_image-300x200.jpg\" alt=\"Contact\" width=\"619\" height=\"413\" srcset=\"https:\/\/abc-office.eu\/wp-content\/uploads\/2017\/02\/second_image-300x200.jpg 300w, https:\/\/abc-office.eu\/wp-content\/uploads\/2017\/02\/second_image-1024x682.jpg 1024w, https:\/\/abc-office.eu\/wp-content\/uploads\/2017\/02\/second_image-768x512.jpg 768w, https:\/\/abc-office.eu\/wp-content\/uploads\/2017\/02\/second_image-1080x720.jpg 1080w, https:\/\/abc-office.eu\/wp-content\/uploads\/2017\/02\/second_image-1280x853.jpg 1280w, https:\/\/abc-office.eu\/wp-content\/uploads\/2017\/02\/second_image-980x653.jpg 980w, https:\/\/abc-office.eu\/wp-content\/uploads\/2017\/02\/second_image-480x320.jpg 480w, https:\/\/abc-office.eu\/wp-content\/uploads\/2017\/02\/second_image.jpg 1400w\" sizes=\"auto, (max-width: 619px) 100vw, 619px\" \/><\/p>\n","protected":false},"excerpt":{"rendered":"<p>Contact \u2013 vos agences de traduction dans l\u2019Union europ\u00e9enne Email : info@abc-office.eu ABC Translation Nos traducteurs et relecteurs, bas\u00e9s dans l\u2019Union europ\u00e9enne, sont tous titulaires d\u2019un Master en traduction. Ils sont sp\u00e9cialis\u00e9s dans diff\u00e9rents domaines tels que le marketing, l\u2019\u00e9conomie, la politique, le droit et la m\u00e9decine. Pour une demande rapide, veuillez remplir le formulaire&#8230;<\/p>\n","protected":false},"author":1,"featured_media":29127,"parent":0,"menu_order":0,"comment_status":"closed","ping_status":"closed","template":"","meta":{"sfsi_plus_gutenberg_text_before_share":"","sfsi_plus_gutenberg_show_text_before_share":"","sfsi_plus_gutenberg_icon_type":"","sfsi_plus_gutenberg_icon_alignemt":"","sfsi_plus_gutenburg_max_per_row":"","footnotes":""},"class_list":["post-225207","page","type-page","status-publish","has-post-thumbnail","hentry"],"yoast_head":"<!-- This site is optimized with the Yoast SEO plugin v23.8 - https:\/\/yoast.com\/wordpress\/plugins\/seo\/ -->\n<title>Contact traduction | Traducteur | Union europ\u00e9enne | Royaume-Uni<\/title>\n<meta name=\"description\" content=\"ABC Translation : Contact | Traduction de sites web | Traduction de documents officiels | Traduction sp\u00e9cialis\u00e9e | Union europ\u00e9enne\" \/>\n<meta name=\"robots\" content=\"index, follow, max-snippet:-1, max-image-preview:large, max-video-preview:-1\" \/>\n<link rel=\"canonical\" href=\"https:\/\/abc-office.eu\/fr\/contact\/\" \/>\n<meta property=\"og:locale\" content=\"fr_FR\" \/>\n<meta property=\"og:type\" content=\"article\" \/>\n<meta property=\"og:title\" content=\"Contact traduction | Traducteur | Union europ\u00e9enne | Royaume-Uni\" \/>\n<meta property=\"og:description\" content=\"ABC Translation : Contact | Traduction de sites web | Traduction de documents officiels | Traduction sp\u00e9cialis\u00e9e | Union europ\u00e9enne\" \/>\n<meta property=\"og:url\" content=\"https:\/\/abc-office.eu\/fr\/contact\/\" \/>\n<meta property=\"og:site_name\" content=\"ABC Translation\" \/>\n<meta property=\"article:modified_time\" content=\"2025-10-10T06:37:45+00:00\" \/>\n<meta property=\"og:image\" content=\"https:\/\/abc-office.eu\/wp-content\/uploads\/2022\/04\/Flag_of_Europe-2.png\" \/>\n\t<meta property=\"og:image:width\" content=\"2560\" \/>\n\t<meta property=\"og:image:height\" content=\"1707\" \/>\n\t<meta property=\"og:image:type\" content=\"image\/png\" \/>\n<meta name=\"twitter:card\" content=\"summary_large_image\" \/>\n<meta name=\"twitter:label1\" content=\"Dur\u00e9e de lecture estim\u00e9e\" \/>\n\t<meta name=\"twitter:data1\" content=\"2 minutes\" \/>\n<script type=\"application\/ld+json\" class=\"yoast-schema-graph\">{\"@context\":\"https:\/\/schema.org\",\"@graph\":[{\"@type\":\"WebPage\",\"@id\":\"https:\/\/abc-office.eu\/fr\/contact\/\",\"url\":\"https:\/\/abc-office.eu\/fr\/contact\/\",\"name\":\"Contact traduction | Traducteur | Union europ\u00e9enne | Royaume-Uni\",\"isPartOf\":{\"@id\":\"https:\/\/abc-office.eu\/fr\/#website\"},\"primaryImageOfPage\":{\"@id\":\"https:\/\/abc-office.eu\/fr\/contact\/#primaryimage\"},\"image\":{\"@id\":\"https:\/\/abc-office.eu\/fr\/contact\/#primaryimage\"},\"thumbnailUrl\":\"https:\/\/abc-office.eu\/wp-content\/uploads\/2022\/04\/Flag_of_Europe-2.png\",\"datePublished\":\"2022-04-25T08:26:44+00:00\",\"dateModified\":\"2025-10-10T06:37:45+00:00\",\"description\":\"ABC Translation : Contact | Traduction de sites web | Traduction de documents officiels | Traduction sp\u00e9cialis\u00e9e | Union europ\u00e9enne\",\"breadcrumb\":{\"@id\":\"https:\/\/abc-office.eu\/fr\/contact\/#breadcrumb\"},\"inLanguage\":\"fr-FR\",\"potentialAction\":[{\"@type\":\"ReadAction\",\"target\":[\"https:\/\/abc-office.eu\/fr\/contact\/\"]}]},{\"@type\":\"ImageObject\",\"inLanguage\":\"fr-FR\",\"@id\":\"https:\/\/abc-office.eu\/fr\/contact\/#primaryimage\",\"url\":\"https:\/\/abc-office.eu\/wp-content\/uploads\/2022\/04\/Flag_of_Europe-2.png\",\"contentUrl\":\"https:\/\/abc-office.eu\/wp-content\/uploads\/2022\/04\/Flag_of_Europe-2.png\",\"width\":2560,\"height\":1707},{\"@type\":\"BreadcrumbList\",\"@id\":\"https:\/\/abc-office.eu\/fr\/contact\/#breadcrumb\",\"itemListElement\":[{\"@type\":\"ListItem\",\"position\":1,\"name\":\"Accueil\",\"item\":\"https:\/\/abc-office.eu\/fr\/\"},{\"@type\":\"ListItem\",\"position\":2,\"name\":\"Contact\"}]},{\"@type\":\"WebSite\",\"@id\":\"https:\/\/abc-office.eu\/fr\/#website\",\"url\":\"https:\/\/abc-office.eu\/fr\/\",\"name\":\"ABC Translation\",\"description\":\"info@abc-office.eu\",\"potentialAction\":[{\"@type\":\"SearchAction\",\"target\":{\"@type\":\"EntryPoint\",\"urlTemplate\":\"https:\/\/abc-office.eu\/fr\/?s={search_term_string}\"},\"query-input\":{\"@type\":\"PropertyValueSpecification\",\"valueRequired\":true,\"valueName\":\"search_term_string\"}}],\"inLanguage\":\"fr-FR\"}]}<\/script>\n<!-- \/ Yoast SEO plugin. -->","yoast_head_json":{"title":"Contact traduction | Traducteur | Union europ\u00e9enne | Royaume-Uni","description":"ABC Translation : Contact | Traduction de sites web | Traduction de documents officiels | Traduction sp\u00e9cialis\u00e9e | Union europ\u00e9enne","robots":{"index":"index","follow":"follow","max-snippet":"max-snippet:-1","max-image-preview":"max-image-preview:large","max-video-preview":"max-video-preview:-1"},"canonical":"https:\/\/abc-office.eu\/fr\/contact\/","og_locale":"fr_FR","og_type":"article","og_title":"Contact traduction | Traducteur | Union europ\u00e9enne | Royaume-Uni","og_description":"ABC Translation : Contact | Traduction de sites web | Traduction de documents officiels | Traduction sp\u00e9cialis\u00e9e | Union europ\u00e9enne","og_url":"https:\/\/abc-office.eu\/fr\/contact\/","og_site_name":"ABC Translation","article_modified_time":"2025-10-10T06:37:45+00:00","og_image":[{"width":2560,"height":1707,"url":"https:\/\/abc-office.eu\/wp-content\/uploads\/2022\/04\/Flag_of_Europe-2.png","type":"image\/png"}],"twitter_card":"summary_large_image","twitter_misc":{"Dur\u00e9e de lecture estim\u00e9e":"2 minutes"},"schema":{"@context":"https:\/\/schema.org","@graph":[{"@type":"WebPage","@id":"https:\/\/abc-office.eu\/fr\/contact\/","url":"https:\/\/abc-office.eu\/fr\/contact\/","name":"Contact traduction | Traducteur | Union europ\u00e9enne | Royaume-Uni","isPartOf":{"@id":"https:\/\/abc-office.eu\/fr\/#website"},"primaryImageOfPage":{"@id":"https:\/\/abc-office.eu\/fr\/contact\/#primaryimage"},"image":{"@id":"https:\/\/abc-office.eu\/fr\/contact\/#primaryimage"},"thumbnailUrl":"https:\/\/abc-office.eu\/wp-content\/uploads\/2022\/04\/Flag_of_Europe-2.png","datePublished":"2022-04-25T08:26:44+00:00","dateModified":"2025-10-10T06:37:45+00:00","description":"ABC Translation : Contact | Traduction de sites web | Traduction de documents officiels | Traduction sp\u00e9cialis\u00e9e | Union europ\u00e9enne","breadcrumb":{"@id":"https:\/\/abc-office.eu\/fr\/contact\/#breadcrumb"},"inLanguage":"fr-FR","potentialAction":[{"@type":"ReadAction","target":["https:\/\/abc-office.eu\/fr\/contact\/"]}]},{"@type":"ImageObject","inLanguage":"fr-FR","@id":"https:\/\/abc-office.eu\/fr\/contact\/#primaryimage","url":"https:\/\/abc-office.eu\/wp-content\/uploads\/2022\/04\/Flag_of_Europe-2.png","contentUrl":"https:\/\/abc-office.eu\/wp-content\/uploads\/2022\/04\/Flag_of_Europe-2.png","width":2560,"height":1707},{"@type":"BreadcrumbList","@id":"https:\/\/abc-office.eu\/fr\/contact\/#breadcrumb","itemListElement":[{"@type":"ListItem","position":1,"name":"Accueil","item":"https:\/\/abc-office.eu\/fr\/"},{"@type":"ListItem","position":2,"name":"Contact"}]},{"@type":"WebSite","@id":"https:\/\/abc-office.eu\/fr\/#website","url":"https:\/\/abc-office.eu\/fr\/","name":"ABC Translation","description":"info@abc-office.eu","potentialAction":[{"@type":"SearchAction","target":{"@type":"EntryPoint","urlTemplate":"https:\/\/abc-office.eu\/fr\/?s={search_term_string}"},"query-input":{"@type":"PropertyValueSpecification","valueRequired":true,"valueName":"search_term_string"}}],"inLanguage":"fr-FR"}]}},"_links":{"self":[{"href":"https:\/\/abc-office.eu\/fr\/wp-json\/wp\/v2\/pages\/225207","targetHints":{"allow":["GET"]}}],"collection":[{"href":"https:\/\/abc-office.eu\/fr\/wp-json\/wp\/v2\/pages"}],"about":[{"href":"https:\/\/abc-office.eu\/fr\/wp-json\/wp\/v2\/types\/page"}],"author":[{"embeddable":true,"href":"https:\/\/abc-office.eu\/fr\/wp-json\/wp\/v2\/users\/1"}],"replies":[{"embeddable":true,"href":"https:\/\/abc-office.eu\/fr\/wp-json\/wp\/v2\/comments?post=225207"}],"version-history":[{"count":1,"href":"https:\/\/abc-office.eu\/fr\/wp-json\/wp\/v2\/pages\/225207\/revisions"}],"predecessor-version":[{"id":225208,"href":"https:\/\/abc-office.eu\/fr\/wp-json\/wp\/v2\/pages\/225207\/revisions\/225208"}],"wp:featuredmedia":[{"embeddable":true,"href":"https:\/\/abc-office.eu\/fr\/wp-json\/wp\/v2\/media\/29127"}],"wp:attachment":[{"href":"https:\/\/abc-office.eu\/fr\/wp-json\/wp\/v2\/media?parent=225207"}],"curies":[{"name":"wp","href":"https:\/\/api.w.org\/{rel}","templated":true}]}}