{"id":225205,"date":"2022-04-25T09:58:57","date_gmt":"2022-04-25T07:58:57","guid":{"rendered":"https:\/\/abc-office.eu\/?page_id=225205"},"modified":"2025-10-10T08:23:08","modified_gmt":"2025-10-10T06:23:08","slug":"droit","status":"publish","type":"page","link":"https:\/\/abc-office.eu\/fr\/droit\/","title":{"rendered":"Droit"},"content":{"rendered":"<h2 data-start=\"109\" data-end=\"121\"><strong data-start=\"112\" data-end=\"121\">Droit<\/strong><\/h2>\n<p style=\"text-align: justify;\" data-start=\"123\" data-end=\"450\">Notre soci\u00e9t\u00e9, <strong data-start=\"138\" data-end=\"157\">ABC Translation<\/strong>, est sp\u00e9cialis\u00e9e dans plusieurs domaines qui concernent tr\u00e8s souvent le droit de l\u2019Union europ\u00e9enne et le droit international. Nous travaillons quotidiennement avec des notaires, des avocats et des juristes. Nous pouvons r\u00e9pondre \u00e0 tous vos besoins juridiques dans toute l\u2019Union europ\u00e9enne.<\/p>\n<h3 data-start=\"457\" data-end=\"474\"><strong data-start=\"461\" data-end=\"474\">Notaire :<\/strong><\/h3>\n<p style=\"text-align: justify;\" data-start=\"476\" data-end=\"977\">Nous travaillons en partenariat avec un notaire afin de vous conseiller et de vous offrir des services de qualit\u00e9 pour la r\u00e9daction et la l\u00e9galisation de tous vos documents.<br data-start=\"649\" data-end=\"652\" \/>Nous sommes sp\u00e9cialis\u00e9s dans des domaines tr\u00e8s sp\u00e9cifiques tels que le <strong data-start=\"723\" data-end=\"774\">droit de la famille et de la propri\u00e9t\u00e9 fonci\u00e8re<\/strong>, la <strong data-start=\"779\" data-end=\"804\">gestion de patrimoine<\/strong>, le <strong data-start=\"809\" data-end=\"850\">droit des soci\u00e9t\u00e9s et des entreprises<\/strong>, les dossiers concernant les <strong data-start=\"880\" data-end=\"926\">clients internationaux ou transfrontaliers<\/strong>, les <strong data-start=\"932\" data-end=\"948\">procurations<\/strong> et l\u2019<strong data-start=\"954\" data-end=\"974\">authentification<\/strong>.<\/p>\n<h3 data-start=\"984\" data-end=\"1011\"><strong data-start=\"988\" data-end=\"1011\">Cabinet d\u2019avocats (droit) :<\/strong><\/h3>\n<p style=\"text-align: justify;\" data-start=\"1013\" data-end=\"1954\">Notre cabinet regroupe des avocats ayant travaill\u00e9 dans des banques, des multinationales, des fiduciaires internationales et des cabinets juridiques dans l\u2019Union europ\u00e9enne et \u00e0 l\u2019\u00e9tranger.<br data-start=\"1202\" data-end=\"1205\" \/>Ils sont sp\u00e9cialis\u00e9s dans les domaines suivants : travail, licenciement, bail, charges, r\u00e9vision, cong\u00e9s, expulsion, contrats internes et internationaux, transactions, distribution, vente, franchise, concurrence, soci\u00e9t\u00e9s, fonds de commerce, cessions, famille, divorces, successions, testaments, indivision, partage, \u00e9quilibre, immobilier, copropri\u00e9t\u00e9, construction, expertise, fusions et acquisitions (M&amp;A), garanties de passif, p\u00e9nal, commercial, faux, escroquerie, ABS, banque, pr\u00eat, opposition, assurance, recouvrement, ex\u00e9cution, dommages et int\u00e9r\u00eats, caution, saisies, garantie \u00e0 premi\u00e8re demande, informatique, internet, sites, licences, responsabilit\u00e9, d\u00e9ontologie, professions, entreprises en difficult\u00e9, liquidation, et droit public.<\/p>\n<h3 data-start=\"1961\" data-end=\"1990\"><strong data-start=\"1965\" data-end=\"1990\">Juriste :<\/strong><\/h3>\n<p style=\"text-align: justify;\" data-start=\"1992\" data-end=\"2555\">Les juristes de notre \u00e9quipe sont consult\u00e9s quotidiennement pour toutes les questions relatives au droit (commercial, fiscal, environnemental, etc.).<br data-start=\"2145\" data-end=\"2148\" \/>Au stade pr\u00e9ventif, ils conseillent par exemple lors de la r\u00e9daction et de la n\u00e9gociation de contrats.<br data-start=\"2250\" data-end=\"2253\" \/>Ils interviennent \u00e0 titre curatif en cas de litige, m\u00eame s\u2019ils ne repr\u00e9sentent pas les clients en justice, n\u2019\u00e9tant pas membres du barreau.<br data-start=\"2395\" data-end=\"2398\" \/>Enfin, ils garantissent la l\u00e9galit\u00e9 des diff\u00e9rentes proc\u00e9dures de d\u00e9cision au sein de l\u2019entreprise, par exemple en pr\u00e9parant les conseils d\u2019administration.<\/p>\n<h3 data-start=\"2562\" data-end=\"2589\"><strong data-start=\"2566\" data-end=\"2589\">Conseil juridique :<\/strong><\/h3>\n<p style=\"text-align: justify;\" data-start=\"2591\" data-end=\"2871\">Le conseil juridique de notre cabinet permet \u00e0 toute personne, quels que soient ses revenus, de recevoir des conseils et informations.<br data-start=\"2729\" data-end=\"2732\" \/>Ils sont dispens\u00e9s par les avocats et juristes de notre d\u00e9partement juridique, et sont anonymes, confidentiels et accessibles \u00e0 tous.<\/p>\n<p data-start=\"2591\" data-end=\"2871\"><img loading=\"lazy\" decoding=\"async\" class=\"aligncenter wp-image-141\" src=\"https:\/\/abc-office.ch\/wp-content\/uploads\/2018\/06\/Droit11-300x225.jpg\" alt=\"Droit\" width=\"383\" height=\"287\" \/><\/p>\n","protected":false},"excerpt":{"rendered":"<p>Droit Notre soci\u00e9t\u00e9, ABC Translation, est sp\u00e9cialis\u00e9e dans plusieurs domaines qui concernent tr\u00e8s souvent le droit de l\u2019Union europ\u00e9enne et le droit international. Nous travaillons quotidiennement avec des notaires, des avocats et des juristes. Nous pouvons r\u00e9pondre \u00e0 tous vos besoins juridiques dans toute l\u2019Union europ\u00e9enne. Notaire : Nous travaillons en partenariat avec un notaire&#8230;<\/p>\n","protected":false},"author":1,"featured_media":29112,"parent":0,"menu_order":0,"comment_status":"closed","ping_status":"closed","template":"","meta":{"sfsi_plus_gutenberg_text_before_share":"","sfsi_plus_gutenberg_show_text_before_share":"","sfsi_plus_gutenberg_icon_type":"","sfsi_plus_gutenberg_icon_alignemt":"","sfsi_plus_gutenburg_max_per_row":"","footnotes":""},"class_list":["post-225205","page","type-page","status-publish","has-post-thumbnail","hentry"],"yoast_head":"<!-- This site is optimized with the Yoast SEO plugin v23.8 - https:\/\/yoast.com\/wordpress\/plugins\/seo\/ -->\n<title>Droit | ABC Translation | Notaire | Cabinet d\u2019avocats | Juriste<\/title>\n<meta name=\"description\" content=\"ABC Translation | Droit | Notaire | Cabinet d\u2019avocats | Juriste | Conseil juridique | Union europ\u00e9enne et international | Foncier | Famille\" \/>\n<meta name=\"robots\" content=\"index, follow, max-snippet:-1, max-image-preview:large, max-video-preview:-1\" \/>\n<link rel=\"canonical\" href=\"https:\/\/abc-office.eu\/fr\/droit\/\" \/>\n<meta property=\"og:locale\" content=\"fr_FR\" \/>\n<meta property=\"og:type\" content=\"article\" \/>\n<meta property=\"og:title\" content=\"Droit | ABC Translation | Notaire | Cabinet d\u2019avocats | Juriste\" \/>\n<meta property=\"og:description\" content=\"ABC Translation | Droit | Notaire | Cabinet d\u2019avocats | Juriste | Conseil juridique | Union europ\u00e9enne et international | Foncier | Famille\" \/>\n<meta property=\"og:url\" content=\"https:\/\/abc-office.eu\/fr\/droit\/\" \/>\n<meta property=\"og:site_name\" content=\"ABC Translation\" \/>\n<meta property=\"article:modified_time\" content=\"2025-10-10T06:23:08+00:00\" \/>\n<meta property=\"og:image\" content=\"https:\/\/abc-office.eu\/wp-content\/uploads\/2022\/04\/Droit1.jpg\" \/>\n\t<meta property=\"og:image:width\" content=\"805\" \/>\n\t<meta property=\"og:image:height\" content=\"453\" \/>\n\t<meta property=\"og:image:type\" content=\"image\/jpeg\" \/>\n<meta name=\"twitter:card\" content=\"summary_large_image\" \/>\n<meta name=\"twitter:label1\" content=\"Dur\u00e9e de lecture estim\u00e9e\" \/>\n\t<meta name=\"twitter:data1\" content=\"2 minutes\" \/>\n<script type=\"application\/ld+json\" class=\"yoast-schema-graph\">{\"@context\":\"https:\/\/schema.org\",\"@graph\":[{\"@type\":\"WebPage\",\"@id\":\"https:\/\/abc-office.eu\/fr\/droit\/\",\"url\":\"https:\/\/abc-office.eu\/fr\/droit\/\",\"name\":\"Droit | ABC Translation | Notaire | Cabinet d\u2019avocats | Juriste\",\"isPartOf\":{\"@id\":\"https:\/\/abc-office.eu\/fr\/#website\"},\"primaryImageOfPage\":{\"@id\":\"https:\/\/abc-office.eu\/fr\/droit\/#primaryimage\"},\"image\":{\"@id\":\"https:\/\/abc-office.eu\/fr\/droit\/#primaryimage\"},\"thumbnailUrl\":\"https:\/\/abc-office.eu\/wp-content\/uploads\/2022\/04\/Droit1.jpg\",\"datePublished\":\"2022-04-25T07:58:57+00:00\",\"dateModified\":\"2025-10-10T06:23:08+00:00\",\"description\":\"ABC Translation | Droit | Notaire | Cabinet d\u2019avocats | Juriste | Conseil juridique | Union europ\u00e9enne et international | Foncier | Famille\",\"breadcrumb\":{\"@id\":\"https:\/\/abc-office.eu\/fr\/droit\/#breadcrumb\"},\"inLanguage\":\"fr-FR\",\"potentialAction\":[{\"@type\":\"ReadAction\",\"target\":[\"https:\/\/abc-office.eu\/fr\/droit\/\"]}]},{\"@type\":\"ImageObject\",\"inLanguage\":\"fr-FR\",\"@id\":\"https:\/\/abc-office.eu\/fr\/droit\/#primaryimage\",\"url\":\"https:\/\/abc-office.eu\/wp-content\/uploads\/2022\/04\/Droit1.jpg\",\"contentUrl\":\"https:\/\/abc-office.eu\/wp-content\/uploads\/2022\/04\/Droit1.jpg\",\"width\":805,\"height\":453},{\"@type\":\"BreadcrumbList\",\"@id\":\"https:\/\/abc-office.eu\/fr\/droit\/#breadcrumb\",\"itemListElement\":[{\"@type\":\"ListItem\",\"position\":1,\"name\":\"Accueil\",\"item\":\"https:\/\/abc-office.eu\/fr\/\"},{\"@type\":\"ListItem\",\"position\":2,\"name\":\"Droit\"}]},{\"@type\":\"WebSite\",\"@id\":\"https:\/\/abc-office.eu\/fr\/#website\",\"url\":\"https:\/\/abc-office.eu\/fr\/\",\"name\":\"ABC Translation\",\"description\":\"info@abc-office.eu\",\"potentialAction\":[{\"@type\":\"SearchAction\",\"target\":{\"@type\":\"EntryPoint\",\"urlTemplate\":\"https:\/\/abc-office.eu\/fr\/?s={search_term_string}\"},\"query-input\":{\"@type\":\"PropertyValueSpecification\",\"valueRequired\":true,\"valueName\":\"search_term_string\"}}],\"inLanguage\":\"fr-FR\"}]}<\/script>\n<!-- \/ Yoast SEO plugin. -->","yoast_head_json":{"title":"Droit | ABC Translation | Notaire | Cabinet d\u2019avocats | Juriste","description":"ABC Translation | Droit | Notaire | Cabinet d\u2019avocats | Juriste | Conseil juridique | Union europ\u00e9enne et international | Foncier | Famille","robots":{"index":"index","follow":"follow","max-snippet":"max-snippet:-1","max-image-preview":"max-image-preview:large","max-video-preview":"max-video-preview:-1"},"canonical":"https:\/\/abc-office.eu\/fr\/droit\/","og_locale":"fr_FR","og_type":"article","og_title":"Droit | ABC Translation | Notaire | Cabinet d\u2019avocats | Juriste","og_description":"ABC Translation | Droit | Notaire | Cabinet d\u2019avocats | Juriste | Conseil juridique | Union europ\u00e9enne et international | Foncier | Famille","og_url":"https:\/\/abc-office.eu\/fr\/droit\/","og_site_name":"ABC Translation","article_modified_time":"2025-10-10T06:23:08+00:00","og_image":[{"width":805,"height":453,"url":"https:\/\/abc-office.eu\/wp-content\/uploads\/2022\/04\/Droit1.jpg","type":"image\/jpeg"}],"twitter_card":"summary_large_image","twitter_misc":{"Dur\u00e9e de lecture estim\u00e9e":"2 minutes"},"schema":{"@context":"https:\/\/schema.org","@graph":[{"@type":"WebPage","@id":"https:\/\/abc-office.eu\/fr\/droit\/","url":"https:\/\/abc-office.eu\/fr\/droit\/","name":"Droit | ABC Translation | Notaire | Cabinet d\u2019avocats | Juriste","isPartOf":{"@id":"https:\/\/abc-office.eu\/fr\/#website"},"primaryImageOfPage":{"@id":"https:\/\/abc-office.eu\/fr\/droit\/#primaryimage"},"image":{"@id":"https:\/\/abc-office.eu\/fr\/droit\/#primaryimage"},"thumbnailUrl":"https:\/\/abc-office.eu\/wp-content\/uploads\/2022\/04\/Droit1.jpg","datePublished":"2022-04-25T07:58:57+00:00","dateModified":"2025-10-10T06:23:08+00:00","description":"ABC Translation | Droit | Notaire | Cabinet d\u2019avocats | Juriste | Conseil juridique | Union europ\u00e9enne et international | Foncier | Famille","breadcrumb":{"@id":"https:\/\/abc-office.eu\/fr\/droit\/#breadcrumb"},"inLanguage":"fr-FR","potentialAction":[{"@type":"ReadAction","target":["https:\/\/abc-office.eu\/fr\/droit\/"]}]},{"@type":"ImageObject","inLanguage":"fr-FR","@id":"https:\/\/abc-office.eu\/fr\/droit\/#primaryimage","url":"https:\/\/abc-office.eu\/wp-content\/uploads\/2022\/04\/Droit1.jpg","contentUrl":"https:\/\/abc-office.eu\/wp-content\/uploads\/2022\/04\/Droit1.jpg","width":805,"height":453},{"@type":"BreadcrumbList","@id":"https:\/\/abc-office.eu\/fr\/droit\/#breadcrumb","itemListElement":[{"@type":"ListItem","position":1,"name":"Accueil","item":"https:\/\/abc-office.eu\/fr\/"},{"@type":"ListItem","position":2,"name":"Droit"}]},{"@type":"WebSite","@id":"https:\/\/abc-office.eu\/fr\/#website","url":"https:\/\/abc-office.eu\/fr\/","name":"ABC Translation","description":"info@abc-office.eu","potentialAction":[{"@type":"SearchAction","target":{"@type":"EntryPoint","urlTemplate":"https:\/\/abc-office.eu\/fr\/?s={search_term_string}"},"query-input":{"@type":"PropertyValueSpecification","valueRequired":true,"valueName":"search_term_string"}}],"inLanguage":"fr-FR"}]}},"_links":{"self":[{"href":"https:\/\/abc-office.eu\/fr\/wp-json\/wp\/v2\/pages\/225205","targetHints":{"allow":["GET"]}}],"collection":[{"href":"https:\/\/abc-office.eu\/fr\/wp-json\/wp\/v2\/pages"}],"about":[{"href":"https:\/\/abc-office.eu\/fr\/wp-json\/wp\/v2\/types\/page"}],"author":[{"embeddable":true,"href":"https:\/\/abc-office.eu\/fr\/wp-json\/wp\/v2\/users\/1"}],"replies":[{"embeddable":true,"href":"https:\/\/abc-office.eu\/fr\/wp-json\/wp\/v2\/comments?post=225205"}],"version-history":[{"count":1,"href":"https:\/\/abc-office.eu\/fr\/wp-json\/wp\/v2\/pages\/225205\/revisions"}],"predecessor-version":[{"id":225206,"href":"https:\/\/abc-office.eu\/fr\/wp-json\/wp\/v2\/pages\/225205\/revisions\/225206"}],"wp:featuredmedia":[{"embeddable":true,"href":"https:\/\/abc-office.eu\/fr\/wp-json\/wp\/v2\/media\/29112"}],"wp:attachment":[{"href":"https:\/\/abc-office.eu\/fr\/wp-json\/wp\/v2\/media?parent=225205"}],"curies":[{"name":"wp","href":"https:\/\/api.w.org\/{rel}","templated":true}]}}