{"id":225203,"date":"2017-02-16T09:16:01","date_gmt":"2017-02-16T08:16:01","guid":{"rendered":"https:\/\/abc-office.eu\/?page_id=225203"},"modified":"2025-10-10T08:16:24","modified_gmt":"2025-10-10T06:16:24","slug":"immobilier","status":"publish","type":"page","link":"https:\/\/abc-office.eu\/fr\/immobilier\/","title":{"rendered":"Immobilier"},"content":{"rendered":"<h2 data-start=\"102\" data-end=\"119\"><strong data-start=\"105\" data-end=\"119\">Immobilier<\/strong><\/h2>\n<p style=\"text-align: justify;\" data-start=\"121\" data-end=\"546\">Notre agence immobili\u00e8re, <strong data-start=\"147\" data-end=\"166\">ABC Translation<\/strong>, a commenc\u00e9 en 2017 par l\u2019acquisition d\u2019un appartement de 5,5 pi\u00e8ces en Suisse afin d\u2019en faire une r\u00e9sidence pour \u00e9tudiants internationaux. En effet, avec l\u2019Universit\u00e9 de Lausanne et l\u2019EPFL \u00e0 proximit\u00e9, la r\u00e9sidence a rencontr\u00e9 un succ\u00e8s imm\u00e9diat d\u00e8s son ouverture en septembre 2017. Les 4 chambres ont \u00e9t\u00e9 lou\u00e9es en quelques jours et notre d\u00e9partement immobilier est ainsi n\u00e9.<\/p>\n<p style=\"text-align: justify;\" data-start=\"548\" data-end=\"750\">Depuis cette premi\u00e8re exp\u00e9rience, nous n\u2019avons cess\u00e9 de cro\u00eetre et nous sommes d\u00e9sormais en mesure de g\u00e9rer l\u2019achat, la vente, la location et la gestion de vos biens en Suisse mais aussi \u00e0 l\u2019\u00e9tranger.<\/p>\n<h3 data-start=\"757\" data-end=\"772\"><strong data-start=\"761\" data-end=\"772\">Achat :<\/strong><\/h3>\n<p style=\"text-align: justify;\" data-start=\"774\" data-end=\"1243\">Acheter un bien immobilier est une d\u00e9cision extr\u00eamement importante qui influencera votre avenir pendant plusieurs ann\u00e9es. Une telle d\u00e9cision ne doit pas \u00eatre prise \u00e0 la l\u00e9g\u00e8re.<br data-start=\"950\" data-end=\"953\" \/>C\u2019est pourquoi il est essentiel de choisir le bon partenaire, capable de vous conseiller sur plusieurs points cruciaux tels que l\u2019\u00e9tat du bien, le calcul hypoth\u00e9caire et la viabilit\u00e9 de l\u2019investissement \u00e0 long terme.<br data-start=\"1169\" data-end=\"1172\" \/>Une bonne analyse de la situation garantit un achat sain et s\u00e9curis\u00e9.<\/p>\n<h3 data-start=\"1250\" data-end=\"1265\"><strong data-start=\"1254\" data-end=\"1265\">Vente :<\/strong><\/h3>\n<p style=\"text-align: justify;\" data-start=\"1267\" data-end=\"1773\">Le march\u00e9 immobilier en Suisse n\u2019a cess\u00e9 de se d\u00e9velopper, avec des prix en constante augmentation. Nous sommes arriv\u00e9s \u00e0 un moment d\u00e9cisif o\u00f9 l\u2019offre d\u00e9passe la demande, ce qui rend la vente de votre bien plus difficile compte tenu de la quantit\u00e9 de logements disponibles.<br data-start=\"1540\" data-end=\"1543\" \/>En faisant appel \u00e0 un expert, vous augmentez vos chances de vendre votre bien plus rapidement et au prix souhait\u00e9.<br data-start=\"1657\" data-end=\"1660\" \/>Profitez de notre r\u00e9seau \u00e0 travers toute la Suisse et \u00e0 l\u2019international pour maximiser vos chances de r\u00e9ussite.<\/p>\n<h3 data-start=\"1780\" data-end=\"1798\"><strong data-start=\"1784\" data-end=\"1798\">Location :<\/strong><\/h3>\n<p style=\"text-align: justify;\" data-start=\"1800\" data-end=\"2265\">Louer son bien peut sembler simple, mais il existe plusieurs pi\u00e8ges \u00e0 \u00e9viter lorsque vous souhaitez louer votre appartement, maison ou m\u00eame une chambre.<br data-start=\"1952\" data-end=\"1955\" \/>Un dossier complet doit \u00eatre constitu\u00e9 avant de pouvoir envisager un locataire potentiel, avec par exemple un extrait des poursuites et les trois derni\u00e8res fiches de salaire.<br data-start=\"2129\" data-end=\"2132\" \/>Ensuite, la garantie doit \u00eatre vers\u00e9e par virement bancaire ou par le biais d\u2019une garantie de loyer avec une compagnie d\u2019assurance.<\/p>\n<h3 data-start=\"2272\" data-end=\"2301\"><strong data-start=\"2276\" data-end=\"2301\">Logements \u00e9tudiants :<\/strong><\/h3>\n<p style=\"text-align: justify;\" data-start=\"2303\" data-end=\"2699\">Nous disposons de plusieurs <a href=\"http:\/\/student-housing.ch\">logements \u00e9tudiants<\/a> disponibles pour de courtes ou longues dur\u00e9es.<br data-start=\"2397\" data-end=\"2400\" \/>La plupart de nos logements sont situ\u00e9s \u00e0 proximit\u00e9 de l\u2019Universit\u00e9 de Lausanne, de l\u2019EPFL, de l\u2019ECAL et de l\u2019EHL.<br data-start=\"2514\" data-end=\"2517\" \/>Les plus demand\u00e9s sont les chambres en colocation et les studios.<br data-start=\"2582\" data-end=\"2585\" \/>Il est recommand\u00e9 de planifier \u00e0 l\u2019avance afin de s\u2019assurer d\u2019obtenir un logement pour la rentr\u00e9e universitaire.<\/p>\n<h3 data-start=\"2706\" data-end=\"2751\"><strong data-start=\"2710\" data-end=\"2751\">Chasseur d\u2019appartement (immobilier) :<\/strong><\/h3>\n<p style=\"text-align: justify;\" data-start=\"2753\" data-end=\"3133\">Vous avez des difficult\u00e9s \u00e0 trouver un logement correspondant \u00e0 vos crit\u00e8res ou \u00e0 trouver un appartement \u00e0 louer ?<br data-start=\"2867\" data-end=\"2870\" \/>Nos chasseurs d\u2019appartements sont \u00e0 votre disposition pour vous aider \u00e0 trouver un bien dans les meilleurs d\u00e9lais.<br data-start=\"2984\" data-end=\"2987\" \/>Gr\u00e2ce \u00e0 notre r\u00e9seau et \u00e0 notre professionnalisme, nous trouverons pour vous un logement le plus rapidement possible et conforme \u00e0 vos crit\u00e8res.<\/p>\n<h3 data-start=\"3140\" data-end=\"3162\"><strong data-start=\"3144\" data-end=\"3162\">Home Staging :<\/strong><\/h3>\n<p style=\"text-align: justify;\" data-start=\"3164\" data-end=\"3514\">Vous avez du mal \u00e0 vendre votre bien ?<br data-start=\"3202\" data-end=\"3205\" \/>Dans ce cas, vous pouvez faire appel \u00e0 notre \u00e9quipe de <strong data-start=\"3260\" data-end=\"3276\">Home Staging<\/strong>, sp\u00e9cialis\u00e9e dans la mise en valeur d\u2019appartements et de maisons afin d\u2019en faciliter la vente.<br data-start=\"3371\" data-end=\"3374\" \/>Ce syst\u00e8me a d\u00e9j\u00e0 fait ses preuves pour les biens n\u00e9cessitant une r\u00e9novation rapide ou quelques modifications afin de faire la diff\u00e9rence.<\/p>\n<h3 data-start=\"3521\" data-end=\"3562\"><strong data-start=\"3525\" data-end=\"3562\">Estimation de prix (immobilier) :<\/strong><\/h3>\n<p style=\"text-align: justify;\" data-start=\"3564\" data-end=\"3861\">La bonne \u00e9valuation d\u2019un bien par rapport au prix du march\u00e9 est cruciale pour r\u00e9ussir une vente au bon prix.<br data-start=\"3672\" data-end=\"3675\" \/>Gr\u00e2ce \u00e0 des crit\u00e8res tels que l\u2019ann\u00e9e de construction et la localisation, nous serons en mesure d\u2019estimer votre bien au plus proche de sa valeur r\u00e9elle sur le march\u00e9 immobilier actuel.<\/p>\n<p style=\"text-align: justify;\" data-start=\"3868\" data-end=\"3937\"><a href=\"https:\/\/www.instagram.com\/dr_immo\/?hl=fr\"><img loading=\"lazy\" decoding=\"async\" class=\"aligncenter wp-image-109\" src=\"https:\/\/abc-office.ch\/wp-content\/uploads\/2018\/06\/Dr_Immo.jpg\" alt=\"Immobilier\" width=\"222\" height=\"222\" \/><\/a><\/p>\n","protected":false},"excerpt":{"rendered":"<p>Immobilier Notre agence immobili\u00e8re, ABC Translation, a commenc\u00e9 en 2017 par l\u2019acquisition d\u2019un appartement de 5,5 pi\u00e8ces en Suisse afin d\u2019en faire une r\u00e9sidence pour \u00e9tudiants internationaux. En effet, avec l\u2019Universit\u00e9 de Lausanne et l\u2019EPFL \u00e0 proximit\u00e9, la r\u00e9sidence a rencontr\u00e9 un succ\u00e8s imm\u00e9diat d\u00e8s son ouverture en septembre 2017. Les 4 chambres ont \u00e9t\u00e9&#8230;<\/p>\n","protected":false},"author":1,"featured_media":29097,"parent":0,"menu_order":0,"comment_status":"closed","ping_status":"closed","template":"","meta":{"sfsi_plus_gutenberg_text_before_share":"","sfsi_plus_gutenberg_show_text_before_share":"","sfsi_plus_gutenberg_icon_type":"","sfsi_plus_gutenberg_icon_alignemt":"","sfsi_plus_gutenburg_max_per_row":"","footnotes":""},"class_list":["post-225203","page","type-page","status-publish","has-post-thumbnail","hentry"],"yoast_head":"<!-- This site is optimized with the Yoast SEO plugin v23.8 - https:\/\/yoast.com\/wordpress\/plugins\/seo\/ -->\n<title>Immobilier | ABC Translation | Acheter | Vendre | Louer | \u00e9tudiants<\/title>\n<meta name=\"description\" content=\"ABC Translation | Immobilier | Acheter | Vendre | Louer | Mettre en location | Logements \u00e9tudiants | Home Staging | Agence immobili\u00e8re\" \/>\n<meta name=\"robots\" content=\"index, follow, max-snippet:-1, max-image-preview:large, max-video-preview:-1\" \/>\n<link rel=\"canonical\" href=\"https:\/\/abc-office.eu\/fr\/immobilier\/\" \/>\n<meta property=\"og:locale\" content=\"fr_FR\" \/>\n<meta property=\"og:type\" content=\"article\" \/>\n<meta property=\"og:title\" content=\"Immobilier | ABC Translation | Acheter | Vendre | Louer | \u00e9tudiants\" \/>\n<meta property=\"og:description\" content=\"ABC Translation | Immobilier | Acheter | Vendre | Louer | Mettre en location | Logements \u00e9tudiants | Home Staging | Agence immobili\u00e8re\" \/>\n<meta property=\"og:url\" content=\"https:\/\/abc-office.eu\/fr\/immobilier\/\" \/>\n<meta property=\"og:site_name\" content=\"ABC Translation\" \/>\n<meta property=\"article:modified_time\" content=\"2025-10-10T06:16:24+00:00\" \/>\n<meta property=\"og:image\" content=\"https:\/\/abc-office.eu\/wp-content\/uploads\/2022\/04\/Immo.jpg\" \/>\n\t<meta property=\"og:image:width\" content=\"1500\" \/>\n\t<meta property=\"og:image:height\" content=\"1001\" \/>\n\t<meta property=\"og:image:type\" content=\"image\/jpeg\" \/>\n<meta name=\"twitter:card\" content=\"summary_large_image\" \/>\n<meta name=\"twitter:label1\" content=\"Dur\u00e9e de lecture estim\u00e9e\" \/>\n\t<meta name=\"twitter:data1\" content=\"3 minutes\" \/>\n<script type=\"application\/ld+json\" class=\"yoast-schema-graph\">{\"@context\":\"https:\/\/schema.org\",\"@graph\":[{\"@type\":\"WebPage\",\"@id\":\"https:\/\/abc-office.eu\/fr\/immobilier\/\",\"url\":\"https:\/\/abc-office.eu\/fr\/immobilier\/\",\"name\":\"Immobilier | ABC Translation | Acheter | Vendre | Louer | \u00e9tudiants\",\"isPartOf\":{\"@id\":\"https:\/\/abc-office.eu\/fr\/#website\"},\"primaryImageOfPage\":{\"@id\":\"https:\/\/abc-office.eu\/fr\/immobilier\/#primaryimage\"},\"image\":{\"@id\":\"https:\/\/abc-office.eu\/fr\/immobilier\/#primaryimage\"},\"thumbnailUrl\":\"https:\/\/abc-office.eu\/wp-content\/uploads\/2022\/04\/Immo.jpg\",\"datePublished\":\"2017-02-16T08:16:01+00:00\",\"dateModified\":\"2025-10-10T06:16:24+00:00\",\"description\":\"ABC Translation | Immobilier | Acheter | Vendre | Louer | Mettre en location | Logements \u00e9tudiants | Home Staging | Agence immobili\u00e8re\",\"breadcrumb\":{\"@id\":\"https:\/\/abc-office.eu\/fr\/immobilier\/#breadcrumb\"},\"inLanguage\":\"fr-FR\",\"potentialAction\":[{\"@type\":\"ReadAction\",\"target\":[\"https:\/\/abc-office.eu\/fr\/immobilier\/\"]}]},{\"@type\":\"ImageObject\",\"inLanguage\":\"fr-FR\",\"@id\":\"https:\/\/abc-office.eu\/fr\/immobilier\/#primaryimage\",\"url\":\"https:\/\/abc-office.eu\/wp-content\/uploads\/2022\/04\/Immo.jpg\",\"contentUrl\":\"https:\/\/abc-office.eu\/wp-content\/uploads\/2022\/04\/Immo.jpg\",\"width\":1500,\"height\":1001},{\"@type\":\"BreadcrumbList\",\"@id\":\"https:\/\/abc-office.eu\/fr\/immobilier\/#breadcrumb\",\"itemListElement\":[{\"@type\":\"ListItem\",\"position\":1,\"name\":\"Accueil\",\"item\":\"https:\/\/abc-office.eu\/fr\/\"},{\"@type\":\"ListItem\",\"position\":2,\"name\":\"Immobilier\"}]},{\"@type\":\"WebSite\",\"@id\":\"https:\/\/abc-office.eu\/fr\/#website\",\"url\":\"https:\/\/abc-office.eu\/fr\/\",\"name\":\"ABC Translation\",\"description\":\"info@abc-office.eu\",\"potentialAction\":[{\"@type\":\"SearchAction\",\"target\":{\"@type\":\"EntryPoint\",\"urlTemplate\":\"https:\/\/abc-office.eu\/fr\/?s={search_term_string}\"},\"query-input\":{\"@type\":\"PropertyValueSpecification\",\"valueRequired\":true,\"valueName\":\"search_term_string\"}}],\"inLanguage\":\"fr-FR\"}]}<\/script>\n<!-- \/ Yoast SEO plugin. -->","yoast_head_json":{"title":"Immobilier | ABC Translation | Acheter | Vendre | Louer | \u00e9tudiants","description":"ABC Translation | Immobilier | Acheter | Vendre | Louer | Mettre en location | Logements \u00e9tudiants | Home Staging | Agence immobili\u00e8re","robots":{"index":"index","follow":"follow","max-snippet":"max-snippet:-1","max-image-preview":"max-image-preview:large","max-video-preview":"max-video-preview:-1"},"canonical":"https:\/\/abc-office.eu\/fr\/immobilier\/","og_locale":"fr_FR","og_type":"article","og_title":"Immobilier | ABC Translation | Acheter | Vendre | Louer | \u00e9tudiants","og_description":"ABC Translation | Immobilier | Acheter | Vendre | Louer | Mettre en location | Logements \u00e9tudiants | Home Staging | Agence immobili\u00e8re","og_url":"https:\/\/abc-office.eu\/fr\/immobilier\/","og_site_name":"ABC Translation","article_modified_time":"2025-10-10T06:16:24+00:00","og_image":[{"width":1500,"height":1001,"url":"https:\/\/abc-office.eu\/wp-content\/uploads\/2022\/04\/Immo.jpg","type":"image\/jpeg"}],"twitter_card":"summary_large_image","twitter_misc":{"Dur\u00e9e de lecture estim\u00e9e":"3 minutes"},"schema":{"@context":"https:\/\/schema.org","@graph":[{"@type":"WebPage","@id":"https:\/\/abc-office.eu\/fr\/immobilier\/","url":"https:\/\/abc-office.eu\/fr\/immobilier\/","name":"Immobilier | ABC Translation | Acheter | Vendre | Louer | \u00e9tudiants","isPartOf":{"@id":"https:\/\/abc-office.eu\/fr\/#website"},"primaryImageOfPage":{"@id":"https:\/\/abc-office.eu\/fr\/immobilier\/#primaryimage"},"image":{"@id":"https:\/\/abc-office.eu\/fr\/immobilier\/#primaryimage"},"thumbnailUrl":"https:\/\/abc-office.eu\/wp-content\/uploads\/2022\/04\/Immo.jpg","datePublished":"2017-02-16T08:16:01+00:00","dateModified":"2025-10-10T06:16:24+00:00","description":"ABC Translation | Immobilier | Acheter | Vendre | Louer | Mettre en location | Logements \u00e9tudiants | Home Staging | Agence immobili\u00e8re","breadcrumb":{"@id":"https:\/\/abc-office.eu\/fr\/immobilier\/#breadcrumb"},"inLanguage":"fr-FR","potentialAction":[{"@type":"ReadAction","target":["https:\/\/abc-office.eu\/fr\/immobilier\/"]}]},{"@type":"ImageObject","inLanguage":"fr-FR","@id":"https:\/\/abc-office.eu\/fr\/immobilier\/#primaryimage","url":"https:\/\/abc-office.eu\/wp-content\/uploads\/2022\/04\/Immo.jpg","contentUrl":"https:\/\/abc-office.eu\/wp-content\/uploads\/2022\/04\/Immo.jpg","width":1500,"height":1001},{"@type":"BreadcrumbList","@id":"https:\/\/abc-office.eu\/fr\/immobilier\/#breadcrumb","itemListElement":[{"@type":"ListItem","position":1,"name":"Accueil","item":"https:\/\/abc-office.eu\/fr\/"},{"@type":"ListItem","position":2,"name":"Immobilier"}]},{"@type":"WebSite","@id":"https:\/\/abc-office.eu\/fr\/#website","url":"https:\/\/abc-office.eu\/fr\/","name":"ABC Translation","description":"info@abc-office.eu","potentialAction":[{"@type":"SearchAction","target":{"@type":"EntryPoint","urlTemplate":"https:\/\/abc-office.eu\/fr\/?s={search_term_string}"},"query-input":{"@type":"PropertyValueSpecification","valueRequired":true,"valueName":"search_term_string"}}],"inLanguage":"fr-FR"}]}},"_links":{"self":[{"href":"https:\/\/abc-office.eu\/fr\/wp-json\/wp\/v2\/pages\/225203","targetHints":{"allow":["GET"]}}],"collection":[{"href":"https:\/\/abc-office.eu\/fr\/wp-json\/wp\/v2\/pages"}],"about":[{"href":"https:\/\/abc-office.eu\/fr\/wp-json\/wp\/v2\/types\/page"}],"author":[{"embeddable":true,"href":"https:\/\/abc-office.eu\/fr\/wp-json\/wp\/v2\/users\/1"}],"replies":[{"embeddable":true,"href":"https:\/\/abc-office.eu\/fr\/wp-json\/wp\/v2\/comments?post=225203"}],"version-history":[{"count":1,"href":"https:\/\/abc-office.eu\/fr\/wp-json\/wp\/v2\/pages\/225203\/revisions"}],"predecessor-version":[{"id":225204,"href":"https:\/\/abc-office.eu\/fr\/wp-json\/wp\/v2\/pages\/225203\/revisions\/225204"}],"wp:featuredmedia":[{"embeddable":true,"href":"https:\/\/abc-office.eu\/fr\/wp-json\/wp\/v2\/media\/29097"}],"wp:attachment":[{"href":"https:\/\/abc-office.eu\/fr\/wp-json\/wp\/v2\/media?parent=225203"}],"curies":[{"name":"wp","href":"https:\/\/api.w.org\/{rel}","templated":true}]}}