{"id":225199,"date":"2017-02-16T09:17:00","date_gmt":"2017-02-16T08:17:00","guid":{"rendered":"https:\/\/abc-office.eu\/?page_id=225199"},"modified":"2025-10-10T08:02:21","modified_gmt":"2025-10-10T06:02:21","slug":"traduction","status":"publish","type":"page","link":"https:\/\/abc-office.eu\/fr\/traduction\/","title":{"rendered":"Traduction"},"content":{"rendered":"<h2 data-start=\"117\" data-end=\"134\"><strong data-start=\"120\" data-end=\"134\">Traduction<\/strong><\/h2>\n<p style=\"text-align: justify;\" data-start=\"136\" data-end=\"458\">Notre agence, <strong data-start=\"150\" data-end=\"169\">ABC Translation<\/strong>, est sp\u00e9cialis\u00e9e depuis de nombreuses ann\u00e9es dans le domaine de la traduction et de l\u2019interpr\u00e9tation. En effet, nous pouvons vous fournir tous les services li\u00e9s \u00e0 ce domaine qu\u2019il s\u2019agisse d\u2019une traduction officielle, d\u2019une simple traduction ou d\u2019un besoin d\u2019interpr\u00e9tation (en direct).<\/p>\n<p style=\"text-align: justify;\" data-start=\"460\" data-end=\"933\">Avec une \u00e9quipe de plus de 800 traducteurs et interpr\u00e8tes, nous savons g\u00e9rer tout type de projet dans des d\u00e9lais extr\u00eamement courts. La qualit\u00e9 et la r\u00e9activit\u00e9 sont nos ma\u00eetres-mots pour des r\u00e9sultats toujours \u00e0 la hauteur des attentes de nos clients. Nous sommes pr\u00e9sents dans l\u2019Union europ\u00e9enne et au Royaume-Uni. Gr\u00e2ce \u00e0 cette pr\u00e9sence et \u00e0 notre r\u00e9activit\u00e9, nous avons pu \u00e9voluer et proposons d\u00e9sormais des services de traduction dans plus de 60 langues diff\u00e9rentes.<\/p>\n<h3><strong data-start=\"944\" data-end=\"971\">Traduction officielle :<\/strong><\/h3>\n<p style=\"text-align: justify;\" data-start=\"973\" data-end=\"1372\">Nous sommes sp\u00e9cialis\u00e9s dans la traduction officielle afin de vous faciliter les d\u00e9marches lors de votre arriv\u00e9e dans l\u2019UE ou au Royaume-Uni, ou pour un voyage \u00e0 l\u2019\u00e9tranger. Les traductions sont g\u00e9n\u00e9ralement l\u00e9galis\u00e9es par notre notaire puis authentifi\u00e9es \u00e0 la Chancellerie avec une apostille ou une l\u00e9galisation selon les conventions. Les d\u00e9lais demand\u00e9s par les clients sont souvent tr\u00e8s courts.<\/p>\n<p style=\"text-align: justify;\" data-start=\"1374\" data-end=\"1734\">C\u2019est pourquoi nous avons mis en place un syst\u00e8me permettant aux documents d\u2019\u00eatre traduits, l\u00e9galis\u00e9s et apostill\u00e9s en un temps record. Par exemple, il nous faut deux jours pour pouvoir effectuer les diff\u00e9rentes \u00e9tapes avec un document de moins de 5 pages. Ces traductions peuvent ensuite \u00eatre l\u00e9galis\u00e9es par le consulat du pays de destination si n\u00e9cessaire.<\/p>\n<p style=\"text-align: justify;\" data-start=\"1736\" data-end=\"2051\">La traduction officielle pour la reconnaissance de vos dipl\u00f4mes \u00e9trangers dans l\u2019UE et\/ou au Royaume-Uni fait \u00e9galement partie de notre gamme de services. L\u00e0 encore, nous traduisons les documents puis les faisons l\u00e9galiser par notre notaire afin qu\u2019ils puissent \u00eatre accept\u00e9s par les organismes de reconnaissance.<\/p>\n<p style=\"text-align: justify;\" data-start=\"2053\" data-end=\"2138\">Votre dossier sera ainsi complet pour analyse par les organismes de reconnaissance.<\/p>\n<h3 data-start=\"2145\" data-end=\"2162\"><strong data-start=\"2149\" data-end=\"2162\">Langues :<\/strong><\/h3>\n<p style=\"text-align: justify;\" data-start=\"2164\" data-end=\"3005\">Afrikaans | Albanais | Allemand | Am\u00e9ricain | Amharique | Anglais | Arabe | Arm\u00e9nien | Aymara | Azerba\u00efdjanais | Basque | Bengali | Bi\u00e9lorusse | Birman | Bosniaque | Br\u00e9silien | Bulgare | Cantonais | Catalan | Cinghalais | Chinois | Chinois simplifi\u00e9 | Chinois traditionnel | Cor\u00e9en | Croate | Danois | Dari | Espagnol | Estonien | \u00c9w\u00e9 | Farsi | Finnois | G\u00e9orgien | Grec | Guarani | H\u00e9breu | Hindi | Hongrois | Indon\u00e9sien | Italien | Japonais | Kazakh | Khmer | Kirghize | Kurde | Lao | Letton | Lingala | Lituanien | Mac\u00e9donien | Malaisien | Malayalam | Mandarin | Moldave | Mongol | Mont\u00e9n\u00e9grin | N\u00e9erlandais | Norv\u00e9gien | Ourdou | Ouzbek | Pachtoune | Pendjabi | Persan | Peul | Polonais | Portugais | Quechua | Roumain | Russe | Serbe | Slovaque | Slov\u00e8ne | Su\u00e9dois | Tamoul | Tch\u00e8que | Tha\u00ef | Turc | Turkm\u00e8ne | Ukrainien | Vietnamien<\/p>\n<h3 data-start=\"3012\" data-end=\"3031\"><strong data-start=\"3016\" data-end=\"3031\">Documents :<\/strong><\/h3>\n<p style=\"text-align: justify;\" data-start=\"3033\" data-end=\"3419\">Acte de naissance | Acte de mariage | Acte d\u2019\u00e9tat civil | Attestation | Brevet | Casier judiciaire | Certificat | Certificat de c\u00e9libat | Acte de d\u00e9c\u00e8s | Livret de famille | Certificat de travail | D\u00e9claration fiscale | Dipl\u00f4me | Passeport | Permis de conduire | Testament | Visa | Contrat | Contrat de divorce | Contrat de mariage | Jugement | Proc\u00e9dure | Procuration | Proc\u00e8s-verbal<\/p>\n<p style=\"text-align: justify;\" data-start=\"3426\" data-end=\"3487\">Pour toute autre langue, n\u2019h\u00e9sitez pas \u00e0 nous contacter.<\/p>\n<p data-start=\"3426\" data-end=\"3487\"><img loading=\"lazy\" decoding=\"async\" class=\"aligncenter wp-image-26 size-medium\" src=\"https:\/\/abc-office.ch\/wp-content\/uploads\/2018\/06\/imageedit_1_6241191614-300x300.gif\" alt=\"Traduction\" width=\"300\" height=\"300\" \/><\/p>\n","protected":false},"excerpt":{"rendered":"<p>Traduction Notre agence, ABC Translation, est sp\u00e9cialis\u00e9e depuis de nombreuses ann\u00e9es dans le domaine de la traduction et de l\u2019interpr\u00e9tation. En effet, nous pouvons vous fournir tous les services li\u00e9s \u00e0 ce domaine qu\u2019il s\u2019agisse d\u2019une traduction officielle, d\u2019une simple traduction ou d\u2019un besoin d\u2019interpr\u00e9tation (en direct). Avec une \u00e9quipe de plus de 800 traducteurs&#8230;<\/p>\n","protected":false},"author":1,"featured_media":29084,"parent":0,"menu_order":0,"comment_status":"closed","ping_status":"closed","template":"","meta":{"sfsi_plus_gutenberg_text_before_share":"","sfsi_plus_gutenberg_show_text_before_share":"","sfsi_plus_gutenberg_icon_type":"","sfsi_plus_gutenberg_icon_alignemt":"","sfsi_plus_gutenburg_max_per_row":"","footnotes":""},"class_list":["post-225199","page","type-page","status-publish","has-post-thumbnail","hentry"],"yoast_head":"<!-- This site is optimized with the Yoast SEO plugin v23.8 - https:\/\/yoast.com\/wordpress\/plugins\/seo\/ -->\n<title>Traduction | Traduction officielle | Traduction professionnelle<\/title>\n<meta name=\"description\" content=\"Traduction pour vos d\u00e9marches administratives | Traduction certifi\u00e9e et officielle | Reconnue par toutes les institutions dans l\u2019UE\" \/>\n<meta name=\"robots\" content=\"index, follow, max-snippet:-1, max-image-preview:large, max-video-preview:-1\" \/>\n<link rel=\"canonical\" href=\"https:\/\/abc-office.eu\/fr\/traduction\/\" \/>\n<meta property=\"og:locale\" content=\"fr_FR\" \/>\n<meta property=\"og:type\" content=\"article\" \/>\n<meta property=\"og:title\" content=\"Traduction | Traduction officielle | Traduction professionnelle\" \/>\n<meta property=\"og:description\" content=\"Traduction pour vos d\u00e9marches administratives | Traduction certifi\u00e9e et officielle | Reconnue par toutes les institutions dans l\u2019UE\" \/>\n<meta property=\"og:url\" content=\"https:\/\/abc-office.eu\/fr\/traduction\/\" \/>\n<meta property=\"og:site_name\" content=\"ABC Translation\" \/>\n<meta property=\"article:modified_time\" content=\"2025-10-10T06:02:21+00:00\" \/>\n<meta property=\"og:image\" content=\"https:\/\/abc-office.eu\/wp-content\/uploads\/2022\/04\/Traduction.jpg\" \/>\n\t<meta property=\"og:image:width\" content=\"650\" \/>\n\t<meta property=\"og:image:height\" content=\"400\" \/>\n\t<meta property=\"og:image:type\" content=\"image\/jpeg\" \/>\n<meta name=\"twitter:card\" content=\"summary_large_image\" \/>\n<meta name=\"twitter:label1\" content=\"Dur\u00e9e de lecture estim\u00e9e\" \/>\n\t<meta name=\"twitter:data1\" content=\"3 minutes\" \/>\n<script type=\"application\/ld+json\" class=\"yoast-schema-graph\">{\"@context\":\"https:\/\/schema.org\",\"@graph\":[{\"@type\":\"WebPage\",\"@id\":\"https:\/\/abc-office.eu\/fr\/traduction\/\",\"url\":\"https:\/\/abc-office.eu\/fr\/traduction\/\",\"name\":\"Traduction | Traduction officielle | Traduction professionnelle\",\"isPartOf\":{\"@id\":\"https:\/\/abc-office.eu\/fr\/#website\"},\"primaryImageOfPage\":{\"@id\":\"https:\/\/abc-office.eu\/fr\/traduction\/#primaryimage\"},\"image\":{\"@id\":\"https:\/\/abc-office.eu\/fr\/traduction\/#primaryimage\"},\"thumbnailUrl\":\"https:\/\/abc-office.eu\/wp-content\/uploads\/2022\/04\/Traduction.jpg\",\"datePublished\":\"2017-02-16T08:17:00+00:00\",\"dateModified\":\"2025-10-10T06:02:21+00:00\",\"description\":\"Traduction pour vos d\u00e9marches administratives | Traduction certifi\u00e9e et officielle | Reconnue par toutes les institutions dans l\u2019UE\",\"breadcrumb\":{\"@id\":\"https:\/\/abc-office.eu\/fr\/traduction\/#breadcrumb\"},\"inLanguage\":\"fr-FR\",\"potentialAction\":[{\"@type\":\"ReadAction\",\"target\":[\"https:\/\/abc-office.eu\/fr\/traduction\/\"]}]},{\"@type\":\"ImageObject\",\"inLanguage\":\"fr-FR\",\"@id\":\"https:\/\/abc-office.eu\/fr\/traduction\/#primaryimage\",\"url\":\"https:\/\/abc-office.eu\/wp-content\/uploads\/2022\/04\/Traduction.jpg\",\"contentUrl\":\"https:\/\/abc-office.eu\/wp-content\/uploads\/2022\/04\/Traduction.jpg\",\"width\":650,\"height\":400},{\"@type\":\"BreadcrumbList\",\"@id\":\"https:\/\/abc-office.eu\/fr\/traduction\/#breadcrumb\",\"itemListElement\":[{\"@type\":\"ListItem\",\"position\":1,\"name\":\"Accueil\",\"item\":\"https:\/\/abc-office.eu\/fr\/\"},{\"@type\":\"ListItem\",\"position\":2,\"name\":\"Traduction\"}]},{\"@type\":\"WebSite\",\"@id\":\"https:\/\/abc-office.eu\/fr\/#website\",\"url\":\"https:\/\/abc-office.eu\/fr\/\",\"name\":\"ABC Translation\",\"description\":\"info@abc-office.eu\",\"potentialAction\":[{\"@type\":\"SearchAction\",\"target\":{\"@type\":\"EntryPoint\",\"urlTemplate\":\"https:\/\/abc-office.eu\/fr\/?s={search_term_string}\"},\"query-input\":{\"@type\":\"PropertyValueSpecification\",\"valueRequired\":true,\"valueName\":\"search_term_string\"}}],\"inLanguage\":\"fr-FR\"}]}<\/script>\n<!-- \/ Yoast SEO plugin. -->","yoast_head_json":{"title":"Traduction | Traduction officielle | Traduction professionnelle","description":"Traduction pour vos d\u00e9marches administratives | Traduction certifi\u00e9e et officielle | Reconnue par toutes les institutions dans l\u2019UE","robots":{"index":"index","follow":"follow","max-snippet":"max-snippet:-1","max-image-preview":"max-image-preview:large","max-video-preview":"max-video-preview:-1"},"canonical":"https:\/\/abc-office.eu\/fr\/traduction\/","og_locale":"fr_FR","og_type":"article","og_title":"Traduction | Traduction officielle | Traduction professionnelle","og_description":"Traduction pour vos d\u00e9marches administratives | Traduction certifi\u00e9e et officielle | Reconnue par toutes les institutions dans l\u2019UE","og_url":"https:\/\/abc-office.eu\/fr\/traduction\/","og_site_name":"ABC Translation","article_modified_time":"2025-10-10T06:02:21+00:00","og_image":[{"width":650,"height":400,"url":"https:\/\/abc-office.eu\/wp-content\/uploads\/2022\/04\/Traduction.jpg","type":"image\/jpeg"}],"twitter_card":"summary_large_image","twitter_misc":{"Dur\u00e9e de lecture estim\u00e9e":"3 minutes"},"schema":{"@context":"https:\/\/schema.org","@graph":[{"@type":"WebPage","@id":"https:\/\/abc-office.eu\/fr\/traduction\/","url":"https:\/\/abc-office.eu\/fr\/traduction\/","name":"Traduction | Traduction officielle | Traduction professionnelle","isPartOf":{"@id":"https:\/\/abc-office.eu\/fr\/#website"},"primaryImageOfPage":{"@id":"https:\/\/abc-office.eu\/fr\/traduction\/#primaryimage"},"image":{"@id":"https:\/\/abc-office.eu\/fr\/traduction\/#primaryimage"},"thumbnailUrl":"https:\/\/abc-office.eu\/wp-content\/uploads\/2022\/04\/Traduction.jpg","datePublished":"2017-02-16T08:17:00+00:00","dateModified":"2025-10-10T06:02:21+00:00","description":"Traduction pour vos d\u00e9marches administratives | Traduction certifi\u00e9e et officielle | Reconnue par toutes les institutions dans l\u2019UE","breadcrumb":{"@id":"https:\/\/abc-office.eu\/fr\/traduction\/#breadcrumb"},"inLanguage":"fr-FR","potentialAction":[{"@type":"ReadAction","target":["https:\/\/abc-office.eu\/fr\/traduction\/"]}]},{"@type":"ImageObject","inLanguage":"fr-FR","@id":"https:\/\/abc-office.eu\/fr\/traduction\/#primaryimage","url":"https:\/\/abc-office.eu\/wp-content\/uploads\/2022\/04\/Traduction.jpg","contentUrl":"https:\/\/abc-office.eu\/wp-content\/uploads\/2022\/04\/Traduction.jpg","width":650,"height":400},{"@type":"BreadcrumbList","@id":"https:\/\/abc-office.eu\/fr\/traduction\/#breadcrumb","itemListElement":[{"@type":"ListItem","position":1,"name":"Accueil","item":"https:\/\/abc-office.eu\/fr\/"},{"@type":"ListItem","position":2,"name":"Traduction"}]},{"@type":"WebSite","@id":"https:\/\/abc-office.eu\/fr\/#website","url":"https:\/\/abc-office.eu\/fr\/","name":"ABC Translation","description":"info@abc-office.eu","potentialAction":[{"@type":"SearchAction","target":{"@type":"EntryPoint","urlTemplate":"https:\/\/abc-office.eu\/fr\/?s={search_term_string}"},"query-input":{"@type":"PropertyValueSpecification","valueRequired":true,"valueName":"search_term_string"}}],"inLanguage":"fr-FR"}]}},"_links":{"self":[{"href":"https:\/\/abc-office.eu\/fr\/wp-json\/wp\/v2\/pages\/225199","targetHints":{"allow":["GET"]}}],"collection":[{"href":"https:\/\/abc-office.eu\/fr\/wp-json\/wp\/v2\/pages"}],"about":[{"href":"https:\/\/abc-office.eu\/fr\/wp-json\/wp\/v2\/types\/page"}],"author":[{"embeddable":true,"href":"https:\/\/abc-office.eu\/fr\/wp-json\/wp\/v2\/users\/1"}],"replies":[{"embeddable":true,"href":"https:\/\/abc-office.eu\/fr\/wp-json\/wp\/v2\/comments?post=225199"}],"version-history":[{"count":1,"href":"https:\/\/abc-office.eu\/fr\/wp-json\/wp\/v2\/pages\/225199\/revisions"}],"predecessor-version":[{"id":225200,"href":"https:\/\/abc-office.eu\/fr\/wp-json\/wp\/v2\/pages\/225199\/revisions\/225200"}],"wp:featuredmedia":[{"embeddable":true,"href":"https:\/\/abc-office.eu\/fr\/wp-json\/wp\/v2\/media\/29084"}],"wp:attachment":[{"href":"https:\/\/abc-office.eu\/fr\/wp-json\/wp\/v2\/media?parent=225199"}],"curies":[{"name":"wp","href":"https:\/\/api.w.org\/{rel}","templated":true}]}}