{"id":225191,"date":"2017-02-16T09:13:19","date_gmt":"2017-02-16T08:13:19","guid":{"rendered":"https:\/\/abc-office.eu\/accueil\/"},"modified":"2025-10-10T07:50:32","modified_gmt":"2025-10-10T05:50:32","slug":"accueil","status":"publish","type":"page","link":"https:\/\/abc-office.eu\/fr\/","title":{"rendered":"Accueil"},"content":{"rendered":"<h2 style=\"text-align: justify;\" data-start=\"83\" data-end=\"102\"><strong data-start=\"83\" data-end=\"102\">ABC Translation<\/strong><\/h2>\n<p style=\"text-align: justify;\" data-start=\"104\" data-end=\"628\">ABC Translation est sp\u00e9cialis\u00e9e dans plusieurs domaines tels que la traduction, l\u2019immobilier, les l\u00e9galisations, le droit et la relocation. Avec une \u00e9quipe de plus de 500 employ\u00e9s dans le monde, ABC Translation est un leader dans ces sp\u00e9cialisations et peut agir tr\u00e8s rapidement gr\u00e2ce \u00e0 sa large \u00e9quipe de professionnels qualifi\u00e9s. L\u2019entreprise repr\u00e9sente 55 nationalit\u00e9s diff\u00e9rentes et poss\u00e8de des connexions dans plus de 85 pays. Elle a tir\u00e9 parti de la mondialisation pour attirer une client\u00e8le toujours plus exigeante.<\/p>\n<p style=\"text-align: justify;\" data-start=\"630\" data-end=\"665\"><strong data-start=\"630\" data-end=\"663\">ABC Translation en chiffres :<\/strong><\/p>\n<ul>\n<li data-start=\"669\" data-end=\"697\">500 employ\u00e9s dans le monde<\/li>\n<li data-start=\"700\" data-end=\"720\">60 langues parl\u00e9es<\/li>\n<li data-start=\"723\" data-end=\"745\">4 000 projets par an<\/li>\n<li data-start=\"748\" data-end=\"777\">Plus de 10 ans d\u2019exp\u00e9rience<\/li>\n<li data-start=\"780\" data-end=\"828\">Plus de 1 000 clients professionnels r\u00e9guliers<\/li>\n<li data-start=\"831\" data-end=\"880\">Plus de 2 000 clients particuliers chaque ann\u00e9e<\/li>\n<\/ul>\n<p style=\"text-align: justify;\" data-start=\"882\" data-end=\"1507\">Nous collaborons avec plusieurs \u00e9tudes notariales afin de pouvoir l\u00e9galiser divers documents dans les meilleurs d\u00e9lais. Pour les documents destin\u00e9s \u00e0 l\u2019\u00e9tranger, nous travaillons avec les ambassades, consulats et <a href=\"https:\/\/agence-de-traduction.ch\/apostille-legalisation\/\">chancelleries<\/a>. Cette synergie entre diff\u00e9rentes entit\u00e9s nous permet d\u2019\u00eatre tr\u00e8s r\u00e9actifs lorsqu\u2019il s\u2019agit de traduire et l\u00e9galiser vos documents en un temps record. De plus, nos coursiers \u00e0 v\u00e9lo assurent la livraison des documents aux diff\u00e9rents bureaux tout en respectant l\u2019environnement. Nous utilisons ensuite les services postaux europ\u00e9ens et DHL pour l\u2019exp\u00e9dition finale en Europe et dans le monde entier.<\/p>\n<p style=\"text-align: justify;\" data-start=\"1509\" data-end=\"2106\">La qualit\u00e9 et la rapidit\u00e9 de nos services ont fait la diff\u00e9rence au fil des ann\u00e9es. Dans ce domaine, la r\u00e9activit\u00e9 est la cl\u00e9 du succ\u00e8s. Notre infrastructure a \u00e9t\u00e9 mise en place afin de r\u00e9pondre plus rapidement aux demandes des clients. Pour un contact rapide, vous pouvez nous joindre par t\u00e9l\u00e9phone ou par e-mail. Le formulaire de contact, situ\u00e9 \u00e0 droite de cette page, peut \u00e9galement \u00eatre utilis\u00e9, notamment pour l\u2019envoi de documents. Nous envoyons g\u00e9n\u00e9ralement le devis entre 10 et 20 minutes apr\u00e8s r\u00e9ception des fichiers. Celui-ci inclura le prix global et le d\u00e9lai de r\u00e9alisation du projet.<\/p>\n<p style=\"text-align: justify;\" data-start=\"2108\" data-end=\"2208\">Toute l\u2019\u00e9quipe reste \u00e0 votre enti\u00e8re disposition et nous nous r\u00e9jouissons de collaborer avec vous.<\/p>\n<p data-start=\"2108\" data-end=\"2208\"><img loading=\"lazy\" decoding=\"async\" class=\"aligncenter wp-image-298\" src=\"https:\/\/abc-office.ch\/wp-content\/uploads\/2020\/03\/bim91-1024x682.jpg\" alt=\"ABC Translation\" width=\"593\" height=\"395\" \/><\/p>\n","protected":false},"excerpt":{"rendered":"<p>ABC Translation ABC Translation est sp\u00e9cialis\u00e9e dans plusieurs domaines tels que la traduction, l\u2019immobilier, les l\u00e9galisations, le droit et la relocation. Avec une \u00e9quipe de plus de 500 employ\u00e9s dans le monde, ABC Translation est un leader dans ces sp\u00e9cialisations et peut agir tr\u00e8s rapidement gr\u00e2ce \u00e0 sa large \u00e9quipe de professionnels qualifi\u00e9s. L\u2019entreprise repr\u00e9sente&#8230;<\/p>\n","protected":false},"author":1,"featured_media":29057,"parent":0,"menu_order":0,"comment_status":"closed","ping_status":"closed","template":"","meta":{"sfsi_plus_gutenberg_text_before_share":"","sfsi_plus_gutenberg_show_text_before_share":"","sfsi_plus_gutenberg_icon_type":"","sfsi_plus_gutenberg_icon_alignemt":"","sfsi_plus_gutenburg_max_per_row":"","footnotes":""},"class_list":["post-225191","page","type-page","status-publish","has-post-thumbnail","hentry"],"yoast_head":"<!-- This site is optimized with the Yoast SEO plugin v23.8 - https:\/\/yoast.com\/wordpress\/plugins\/seo\/ -->\n<title>ABC Translation | Traduction | L\u00e9galisation | Immobilier | Expat<\/title>\n<meta name=\"description\" content=\"ABC Translation | L\u00e9galisation | Immobilier | Expatriation | Interpr\u00e9tation | Notaire | Cabinet d\u2019avocats Relocation de personnes Entreprise\" \/>\n<meta name=\"robots\" content=\"index, follow, max-snippet:-1, max-image-preview:large, max-video-preview:-1\" \/>\n<link rel=\"canonical\" href=\"https:\/\/abc-office.eu\/fr\/\" \/>\n<meta property=\"og:locale\" content=\"fr_FR\" \/>\n<meta property=\"og:type\" content=\"article\" \/>\n<meta property=\"og:title\" content=\"ABC Translation | Traduction | L\u00e9galisation | Immobilier | Expat\" \/>\n<meta property=\"og:description\" content=\"ABC Translation | L\u00e9galisation | Immobilier | Expatriation | Interpr\u00e9tation | Notaire | Cabinet d\u2019avocats Relocation de personnes Entreprise\" \/>\n<meta property=\"og:url\" content=\"https:\/\/abc-office.eu\/fr\/\" \/>\n<meta property=\"og:site_name\" content=\"ABC Translation\" \/>\n<meta property=\"article:modified_time\" content=\"2025-10-10T05:50:32+00:00\" \/>\n<meta property=\"og:image\" content=\"https:\/\/abc-office.eu\/wp-content\/uploads\/2022\/04\/6190976a.jpg\" \/>\n\t<meta property=\"og:image:width\" content=\"852\" \/>\n\t<meta property=\"og:image:height\" content=\"480\" \/>\n\t<meta property=\"og:image:type\" content=\"image\/jpeg\" \/>\n<meta name=\"twitter:card\" content=\"summary_large_image\" \/>\n<meta name=\"twitter:label1\" content=\"Dur\u00e9e de lecture estim\u00e9e\" \/>\n\t<meta name=\"twitter:data1\" content=\"2 minutes\" \/>\n<script type=\"application\/ld+json\" class=\"yoast-schema-graph\">{\"@context\":\"https:\/\/schema.org\",\"@graph\":[{\"@type\":\"WebPage\",\"@id\":\"https:\/\/abc-office.eu\/fr\/\",\"url\":\"https:\/\/abc-office.eu\/fr\/\",\"name\":\"ABC Translation | Traduction | L\u00e9galisation | Immobilier | Expat\",\"isPartOf\":{\"@id\":\"https:\/\/abc-office.eu\/fr\/#website\"},\"primaryImageOfPage\":{\"@id\":\"https:\/\/abc-office.eu\/fr\/#primaryimage\"},\"image\":{\"@id\":\"https:\/\/abc-office.eu\/fr\/#primaryimage\"},\"thumbnailUrl\":\"https:\/\/abc-office.eu\/wp-content\/uploads\/2022\/04\/6190976a.jpg\",\"datePublished\":\"2017-02-16T08:13:19+00:00\",\"dateModified\":\"2025-10-10T05:50:32+00:00\",\"description\":\"ABC Translation | L\u00e9galisation | Immobilier | Expatriation | Interpr\u00e9tation | Notaire | Cabinet d\u2019avocats Relocation de personnes Entreprise\",\"breadcrumb\":{\"@id\":\"https:\/\/abc-office.eu\/fr\/#breadcrumb\"},\"inLanguage\":\"fr-FR\",\"potentialAction\":[{\"@type\":\"ReadAction\",\"target\":[\"https:\/\/abc-office.eu\/fr\/\"]}]},{\"@type\":\"ImageObject\",\"inLanguage\":\"fr-FR\",\"@id\":\"https:\/\/abc-office.eu\/fr\/#primaryimage\",\"url\":\"https:\/\/abc-office.eu\/wp-content\/uploads\/2022\/04\/6190976a.jpg\",\"contentUrl\":\"https:\/\/abc-office.eu\/wp-content\/uploads\/2022\/04\/6190976a.jpg\",\"width\":852,\"height\":480},{\"@type\":\"BreadcrumbList\",\"@id\":\"https:\/\/abc-office.eu\/fr\/#breadcrumb\",\"itemListElement\":[{\"@type\":\"ListItem\",\"position\":1,\"name\":\"Accueil\",\"item\":\"https:\/\/abc-office.eu\/fr\/\"},{\"@type\":\"ListItem\",\"position\":2,\"name\":\"Accueil\"}]},{\"@type\":\"WebSite\",\"@id\":\"https:\/\/abc-office.eu\/fr\/#website\",\"url\":\"https:\/\/abc-office.eu\/fr\/\",\"name\":\"ABC Translation\",\"description\":\"info@abc-office.eu\",\"potentialAction\":[{\"@type\":\"SearchAction\",\"target\":{\"@type\":\"EntryPoint\",\"urlTemplate\":\"https:\/\/abc-office.eu\/fr\/?s={search_term_string}\"},\"query-input\":{\"@type\":\"PropertyValueSpecification\",\"valueRequired\":true,\"valueName\":\"search_term_string\"}}],\"inLanguage\":\"fr-FR\"}]}<\/script>\n<!-- \/ Yoast SEO plugin. -->","yoast_head_json":{"title":"ABC Translation | Traduction | L\u00e9galisation | Immobilier | Expat","description":"ABC Translation | L\u00e9galisation | Immobilier | Expatriation | Interpr\u00e9tation | Notaire | Cabinet d\u2019avocats Relocation de personnes Entreprise","robots":{"index":"index","follow":"follow","max-snippet":"max-snippet:-1","max-image-preview":"max-image-preview:large","max-video-preview":"max-video-preview:-1"},"canonical":"https:\/\/abc-office.eu\/fr\/","og_locale":"fr_FR","og_type":"article","og_title":"ABC Translation | Traduction | L\u00e9galisation | Immobilier | Expat","og_description":"ABC Translation | L\u00e9galisation | Immobilier | Expatriation | Interpr\u00e9tation | Notaire | Cabinet d\u2019avocats Relocation de personnes Entreprise","og_url":"https:\/\/abc-office.eu\/fr\/","og_site_name":"ABC Translation","article_modified_time":"2025-10-10T05:50:32+00:00","og_image":[{"width":852,"height":480,"url":"https:\/\/abc-office.eu\/wp-content\/uploads\/2022\/04\/6190976a.jpg","type":"image\/jpeg"}],"twitter_card":"summary_large_image","twitter_misc":{"Dur\u00e9e de lecture estim\u00e9e":"2 minutes"},"schema":{"@context":"https:\/\/schema.org","@graph":[{"@type":"WebPage","@id":"https:\/\/abc-office.eu\/fr\/","url":"https:\/\/abc-office.eu\/fr\/","name":"ABC Translation | Traduction | L\u00e9galisation | Immobilier | Expat","isPartOf":{"@id":"https:\/\/abc-office.eu\/fr\/#website"},"primaryImageOfPage":{"@id":"https:\/\/abc-office.eu\/fr\/#primaryimage"},"image":{"@id":"https:\/\/abc-office.eu\/fr\/#primaryimage"},"thumbnailUrl":"https:\/\/abc-office.eu\/wp-content\/uploads\/2022\/04\/6190976a.jpg","datePublished":"2017-02-16T08:13:19+00:00","dateModified":"2025-10-10T05:50:32+00:00","description":"ABC Translation | L\u00e9galisation | Immobilier | Expatriation | Interpr\u00e9tation | Notaire | Cabinet d\u2019avocats Relocation de personnes Entreprise","breadcrumb":{"@id":"https:\/\/abc-office.eu\/fr\/#breadcrumb"},"inLanguage":"fr-FR","potentialAction":[{"@type":"ReadAction","target":["https:\/\/abc-office.eu\/fr\/"]}]},{"@type":"ImageObject","inLanguage":"fr-FR","@id":"https:\/\/abc-office.eu\/fr\/#primaryimage","url":"https:\/\/abc-office.eu\/wp-content\/uploads\/2022\/04\/6190976a.jpg","contentUrl":"https:\/\/abc-office.eu\/wp-content\/uploads\/2022\/04\/6190976a.jpg","width":852,"height":480},{"@type":"BreadcrumbList","@id":"https:\/\/abc-office.eu\/fr\/#breadcrumb","itemListElement":[{"@type":"ListItem","position":1,"name":"Accueil","item":"https:\/\/abc-office.eu\/fr\/"},{"@type":"ListItem","position":2,"name":"Accueil"}]},{"@type":"WebSite","@id":"https:\/\/abc-office.eu\/fr\/#website","url":"https:\/\/abc-office.eu\/fr\/","name":"ABC Translation","description":"info@abc-office.eu","potentialAction":[{"@type":"SearchAction","target":{"@type":"EntryPoint","urlTemplate":"https:\/\/abc-office.eu\/fr\/?s={search_term_string}"},"query-input":{"@type":"PropertyValueSpecification","valueRequired":true,"valueName":"search_term_string"}}],"inLanguage":"fr-FR"}]}},"_links":{"self":[{"href":"https:\/\/abc-office.eu\/fr\/wp-json\/wp\/v2\/pages\/225191","targetHints":{"allow":["GET"]}}],"collection":[{"href":"https:\/\/abc-office.eu\/fr\/wp-json\/wp\/v2\/pages"}],"about":[{"href":"https:\/\/abc-office.eu\/fr\/wp-json\/wp\/v2\/types\/page"}],"author":[{"embeddable":true,"href":"https:\/\/abc-office.eu\/fr\/wp-json\/wp\/v2\/users\/1"}],"replies":[{"embeddable":true,"href":"https:\/\/abc-office.eu\/fr\/wp-json\/wp\/v2\/comments?post=225191"}],"version-history":[{"count":2,"href":"https:\/\/abc-office.eu\/fr\/wp-json\/wp\/v2\/pages\/225191\/revisions"}],"predecessor-version":[{"id":225198,"href":"https:\/\/abc-office.eu\/fr\/wp-json\/wp\/v2\/pages\/225191\/revisions\/225198"}],"wp:featuredmedia":[{"embeddable":true,"href":"https:\/\/abc-office.eu\/fr\/wp-json\/wp\/v2\/media\/29057"}],"wp:attachment":[{"href":"https:\/\/abc-office.eu\/fr\/wp-json\/wp\/v2\/media?parent=225191"}],"curies":[{"name":"wp","href":"https:\/\/api.w.org\/{rel}","templated":true}]}}