{"id":229773,"date":"2024-08-27T23:41:39","date_gmt":"2024-08-27T21:41:39","guid":{"rendered":"https:\/\/abc-office.eu\/?page_id=229773"},"modified":"2025-10-24T07:24:52","modified_gmt":"2025-10-24T05:24:52","slug":"auktorisoitu-afrikaansin-kaantaja-helsinki","status":"publish","type":"page","link":"https:\/\/abc-office.eu\/fi\/suomi\/auktorisoitu-kaannos-suomi\/auktorisoitu-kaannos-helsinki\/auktorisoitu-afrikaansin-kaantaja-helsinki\/","title":{"rendered":"Auktorisoitu afrikaansin k\u00e4\u00e4nt\u00e4j\u00e4 Helsinki"},"content":{"rendered":"<h2><strong>Auktorisoitu afrikaansin k\u00e4\u00e4nt\u00e4j\u00e4 Helsinki<\/strong><\/h2>\n<p style=\"text-align: justify;\">K\u00e4\u00e4nn\u00f6stoimistomme on erikoistunut auktorisoituihin k\u00e4\u00e4nn\u00f6ksiin afrikaansin kielest\u00e4 ja kieleen. Auktorisoidut afrikaansin k\u00e4\u00e4nt\u00e4j\u00e4mme Helsingiss\u00e4 voivat k\u00e4sitell\u00e4 pyynt\u00f6si nopeasti. Me tarvitsemme ainoastaan kopion k\u00e4\u00e4nnett\u00e4vist\u00e4 asiakirjoista (kaikki tiedostomuodot hyv\u00e4ksyt\u00e4\u00e4n). Alkuper\u00e4isi\u00e4 asiakirjoja ei vaadita <strong>(auktorisoitu afrikaansin k\u00e4\u00e4nt\u00e4j\u00e4 Helsinki)<\/strong>.<\/p>\n<ol>\n<li style=\"text-align: justify;\">Ensinn\u00e4kin voit ottaa yhteytt\u00e4 s\u00e4hk\u00f6postitse (info@abc-office.eu), yhteydenottolomakkeella tai yhteydenottolomakkeella.<\/li>\n<li>Toiseksi, ilmoitathan kielen, jolle k\u00e4\u00e4nn\u00f6s tarvitaan, sek\u00e4, tarvitsetko k\u00e4\u00e4nn\u00f6ksen notaarin vahvistamana ja\/tai varustettuna apostille-todistuksella.<\/li>\n<li>Kolmanneksi, yksi projektip\u00e4\u00e4llik\u00f6ist\u00e4mme l\u00e4hett\u00e4\u00e4 sinulle nopeasti tarjouksen, jossa on hinta ja arvioitu toimitusaika. Vastaamme yleens\u00e4 30minuutissa. Jos et ole saanut vastausta tunnin kuluessa, pyyd\u00e4mme yst\u00e4v\u00e4llisesti soittamaan meille.<\/li>\n<li>Nelj\u00e4nneksi ja mik\u00e4 t\u00e4rkeint\u00e4, kun tarjous on hyv\u00e4ksytty, aloitamme k\u00e4\u00e4nn\u00f6sprosessin ja l\u00e4het\u00e4mme auktorisoidut k\u00e4\u00e4nn\u00f6kset postitse. Mik\u00e4li tarvitset my\u00f6s kopion k\u00e4\u00e4nn\u00f6ksest\u00e4 s\u00e4hk\u00f6postitse, ilmoitathan siit\u00e4 projektip\u00e4\u00e4llik\u00f6lle, niin l\u00e4het\u00e4mme sen sinulle ennen alkuper\u00e4isen postittamista.<\/li>\n<\/ol>\n<p style=\"text-align: justify;\">Toimitusajoista: auktorisoidut k\u00e4\u00e4nn\u00f6kset toimitetaan postitse tai DHL:ll\u00e4 ja\/tai s\u00e4hk\u00f6postitse 2\u20133 arkip\u00e4iv\u00e4n kuluessa. T\u00e4m\u00e4 riippuu kuitenkin asiakirjojen m\u00e4\u00e4r\u00e4st\u00e4 javaikeusasteesta.. Esimerkiksi yhden sivun asiakirja toimitetaan yleens\u00e4 2 arkip\u00e4iv\u00e4n sis\u00e4ll\u00e4 postitse.<\/p>\n<h3>Kielet, joihin ja joista voimme k\u00e4\u00e4nt\u00e4\u00e4 afrikaansista:<\/h3>\n<p style=\"text-align: justify;\">albania | amhara | amerikanenglanti | arabia | armenia | aymara | azerbaid\u017eani | baski | bengali | bosnia | brasilian portugali | bulgaria | burma | dari | englanti | espanja | ewe | farsi | fula | georgia | guarani | heprea | hindi | hollanti | indonesia | italia | japani | kazakki | ket\u0161ua | khmer | kiina | yksinkertaistettu kiina | perinteinen kiina | mandariinikiina | kantoninkiina | kirgiisi | korea | kreikka | kroatia | katalaani | lao | latvia | liettua | lingala | makedonia | malaiji | malajalam | moldovan kieli | mongolia | montenegro | norja | pa\u0161tu | punjabi | persia | portugali | puola | romania | ruotsi | saksa | serbia | sinhali | slovakki | slovenia | suomi | tamili | thai | turkki | turkmeeni | t\u0161ekki | ukraina | unkari | urdu | uzbekki | valkoven\u00e4j\u00e4 | ven\u00e4j\u00e4 | viro | vietnam<\/p>\n<h3>Yleisimm\u00e4t k\u00e4\u00e4nnett\u00e4v\u00e4t asiakirjat:<\/h3>\n<p style=\"text-align: justify;\">syntym\u00e4todistus | avioliittotodistus | siviilis\u00e4\u00e4tytodistus | todistus | patentti | rikostaustaote | vakuutustodistus | naimattomuustodistus | kuolintodistus | perhetodistus | ty\u00f6todistus | veroilmoitus | tutkintotodistus | passi | ajokortti | testamentti | viisumi | sopimus | avioerop\u00e4\u00e4t\u00f6s | avioehtosopimus | tuomio | prosessiasiakirja | valtakirja | p\u00f6yt\u00e4kirja<\/p>\n<h3>Yleisimm\u00e4t varmennustyypit <strong>(auktorisoitu afrikaansin k\u00e4\u00e4nt\u00e4j\u00e4 Helsinki):<\/strong><\/h3>\n<p><strong>Auktorisoitu k\u00e4\u00e4nn\u00f6s:<\/strong> toimitamme k\u00e4\u00e4nn\u00f6ksen leimallamme ja allekirjoituksellamme.<\/p>\n<ul>\n<li><strong>Auktorisoitu k\u00e4\u00e4nn\u00f6s (m\u00e4\u00e4ritelm\u00e4):<\/strong> auktorisoitu k\u00e4\u00e4nn\u00f6s on virallinen k\u00e4\u00e4nn\u00f6s, jonka tekee auktorisoitu k\u00e4\u00e4nt\u00e4j\u00e4 \u2013 h\u00e4n on l\u00e4p\u00e4issyt Opetushallituksen j\u00e4rjest\u00e4m\u00e4n tutkinnon ja saanut oikeuden vahvistaa k\u00e4\u00e4nn\u00f6ksens\u00e4 leimalla ja allekirjoituksella. T\u00e4llainen k\u00e4\u00e4nn\u00f6s hyv\u00e4ksyt\u00e4\u00e4n viranomaisissa Suomessa, ja se voidaan laillistaa julkisella notaarilla sek\u00e4 varustaa apostille-todistuksella tai konsulilaillistuksella k\u00e4ytett\u00e4v\u00e4ksi my\u00f6s ulkomailla.<\/li>\n<li><strong>Laillistettu k\u00e4\u00e4nn\u00f6s:<\/strong> julkinen notaari (Digi- ja v\u00e4est\u00f6tietoviraston notaaripalvelut) vahvistaa k\u00e4\u00e4nt\u00e4j\u00e4n allekirjoituksen k\u00e4\u00e4nn\u00f6ksess\u00e4.<\/li>\n<li><strong>K\u00e4\u00e4nn\u00f6s apostillella:<\/strong> apostille-todistus vahvistaa julkisen notaarin allekirjoituksen<\/li>\n<li><strong>Suurl\u00e4hetyst\u00f6n tai konsulaatin laillistama k\u00e4\u00e4nn\u00f6s:<\/strong> j\u00e4rjest\u00e4mme lopullisen laillistamisen suurl\u00e4hetyst\u00f6n tai konsulaatin kautta.<\/li>\n<\/ul>\n<p style=\"text-align: justify;\">Oikein varmennettuina k\u00e4\u00e4nn\u00f6kset hyv\u00e4ksyt\u00e4\u00e4n sek\u00e4 Suomessa ett\u00e4 ulkomailla. Mik\u00e4li sinulla on kysytt\u00e4v\u00e4\u00e4 siit\u00e4, millaista varmentamista asiakirjasi edellytt\u00e4v\u00e4t, ota rohkeasti yhteytt\u00e4 tiimiimme. Opastamme sinua koko prosessin l\u00e4pi (auktorisoitu afrikaansin k\u00e4\u00e4nt\u00e4j\u00e4 Helsinki).<\/p>\n<p style=\"text-align: justify;\">Odotamme innolla yhteisty\u00f6t\u00e4 kanssanne.<\/p>\n<p style=\"text-align: justify;\" data-start=\"3840\" data-end=\"3863\"><a href=\"https:\/\/abc-office.eu\/fi\/\"><strong data-start=\"3840\" data-end=\"3863\">ABC Translation LLC<\/strong><\/a><\/p>\n<p data-start=\"3840\" data-end=\"3863\"><img loading=\"lazy\" decoding=\"async\" class=\"aligncenter wp-image-271\" src=\"https:\/\/abc-office.ch\/wp-content\/uploads\/2018\/06\/imageedit_1_6241191614.gif\" alt=\"Auktorisoitu afrikaansin k\u00e4\u00e4nt\u00e4j\u00e4 Helsinki\" width=\"437\" height=\"437\" \/><\/p>\n","protected":false},"excerpt":{"rendered":"<p>Auktorisoitu afrikaansin k\u00e4\u00e4nt\u00e4j\u00e4 Helsinki K\u00e4\u00e4nn\u00f6stoimistomme on erikoistunut auktorisoituihin k\u00e4\u00e4nn\u00f6ksiin afrikaansin kielest\u00e4 ja kieleen. Auktorisoidut afrikaansin k\u00e4\u00e4nt\u00e4j\u00e4mme Helsingiss\u00e4 voivat k\u00e4sitell\u00e4 pyynt\u00f6si nopeasti. Me tarvitsemme ainoastaan kopion k\u00e4\u00e4nnett\u00e4vist\u00e4 asiakirjoista (kaikki tiedostomuodot hyv\u00e4ksyt\u00e4\u00e4n). Alkuper\u00e4isi\u00e4 asiakirjoja ei vaadita (auktorisoitu afrikaansin k\u00e4\u00e4nt\u00e4j\u00e4 Helsinki). Ensinn\u00e4kin voit ottaa yhteytt\u00e4 s\u00e4hk\u00f6postitse (info@abc-office.eu), yhteydenottolomakkeella tai yhteydenottolomakkeella. Toiseksi, ilmoitathan kielen, jolle k\u00e4\u00e4nn\u00f6s tarvitaan, sek\u00e4, tarvitsetko&#8230;<\/p>\n","protected":false},"author":1,"featured_media":229774,"parent":229750,"menu_order":0,"comment_status":"closed","ping_status":"closed","template":"","meta":{"sfsi_plus_gutenberg_text_before_share":"","sfsi_plus_gutenberg_show_text_before_share":"","sfsi_plus_gutenberg_icon_type":"","sfsi_plus_gutenberg_icon_alignemt":"","sfsi_plus_gutenburg_max_per_row":"","footnotes":""},"class_list":["post-229773","page","type-page","status-publish","has-post-thumbnail","hentry"],"yoast_head":"<!-- This site is optimized with the Yoast SEO plugin v23.8 - https:\/\/yoast.com\/wordpress\/plugins\/seo\/ -->\n<title>Auktorisoitu afrikaansin k\u00e4\u00e4nt\u00e4j\u00e4 Helsinki | Valaehtoinen afrikaansin<\/title>\n<meta name=\"description\" content=\"ABC Translation | Auktorisoitu afrikaansin k\u00e4\u00e4nt\u00e4j\u00e4 Helsinki | Valaehtoinen afrikaansin k\u00e4\u00e4nt\u00e4j\u00e4 Helsinki | Virallinen afrikaansin k\u00e4\u00e4nn\u00f6s\" \/>\n<meta name=\"robots\" content=\"index, follow, max-snippet:-1, max-image-preview:large, max-video-preview:-1\" \/>\n<link rel=\"canonical\" href=\"https:\/\/abc-office.eu\/fi\/suomi\/auktorisoitu-kaannos-suomi\/auktorisoitu-kaannos-helsinki\/auktorisoitu-afrikaansin-kaantaja-helsinki\/\" \/>\n<meta property=\"og:locale\" content=\"fi_FI\" \/>\n<meta property=\"og:type\" content=\"article\" \/>\n<meta property=\"og:title\" content=\"Auktorisoitu afrikaansin k\u00e4\u00e4nt\u00e4j\u00e4 Helsinki | Valaehtoinen afrikaansin\" \/>\n<meta property=\"og:description\" content=\"ABC Translation | Auktorisoitu afrikaansin k\u00e4\u00e4nt\u00e4j\u00e4 Helsinki | Valaehtoinen afrikaansin k\u00e4\u00e4nt\u00e4j\u00e4 Helsinki | Virallinen afrikaansin k\u00e4\u00e4nn\u00f6s\" \/>\n<meta property=\"og:url\" content=\"https:\/\/abc-office.eu\/fi\/suomi\/auktorisoitu-kaannos-suomi\/auktorisoitu-kaannos-helsinki\/auktorisoitu-afrikaansin-kaantaja-helsinki\/\" \/>\n<meta property=\"og:site_name\" content=\"ABC Translation\" \/>\n<meta property=\"article:modified_time\" content=\"2025-10-24T05:24:52+00:00\" \/>\n<meta property=\"og:image\" content=\"https:\/\/abc-office.eu\/wp-content\/uploads\/2025\/10\/Afrikaans-8.jpg\" \/>\n\t<meta property=\"og:image:width\" content=\"669\" \/>\n\t<meta property=\"og:image:height\" content=\"491\" \/>\n\t<meta property=\"og:image:type\" content=\"image\/jpeg\" \/>\n<meta name=\"twitter:card\" content=\"summary_large_image\" \/>\n<meta name=\"twitter:label1\" content=\"Arvioitu lukuaika\" \/>\n\t<meta name=\"twitter:data1\" content=\"3 minuuttia\" \/>\n<script type=\"application\/ld+json\" class=\"yoast-schema-graph\">{\"@context\":\"https:\/\/schema.org\",\"@graph\":[{\"@type\":\"WebPage\",\"@id\":\"https:\/\/abc-office.eu\/fi\/suomi\/auktorisoitu-kaannos-suomi\/auktorisoitu-kaannos-helsinki\/auktorisoitu-afrikaansin-kaantaja-helsinki\/\",\"url\":\"https:\/\/abc-office.eu\/fi\/suomi\/auktorisoitu-kaannos-suomi\/auktorisoitu-kaannos-helsinki\/auktorisoitu-afrikaansin-kaantaja-helsinki\/\",\"name\":\"Auktorisoitu afrikaansin k\u00e4\u00e4nt\u00e4j\u00e4 Helsinki | Valaehtoinen afrikaansin\",\"isPartOf\":{\"@id\":\"https:\/\/abc-office.eu\/fi\/#website\"},\"primaryImageOfPage\":{\"@id\":\"https:\/\/abc-office.eu\/fi\/suomi\/auktorisoitu-kaannos-suomi\/auktorisoitu-kaannos-helsinki\/auktorisoitu-afrikaansin-kaantaja-helsinki\/#primaryimage\"},\"image\":{\"@id\":\"https:\/\/abc-office.eu\/fi\/suomi\/auktorisoitu-kaannos-suomi\/auktorisoitu-kaannos-helsinki\/auktorisoitu-afrikaansin-kaantaja-helsinki\/#primaryimage\"},\"thumbnailUrl\":\"https:\/\/abc-office.eu\/wp-content\/uploads\/2025\/10\/Afrikaans-8.jpg\",\"datePublished\":\"2024-08-27T21:41:39+00:00\",\"dateModified\":\"2025-10-24T05:24:52+00:00\",\"description\":\"ABC Translation | Auktorisoitu afrikaansin k\u00e4\u00e4nt\u00e4j\u00e4 Helsinki | Valaehtoinen afrikaansin k\u00e4\u00e4nt\u00e4j\u00e4 Helsinki | Virallinen afrikaansin k\u00e4\u00e4nn\u00f6s\",\"breadcrumb\":{\"@id\":\"https:\/\/abc-office.eu\/fi\/suomi\/auktorisoitu-kaannos-suomi\/auktorisoitu-kaannos-helsinki\/auktorisoitu-afrikaansin-kaantaja-helsinki\/#breadcrumb\"},\"inLanguage\":\"fi\",\"potentialAction\":[{\"@type\":\"ReadAction\",\"target\":[\"https:\/\/abc-office.eu\/fi\/suomi\/auktorisoitu-kaannos-suomi\/auktorisoitu-kaannos-helsinki\/auktorisoitu-afrikaansin-kaantaja-helsinki\/\"]}]},{\"@type\":\"ImageObject\",\"inLanguage\":\"fi\",\"@id\":\"https:\/\/abc-office.eu\/fi\/suomi\/auktorisoitu-kaannos-suomi\/auktorisoitu-kaannos-helsinki\/auktorisoitu-afrikaansin-kaantaja-helsinki\/#primaryimage\",\"url\":\"https:\/\/abc-office.eu\/wp-content\/uploads\/2025\/10\/Afrikaans-8.jpg\",\"contentUrl\":\"https:\/\/abc-office.eu\/wp-content\/uploads\/2025\/10\/Afrikaans-8.jpg\",\"width\":669,\"height\":491},{\"@type\":\"BreadcrumbList\",\"@id\":\"https:\/\/abc-office.eu\/fi\/suomi\/auktorisoitu-kaannos-suomi\/auktorisoitu-kaannos-helsinki\/auktorisoitu-afrikaansin-kaantaja-helsinki\/#breadcrumb\",\"itemListElement\":[{\"@type\":\"ListItem\",\"position\":1,\"name\":\"Accueil\",\"item\":\"https:\/\/abc-office.eu\/fi\/\"},{\"@type\":\"ListItem\",\"position\":2,\"name\":\"Suomi\",\"item\":\"https:\/\/abc-office.eu\/fi\/suomi\/\"},{\"@type\":\"ListItem\",\"position\":3,\"name\":\"Auktorisoitu k\u00e4\u00e4nn\u00f6s Suomi\",\"item\":\"https:\/\/abc-office.eu\/fi\/suomi\/auktorisoitu-kaannos-suomi\/\"},{\"@type\":\"ListItem\",\"position\":4,\"name\":\"Auktorisoitu k\u00e4\u00e4nn\u00f6s Helsinki\",\"item\":\"https:\/\/abc-office.eu\/fi\/suomi\/auktorisoitu-kaannos-suomi\/auktorisoitu-kaannos-helsinki\/\"},{\"@type\":\"ListItem\",\"position\":5,\"name\":\"Auktorisoitu afrikaansin k\u00e4\u00e4nt\u00e4j\u00e4 Helsinki\"}]},{\"@type\":\"WebSite\",\"@id\":\"https:\/\/abc-office.eu\/fi\/#website\",\"url\":\"https:\/\/abc-office.eu\/fi\/\",\"name\":\"ABC Translation\",\"description\":\"info@abc-office.eu\",\"potentialAction\":[{\"@type\":\"SearchAction\",\"target\":{\"@type\":\"EntryPoint\",\"urlTemplate\":\"https:\/\/abc-office.eu\/fi\/?s={search_term_string}\"},\"query-input\":{\"@type\":\"PropertyValueSpecification\",\"valueRequired\":true,\"valueName\":\"search_term_string\"}}],\"inLanguage\":\"fi\"}]}<\/script>\n<!-- \/ Yoast SEO plugin. -->","yoast_head_json":{"title":"Auktorisoitu afrikaansin k\u00e4\u00e4nt\u00e4j\u00e4 Helsinki | Valaehtoinen afrikaansin","description":"ABC Translation | Auktorisoitu afrikaansin k\u00e4\u00e4nt\u00e4j\u00e4 Helsinki | Valaehtoinen afrikaansin k\u00e4\u00e4nt\u00e4j\u00e4 Helsinki | Virallinen afrikaansin k\u00e4\u00e4nn\u00f6s","robots":{"index":"index","follow":"follow","max-snippet":"max-snippet:-1","max-image-preview":"max-image-preview:large","max-video-preview":"max-video-preview:-1"},"canonical":"https:\/\/abc-office.eu\/fi\/suomi\/auktorisoitu-kaannos-suomi\/auktorisoitu-kaannos-helsinki\/auktorisoitu-afrikaansin-kaantaja-helsinki\/","og_locale":"fi_FI","og_type":"article","og_title":"Auktorisoitu afrikaansin k\u00e4\u00e4nt\u00e4j\u00e4 Helsinki | Valaehtoinen afrikaansin","og_description":"ABC Translation | Auktorisoitu afrikaansin k\u00e4\u00e4nt\u00e4j\u00e4 Helsinki | Valaehtoinen afrikaansin k\u00e4\u00e4nt\u00e4j\u00e4 Helsinki | Virallinen afrikaansin k\u00e4\u00e4nn\u00f6s","og_url":"https:\/\/abc-office.eu\/fi\/suomi\/auktorisoitu-kaannos-suomi\/auktorisoitu-kaannos-helsinki\/auktorisoitu-afrikaansin-kaantaja-helsinki\/","og_site_name":"ABC Translation","article_modified_time":"2025-10-24T05:24:52+00:00","og_image":[{"width":669,"height":491,"url":"https:\/\/abc-office.eu\/wp-content\/uploads\/2025\/10\/Afrikaans-8.jpg","type":"image\/jpeg"}],"twitter_card":"summary_large_image","twitter_misc":{"Arvioitu lukuaika":"3 minuuttia"},"schema":{"@context":"https:\/\/schema.org","@graph":[{"@type":"WebPage","@id":"https:\/\/abc-office.eu\/fi\/suomi\/auktorisoitu-kaannos-suomi\/auktorisoitu-kaannos-helsinki\/auktorisoitu-afrikaansin-kaantaja-helsinki\/","url":"https:\/\/abc-office.eu\/fi\/suomi\/auktorisoitu-kaannos-suomi\/auktorisoitu-kaannos-helsinki\/auktorisoitu-afrikaansin-kaantaja-helsinki\/","name":"Auktorisoitu afrikaansin k\u00e4\u00e4nt\u00e4j\u00e4 Helsinki | Valaehtoinen afrikaansin","isPartOf":{"@id":"https:\/\/abc-office.eu\/fi\/#website"},"primaryImageOfPage":{"@id":"https:\/\/abc-office.eu\/fi\/suomi\/auktorisoitu-kaannos-suomi\/auktorisoitu-kaannos-helsinki\/auktorisoitu-afrikaansin-kaantaja-helsinki\/#primaryimage"},"image":{"@id":"https:\/\/abc-office.eu\/fi\/suomi\/auktorisoitu-kaannos-suomi\/auktorisoitu-kaannos-helsinki\/auktorisoitu-afrikaansin-kaantaja-helsinki\/#primaryimage"},"thumbnailUrl":"https:\/\/abc-office.eu\/wp-content\/uploads\/2025\/10\/Afrikaans-8.jpg","datePublished":"2024-08-27T21:41:39+00:00","dateModified":"2025-10-24T05:24:52+00:00","description":"ABC Translation | Auktorisoitu afrikaansin k\u00e4\u00e4nt\u00e4j\u00e4 Helsinki | Valaehtoinen afrikaansin k\u00e4\u00e4nt\u00e4j\u00e4 Helsinki | Virallinen afrikaansin k\u00e4\u00e4nn\u00f6s","breadcrumb":{"@id":"https:\/\/abc-office.eu\/fi\/suomi\/auktorisoitu-kaannos-suomi\/auktorisoitu-kaannos-helsinki\/auktorisoitu-afrikaansin-kaantaja-helsinki\/#breadcrumb"},"inLanguage":"fi","potentialAction":[{"@type":"ReadAction","target":["https:\/\/abc-office.eu\/fi\/suomi\/auktorisoitu-kaannos-suomi\/auktorisoitu-kaannos-helsinki\/auktorisoitu-afrikaansin-kaantaja-helsinki\/"]}]},{"@type":"ImageObject","inLanguage":"fi","@id":"https:\/\/abc-office.eu\/fi\/suomi\/auktorisoitu-kaannos-suomi\/auktorisoitu-kaannos-helsinki\/auktorisoitu-afrikaansin-kaantaja-helsinki\/#primaryimage","url":"https:\/\/abc-office.eu\/wp-content\/uploads\/2025\/10\/Afrikaans-8.jpg","contentUrl":"https:\/\/abc-office.eu\/wp-content\/uploads\/2025\/10\/Afrikaans-8.jpg","width":669,"height":491},{"@type":"BreadcrumbList","@id":"https:\/\/abc-office.eu\/fi\/suomi\/auktorisoitu-kaannos-suomi\/auktorisoitu-kaannos-helsinki\/auktorisoitu-afrikaansin-kaantaja-helsinki\/#breadcrumb","itemListElement":[{"@type":"ListItem","position":1,"name":"Accueil","item":"https:\/\/abc-office.eu\/fi\/"},{"@type":"ListItem","position":2,"name":"Suomi","item":"https:\/\/abc-office.eu\/fi\/suomi\/"},{"@type":"ListItem","position":3,"name":"Auktorisoitu k\u00e4\u00e4nn\u00f6s Suomi","item":"https:\/\/abc-office.eu\/fi\/suomi\/auktorisoitu-kaannos-suomi\/"},{"@type":"ListItem","position":4,"name":"Auktorisoitu k\u00e4\u00e4nn\u00f6s Helsinki","item":"https:\/\/abc-office.eu\/fi\/suomi\/auktorisoitu-kaannos-suomi\/auktorisoitu-kaannos-helsinki\/"},{"@type":"ListItem","position":5,"name":"Auktorisoitu afrikaansin k\u00e4\u00e4nt\u00e4j\u00e4 Helsinki"}]},{"@type":"WebSite","@id":"https:\/\/abc-office.eu\/fi\/#website","url":"https:\/\/abc-office.eu\/fi\/","name":"ABC Translation","description":"info@abc-office.eu","potentialAction":[{"@type":"SearchAction","target":{"@type":"EntryPoint","urlTemplate":"https:\/\/abc-office.eu\/fi\/?s={search_term_string}"},"query-input":{"@type":"PropertyValueSpecification","valueRequired":true,"valueName":"search_term_string"}}],"inLanguage":"fi"}]}},"_links":{"self":[{"href":"https:\/\/abc-office.eu\/fi\/wp-json\/wp\/v2\/pages\/229773","targetHints":{"allow":["GET"]}}],"collection":[{"href":"https:\/\/abc-office.eu\/fi\/wp-json\/wp\/v2\/pages"}],"about":[{"href":"https:\/\/abc-office.eu\/fi\/wp-json\/wp\/v2\/types\/page"}],"author":[{"embeddable":true,"href":"https:\/\/abc-office.eu\/fi\/wp-json\/wp\/v2\/users\/1"}],"replies":[{"embeddable":true,"href":"https:\/\/abc-office.eu\/fi\/wp-json\/wp\/v2\/comments?post=229773"}],"version-history":[{"count":3,"href":"https:\/\/abc-office.eu\/fi\/wp-json\/wp\/v2\/pages\/229773\/revisions"}],"predecessor-version":[{"id":230982,"href":"https:\/\/abc-office.eu\/fi\/wp-json\/wp\/v2\/pages\/229773\/revisions\/230982"}],"up":[{"embeddable":true,"href":"https:\/\/abc-office.eu\/fi\/wp-json\/wp\/v2\/pages\/229750"}],"wp:featuredmedia":[{"embeddable":true,"href":"https:\/\/abc-office.eu\/fi\/wp-json\/wp\/v2\/media\/229774"}],"wp:attachment":[{"href":"https:\/\/abc-office.eu\/fi\/wp-json\/wp\/v2\/media?parent=229773"}],"curies":[{"name":"wp","href":"https:\/\/api.w.org\/{rel}","templated":true}]}}