{"id":229750,"date":"2024-08-27T23:31:42","date_gmt":"2024-08-27T21:31:42","guid":{"rendered":"https:\/\/abc-office.eu\/?page_id=229750"},"modified":"2025-10-24T07:21:13","modified_gmt":"2025-10-24T05:21:13","slug":"auktorisoitu-kaannos-helsinki","status":"publish","type":"page","link":"https:\/\/abc-office.eu\/fi\/suomi\/auktorisoitu-kaannos-suomi\/auktorisoitu-kaannos-helsinki\/","title":{"rendered":"Auktorisoitu k\u00e4\u00e4nn\u00f6s Helsinki"},"content":{"rendered":"<h2 data-start=\"334\" data-end=\"367\">Auktorisoitu k\u00e4\u00e4nn\u00f6s Helsinki<\/h2>\n<p style=\"text-align: justify;\">K\u00e4\u00e4nn\u00f6stoimistomme on erikoistunut auktorisoituihin ja valaehtoisiin k\u00e4\u00e4nn\u00f6ksiin yli 80 kielell\u00e4. <strong>Helsingiss\u00e4 toimiva tiimimme<\/strong>\u00a0 k\u00e4sittelee pyynt\u00f6si nopeasti. Tarvitsemme vain kopion k\u00e4\u00e4nnett\u00e4vist\u00e4 asiakirjoista (kaikki tiedostomuodot hyv\u00e4ksyt\u00e4\u00e4n). <strong>Alkuper\u00e4isi\u00e4 asiakirjoja ei en\u00e4\u00e4 vaadita<\/strong> (auktorisoitu k\u00e4\u00e4nn\u00f6s Helsinki).<\/p>\n<ol>\n<li style=\"text-align: justify;\">Ensinn\u00e4kin voit k\u00e4ytt\u00e4\u00e4 s\u00e4hk\u00f6postiosoitetta (<a href=\"mailto:info@abc-office.eu\">info@abc-office.eu<\/a>), yhteydenottolomaketta tai WhatsApp-linkki\u00e4mme.<\/li>\n<li style=\"text-align: justify;\">Toiseksi ilmoitathan kielen, jolle haluat k\u00e4\u00e4nn\u00f6ksen teht\u00e4v\u00e4n, sek\u00e4 sen, tarvitsetko k\u00e4\u00e4nn\u00f6ksen <strong>julkisen notaarin<\/strong>\u00a0 vahvistamana ja\/tai varustettuna <strong>apostille-todistuksella<\/strong> <em>(Ulkoministeri\u00f6)<\/em>.<\/li>\n<li style=\"text-align: justify;\">Kolmanneksi yksi projektip\u00e4\u00e4llik\u00f6ist\u00e4mme toimittaa sinulle nopeasti tarjouksen, jossa mainitaan hinta ja arvioitu toimitusaika. <strong>Vastaamme yleens\u00e4 30 minuutissa<\/strong>\u00a0<strong>.<\/strong> Jos et ole saanut vastausta tunnin kuluessa, pyyd\u00e4mme yst\u00e4v\u00e4llisesti soittamaan meille.<\/li>\n<li style=\"text-align: justify;\">Nelj\u00e4nneksi \u2013 ja mik\u00e4 t\u00e4rkeint\u00e4\u00a0 \u2013 kun tarjous on hyv\u00e4ksytty, aloitamme k\u00e4\u00e4nn\u00f6sprosessin ja l\u00e4het\u00e4mme <strong>auktorisoidut k\u00e4\u00e4nn\u00f6kset<\/strong> postitse. Mik\u00e4li tarvitset my\u00f6s kopion s\u00e4hk\u00f6postitse, ilmoitathan siit\u00e4 projektip\u00e4\u00e4llik\u00f6lle, niin l\u00e4het\u00e4mme sen sinulle <strong>ennen alkuper\u00e4isten postitusta<\/strong>\u00a0.<\/li>\n<\/ol>\n<p><strong>Toimitusajoista:<\/strong> auktorisoidut k\u00e4\u00e4nn\u00f6kset toimitetaan postitse tai DHL:ll\u00e4 ja\/tai s\u00e4hk\u00f6postitse <strong>2\u20133 arkip\u00e4iv\u00e4ss\u00e4<\/strong>\u00a0. Aika riippuu asiakirjojen m\u00e4\u00e4r\u00e4st\u00e4 ja vaikeusasteesta. Esimerkiksi yhden sivun asiakirja toimitetaan yleens\u00e4 <strong>kahdessa arkip\u00e4iv\u00e4ss\u00e4<\/strong>\u00a0 postitse.<\/p>\n<h3>P\u00e4\u00e4kielemme:<\/h3>\n<p style=\"text-align: justify;\">afrikaans | albania | amerikanenglanti | amhara | arabia | armenia | aymara | azerbaid\u017eani | baski | bengali | bosnia | brasilian portugali | bulgaria | burma | dari | englanti | espanja | ewe | farsi | fula | georgia | guarani | heprea | hindi | hollanti | indonesia | italia | japani | kantoninkiina | katalaani | kazakki | ket\u0161ua | khmer | kiina | kirgiisi | korea | kreikka | kroatia | kurdi | lao | latvia | liettua | lingala | makedonia | malaiji | malajalam | mandariinikiina | moldovan kieli | mongolia | montenegro | norja | pa\u0161tu | perinteinen kiina | persia | portugali | puola | punjabi | romania | ruotsi | saksa | serbia | sinhali | slovakki | slovenia | suomi | tamili | tanska | thai | t\u0161ekki | turkki | turkmeeni | ukraina | unkari | urdu | uzbekki | valkoven\u00e4j\u00e4 | ven\u00e4j\u00e4 | vietnam | viro | yksinkertaistettu kiina<\/p>\n<h3><strong>Yleisimm\u00e4t varmennus- ja laillistamistyypit:<\/strong><\/h3>\n<ul>\n<li style=\"text-align: justify;\"><strong>Auktorisoitu k\u00e4\u00e4nn\u00f6s<\/strong>\u00a0<strong>:<\/strong> toimitamme k\u00e4\u00e4nn\u00f6ksen leimallamme ja allekirjoituksellamme.<\/li>\n<li style=\"text-align: justify;\"><strong>Auktorisoitu k\u00e4\u00e4nn\u00f6s (m\u00e4\u00e4ritelm\u00e4):<\/strong> auktorisoitu k\u00e4\u00e4nt\u00e4j\u00e4 on l\u00e4p\u00e4issyt Opetushallituksen j\u00e4rjest\u00e4m\u00e4n tutkinnon ja voi vahvistaa k\u00e4\u00e4nn\u00f6ksens\u00e4 leimalla ja allekirjoituksella. T\u00e4llainen k\u00e4\u00e4nn\u00f6s hyv\u00e4ksyt\u00e4\u00e4n viranomaisissa Suomessa, ja se voidaan \u00a0 ulkomailla k\u00e4ytt\u00f6\u00e4 varten.<\/li>\n<li style=\"text-align: justify;\"><strong>Laillistettu k\u00e4\u00e4nn\u00f6s:<\/strong> julkinen notaari vahvistaa k\u00e4\u00e4nt\u00e4j\u00e4n allekirjoituksen k\u00e4\u00e4nn\u00f6ksess\u00e4.<\/li>\n<li style=\"text-align: justify;\"><strong>K\u00e4\u00e4nn\u00f6s apostillella:<\/strong> <strong>apostille-todistus<\/strong> vahvistaa julkisen notaarin allekirjoituksen\u00a0.<\/li>\n<li style=\"text-align: justify;\"><strong>Suurl\u00e4hetyst\u00f6n tai konsulaatin laillistama k\u00e4\u00e4nn\u00f6s:<\/strong> suurl\u00e4hetyst\u00f6 tai konsulaatti vahvistaa k\u00e4\u00e4nn\u00f6ksen kohdemaan vaatimusten mukaan.<\/li>\n<\/ul>\n<p style=\"text-align: justify;\">Oikein varmennettuina k\u00e4\u00e4nn\u00f6kset hyv\u00e4ksyt\u00e4\u00e4n sek\u00e4 Suomessa ett\u00e4 ulkomailla. Mik\u00e4li sinulla on kysymyksi\u00e4 siit\u00e4, millaista varmentamista tarvitset asiakirjoillesi, ota rohkeasti yhteytt\u00e4 tiimiimme. Opastamme sinut prosessin l\u00e4pi (auktorisoitu k\u00e4\u00e4nn\u00f6s Helsinki).<\/p>\n<p style=\"text-align: justify;\">Odotamme innolla yhteisty\u00f6t\u00e4 kanssanne.<\/p>\n<p data-start=\"3680\" data-end=\"3703\"><a href=\"https:\/\/abc-office.eu\/fi\/\"><strong data-start=\"3680\" data-end=\"3703\">ABC Translation LLC<\/strong><\/a><\/p>\n<p data-start=\"3680\" data-end=\"3703\"><img loading=\"lazy\" decoding=\"async\" class=\"aligncenter wp-image-271\" src=\"https:\/\/abc-office.ch\/wp-content\/uploads\/2018\/06\/imageedit_1_6241191614.gif\" alt=\"Auktorisoitu k\u00e4\u00e4nn\u00f6s Helsinki\" width=\"437\" height=\"437\" \/><\/p>\n","protected":false},"excerpt":{"rendered":"<p>Auktorisoitu k\u00e4\u00e4nn\u00f6s Helsinki K\u00e4\u00e4nn\u00f6stoimistomme on erikoistunut auktorisoituihin ja valaehtoisiin k\u00e4\u00e4nn\u00f6ksiin yli 80 kielell\u00e4. Helsingiss\u00e4 toimiva tiimimme\u00a0 k\u00e4sittelee pyynt\u00f6si nopeasti. Tarvitsemme vain kopion k\u00e4\u00e4nnett\u00e4vist\u00e4 asiakirjoista (kaikki tiedostomuodot hyv\u00e4ksyt\u00e4\u00e4n). Alkuper\u00e4isi\u00e4 asiakirjoja ei en\u00e4\u00e4 vaadita (auktorisoitu k\u00e4\u00e4nn\u00f6s Helsinki). Ensinn\u00e4kin voit k\u00e4ytt\u00e4\u00e4 s\u00e4hk\u00f6postiosoitetta (info@abc-office.eu), yhteydenottolomaketta tai WhatsApp-linkki\u00e4mme. Toiseksi ilmoitathan kielen, jolle haluat k\u00e4\u00e4nn\u00f6ksen teht\u00e4v\u00e4n, sek\u00e4 sen, tarvitsetko k\u00e4\u00e4nn\u00f6ksen julkisen&#8230;<\/p>\n","protected":false},"author":1,"featured_media":229751,"parent":229721,"menu_order":0,"comment_status":"closed","ping_status":"closed","template":"","meta":{"sfsi_plus_gutenberg_text_before_share":"","sfsi_plus_gutenberg_show_text_before_share":"","sfsi_plus_gutenberg_icon_type":"","sfsi_plus_gutenberg_icon_alignemt":"","sfsi_plus_gutenburg_max_per_row":"","footnotes":""},"class_list":["post-229750","page","type-page","status-publish","has-post-thumbnail","hentry"],"yoast_head":"<!-- This site is optimized with the Yoast SEO plugin v23.8 - https:\/\/yoast.com\/wordpress\/plugins\/seo\/ -->\n<title>Auktorisoitu k\u00e4\u00e4nn\u00f6s Helsinki | Auktorisoitu k\u00e4\u00e4nt\u00e4j\u00e4 Helsinki<\/title>\n<meta name=\"description\" content=\"ABC Translation | Auktorisoitu k\u00e4\u00e4nn\u00f6s Helsinki | Auktorisoitu k\u00e4\u00e4nt\u00e4j\u00e4 Helsinki | Virallinen k\u00e4\u00e4nn\u00f6s Helsinki | Notaarin laillistus Helsinki\" \/>\n<meta name=\"robots\" content=\"index, follow, max-snippet:-1, max-image-preview:large, max-video-preview:-1\" \/>\n<link rel=\"canonical\" href=\"https:\/\/abc-office.eu\/fi\/suomi\/auktorisoitu-kaannos-suomi\/auktorisoitu-kaannos-helsinki\/\" \/>\n<meta property=\"og:locale\" content=\"fi_FI\" \/>\n<meta property=\"og:type\" content=\"article\" \/>\n<meta property=\"og:title\" content=\"Auktorisoitu k\u00e4\u00e4nn\u00f6s Helsinki | Auktorisoitu k\u00e4\u00e4nt\u00e4j\u00e4 Helsinki\" \/>\n<meta property=\"og:description\" content=\"ABC Translation | Auktorisoitu k\u00e4\u00e4nn\u00f6s Helsinki | Auktorisoitu k\u00e4\u00e4nt\u00e4j\u00e4 Helsinki | Virallinen k\u00e4\u00e4nn\u00f6s Helsinki | Notaarin laillistus Helsinki\" \/>\n<meta property=\"og:url\" content=\"https:\/\/abc-office.eu\/fi\/suomi\/auktorisoitu-kaannos-suomi\/auktorisoitu-kaannos-helsinki\/\" \/>\n<meta property=\"og:site_name\" content=\"ABC Translation\" \/>\n<meta property=\"article:modified_time\" content=\"2025-10-24T05:21:13+00:00\" \/>\n<meta property=\"og:image\" content=\"https:\/\/abc-office.eu\/wp-content\/uploads\/2025\/10\/Eduskuntatalo_Helsinki-542x410-1.jpg\" \/>\n\t<meta property=\"og:image:width\" content=\"542\" \/>\n\t<meta property=\"og:image:height\" content=\"410\" \/>\n\t<meta property=\"og:image:type\" content=\"image\/jpeg\" \/>\n<meta name=\"twitter:card\" content=\"summary_large_image\" \/>\n<meta name=\"twitter:label1\" content=\"Arvioitu lukuaika\" \/>\n\t<meta name=\"twitter:data1\" content=\"3 minuuttia\" \/>\n<script type=\"application\/ld+json\" class=\"yoast-schema-graph\">{\"@context\":\"https:\/\/schema.org\",\"@graph\":[{\"@type\":\"WebPage\",\"@id\":\"https:\/\/abc-office.eu\/fi\/suomi\/auktorisoitu-kaannos-suomi\/auktorisoitu-kaannos-helsinki\/\",\"url\":\"https:\/\/abc-office.eu\/fi\/suomi\/auktorisoitu-kaannos-suomi\/auktorisoitu-kaannos-helsinki\/\",\"name\":\"Auktorisoitu k\u00e4\u00e4nn\u00f6s Helsinki | Auktorisoitu k\u00e4\u00e4nt\u00e4j\u00e4 Helsinki\",\"isPartOf\":{\"@id\":\"https:\/\/abc-office.eu\/fi\/#website\"},\"primaryImageOfPage\":{\"@id\":\"https:\/\/abc-office.eu\/fi\/suomi\/auktorisoitu-kaannos-suomi\/auktorisoitu-kaannos-helsinki\/#primaryimage\"},\"image\":{\"@id\":\"https:\/\/abc-office.eu\/fi\/suomi\/auktorisoitu-kaannos-suomi\/auktorisoitu-kaannos-helsinki\/#primaryimage\"},\"thumbnailUrl\":\"https:\/\/abc-office.eu\/wp-content\/uploads\/2025\/10\/Eduskuntatalo_Helsinki-542x410-1.jpg\",\"datePublished\":\"2024-08-27T21:31:42+00:00\",\"dateModified\":\"2025-10-24T05:21:13+00:00\",\"description\":\"ABC Translation | Auktorisoitu k\u00e4\u00e4nn\u00f6s Helsinki | Auktorisoitu k\u00e4\u00e4nt\u00e4j\u00e4 Helsinki | Virallinen k\u00e4\u00e4nn\u00f6s Helsinki | Notaarin laillistus Helsinki\",\"breadcrumb\":{\"@id\":\"https:\/\/abc-office.eu\/fi\/suomi\/auktorisoitu-kaannos-suomi\/auktorisoitu-kaannos-helsinki\/#breadcrumb\"},\"inLanguage\":\"fi\",\"potentialAction\":[{\"@type\":\"ReadAction\",\"target\":[\"https:\/\/abc-office.eu\/fi\/suomi\/auktorisoitu-kaannos-suomi\/auktorisoitu-kaannos-helsinki\/\"]}]},{\"@type\":\"ImageObject\",\"inLanguage\":\"fi\",\"@id\":\"https:\/\/abc-office.eu\/fi\/suomi\/auktorisoitu-kaannos-suomi\/auktorisoitu-kaannos-helsinki\/#primaryimage\",\"url\":\"https:\/\/abc-office.eu\/wp-content\/uploads\/2025\/10\/Eduskuntatalo_Helsinki-542x410-1.jpg\",\"contentUrl\":\"https:\/\/abc-office.eu\/wp-content\/uploads\/2025\/10\/Eduskuntatalo_Helsinki-542x410-1.jpg\",\"width\":542,\"height\":410,\"caption\":\"Forgot to switch my camera to ISO 100, so it's kinda noisy. :( I should program camera presets for tripod shooting.\"},{\"@type\":\"BreadcrumbList\",\"@id\":\"https:\/\/abc-office.eu\/fi\/suomi\/auktorisoitu-kaannos-suomi\/auktorisoitu-kaannos-helsinki\/#breadcrumb\",\"itemListElement\":[{\"@type\":\"ListItem\",\"position\":1,\"name\":\"Accueil\",\"item\":\"https:\/\/abc-office.eu\/fi\/\"},{\"@type\":\"ListItem\",\"position\":2,\"name\":\"Suomi\",\"item\":\"https:\/\/abc-office.eu\/fi\/suomi\/\"},{\"@type\":\"ListItem\",\"position\":3,\"name\":\"Auktorisoitu k\u00e4\u00e4nn\u00f6s Suomi\",\"item\":\"https:\/\/abc-office.eu\/fi\/suomi\/auktorisoitu-kaannos-suomi\/\"},{\"@type\":\"ListItem\",\"position\":4,\"name\":\"Auktorisoitu k\u00e4\u00e4nn\u00f6s Helsinki\"}]},{\"@type\":\"WebSite\",\"@id\":\"https:\/\/abc-office.eu\/fi\/#website\",\"url\":\"https:\/\/abc-office.eu\/fi\/\",\"name\":\"ABC Translation\",\"description\":\"info@abc-office.eu\",\"potentialAction\":[{\"@type\":\"SearchAction\",\"target\":{\"@type\":\"EntryPoint\",\"urlTemplate\":\"https:\/\/abc-office.eu\/fi\/?s={search_term_string}\"},\"query-input\":{\"@type\":\"PropertyValueSpecification\",\"valueRequired\":true,\"valueName\":\"search_term_string\"}}],\"inLanguage\":\"fi\"}]}<\/script>\n<!-- \/ Yoast SEO plugin. -->","yoast_head_json":{"title":"Auktorisoitu k\u00e4\u00e4nn\u00f6s Helsinki | Auktorisoitu k\u00e4\u00e4nt\u00e4j\u00e4 Helsinki","description":"ABC Translation | Auktorisoitu k\u00e4\u00e4nn\u00f6s Helsinki | Auktorisoitu k\u00e4\u00e4nt\u00e4j\u00e4 Helsinki | Virallinen k\u00e4\u00e4nn\u00f6s Helsinki | Notaarin laillistus Helsinki","robots":{"index":"index","follow":"follow","max-snippet":"max-snippet:-1","max-image-preview":"max-image-preview:large","max-video-preview":"max-video-preview:-1"},"canonical":"https:\/\/abc-office.eu\/fi\/suomi\/auktorisoitu-kaannos-suomi\/auktorisoitu-kaannos-helsinki\/","og_locale":"fi_FI","og_type":"article","og_title":"Auktorisoitu k\u00e4\u00e4nn\u00f6s Helsinki | Auktorisoitu k\u00e4\u00e4nt\u00e4j\u00e4 Helsinki","og_description":"ABC Translation | Auktorisoitu k\u00e4\u00e4nn\u00f6s Helsinki | Auktorisoitu k\u00e4\u00e4nt\u00e4j\u00e4 Helsinki | Virallinen k\u00e4\u00e4nn\u00f6s Helsinki | Notaarin laillistus Helsinki","og_url":"https:\/\/abc-office.eu\/fi\/suomi\/auktorisoitu-kaannos-suomi\/auktorisoitu-kaannos-helsinki\/","og_site_name":"ABC Translation","article_modified_time":"2025-10-24T05:21:13+00:00","og_image":[{"width":542,"height":410,"url":"https:\/\/abc-office.eu\/wp-content\/uploads\/2025\/10\/Eduskuntatalo_Helsinki-542x410-1.jpg","type":"image\/jpeg"}],"twitter_card":"summary_large_image","twitter_misc":{"Arvioitu lukuaika":"3 minuuttia"},"schema":{"@context":"https:\/\/schema.org","@graph":[{"@type":"WebPage","@id":"https:\/\/abc-office.eu\/fi\/suomi\/auktorisoitu-kaannos-suomi\/auktorisoitu-kaannos-helsinki\/","url":"https:\/\/abc-office.eu\/fi\/suomi\/auktorisoitu-kaannos-suomi\/auktorisoitu-kaannos-helsinki\/","name":"Auktorisoitu k\u00e4\u00e4nn\u00f6s Helsinki | Auktorisoitu k\u00e4\u00e4nt\u00e4j\u00e4 Helsinki","isPartOf":{"@id":"https:\/\/abc-office.eu\/fi\/#website"},"primaryImageOfPage":{"@id":"https:\/\/abc-office.eu\/fi\/suomi\/auktorisoitu-kaannos-suomi\/auktorisoitu-kaannos-helsinki\/#primaryimage"},"image":{"@id":"https:\/\/abc-office.eu\/fi\/suomi\/auktorisoitu-kaannos-suomi\/auktorisoitu-kaannos-helsinki\/#primaryimage"},"thumbnailUrl":"https:\/\/abc-office.eu\/wp-content\/uploads\/2025\/10\/Eduskuntatalo_Helsinki-542x410-1.jpg","datePublished":"2024-08-27T21:31:42+00:00","dateModified":"2025-10-24T05:21:13+00:00","description":"ABC Translation | Auktorisoitu k\u00e4\u00e4nn\u00f6s Helsinki | Auktorisoitu k\u00e4\u00e4nt\u00e4j\u00e4 Helsinki | Virallinen k\u00e4\u00e4nn\u00f6s Helsinki | Notaarin laillistus Helsinki","breadcrumb":{"@id":"https:\/\/abc-office.eu\/fi\/suomi\/auktorisoitu-kaannos-suomi\/auktorisoitu-kaannos-helsinki\/#breadcrumb"},"inLanguage":"fi","potentialAction":[{"@type":"ReadAction","target":["https:\/\/abc-office.eu\/fi\/suomi\/auktorisoitu-kaannos-suomi\/auktorisoitu-kaannos-helsinki\/"]}]},{"@type":"ImageObject","inLanguage":"fi","@id":"https:\/\/abc-office.eu\/fi\/suomi\/auktorisoitu-kaannos-suomi\/auktorisoitu-kaannos-helsinki\/#primaryimage","url":"https:\/\/abc-office.eu\/wp-content\/uploads\/2025\/10\/Eduskuntatalo_Helsinki-542x410-1.jpg","contentUrl":"https:\/\/abc-office.eu\/wp-content\/uploads\/2025\/10\/Eduskuntatalo_Helsinki-542x410-1.jpg","width":542,"height":410,"caption":"Forgot to switch my camera to ISO 100, so it's kinda noisy. :( I should program camera presets for tripod shooting."},{"@type":"BreadcrumbList","@id":"https:\/\/abc-office.eu\/fi\/suomi\/auktorisoitu-kaannos-suomi\/auktorisoitu-kaannos-helsinki\/#breadcrumb","itemListElement":[{"@type":"ListItem","position":1,"name":"Accueil","item":"https:\/\/abc-office.eu\/fi\/"},{"@type":"ListItem","position":2,"name":"Suomi","item":"https:\/\/abc-office.eu\/fi\/suomi\/"},{"@type":"ListItem","position":3,"name":"Auktorisoitu k\u00e4\u00e4nn\u00f6s Suomi","item":"https:\/\/abc-office.eu\/fi\/suomi\/auktorisoitu-kaannos-suomi\/"},{"@type":"ListItem","position":4,"name":"Auktorisoitu k\u00e4\u00e4nn\u00f6s Helsinki"}]},{"@type":"WebSite","@id":"https:\/\/abc-office.eu\/fi\/#website","url":"https:\/\/abc-office.eu\/fi\/","name":"ABC Translation","description":"info@abc-office.eu","potentialAction":[{"@type":"SearchAction","target":{"@type":"EntryPoint","urlTemplate":"https:\/\/abc-office.eu\/fi\/?s={search_term_string}"},"query-input":{"@type":"PropertyValueSpecification","valueRequired":true,"valueName":"search_term_string"}}],"inLanguage":"fi"}]}},"_links":{"self":[{"href":"https:\/\/abc-office.eu\/fi\/wp-json\/wp\/v2\/pages\/229750","targetHints":{"allow":["GET"]}}],"collection":[{"href":"https:\/\/abc-office.eu\/fi\/wp-json\/wp\/v2\/pages"}],"about":[{"href":"https:\/\/abc-office.eu\/fi\/wp-json\/wp\/v2\/types\/page"}],"author":[{"embeddable":true,"href":"https:\/\/abc-office.eu\/fi\/wp-json\/wp\/v2\/users\/1"}],"replies":[{"embeddable":true,"href":"https:\/\/abc-office.eu\/fi\/wp-json\/wp\/v2\/comments?post=229750"}],"version-history":[{"count":3,"href":"https:\/\/abc-office.eu\/fi\/wp-json\/wp\/v2\/pages\/229750\/revisions"}],"predecessor-version":[{"id":230980,"href":"https:\/\/abc-office.eu\/fi\/wp-json\/wp\/v2\/pages\/229750\/revisions\/230980"}],"up":[{"embeddable":true,"href":"https:\/\/abc-office.eu\/fi\/wp-json\/wp\/v2\/pages\/229721"}],"wp:featuredmedia":[{"embeddable":true,"href":"https:\/\/abc-office.eu\/fi\/wp-json\/wp\/v2\/media\/229751"}],"wp:attachment":[{"href":"https:\/\/abc-office.eu\/fi\/wp-json\/wp\/v2\/media?parent=229750"}],"curies":[{"name":"wp","href":"https:\/\/api.w.org\/{rel}","templated":true}]}}