{"id":229721,"date":"2024-08-27T23:17:04","date_gmt":"2024-08-27T21:17:04","guid":{"rendered":"https:\/\/abc-office.eu\/?page_id=229721"},"modified":"2025-10-24T07:12:26","modified_gmt":"2025-10-24T05:12:26","slug":"auktorisoitu-kaannos-suomi","status":"publish","type":"page","link":"https:\/\/abc-office.eu\/fi\/suomi\/auktorisoitu-kaannos-suomi\/","title":{"rendered":"Auktorisoitu k\u00e4\u00e4nn\u00f6s Suomi"},"content":{"rendered":"<h2><strong>Auktorisoitu k\u00e4\u00e4nn\u00f6s Suomi<\/strong><\/h2>\n<p style=\"text-align: justify;\">Toimistomme, ABC Translation, on erikoistunut jo monien vuosien ajan auktorisoituihin k\u00e4\u00e4nn\u00f6ksiin. Tarjoamme kaikki alan palvelut \u2013 olipa kyse auktorisoidusta (virallisesta) k\u00e4\u00e4nn\u00f6ksest\u00e4, tavallisesta k\u00e4\u00e4nn\u00f6ksest\u00e4 tai tulkkauksesta <em>(auktorisoitu k\u00e4\u00e4nn\u00f6s Suomi)<\/em>.<\/p>\n<p style=\"text-align: justify;\">Yli 500 k\u00e4\u00e4nt\u00e4j\u00e4n ja tulkin verkostolla hoidamme mink\u00e4 tahansa projektin lyhyill\u00e4kin toimitusajoilla. Laatu ja nopea reagointi ovat vahvuuksiamme, jotta asiakkaamme saavat odotustensa mukaiset tulokset. Toimimme koko Suomessa. T\u00e4m\u00e4n kattavuuden ansiosta olemme kehittyneet ja tarjoamme nyky\u00e4\u00e4n k\u00e4\u00e4nn\u00f6spalveluita yli 60 kielell\u00e4 <em>(auktorisoitu k\u00e4\u00e4nn\u00f6s Suomi)<\/em>.<\/p>\n<h3><strong>Virallinen k\u00e4\u00e4nn\u00f6s:<\/strong><\/h3>\n<p style=\"text-align: justify;\">Olemme erikoistuneet auktorisoituihin k\u00e4\u00e4nn\u00f6ksiin, jotta asiointisi sujuisi sek\u00e4 Suomeen saapuessa ett\u00e4 ulkomaanmatkoja varten. K\u00e4\u00e4nn\u00f6kset laillistetaan yleens\u00e4 julkisella notaarilla ja t\u00e4m\u00e4n j\u00e4lkeen varustetaan apostille-todistuksella tai konsulilaillistetaan kansainv\u00e4listen sopimusten mukaisesti. Asiakkaiden toimitusajat ovat usein tiukkoja.<\/p>\n<p style=\"text-align: justify;\">T\u00e4st\u00e4 syyst\u00e4 olemme kehitt\u00e4neet j\u00e4rjestelm\u00e4n, jonka avulla asiakirjat voidaan k\u00e4\u00e4nt\u00e4\u00e4, laillistaa ja varustaa apostille-todistuksella nopeasti. Esimerkiksi alle viisisivuisen asiakirjan vaiheet valmistuvat yleens\u00e4 kahdessa arkip\u00e4iv\u00e4ss\u00e4. Tarvittaessa k\u00e4\u00e4nn\u00f6kset voidaan t\u00e4m\u00e4n j\u00e4lkeen laillistaa my\u00f6s kohdemaan konsulaatissa.<\/p>\n<p style=\"text-align: justify;\">Ulkomaisten tutkintojen tunnustamista varten tarvittavat viralliset k\u00e4\u00e4nn\u00f6kset Suomessa kuuluvat my\u00f6s palveluihimme. K\u00e4\u00e4nn\u00e4mme asiakirjat ja vahvistamme ne julkisella notaarilla, jotta ne hyv\u00e4ksyt\u00e4\u00e4n toimivaltaisissa viranomaisissa. N\u00e4in asiakirjasi ovat valmiit tunnustamista varten.<\/p>\n<h3><strong>Kielet:<\/strong><\/h3>\n<p style=\"text-align: justify;\">afrikaans | albania | amerikanenglanti | amhara | arabia | armenia | aymara | azerbaid\u017eani | baski | bengali | bosnia | brasilian portugali | bulgaria | burma | dari | englanti | espanja | ewe | farsi | fula | georgia | guarani | heprea | hindi | hollanti | indonesia | italia | japani | kantoninkiina | katalaani | kazakki | ket\u0161ua | khmer | kiina | kirgiisi | korea | kreikka | kroatia | kurdi | lao | latvia | liettua | lingala | makedonia | malaiji | malajalam | mandariinikiina | moldovan kieli | mongolia | montenegro | norja | pa\u0161tu | perinteinen kiina | persia | portugali | puola | punjabi | romania | ruotsi | saksa | serbia | sinhali | slovakki | slovenia | suomi | tamili | tanska | thai | t\u0161ekki | turkki | turkmeeni | ukraina | unkari | urdu | uzbekki | valkoven\u00e4j\u00e4 | ven\u00e4j\u00e4 | vietnam | viro | yksinkertaistettu kiina<\/p>\n<h3><strong>Asiakirjat:<\/strong><\/h3>\n<p style=\"text-align: justify;\">syntym\u00e4todistus | avioliittotodistus | siviilis\u00e4\u00e4tytodistus | todistus | patentti | rikosrekisteriote | naimattomuustodistus | kuolintodistus | perhetodistus | ty\u00f6todistus | veroilmoitus | tutkintotodistus | passi | ajokortti | testamentti | viisumi | sopimus | avioerop\u00e4\u00e4t\u00f6s | avioehtosopimus | tuomio | prosessiasiakirja | valtakirja | p\u00f6yt\u00e4kirja<\/p>\n<p style=\"text-align: justify;\">Muiden kielten osalta ota rohkeasti yhteytt\u00e4 <a href=\"https:\/\/abc-office.eu\/fi\/\">meihin<\/a>.<\/p>\n<p data-start=\"3049\" data-end=\"3110\"><img loading=\"lazy\" decoding=\"async\" class=\"aligncenter wp-image-26 size-medium\" src=\"https:\/\/abc-office.ch\/wp-content\/uploads\/2018\/06\/imageedit_1_6241191614-300x300.gif\" alt=\"Auktorisoitu k\u00e4\u00e4nn\u00f6s Suomi\" width=\"300\" height=\"300\" \/><\/p>\n","protected":false},"excerpt":{"rendered":"<p>Auktorisoitu k\u00e4\u00e4nn\u00f6s Suomi Toimistomme, ABC Translation, on erikoistunut jo monien vuosien ajan auktorisoituihin k\u00e4\u00e4nn\u00f6ksiin. Tarjoamme kaikki alan palvelut \u2013 olipa kyse auktorisoidusta (virallisesta) k\u00e4\u00e4nn\u00f6ksest\u00e4, tavallisesta k\u00e4\u00e4nn\u00f6ksest\u00e4 tai tulkkauksesta (auktorisoitu k\u00e4\u00e4nn\u00f6s Suomi). Yli 500 k\u00e4\u00e4nt\u00e4j\u00e4n ja tulkin verkostolla hoidamme mink\u00e4 tahansa projektin lyhyill\u00e4kin toimitusajoilla. Laatu ja nopea reagointi ovat vahvuuksiamme, jotta asiakkaamme saavat odotustensa mukaiset tulokset&#8230;.<\/p>\n","protected":false},"author":1,"featured_media":229722,"parent":229698,"menu_order":0,"comment_status":"closed","ping_status":"closed","template":"","meta":{"sfsi_plus_gutenberg_text_before_share":"","sfsi_plus_gutenberg_show_text_before_share":"","sfsi_plus_gutenberg_icon_type":"","sfsi_plus_gutenberg_icon_alignemt":"","sfsi_plus_gutenburg_max_per_row":"","footnotes":""},"class_list":["post-229721","page","type-page","status-publish","has-post-thumbnail","hentry"],"yoast_head":"<!-- This site is optimized with the Yoast SEO plugin v23.8 - https:\/\/yoast.com\/wordpress\/plugins\/seo\/ -->\n<title>Auktorisoitu k\u00e4\u00e4nn\u00f6s Suomi | Auktorisoitu k\u00e4\u00e4nt\u00e4j\u00e4 Suomi<\/title>\n<meta name=\"description\" content=\"ABC Translation | Auktorisoitu k\u00e4\u00e4nn\u00f6s Suomi | Auktorisoitu k\u00e4\u00e4nt\u00e4j\u00e4 Suomi | Virallinen k\u00e4\u00e4nn\u00f6s Suomi | Auktorisoitu k\u00e4\u00e4nt\u00e4j\u00e4 Suomi\" \/>\n<meta name=\"robots\" content=\"index, follow, max-snippet:-1, max-image-preview:large, max-video-preview:-1\" \/>\n<link rel=\"canonical\" href=\"https:\/\/abc-office.eu\/fi\/suomi\/auktorisoitu-kaannos-suomi\/\" \/>\n<meta property=\"og:locale\" content=\"fi_FI\" \/>\n<meta property=\"og:type\" content=\"article\" \/>\n<meta property=\"og:title\" content=\"Auktorisoitu k\u00e4\u00e4nn\u00f6s Suomi | Auktorisoitu k\u00e4\u00e4nt\u00e4j\u00e4 Suomi\" \/>\n<meta property=\"og:description\" content=\"ABC Translation | Auktorisoitu k\u00e4\u00e4nn\u00f6s Suomi | Auktorisoitu k\u00e4\u00e4nt\u00e4j\u00e4 Suomi | Virallinen k\u00e4\u00e4nn\u00f6s Suomi | Auktorisoitu k\u00e4\u00e4nt\u00e4j\u00e4 Suomi\" \/>\n<meta property=\"og:url\" content=\"https:\/\/abc-office.eu\/fi\/suomi\/auktorisoitu-kaannos-suomi\/\" \/>\n<meta property=\"og:site_name\" content=\"ABC Translation\" \/>\n<meta property=\"article:modified_time\" content=\"2025-10-24T05:12:26+00:00\" \/>\n<meta property=\"og:image\" content=\"https:\/\/abc-office.eu\/wp-content\/uploads\/2025\/10\/finlyandiya-flag-suomi-finland-768x490-1.jpg\" \/>\n\t<meta property=\"og:image:width\" content=\"768\" \/>\n\t<meta property=\"og:image:height\" content=\"490\" \/>\n\t<meta property=\"og:image:type\" content=\"image\/jpeg\" \/>\n<meta name=\"twitter:card\" content=\"summary_large_image\" \/>\n<meta name=\"twitter:label1\" content=\"Arvioitu lukuaika\" \/>\n\t<meta name=\"twitter:data1\" content=\"3 minuuttia\" \/>\n<script type=\"application\/ld+json\" class=\"yoast-schema-graph\">{\"@context\":\"https:\/\/schema.org\",\"@graph\":[{\"@type\":\"WebPage\",\"@id\":\"https:\/\/abc-office.eu\/fi\/suomi\/auktorisoitu-kaannos-suomi\/\",\"url\":\"https:\/\/abc-office.eu\/fi\/suomi\/auktorisoitu-kaannos-suomi\/\",\"name\":\"Auktorisoitu k\u00e4\u00e4nn\u00f6s Suomi | Auktorisoitu k\u00e4\u00e4nt\u00e4j\u00e4 Suomi\",\"isPartOf\":{\"@id\":\"https:\/\/abc-office.eu\/fi\/#website\"},\"primaryImageOfPage\":{\"@id\":\"https:\/\/abc-office.eu\/fi\/suomi\/auktorisoitu-kaannos-suomi\/#primaryimage\"},\"image\":{\"@id\":\"https:\/\/abc-office.eu\/fi\/suomi\/auktorisoitu-kaannos-suomi\/#primaryimage\"},\"thumbnailUrl\":\"https:\/\/abc-office.eu\/wp-content\/uploads\/2025\/10\/finlyandiya-flag-suomi-finland-768x490-1.jpg\",\"datePublished\":\"2024-08-27T21:17:04+00:00\",\"dateModified\":\"2025-10-24T05:12:26+00:00\",\"description\":\"ABC Translation | Auktorisoitu k\u00e4\u00e4nn\u00f6s Suomi | Auktorisoitu k\u00e4\u00e4nt\u00e4j\u00e4 Suomi | Virallinen k\u00e4\u00e4nn\u00f6s Suomi | Auktorisoitu k\u00e4\u00e4nt\u00e4j\u00e4 Suomi\",\"breadcrumb\":{\"@id\":\"https:\/\/abc-office.eu\/fi\/suomi\/auktorisoitu-kaannos-suomi\/#breadcrumb\"},\"inLanguage\":\"fi\",\"potentialAction\":[{\"@type\":\"ReadAction\",\"target\":[\"https:\/\/abc-office.eu\/fi\/suomi\/auktorisoitu-kaannos-suomi\/\"]}]},{\"@type\":\"ImageObject\",\"inLanguage\":\"fi\",\"@id\":\"https:\/\/abc-office.eu\/fi\/suomi\/auktorisoitu-kaannos-suomi\/#primaryimage\",\"url\":\"https:\/\/abc-office.eu\/wp-content\/uploads\/2025\/10\/finlyandiya-flag-suomi-finland-768x490-1.jpg\",\"contentUrl\":\"https:\/\/abc-office.eu\/wp-content\/uploads\/2025\/10\/finlyandiya-flag-suomi-finland-768x490-1.jpg\",\"width\":768,\"height\":490},{\"@type\":\"BreadcrumbList\",\"@id\":\"https:\/\/abc-office.eu\/fi\/suomi\/auktorisoitu-kaannos-suomi\/#breadcrumb\",\"itemListElement\":[{\"@type\":\"ListItem\",\"position\":1,\"name\":\"Accueil\",\"item\":\"https:\/\/abc-office.eu\/fi\/\"},{\"@type\":\"ListItem\",\"position\":2,\"name\":\"Suomi\",\"item\":\"https:\/\/abc-office.eu\/fi\/suomi\/\"},{\"@type\":\"ListItem\",\"position\":3,\"name\":\"Auktorisoitu k\u00e4\u00e4nn\u00f6s Suomi\"}]},{\"@type\":\"WebSite\",\"@id\":\"https:\/\/abc-office.eu\/fi\/#website\",\"url\":\"https:\/\/abc-office.eu\/fi\/\",\"name\":\"ABC Translation\",\"description\":\"info@abc-office.eu\",\"potentialAction\":[{\"@type\":\"SearchAction\",\"target\":{\"@type\":\"EntryPoint\",\"urlTemplate\":\"https:\/\/abc-office.eu\/fi\/?s={search_term_string}\"},\"query-input\":{\"@type\":\"PropertyValueSpecification\",\"valueRequired\":true,\"valueName\":\"search_term_string\"}}],\"inLanguage\":\"fi\"}]}<\/script>\n<!-- \/ Yoast SEO plugin. -->","yoast_head_json":{"title":"Auktorisoitu k\u00e4\u00e4nn\u00f6s Suomi | Auktorisoitu k\u00e4\u00e4nt\u00e4j\u00e4 Suomi","description":"ABC Translation | Auktorisoitu k\u00e4\u00e4nn\u00f6s Suomi | Auktorisoitu k\u00e4\u00e4nt\u00e4j\u00e4 Suomi | Virallinen k\u00e4\u00e4nn\u00f6s Suomi | Auktorisoitu k\u00e4\u00e4nt\u00e4j\u00e4 Suomi","robots":{"index":"index","follow":"follow","max-snippet":"max-snippet:-1","max-image-preview":"max-image-preview:large","max-video-preview":"max-video-preview:-1"},"canonical":"https:\/\/abc-office.eu\/fi\/suomi\/auktorisoitu-kaannos-suomi\/","og_locale":"fi_FI","og_type":"article","og_title":"Auktorisoitu k\u00e4\u00e4nn\u00f6s Suomi | Auktorisoitu k\u00e4\u00e4nt\u00e4j\u00e4 Suomi","og_description":"ABC Translation | Auktorisoitu k\u00e4\u00e4nn\u00f6s Suomi | Auktorisoitu k\u00e4\u00e4nt\u00e4j\u00e4 Suomi | Virallinen k\u00e4\u00e4nn\u00f6s Suomi | Auktorisoitu k\u00e4\u00e4nt\u00e4j\u00e4 Suomi","og_url":"https:\/\/abc-office.eu\/fi\/suomi\/auktorisoitu-kaannos-suomi\/","og_site_name":"ABC Translation","article_modified_time":"2025-10-24T05:12:26+00:00","og_image":[{"width":768,"height":490,"url":"https:\/\/abc-office.eu\/wp-content\/uploads\/2025\/10\/finlyandiya-flag-suomi-finland-768x490-1.jpg","type":"image\/jpeg"}],"twitter_card":"summary_large_image","twitter_misc":{"Arvioitu lukuaika":"3 minuuttia"},"schema":{"@context":"https:\/\/schema.org","@graph":[{"@type":"WebPage","@id":"https:\/\/abc-office.eu\/fi\/suomi\/auktorisoitu-kaannos-suomi\/","url":"https:\/\/abc-office.eu\/fi\/suomi\/auktorisoitu-kaannos-suomi\/","name":"Auktorisoitu k\u00e4\u00e4nn\u00f6s Suomi | Auktorisoitu k\u00e4\u00e4nt\u00e4j\u00e4 Suomi","isPartOf":{"@id":"https:\/\/abc-office.eu\/fi\/#website"},"primaryImageOfPage":{"@id":"https:\/\/abc-office.eu\/fi\/suomi\/auktorisoitu-kaannos-suomi\/#primaryimage"},"image":{"@id":"https:\/\/abc-office.eu\/fi\/suomi\/auktorisoitu-kaannos-suomi\/#primaryimage"},"thumbnailUrl":"https:\/\/abc-office.eu\/wp-content\/uploads\/2025\/10\/finlyandiya-flag-suomi-finland-768x490-1.jpg","datePublished":"2024-08-27T21:17:04+00:00","dateModified":"2025-10-24T05:12:26+00:00","description":"ABC Translation | Auktorisoitu k\u00e4\u00e4nn\u00f6s Suomi | Auktorisoitu k\u00e4\u00e4nt\u00e4j\u00e4 Suomi | Virallinen k\u00e4\u00e4nn\u00f6s Suomi | Auktorisoitu k\u00e4\u00e4nt\u00e4j\u00e4 Suomi","breadcrumb":{"@id":"https:\/\/abc-office.eu\/fi\/suomi\/auktorisoitu-kaannos-suomi\/#breadcrumb"},"inLanguage":"fi","potentialAction":[{"@type":"ReadAction","target":["https:\/\/abc-office.eu\/fi\/suomi\/auktorisoitu-kaannos-suomi\/"]}]},{"@type":"ImageObject","inLanguage":"fi","@id":"https:\/\/abc-office.eu\/fi\/suomi\/auktorisoitu-kaannos-suomi\/#primaryimage","url":"https:\/\/abc-office.eu\/wp-content\/uploads\/2025\/10\/finlyandiya-flag-suomi-finland-768x490-1.jpg","contentUrl":"https:\/\/abc-office.eu\/wp-content\/uploads\/2025\/10\/finlyandiya-flag-suomi-finland-768x490-1.jpg","width":768,"height":490},{"@type":"BreadcrumbList","@id":"https:\/\/abc-office.eu\/fi\/suomi\/auktorisoitu-kaannos-suomi\/#breadcrumb","itemListElement":[{"@type":"ListItem","position":1,"name":"Accueil","item":"https:\/\/abc-office.eu\/fi\/"},{"@type":"ListItem","position":2,"name":"Suomi","item":"https:\/\/abc-office.eu\/fi\/suomi\/"},{"@type":"ListItem","position":3,"name":"Auktorisoitu k\u00e4\u00e4nn\u00f6s Suomi"}]},{"@type":"WebSite","@id":"https:\/\/abc-office.eu\/fi\/#website","url":"https:\/\/abc-office.eu\/fi\/","name":"ABC Translation","description":"info@abc-office.eu","potentialAction":[{"@type":"SearchAction","target":{"@type":"EntryPoint","urlTemplate":"https:\/\/abc-office.eu\/fi\/?s={search_term_string}"},"query-input":{"@type":"PropertyValueSpecification","valueRequired":true,"valueName":"search_term_string"}}],"inLanguage":"fi"}]}},"_links":{"self":[{"href":"https:\/\/abc-office.eu\/fi\/wp-json\/wp\/v2\/pages\/229721","targetHints":{"allow":["GET"]}}],"collection":[{"href":"https:\/\/abc-office.eu\/fi\/wp-json\/wp\/v2\/pages"}],"about":[{"href":"https:\/\/abc-office.eu\/fi\/wp-json\/wp\/v2\/types\/page"}],"author":[{"embeddable":true,"href":"https:\/\/abc-office.eu\/fi\/wp-json\/wp\/v2\/users\/1"}],"replies":[{"embeddable":true,"href":"https:\/\/abc-office.eu\/fi\/wp-json\/wp\/v2\/comments?post=229721"}],"version-history":[{"count":3,"href":"https:\/\/abc-office.eu\/fi\/wp-json\/wp\/v2\/pages\/229721\/revisions"}],"predecessor-version":[{"id":230978,"href":"https:\/\/abc-office.eu\/fi\/wp-json\/wp\/v2\/pages\/229721\/revisions\/230978"}],"up":[{"embeddable":true,"href":"https:\/\/abc-office.eu\/fi\/wp-json\/wp\/v2\/pages\/229698"}],"wp:featuredmedia":[{"embeddable":true,"href":"https:\/\/abc-office.eu\/fi\/wp-json\/wp\/v2\/media\/229722"}],"wp:attachment":[{"href":"https:\/\/abc-office.eu\/fi\/wp-json\/wp\/v2\/media?parent=229721"}],"curies":[{"name":"wp","href":"https:\/\/api.w.org\/{rel}","templated":true}]}}