{"id":229698,"date":"2023-09-08T09:56:39","date_gmt":"2023-09-08T07:56:39","guid":{"rendered":"https:\/\/abc-office.eu\/?page_id=229698"},"modified":"2025-10-24T06:51:30","modified_gmt":"2025-10-24T04:51:30","slug":"suomi","status":"publish","type":"page","link":"https:\/\/abc-office.eu\/fi\/suomi\/","title":{"rendered":"Suomi"},"content":{"rendered":"<h2 data-start=\"207\" data-end=\"216\"><strong data-start=\"207\" data-end=\"216\">Suomi<\/strong><\/h2>\n<p style=\"text-align: justify;\">K\u00e4\u00e4nn\u00f6s- ja laillistamistoimistomme on erikoistunut virallisiin ja valaehtoisiin k\u00e4\u00e4nn\u00f6ksiin yli 80 kielell\u00e4 sek\u00e4 laillistuksiin. Suomessa toimiva tiimimme k\u00e4sittelee pyynt\u00f6si nopeasti. Me tarvitsemme vain kopion k\u00e4\u00e4nnett\u00e4vist\u00e4 asiakirjoista (kaikki tiedostomuodot hyv\u00e4ksyt\u00e4\u00e4n). Alkuper\u00e4isi\u00e4 asiakirjoja ei en\u00e4\u00e4 vaadita (Suomi).<\/p>\n<ol>\n<li style=\"text-align: justify;\">Ensinn\u00e4kin voit k\u00e4ytt\u00e4\u00e4 s\u00e4hk\u00f6postiosoitetta (<a href=\"mailto:info@abc-office.eu\">info@abc-office.eu<\/a>), yhteydenottolomaketta tai WhatsApp-linkki\u00e4mme.<\/li>\n<li style=\"text-align: justify;\">Toiseksi ilmoitathan kielen, jolle haluat k\u00e4\u00e4nn\u00f6ksen, sek\u00e4 sen, tarvitseeko k\u00e4\u00e4nn\u00f6s <strong>vahvistaa julkisella notaarilla<\/strong> ja\/tai varustaa <strong>apostille-todistuksella<\/strong>, ja onko asiakirja <strong>laillistettava suurl\u00e4hetyst\u00f6ss\u00e4 tai konsulaatissa<\/strong>.<\/li>\n<li style=\"text-align: justify;\">Kolmanneksi yksi projektip\u00e4\u00e4llik\u00f6ist\u00e4mme laatii sinulle nopeasti tarjouksen, jossa mainitaan hinta ja toimitusaika. Vastaamme yleens\u00e4 30 minuutissa. Jos et saa vastausta tunnissa, pyyd\u00e4mme soittamaan meille.<\/li>\n<li style=\"text-align: justify;\">Nelj\u00e4nneksi, kun tarjous on hyv\u00e4ksytty, aloitamme k\u00e4\u00e4nn\u00f6s- tai laillistamisprosessin ja l\u00e4het\u00e4mme sinulle <strong>auktorisoidut k\u00e4\u00e4nn\u00f6kset ja\/tai laillistetut asiakirjat<\/strong> postitse. Jos haluat lis\u00e4ksi kopion s\u00e4hk\u00f6postitse, kerrothan siit\u00e4 projektip\u00e4\u00e4llik\u00f6lle \u2013 toimitamme sen ennen alkuper\u00e4isten postitusta.<\/li>\n<\/ol>\n<p style=\"text-align: justify;\">Toimitusajoista: viralliset k\u00e4\u00e4nn\u00f6kset ja\/tai laillistukset toimitetaan postitse tai DHL:ll\u00e4 ja\/tai s\u00e4hk\u00f6postitse <strong>2\u20133 arkip\u00e4iv\u00e4ss\u00e4<\/strong>. Aika riippuu asiakirjojen m\u00e4\u00e4r\u00e4st\u00e4 ja vaikeusasteesta. Esimerkiksi yhden sivun asiakirja toimitetaan yleens\u00e4 postitse <strong>kahdessa arkip\u00e4iv\u00e4ss\u00e4<\/strong>.<\/p>\n<h3><strong>T\u00e4ss\u00e4 on luettelo p\u00e4\u00e4kielist\u00e4mme:<\/strong><\/h3>\n<p style=\"text-align: justify;\">afrikaans | albania | amerikanenglanti | amhara | arabia | armenia | aymara | azerbaid\u017eani | baski | bengali | bosnia | brasilian portugali | bulgaria | burma | dari | englanti | espanja | ewe | farsi | fula | georgia | guarani | heprea | hindi | hollanti | indonesia | italia | japani | kantoninkiina | katalaani | kazakki | ket\u0161ua | khmer | kiina | kirgiisi | korea | kreikka | kroatia | kurdi | lao | latvia | liettua | lingala | makedonia | malaiji | malajalam | mandariinikiina | moldovan kieli | mongolia | montenegro | norja | pa\u0161tu | perinteinen kiina | persia | portugali | puola | punjabi | romania | ruotsi | saksa | serbia | sinhali | slovakki | slovenia | suomi | tamili | tanska | thai | t\u0161ekki | turkki | turkmeeni | ukraina | unkari | urdu | uzbekki | valkoven\u00e4j\u00e4 | ven\u00e4j\u00e4 | vietnam | viro | yksinkertaistettu kiina<\/p>\n<h3><strong>T\u00e4ss\u00e4 on ei-tyhjent\u00e4v\u00e4 luettelo asiakirjoista:<\/strong><\/h3>\n<p style=\"text-align: justify;\">syntym\u00e4todistus | avioliittotodistus | siviilis\u00e4\u00e4tytodistus | todistus | patentti | rikosrekisteriote | naimattomuustodistus | kuolintodistus | perhetodistus | ty\u00f6todistus | veroilmoitus | tutkintotodistus | passi | ajokortti | testamentti | viisumi | sopimus | avioerop\u00e4\u00e4t\u00f6s | avioehtosopimus | tuomio | prosessiasiakirja | valtakirja | p\u00f6yt\u00e4kirja<\/p>\n<h3><strong>Yleisimm\u00e4t sertifiointi- ja laillistamistyypit k\u00e4\u00e4nn\u00f6ksille (Suomi):<\/strong><\/h3>\n<ul>\n<li><strong>Auktorisoitu k\u00e4\u00e4nn\u00f6s:<\/strong> toimitamme k\u00e4\u00e4nn\u00f6ksen leimallamme ja allekirjoituksellamme.<\/li>\n<li><strong>Auktorisoitu k\u00e4\u00e4nn\u00f6s (m\u00e4\u00e4ritelm\u00e4):<\/strong> virallinen k\u00e4\u00e4nn\u00f6s, jonka tekee auktorisoitu k\u00e4\u00e4nt\u00e4j\u00e4 \u2013 h\u00e4n on l\u00e4p\u00e4issyt Opetushallituksen tutkinnon ja saanut oikeuden vahvistaa k\u00e4\u00e4nn\u00f6ksens\u00e4 leimalla ja allekirjoituksella. T\u00e4llainen k\u00e4\u00e4nn\u00f6s hyv\u00e4ksyt\u00e4\u00e4n viranomaisissa Suomessa, ja se voidaan laillistaa julkisella notaarilla, varustaa <strong>apostille-todistuksella<\/strong> tai <strong>konsulilaillistaa<\/strong> ulkomailla k\u00e4ytt\u00f6\u00e4 varten.<\/li>\n<li><strong>Laillistettu k\u00e4\u00e4nn\u00f6s:<\/strong> julkinen notaari vahvistaa k\u00e4\u00e4nt\u00e4j\u00e4n allekirjoituksen k\u00e4\u00e4nn\u00f6ksess\u00e4.<\/li>\n<li><strong>K\u00e4\u00e4nn\u00f6s apostillella:<\/strong> <strong>apostille-todistus<\/strong> vahvistaa julkisen notaarin allekirjoituksen.<\/li>\n<li><strong>Suurl\u00e4hetyst\u00f6n tai konsulaatin laillistama k\u00e4\u00e4nn\u00f6s:<\/strong> suurl\u00e4hetyst\u00f6 tai konsulaatti vahvistaa k\u00e4\u00e4nn\u00f6ksen ulkomailla k\u00e4ytt\u00f6\u00e4 varten.<\/li>\n<\/ul>\n<h3><strong>Yleisimm\u00e4t laillistamistyypit viralliseen k\u00e4ytt\u00f6\u00f6n (Suomi):<\/strong><\/h3>\n<ul>\n<li><strong>Apostille-laillistus:<\/strong> Haagin yleissopimuksen maat hyv\u00e4ksyv\u00e4t asiakirjan <strong>ilman erillist\u00e4 edustuston laillistusta<\/strong>, kun siin\u00e4 on <strong>apostille-todistus<\/strong>.<\/li>\n<li><strong>Laillistaminen suurl\u00e4hetyst\u00f6ss\u00e4 tai konsulaatissa:<\/strong> tietyiss\u00e4 maissa (esim. Kiina) asiakirjat on laillistettava edustustossa. Ennen t\u00e4t\u00e4 asiakirjat <strong>vahvistetaan notaarilla<\/strong> ja yleens\u00e4 <strong>laillistetaan Ulkoministeri\u00f6ss\u00e4<\/strong>.<\/li>\n<li><strong>Virallinen j\u00e4ljenn\u00f6s:<\/strong> <strong>virallinen j\u00e4ljenn\u00f6s (vidimus\/brevet)<\/strong> on notaarin vahvistama oikeaksi todistettu kopio alkuper\u00e4isest\u00e4 asiakirjasta. Jos alkuper\u00e4isen on my\u00f6nt\u00e4nyt ulkomainen viranomainen, osa viranomaisista edellytt\u00e4\u00e4 nimenomaan <strong>notaarin vahvistamaa virallista j\u00e4ljenn\u00f6st\u00e4<\/strong>. Sama voi koskea <strong>ulkomaille toimitettavia<\/strong> asiakirjoja.<\/li>\n<li><strong>Konsulilaillistus (edustuston merkint\u00e4):<\/strong> edustusto kiinnitt\u00e4\u00e4 asiakirjaan laillistusmerkinn\u00e4n kohdemaan vaatimusten mukaisesti, kun ennakkoedellytykset (notaarin vahvistus, UM-laillistus) t\u00e4yttyv\u00e4t.<\/li>\n<li><strong>Allekirjoituksen laillistaminen:<\/strong> notaari vahvistaa allekirjoituksen aitouden \u2013 asiakirjassa oleva allekirjoitus on todella allekirjoittajan. T\u00e4t\u00e4 k\u00e4ytet\u00e4\u00e4n p\u00e4\u00e4asiassa <strong>valtakirjoissa<\/strong>.<\/li>\n<\/ul>\n<p style=\"text-align: justify;\">Oikein varmennettuina k\u00e4\u00e4nn\u00f6kset ja laillistukset hyv\u00e4ksyt\u00e4\u00e4n sek\u00e4 Suomessa ett\u00e4 ulkomailla. Jos sinulla on kysytt\u00e4v\u00e4\u00e4 siit\u00e4, millaista sertifiointia tai laillistamista asiakirjasi edellytt\u00e4v\u00e4t, ota yhteytt\u00e4 tiimiimme. Opastamme sinua koko prosessin l\u00e4pi (Suomi).<\/p>\n<p style=\"text-align: justify;\">Odotamme innolla yhteisty\u00f6t\u00e4 kanssanne.<\/p>\n<p data-start=\"5154\" data-end=\"5177\"><a href=\"https:\/\/abc-office.eu\/fi\/\"><strong data-start=\"5154\" data-end=\"5177\">ABC Translation LLC<\/strong><\/a><\/p>\n<p data-start=\"5154\" data-end=\"5177\"><img loading=\"lazy\" decoding=\"async\" class=\"aligncenter wp-image-271\" src=\"https:\/\/abc-office.ch\/wp-content\/uploads\/2018\/06\/imageedit_1_6241191614.gif\" alt=\"Suomi\" width=\"437\" height=\"437\" \/><\/p>\n","protected":false},"excerpt":{"rendered":"<p>Suomi K\u00e4\u00e4nn\u00f6s- ja laillistamistoimistomme on erikoistunut virallisiin ja valaehtoisiin k\u00e4\u00e4nn\u00f6ksiin yli 80 kielell\u00e4 sek\u00e4 laillistuksiin. Suomessa toimiva tiimimme k\u00e4sittelee pyynt\u00f6si nopeasti. Me tarvitsemme vain kopion k\u00e4\u00e4nnett\u00e4vist\u00e4 asiakirjoista (kaikki tiedostomuodot hyv\u00e4ksyt\u00e4\u00e4n). Alkuper\u00e4isi\u00e4 asiakirjoja ei en\u00e4\u00e4 vaadita (Suomi). Ensinn\u00e4kin voit k\u00e4ytt\u00e4\u00e4 s\u00e4hk\u00f6postiosoitetta (info@abc-office.eu), yhteydenottolomaketta tai WhatsApp-linkki\u00e4mme. Toiseksi ilmoitathan kielen, jolle haluat k\u00e4\u00e4nn\u00f6ksen, sek\u00e4 sen, tarvitseeko k\u00e4\u00e4nn\u00f6s vahvistaa&#8230;<\/p>\n","protected":false},"author":1,"featured_media":229699,"parent":0,"menu_order":0,"comment_status":"closed","ping_status":"closed","template":"","meta":{"sfsi_plus_gutenberg_text_before_share":"","sfsi_plus_gutenberg_show_text_before_share":"","sfsi_plus_gutenberg_icon_type":"","sfsi_plus_gutenberg_icon_alignemt":"","sfsi_plus_gutenburg_max_per_row":"","footnotes":""},"class_list":["post-229698","page","type-page","status-publish","has-post-thumbnail","hentry"],"yoast_head":"<!-- This site is optimized with the Yoast SEO plugin v23.8 - https:\/\/yoast.com\/wordpress\/plugins\/seo\/ -->\n<title>Auktorisoitu k\u00e4\u00e4nn\u00f6s Suomi | Auktorisoitu k\u00e4\u00e4nt\u00e4j\u00e4 Suomi<\/title>\n<meta name=\"description\" content=\"ABC Translation | Auktorisoitu k\u00e4\u00e4nn\u00f6s Suomi | Auktorisoitu k\u00e4\u00e4nt\u00e4j\u00e4 Suomi | Laillistaminen notaarilla | Apostille | Konsulaatti\" \/>\n<meta name=\"robots\" content=\"index, follow, max-snippet:-1, max-image-preview:large, max-video-preview:-1\" \/>\n<link rel=\"canonical\" href=\"https:\/\/abc-office.eu\/fi\/suomi\/\" \/>\n<meta property=\"og:locale\" content=\"fi_FI\" \/>\n<meta property=\"og:type\" content=\"article\" \/>\n<meta property=\"og:title\" content=\"Auktorisoitu k\u00e4\u00e4nn\u00f6s Suomi | Auktorisoitu k\u00e4\u00e4nt\u00e4j\u00e4 Suomi\" \/>\n<meta property=\"og:description\" content=\"ABC Translation | Auktorisoitu k\u00e4\u00e4nn\u00f6s Suomi | Auktorisoitu k\u00e4\u00e4nt\u00e4j\u00e4 Suomi | Laillistaminen notaarilla | Apostille | Konsulaatti\" \/>\n<meta property=\"og:url\" content=\"https:\/\/abc-office.eu\/fi\/suomi\/\" \/>\n<meta property=\"og:site_name\" content=\"ABC Translation\" \/>\n<meta property=\"article:modified_time\" content=\"2025-10-24T04:51:30+00:00\" \/>\n<meta property=\"og:image\" content=\"https:\/\/abc-office.eu\/wp-content\/uploads\/2025\/10\/Finland-768x469-1.png\" \/>\n\t<meta property=\"og:image:width\" content=\"768\" \/>\n\t<meta property=\"og:image:height\" content=\"469\" \/>\n\t<meta property=\"og:image:type\" content=\"image\/png\" \/>\n<meta name=\"twitter:card\" content=\"summary_large_image\" \/>\n<meta name=\"twitter:label1\" content=\"Arvioitu lukuaika\" \/>\n\t<meta name=\"twitter:data1\" content=\"3 minuuttia\" \/>\n<script type=\"application\/ld+json\" class=\"yoast-schema-graph\">{\"@context\":\"https:\/\/schema.org\",\"@graph\":[{\"@type\":\"WebPage\",\"@id\":\"https:\/\/abc-office.eu\/fi\/suomi\/\",\"url\":\"https:\/\/abc-office.eu\/fi\/suomi\/\",\"name\":\"Auktorisoitu k\u00e4\u00e4nn\u00f6s Suomi | Auktorisoitu k\u00e4\u00e4nt\u00e4j\u00e4 Suomi\",\"isPartOf\":{\"@id\":\"https:\/\/abc-office.eu\/fi\/#website\"},\"primaryImageOfPage\":{\"@id\":\"https:\/\/abc-office.eu\/fi\/suomi\/#primaryimage\"},\"image\":{\"@id\":\"https:\/\/abc-office.eu\/fi\/suomi\/#primaryimage\"},\"thumbnailUrl\":\"https:\/\/abc-office.eu\/wp-content\/uploads\/2025\/10\/Finland-768x469-1.png\",\"datePublished\":\"2023-09-08T07:56:39+00:00\",\"dateModified\":\"2025-10-24T04:51:30+00:00\",\"description\":\"ABC Translation | Auktorisoitu k\u00e4\u00e4nn\u00f6s Suomi | Auktorisoitu k\u00e4\u00e4nt\u00e4j\u00e4 Suomi | Laillistaminen notaarilla | Apostille | Konsulaatti\",\"breadcrumb\":{\"@id\":\"https:\/\/abc-office.eu\/fi\/suomi\/#breadcrumb\"},\"inLanguage\":\"fi\",\"potentialAction\":[{\"@type\":\"ReadAction\",\"target\":[\"https:\/\/abc-office.eu\/fi\/suomi\/\"]}]},{\"@type\":\"ImageObject\",\"inLanguage\":\"fi\",\"@id\":\"https:\/\/abc-office.eu\/fi\/suomi\/#primaryimage\",\"url\":\"https:\/\/abc-office.eu\/wp-content\/uploads\/2025\/10\/Finland-768x469-1.png\",\"contentUrl\":\"https:\/\/abc-office.eu\/wp-content\/uploads\/2025\/10\/Finland-768x469-1.png\",\"width\":768,\"height\":469},{\"@type\":\"BreadcrumbList\",\"@id\":\"https:\/\/abc-office.eu\/fi\/suomi\/#breadcrumb\",\"itemListElement\":[{\"@type\":\"ListItem\",\"position\":1,\"name\":\"Accueil\",\"item\":\"https:\/\/abc-office.eu\/fi\/\"},{\"@type\":\"ListItem\",\"position\":2,\"name\":\"Suomi\"}]},{\"@type\":\"WebSite\",\"@id\":\"https:\/\/abc-office.eu\/fi\/#website\",\"url\":\"https:\/\/abc-office.eu\/fi\/\",\"name\":\"ABC Translation\",\"description\":\"info@abc-office.eu\",\"potentialAction\":[{\"@type\":\"SearchAction\",\"target\":{\"@type\":\"EntryPoint\",\"urlTemplate\":\"https:\/\/abc-office.eu\/fi\/?s={search_term_string}\"},\"query-input\":{\"@type\":\"PropertyValueSpecification\",\"valueRequired\":true,\"valueName\":\"search_term_string\"}}],\"inLanguage\":\"fi\"}]}<\/script>\n<!-- \/ Yoast SEO plugin. -->","yoast_head_json":{"title":"Auktorisoitu k\u00e4\u00e4nn\u00f6s Suomi | Auktorisoitu k\u00e4\u00e4nt\u00e4j\u00e4 Suomi","description":"ABC Translation | Auktorisoitu k\u00e4\u00e4nn\u00f6s Suomi | Auktorisoitu k\u00e4\u00e4nt\u00e4j\u00e4 Suomi | Laillistaminen notaarilla | Apostille | Konsulaatti","robots":{"index":"index","follow":"follow","max-snippet":"max-snippet:-1","max-image-preview":"max-image-preview:large","max-video-preview":"max-video-preview:-1"},"canonical":"https:\/\/abc-office.eu\/fi\/suomi\/","og_locale":"fi_FI","og_type":"article","og_title":"Auktorisoitu k\u00e4\u00e4nn\u00f6s Suomi | Auktorisoitu k\u00e4\u00e4nt\u00e4j\u00e4 Suomi","og_description":"ABC Translation | Auktorisoitu k\u00e4\u00e4nn\u00f6s Suomi | Auktorisoitu k\u00e4\u00e4nt\u00e4j\u00e4 Suomi | Laillistaminen notaarilla | Apostille | Konsulaatti","og_url":"https:\/\/abc-office.eu\/fi\/suomi\/","og_site_name":"ABC Translation","article_modified_time":"2025-10-24T04:51:30+00:00","og_image":[{"width":768,"height":469,"url":"https:\/\/abc-office.eu\/wp-content\/uploads\/2025\/10\/Finland-768x469-1.png","type":"image\/png"}],"twitter_card":"summary_large_image","twitter_misc":{"Arvioitu lukuaika":"3 minuuttia"},"schema":{"@context":"https:\/\/schema.org","@graph":[{"@type":"WebPage","@id":"https:\/\/abc-office.eu\/fi\/suomi\/","url":"https:\/\/abc-office.eu\/fi\/suomi\/","name":"Auktorisoitu k\u00e4\u00e4nn\u00f6s Suomi | Auktorisoitu k\u00e4\u00e4nt\u00e4j\u00e4 Suomi","isPartOf":{"@id":"https:\/\/abc-office.eu\/fi\/#website"},"primaryImageOfPage":{"@id":"https:\/\/abc-office.eu\/fi\/suomi\/#primaryimage"},"image":{"@id":"https:\/\/abc-office.eu\/fi\/suomi\/#primaryimage"},"thumbnailUrl":"https:\/\/abc-office.eu\/wp-content\/uploads\/2025\/10\/Finland-768x469-1.png","datePublished":"2023-09-08T07:56:39+00:00","dateModified":"2025-10-24T04:51:30+00:00","description":"ABC Translation | Auktorisoitu k\u00e4\u00e4nn\u00f6s Suomi | Auktorisoitu k\u00e4\u00e4nt\u00e4j\u00e4 Suomi | Laillistaminen notaarilla | Apostille | Konsulaatti","breadcrumb":{"@id":"https:\/\/abc-office.eu\/fi\/suomi\/#breadcrumb"},"inLanguage":"fi","potentialAction":[{"@type":"ReadAction","target":["https:\/\/abc-office.eu\/fi\/suomi\/"]}]},{"@type":"ImageObject","inLanguage":"fi","@id":"https:\/\/abc-office.eu\/fi\/suomi\/#primaryimage","url":"https:\/\/abc-office.eu\/wp-content\/uploads\/2025\/10\/Finland-768x469-1.png","contentUrl":"https:\/\/abc-office.eu\/wp-content\/uploads\/2025\/10\/Finland-768x469-1.png","width":768,"height":469},{"@type":"BreadcrumbList","@id":"https:\/\/abc-office.eu\/fi\/suomi\/#breadcrumb","itemListElement":[{"@type":"ListItem","position":1,"name":"Accueil","item":"https:\/\/abc-office.eu\/fi\/"},{"@type":"ListItem","position":2,"name":"Suomi"}]},{"@type":"WebSite","@id":"https:\/\/abc-office.eu\/fi\/#website","url":"https:\/\/abc-office.eu\/fi\/","name":"ABC Translation","description":"info@abc-office.eu","potentialAction":[{"@type":"SearchAction","target":{"@type":"EntryPoint","urlTemplate":"https:\/\/abc-office.eu\/fi\/?s={search_term_string}"},"query-input":{"@type":"PropertyValueSpecification","valueRequired":true,"valueName":"search_term_string"}}],"inLanguage":"fi"}]}},"_links":{"self":[{"href":"https:\/\/abc-office.eu\/fi\/wp-json\/wp\/v2\/pages\/229698","targetHints":{"allow":["GET"]}}],"collection":[{"href":"https:\/\/abc-office.eu\/fi\/wp-json\/wp\/v2\/pages"}],"about":[{"href":"https:\/\/abc-office.eu\/fi\/wp-json\/wp\/v2\/types\/page"}],"author":[{"embeddable":true,"href":"https:\/\/abc-office.eu\/fi\/wp-json\/wp\/v2\/users\/1"}],"replies":[{"embeddable":true,"href":"https:\/\/abc-office.eu\/fi\/wp-json\/wp\/v2\/comments?post=229698"}],"version-history":[{"count":3,"href":"https:\/\/abc-office.eu\/fi\/wp-json\/wp\/v2\/pages\/229698\/revisions"}],"predecessor-version":[{"id":230966,"href":"https:\/\/abc-office.eu\/fi\/wp-json\/wp\/v2\/pages\/229698\/revisions\/230966"}],"wp:featuredmedia":[{"embeddable":true,"href":"https:\/\/abc-office.eu\/fi\/wp-json\/wp\/v2\/media\/229699"}],"wp:attachment":[{"href":"https:\/\/abc-office.eu\/fi\/wp-json\/wp\/v2\/media?parent=229698"}],"curies":[{"name":"wp","href":"https:\/\/api.w.org\/{rel}","templated":true}]}}