{"id":229656,"date":"2022-04-25T10:26:44","date_gmt":"2022-04-25T08:26:44","guid":{"rendered":"https:\/\/abc-office.eu\/?page_id=229656"},"modified":"2025-10-24T06:58:04","modified_gmt":"2025-10-24T04:58:04","slug":"yhteystiedot","status":"publish","type":"page","link":"https:\/\/abc-office.eu\/fi\/yhteystiedot\/","title":{"rendered":"Yhteystiedot"},"content":{"rendered":"<h2><strong>Ota yhteytt\u00e4 \u2013 k\u00e4\u00e4nn\u00f6stoimistosi Euroopan unionissa<\/strong><\/h2>\n<p><br data-start=\"55\" data-end=\"58\" \/>S\u00e4hk\u00f6posti: <a class=\"decorated-link cursor-pointer\" href=\"mailto:info@abc-office.eu\" rel=\"noopener\" data-start=\"70\" data-end=\"88\">info@abc-office.eu<\/a><\/p>\n<h3 data-start=\"92\" data-end=\"113\"><strong data-start=\"92\" data-end=\"111\">ABC Translation<\/strong><\/h3>\n<p style=\"text-align: justify;\">K\u00e4\u00e4nt\u00e4j\u00e4mme ja oikolukijamme, jotka toimivat Euroopan unionissa, ovat kaikki suorittaneet k\u00e4\u00e4nn\u00f6stieteen maisterin tutkinnon. He ovat erikoistuneet eri aloihin, kuten markkinointiin, talouteen, politiikkaan, oikeuteen ja l\u00e4\u00e4ketieteeseen. Nopeaa tiedustelua varten t\u00e4yt\u00e4 lomake n\u00e4yt\u00f6n oikeassa reunassa. T\u00e4m\u00e4n j\u00e4lkeen tiimimme l\u00e4hett\u00e4\u00e4 sinulle tarjouksen, jossa n\u00e4kyy k\u00e4\u00e4nn\u00f6ksen hinta sek\u00e4 toimitusaika. Tarjoukseemme sis\u00e4ltyy tekstin k\u00e4\u00e4nn\u00f6s sek\u00e4 toisen k\u00e4\u00e4nt\u00e4j\u00e4n suorittama oikoluku, jotta k\u00e4\u00e4nn\u00f6ksen laatu voidaan taata. Kun teksti on k\u00e4\u00e4nnetty ja oikoluettu, toimitamme sen sinulle takaisin s\u00e4hk\u00f6postitse tai postitse, jos kyseess\u00e4 on virallinen k\u00e4\u00e4nn\u00f6s (yhteystiedot).<\/p>\n<p style=\"text-align: justify;\">K\u00e4\u00e4nn\u00f6sty\u00f6n laadun on oltava moitteeton. P\u00e4\u00e4vahvuuksiemme \u2013 tarkkuuden, tehokkuuden ja t\u00e4sm\u00e4llisyyden \u2013 ansiosta teemme p\u00e4ivitt\u00e4in yhteisty\u00f6t\u00e4 suuren m\u00e4\u00e4r\u00e4n yrityksi\u00e4 ja yksityishenkil\u00f6it\u00e4 kanssa. K\u00e4\u00e4nn\u00e4mme verkkosivustoja, virallisia asiakirjoja ja erikoistuneita tekstej\u00e4 (yhteystiedot).<\/p>\n<p style=\"text-align: justify;\"><strong>Hinnoittelu perustuu EU-k\u00e4yt\u00e4nt\u00f6ihin.<\/strong> Malli huomioi l\u00e4hdetekstin vaikeusasteen. Hinta voidaan laskea sanam\u00e4\u00e4r\u00e4n mukaan tai 55 merkin rivikohtaisesti. Se takaa asiakkaalle l\u00e4pin\u00e4kyvyyden ja mahdollistaa t\u00e4sm\u00e4llisten tarjousten laatimisen. Palvelemme sek\u00e4 yrityksi\u00e4 ett\u00e4 yksityishenkil\u00f6it\u00e4 kaikkialla Euroopan <a href=\"https:\/\/abc-office.eu\/fi\/\">unionissa<\/a>.<\/p>\n<p data-start=\"1054\" data-end=\"1461\" data-is-last-node=\"\" data-is-only-node=\"\"><img loading=\"lazy\" decoding=\"async\" class=\"aligncenter wp-image-28719\" src=\"https:\/\/abc-office.eu\/wp-content\/uploads\/2017\/02\/second_image-300x200.jpg\" alt=\"Yhteystiedot\" width=\"715\" height=\"476\" srcset=\"https:\/\/abc-office.eu\/wp-content\/uploads\/2017\/02\/second_image-300x200.jpg 300w, https:\/\/abc-office.eu\/wp-content\/uploads\/2017\/02\/second_image-1024x682.jpg 1024w, https:\/\/abc-office.eu\/wp-content\/uploads\/2017\/02\/second_image-768x512.jpg 768w, https:\/\/abc-office.eu\/wp-content\/uploads\/2017\/02\/second_image-1080x720.jpg 1080w, https:\/\/abc-office.eu\/wp-content\/uploads\/2017\/02\/second_image-1280x853.jpg 1280w, https:\/\/abc-office.eu\/wp-content\/uploads\/2017\/02\/second_image-980x653.jpg 980w, https:\/\/abc-office.eu\/wp-content\/uploads\/2017\/02\/second_image-480x320.jpg 480w, https:\/\/abc-office.eu\/wp-content\/uploads\/2017\/02\/second_image.jpg 1400w\" sizes=\"auto, (max-width: 715px) 100vw, 715px\" \/><\/p>\n","protected":false},"excerpt":{"rendered":"<p>Ota yhteytt\u00e4 \u2013 k\u00e4\u00e4nn\u00f6stoimistosi Euroopan unionissa S\u00e4hk\u00f6posti: info@abc-office.eu ABC Translation K\u00e4\u00e4nt\u00e4j\u00e4mme ja oikolukijamme, jotka toimivat Euroopan unionissa, ovat kaikki suorittaneet k\u00e4\u00e4nn\u00f6stieteen maisterin tutkinnon. He ovat erikoistuneet eri aloihin, kuten markkinointiin, talouteen, politiikkaan, oikeuteen ja l\u00e4\u00e4ketieteeseen. Nopeaa tiedustelua varten t\u00e4yt\u00e4 lomake n\u00e4yt\u00f6n oikeassa reunassa. T\u00e4m\u00e4n j\u00e4lkeen tiimimme l\u00e4hett\u00e4\u00e4 sinulle tarjouksen, jossa n\u00e4kyy k\u00e4\u00e4nn\u00f6ksen hinta sek\u00e4 toimitusaika&#8230;.<\/p>\n","protected":false},"author":1,"featured_media":229657,"parent":0,"menu_order":0,"comment_status":"closed","ping_status":"closed","template":"","meta":{"sfsi_plus_gutenberg_text_before_share":"","sfsi_plus_gutenberg_show_text_before_share":"","sfsi_plus_gutenberg_icon_type":"","sfsi_plus_gutenberg_icon_alignemt":"","sfsi_plus_gutenburg_max_per_row":"","footnotes":""},"class_list":["post-229656","page","type-page","status-publish","has-post-thumbnail","hentry"],"yoast_head":"<!-- This site is optimized with the Yoast SEO plugin v23.8 - https:\/\/yoast.com\/wordpress\/plugins\/seo\/ -->\n<title>Yhteystiedot | K\u00e4\u00e4nn\u00f6s | K\u00e4\u00e4nt\u00e4j\u00e4 | Euroopan unioni | Yhdistynyt<\/title>\n<meta name=\"description\" content=\"ABC Translation: Yhteystiedot | verkkosivuston k\u00e4\u00e4nn\u00f6s | virallisten asiakirjojen k\u00e4\u00e4nn\u00f6s | erikoisk\u00e4\u00e4nn\u00f6s | Euroopan unioni\" \/>\n<meta name=\"robots\" content=\"index, follow, max-snippet:-1, max-image-preview:large, max-video-preview:-1\" \/>\n<link rel=\"canonical\" href=\"https:\/\/abc-office.eu\/fi\/yhteystiedot\/\" \/>\n<meta property=\"og:locale\" content=\"fi_FI\" \/>\n<meta property=\"og:type\" content=\"article\" \/>\n<meta property=\"og:title\" content=\"Yhteystiedot | K\u00e4\u00e4nn\u00f6s | K\u00e4\u00e4nt\u00e4j\u00e4 | Euroopan unioni | Yhdistynyt\" \/>\n<meta property=\"og:description\" content=\"ABC Translation: Yhteystiedot | verkkosivuston k\u00e4\u00e4nn\u00f6s | virallisten asiakirjojen k\u00e4\u00e4nn\u00f6s | erikoisk\u00e4\u00e4nn\u00f6s | Euroopan unioni\" \/>\n<meta property=\"og:url\" content=\"https:\/\/abc-office.eu\/fi\/yhteystiedot\/\" \/>\n<meta property=\"og:site_name\" content=\"ABC Translation\" \/>\n<meta property=\"article:modified_time\" content=\"2025-10-24T04:58:04+00:00\" \/>\n<meta property=\"og:image\" content=\"https:\/\/abc-office.eu\/wp-content\/uploads\/2025\/10\/Flag_of_Europe-2-768x512-9.png\" \/>\n\t<meta property=\"og:image:width\" content=\"768\" \/>\n\t<meta property=\"og:image:height\" content=\"512\" \/>\n\t<meta property=\"og:image:type\" content=\"image\/png\" \/>\n<meta name=\"twitter:card\" content=\"summary_large_image\" \/>\n<meta name=\"twitter:label1\" content=\"Arvioitu lukuaika\" \/>\n\t<meta name=\"twitter:data1\" content=\"2 minuuttia\" \/>\n<script type=\"application\/ld+json\" class=\"yoast-schema-graph\">{\"@context\":\"https:\/\/schema.org\",\"@graph\":[{\"@type\":\"WebPage\",\"@id\":\"https:\/\/abc-office.eu\/fi\/yhteystiedot\/\",\"url\":\"https:\/\/abc-office.eu\/fi\/yhteystiedot\/\",\"name\":\"Yhteystiedot | K\u00e4\u00e4nn\u00f6s | K\u00e4\u00e4nt\u00e4j\u00e4 | Euroopan unioni | Yhdistynyt\",\"isPartOf\":{\"@id\":\"https:\/\/abc-office.eu\/fi\/#website\"},\"primaryImageOfPage\":{\"@id\":\"https:\/\/abc-office.eu\/fi\/yhteystiedot\/#primaryimage\"},\"image\":{\"@id\":\"https:\/\/abc-office.eu\/fi\/yhteystiedot\/#primaryimage\"},\"thumbnailUrl\":\"https:\/\/abc-office.eu\/wp-content\/uploads\/2025\/10\/Flag_of_Europe-2-768x512-9.png\",\"datePublished\":\"2022-04-25T08:26:44+00:00\",\"dateModified\":\"2025-10-24T04:58:04+00:00\",\"description\":\"ABC Translation: Yhteystiedot | verkkosivuston k\u00e4\u00e4nn\u00f6s | virallisten asiakirjojen k\u00e4\u00e4nn\u00f6s | erikoisk\u00e4\u00e4nn\u00f6s | Euroopan unioni\",\"breadcrumb\":{\"@id\":\"https:\/\/abc-office.eu\/fi\/yhteystiedot\/#breadcrumb\"},\"inLanguage\":\"fi\",\"potentialAction\":[{\"@type\":\"ReadAction\",\"target\":[\"https:\/\/abc-office.eu\/fi\/yhteystiedot\/\"]}]},{\"@type\":\"ImageObject\",\"inLanguage\":\"fi\",\"@id\":\"https:\/\/abc-office.eu\/fi\/yhteystiedot\/#primaryimage\",\"url\":\"https:\/\/abc-office.eu\/wp-content\/uploads\/2025\/10\/Flag_of_Europe-2-768x512-9.png\",\"contentUrl\":\"https:\/\/abc-office.eu\/wp-content\/uploads\/2025\/10\/Flag_of_Europe-2-768x512-9.png\",\"width\":768,\"height\":512},{\"@type\":\"BreadcrumbList\",\"@id\":\"https:\/\/abc-office.eu\/fi\/yhteystiedot\/#breadcrumb\",\"itemListElement\":[{\"@type\":\"ListItem\",\"position\":1,\"name\":\"Accueil\",\"item\":\"https:\/\/abc-office.eu\/fi\/\"},{\"@type\":\"ListItem\",\"position\":2,\"name\":\"Yhteystiedot\"}]},{\"@type\":\"WebSite\",\"@id\":\"https:\/\/abc-office.eu\/fi\/#website\",\"url\":\"https:\/\/abc-office.eu\/fi\/\",\"name\":\"ABC Translation\",\"description\":\"info@abc-office.eu\",\"potentialAction\":[{\"@type\":\"SearchAction\",\"target\":{\"@type\":\"EntryPoint\",\"urlTemplate\":\"https:\/\/abc-office.eu\/fi\/?s={search_term_string}\"},\"query-input\":{\"@type\":\"PropertyValueSpecification\",\"valueRequired\":true,\"valueName\":\"search_term_string\"}}],\"inLanguage\":\"fi\"}]}<\/script>\n<!-- \/ Yoast SEO plugin. -->","yoast_head_json":{"title":"Yhteystiedot | K\u00e4\u00e4nn\u00f6s | K\u00e4\u00e4nt\u00e4j\u00e4 | Euroopan unioni | Yhdistynyt","description":"ABC Translation: Yhteystiedot | verkkosivuston k\u00e4\u00e4nn\u00f6s | virallisten asiakirjojen k\u00e4\u00e4nn\u00f6s | erikoisk\u00e4\u00e4nn\u00f6s | Euroopan unioni","robots":{"index":"index","follow":"follow","max-snippet":"max-snippet:-1","max-image-preview":"max-image-preview:large","max-video-preview":"max-video-preview:-1"},"canonical":"https:\/\/abc-office.eu\/fi\/yhteystiedot\/","og_locale":"fi_FI","og_type":"article","og_title":"Yhteystiedot | K\u00e4\u00e4nn\u00f6s | K\u00e4\u00e4nt\u00e4j\u00e4 | Euroopan unioni | Yhdistynyt","og_description":"ABC Translation: Yhteystiedot | verkkosivuston k\u00e4\u00e4nn\u00f6s | virallisten asiakirjojen k\u00e4\u00e4nn\u00f6s | erikoisk\u00e4\u00e4nn\u00f6s | Euroopan unioni","og_url":"https:\/\/abc-office.eu\/fi\/yhteystiedot\/","og_site_name":"ABC Translation","article_modified_time":"2025-10-24T04:58:04+00:00","og_image":[{"width":768,"height":512,"url":"https:\/\/abc-office.eu\/wp-content\/uploads\/2025\/10\/Flag_of_Europe-2-768x512-9.png","type":"image\/png"}],"twitter_card":"summary_large_image","twitter_misc":{"Arvioitu lukuaika":"2 minuuttia"},"schema":{"@context":"https:\/\/schema.org","@graph":[{"@type":"WebPage","@id":"https:\/\/abc-office.eu\/fi\/yhteystiedot\/","url":"https:\/\/abc-office.eu\/fi\/yhteystiedot\/","name":"Yhteystiedot | K\u00e4\u00e4nn\u00f6s | K\u00e4\u00e4nt\u00e4j\u00e4 | Euroopan unioni | Yhdistynyt","isPartOf":{"@id":"https:\/\/abc-office.eu\/fi\/#website"},"primaryImageOfPage":{"@id":"https:\/\/abc-office.eu\/fi\/yhteystiedot\/#primaryimage"},"image":{"@id":"https:\/\/abc-office.eu\/fi\/yhteystiedot\/#primaryimage"},"thumbnailUrl":"https:\/\/abc-office.eu\/wp-content\/uploads\/2025\/10\/Flag_of_Europe-2-768x512-9.png","datePublished":"2022-04-25T08:26:44+00:00","dateModified":"2025-10-24T04:58:04+00:00","description":"ABC Translation: Yhteystiedot | verkkosivuston k\u00e4\u00e4nn\u00f6s | virallisten asiakirjojen k\u00e4\u00e4nn\u00f6s | erikoisk\u00e4\u00e4nn\u00f6s | Euroopan unioni","breadcrumb":{"@id":"https:\/\/abc-office.eu\/fi\/yhteystiedot\/#breadcrumb"},"inLanguage":"fi","potentialAction":[{"@type":"ReadAction","target":["https:\/\/abc-office.eu\/fi\/yhteystiedot\/"]}]},{"@type":"ImageObject","inLanguage":"fi","@id":"https:\/\/abc-office.eu\/fi\/yhteystiedot\/#primaryimage","url":"https:\/\/abc-office.eu\/wp-content\/uploads\/2025\/10\/Flag_of_Europe-2-768x512-9.png","contentUrl":"https:\/\/abc-office.eu\/wp-content\/uploads\/2025\/10\/Flag_of_Europe-2-768x512-9.png","width":768,"height":512},{"@type":"BreadcrumbList","@id":"https:\/\/abc-office.eu\/fi\/yhteystiedot\/#breadcrumb","itemListElement":[{"@type":"ListItem","position":1,"name":"Accueil","item":"https:\/\/abc-office.eu\/fi\/"},{"@type":"ListItem","position":2,"name":"Yhteystiedot"}]},{"@type":"WebSite","@id":"https:\/\/abc-office.eu\/fi\/#website","url":"https:\/\/abc-office.eu\/fi\/","name":"ABC Translation","description":"info@abc-office.eu","potentialAction":[{"@type":"SearchAction","target":{"@type":"EntryPoint","urlTemplate":"https:\/\/abc-office.eu\/fi\/?s={search_term_string}"},"query-input":{"@type":"PropertyValueSpecification","valueRequired":true,"valueName":"search_term_string"}}],"inLanguage":"fi"}]}},"_links":{"self":[{"href":"https:\/\/abc-office.eu\/fi\/wp-json\/wp\/v2\/pages\/229656","targetHints":{"allow":["GET"]}}],"collection":[{"href":"https:\/\/abc-office.eu\/fi\/wp-json\/wp\/v2\/pages"}],"about":[{"href":"https:\/\/abc-office.eu\/fi\/wp-json\/wp\/v2\/types\/page"}],"author":[{"embeddable":true,"href":"https:\/\/abc-office.eu\/fi\/wp-json\/wp\/v2\/users\/1"}],"replies":[{"embeddable":true,"href":"https:\/\/abc-office.eu\/fi\/wp-json\/wp\/v2\/comments?post=229656"}],"version-history":[{"count":3,"href":"https:\/\/abc-office.eu\/fi\/wp-json\/wp\/v2\/pages\/229656\/revisions"}],"predecessor-version":[{"id":230968,"href":"https:\/\/abc-office.eu\/fi\/wp-json\/wp\/v2\/pages\/229656\/revisions\/230968"}],"wp:featuredmedia":[{"embeddable":true,"href":"https:\/\/abc-office.eu\/fi\/wp-json\/wp\/v2\/media\/229657"}],"wp:attachment":[{"href":"https:\/\/abc-office.eu\/fi\/wp-json\/wp\/v2\/media?parent=229656"}],"curies":[{"name":"wp","href":"https:\/\/api.w.org\/{rel}","templated":true}]}}