{"id":229633,"date":"2022-04-25T09:58:57","date_gmt":"2022-04-25T07:58:57","guid":{"rendered":"https:\/\/abc-office.eu\/?page_id=229633"},"modified":"2025-10-24T07:00:30","modified_gmt":"2025-10-24T05:00:30","slug":"laki","status":"publish","type":"page","link":"https:\/\/abc-office.eu\/fi\/laki\/","title":{"rendered":"Laki"},"content":{"rendered":"<h2><strong>Laki<\/strong><\/h2>\n<p style=\"text-align: justify;\">Yrityksemme, ABC Translation, on erikoistunut useisiin oikeudenaloihin, jotka liittyv\u00e4t usein Euroopan unionin ja kansainv\u00e4liseen lains\u00e4\u00e4d\u00e4nt\u00f6\u00f6n. Teemme p\u00e4ivitt\u00e4in yhteisty\u00f6t\u00e4 notaarien, asianajajien ja oikeudellisten neuvonantajien kanssa. Voimme vastata kaikkiin oikeudellisiin tarpeisiinne koko Euroopan unionin alueella (laki).<\/p>\n<h3><strong>Notaari:<\/strong><\/h3>\n<p style=\"text-align: justify;\">Teemme yhteisty\u00f6t\u00e4 notaarien kanssa neuvoaksemme ja tarjotaksemme laadukkaita palveluja asiakirjojen laatimiseen ja laillistamiseen. Osaamisemme kattaa mm. perhe- ja kiinteist\u00f6oikeuden, varallisuusoikeuden, yhti\u00f6- ja kauppaoikeuden sek\u00e4 kansainv\u00e4lisiin ja rajat ylitt\u00e4viin toimeksiantoihin liittyv\u00e4t asiakirjat, valtakirjat ja todistukset.<\/p>\n<h3><strong>Asianajotoimisto:<\/strong><\/h3>\n<p style=\"text-align: justify;\">Toimistomme kokoaa juristeja, joilla on taustaa pankeissa, monikansallisissa yhti\u00f6iss\u00e4, kansainv\u00e4lisiss\u00e4 trusteissa ja asianajotoimistoissa EU:ssa ja sen ulkopuolella. He ovat erikoistuneet mm. ty\u00f6oikeuteen (irtisanomiset), vuokrasuhteisiin ja h\u00e4\u00e4t\u00f6ihin, kotimaisiin ja kansainv\u00e4lisiin sopimuksiin, yritysj\u00e4rjestelyihin, jakelu- ja myyntisopimuksiin, franchisingiin, kilpailu- ja yhti\u00f6oikeuteen, liikearvoon ja omaisuuden siirtoihin, perheoikeuteen (avioerot, perinn\u00f6t, testamentit, ositus), kiinteist\u00f6oikeuteen, asunto-osakeyhti\u00f6ihin ja rakentamiseen, asiantuntijalausuntoihin, M&amp;A:han, takuu- ja vastuukysymyksiin, rikosoikeuteen (talousrikokset, v\u00e4\u00e4renn\u00f6kset, petokset), rahoitukseen (ABS, pankkiasiat, lainat), riidanratkaisuun ja t\u00e4yt\u00e4nt\u00f6\u00f6npanoon, vahingonkorvauksiin, vakuutuksiin, perint\u00e4\u00e4n ja ulosottoon, ensivaatimustakauksiin, IT- ja teknologiaoikeuteen (internet, verkkosivustot, lisenssit, vastuut), ammattieettisiin kysymyksiin, yrityssaneeraukseen ja selvitystiloihin sek\u00e4 julkisoikeuteen.<\/p>\n<h3><strong>Oikeudellinen neuvonantaja:<\/strong><\/h3>\n<p style=\"text-align: justify;\">Tiimimme oikeudellisia neuvonantajia kuullaan p\u00e4ivitt\u00e4in kaupallisissa, verotuksellisissa, ymp\u00e4rist\u00f6oikeudellisissa ym. kysymyksiss\u00e4. Ennalta ehk\u00e4isev\u00e4sti he neuvovat sopimusten laadinnassa ja neuvotteluissa; riitatilanteissa he toimivat \u201ckorjaavassa\u201d roolissa, mutta eiv\u00e4t edusta tuomioistuimissa, koska eiv\u00e4t ole asianajajaliiton j\u00e4seni\u00e4. Lis\u00e4ksi he varmistavat yhti\u00f6n p\u00e4\u00e4t\u00f6ksenteon laillisuuden, esim. hallituksen kokousten valmistelussa.<\/p>\n<h3><strong>Oikeudellinen neuvonta:<\/strong><\/h3>\n<p style=\"text-align: justify;\">Toimistomme oikeudellinen neuvonta tarjoaa kaikille tulotasosta riippumatta mahdollisuuden saada neuvoja ja tietoa. Neuvontaa antavat toimistomme lakimiehet ja oikeudelliset neuvonantajat; palvelu on anonyymi, luottamuksellinen ja kaikkien <a href=\"https:\/\/abc-office.eu\/fi\/\">saatavilla<\/a>.<\/p>\n<p>&nbsp;<\/p>\n<p data-start=\"2375\" data-end=\"2636\" data-is-last-node=\"\" data-is-only-node=\"\"><img loading=\"lazy\" decoding=\"async\" class=\"aligncenter wp-image-141\" src=\"https:\/\/abc-office.ch\/wp-content\/uploads\/2018\/06\/Droit11-300x225.jpg\" alt=\"Laki\" width=\"383\" height=\"287\" \/><\/p>\n","protected":false},"excerpt":{"rendered":"<p>Laki Yrityksemme, ABC Translation, on erikoistunut useisiin oikeudenaloihin, jotka liittyv\u00e4t usein Euroopan unionin ja kansainv\u00e4liseen lains\u00e4\u00e4d\u00e4nt\u00f6\u00f6n. Teemme p\u00e4ivitt\u00e4in yhteisty\u00f6t\u00e4 notaarien, asianajajien ja oikeudellisten neuvonantajien kanssa. Voimme vastata kaikkiin oikeudellisiin tarpeisiinne koko Euroopan unionin alueella (laki). Notaari: Teemme yhteisty\u00f6t\u00e4 notaarien kanssa neuvoaksemme ja tarjotaksemme laadukkaita palveluja asiakirjojen laatimiseen ja laillistamiseen. Osaamisemme kattaa mm. perhe- ja kiinteist\u00f6oikeuden,&#8230;<\/p>\n","protected":false},"author":1,"featured_media":229634,"parent":0,"menu_order":0,"comment_status":"closed","ping_status":"closed","template":"","meta":{"sfsi_plus_gutenberg_text_before_share":"","sfsi_plus_gutenberg_show_text_before_share":"","sfsi_plus_gutenberg_icon_type":"","sfsi_plus_gutenberg_icon_alignemt":"","sfsi_plus_gutenburg_max_per_row":"","footnotes":""},"class_list":["post-229633","page","type-page","status-publish","has-post-thumbnail","hentry"],"yoast_head":"<!-- This site is optimized with the Yoast SEO plugin v23.8 - https:\/\/yoast.com\/wordpress\/plugins\/seo\/ -->\n<title>Laki l ABC Translation l Notaari l Asianajotoimisto l Oikeudellinen<\/title>\n<meta name=\"description\" content=\"ABC Translation l Laki l Notaari l Asianajotoimisto l Oikeudellinen neuvonantaja l Oikeudellinen neuvonta l Euroopan unioni ja kansainv\u00e4linen\" \/>\n<meta name=\"robots\" content=\"index, follow, max-snippet:-1, max-image-preview:large, max-video-preview:-1\" \/>\n<link rel=\"canonical\" href=\"https:\/\/abc-office.eu\/fi\/laki\/\" \/>\n<meta property=\"og:locale\" content=\"fi_FI\" \/>\n<meta property=\"og:type\" content=\"article\" \/>\n<meta property=\"og:title\" content=\"Laki l ABC Translation l Notaari l Asianajotoimisto l Oikeudellinen\" \/>\n<meta property=\"og:description\" content=\"ABC Translation l Laki l Notaari l Asianajotoimisto l Oikeudellinen neuvonantaja l Oikeudellinen neuvonta l Euroopan unioni ja kansainv\u00e4linen\" \/>\n<meta property=\"og:url\" content=\"https:\/\/abc-office.eu\/fi\/laki\/\" \/>\n<meta property=\"og:site_name\" content=\"ABC Translation\" \/>\n<meta property=\"article:modified_time\" content=\"2025-10-24T05:00:30+00:00\" \/>\n<meta property=\"og:image\" content=\"https:\/\/abc-office.eu\/wp-content\/uploads\/2025\/10\/Droit1-768x432-9.jpg\" \/>\n\t<meta property=\"og:image:width\" content=\"768\" \/>\n\t<meta property=\"og:image:height\" content=\"432\" \/>\n\t<meta property=\"og:image:type\" content=\"image\/jpeg\" \/>\n<meta name=\"twitter:card\" content=\"summary_large_image\" \/>\n<meta name=\"twitter:label1\" content=\"Arvioitu lukuaika\" \/>\n\t<meta name=\"twitter:data1\" content=\"2 minuuttia\" \/>\n<script type=\"application\/ld+json\" class=\"yoast-schema-graph\">{\"@context\":\"https:\/\/schema.org\",\"@graph\":[{\"@type\":\"WebPage\",\"@id\":\"https:\/\/abc-office.eu\/fi\/laki\/\",\"url\":\"https:\/\/abc-office.eu\/fi\/laki\/\",\"name\":\"Laki l ABC Translation l Notaari l Asianajotoimisto l Oikeudellinen\",\"isPartOf\":{\"@id\":\"https:\/\/abc-office.eu\/fi\/#website\"},\"primaryImageOfPage\":{\"@id\":\"https:\/\/abc-office.eu\/fi\/laki\/#primaryimage\"},\"image\":{\"@id\":\"https:\/\/abc-office.eu\/fi\/laki\/#primaryimage\"},\"thumbnailUrl\":\"https:\/\/abc-office.eu\/wp-content\/uploads\/2025\/10\/Droit1-768x432-9.jpg\",\"datePublished\":\"2022-04-25T07:58:57+00:00\",\"dateModified\":\"2025-10-24T05:00:30+00:00\",\"description\":\"ABC Translation l Laki l Notaari l Asianajotoimisto l Oikeudellinen neuvonantaja l Oikeudellinen neuvonta l Euroopan unioni ja kansainv\u00e4linen\",\"breadcrumb\":{\"@id\":\"https:\/\/abc-office.eu\/fi\/laki\/#breadcrumb\"},\"inLanguage\":\"fi\",\"potentialAction\":[{\"@type\":\"ReadAction\",\"target\":[\"https:\/\/abc-office.eu\/fi\/laki\/\"]}]},{\"@type\":\"ImageObject\",\"inLanguage\":\"fi\",\"@id\":\"https:\/\/abc-office.eu\/fi\/laki\/#primaryimage\",\"url\":\"https:\/\/abc-office.eu\/wp-content\/uploads\/2025\/10\/Droit1-768x432-9.jpg\",\"contentUrl\":\"https:\/\/abc-office.eu\/wp-content\/uploads\/2025\/10\/Droit1-768x432-9.jpg\",\"width\":768,\"height\":432},{\"@type\":\"BreadcrumbList\",\"@id\":\"https:\/\/abc-office.eu\/fi\/laki\/#breadcrumb\",\"itemListElement\":[{\"@type\":\"ListItem\",\"position\":1,\"name\":\"Accueil\",\"item\":\"https:\/\/abc-office.eu\/fi\/\"},{\"@type\":\"ListItem\",\"position\":2,\"name\":\"Laki\"}]},{\"@type\":\"WebSite\",\"@id\":\"https:\/\/abc-office.eu\/fi\/#website\",\"url\":\"https:\/\/abc-office.eu\/fi\/\",\"name\":\"ABC Translation\",\"description\":\"info@abc-office.eu\",\"potentialAction\":[{\"@type\":\"SearchAction\",\"target\":{\"@type\":\"EntryPoint\",\"urlTemplate\":\"https:\/\/abc-office.eu\/fi\/?s={search_term_string}\"},\"query-input\":{\"@type\":\"PropertyValueSpecification\",\"valueRequired\":true,\"valueName\":\"search_term_string\"}}],\"inLanguage\":\"fi\"}]}<\/script>\n<!-- \/ Yoast SEO plugin. -->","yoast_head_json":{"title":"Laki l ABC Translation l Notaari l Asianajotoimisto l Oikeudellinen","description":"ABC Translation l Laki l Notaari l Asianajotoimisto l Oikeudellinen neuvonantaja l Oikeudellinen neuvonta l Euroopan unioni ja kansainv\u00e4linen","robots":{"index":"index","follow":"follow","max-snippet":"max-snippet:-1","max-image-preview":"max-image-preview:large","max-video-preview":"max-video-preview:-1"},"canonical":"https:\/\/abc-office.eu\/fi\/laki\/","og_locale":"fi_FI","og_type":"article","og_title":"Laki l ABC Translation l Notaari l Asianajotoimisto l Oikeudellinen","og_description":"ABC Translation l Laki l Notaari l Asianajotoimisto l Oikeudellinen neuvonantaja l Oikeudellinen neuvonta l Euroopan unioni ja kansainv\u00e4linen","og_url":"https:\/\/abc-office.eu\/fi\/laki\/","og_site_name":"ABC Translation","article_modified_time":"2025-10-24T05:00:30+00:00","og_image":[{"width":768,"height":432,"url":"https:\/\/abc-office.eu\/wp-content\/uploads\/2025\/10\/Droit1-768x432-9.jpg","type":"image\/jpeg"}],"twitter_card":"summary_large_image","twitter_misc":{"Arvioitu lukuaika":"2 minuuttia"},"schema":{"@context":"https:\/\/schema.org","@graph":[{"@type":"WebPage","@id":"https:\/\/abc-office.eu\/fi\/laki\/","url":"https:\/\/abc-office.eu\/fi\/laki\/","name":"Laki l ABC Translation l Notaari l Asianajotoimisto l Oikeudellinen","isPartOf":{"@id":"https:\/\/abc-office.eu\/fi\/#website"},"primaryImageOfPage":{"@id":"https:\/\/abc-office.eu\/fi\/laki\/#primaryimage"},"image":{"@id":"https:\/\/abc-office.eu\/fi\/laki\/#primaryimage"},"thumbnailUrl":"https:\/\/abc-office.eu\/wp-content\/uploads\/2025\/10\/Droit1-768x432-9.jpg","datePublished":"2022-04-25T07:58:57+00:00","dateModified":"2025-10-24T05:00:30+00:00","description":"ABC Translation l Laki l Notaari l Asianajotoimisto l Oikeudellinen neuvonantaja l Oikeudellinen neuvonta l Euroopan unioni ja kansainv\u00e4linen","breadcrumb":{"@id":"https:\/\/abc-office.eu\/fi\/laki\/#breadcrumb"},"inLanguage":"fi","potentialAction":[{"@type":"ReadAction","target":["https:\/\/abc-office.eu\/fi\/laki\/"]}]},{"@type":"ImageObject","inLanguage":"fi","@id":"https:\/\/abc-office.eu\/fi\/laki\/#primaryimage","url":"https:\/\/abc-office.eu\/wp-content\/uploads\/2025\/10\/Droit1-768x432-9.jpg","contentUrl":"https:\/\/abc-office.eu\/wp-content\/uploads\/2025\/10\/Droit1-768x432-9.jpg","width":768,"height":432},{"@type":"BreadcrumbList","@id":"https:\/\/abc-office.eu\/fi\/laki\/#breadcrumb","itemListElement":[{"@type":"ListItem","position":1,"name":"Accueil","item":"https:\/\/abc-office.eu\/fi\/"},{"@type":"ListItem","position":2,"name":"Laki"}]},{"@type":"WebSite","@id":"https:\/\/abc-office.eu\/fi\/#website","url":"https:\/\/abc-office.eu\/fi\/","name":"ABC Translation","description":"info@abc-office.eu","potentialAction":[{"@type":"SearchAction","target":{"@type":"EntryPoint","urlTemplate":"https:\/\/abc-office.eu\/fi\/?s={search_term_string}"},"query-input":{"@type":"PropertyValueSpecification","valueRequired":true,"valueName":"search_term_string"}}],"inLanguage":"fi"}]}},"_links":{"self":[{"href":"https:\/\/abc-office.eu\/fi\/wp-json\/wp\/v2\/pages\/229633","targetHints":{"allow":["GET"]}}],"collection":[{"href":"https:\/\/abc-office.eu\/fi\/wp-json\/wp\/v2\/pages"}],"about":[{"href":"https:\/\/abc-office.eu\/fi\/wp-json\/wp\/v2\/types\/page"}],"author":[{"embeddable":true,"href":"https:\/\/abc-office.eu\/fi\/wp-json\/wp\/v2\/users\/1"}],"replies":[{"embeddable":true,"href":"https:\/\/abc-office.eu\/fi\/wp-json\/wp\/v2\/comments?post=229633"}],"version-history":[{"count":3,"href":"https:\/\/abc-office.eu\/fi\/wp-json\/wp\/v2\/pages\/229633\/revisions"}],"predecessor-version":[{"id":230970,"href":"https:\/\/abc-office.eu\/fi\/wp-json\/wp\/v2\/pages\/229633\/revisions\/230970"}],"wp:featuredmedia":[{"embeddable":true,"href":"https:\/\/abc-office.eu\/fi\/wp-json\/wp\/v2\/media\/229634"}],"wp:attachment":[{"href":"https:\/\/abc-office.eu\/fi\/wp-json\/wp\/v2\/media?parent=229633"}],"curies":[{"name":"wp","href":"https:\/\/api.w.org\/{rel}","templated":true}]}}