{"id":229564,"date":"2017-02-16T09:17:00","date_gmt":"2017-02-16T08:17:00","guid":{"rendered":"https:\/\/abc-office.eu\/?page_id=229564"},"modified":"2025-10-24T07:09:47","modified_gmt":"2025-10-24T05:09:47","slug":"kaannos","status":"publish","type":"page","link":"https:\/\/abc-office.eu\/fi\/kaannos\/","title":{"rendered":"K\u00e4\u00e4nn\u00f6s"},"content":{"rendered":"<h2><strong>K\u00e4\u00e4nn\u00f6s<\/strong><\/h2>\n<p style=\"text-align: justify;\">Toimistomme, <strong>ABC Translation<\/strong>, on erikoistunut jo monien vuosien ajan k\u00e4\u00e4nn\u00f6s- ja tulkkausalaan. Tarjoamme kaikki alan palvelut, olipa kyse auktorisoidusta (virallisesta) k\u00e4\u00e4nn\u00f6ksest\u00e4, tavallisesta k\u00e4\u00e4nn\u00f6ksest\u00e4 tai tulkkauksesta (paikan p\u00e4\u00e4ll\u00e4 tai et\u00e4n\u00e4).<\/p>\n<p style=\"text-align: justify;\">Yli 800 k\u00e4\u00e4nt\u00e4j\u00e4n ja tulkin verkostolla hoidamme kaikenlaiset projektit lyhyill\u00e4kin aikatauluilla. Laatu ja nopea reagointi ovat vahvuuksiamme, ja tavoitteemme on tuottaa tulokset, jotka vastaavat asiakkaidemme odotuksia. Toimimme koko Euroopan unionissa ja Yhdistyneess\u00e4 kuningaskunnassa. T\u00e4m\u00e4n kattavuuden ansiosta tarjoamme k\u00e4\u00e4nn\u00f6spalveluita yli 60 eri kielell\u00e4.<\/p>\n<h3><strong>Auktorisoitu (virallinen) k\u00e4\u00e4nn\u00f6s:<\/strong><\/h3>\n<p style=\"text-align: justify;\">Olemme erikoistuneet auktorisoituihin k\u00e4\u00e4nn\u00f6ksiin helpottamaan asiointiasi, kun tulet EU:hun tai Yhdistyneeseen kuningaskuntaan tai olet l\u00e4hd\u00f6ss\u00e4 ulkomaille. K\u00e4\u00e4nn\u00f6kset laillistetaan yleens\u00e4 julkisella notaarilla ja t\u00e4m\u00e4n j\u00e4lkeen varustetaan apostille-todistuksella tai muulla laillistuksella sopimusten mukaisesti. Asiakkaiden aikataulut ovat usein tiukkoja.<\/p>\n<p style=\"text-align: justify;\">T\u00e4m\u00e4n vuoksi olemme luoneet j\u00e4rjestelm\u00e4n, joka mahdollistaa asiakirjojen k\u00e4\u00e4nt\u00e4misen, laillistamisen ja apostille-todistuksella varustamisen eritt\u00e4in nopeasti. Esimerkiksi alle viisisivuisen asiakirjan kaikki vaiheet valmistuvat yleens\u00e4 kahdessa arkip\u00e4iv\u00e4ss\u00e4. Tarvittaessa. k\u00e4\u00e4nn\u00f6kset voidaan laillistaamy\u00f6s kohdemaan konsulaatissa.<\/p>\n<p style=\"text-align: justify;\">Ulkomaisten tutkintojen tunnustamista varten teht\u00e4v\u00e4t auktorisoidut k\u00e4\u00e4nn\u00f6kset EU:ssa ja\/tai Yhdistyneess\u00e4 kuningaskunnassa kuuluvat my\u00f6s palveluihimme. K\u00e4\u00e4nn\u00e4mme asiakirjat ja vahvistamme ne julkisella notaarilla, jotta ne hyv\u00e4ksyt\u00e4\u00e4n toimivaltaisissa viranomaisissa. Asiakirjasi ovat valmiit k\u00e4sitelt\u00e4viksi.<\/p>\n<h3><strong>Kielet:<\/strong><\/h3>\n<p style=\"text-align: justify;\">afrikaans | albania | amerikanenglanti | amhara | arabia | armenia | aymara | azerbaid\u017eani | baski | bengali | bosnia | brasilian portugali | bulgaria | burma | dari | englanti | espanja | ewe | farsi | fula | georgia | guarani | heprea | hindi | hollanti | indonesia | italia | japani | kantoninkiina | katalaani | kazakki | ket\u0161ua | khmer | kiina | kirgiisi | korea | kreikka | kroatia | lao | latvia | lingala | liettua | makedonia | malaiji | malajalam | mandariinikiina | moldovan kieli | mongolia | montenegro | norja | pa\u0161tu | persia | portugali | puola | punjabi | romania | ruotsi | saksa | serbia | sinhali | slovakki | slovenia | suomi | tamili | tanska | thai | t\u0161ekki | turkki | turkmeeni | ukraina | unkari | urdu | uzbekki | valkoven\u00e4j\u00e4 | ven\u00e4j\u00e4 | vietnam | viro<\/p>\n<h3><strong>Asiakirjat:<\/strong><\/h3>\n<p style=\"text-align: justify;\">syntym\u00e4todistus | avioliittotodistus | siviilis\u00e4\u00e4tytodistus | todistus | patentti | rikosrekisteriote | naimattomuustodistus | kuolintodistus | perhetodistus | ty\u00f6todistus | veroilmoitus | tutkintotodistus | passi | ajokortti | testamentti | viisumi | sopimus | avioerop\u00e4\u00e4t\u00f6s | avioehtosopimus | tuomio | prosessiasiakirja | valtakirja | p\u00f6yt\u00e4kirja<\/p>\n<p style=\"text-align: justify;\">Jos tarvitset k\u00e4\u00e4nn\u00f6ksen toiselle kielelle, ota rohkeasti <a href=\"https:\/\/abc-office.eu\/fi\/\">yhteytt\u00e4<\/a>.<\/p>\n<p data-start=\"3006\" data-end=\"3085\"><img loading=\"lazy\" decoding=\"async\" class=\"aligncenter wp-image-26 size-medium\" src=\"https:\/\/abc-office.ch\/wp-content\/uploads\/2018\/06\/imageedit_1_6241191614-300x300.gif\" alt=\"K\u00e4\u00e4nn\u00f6s\" width=\"300\" height=\"300\" \/><\/p>\n","protected":false},"excerpt":{"rendered":"<p>K\u00e4\u00e4nn\u00f6s Toimistomme, ABC Translation, on erikoistunut jo monien vuosien ajan k\u00e4\u00e4nn\u00f6s- ja tulkkausalaan. Tarjoamme kaikki alan palvelut, olipa kyse auktorisoidusta (virallisesta) k\u00e4\u00e4nn\u00f6ksest\u00e4, tavallisesta k\u00e4\u00e4nn\u00f6ksest\u00e4 tai tulkkauksesta (paikan p\u00e4\u00e4ll\u00e4 tai et\u00e4n\u00e4). Yli 800 k\u00e4\u00e4nt\u00e4j\u00e4n ja tulkin verkostolla hoidamme kaikenlaiset projektit lyhyill\u00e4kin aikatauluilla. Laatu ja nopea reagointi ovat vahvuuksiamme, ja tavoitteemme on tuottaa tulokset, jotka vastaavat asiakkaidemme&#8230;<\/p>\n","protected":false},"author":1,"featured_media":229565,"parent":0,"menu_order":0,"comment_status":"closed","ping_status":"closed","template":"","meta":{"sfsi_plus_gutenberg_text_before_share":"","sfsi_plus_gutenberg_show_text_before_share":"","sfsi_plus_gutenberg_icon_type":"","sfsi_plus_gutenberg_icon_alignemt":"","sfsi_plus_gutenburg_max_per_row":"","footnotes":""},"class_list":["post-229564","page","type-page","status-publish","has-post-thumbnail","hentry"],"yoast_head":"<!-- This site is optimized with the Yoast SEO plugin v23.8 - https:\/\/yoast.com\/wordpress\/plugins\/seo\/ -->\n<title>K\u00e4\u00e4nn\u00f6s l Virallinen k\u00e4\u00e4nn\u00f6s l Ammattimainen korkealaatuinen<\/title>\n<meta name=\"description\" content=\"K\u00e4\u00e4nn\u00f6s hallinnollisia menettelyj\u00e4si varten l Vahvistettu ja virallinen k\u00e4\u00e4nn\u00f6s l Hyv\u00e4ksytty kaikissa EU:n ja ulkomaiden instituutioissa\" \/>\n<meta name=\"robots\" content=\"index, follow, max-snippet:-1, max-image-preview:large, max-video-preview:-1\" \/>\n<link rel=\"canonical\" href=\"https:\/\/abc-office.eu\/fi\/kaannos\/\" \/>\n<meta property=\"og:locale\" content=\"fi_FI\" \/>\n<meta property=\"og:type\" content=\"article\" \/>\n<meta property=\"og:title\" content=\"K\u00e4\u00e4nn\u00f6s l Virallinen k\u00e4\u00e4nn\u00f6s l Ammattimainen korkealaatuinen\" \/>\n<meta property=\"og:description\" content=\"K\u00e4\u00e4nn\u00f6s hallinnollisia menettelyj\u00e4si varten l Vahvistettu ja virallinen k\u00e4\u00e4nn\u00f6s l Hyv\u00e4ksytty kaikissa EU:n ja ulkomaiden instituutioissa\" \/>\n<meta property=\"og:url\" content=\"https:\/\/abc-office.eu\/fi\/kaannos\/\" \/>\n<meta property=\"og:site_name\" content=\"ABC Translation\" \/>\n<meta property=\"article:modified_time\" content=\"2025-10-24T05:09:47+00:00\" \/>\n<meta property=\"og:image\" content=\"https:\/\/abc-office.eu\/wp-content\/uploads\/2025\/10\/Traduction-8.jpg\" \/>\n\t<meta property=\"og:image:width\" content=\"650\" \/>\n\t<meta property=\"og:image:height\" content=\"400\" \/>\n\t<meta property=\"og:image:type\" content=\"image\/jpeg\" \/>\n<meta name=\"twitter:card\" content=\"summary_large_image\" \/>\n<meta name=\"twitter:label1\" content=\"Arvioitu lukuaika\" \/>\n\t<meta name=\"twitter:data1\" content=\"3 minuuttia\" \/>\n<script type=\"application\/ld+json\" class=\"yoast-schema-graph\">{\"@context\":\"https:\/\/schema.org\",\"@graph\":[{\"@type\":\"WebPage\",\"@id\":\"https:\/\/abc-office.eu\/fi\/kaannos\/\",\"url\":\"https:\/\/abc-office.eu\/fi\/kaannos\/\",\"name\":\"K\u00e4\u00e4nn\u00f6s l Virallinen k\u00e4\u00e4nn\u00f6s l Ammattimainen korkealaatuinen\",\"isPartOf\":{\"@id\":\"https:\/\/abc-office.eu\/fi\/#website\"},\"primaryImageOfPage\":{\"@id\":\"https:\/\/abc-office.eu\/fi\/kaannos\/#primaryimage\"},\"image\":{\"@id\":\"https:\/\/abc-office.eu\/fi\/kaannos\/#primaryimage\"},\"thumbnailUrl\":\"https:\/\/abc-office.eu\/wp-content\/uploads\/2025\/10\/Traduction-8.jpg\",\"datePublished\":\"2017-02-16T08:17:00+00:00\",\"dateModified\":\"2025-10-24T05:09:47+00:00\",\"description\":\"K\u00e4\u00e4nn\u00f6s hallinnollisia menettelyj\u00e4si varten l Vahvistettu ja virallinen k\u00e4\u00e4nn\u00f6s l Hyv\u00e4ksytty kaikissa EU:n ja ulkomaiden instituutioissa\",\"breadcrumb\":{\"@id\":\"https:\/\/abc-office.eu\/fi\/kaannos\/#breadcrumb\"},\"inLanguage\":\"fi\",\"potentialAction\":[{\"@type\":\"ReadAction\",\"target\":[\"https:\/\/abc-office.eu\/fi\/kaannos\/\"]}]},{\"@type\":\"ImageObject\",\"inLanguage\":\"fi\",\"@id\":\"https:\/\/abc-office.eu\/fi\/kaannos\/#primaryimage\",\"url\":\"https:\/\/abc-office.eu\/wp-content\/uploads\/2025\/10\/Traduction-8.jpg\",\"contentUrl\":\"https:\/\/abc-office.eu\/wp-content\/uploads\/2025\/10\/Traduction-8.jpg\",\"width\":650,\"height\":400},{\"@type\":\"BreadcrumbList\",\"@id\":\"https:\/\/abc-office.eu\/fi\/kaannos\/#breadcrumb\",\"itemListElement\":[{\"@type\":\"ListItem\",\"position\":1,\"name\":\"Accueil\",\"item\":\"https:\/\/abc-office.eu\/fi\/\"},{\"@type\":\"ListItem\",\"position\":2,\"name\":\"K\u00e4\u00e4nn\u00f6s\"}]},{\"@type\":\"WebSite\",\"@id\":\"https:\/\/abc-office.eu\/fi\/#website\",\"url\":\"https:\/\/abc-office.eu\/fi\/\",\"name\":\"ABC Translation\",\"description\":\"info@abc-office.eu\",\"potentialAction\":[{\"@type\":\"SearchAction\",\"target\":{\"@type\":\"EntryPoint\",\"urlTemplate\":\"https:\/\/abc-office.eu\/fi\/?s={search_term_string}\"},\"query-input\":{\"@type\":\"PropertyValueSpecification\",\"valueRequired\":true,\"valueName\":\"search_term_string\"}}],\"inLanguage\":\"fi\"}]}<\/script>\n<!-- \/ Yoast SEO plugin. -->","yoast_head_json":{"title":"K\u00e4\u00e4nn\u00f6s l Virallinen k\u00e4\u00e4nn\u00f6s l Ammattimainen korkealaatuinen","description":"K\u00e4\u00e4nn\u00f6s hallinnollisia menettelyj\u00e4si varten l Vahvistettu ja virallinen k\u00e4\u00e4nn\u00f6s l Hyv\u00e4ksytty kaikissa EU:n ja ulkomaiden instituutioissa","robots":{"index":"index","follow":"follow","max-snippet":"max-snippet:-1","max-image-preview":"max-image-preview:large","max-video-preview":"max-video-preview:-1"},"canonical":"https:\/\/abc-office.eu\/fi\/kaannos\/","og_locale":"fi_FI","og_type":"article","og_title":"K\u00e4\u00e4nn\u00f6s l Virallinen k\u00e4\u00e4nn\u00f6s l Ammattimainen korkealaatuinen","og_description":"K\u00e4\u00e4nn\u00f6s hallinnollisia menettelyj\u00e4si varten l Vahvistettu ja virallinen k\u00e4\u00e4nn\u00f6s l Hyv\u00e4ksytty kaikissa EU:n ja ulkomaiden instituutioissa","og_url":"https:\/\/abc-office.eu\/fi\/kaannos\/","og_site_name":"ABC Translation","article_modified_time":"2025-10-24T05:09:47+00:00","og_image":[{"width":650,"height":400,"url":"https:\/\/abc-office.eu\/wp-content\/uploads\/2025\/10\/Traduction-8.jpg","type":"image\/jpeg"}],"twitter_card":"summary_large_image","twitter_misc":{"Arvioitu lukuaika":"3 minuuttia"},"schema":{"@context":"https:\/\/schema.org","@graph":[{"@type":"WebPage","@id":"https:\/\/abc-office.eu\/fi\/kaannos\/","url":"https:\/\/abc-office.eu\/fi\/kaannos\/","name":"K\u00e4\u00e4nn\u00f6s l Virallinen k\u00e4\u00e4nn\u00f6s l Ammattimainen korkealaatuinen","isPartOf":{"@id":"https:\/\/abc-office.eu\/fi\/#website"},"primaryImageOfPage":{"@id":"https:\/\/abc-office.eu\/fi\/kaannos\/#primaryimage"},"image":{"@id":"https:\/\/abc-office.eu\/fi\/kaannos\/#primaryimage"},"thumbnailUrl":"https:\/\/abc-office.eu\/wp-content\/uploads\/2025\/10\/Traduction-8.jpg","datePublished":"2017-02-16T08:17:00+00:00","dateModified":"2025-10-24T05:09:47+00:00","description":"K\u00e4\u00e4nn\u00f6s hallinnollisia menettelyj\u00e4si varten l Vahvistettu ja virallinen k\u00e4\u00e4nn\u00f6s l Hyv\u00e4ksytty kaikissa EU:n ja ulkomaiden instituutioissa","breadcrumb":{"@id":"https:\/\/abc-office.eu\/fi\/kaannos\/#breadcrumb"},"inLanguage":"fi","potentialAction":[{"@type":"ReadAction","target":["https:\/\/abc-office.eu\/fi\/kaannos\/"]}]},{"@type":"ImageObject","inLanguage":"fi","@id":"https:\/\/abc-office.eu\/fi\/kaannos\/#primaryimage","url":"https:\/\/abc-office.eu\/wp-content\/uploads\/2025\/10\/Traduction-8.jpg","contentUrl":"https:\/\/abc-office.eu\/wp-content\/uploads\/2025\/10\/Traduction-8.jpg","width":650,"height":400},{"@type":"BreadcrumbList","@id":"https:\/\/abc-office.eu\/fi\/kaannos\/#breadcrumb","itemListElement":[{"@type":"ListItem","position":1,"name":"Accueil","item":"https:\/\/abc-office.eu\/fi\/"},{"@type":"ListItem","position":2,"name":"K\u00e4\u00e4nn\u00f6s"}]},{"@type":"WebSite","@id":"https:\/\/abc-office.eu\/fi\/#website","url":"https:\/\/abc-office.eu\/fi\/","name":"ABC Translation","description":"info@abc-office.eu","potentialAction":[{"@type":"SearchAction","target":{"@type":"EntryPoint","urlTemplate":"https:\/\/abc-office.eu\/fi\/?s={search_term_string}"},"query-input":{"@type":"PropertyValueSpecification","valueRequired":true,"valueName":"search_term_string"}}],"inLanguage":"fi"}]}},"_links":{"self":[{"href":"https:\/\/abc-office.eu\/fi\/wp-json\/wp\/v2\/pages\/229564","targetHints":{"allow":["GET"]}}],"collection":[{"href":"https:\/\/abc-office.eu\/fi\/wp-json\/wp\/v2\/pages"}],"about":[{"href":"https:\/\/abc-office.eu\/fi\/wp-json\/wp\/v2\/types\/page"}],"author":[{"embeddable":true,"href":"https:\/\/abc-office.eu\/fi\/wp-json\/wp\/v2\/users\/1"}],"replies":[{"embeddable":true,"href":"https:\/\/abc-office.eu\/fi\/wp-json\/wp\/v2\/comments?post=229564"}],"version-history":[{"count":3,"href":"https:\/\/abc-office.eu\/fi\/wp-json\/wp\/v2\/pages\/229564\/revisions"}],"predecessor-version":[{"id":230976,"href":"https:\/\/abc-office.eu\/fi\/wp-json\/wp\/v2\/pages\/229564\/revisions\/230976"}],"wp:featuredmedia":[{"embeddable":true,"href":"https:\/\/abc-office.eu\/fi\/wp-json\/wp\/v2\/media\/229565"}],"wp:attachment":[{"href":"https:\/\/abc-office.eu\/fi\/wp-json\/wp\/v2\/media?parent=229564"}],"curies":[{"name":"wp","href":"https:\/\/api.w.org\/{rel}","templated":true}]}}