{"id":229303,"date":"2017-02-16T09:13:19","date_gmt":"2017-02-16T08:13:19","guid":{"rendered":"https:\/\/abc-office.eu\/?page_id=229303"},"modified":"2025-10-24T08:42:28","modified_gmt":"2025-10-24T06:42:28","slug":"etusivu","status":"publish","type":"page","link":"https:\/\/abc-office.eu\/fi\/","title":{"rendered":"Etusivu"},"content":{"rendered":"<h2 data-start=\"80\" data-end=\"99\"><strong data-start=\"80\" data-end=\"99\">ABC Translation<\/strong><\/h2>\n<p style=\"text-align: justify;\">ABC Translation on erikoistunut useisiin aloihin, kuten k\u00e4\u00e4nn\u00f6ksiin, kiinteist\u00f6alaan, laillistuksiin, oikeuteen ja muuttopalveluihin. Yli 500 asiantuntijan verkoston ansiosta kuulumme alan keskeisiin toimijoihin ja toimimme nopeasti. Henkil\u00f6st\u00f6mme edustaa 55 kansallisuutta, ja verkostomme ulottuu yli 85 maahan. Kansainv\u00e4linen toimintamalli mahdollistaa vaativien asiakkuuksien palvelemisen tehokkaasti.<\/p>\n<h3><strong>ABC Translation lukuina:<\/strong><\/h3>\n<ul>\n<li>500 asiantuntijaa maailmanlaajuisesti<\/li>\n<li>60 kielt\u00e4<\/li>\n<li>4 000 projektia vuodessa<\/li>\n<li>yli 10 vuoden kokemus<\/li>\n<li>yli 1 000 yritysasiakasta<\/li>\n<li>yli 2 000 yksityisasiakasta vuosittain<\/li>\n<\/ul>\n<p style=\"text-align: justify;\">Teemme yhteisty\u00f6t\u00e4 julkisten notaarien (DVV), Ulkoministeri\u00f6n sek\u00e4 suurl\u00e4hetyst\u00f6jen ja konsulaattien kanssa, jotta asiakirjat saadaan laillistettua nopeasti ja oikeassa ketjussa. Ulkomaille l\u00e4htevien asiakirjojen osalta koordinoimme edustustojen vaatimukset etuk\u00e4teen. Paikalliset polkupy\u00f6r\u00e4l\u00e4hetit hoitavat toimitukset viranomaisille ymp\u00e4rist\u00f6yst\u00e4v\u00e4llisesti, mink\u00e4 j\u00e4lkeen k\u00e4yt\u00e4mme postipalveluja ja DHL:\u00e4\u00e4 l\u00e4hetyksiin Euroopassa ja maailmanlaajuisesti.<\/p>\n<p style=\"text-align: justify;\">Palvelujemme laatu ja nopeus erottavat meid\u00e4t. T\u00e4ll\u00e4 alalla nopea reagointi on ratkaisevaa, ja olemme rakentaneet toimintamallin, joka mahdollistaa yhteydenottoihin vastaamisen viipym\u00e4tt\u00e4. Meihin saa nopeasti yhteyden puhelimitse tai s\u00e4hk\u00f6postitse. Voit my\u00f6s l\u00e4hett\u00e4\u00e4 asiakirjat t\u00e4m\u00e4n sivun oikean reunan lomakkeella. L\u00e4het\u00e4mme yleens\u00e4 tarjouksen 10\u201320 minuutissa tiedostojen vastaanottamisesta; se sis\u00e4lt\u00e4\u00e4 kokonaishinnan ja arvion toteutusaikataulusta.<\/p>\n<p style=\"text-align: justify;\">Koko tiimimme on k\u00e4ytett\u00e4viss\u00e4nne ja odotamme innolla yhteisty\u00f6t\u00e4 <a href=\"https:\/\/abc-office.eu\/fi\/\">kanssanne<\/a>.<\/p>\n<p data-start=\"1956\" data-end=\"2041\"><img loading=\"lazy\" decoding=\"async\" class=\"wp-image-298 aligncenter\" src=\"https:\/\/abc-office.ch\/wp-content\/uploads\/2020\/03\/bim91-1024x682.jpg\" alt=\"ABC Translation\" width=\"641\" height=\"427\" \/><\/p>\n","protected":false},"excerpt":{"rendered":"<p>ABC Translation ABC Translation on erikoistunut useisiin aloihin, kuten k\u00e4\u00e4nn\u00f6ksiin, kiinteist\u00f6alaan, laillistuksiin, oikeuteen ja muuttopalveluihin. Yli 500 asiantuntijan verkoston ansiosta kuulumme alan keskeisiin toimijoihin ja toimimme nopeasti. Henkil\u00f6st\u00f6mme edustaa 55 kansallisuutta, ja verkostomme ulottuu yli 85 maahan. Kansainv\u00e4linen toimintamalli mahdollistaa vaativien asiakkuuksien palvelemisen tehokkaasti. ABC Translation lukuina: 500 asiantuntijaa maailmanlaajuisesti 60 kielt\u00e4 4 000 projektia&#8230;<\/p>\n","protected":false},"author":1,"featured_media":229304,"parent":0,"menu_order":0,"comment_status":"closed","ping_status":"closed","template":"","meta":{"sfsi_plus_gutenberg_text_before_share":"","sfsi_plus_gutenberg_show_text_before_share":"","sfsi_plus_gutenberg_icon_type":"","sfsi_plus_gutenberg_icon_alignemt":"","sfsi_plus_gutenburg_max_per_row":"","footnotes":""},"class_list":["post-229303","page","type-page","status-publish","has-post-thumbnail","hentry"],"yoast_head":"<!-- This site is optimized with the Yoast SEO plugin v23.8 - https:\/\/yoast.com\/wordpress\/plugins\/seo\/ -->\n<title>ABC Translation l K\u00e4\u00e4nn\u00f6kset l Laillistaminen l Kiinteist\u00f6t<\/title>\n<meta name=\"description\" content=\"ABC Translation l Laillistaminen l Kiinteist\u00f6t l Ulkomailla asuvat l Tulkkaus l Notaari l Asianajotoimisto l Henkil\u00f6n uudelleensijoittaminen\" \/>\n<meta name=\"robots\" content=\"index, follow, max-snippet:-1, max-image-preview:large, max-video-preview:-1\" \/>\n<link rel=\"canonical\" href=\"https:\/\/abc-office.eu\/fi\/\" \/>\n<meta property=\"og:locale\" content=\"fi_FI\" \/>\n<meta property=\"og:type\" content=\"article\" \/>\n<meta property=\"og:title\" content=\"ABC Translation l K\u00e4\u00e4nn\u00f6kset l Laillistaminen l Kiinteist\u00f6t\" \/>\n<meta property=\"og:description\" content=\"ABC Translation l Laillistaminen l Kiinteist\u00f6t l Ulkomailla asuvat l Tulkkaus l Notaari l Asianajotoimisto l Henkil\u00f6n uudelleensijoittaminen\" \/>\n<meta property=\"og:url\" content=\"https:\/\/abc-office.eu\/fi\/\" \/>\n<meta property=\"og:site_name\" content=\"ABC Translation\" \/>\n<meta property=\"article:modified_time\" content=\"2025-10-24T06:42:28+00:00\" \/>\n<meta property=\"og:image\" content=\"https:\/\/abc-office.eu\/wp-content\/uploads\/2025\/10\/6190976a-768x433-9.jpg\" \/>\n\t<meta property=\"og:image:width\" content=\"768\" \/>\n\t<meta property=\"og:image:height\" content=\"433\" \/>\n\t<meta property=\"og:image:type\" content=\"image\/jpeg\" \/>\n<meta name=\"twitter:card\" content=\"summary_large_image\" \/>\n<meta name=\"twitter:label1\" content=\"Arvioitu lukuaika\" \/>\n\t<meta name=\"twitter:data1\" content=\"2 minuuttia\" \/>\n<script type=\"application\/ld+json\" class=\"yoast-schema-graph\">{\"@context\":\"https:\/\/schema.org\",\"@graph\":[{\"@type\":\"WebPage\",\"@id\":\"https:\/\/abc-office.eu\/fi\/\",\"url\":\"https:\/\/abc-office.eu\/fi\/\",\"name\":\"ABC Translation l K\u00e4\u00e4nn\u00f6kset l Laillistaminen l Kiinteist\u00f6t\",\"isPartOf\":{\"@id\":\"https:\/\/abc-office.eu\/fi\/#website\"},\"primaryImageOfPage\":{\"@id\":\"https:\/\/abc-office.eu\/fi\/#primaryimage\"},\"image\":{\"@id\":\"https:\/\/abc-office.eu\/fi\/#primaryimage\"},\"thumbnailUrl\":\"https:\/\/abc-office.eu\/wp-content\/uploads\/2025\/10\/6190976a-768x433-9.jpg\",\"datePublished\":\"2017-02-16T08:13:19+00:00\",\"dateModified\":\"2025-10-24T06:42:28+00:00\",\"description\":\"ABC Translation l Laillistaminen l Kiinteist\u00f6t l Ulkomailla asuvat l Tulkkaus l Notaari l Asianajotoimisto l Henkil\u00f6n uudelleensijoittaminen\",\"breadcrumb\":{\"@id\":\"https:\/\/abc-office.eu\/fi\/#breadcrumb\"},\"inLanguage\":\"fi\",\"potentialAction\":[{\"@type\":\"ReadAction\",\"target\":[\"https:\/\/abc-office.eu\/fi\/\"]}]},{\"@type\":\"ImageObject\",\"inLanguage\":\"fi\",\"@id\":\"https:\/\/abc-office.eu\/fi\/#primaryimage\",\"url\":\"https:\/\/abc-office.eu\/wp-content\/uploads\/2025\/10\/6190976a-768x433-9.jpg\",\"contentUrl\":\"https:\/\/abc-office.eu\/wp-content\/uploads\/2025\/10\/6190976a-768x433-9.jpg\",\"width\":768,\"height\":433},{\"@type\":\"BreadcrumbList\",\"@id\":\"https:\/\/abc-office.eu\/fi\/#breadcrumb\",\"itemListElement\":[{\"@type\":\"ListItem\",\"position\":1,\"name\":\"Accueil\",\"item\":\"https:\/\/abc-office.eu\/fi\/\"},{\"@type\":\"ListItem\",\"position\":2,\"name\":\"Etusivu\"}]},{\"@type\":\"WebSite\",\"@id\":\"https:\/\/abc-office.eu\/fi\/#website\",\"url\":\"https:\/\/abc-office.eu\/fi\/\",\"name\":\"ABC Translation\",\"description\":\"info@abc-office.eu\",\"potentialAction\":[{\"@type\":\"SearchAction\",\"target\":{\"@type\":\"EntryPoint\",\"urlTemplate\":\"https:\/\/abc-office.eu\/fi\/?s={search_term_string}\"},\"query-input\":{\"@type\":\"PropertyValueSpecification\",\"valueRequired\":true,\"valueName\":\"search_term_string\"}}],\"inLanguage\":\"fi\"}]}<\/script>\n<!-- \/ Yoast SEO plugin. -->","yoast_head_json":{"title":"ABC Translation l K\u00e4\u00e4nn\u00f6kset l Laillistaminen l Kiinteist\u00f6t","description":"ABC Translation l Laillistaminen l Kiinteist\u00f6t l Ulkomailla asuvat l Tulkkaus l Notaari l Asianajotoimisto l Henkil\u00f6n uudelleensijoittaminen","robots":{"index":"index","follow":"follow","max-snippet":"max-snippet:-1","max-image-preview":"max-image-preview:large","max-video-preview":"max-video-preview:-1"},"canonical":"https:\/\/abc-office.eu\/fi\/","og_locale":"fi_FI","og_type":"article","og_title":"ABC Translation l K\u00e4\u00e4nn\u00f6kset l Laillistaminen l Kiinteist\u00f6t","og_description":"ABC Translation l Laillistaminen l Kiinteist\u00f6t l Ulkomailla asuvat l Tulkkaus l Notaari l Asianajotoimisto l Henkil\u00f6n uudelleensijoittaminen","og_url":"https:\/\/abc-office.eu\/fi\/","og_site_name":"ABC Translation","article_modified_time":"2025-10-24T06:42:28+00:00","og_image":[{"width":768,"height":433,"url":"https:\/\/abc-office.eu\/wp-content\/uploads\/2025\/10\/6190976a-768x433-9.jpg","type":"image\/jpeg"}],"twitter_card":"summary_large_image","twitter_misc":{"Arvioitu lukuaika":"2 minuuttia"},"schema":{"@context":"https:\/\/schema.org","@graph":[{"@type":"WebPage","@id":"https:\/\/abc-office.eu\/fi\/","url":"https:\/\/abc-office.eu\/fi\/","name":"ABC Translation l K\u00e4\u00e4nn\u00f6kset l Laillistaminen l Kiinteist\u00f6t","isPartOf":{"@id":"https:\/\/abc-office.eu\/fi\/#website"},"primaryImageOfPage":{"@id":"https:\/\/abc-office.eu\/fi\/#primaryimage"},"image":{"@id":"https:\/\/abc-office.eu\/fi\/#primaryimage"},"thumbnailUrl":"https:\/\/abc-office.eu\/wp-content\/uploads\/2025\/10\/6190976a-768x433-9.jpg","datePublished":"2017-02-16T08:13:19+00:00","dateModified":"2025-10-24T06:42:28+00:00","description":"ABC Translation l Laillistaminen l Kiinteist\u00f6t l Ulkomailla asuvat l Tulkkaus l Notaari l Asianajotoimisto l Henkil\u00f6n uudelleensijoittaminen","breadcrumb":{"@id":"https:\/\/abc-office.eu\/fi\/#breadcrumb"},"inLanguage":"fi","potentialAction":[{"@type":"ReadAction","target":["https:\/\/abc-office.eu\/fi\/"]}]},{"@type":"ImageObject","inLanguage":"fi","@id":"https:\/\/abc-office.eu\/fi\/#primaryimage","url":"https:\/\/abc-office.eu\/wp-content\/uploads\/2025\/10\/6190976a-768x433-9.jpg","contentUrl":"https:\/\/abc-office.eu\/wp-content\/uploads\/2025\/10\/6190976a-768x433-9.jpg","width":768,"height":433},{"@type":"BreadcrumbList","@id":"https:\/\/abc-office.eu\/fi\/#breadcrumb","itemListElement":[{"@type":"ListItem","position":1,"name":"Accueil","item":"https:\/\/abc-office.eu\/fi\/"},{"@type":"ListItem","position":2,"name":"Etusivu"}]},{"@type":"WebSite","@id":"https:\/\/abc-office.eu\/fi\/#website","url":"https:\/\/abc-office.eu\/fi\/","name":"ABC Translation","description":"info@abc-office.eu","potentialAction":[{"@type":"SearchAction","target":{"@type":"EntryPoint","urlTemplate":"https:\/\/abc-office.eu\/fi\/?s={search_term_string}"},"query-input":{"@type":"PropertyValueSpecification","valueRequired":true,"valueName":"search_term_string"}}],"inLanguage":"fi"}]}},"_links":{"self":[{"href":"https:\/\/abc-office.eu\/fi\/wp-json\/wp\/v2\/pages\/229303","targetHints":{"allow":["GET"]}}],"collection":[{"href":"https:\/\/abc-office.eu\/fi\/wp-json\/wp\/v2\/pages"}],"about":[{"href":"https:\/\/abc-office.eu\/fi\/wp-json\/wp\/v2\/types\/page"}],"author":[{"embeddable":true,"href":"https:\/\/abc-office.eu\/fi\/wp-json\/wp\/v2\/users\/1"}],"replies":[{"embeddable":true,"href":"https:\/\/abc-office.eu\/fi\/wp-json\/wp\/v2\/comments?post=229303"}],"version-history":[{"count":3,"href":"https:\/\/abc-office.eu\/fi\/wp-json\/wp\/v2\/pages\/229303\/revisions"}],"predecessor-version":[{"id":231044,"href":"https:\/\/abc-office.eu\/fi\/wp-json\/wp\/v2\/pages\/229303\/revisions\/231044"}],"wp:featuredmedia":[{"embeddable":true,"href":"https:\/\/abc-office.eu\/fi\/wp-json\/wp\/v2\/media\/229304"}],"wp:attachment":[{"href":"https:\/\/abc-office.eu\/fi\/wp-json\/wp\/v2\/media?parent=229303"}],"curies":[{"name":"wp","href":"https:\/\/api.w.org\/{rel}","templated":true}]}}