{"id":233036,"date":"2022-04-25T10:26:44","date_gmt":"2022-04-25T08:26:44","guid":{"rendered":"https:\/\/abc-office.eu\/?page_id=233036"},"modified":"2025-11-17T06:16:09","modified_gmt":"2025-11-17T05:16:09","slug":"kontakt","status":"publish","type":"page","link":"https:\/\/abc-office.eu\/et\/kontakt\/","title":{"rendered":"Kontakt"},"content":{"rendered":"<h2><strong data-start=\"109\" data-end=\"158\">Kontakt \u2013 teie t\u00f5lkeagentuur Euroopa Liidus<\/strong><\/h2>\n<p><br data-start=\"158\" data-end=\"161\" \/>E-post: <a class=\"decorated-link cursor-pointer\" href=\"mailto:info@abc-office.eu\" rel=\"noopener\" data-start=\"169\" data-end=\"187\">info@abc-office.eu<\/a><\/p>\n<div class=\"flex max-w-full flex-col grow\">\n<div class=\"min-h-8 text-message relative flex w-full flex-col items-end gap-2 text-start break-words whitespace-normal [.text-message+&amp;]:mt-1\" dir=\"auto\" data-message-author-role=\"assistant\" data-message-id=\"7a484922-ed82-4ab0-aa44-d0934f76be34\" data-message-model-slug=\"gpt-5\">\n<div class=\"flex w-full flex-col gap-1 empty:hidden first:pt-[1px]\">\n<div class=\"markdown prose dark:prose-invert w-full break-words dark markdown-new-styling\">\n<h3 data-start=\"189\" data-end=\"208\"><strong data-start=\"189\" data-end=\"208\">ABC Translation<\/strong><\/h3>\n<p style=\"text-align: justify;\">K\u00f5ik meie Euroopa Liidus tegutsevad t\u00f5lkijad ja keeletoimetajad on omandanud t\u00f5lke magistrikraadi. Nad on spetsialiseerunud erinevatele valdkondadele, nagu turundus, majandus, poliitika, \u00f5igus ja meditsiin. Kiire p\u00e4ringu tegemiseks t\u00e4itke palun meie veebilehe paremal asuv vorm. Seej\u00e4rel saadab meie meeskond teile hinnapakkumise, mis n\u00e4itab nii t\u00f5lke maksumust kui ka valmimise t\u00e4htaega. Meie pakkumise sisse kuulub teksti t\u00f5lkimine ja selle toimetus teise t\u00f5lkija poolt, mis tagab t\u00f5lke kvaliteedi. Kui tekst on t\u00f5lgitud ja toimetatud, saadame selle teile tagasi e-postiga v\u00f5i, kui tegemist on kinnitatud t\u00f5lkega, posti teel.<\/p>\n<p style=\"text-align: justify;\">T\u00f5lket\u00f6\u00f6 puhul peab kvaliteet olema laitmatu. T\u00e4nu meie peamistele tugevustele \u2013 t\u00e4psus, t\u00f5husus ja t\u00e4htaegadest kinnipidamine \u2013 teeme igap\u00e4evaselt koost\u00f6\u00f6d suure hulga ettev\u00f5tete ja eraisikutega. Me t\u00f5lgime nii veebilehti, ametlikke dokumente kui ka erialatekste.<\/p>\n<p style=\"text-align: justify;\">Me m\u00e4\u00e4rame oma hinnavahemiku t\u00e4pse, EL-is toimiva s\u00fcsteemi j\u00e4rgi. Meie hinnas\u00fcsteem v\u00f5tab arvesse l\u00e4hteteksti raskusastme. Hinnad arvutame s\u00f5nade arvu v\u00f5i 55-t\u00e4hem\u00e4rgilise rea j\u00e4rgi. See s\u00fcsteem tagab kliendile t\u00e4ieliku l\u00e4bipaistvuse ja v\u00f5imaldab meil koostada t\u00f5eseid hinnapakkumisi. Meie klientideks on nii ettev\u00f5tted kui ka eraisikud \u00fcle kogu Euroopa <a href=\"https:\/\/abc-office.eu\/et\/\">Liidu<\/a>.<\/p>\n<\/div>\n<\/div>\n<\/div>\n<\/div>\n<div class=\"z-0 flex min-h-[46px] justify-start\"><img loading=\"lazy\" decoding=\"async\" class=\"aligncenter wp-image-28719\" src=\"https:\/\/abc-office.eu\/wp-content\/uploads\/2017\/02\/second_image-300x200.jpg\" alt=\"Kontakt\" width=\"715\" height=\"476\" srcset=\"https:\/\/abc-office.eu\/wp-content\/uploads\/2017\/02\/second_image-300x200.jpg 300w, https:\/\/abc-office.eu\/wp-content\/uploads\/2017\/02\/second_image-1024x682.jpg 1024w, https:\/\/abc-office.eu\/wp-content\/uploads\/2017\/02\/second_image-768x512.jpg 768w, https:\/\/abc-office.eu\/wp-content\/uploads\/2017\/02\/second_image-1080x720.jpg 1080w, https:\/\/abc-office.eu\/wp-content\/uploads\/2017\/02\/second_image-1280x853.jpg 1280w, https:\/\/abc-office.eu\/wp-content\/uploads\/2017\/02\/second_image-980x653.jpg 980w, https:\/\/abc-office.eu\/wp-content\/uploads\/2017\/02\/second_image-480x320.jpg 480w, https:\/\/abc-office.eu\/wp-content\/uploads\/2017\/02\/second_image.jpg 1400w\" sizes=\"auto, (max-width: 715px) 100vw, 715px\" \/><\/div>\n","protected":false},"excerpt":{"rendered":"<p>Kontakt \u2013 teie t\u00f5lkeagentuur Euroopa Liidus E-post: info@abc-office.eu ABC Translation K\u00f5ik meie Euroopa Liidus tegutsevad t\u00f5lkijad ja keeletoimetajad on omandanud t\u00f5lke magistrikraadi. Nad on spetsialiseerunud erinevatele valdkondadele, nagu turundus, majandus, poliitika, \u00f5igus ja meditsiin. Kiire p\u00e4ringu tegemiseks t\u00e4itke palun meie veebilehe paremal asuv vorm. Seej\u00e4rel saadab meie meeskond teile hinnapakkumise, mis n\u00e4itab nii t\u00f5lke maksumust&#8230;<\/p>\n","protected":false},"author":1,"featured_media":233037,"parent":0,"menu_order":0,"comment_status":"closed","ping_status":"closed","template":"","meta":{"sfsi_plus_gutenberg_text_before_share":"","sfsi_plus_gutenberg_show_text_before_share":"","sfsi_plus_gutenberg_icon_type":"","sfsi_plus_gutenberg_icon_alignemt":"","sfsi_plus_gutenburg_max_per_row":"","footnotes":""},"class_list":["post-233036","page","type-page","status-publish","has-post-thumbnail","hentry"],"yoast_head":"<!-- This site is optimized with the Yoast SEO plugin v23.8 - https:\/\/yoast.com\/wordpress\/plugins\/seo\/ -->\n<title>Kontakt t\u00f5lke jaoks | T\u00f5lkija | Euroopa Liit | \u00dchendkuningriik<\/title>\n<meta name=\"description\" content=\"ABC Translation: Kontakt | veebilehe t\u00f5lge | ametlike dokumentide t\u00f5lge | spetsialiseeritud t\u00f5lge | Euroopa Liit\" \/>\n<meta name=\"robots\" content=\"index, follow, max-snippet:-1, max-image-preview:large, max-video-preview:-1\" \/>\n<link rel=\"canonical\" href=\"https:\/\/abc-office.eu\/et\/kontakt\/\" \/>\n<meta property=\"og:locale\" content=\"et_EE\" \/>\n<meta property=\"og:type\" content=\"article\" \/>\n<meta property=\"og:title\" content=\"Kontakt t\u00f5lke jaoks | T\u00f5lkija | Euroopa Liit | \u00dchendkuningriik\" \/>\n<meta property=\"og:description\" content=\"ABC Translation: Kontakt | veebilehe t\u00f5lge | ametlike dokumentide t\u00f5lge | spetsialiseeritud t\u00f5lge | Euroopa Liit\" \/>\n<meta property=\"og:url\" content=\"https:\/\/abc-office.eu\/et\/kontakt\/\" \/>\n<meta property=\"og:site_name\" content=\"ABC Translation\" \/>\n<meta property=\"article:modified_time\" content=\"2025-11-17T05:16:09+00:00\" \/>\n<meta property=\"og:image\" content=\"https:\/\/abc-office.eu\/wp-content\/uploads\/2025\/10\/Flag_of_Europe-2-768x512-17.png\" \/>\n\t<meta property=\"og:image:width\" content=\"768\" \/>\n\t<meta property=\"og:image:height\" content=\"512\" \/>\n\t<meta property=\"og:image:type\" content=\"image\/png\" \/>\n<meta name=\"twitter:card\" content=\"summary_large_image\" \/>\n<meta name=\"twitter:label1\" content=\"Est. reading time\" \/>\n\t<meta name=\"twitter:data1\" content=\"2 minutit\" \/>\n<script type=\"application\/ld+json\" class=\"yoast-schema-graph\">{\"@context\":\"https:\/\/schema.org\",\"@graph\":[{\"@type\":\"WebPage\",\"@id\":\"https:\/\/abc-office.eu\/et\/kontakt\/\",\"url\":\"https:\/\/abc-office.eu\/et\/kontakt\/\",\"name\":\"Kontakt t\u00f5lke jaoks | T\u00f5lkija | Euroopa Liit | \u00dchendkuningriik\",\"isPartOf\":{\"@id\":\"https:\/\/abc-office.eu\/et\/#website\"},\"primaryImageOfPage\":{\"@id\":\"https:\/\/abc-office.eu\/et\/kontakt\/#primaryimage\"},\"image\":{\"@id\":\"https:\/\/abc-office.eu\/et\/kontakt\/#primaryimage\"},\"thumbnailUrl\":\"https:\/\/abc-office.eu\/wp-content\/uploads\/2025\/10\/Flag_of_Europe-2-768x512-17.png\",\"datePublished\":\"2022-04-25T08:26:44+00:00\",\"dateModified\":\"2025-11-17T05:16:09+00:00\",\"description\":\"ABC Translation: Kontakt | veebilehe t\u00f5lge | ametlike dokumentide t\u00f5lge | spetsialiseeritud t\u00f5lge | Euroopa Liit\",\"breadcrumb\":{\"@id\":\"https:\/\/abc-office.eu\/et\/kontakt\/#breadcrumb\"},\"inLanguage\":\"et\",\"potentialAction\":[{\"@type\":\"ReadAction\",\"target\":[\"https:\/\/abc-office.eu\/et\/kontakt\/\"]}]},{\"@type\":\"ImageObject\",\"inLanguage\":\"et\",\"@id\":\"https:\/\/abc-office.eu\/et\/kontakt\/#primaryimage\",\"url\":\"https:\/\/abc-office.eu\/wp-content\/uploads\/2025\/10\/Flag_of_Europe-2-768x512-17.png\",\"contentUrl\":\"https:\/\/abc-office.eu\/wp-content\/uploads\/2025\/10\/Flag_of_Europe-2-768x512-17.png\",\"width\":768,\"height\":512},{\"@type\":\"BreadcrumbList\",\"@id\":\"https:\/\/abc-office.eu\/et\/kontakt\/#breadcrumb\",\"itemListElement\":[{\"@type\":\"ListItem\",\"position\":1,\"name\":\"Accueil\",\"item\":\"https:\/\/abc-office.eu\/et\/\"},{\"@type\":\"ListItem\",\"position\":2,\"name\":\"Kontakt\"}]},{\"@type\":\"WebSite\",\"@id\":\"https:\/\/abc-office.eu\/et\/#website\",\"url\":\"https:\/\/abc-office.eu\/et\/\",\"name\":\"ABC Translation\",\"description\":\"info@abc-office.eu\",\"potentialAction\":[{\"@type\":\"SearchAction\",\"target\":{\"@type\":\"EntryPoint\",\"urlTemplate\":\"https:\/\/abc-office.eu\/et\/?s={search_term_string}\"},\"query-input\":{\"@type\":\"PropertyValueSpecification\",\"valueRequired\":true,\"valueName\":\"search_term_string\"}}],\"inLanguage\":\"et\"}]}<\/script>\n<!-- \/ Yoast SEO plugin. -->","yoast_head_json":{"title":"Kontakt t\u00f5lke jaoks | T\u00f5lkija | Euroopa Liit | \u00dchendkuningriik","description":"ABC Translation: Kontakt | veebilehe t\u00f5lge | ametlike dokumentide t\u00f5lge | spetsialiseeritud t\u00f5lge | Euroopa Liit","robots":{"index":"index","follow":"follow","max-snippet":"max-snippet:-1","max-image-preview":"max-image-preview:large","max-video-preview":"max-video-preview:-1"},"canonical":"https:\/\/abc-office.eu\/et\/kontakt\/","og_locale":"et_EE","og_type":"article","og_title":"Kontakt t\u00f5lke jaoks | T\u00f5lkija | Euroopa Liit | \u00dchendkuningriik","og_description":"ABC Translation: Kontakt | veebilehe t\u00f5lge | ametlike dokumentide t\u00f5lge | spetsialiseeritud t\u00f5lge | Euroopa Liit","og_url":"https:\/\/abc-office.eu\/et\/kontakt\/","og_site_name":"ABC Translation","article_modified_time":"2025-11-17T05:16:09+00:00","og_image":[{"width":768,"height":512,"url":"https:\/\/abc-office.eu\/wp-content\/uploads\/2025\/10\/Flag_of_Europe-2-768x512-17.png","type":"image\/png"}],"twitter_card":"summary_large_image","twitter_misc":{"Est. reading time":"2 minutit"},"schema":{"@context":"https:\/\/schema.org","@graph":[{"@type":"WebPage","@id":"https:\/\/abc-office.eu\/et\/kontakt\/","url":"https:\/\/abc-office.eu\/et\/kontakt\/","name":"Kontakt t\u00f5lke jaoks | T\u00f5lkija | Euroopa Liit | \u00dchendkuningriik","isPartOf":{"@id":"https:\/\/abc-office.eu\/et\/#website"},"primaryImageOfPage":{"@id":"https:\/\/abc-office.eu\/et\/kontakt\/#primaryimage"},"image":{"@id":"https:\/\/abc-office.eu\/et\/kontakt\/#primaryimage"},"thumbnailUrl":"https:\/\/abc-office.eu\/wp-content\/uploads\/2025\/10\/Flag_of_Europe-2-768x512-17.png","datePublished":"2022-04-25T08:26:44+00:00","dateModified":"2025-11-17T05:16:09+00:00","description":"ABC Translation: Kontakt | veebilehe t\u00f5lge | ametlike dokumentide t\u00f5lge | spetsialiseeritud t\u00f5lge | Euroopa Liit","breadcrumb":{"@id":"https:\/\/abc-office.eu\/et\/kontakt\/#breadcrumb"},"inLanguage":"et","potentialAction":[{"@type":"ReadAction","target":["https:\/\/abc-office.eu\/et\/kontakt\/"]}]},{"@type":"ImageObject","inLanguage":"et","@id":"https:\/\/abc-office.eu\/et\/kontakt\/#primaryimage","url":"https:\/\/abc-office.eu\/wp-content\/uploads\/2025\/10\/Flag_of_Europe-2-768x512-17.png","contentUrl":"https:\/\/abc-office.eu\/wp-content\/uploads\/2025\/10\/Flag_of_Europe-2-768x512-17.png","width":768,"height":512},{"@type":"BreadcrumbList","@id":"https:\/\/abc-office.eu\/et\/kontakt\/#breadcrumb","itemListElement":[{"@type":"ListItem","position":1,"name":"Accueil","item":"https:\/\/abc-office.eu\/et\/"},{"@type":"ListItem","position":2,"name":"Kontakt"}]},{"@type":"WebSite","@id":"https:\/\/abc-office.eu\/et\/#website","url":"https:\/\/abc-office.eu\/et\/","name":"ABC Translation","description":"info@abc-office.eu","potentialAction":[{"@type":"SearchAction","target":{"@type":"EntryPoint","urlTemplate":"https:\/\/abc-office.eu\/et\/?s={search_term_string}"},"query-input":{"@type":"PropertyValueSpecification","valueRequired":true,"valueName":"search_term_string"}}],"inLanguage":"et"}]}},"_links":{"self":[{"href":"https:\/\/abc-office.eu\/et\/wp-json\/wp\/v2\/pages\/233036","targetHints":{"allow":["GET"]}}],"collection":[{"href":"https:\/\/abc-office.eu\/et\/wp-json\/wp\/v2\/pages"}],"about":[{"href":"https:\/\/abc-office.eu\/et\/wp-json\/wp\/v2\/types\/page"}],"author":[{"embeddable":true,"href":"https:\/\/abc-office.eu\/et\/wp-json\/wp\/v2\/users\/1"}],"replies":[{"embeddable":true,"href":"https:\/\/abc-office.eu\/et\/wp-json\/wp\/v2\/comments?post=233036"}],"version-history":[{"count":3,"href":"https:\/\/abc-office.eu\/et\/wp-json\/wp\/v2\/pages\/233036\/revisions"}],"predecessor-version":[{"id":237523,"href":"https:\/\/abc-office.eu\/et\/wp-json\/wp\/v2\/pages\/233036\/revisions\/237523"}],"wp:featuredmedia":[{"embeddable":true,"href":"https:\/\/abc-office.eu\/et\/wp-json\/wp\/v2\/media\/233037"}],"wp:attachment":[{"href":"https:\/\/abc-office.eu\/et\/wp-json\/wp\/v2\/media?parent=233036"}],"curies":[{"name":"wp","href":"https:\/\/api.w.org\/{rel}","templated":true}]}}