{"id":232791,"date":"2022-04-25T09:58:57","date_gmt":"2022-04-25T07:58:57","guid":{"rendered":"https:\/\/abc-office.eu\/?page_id=232791"},"modified":"2025-11-17T06:12:58","modified_gmt":"2025-11-17T05:12:58","slug":"oigus","status":"publish","type":"page","link":"https:\/\/abc-office.eu\/et\/oigus\/","title":{"rendered":"\u00d5igus"},"content":{"rendered":"<h2>\u00d5igusalane n\u00f5ustamine<\/h2>\n<p style=\"text-align: justify;\">Meie ettev\u00f5te, ABC Translation, on spetsialiseerunud mitmele valdkonnale, mis on v\u00e4ga sageli seotud Euroopa Liidu ja rahvusvahelise \u00f5igusega. Me t\u00f6\u00f6tame igap\u00e4evaselt notarite, advokaatide ja juristidega. Me saame teid aidata \u00f5igusalastes k\u00fcsimustes kogu Euroopa Liidu territooriumil.<\/p>\n<h3 data-start=\"400\" data-end=\"410\"><strong data-start=\"400\" data-end=\"410\">Notar:<\/strong><\/h3>\n<p style=\"text-align: justify;\">Teeme teie n\u00f5ustamiseks koost\u00f6\u00f6d notariga, et pakkuda teile k\u00f5rgekvaliteedilist teenust k\u00f5igi teie dokumentide koostamisel ja legaliseerimisel. Oleme spetsialiseerunud sellistele konkreetsetele valdkondadele nagu perekonna- ja kinnisasja\u00f5igus, varahaldus, ettev\u00f5tlus ja \u00e4ri\u00fchingu\u00f5igus, rahvusvaheliste ja piiri\u00fcleste klientide dokumentatsioon, volikirjad ning autentimine.<\/p>\n<h3 data-start=\"778\" data-end=\"797\"><strong data-start=\"778\" data-end=\"797\">Advokaadib\u00fcroo:<\/strong><\/h3>\n<p style=\"text-align: justify;\">Meie b\u00fcroo \u00fchendab advokaate, kes on t\u00f6\u00f6tanud pankades, rahvusvahelistes ettev\u00f5tetes, globaalsetes usaldusfondides ja \u00f5igusb\u00fcroodes Euroopa Liidus ja v\u00e4lismaal. Nad on spetsialiseerunud j\u00e4rgmistele valdkondadele: t\u00f6\u00f6, vallandamine, liisimine, maksud, l\u00e4bivaatamine, puhkus, v\u00e4ljasaatmine, siseriiklikud ja rahvusvahelised lepingud, tehingud, levitamine, m\u00fc\u00fck, frantsiis, konkurents, ettev\u00f5tted, \u00e4riv\u00e4\u00e4rtus, \u00fclekanded, perekond, lahutused, p\u00e4rimised, testament, kaasomand, jagamine, bilanss, kinnisvara, korteri\u00fchistud, ehitus, ekspertiis, \u00fchinemised ja \u00fclev\u00f5tmised, vastutuskindlustus, kriminaal\u00f5igus, \u00e4ri\u00f5igus, v\u00f5ltsimine, pettus, ABS, pank, laen, vastuv\u00e4ide, kindlustus, sissen\u00f5udmine, t\u00e4itmine, kahjud, tagatis, sundm\u00fc\u00fck, esman\u00f5ude garantii, IT, internet, veebisaidid, litsentsid, vastutus, eetika, kutsevaldkonnad, raskustes ettev\u00f5tted, likvideerimine ja avalik \u00f5igus.<\/p>\n<h3 data-start=\"1672\" data-end=\"1683\"><strong data-start=\"1672\" data-end=\"1683\">Jurist:<\/strong><\/h3>\n<p style=\"text-align: justify;\">Meie meeskonna juristidelt k\u00fcsitakse igap\u00e4evaselt n\u00f5u igasugustes \u00f5igusega seotud k\u00fcsimustes (\u00e4ri-, maksu-, keskkonnaalased jne). Ettevalmistavas etapis annavad nad n\u00f5u n\u00e4iteks lepingute koostamisel ja l\u00e4bir\u00e4\u00e4kimistel. Kohtuasja korral v\u00f5ivad nad sekkuda n\u00f6 n\u00f5uandjana, isegi kui nad ei esinda kliente kohtus, kuna nad ei kuulu advokatuuri. Samuti aitavad nad tagada ettev\u00f5tte erinevate otsustusprotseduuride seaduslikkuse, n\u00e4iteks juhatuse koosolekute ettevalmistamisega.<\/p>\n<h3 data-start=\"2143\" data-end=\"2163\"><strong data-start=\"2143\" data-end=\"2163\">\u00d5igusn\u00f5ustamine:<\/strong><\/h3>\n<p style=\"text-align: justify;\">Meie b\u00fcroo \u00f5igusn\u00f5ustajad annavad v\u00f5imaluse k\u00f5igile inimestele, s\u00f5ltumata nende sissetulekust, saada n\u00f5u ja teavet. Teenust osutavad meie \u00f5igustalituse advokaadid ja juristid ning see on anon\u00fc\u00fcmne, konfidentsiaalne ja k\u00f5igile <a href=\"https:\/\/abc-office.eu\/et\/\">k\u00e4ttesaadav<\/a>.<\/p>\n<p data-start=\"2165\" data-end=\"2393\"><img loading=\"lazy\" decoding=\"async\" class=\"aligncenter wp-image-141\" src=\"https:\/\/abc-office.ch\/wp-content\/uploads\/2018\/06\/Droit11-300x225.jpg\" alt=\"\u00d5igus\" width=\"383\" height=\"287\" \/><\/p>\n","protected":false},"excerpt":{"rendered":"<p>\u00d5igusalane n\u00f5ustamine Meie ettev\u00f5te, ABC Translation, on spetsialiseerunud mitmele valdkonnale, mis on v\u00e4ga sageli seotud Euroopa Liidu ja rahvusvahelise \u00f5igusega. Me t\u00f6\u00f6tame igap\u00e4evaselt notarite, advokaatide ja juristidega. Me saame teid aidata \u00f5igusalastes k\u00fcsimustes kogu Euroopa Liidu territooriumil. Notar: Teeme teie n\u00f5ustamiseks koost\u00f6\u00f6d notariga, et pakkuda teile k\u00f5rgekvaliteedilist teenust k\u00f5igi teie dokumentide koostamisel ja legaliseerimisel. Oleme&#8230;<\/p>\n","protected":false},"author":1,"featured_media":232792,"parent":0,"menu_order":0,"comment_status":"closed","ping_status":"closed","template":"","meta":{"sfsi_plus_gutenberg_text_before_share":"","sfsi_plus_gutenberg_show_text_before_share":"","sfsi_plus_gutenberg_icon_type":"","sfsi_plus_gutenberg_icon_alignemt":"","sfsi_plus_gutenburg_max_per_row":"","footnotes":""},"class_list":["post-232791","page","type-page","status-publish","has-post-thumbnail","hentry"],"yoast_head":"<!-- This site is optimized with the Yoast SEO plugin v23.8 - https:\/\/yoast.com\/wordpress\/plugins\/seo\/ -->\n<title>\u00d5igus l ABC Translation l Notar l Advokaadib\u00fcroo l Jurist<\/title>\n<meta name=\"description\" content=\"ABC Translation l \u00d5igus l Notar l Advokaadib\u00fcroo l Jurist l \u00d5igusn\u00f5ustamine l Euroopa Liidu ja rahvusvaheline l Kinnisasi l Perekond\" \/>\n<meta name=\"robots\" content=\"index, follow, max-snippet:-1, max-image-preview:large, max-video-preview:-1\" \/>\n<link rel=\"canonical\" href=\"https:\/\/abc-office.eu\/et\/oigus\/\" \/>\n<meta property=\"og:locale\" content=\"et_EE\" \/>\n<meta property=\"og:type\" content=\"article\" \/>\n<meta property=\"og:title\" content=\"\u00d5igus l ABC Translation l Notar l Advokaadib\u00fcroo l Jurist\" \/>\n<meta property=\"og:description\" content=\"ABC Translation l \u00d5igus l Notar l Advokaadib\u00fcroo l Jurist l \u00d5igusn\u00f5ustamine l Euroopa Liidu ja rahvusvaheline l Kinnisasi l Perekond\" \/>\n<meta property=\"og:url\" content=\"https:\/\/abc-office.eu\/et\/oigus\/\" \/>\n<meta property=\"og:site_name\" content=\"ABC Translation\" \/>\n<meta property=\"article:modified_time\" content=\"2025-11-17T05:12:58+00:00\" \/>\n<meta property=\"og:image\" content=\"https:\/\/abc-office.eu\/wp-content\/uploads\/2025\/10\/Droit1-768x432-17.jpg\" \/>\n\t<meta property=\"og:image:width\" content=\"768\" \/>\n\t<meta property=\"og:image:height\" content=\"432\" \/>\n\t<meta property=\"og:image:type\" content=\"image\/jpeg\" \/>\n<meta name=\"twitter:card\" content=\"summary_large_image\" \/>\n<meta name=\"twitter:label1\" content=\"Est. reading time\" \/>\n\t<meta name=\"twitter:data1\" content=\"2 minutit\" \/>\n<script type=\"application\/ld+json\" class=\"yoast-schema-graph\">{\"@context\":\"https:\/\/schema.org\",\"@graph\":[{\"@type\":\"WebPage\",\"@id\":\"https:\/\/abc-office.eu\/et\/oigus\/\",\"url\":\"https:\/\/abc-office.eu\/et\/oigus\/\",\"name\":\"\u00d5igus l ABC Translation l Notar l Advokaadib\u00fcroo l Jurist\",\"isPartOf\":{\"@id\":\"https:\/\/abc-office.eu\/et\/#website\"},\"primaryImageOfPage\":{\"@id\":\"https:\/\/abc-office.eu\/et\/oigus\/#primaryimage\"},\"image\":{\"@id\":\"https:\/\/abc-office.eu\/et\/oigus\/#primaryimage\"},\"thumbnailUrl\":\"https:\/\/abc-office.eu\/wp-content\/uploads\/2025\/10\/Droit1-768x432-17.jpg\",\"datePublished\":\"2022-04-25T07:58:57+00:00\",\"dateModified\":\"2025-11-17T05:12:58+00:00\",\"description\":\"ABC Translation l \u00d5igus l Notar l Advokaadib\u00fcroo l Jurist l \u00d5igusn\u00f5ustamine l Euroopa Liidu ja rahvusvaheline l Kinnisasi l Perekond\",\"breadcrumb\":{\"@id\":\"https:\/\/abc-office.eu\/et\/oigus\/#breadcrumb\"},\"inLanguage\":\"et\",\"potentialAction\":[{\"@type\":\"ReadAction\",\"target\":[\"https:\/\/abc-office.eu\/et\/oigus\/\"]}]},{\"@type\":\"ImageObject\",\"inLanguage\":\"et\",\"@id\":\"https:\/\/abc-office.eu\/et\/oigus\/#primaryimage\",\"url\":\"https:\/\/abc-office.eu\/wp-content\/uploads\/2025\/10\/Droit1-768x432-17.jpg\",\"contentUrl\":\"https:\/\/abc-office.eu\/wp-content\/uploads\/2025\/10\/Droit1-768x432-17.jpg\",\"width\":768,\"height\":432},{\"@type\":\"BreadcrumbList\",\"@id\":\"https:\/\/abc-office.eu\/et\/oigus\/#breadcrumb\",\"itemListElement\":[{\"@type\":\"ListItem\",\"position\":1,\"name\":\"Accueil\",\"item\":\"https:\/\/abc-office.eu\/et\/\"},{\"@type\":\"ListItem\",\"position\":2,\"name\":\"\u00d5igus\"}]},{\"@type\":\"WebSite\",\"@id\":\"https:\/\/abc-office.eu\/et\/#website\",\"url\":\"https:\/\/abc-office.eu\/et\/\",\"name\":\"ABC Translation\",\"description\":\"info@abc-office.eu\",\"potentialAction\":[{\"@type\":\"SearchAction\",\"target\":{\"@type\":\"EntryPoint\",\"urlTemplate\":\"https:\/\/abc-office.eu\/et\/?s={search_term_string}\"},\"query-input\":{\"@type\":\"PropertyValueSpecification\",\"valueRequired\":true,\"valueName\":\"search_term_string\"}}],\"inLanguage\":\"et\"}]}<\/script>\n<!-- \/ Yoast SEO plugin. -->","yoast_head_json":{"title":"\u00d5igus l ABC Translation l Notar l Advokaadib\u00fcroo l Jurist","description":"ABC Translation l \u00d5igus l Notar l Advokaadib\u00fcroo l Jurist l \u00d5igusn\u00f5ustamine l Euroopa Liidu ja rahvusvaheline l Kinnisasi l Perekond","robots":{"index":"index","follow":"follow","max-snippet":"max-snippet:-1","max-image-preview":"max-image-preview:large","max-video-preview":"max-video-preview:-1"},"canonical":"https:\/\/abc-office.eu\/et\/oigus\/","og_locale":"et_EE","og_type":"article","og_title":"\u00d5igus l ABC Translation l Notar l Advokaadib\u00fcroo l Jurist","og_description":"ABC Translation l \u00d5igus l Notar l Advokaadib\u00fcroo l Jurist l \u00d5igusn\u00f5ustamine l Euroopa Liidu ja rahvusvaheline l Kinnisasi l Perekond","og_url":"https:\/\/abc-office.eu\/et\/oigus\/","og_site_name":"ABC Translation","article_modified_time":"2025-11-17T05:12:58+00:00","og_image":[{"width":768,"height":432,"url":"https:\/\/abc-office.eu\/wp-content\/uploads\/2025\/10\/Droit1-768x432-17.jpg","type":"image\/jpeg"}],"twitter_card":"summary_large_image","twitter_misc":{"Est. reading time":"2 minutit"},"schema":{"@context":"https:\/\/schema.org","@graph":[{"@type":"WebPage","@id":"https:\/\/abc-office.eu\/et\/oigus\/","url":"https:\/\/abc-office.eu\/et\/oigus\/","name":"\u00d5igus l ABC Translation l Notar l Advokaadib\u00fcroo l Jurist","isPartOf":{"@id":"https:\/\/abc-office.eu\/et\/#website"},"primaryImageOfPage":{"@id":"https:\/\/abc-office.eu\/et\/oigus\/#primaryimage"},"image":{"@id":"https:\/\/abc-office.eu\/et\/oigus\/#primaryimage"},"thumbnailUrl":"https:\/\/abc-office.eu\/wp-content\/uploads\/2025\/10\/Droit1-768x432-17.jpg","datePublished":"2022-04-25T07:58:57+00:00","dateModified":"2025-11-17T05:12:58+00:00","description":"ABC Translation l \u00d5igus l Notar l Advokaadib\u00fcroo l Jurist l \u00d5igusn\u00f5ustamine l Euroopa Liidu ja rahvusvaheline l Kinnisasi l Perekond","breadcrumb":{"@id":"https:\/\/abc-office.eu\/et\/oigus\/#breadcrumb"},"inLanguage":"et","potentialAction":[{"@type":"ReadAction","target":["https:\/\/abc-office.eu\/et\/oigus\/"]}]},{"@type":"ImageObject","inLanguage":"et","@id":"https:\/\/abc-office.eu\/et\/oigus\/#primaryimage","url":"https:\/\/abc-office.eu\/wp-content\/uploads\/2025\/10\/Droit1-768x432-17.jpg","contentUrl":"https:\/\/abc-office.eu\/wp-content\/uploads\/2025\/10\/Droit1-768x432-17.jpg","width":768,"height":432},{"@type":"BreadcrumbList","@id":"https:\/\/abc-office.eu\/et\/oigus\/#breadcrumb","itemListElement":[{"@type":"ListItem","position":1,"name":"Accueil","item":"https:\/\/abc-office.eu\/et\/"},{"@type":"ListItem","position":2,"name":"\u00d5igus"}]},{"@type":"WebSite","@id":"https:\/\/abc-office.eu\/et\/#website","url":"https:\/\/abc-office.eu\/et\/","name":"ABC Translation","description":"info@abc-office.eu","potentialAction":[{"@type":"SearchAction","target":{"@type":"EntryPoint","urlTemplate":"https:\/\/abc-office.eu\/et\/?s={search_term_string}"},"query-input":{"@type":"PropertyValueSpecification","valueRequired":true,"valueName":"search_term_string"}}],"inLanguage":"et"}]}},"_links":{"self":[{"href":"https:\/\/abc-office.eu\/et\/wp-json\/wp\/v2\/pages\/232791","targetHints":{"allow":["GET"]}}],"collection":[{"href":"https:\/\/abc-office.eu\/et\/wp-json\/wp\/v2\/pages"}],"about":[{"href":"https:\/\/abc-office.eu\/et\/wp-json\/wp\/v2\/types\/page"}],"author":[{"embeddable":true,"href":"https:\/\/abc-office.eu\/et\/wp-json\/wp\/v2\/users\/1"}],"replies":[{"embeddable":true,"href":"https:\/\/abc-office.eu\/et\/wp-json\/wp\/v2\/comments?post=232791"}],"version-history":[{"count":3,"href":"https:\/\/abc-office.eu\/et\/wp-json\/wp\/v2\/pages\/232791\/revisions"}],"predecessor-version":[{"id":237521,"href":"https:\/\/abc-office.eu\/et\/wp-json\/wp\/v2\/pages\/232791\/revisions\/237521"}],"wp:featuredmedia":[{"embeddable":true,"href":"https:\/\/abc-office.eu\/et\/wp-json\/wp\/v2\/media\/232792"}],"wp:attachment":[{"href":"https:\/\/abc-office.eu\/et\/wp-json\/wp\/v2\/media?parent=232791"}],"curies":[{"name":"wp","href":"https:\/\/api.w.org\/{rel}","templated":true}]}}