{"id":232760,"date":"2017-02-16T09:16:01","date_gmt":"2017-02-16T08:16:01","guid":{"rendered":"https:\/\/abc-office.eu\/?page_id=232760"},"modified":"2025-11-17T06:10:39","modified_gmt":"2025-11-17T05:10:39","slug":"kinnisvara","status":"publish","type":"page","link":"https:\/\/abc-office.eu\/et\/kinnisvara\/","title":{"rendered":"Kinnisvara"},"content":{"rendered":"<h2 data-start=\"109\" data-end=\"123\"><strong data-start=\"109\" data-end=\"123\">Kinnisvara<\/strong><\/h2>\n<p style=\"text-align: justify;\">Meie kinnisvaraagentuur, ABC Translation, sai alguse 2017. aastal 5,5-toalise korteri ostmisega \u0160veitsis eesm\u00e4rgiga muuta see rahvusvaheliseks \u00fcli\u00f5pilaselamuks. Kuna korter asus Lausanne\u2019i \u00dclikooli ja tehnika\u00fclikooli EPFL vahetus l\u00e4heduses, siis osutus see edukaks kohe peale selle avamist 2017. aasta septembris. Nelja toa v\u00e4lja\u00fc\u00fcrimine v\u00f5ttis vaid m\u00f5ned p\u00e4evad ja nii s\u00fcndiski meie kinnisvaraosakond.<\/p>\n<p style=\"text-align: justify;\">Sellest esimesest kogemusest alates oleme me j\u00e4rjepidevalt edasi arenenud ning v\u00f5ime n\u00fc\u00fcd teostada teie kinnisvara ostu, m\u00fc\u00fcki, \u00fc\u00fcrimist ja haldamist \u0160veitsis ning ka v\u00e4lismaal.<\/p>\n<h3 data-start=\"650\" data-end=\"662\"><strong data-start=\"650\" data-end=\"662\">Ostmine:<\/strong><\/h3>\n<p style=\"text-align: justify;\">Kinnisvara ostmine on \u00e4\u00e4rmiselt oluline otsus, mis m\u00f5jutab teie tulevikku mitmeks aastaks. Sellist otsust ei tohiks v\u00f5tta kergek\u00e4eliselt. Seet\u00f5ttu on oluline valida \u00f5ige partner, kes oskab teid n\u00f5ustada sellistes olulistes punktides nagu kinnisvara seisukord, h\u00fcpoteeklaenu arvutused ning investeeringu pikaajaline tasuvus. Hea situatsioonianal\u00fc\u00fcs tagab terve ja turvalise ostu.<\/p>\n<h3 data-start=\"1035\" data-end=\"1044\"><strong data-start=\"1035\" data-end=\"1044\">M\u00fc\u00fck:<\/strong><\/h3>\n<p style=\"text-align: justify;\">\u0160veitsi kinnisvaraturg areneb j\u00e4tkuvalt ja hinnad kasvavad pidevalt. Oleme j\u00f5udnud p\u00f6\u00f6rdepunkti, kus pakkumine \u00fcletab n\u00f5udlust, ja teie kinnisvara m\u00fc\u00fcmine v\u00f5ib osutuda keerulisemaks suure hulga m\u00fc\u00fcgil oleva elamispinna t\u00f5ttu. Kaasates eksperdi, suurendate oma v\u00f5imalusi m\u00fc\u00fca kinnisvara l\u00fchema aja jooksul ja soovitud hinna eest. Kasutage meie v\u00f5rgustikku \u00fcle kogu \u0160veitsi ja ka rahvusvaheliselt, et t\u00f5sta oma m\u00fc\u00fcgieduv\u00f5imalusi.<\/p>\n<h3 data-start=\"1475\" data-end=\"1488\"><strong data-start=\"1475\" data-end=\"1488\">\u00dc\u00fcrimine:<\/strong><\/h3>\n<p style=\"text-align: justify;\">Kinnisvara \u00fc\u00fcrimine v\u00f5ib tunduda lihtne, kuid maja, korteri ja isegi toa \u00fc\u00fcrimisel v\u00f5ib ette tulla mitmeid probleeme. Enne potentsiaalse \u00fc\u00fcrniku kaalumist tuleb neile teha t\u00e4ielik taustakontroll, kuhu v\u00f5iks n\u00e4iteks kuuluda karistusregistri v\u00e4ljav\u00f5te ja viimased kolm palgat\u00f5endit. Samuti peab tagatisraha olema tasutud panga\u00fclekandega v\u00f5i n\u00e4iteks kindlustusfirma \u00fc\u00fcrigarantii abil.<\/p>\n<h3 data-start=\"1814\" data-end=\"1835\"><strong data-start=\"1814\" data-end=\"1835\">\u00dcli\u00f5pilasmajutus:<\/strong><\/h3>\n<p style=\"text-align: justify;\">Meil on mitu \u00fcli\u00f5pilaselamut, mida me \u00fc\u00fcrime v\u00e4lja nii l\u00fchi- kui pikaajaliselt. Enamik meie majutustest asub Lausanne\u2019i \u00dclikooli ning \u00fclikoolide EPFL, ECAL ja EHL l\u00e4hedal. K\u00f5ige n\u00f5utumad on \u00fchiselamutoa t\u00fc\u00fcpi toad ja stuudiokorterid. Et majutus oleks tagatud kooliaasta alguseks, tuleb seda ette planeerida.<\/p>\n<h3>Korterileidja<\/h3>\n<p style=\"text-align: justify;\">Kas teil on raskusi oma kriteeriumidele vastava elamise leidmisega v\u00f5i probleeme \u00fc\u00fcrikorteri otsingul? Meie korterileidjad on teie k\u00e4sutuses, et aidata teil leida kinnisvara nii kiiresti kui v\u00f5imalik. T\u00e4nu meie v\u00f5rgustikule ja professionaalsusele leiame teile just sellise elamise nagu te soovite v\u00f5imalikult l\u00fchikese aja jooksul.<\/p>\n<h3>M\u00fc\u00fcgieelne kodukujundus<\/h3>\n<p style=\"text-align: justify;\">Kas teil on raskusi oma kinnisvara m\u00fc\u00fcgiga? Sellisel juhul saate p\u00f6\u00f6rduda meie m\u00fc\u00fcgieelse kodukujunduse (Home Staging) meeskonna poole, kes on spetsialiseerunud korterite ja majade v\u00e4\u00e4rtuse t\u00f5stmisele m\u00fc\u00fcgi h\u00f5lbustamiseks. See t\u00f6\u00f6tab k\u00f5ige paremini kinnisvarade puhul, mis vajavad kiiret remonti v\u00f5i v\u00e4iksemaid kohandusi.<\/p>\n<h3>Hindamine<\/h3>\n<p style=\"text-align: justify;\">Hea kinnisvarahindamine ja v\u00f5rdlus turuhinnaga on eduka m\u00fc\u00fcgi alus, mis tagab teile parima hinna. Arvestades selliseid kriteeriume nagu ehitusaasta ja asukoht, saame me anda teie kinnisvarale \u00a0v\u00f5imalikult t\u00e4pse hinnangu selle reaalse v\u00e4\u00e4rtuse kohta <a href=\"https:\/\/abc-office.eu\/et\/\">hetkekinnisvaraturul<\/a>.<\/p>\n<p data-start=\"2877\" data-end=\"3100\"><a href=\"https:\/\/www.instagram.com\/dr_immo\/?hl=fr\"><img loading=\"lazy\" decoding=\"async\" class=\"aligncenter wp-image-109\" src=\"https:\/\/abc-office.ch\/wp-content\/uploads\/2018\/06\/Dr_Immo.jpg\" alt=\"Kinnisvara\" width=\"222\" height=\"222\" \/><\/a><\/p>\n","protected":false},"excerpt":{"rendered":"<p>Kinnisvara Meie kinnisvaraagentuur, ABC Translation, sai alguse 2017. aastal 5,5-toalise korteri ostmisega \u0160veitsis eesm\u00e4rgiga muuta see rahvusvaheliseks \u00fcli\u00f5pilaselamuks. Kuna korter asus Lausanne\u2019i \u00dclikooli ja tehnika\u00fclikooli EPFL vahetus l\u00e4heduses, siis osutus see edukaks kohe peale selle avamist 2017. aasta septembris. Nelja toa v\u00e4lja\u00fc\u00fcrimine v\u00f5ttis vaid m\u00f5ned p\u00e4evad ja nii s\u00fcndiski meie kinnisvaraosakond. Sellest esimesest kogemusest alates&#8230;<\/p>\n","protected":false},"author":1,"featured_media":232761,"parent":0,"menu_order":0,"comment_status":"closed","ping_status":"closed","template":"","meta":{"sfsi_plus_gutenberg_text_before_share":"","sfsi_plus_gutenberg_show_text_before_share":"","sfsi_plus_gutenberg_icon_type":"","sfsi_plus_gutenberg_icon_alignemt":"","sfsi_plus_gutenburg_max_per_row":"","footnotes":""},"class_list":["post-232760","page","type-page","status-publish","has-post-thumbnail","hentry"],"yoast_head":"<!-- This site is optimized with the Yoast SEO plugin v23.8 - https:\/\/yoast.com\/wordpress\/plugins\/seo\/ -->\n<title>Kinnisvara l ABC Translation l Osta l M\u00fc\u00fc l \u00dc\u00fcri l \u00dcli\u00f5pilasmajutus<\/title>\n<meta name=\"description\" content=\"ABC Translation l Kinnisvara l Osta l M\u00fc\u00fc l \u00dc\u00fcri l \u00dc\u00fcrile anda l \u00dcli\u00f5pilasmajutus l Home Staging l Kinnisvarab\u00fcroo Euroopa Liidus\" \/>\n<meta name=\"robots\" content=\"index, follow, max-snippet:-1, max-image-preview:large, max-video-preview:-1\" \/>\n<link rel=\"canonical\" href=\"https:\/\/abc-office.eu\/et\/kinnisvara\/\" \/>\n<meta property=\"og:locale\" content=\"et_EE\" \/>\n<meta property=\"og:type\" content=\"article\" \/>\n<meta property=\"og:title\" content=\"Kinnisvara l ABC Translation l Osta l M\u00fc\u00fc l \u00dc\u00fcri l \u00dcli\u00f5pilasmajutus\" \/>\n<meta property=\"og:description\" content=\"ABC Translation l Kinnisvara l Osta l M\u00fc\u00fc l \u00dc\u00fcri l \u00dc\u00fcrile anda l \u00dcli\u00f5pilasmajutus l Home Staging l Kinnisvarab\u00fcroo Euroopa Liidus\" \/>\n<meta property=\"og:url\" content=\"https:\/\/abc-office.eu\/et\/kinnisvara\/\" \/>\n<meta property=\"og:site_name\" content=\"ABC Translation\" \/>\n<meta property=\"article:modified_time\" content=\"2025-11-17T05:10:39+00:00\" \/>\n<meta property=\"og:image\" content=\"https:\/\/abc-office.eu\/wp-content\/uploads\/2025\/10\/Immo-768x513-17.jpg\" \/>\n\t<meta property=\"og:image:width\" content=\"768\" \/>\n\t<meta property=\"og:image:height\" content=\"513\" \/>\n\t<meta property=\"og:image:type\" content=\"image\/jpeg\" \/>\n<meta name=\"twitter:card\" content=\"summary_large_image\" \/>\n<meta name=\"twitter:label1\" content=\"Est. reading time\" \/>\n\t<meta name=\"twitter:data1\" content=\"3 minutit\" \/>\n<script type=\"application\/ld+json\" class=\"yoast-schema-graph\">{\"@context\":\"https:\/\/schema.org\",\"@graph\":[{\"@type\":\"WebPage\",\"@id\":\"https:\/\/abc-office.eu\/et\/kinnisvara\/\",\"url\":\"https:\/\/abc-office.eu\/et\/kinnisvara\/\",\"name\":\"Kinnisvara l ABC Translation l Osta l M\u00fc\u00fc l \u00dc\u00fcri l \u00dcli\u00f5pilasmajutus\",\"isPartOf\":{\"@id\":\"https:\/\/abc-office.eu\/et\/#website\"},\"primaryImageOfPage\":{\"@id\":\"https:\/\/abc-office.eu\/et\/kinnisvara\/#primaryimage\"},\"image\":{\"@id\":\"https:\/\/abc-office.eu\/et\/kinnisvara\/#primaryimage\"},\"thumbnailUrl\":\"https:\/\/abc-office.eu\/wp-content\/uploads\/2025\/10\/Immo-768x513-17.jpg\",\"datePublished\":\"2017-02-16T08:16:01+00:00\",\"dateModified\":\"2025-11-17T05:10:39+00:00\",\"description\":\"ABC Translation l Kinnisvara l Osta l M\u00fc\u00fc l \u00dc\u00fcri l \u00dc\u00fcrile anda l \u00dcli\u00f5pilasmajutus l Home Staging l Kinnisvarab\u00fcroo Euroopa Liidus\",\"breadcrumb\":{\"@id\":\"https:\/\/abc-office.eu\/et\/kinnisvara\/#breadcrumb\"},\"inLanguage\":\"et\",\"potentialAction\":[{\"@type\":\"ReadAction\",\"target\":[\"https:\/\/abc-office.eu\/et\/kinnisvara\/\"]}]},{\"@type\":\"ImageObject\",\"inLanguage\":\"et\",\"@id\":\"https:\/\/abc-office.eu\/et\/kinnisvara\/#primaryimage\",\"url\":\"https:\/\/abc-office.eu\/wp-content\/uploads\/2025\/10\/Immo-768x513-17.jpg\",\"contentUrl\":\"https:\/\/abc-office.eu\/wp-content\/uploads\/2025\/10\/Immo-768x513-17.jpg\",\"width\":768,\"height\":513},{\"@type\":\"BreadcrumbList\",\"@id\":\"https:\/\/abc-office.eu\/et\/kinnisvara\/#breadcrumb\",\"itemListElement\":[{\"@type\":\"ListItem\",\"position\":1,\"name\":\"Accueil\",\"item\":\"https:\/\/abc-office.eu\/et\/\"},{\"@type\":\"ListItem\",\"position\":2,\"name\":\"Kinnisvara\"}]},{\"@type\":\"WebSite\",\"@id\":\"https:\/\/abc-office.eu\/et\/#website\",\"url\":\"https:\/\/abc-office.eu\/et\/\",\"name\":\"ABC Translation\",\"description\":\"info@abc-office.eu\",\"potentialAction\":[{\"@type\":\"SearchAction\",\"target\":{\"@type\":\"EntryPoint\",\"urlTemplate\":\"https:\/\/abc-office.eu\/et\/?s={search_term_string}\"},\"query-input\":{\"@type\":\"PropertyValueSpecification\",\"valueRequired\":true,\"valueName\":\"search_term_string\"}}],\"inLanguage\":\"et\"}]}<\/script>\n<!-- \/ Yoast SEO plugin. -->","yoast_head_json":{"title":"Kinnisvara l ABC Translation l Osta l M\u00fc\u00fc l \u00dc\u00fcri l \u00dcli\u00f5pilasmajutus","description":"ABC Translation l Kinnisvara l Osta l M\u00fc\u00fc l \u00dc\u00fcri l \u00dc\u00fcrile anda l \u00dcli\u00f5pilasmajutus l Home Staging l Kinnisvarab\u00fcroo Euroopa Liidus","robots":{"index":"index","follow":"follow","max-snippet":"max-snippet:-1","max-image-preview":"max-image-preview:large","max-video-preview":"max-video-preview:-1"},"canonical":"https:\/\/abc-office.eu\/et\/kinnisvara\/","og_locale":"et_EE","og_type":"article","og_title":"Kinnisvara l ABC Translation l Osta l M\u00fc\u00fc l \u00dc\u00fcri l \u00dcli\u00f5pilasmajutus","og_description":"ABC Translation l Kinnisvara l Osta l M\u00fc\u00fc l \u00dc\u00fcri l \u00dc\u00fcrile anda l \u00dcli\u00f5pilasmajutus l Home Staging l Kinnisvarab\u00fcroo Euroopa Liidus","og_url":"https:\/\/abc-office.eu\/et\/kinnisvara\/","og_site_name":"ABC Translation","article_modified_time":"2025-11-17T05:10:39+00:00","og_image":[{"width":768,"height":513,"url":"https:\/\/abc-office.eu\/wp-content\/uploads\/2025\/10\/Immo-768x513-17.jpg","type":"image\/jpeg"}],"twitter_card":"summary_large_image","twitter_misc":{"Est. reading time":"3 minutit"},"schema":{"@context":"https:\/\/schema.org","@graph":[{"@type":"WebPage","@id":"https:\/\/abc-office.eu\/et\/kinnisvara\/","url":"https:\/\/abc-office.eu\/et\/kinnisvara\/","name":"Kinnisvara l ABC Translation l Osta l M\u00fc\u00fc l \u00dc\u00fcri l \u00dcli\u00f5pilasmajutus","isPartOf":{"@id":"https:\/\/abc-office.eu\/et\/#website"},"primaryImageOfPage":{"@id":"https:\/\/abc-office.eu\/et\/kinnisvara\/#primaryimage"},"image":{"@id":"https:\/\/abc-office.eu\/et\/kinnisvara\/#primaryimage"},"thumbnailUrl":"https:\/\/abc-office.eu\/wp-content\/uploads\/2025\/10\/Immo-768x513-17.jpg","datePublished":"2017-02-16T08:16:01+00:00","dateModified":"2025-11-17T05:10:39+00:00","description":"ABC Translation l Kinnisvara l Osta l M\u00fc\u00fc l \u00dc\u00fcri l \u00dc\u00fcrile anda l \u00dcli\u00f5pilasmajutus l Home Staging l Kinnisvarab\u00fcroo Euroopa Liidus","breadcrumb":{"@id":"https:\/\/abc-office.eu\/et\/kinnisvara\/#breadcrumb"},"inLanguage":"et","potentialAction":[{"@type":"ReadAction","target":["https:\/\/abc-office.eu\/et\/kinnisvara\/"]}]},{"@type":"ImageObject","inLanguage":"et","@id":"https:\/\/abc-office.eu\/et\/kinnisvara\/#primaryimage","url":"https:\/\/abc-office.eu\/wp-content\/uploads\/2025\/10\/Immo-768x513-17.jpg","contentUrl":"https:\/\/abc-office.eu\/wp-content\/uploads\/2025\/10\/Immo-768x513-17.jpg","width":768,"height":513},{"@type":"BreadcrumbList","@id":"https:\/\/abc-office.eu\/et\/kinnisvara\/#breadcrumb","itemListElement":[{"@type":"ListItem","position":1,"name":"Accueil","item":"https:\/\/abc-office.eu\/et\/"},{"@type":"ListItem","position":2,"name":"Kinnisvara"}]},{"@type":"WebSite","@id":"https:\/\/abc-office.eu\/et\/#website","url":"https:\/\/abc-office.eu\/et\/","name":"ABC Translation","description":"info@abc-office.eu","potentialAction":[{"@type":"SearchAction","target":{"@type":"EntryPoint","urlTemplate":"https:\/\/abc-office.eu\/et\/?s={search_term_string}"},"query-input":{"@type":"PropertyValueSpecification","valueRequired":true,"valueName":"search_term_string"}}],"inLanguage":"et"}]}},"_links":{"self":[{"href":"https:\/\/abc-office.eu\/et\/wp-json\/wp\/v2\/pages\/232760","targetHints":{"allow":["GET"]}}],"collection":[{"href":"https:\/\/abc-office.eu\/et\/wp-json\/wp\/v2\/pages"}],"about":[{"href":"https:\/\/abc-office.eu\/et\/wp-json\/wp\/v2\/types\/page"}],"author":[{"embeddable":true,"href":"https:\/\/abc-office.eu\/et\/wp-json\/wp\/v2\/users\/1"}],"replies":[{"embeddable":true,"href":"https:\/\/abc-office.eu\/et\/wp-json\/wp\/v2\/comments?post=232760"}],"version-history":[{"count":3,"href":"https:\/\/abc-office.eu\/et\/wp-json\/wp\/v2\/pages\/232760\/revisions"}],"predecessor-version":[{"id":237519,"href":"https:\/\/abc-office.eu\/et\/wp-json\/wp\/v2\/pages\/232760\/revisions\/237519"}],"wp:featuredmedia":[{"embeddable":true,"href":"https:\/\/abc-office.eu\/et\/wp-json\/wp\/v2\/media\/232761"}],"wp:attachment":[{"href":"https:\/\/abc-office.eu\/et\/wp-json\/wp\/v2\/media?parent=232760"}],"curies":[{"name":"wp","href":"https:\/\/api.w.org\/{rel}","templated":true}]}}