{"id":232729,"date":"2017-02-16T09:16:27","date_gmt":"2017-02-16T08:16:27","guid":{"rendered":"https:\/\/abc-office.eu\/?page_id=232729"},"modified":"2025-11-17T06:00:23","modified_gmt":"2025-11-17T05:00:23","slug":"legaliseerimine","status":"publish","type":"page","link":"https:\/\/abc-office.eu\/et\/legaliseerimine\/","title":{"rendered":"Legaliseerimine"},"content":{"rendered":"<h2 data-start=\"109\" data-end=\"128\"><strong data-start=\"109\" data-end=\"128\">Legaliseerimine<\/strong><\/h2>\n<p style=\"text-align: justify;\">Meie agentuur, ABC Translation, on spetsialiseerunud ametlike dokumentide legaliseerimisele. Legaliseerimise liike on mitmeid: apostill, t\u00f5estatud koopia ning legaliseerimine saatkonnas v\u00f5i konsulaadis. V\u00f5ib juhtuda, et m\u00f5ned asutused n\u00f5uavad t\u00f5estatud koopiaid, mis on veel lisaks apostilliga kinnitatud.<\/p>\n<p style=\"text-align: justify;\">Teeme koost\u00f6\u00f6d erinevate ametiasutustega, nagu notarid, prefektuur, saatkonnad ja konsulaadid, et saaksime teile pakkuda korrektset legaliseerimist. Ajaliselt saab legaliseerimisi teha \u00fcsna kiiresti (2-5 t\u00f6\u00f6p\u00e4eva).<\/p>\n<h3 data-start=\"676\" data-end=\"708\"><strong data-start=\"676\" data-end=\"708\">Apostilliga legaliseerimine:<\/strong><\/h3>\n<p style=\"text-align: justify;\">Haagi konventsiooniga \u00fchinenud riigid tunnustavad dokumendi kehtivust ilma konsulaadi v\u00f5i saatkonna viisata, kui see on kinnitatud apostilliga.<\/p>\n<p style=\"text-align: justify;\">Apostill kinnitatakse ainult avaliku registripidaja v\u00f5i notari allkirjale. Seda ei saa lisada eraisiku poolt allkirjastatud dokumendile.<\/p>\n<h3 data-start=\"1021\" data-end=\"1048\"><strong data-start=\"1021\" data-end=\"1048\">Lihtne legaliseerimine:<\/strong><\/h3>\n<p style=\"text-align: justify;\">Lihtne legaliseerimine toimub pitseri abil, mida tunnustavad k\u00f5ik riigid, kes ei ole Haagi konventsiooni liikmed, tingimusel, et dokumendil on \u0160veitsis aktsepteeritav viisa (saatkonnast, konsulaadist v\u00f5i esindusest).<\/p>\n<p style=\"text-align: justify;\">Selliselt on v\u00f5imalik legaliseerida igat t\u00fc\u00fcpi dokumente tingimusel, et dokumendil esinev allkiri on legaliseerimisteenistusele teada.<\/p>\n<h3 data-start=\"1388\" data-end=\"1421\"><strong data-start=\"1388\" data-end=\"1421\">Saatkonna \/ konsulaadi kaudu:<\/strong><\/h3>\n<p style=\"text-align: justify;\">Teatud riikides, n\u00e4iteks Hiinas, n\u00f5utakse dokumentide legaliseerimist saatkonnas v\u00f5i konsulaadis. K\u00f5ik dokumendid peavad olema k\u00f5igepealt t\u00f5estatud notari v\u00f5i prefekti\/kantsleri juures ning alles siis legaliseerib selle saatkond v\u00f5i konsulaat.<\/p>\n<h3 data-start=\"1706\" data-end=\"1727\"><strong data-start=\"1706\" data-end=\"1727\">T\u00f5estatud koopia:<\/strong><\/h3>\n<p style=\"text-align: justify;\">T\u00f5estatud koopia on koopia, mille vastavus originaaldokumendile on notari poolt kinnitatud. Kui originaaldokument on v\u00e4lja antud m\u00f5ne v\u00e4lisriigi asutuse poolt, v\u00f5ivad kohalikud asutused n\u00f5uda notari poolt t\u00f5estatud koopiat. Sama kehtib v\u00e4lisriiki saadetavate dokumentide kohta.<\/p>\n<h3>Allkirja t\u00f5endamine<\/h3>\n<p style=\"text-align: justify;\">Allkirja t\u00f5endamisega kinnitab notar selle \u00f5igsust \u2013 dokumendi all olev allkiri kuulub isikule, kes v\u00e4idab, et ta on dokumendi <a href=\"https:\/\/abc-office.eu\/et\/\">allkirjastanud<\/a>.<\/p>\n<p data-start=\"2085\" data-end=\"2234\"><img loading=\"lazy\" decoding=\"async\" class=\"aligncenter wp-image-26 size-medium\" src=\"https:\/\/abc-office.ch\/wp-content\/uploads\/2018\/06\/imageedit_1_6241191614-300x300.gif\" alt=\"Legaliseerimine\" width=\"300\" height=\"300\" \/><\/p>\n","protected":false},"excerpt":{"rendered":"<p>Legaliseerimine Meie agentuur, ABC Translation, on spetsialiseerunud ametlike dokumentide legaliseerimisele. Legaliseerimise liike on mitmeid: apostill, t\u00f5estatud koopia ning legaliseerimine saatkonnas v\u00f5i konsulaadis. V\u00f5ib juhtuda, et m\u00f5ned asutused n\u00f5uavad t\u00f5estatud koopiaid, mis on veel lisaks apostilliga kinnitatud. Teeme koost\u00f6\u00f6d erinevate ametiasutustega, nagu notarid, prefektuur, saatkonnad ja konsulaadid, et saaksime teile pakkuda korrektset legaliseerimist. Ajaliselt saab legaliseerimisi&#8230;<\/p>\n","protected":false},"author":1,"featured_media":232730,"parent":0,"menu_order":0,"comment_status":"closed","ping_status":"closed","template":"","meta":{"sfsi_plus_gutenberg_text_before_share":"","sfsi_plus_gutenberg_show_text_before_share":"","sfsi_plus_gutenberg_icon_type":"","sfsi_plus_gutenberg_icon_alignemt":"","sfsi_plus_gutenburg_max_per_row":"","footnotes":""},"class_list":["post-232729","page","type-page","status-publish","has-post-thumbnail","hentry"],"yoast_head":"<!-- This site is optimized with the Yoast SEO plugin v23.8 - https:\/\/yoast.com\/wordpress\/plugins\/seo\/ -->\n<title>Legaliseerimine l ABC Translation l Apostilliga legaliseerimine<\/title>\n<meta name=\"description\" content=\"Ametliku dokumendi legaliseerimine l Apostilliga legaliseerimine l Saatkonna v\u00f5i konsulaadi kaudu l T\u00f5estatud koopia l Notar l Kantsler\" \/>\n<meta name=\"robots\" content=\"index, follow, max-snippet:-1, max-image-preview:large, max-video-preview:-1\" \/>\n<link rel=\"canonical\" href=\"https:\/\/abc-office.eu\/et\/legaliseerimine\/\" \/>\n<meta property=\"og:locale\" content=\"et_EE\" \/>\n<meta property=\"og:type\" content=\"article\" \/>\n<meta property=\"og:title\" content=\"Legaliseerimine l ABC Translation l Apostilliga legaliseerimine\" \/>\n<meta property=\"og:description\" content=\"Ametliku dokumendi legaliseerimine l Apostilliga legaliseerimine l Saatkonna v\u00f5i konsulaadi kaudu l T\u00f5estatud koopia l Notar l Kantsler\" \/>\n<meta property=\"og:url\" content=\"https:\/\/abc-office.eu\/et\/legaliseerimine\/\" \/>\n<meta property=\"og:site_name\" content=\"ABC Translation\" \/>\n<meta property=\"article:modified_time\" content=\"2025-11-17T05:00:23+00:00\" \/>\n<meta property=\"og:image\" content=\"https:\/\/abc-office.eu\/wp-content\/uploads\/2025\/10\/apostille-3joo-768x522-17.jpg\" \/>\n\t<meta property=\"og:image:width\" content=\"768\" \/>\n\t<meta property=\"og:image:height\" content=\"522\" \/>\n\t<meta property=\"og:image:type\" content=\"image\/jpeg\" \/>\n<meta name=\"twitter:card\" content=\"summary_large_image\" \/>\n<meta name=\"twitter:label1\" content=\"Est. reading time\" \/>\n\t<meta name=\"twitter:data1\" content=\"2 minutit\" \/>\n<script type=\"application\/ld+json\" class=\"yoast-schema-graph\">{\"@context\":\"https:\/\/schema.org\",\"@graph\":[{\"@type\":\"WebPage\",\"@id\":\"https:\/\/abc-office.eu\/et\/legaliseerimine\/\",\"url\":\"https:\/\/abc-office.eu\/et\/legaliseerimine\/\",\"name\":\"Legaliseerimine l ABC Translation l Apostilliga legaliseerimine\",\"isPartOf\":{\"@id\":\"https:\/\/abc-office.eu\/et\/#website\"},\"primaryImageOfPage\":{\"@id\":\"https:\/\/abc-office.eu\/et\/legaliseerimine\/#primaryimage\"},\"image\":{\"@id\":\"https:\/\/abc-office.eu\/et\/legaliseerimine\/#primaryimage\"},\"thumbnailUrl\":\"https:\/\/abc-office.eu\/wp-content\/uploads\/2025\/10\/apostille-3joo-768x522-17.jpg\",\"datePublished\":\"2017-02-16T08:16:27+00:00\",\"dateModified\":\"2025-11-17T05:00:23+00:00\",\"description\":\"Ametliku dokumendi legaliseerimine l Apostilliga legaliseerimine l Saatkonna v\u00f5i konsulaadi kaudu l T\u00f5estatud koopia l Notar l Kantsler\",\"breadcrumb\":{\"@id\":\"https:\/\/abc-office.eu\/et\/legaliseerimine\/#breadcrumb\"},\"inLanguage\":\"et\",\"potentialAction\":[{\"@type\":\"ReadAction\",\"target\":[\"https:\/\/abc-office.eu\/et\/legaliseerimine\/\"]}]},{\"@type\":\"ImageObject\",\"inLanguage\":\"et\",\"@id\":\"https:\/\/abc-office.eu\/et\/legaliseerimine\/#primaryimage\",\"url\":\"https:\/\/abc-office.eu\/wp-content\/uploads\/2025\/10\/apostille-3joo-768x522-17.jpg\",\"contentUrl\":\"https:\/\/abc-office.eu\/wp-content\/uploads\/2025\/10\/apostille-3joo-768x522-17.jpg\",\"width\":768,\"height\":522},{\"@type\":\"BreadcrumbList\",\"@id\":\"https:\/\/abc-office.eu\/et\/legaliseerimine\/#breadcrumb\",\"itemListElement\":[{\"@type\":\"ListItem\",\"position\":1,\"name\":\"Accueil\",\"item\":\"https:\/\/abc-office.eu\/et\/\"},{\"@type\":\"ListItem\",\"position\":2,\"name\":\"Legaliseerimine\"}]},{\"@type\":\"WebSite\",\"@id\":\"https:\/\/abc-office.eu\/et\/#website\",\"url\":\"https:\/\/abc-office.eu\/et\/\",\"name\":\"ABC Translation\",\"description\":\"info@abc-office.eu\",\"potentialAction\":[{\"@type\":\"SearchAction\",\"target\":{\"@type\":\"EntryPoint\",\"urlTemplate\":\"https:\/\/abc-office.eu\/et\/?s={search_term_string}\"},\"query-input\":{\"@type\":\"PropertyValueSpecification\",\"valueRequired\":true,\"valueName\":\"search_term_string\"}}],\"inLanguage\":\"et\"}]}<\/script>\n<!-- \/ Yoast SEO plugin. -->","yoast_head_json":{"title":"Legaliseerimine l ABC Translation l Apostilliga legaliseerimine","description":"Ametliku dokumendi legaliseerimine l Apostilliga legaliseerimine l Saatkonna v\u00f5i konsulaadi kaudu l T\u00f5estatud koopia l Notar l Kantsler","robots":{"index":"index","follow":"follow","max-snippet":"max-snippet:-1","max-image-preview":"max-image-preview:large","max-video-preview":"max-video-preview:-1"},"canonical":"https:\/\/abc-office.eu\/et\/legaliseerimine\/","og_locale":"et_EE","og_type":"article","og_title":"Legaliseerimine l ABC Translation l Apostilliga legaliseerimine","og_description":"Ametliku dokumendi legaliseerimine l Apostilliga legaliseerimine l Saatkonna v\u00f5i konsulaadi kaudu l T\u00f5estatud koopia l Notar l Kantsler","og_url":"https:\/\/abc-office.eu\/et\/legaliseerimine\/","og_site_name":"ABC Translation","article_modified_time":"2025-11-17T05:00:23+00:00","og_image":[{"width":768,"height":522,"url":"https:\/\/abc-office.eu\/wp-content\/uploads\/2025\/10\/apostille-3joo-768x522-17.jpg","type":"image\/jpeg"}],"twitter_card":"summary_large_image","twitter_misc":{"Est. reading time":"2 minutit"},"schema":{"@context":"https:\/\/schema.org","@graph":[{"@type":"WebPage","@id":"https:\/\/abc-office.eu\/et\/legaliseerimine\/","url":"https:\/\/abc-office.eu\/et\/legaliseerimine\/","name":"Legaliseerimine l ABC Translation l Apostilliga legaliseerimine","isPartOf":{"@id":"https:\/\/abc-office.eu\/et\/#website"},"primaryImageOfPage":{"@id":"https:\/\/abc-office.eu\/et\/legaliseerimine\/#primaryimage"},"image":{"@id":"https:\/\/abc-office.eu\/et\/legaliseerimine\/#primaryimage"},"thumbnailUrl":"https:\/\/abc-office.eu\/wp-content\/uploads\/2025\/10\/apostille-3joo-768x522-17.jpg","datePublished":"2017-02-16T08:16:27+00:00","dateModified":"2025-11-17T05:00:23+00:00","description":"Ametliku dokumendi legaliseerimine l Apostilliga legaliseerimine l Saatkonna v\u00f5i konsulaadi kaudu l T\u00f5estatud koopia l Notar l Kantsler","breadcrumb":{"@id":"https:\/\/abc-office.eu\/et\/legaliseerimine\/#breadcrumb"},"inLanguage":"et","potentialAction":[{"@type":"ReadAction","target":["https:\/\/abc-office.eu\/et\/legaliseerimine\/"]}]},{"@type":"ImageObject","inLanguage":"et","@id":"https:\/\/abc-office.eu\/et\/legaliseerimine\/#primaryimage","url":"https:\/\/abc-office.eu\/wp-content\/uploads\/2025\/10\/apostille-3joo-768x522-17.jpg","contentUrl":"https:\/\/abc-office.eu\/wp-content\/uploads\/2025\/10\/apostille-3joo-768x522-17.jpg","width":768,"height":522},{"@type":"BreadcrumbList","@id":"https:\/\/abc-office.eu\/et\/legaliseerimine\/#breadcrumb","itemListElement":[{"@type":"ListItem","position":1,"name":"Accueil","item":"https:\/\/abc-office.eu\/et\/"},{"@type":"ListItem","position":2,"name":"Legaliseerimine"}]},{"@type":"WebSite","@id":"https:\/\/abc-office.eu\/et\/#website","url":"https:\/\/abc-office.eu\/et\/","name":"ABC Translation","description":"info@abc-office.eu","potentialAction":[{"@type":"SearchAction","target":{"@type":"EntryPoint","urlTemplate":"https:\/\/abc-office.eu\/et\/?s={search_term_string}"},"query-input":{"@type":"PropertyValueSpecification","valueRequired":true,"valueName":"search_term_string"}}],"inLanguage":"et"}]}},"_links":{"self":[{"href":"https:\/\/abc-office.eu\/et\/wp-json\/wp\/v2\/pages\/232729","targetHints":{"allow":["GET"]}}],"collection":[{"href":"https:\/\/abc-office.eu\/et\/wp-json\/wp\/v2\/pages"}],"about":[{"href":"https:\/\/abc-office.eu\/et\/wp-json\/wp\/v2\/types\/page"}],"author":[{"embeddable":true,"href":"https:\/\/abc-office.eu\/et\/wp-json\/wp\/v2\/users\/1"}],"replies":[{"embeddable":true,"href":"https:\/\/abc-office.eu\/et\/wp-json\/wp\/v2\/comments?post=232729"}],"version-history":[{"count":3,"href":"https:\/\/abc-office.eu\/et\/wp-json\/wp\/v2\/pages\/232729\/revisions"}],"predecessor-version":[{"id":237517,"href":"https:\/\/abc-office.eu\/et\/wp-json\/wp\/v2\/pages\/232729\/revisions\/237517"}],"wp:featuredmedia":[{"embeddable":true,"href":"https:\/\/abc-office.eu\/et\/wp-json\/wp\/v2\/media\/232730"}],"wp:attachment":[{"href":"https:\/\/abc-office.eu\/et\/wp-json\/wp\/v2\/media?parent=232729"}],"curies":[{"name":"wp","href":"https:\/\/api.w.org\/{rel}","templated":true}]}}