{"id":232667,"date":"2017-02-16T09:13:19","date_gmt":"2017-02-16T08:13:19","guid":{"rendered":"https:\/\/abc-office.eu\/?page_id=232667"},"modified":"2025-11-16T17:42:45","modified_gmt":"2025-11-16T16:42:45","slug":"avaleht","status":"publish","type":"page","link":"https:\/\/abc-office.eu\/et\/","title":{"rendered":"Avaleht"},"content":{"rendered":"<h2 data-start=\"109\" data-end=\"128\"><strong data-start=\"109\" data-end=\"128\">ABC Translation<\/strong><\/h2>\n<p style=\"text-align: justify;\">Agentuur ABC Translation on spetsialiseerunud mitmele valdkonnale, nagu t\u00f5lkimine, kinnisvara, dokumentide legaliseerimine, \u00f5igusalane n\u00f5ustamine ja \u00fcmberasumine. ABC Translation on oma rohkem kui 500 t\u00f6\u00f6tajaga, kes asuvad \u00fcle maailma, liider nendes valdkondades ning suudab t\u00e4nu oma suurele kvalifitseeritud spetsialistide meeskonnale tegutseda v\u00e4ga kiiresti. Ettev\u00f5te esindab 55 erinevat rahvust ja omab kontakte rohkem kui 85 riigis. T\u00e4nu globaliseerumisele on ABC Translation suutnud endale tagada \u00fcha n\u00f5udlikuma klientuuri t\u00e4helepanu.<\/p>\n<h3 data-start=\"587\" data-end=\"615\"><strong data-start=\"587\" data-end=\"615\">ABC Translation arvudes:<\/strong><\/h3>\n<ul>\n<li>500 t\u00f6\u00f6tajat \u00fcle maailma<\/li>\n<li>60 erinevat keelt<\/li>\n<li>4000 projekti aastas<\/li>\n<li>\u00dcle 10 aasta kogemust<\/li>\n<li>\u00dcle 1000 regulaarse \u00e4rikliendi<\/li>\n<li>Rohkem kui 2000 eraklienti aastas<\/li>\n<\/ul>\n<p style=\"text-align: justify;\">Teeme koost\u00f6\u00f6d mitmete notarib\u00fcroodega, et erinevaid dokumente v\u00f5imalikult kiiresti kinnitada. V\u00e4lismaale suunduvate dokumentide puhul t\u00f6\u00f6tame saatkondade ja konsulaatidega. Regulaarne koost\u00f6\u00f6 nende erinevate asutustega v\u00f5imaldab meil v\u00e4ga kiiresti reageerida ja pakkuda teile rekordajaga dokumentide t\u00f5lkimist ja kinnitamist. Lisaks tagavad meie jalgrattakullerid dokumentide keskkonnas\u00e4\u00e4stliku kohaletoimetamise erinevatesse kontoritesse. L\u00f5ppdokumentide kohaletoimetamiseks Euroopas ja \u00fcle kogu maailma kasutame Euroopa postiteenuseid ja DHL-i.<\/p>\n<p style=\"text-align: justify;\">Meie teenuste kvaliteet ja kiirus on toonud meile aastate jooksul edu. Meie valdkonnas on kiire reageerimisv\u00f5ime meie edu v\u00f5tmeks. Meie infrastruktuur on loodud selliselt, et me saame klientide p\u00e4ringutele v\u00e4ga kiiresti vastata. Meiega saate kiirelt \u00fchendust v\u00f5tta telefoni v\u00f5i e-posti teel. Samuti saate kasutada meie veebilehe paremal pool asuvat p\u00e4ringuvormi, millega on eriti lihtne dokumente saata. Tavaliselt saadame oma hinnapakkumise v\u00e4lja 10\u201320 minuti jooksul p\u00e4rast failide k\u00e4ttesaamist. Pakkumine sisaldab l\u00f5pphinda ja t\u00f6\u00f6 valmimise aega.<\/p>\n<p style=\"text-align: justify;\">Kogu meie meeskond on t\u00e4ielikult teie k\u00e4sutuses ja ootab v\u00f5imalust teiega koost\u00f6\u00f6d teha.<\/p>\n<p data-start=\"1849\" data-end=\"1920\"><img loading=\"lazy\" decoding=\"async\" class=\"aligncenter wp-image-298\" src=\"https:\/\/abc-office.ch\/wp-content\/uploads\/2020\/03\/bim91-1024x682.jpg\" alt=\"ABC Translation\" width=\"586\" height=\"390\" \/><\/p>\n","protected":false},"excerpt":{"rendered":"<p>ABC Translation Agentuur ABC Translation on spetsialiseerunud mitmele valdkonnale, nagu t\u00f5lkimine, kinnisvara, dokumentide legaliseerimine, \u00f5igusalane n\u00f5ustamine ja \u00fcmberasumine. ABC Translation on oma rohkem kui 500 t\u00f6\u00f6tajaga, kes asuvad \u00fcle maailma, liider nendes valdkondades ning suudab t\u00e4nu oma suurele kvalifitseeritud spetsialistide meeskonnale tegutseda v\u00e4ga kiiresti. Ettev\u00f5te esindab 55 erinevat rahvust ja omab kontakte rohkem kui 85&#8230;<\/p>\n","protected":false},"author":1,"featured_media":232668,"parent":0,"menu_order":0,"comment_status":"closed","ping_status":"closed","template":"","meta":{"sfsi_plus_gutenberg_text_before_share":"","sfsi_plus_gutenberg_show_text_before_share":"","sfsi_plus_gutenberg_icon_type":"","sfsi_plus_gutenberg_icon_alignemt":"","sfsi_plus_gutenburg_max_per_row":"","footnotes":""},"class_list":["post-232667","page","type-page","status-publish","has-post-thumbnail","hentry"],"yoast_head":"<!-- This site is optimized with the Yoast SEO plugin v23.8 - https:\/\/yoast.com\/wordpress\/plugins\/seo\/ -->\n<title>ABC Translation l T\u00f5lge l Legaliseerimine Kinnisvara Ekspatriandid<\/title>\n<meta name=\"description\" content=\"ABC Translation l Legaliseerimine l Kinnisvara l Ekspatriandid l Suuline t\u00f5lge l Notar l Advokaadib\u00fcroo l Isiku \u00fcmberasustamine l Ettev\u00f5te\" \/>\n<meta name=\"robots\" content=\"index, follow, max-snippet:-1, max-image-preview:large, max-video-preview:-1\" \/>\n<link rel=\"canonical\" href=\"https:\/\/abc-office.eu\/et\/\" \/>\n<meta property=\"og:locale\" content=\"et_EE\" \/>\n<meta property=\"og:type\" content=\"article\" \/>\n<meta property=\"og:title\" content=\"ABC Translation l T\u00f5lge l Legaliseerimine Kinnisvara Ekspatriandid\" \/>\n<meta property=\"og:description\" content=\"ABC Translation l Legaliseerimine l Kinnisvara l Ekspatriandid l Suuline t\u00f5lge l Notar l Advokaadib\u00fcroo l Isiku \u00fcmberasustamine l Ettev\u00f5te\" \/>\n<meta property=\"og:url\" content=\"https:\/\/abc-office.eu\/et\/\" \/>\n<meta property=\"og:site_name\" content=\"ABC Translation\" \/>\n<meta property=\"article:modified_time\" content=\"2025-11-16T16:42:45+00:00\" \/>\n<meta property=\"og:image\" content=\"https:\/\/abc-office.eu\/wp-content\/uploads\/2025\/10\/6190976a-768x433-17.jpg\" \/>\n\t<meta property=\"og:image:width\" content=\"768\" \/>\n\t<meta property=\"og:image:height\" content=\"433\" \/>\n\t<meta property=\"og:image:type\" content=\"image\/jpeg\" \/>\n<meta name=\"twitter:card\" content=\"summary_large_image\" \/>\n<meta name=\"twitter:label1\" content=\"Est. reading time\" \/>\n\t<meta name=\"twitter:data1\" content=\"2 minutit\" \/>\n<script type=\"application\/ld+json\" class=\"yoast-schema-graph\">{\"@context\":\"https:\/\/schema.org\",\"@graph\":[{\"@type\":\"WebPage\",\"@id\":\"https:\/\/abc-office.eu\/et\/\",\"url\":\"https:\/\/abc-office.eu\/et\/\",\"name\":\"ABC Translation l T\u00f5lge l Legaliseerimine Kinnisvara Ekspatriandid\",\"isPartOf\":{\"@id\":\"https:\/\/abc-office.eu\/et\/#website\"},\"primaryImageOfPage\":{\"@id\":\"https:\/\/abc-office.eu\/et\/#primaryimage\"},\"image\":{\"@id\":\"https:\/\/abc-office.eu\/et\/#primaryimage\"},\"thumbnailUrl\":\"https:\/\/abc-office.eu\/wp-content\/uploads\/2025\/10\/6190976a-768x433-17.jpg\",\"datePublished\":\"2017-02-16T08:13:19+00:00\",\"dateModified\":\"2025-11-16T16:42:45+00:00\",\"description\":\"ABC Translation l Legaliseerimine l Kinnisvara l Ekspatriandid l Suuline t\u00f5lge l Notar l Advokaadib\u00fcroo l Isiku \u00fcmberasustamine l Ettev\u00f5te\",\"breadcrumb\":{\"@id\":\"https:\/\/abc-office.eu\/et\/#breadcrumb\"},\"inLanguage\":\"et\",\"potentialAction\":[{\"@type\":\"ReadAction\",\"target\":[\"https:\/\/abc-office.eu\/et\/\"]}]},{\"@type\":\"ImageObject\",\"inLanguage\":\"et\",\"@id\":\"https:\/\/abc-office.eu\/et\/#primaryimage\",\"url\":\"https:\/\/abc-office.eu\/wp-content\/uploads\/2025\/10\/6190976a-768x433-17.jpg\",\"contentUrl\":\"https:\/\/abc-office.eu\/wp-content\/uploads\/2025\/10\/6190976a-768x433-17.jpg\",\"width\":768,\"height\":433},{\"@type\":\"BreadcrumbList\",\"@id\":\"https:\/\/abc-office.eu\/et\/#breadcrumb\",\"itemListElement\":[{\"@type\":\"ListItem\",\"position\":1,\"name\":\"Accueil\",\"item\":\"https:\/\/abc-office.eu\/et\/\"},{\"@type\":\"ListItem\",\"position\":2,\"name\":\"Avaleht\"}]},{\"@type\":\"WebSite\",\"@id\":\"https:\/\/abc-office.eu\/et\/#website\",\"url\":\"https:\/\/abc-office.eu\/et\/\",\"name\":\"ABC Translation\",\"description\":\"info@abc-office.eu\",\"potentialAction\":[{\"@type\":\"SearchAction\",\"target\":{\"@type\":\"EntryPoint\",\"urlTemplate\":\"https:\/\/abc-office.eu\/et\/?s={search_term_string}\"},\"query-input\":{\"@type\":\"PropertyValueSpecification\",\"valueRequired\":true,\"valueName\":\"search_term_string\"}}],\"inLanguage\":\"et\"}]}<\/script>\n<!-- \/ Yoast SEO plugin. -->","yoast_head_json":{"title":"ABC Translation l T\u00f5lge l Legaliseerimine Kinnisvara Ekspatriandid","description":"ABC Translation l Legaliseerimine l Kinnisvara l Ekspatriandid l Suuline t\u00f5lge l Notar l Advokaadib\u00fcroo l Isiku \u00fcmberasustamine l Ettev\u00f5te","robots":{"index":"index","follow":"follow","max-snippet":"max-snippet:-1","max-image-preview":"max-image-preview:large","max-video-preview":"max-video-preview:-1"},"canonical":"https:\/\/abc-office.eu\/et\/","og_locale":"et_EE","og_type":"article","og_title":"ABC Translation l T\u00f5lge l Legaliseerimine Kinnisvara Ekspatriandid","og_description":"ABC Translation l Legaliseerimine l Kinnisvara l Ekspatriandid l Suuline t\u00f5lge l Notar l Advokaadib\u00fcroo l Isiku \u00fcmberasustamine l Ettev\u00f5te","og_url":"https:\/\/abc-office.eu\/et\/","og_site_name":"ABC Translation","article_modified_time":"2025-11-16T16:42:45+00:00","og_image":[{"width":768,"height":433,"url":"https:\/\/abc-office.eu\/wp-content\/uploads\/2025\/10\/6190976a-768x433-17.jpg","type":"image\/jpeg"}],"twitter_card":"summary_large_image","twitter_misc":{"Est. reading time":"2 minutit"},"schema":{"@context":"https:\/\/schema.org","@graph":[{"@type":"WebPage","@id":"https:\/\/abc-office.eu\/et\/","url":"https:\/\/abc-office.eu\/et\/","name":"ABC Translation l T\u00f5lge l Legaliseerimine Kinnisvara Ekspatriandid","isPartOf":{"@id":"https:\/\/abc-office.eu\/et\/#website"},"primaryImageOfPage":{"@id":"https:\/\/abc-office.eu\/et\/#primaryimage"},"image":{"@id":"https:\/\/abc-office.eu\/et\/#primaryimage"},"thumbnailUrl":"https:\/\/abc-office.eu\/wp-content\/uploads\/2025\/10\/6190976a-768x433-17.jpg","datePublished":"2017-02-16T08:13:19+00:00","dateModified":"2025-11-16T16:42:45+00:00","description":"ABC Translation l Legaliseerimine l Kinnisvara l Ekspatriandid l Suuline t\u00f5lge l Notar l Advokaadib\u00fcroo l Isiku \u00fcmberasustamine l Ettev\u00f5te","breadcrumb":{"@id":"https:\/\/abc-office.eu\/et\/#breadcrumb"},"inLanguage":"et","potentialAction":[{"@type":"ReadAction","target":["https:\/\/abc-office.eu\/et\/"]}]},{"@type":"ImageObject","inLanguage":"et","@id":"https:\/\/abc-office.eu\/et\/#primaryimage","url":"https:\/\/abc-office.eu\/wp-content\/uploads\/2025\/10\/6190976a-768x433-17.jpg","contentUrl":"https:\/\/abc-office.eu\/wp-content\/uploads\/2025\/10\/6190976a-768x433-17.jpg","width":768,"height":433},{"@type":"BreadcrumbList","@id":"https:\/\/abc-office.eu\/et\/#breadcrumb","itemListElement":[{"@type":"ListItem","position":1,"name":"Accueil","item":"https:\/\/abc-office.eu\/et\/"},{"@type":"ListItem","position":2,"name":"Avaleht"}]},{"@type":"WebSite","@id":"https:\/\/abc-office.eu\/et\/#website","url":"https:\/\/abc-office.eu\/et\/","name":"ABC Translation","description":"info@abc-office.eu","potentialAction":[{"@type":"SearchAction","target":{"@type":"EntryPoint","urlTemplate":"https:\/\/abc-office.eu\/et\/?s={search_term_string}"},"query-input":{"@type":"PropertyValueSpecification","valueRequired":true,"valueName":"search_term_string"}}],"inLanguage":"et"}]}},"_links":{"self":[{"href":"https:\/\/abc-office.eu\/et\/wp-json\/wp\/v2\/pages\/232667","targetHints":{"allow":["GET"]}}],"collection":[{"href":"https:\/\/abc-office.eu\/et\/wp-json\/wp\/v2\/pages"}],"about":[{"href":"https:\/\/abc-office.eu\/et\/wp-json\/wp\/v2\/types\/page"}],"author":[{"embeddable":true,"href":"https:\/\/abc-office.eu\/et\/wp-json\/wp\/v2\/users\/1"}],"replies":[{"embeddable":true,"href":"https:\/\/abc-office.eu\/et\/wp-json\/wp\/v2\/comments?post=232667"}],"version-history":[{"count":3,"href":"https:\/\/abc-office.eu\/et\/wp-json\/wp\/v2\/pages\/232667\/revisions"}],"predecessor-version":[{"id":237309,"href":"https:\/\/abc-office.eu\/et\/wp-json\/wp\/v2\/pages\/232667\/revisions\/237309"}],"wp:featuredmedia":[{"embeddable":true,"href":"https:\/\/abc-office.eu\/et\/wp-json\/wp\/v2\/media\/232668"}],"wp:attachment":[{"href":"https:\/\/abc-office.eu\/et\/wp-json\/wp\/v2\/media?parent=232667"}],"curies":[{"name":"wp","href":"https:\/\/api.w.org\/{rel}","templated":true}]}}