{"id":225929,"date":"2024-03-19T16:03:02","date_gmt":"2024-03-19T15:03:02","guid":{"rendered":"https:\/\/abc-office.eu\/?page_id=225929"},"modified":"2025-10-15T06:19:24","modified_gmt":"2025-10-15T04:19:24","slug":"traductor-jurado-afrikaans-madrid","status":"publish","type":"page","link":"https:\/\/abc-office.eu\/es\/espana\/traductor-jurado-espana\/traductor-jurado-madrid\/traductor-jurado-afrikaans-madrid\/","title":{"rendered":"Traductor jurado afrik\u00e1ans Madrid"},"content":{"rendered":"<h2>Traductor jurado afrik\u00e1ans Madrid<\/h2>\n<p style=\"text-align: justify;\">Nuestra agencia de traducci\u00f3n est\u00e1 especializada en traducciones certificadas y juradas del y al afrik\u00e1ans. Nuestros traductores certificados de afrik\u00e1ans con sede en Madrid pueden procesar r\u00e1pidamente su solicitud. Solo necesitamos recibir una copia de los documentos que deban traducirse (se aceptan todos los formatos). Los documentos originales ya no son necesarios (traductor jurado afrik\u00e1ans Madrid).<\/p>\n<ol>\n<li style=\"text-align: justify;\">En primer lugar, no dude en utilizar nuestra direcci\u00f3n de correo electr\u00f3nico (<a href=\"mailto:info@abc-office.eu\">info@abc-office.eu<\/a>), el formulario de contacto o tambi\u00e9n nuestro enlace de WhatsApp.<\/li>\n<li style=\"text-align: justify;\">En segundo lugar, indique el idioma en el que desea recibir la traducci\u00f3n y si necesita que la traducci\u00f3n sea legalizada por notario y\/o apostillada (canciller\u00eda).<\/li>\n<li style=\"text-align: justify;\">En tercer lugar, uno de nuestros gestores de proyectos le proporcionar\u00e1 r\u00e1pidamente un presupuesto en el que conste el precio y el plazo de entrega para dicho proyecto. Normalmente respondemos en un plazo de 30 minutos. No obstante, le rogamos que nos llame si no ha recibido respuesta en m\u00e1s de una hora.<\/li>\n<li style=\"text-align: justify;\">En cuarto lugar, y lo m\u00e1s importante, una vez aceptado el presupuesto, comenzaremos el proceso de traducci\u00f3n y le enviaremos las traducciones certificadas por correo postal. Si tambi\u00e9n necesita una copia de la traducci\u00f3n por correo electr\u00f3nico, ind\u00edqueselo al gestor de proyectos y se la enviaremos antes de remitirle el original.<\/li>\n<\/ol>\n<p style=\"text-align: justify;\">En cuanto a los plazos de entrega, las traducciones certificadas se env\u00edan por correo postal o DHL y\/o por correo electr\u00f3nico en un plazo de 2 a 3 d\u00edas laborables. Sin embargo, esto tambi\u00e9n depender\u00e1 del volumen y del nivel de dificultad de los documentos. En condiciones normales, deber\u00eda recibir un documento de una p\u00e1gina en un plazo de 2 d\u00edas laborables por correo postal.<\/p>\n<h3>Idiomas que podemos combinar desde y hacia el afrik\u00e1ans:<\/h3>\n<p style=\"text-align: justify;\">Alban\u00e9s | Alem\u00e1n | Americano | Am\u00e1rico | Ingl\u00e9s | \u00c1rabe | Armenio | Aimara | Azer\u00ed | Vasco | Bengal\u00ed | Bielorruso | Birmano | Bosnio | Brasile\u00f1o | B\u00falgaro | Canton\u00e9s | Catal\u00e1n | Cingal\u00e9s | Chino | Chino simplificado | Chino tradicional | Coreano | Croata | Dan\u00e9s | Dar\u00ed | Estonio | Ew\u00e9 | Farsi | Fin\u00e9s | Georgiano | Griego | Guaran\u00ed | Hebreo | Hindi | H\u00fangaro | Indonesio | Italiano | Japon\u00e9s | Kazajo | Jemer | Kirgu\u00eds | Kurdo | Lao | Let\u00f3n | Lingala | Lituano | Macedonio | Malayo | Malabar | Mandar\u00edn | Moldavo | Mongol | Montenegrino | Neerland\u00e9s | Noruego | Urdu | Uzbeko | Past\u00fan | Punyab\u00ed | Persa | Fula | Polaco | Espa\u00f1ol | Quechua | Rumano | Ruso | Serbio | Eslovaco | Esloveno | Sueco | Tamil | Checo | Tailand\u00e9s | Turco | Turcomano | Ucraniano | Vietnamita | Portugu\u00e9s<\/p>\n<h3>Lista no exhaustiva de documentos:<\/h3>\n<p style=\"text-align: justify;\">Certificado de nacimiento | Certificado de matrimonio | Certificado de estado civil | Atestado | Patente | Certificado de antecedentes penales | Certificado | Certificado de solter\u00eda | Certificado de defunci\u00f3n | Libro de familia | Certificado de trabajo | Declaraci\u00f3n de impuestos | Diploma | Pasaporte | Permiso de conducir | Testamento | Visado | Contrato | Convenio regulador de divorcio | Capitulaciones matrimoniales | Sentencia | Procedimiento | Poder notarial | Acta<\/p>\n<p data-start=\"3233\" data-end=\"3331\"><strong data-start=\"3233\" data-end=\"3329\">Tipos comunes de certificaciones\/legalizaciones (traductor jurado afrik\u00e1ans Madrid):<\/strong><\/p>\n<ul>\n<li style=\"text-align: justify;\"><strong>Traducci\u00f3n certificada:<\/strong>proporcionamos la traducci\u00f3n con nuestro sello y firma.<\/li>\n<li style=\"text-align: justify;\"><strong>Traducci\u00f3n jurada:<\/strong>proporcionamos traducciones juradas realizadas por un traductor experto acreditado ante la sede judicial.<\/li>\n<li style=\"text-align: justify;\"><strong>Traducci\u00f3n jurada:<\/strong>debe estar firmada y sellada por un traductor-int\u00e9rprete jurado, acreditado por el MAEC.<\/li>\n<li style=\"text-align: justify;\"><strong>Traducci\u00f3n legalizada:<\/strong>el notario legaliza la firma del traductor en la traducci\u00f3n.<\/li>\n<li style=\"text-align: justify;\"><strong>Traducci\u00f3n con apostilla:<\/strong>la canciller\u00eda legaliza la firma del notario.<\/li>\n<li style=\"text-align: justify;\"><strong>Traducci\u00f3n legalizada por una embajada o un consulado:<\/strong>organizamos la legalizaci\u00f3n final a trav\u00e9s de la embajada o el consulado.<\/li>\n<\/ul>\n<p style=\"text-align: justify;\" data-start=\"3730\" data-end=\"4077\">Como resultado de lo anteriormente expuesto y gracias a la certificaci\u00f3n adecuada, las traducciones ser\u00e1n aceptadas en Espa\u00f1a y en el extranjero. Para cualquier consulta sobre el tipo de certificaci\u00f3n que necesita para sus documentos, no dude en ponerse en contacto con nuestro equipo. Le guiaremos a lo largo de todo el proceso (traductor jurado afrik\u00e1ans Madrid).<\/p>\n<p style=\"text-align: justify;\">Esperamos poder colaborar con usted.<\/p>\n<p data-start=\"4113\" data-end=\"4138\"><a href=\"https:\/\/abc-office.eu\/es\/contacto\/\"><strong data-start=\"4113\" data-end=\"4136\">ABC Translation LLC<\/strong><\/a><\/p>\n<p data-start=\"4113\" data-end=\"4138\"><img loading=\"lazy\" decoding=\"async\" class=\"aligncenter wp-image-271\" src=\"https:\/\/abc-office.ch\/wp-content\/uploads\/2018\/06\/imageedit_1_6241191614.gif\" alt=\"Traductor jurado afrik\u00e1ans Madrid\" width=\"437\" height=\"437\" \/><\/p>\n","protected":false},"excerpt":{"rendered":"<p>Traductor jurado afrik\u00e1ans Madrid Nuestra agencia de traducci\u00f3n est\u00e1 especializada en traducciones certificadas y juradas del y al afrik\u00e1ans. Nuestros traductores certificados de afrik\u00e1ans con sede en Madrid pueden procesar r\u00e1pidamente su solicitud. Solo necesitamos recibir una copia de los documentos que deban traducirse (se aceptan todos los formatos). Los documentos originales ya no son&#8230;<\/p>\n","protected":false},"author":1,"featured_media":225930,"parent":225918,"menu_order":0,"comment_status":"closed","ping_status":"closed","template":"","meta":{"sfsi_plus_gutenberg_text_before_share":"","sfsi_plus_gutenberg_show_text_before_share":"","sfsi_plus_gutenberg_icon_type":"","sfsi_plus_gutenberg_icon_alignemt":"","sfsi_plus_gutenburg_max_per_row":"","footnotes":""},"class_list":["post-225929","page","type-page","status-publish","has-post-thumbnail","hentry"],"yoast_head":"<!-- This site is optimized with the Yoast SEO plugin v23.8 - https:\/\/yoast.com\/wordpress\/plugins\/seo\/ -->\n<title>Traductor jurado afrik\u00e1ans Madrid l Traductor certificado afrik\u00e1ans<\/title>\n<meta name=\"description\" content=\"ABC Translation l Traductor certificado de afrik\u00e1ans Madrid l Traductor jurado de afrik\u00e1ans Madrid l Traducci\u00f3n oficial de afrik\u00e1ans Madrid\" \/>\n<meta name=\"robots\" content=\"index, follow, max-snippet:-1, max-image-preview:large, max-video-preview:-1\" \/>\n<link rel=\"canonical\" href=\"https:\/\/abc-office.eu\/es\/espana\/traductor-jurado-espana\/traductor-jurado-madrid\/traductor-jurado-afrikaans-madrid\/\" \/>\n<meta property=\"og:locale\" content=\"es_ES\" \/>\n<meta property=\"og:type\" content=\"article\" \/>\n<meta property=\"og:title\" content=\"Traductor jurado afrik\u00e1ans Madrid l Traductor certificado afrik\u00e1ans\" \/>\n<meta property=\"og:description\" content=\"ABC Translation l Traductor certificado de afrik\u00e1ans Madrid l Traductor jurado de afrik\u00e1ans Madrid l Traducci\u00f3n oficial de afrik\u00e1ans Madrid\" \/>\n<meta property=\"og:url\" content=\"https:\/\/abc-office.eu\/es\/espana\/traductor-jurado-espana\/traductor-jurado-madrid\/traductor-jurado-afrikaans-madrid\/\" \/>\n<meta property=\"og:site_name\" content=\"ABC Translation\" \/>\n<meta property=\"article:modified_time\" content=\"2025-10-15T04:19:24+00:00\" \/>\n<meta property=\"og:image\" content=\"https:\/\/abc-office.eu\/wp-content\/uploads\/2025\/10\/Afrikaans.jpg\" \/>\n\t<meta property=\"og:image:width\" content=\"669\" \/>\n\t<meta property=\"og:image:height\" content=\"491\" \/>\n\t<meta property=\"og:image:type\" content=\"image\/jpeg\" \/>\n<meta name=\"twitter:card\" content=\"summary_large_image\" \/>\n<meta name=\"twitter:label1\" content=\"Tiempo de lectura\" \/>\n\t<meta name=\"twitter:data1\" content=\"4 minutos\" \/>\n<script type=\"application\/ld+json\" class=\"yoast-schema-graph\">{\"@context\":\"https:\/\/schema.org\",\"@graph\":[{\"@type\":\"WebPage\",\"@id\":\"https:\/\/abc-office.eu\/es\/espana\/traductor-jurado-espana\/traductor-jurado-madrid\/traductor-jurado-afrikaans-madrid\/\",\"url\":\"https:\/\/abc-office.eu\/es\/espana\/traductor-jurado-espana\/traductor-jurado-madrid\/traductor-jurado-afrikaans-madrid\/\",\"name\":\"Traductor jurado afrik\u00e1ans Madrid l Traductor certificado afrik\u00e1ans\",\"isPartOf\":{\"@id\":\"https:\/\/abc-office.eu\/es\/#website\"},\"primaryImageOfPage\":{\"@id\":\"https:\/\/abc-office.eu\/es\/espana\/traductor-jurado-espana\/traductor-jurado-madrid\/traductor-jurado-afrikaans-madrid\/#primaryimage\"},\"image\":{\"@id\":\"https:\/\/abc-office.eu\/es\/espana\/traductor-jurado-espana\/traductor-jurado-madrid\/traductor-jurado-afrikaans-madrid\/#primaryimage\"},\"thumbnailUrl\":\"https:\/\/abc-office.eu\/wp-content\/uploads\/2025\/10\/Afrikaans.jpg\",\"datePublished\":\"2024-03-19T15:03:02+00:00\",\"dateModified\":\"2025-10-15T04:19:24+00:00\",\"description\":\"ABC Translation l Traductor certificado de afrik\u00e1ans Madrid l Traductor jurado de afrik\u00e1ans Madrid l Traducci\u00f3n oficial de afrik\u00e1ans Madrid\",\"breadcrumb\":{\"@id\":\"https:\/\/abc-office.eu\/es\/espana\/traductor-jurado-espana\/traductor-jurado-madrid\/traductor-jurado-afrikaans-madrid\/#breadcrumb\"},\"inLanguage\":\"es\",\"potentialAction\":[{\"@type\":\"ReadAction\",\"target\":[\"https:\/\/abc-office.eu\/es\/espana\/traductor-jurado-espana\/traductor-jurado-madrid\/traductor-jurado-afrikaans-madrid\/\"]}]},{\"@type\":\"ImageObject\",\"inLanguage\":\"es\",\"@id\":\"https:\/\/abc-office.eu\/es\/espana\/traductor-jurado-espana\/traductor-jurado-madrid\/traductor-jurado-afrikaans-madrid\/#primaryimage\",\"url\":\"https:\/\/abc-office.eu\/wp-content\/uploads\/2025\/10\/Afrikaans.jpg\",\"contentUrl\":\"https:\/\/abc-office.eu\/wp-content\/uploads\/2025\/10\/Afrikaans.jpg\",\"width\":669,\"height\":491},{\"@type\":\"BreadcrumbList\",\"@id\":\"https:\/\/abc-office.eu\/es\/espana\/traductor-jurado-espana\/traductor-jurado-madrid\/traductor-jurado-afrikaans-madrid\/#breadcrumb\",\"itemListElement\":[{\"@type\":\"ListItem\",\"position\":1,\"name\":\"Accueil\",\"item\":\"https:\/\/abc-office.eu\/es\/\"},{\"@type\":\"ListItem\",\"position\":2,\"name\":\"Espa\u00f1a\",\"item\":\"https:\/\/abc-office.eu\/es\/espana\/\"},{\"@type\":\"ListItem\",\"position\":3,\"name\":\"Traductor jurado Espa\u00f1a\",\"item\":\"https:\/\/abc-office.eu\/es\/espana\/traductor-jurado-espana\/\"},{\"@type\":\"ListItem\",\"position\":4,\"name\":\"Traductor jurado Madrid\",\"item\":\"https:\/\/abc-office.eu\/es\/espana\/traductor-jurado-espana\/traductor-jurado-madrid\/\"},{\"@type\":\"ListItem\",\"position\":5,\"name\":\"Traductor jurado afrik\u00e1ans Madrid\"}]},{\"@type\":\"WebSite\",\"@id\":\"https:\/\/abc-office.eu\/es\/#website\",\"url\":\"https:\/\/abc-office.eu\/es\/\",\"name\":\"ABC Translation\",\"description\":\"info@abc-office.eu\",\"potentialAction\":[{\"@type\":\"SearchAction\",\"target\":{\"@type\":\"EntryPoint\",\"urlTemplate\":\"https:\/\/abc-office.eu\/es\/?s={search_term_string}\"},\"query-input\":{\"@type\":\"PropertyValueSpecification\",\"valueRequired\":true,\"valueName\":\"search_term_string\"}}],\"inLanguage\":\"es\"}]}<\/script>\n<!-- \/ Yoast SEO plugin. -->","yoast_head_json":{"title":"Traductor jurado afrik\u00e1ans Madrid l Traductor certificado afrik\u00e1ans","description":"ABC Translation l Traductor certificado de afrik\u00e1ans Madrid l Traductor jurado de afrik\u00e1ans Madrid l Traducci\u00f3n oficial de afrik\u00e1ans Madrid","robots":{"index":"index","follow":"follow","max-snippet":"max-snippet:-1","max-image-preview":"max-image-preview:large","max-video-preview":"max-video-preview:-1"},"canonical":"https:\/\/abc-office.eu\/es\/espana\/traductor-jurado-espana\/traductor-jurado-madrid\/traductor-jurado-afrikaans-madrid\/","og_locale":"es_ES","og_type":"article","og_title":"Traductor jurado afrik\u00e1ans Madrid l Traductor certificado afrik\u00e1ans","og_description":"ABC Translation l Traductor certificado de afrik\u00e1ans Madrid l Traductor jurado de afrik\u00e1ans Madrid l Traducci\u00f3n oficial de afrik\u00e1ans Madrid","og_url":"https:\/\/abc-office.eu\/es\/espana\/traductor-jurado-espana\/traductor-jurado-madrid\/traductor-jurado-afrikaans-madrid\/","og_site_name":"ABC Translation","article_modified_time":"2025-10-15T04:19:24+00:00","og_image":[{"width":669,"height":491,"url":"https:\/\/abc-office.eu\/wp-content\/uploads\/2025\/10\/Afrikaans.jpg","type":"image\/jpeg"}],"twitter_card":"summary_large_image","twitter_misc":{"Tiempo de lectura":"4 minutos"},"schema":{"@context":"https:\/\/schema.org","@graph":[{"@type":"WebPage","@id":"https:\/\/abc-office.eu\/es\/espana\/traductor-jurado-espana\/traductor-jurado-madrid\/traductor-jurado-afrikaans-madrid\/","url":"https:\/\/abc-office.eu\/es\/espana\/traductor-jurado-espana\/traductor-jurado-madrid\/traductor-jurado-afrikaans-madrid\/","name":"Traductor jurado afrik\u00e1ans Madrid l Traductor certificado afrik\u00e1ans","isPartOf":{"@id":"https:\/\/abc-office.eu\/es\/#website"},"primaryImageOfPage":{"@id":"https:\/\/abc-office.eu\/es\/espana\/traductor-jurado-espana\/traductor-jurado-madrid\/traductor-jurado-afrikaans-madrid\/#primaryimage"},"image":{"@id":"https:\/\/abc-office.eu\/es\/espana\/traductor-jurado-espana\/traductor-jurado-madrid\/traductor-jurado-afrikaans-madrid\/#primaryimage"},"thumbnailUrl":"https:\/\/abc-office.eu\/wp-content\/uploads\/2025\/10\/Afrikaans.jpg","datePublished":"2024-03-19T15:03:02+00:00","dateModified":"2025-10-15T04:19:24+00:00","description":"ABC Translation l Traductor certificado de afrik\u00e1ans Madrid l Traductor jurado de afrik\u00e1ans Madrid l Traducci\u00f3n oficial de afrik\u00e1ans Madrid","breadcrumb":{"@id":"https:\/\/abc-office.eu\/es\/espana\/traductor-jurado-espana\/traductor-jurado-madrid\/traductor-jurado-afrikaans-madrid\/#breadcrumb"},"inLanguage":"es","potentialAction":[{"@type":"ReadAction","target":["https:\/\/abc-office.eu\/es\/espana\/traductor-jurado-espana\/traductor-jurado-madrid\/traductor-jurado-afrikaans-madrid\/"]}]},{"@type":"ImageObject","inLanguage":"es","@id":"https:\/\/abc-office.eu\/es\/espana\/traductor-jurado-espana\/traductor-jurado-madrid\/traductor-jurado-afrikaans-madrid\/#primaryimage","url":"https:\/\/abc-office.eu\/wp-content\/uploads\/2025\/10\/Afrikaans.jpg","contentUrl":"https:\/\/abc-office.eu\/wp-content\/uploads\/2025\/10\/Afrikaans.jpg","width":669,"height":491},{"@type":"BreadcrumbList","@id":"https:\/\/abc-office.eu\/es\/espana\/traductor-jurado-espana\/traductor-jurado-madrid\/traductor-jurado-afrikaans-madrid\/#breadcrumb","itemListElement":[{"@type":"ListItem","position":1,"name":"Accueil","item":"https:\/\/abc-office.eu\/es\/"},{"@type":"ListItem","position":2,"name":"Espa\u00f1a","item":"https:\/\/abc-office.eu\/es\/espana\/"},{"@type":"ListItem","position":3,"name":"Traductor jurado Espa\u00f1a","item":"https:\/\/abc-office.eu\/es\/espana\/traductor-jurado-espana\/"},{"@type":"ListItem","position":4,"name":"Traductor jurado Madrid","item":"https:\/\/abc-office.eu\/es\/espana\/traductor-jurado-espana\/traductor-jurado-madrid\/"},{"@type":"ListItem","position":5,"name":"Traductor jurado afrik\u00e1ans Madrid"}]},{"@type":"WebSite","@id":"https:\/\/abc-office.eu\/es\/#website","url":"https:\/\/abc-office.eu\/es\/","name":"ABC Translation","description":"info@abc-office.eu","potentialAction":[{"@type":"SearchAction","target":{"@type":"EntryPoint","urlTemplate":"https:\/\/abc-office.eu\/es\/?s={search_term_string}"},"query-input":{"@type":"PropertyValueSpecification","valueRequired":true,"valueName":"search_term_string"}}],"inLanguage":"es"}]}},"_links":{"self":[{"href":"https:\/\/abc-office.eu\/es\/wp-json\/wp\/v2\/pages\/225929","targetHints":{"allow":["GET"]}}],"collection":[{"href":"https:\/\/abc-office.eu\/es\/wp-json\/wp\/v2\/pages"}],"about":[{"href":"https:\/\/abc-office.eu\/es\/wp-json\/wp\/v2\/types\/page"}],"author":[{"embeddable":true,"href":"https:\/\/abc-office.eu\/es\/wp-json\/wp\/v2\/users\/1"}],"replies":[{"embeddable":true,"href":"https:\/\/abc-office.eu\/es\/wp-json\/wp\/v2\/comments?post=225929"}],"version-history":[{"count":3,"href":"https:\/\/abc-office.eu\/es\/wp-json\/wp\/v2\/pages\/225929\/revisions"}],"predecessor-version":[{"id":226857,"href":"https:\/\/abc-office.eu\/es\/wp-json\/wp\/v2\/pages\/225929\/revisions\/226857"}],"up":[{"embeddable":true,"href":"https:\/\/abc-office.eu\/es\/wp-json\/wp\/v2\/pages\/225918"}],"wp:featuredmedia":[{"embeddable":true,"href":"https:\/\/abc-office.eu\/es\/wp-json\/wp\/v2\/media\/225930"}],"wp:attachment":[{"href":"https:\/\/abc-office.eu\/es\/wp-json\/wp\/v2\/media?parent=225929"}],"curies":[{"name":"wp","href":"https:\/\/api.w.org\/{rel}","templated":true}]}}