{"id":225918,"date":"2024-03-18T17:25:27","date_gmt":"2024-03-18T16:25:27","guid":{"rendered":"https:\/\/abc-office.eu\/?page_id=225918"},"modified":"2025-10-15T06:13:06","modified_gmt":"2025-10-15T04:13:06","slug":"traductor-jurado-madrid","status":"publish","type":"page","link":"https:\/\/abc-office.eu\/es\/espana\/traductor-jurado-espana\/traductor-jurado-madrid\/","title":{"rendered":"Traductor jurado Madrid"},"content":{"rendered":"<h2>Traductor jurado Madrid<\/h2>\n<p style=\"text-align: justify;\">Nuestra agencia de traducci\u00f3n est\u00e1 especializada en traducciones certificadas y juradas en m\u00e1s de 80 idiomas. Nuestro equipo con sede en Madrid puede procesar r\u00e1pidamente su solicitud. Solo necesitamos recibir una copia de los documentos que deban traducirse (se aceptan todos los formatos). Los documentos originales ya no son necesarios (traductor jurado Madrid).<\/p>\n<ol>\n<li style=\"text-align: justify;\">En primer lugar, no dude en utilizar nuestra direcci\u00f3n de correo electr\u00f3nico (<a href=\"mailto:info@abc-office.eu\">info@abc-office.eu<\/a>), el formulario de contacto o tambi\u00e9n nuestro enlace de WhatsApp.<\/li>\n<li style=\"text-align: justify;\">En segundo lugar, indique el idioma en el que desea recibir la traducci\u00f3n y si necesita que la traducci\u00f3n sea legalizada por notario y\/o apostillada (canciller\u00eda).<\/li>\n<li style=\"text-align: justify;\">En tercer lugar, uno de nuestros gestores de proyectos le proporcionar\u00e1 r\u00e1pidamente un presupuesto en el que conste el precio y el plazo de entrega para dicho proyecto. Normalmente respondemos en un plazo de 30 minutos. No obstante, le rogamos que nos llame si no ha recibido respuesta en m\u00e1s de una hora.<\/li>\n<li style=\"text-align: justify;\">En cuarto lugar, y lo m\u00e1s importante, una vez aceptado el presupuesto, comenzaremos el proceso de traducci\u00f3n y le enviaremos las traducciones certificadas por correo postal. Si tambi\u00e9n necesita una copia de la traducci\u00f3n por correo electr\u00f3nico, ind\u00edqueselo al gestor de proyectos y se la enviaremos por correo electr\u00f3nico antes de enviarle el original.<\/li>\n<\/ol>\n<p style=\"text-align: justify;\">En cuanto a los plazos de entrega, las traducciones certificadas se env\u00edan por correo postal o DHL y\/o por correo electr\u00f3nico en un plazo de 2 a 3 d\u00edas laborables. Sin embargo, esto tambi\u00e9n depender\u00e1 del volumen y del nivel de dificultad de los documentos. En condiciones normales, deber\u00eda recibir un documento de una p\u00e1gina en un plazo de 2 d\u00edas laborables por correo postal.<\/p>\n<h3><strong>Aqu\u00ed tiene una lista de nuestros principales idiomas:<\/strong><\/h3>\n<p style=\"text-align: justify;\">Afrik\u00e1ans | Alban\u00e9s | Alem\u00e1n | Americano | Am\u00e1rico | Ingl\u00e9s | \u00c1rabe | Armenio | Aimara | Azer\u00ed | Vasco | Bengal\u00ed | Bielorruso | Birmano | Bosnio | Brasile\u00f1o | B\u00falgaro | Canton\u00e9s | Catal\u00e1n | Cingal\u00e9s | Chino | Chino simplificado | Chino tradicional | Coreano | Croata | Dan\u00e9s | Dar\u00ed | Espa\u00f1ol | Estonio | Ew\u00e9 | Farsi | Fin\u00e9s | Georgiano | Griego | Guaran\u00ed | Hebreo | Hindi | H\u00fangaro | Indonesio | Italiano | Japon\u00e9s | Kazajo | Jemer | Kirgu\u00eds | Kurdo | Lao | Let\u00f3n | Lingala | Lituano | Macedonio | Malayo | Malabar | Mandar\u00edn | Moldavo | Mongol | Montenegrino | Neerland\u00e9s | Noruego | Urdu | Uzbeko | Past\u00fan | Punyab\u00ed | Persa | Fula | Polaco | Portugu\u00e9s | Quechua | Rumano | Ruso | Serbio | Eslovaco | Esloveno | Sueco | Tamil | Checo | Tailand\u00e9s | Turco | Turcomano | Ucraniano | Vietnamita<\/p>\n<h3>Aqu\u00ed tiene una lista no exhaustiva de documentos:<\/h3>\n<p style=\"text-align: justify;\">Certificado de nacimiento | Certificado de matrimonio | Certificado de estado civil | Atestado | Patente | Certificado de antecedentes penales | Certificado | Certificado de solter\u00eda | Certificado de defunci\u00f3n | Libro de familia | Certificado de trabajo | Declaraci\u00f3n de la renta | Diploma | Pasaporte | Permiso de conducir | Testamento | Visado | Contrato | Convenio regulador de divorcio | Capitulaciones matrimoniales | Sentencia | Procedimiento | Poder notarial | Acta<\/p>\n<h3 data-start=\"3222\" data-end=\"3308\">Tipos comunes de certificaciones\/legalizaciones (traductor jurado Madrid):<\/h3>\n<ul>\n<li style=\"text-align: justify;\"><strong>Traducci\u00f3n certificada:<\/strong>proporcionamos la traducci\u00f3n con nuestro sello y firma.<\/li>\n<li style=\"text-align: justify;\"><strong>Traducci\u00f3n jurada:<\/strong>proporcionamos traducciones juradas realizadas por un traductor experto acreditado ante la sede judicial.<\/li>\n<li style=\"text-align: justify;\"><strong>Traducci\u00f3n jurada:<\/strong>debe estar firmada y sellada por un traductor-int\u00e9rprete jurado, acreditado por el MAEC.<\/li>\n<li style=\"text-align: justify;\"><strong>Traducci\u00f3n legalizada:<\/strong>el notario legaliza la firma del traductor en la traducci\u00f3n.<\/li>\n<li style=\"text-align: justify;\"><strong>Traducci\u00f3n con apostilla:<\/strong>la canciller\u00eda legaliza la firma del notario.<\/li>\n<\/ul>\n<p>Como resultado de lo anteriormente expuesto y gracias a la certificaci\u00f3n adecuada, las traducciones ser\u00e1n aceptadas en Espa\u00f1a y en el extranjero. Para cualquier consulta sobre el tipo de certificaci\u00f3n que necesita para sus documentos, no dude en ponerse en contacto con nuestro equipo. Le guiaremos a lo largo del proceso (traductor jurado Madrid).<\/p>\n<p style=\"text-align: justify;\">Esperamos poder colaborar con usted.<\/p>\n<p style=\"text-align: justify;\" data-start=\"3934\" data-end=\"3959\"><a href=\"https:\/\/abc-office.eu\/es\/contacto\/\"><strong data-start=\"3934\" data-end=\"3957\">ABC Translation LLC<\/strong><\/a><\/p>\n<p data-start=\"3934\" data-end=\"3959\"><img loading=\"lazy\" decoding=\"async\" class=\"aligncenter wp-image-271\" src=\"https:\/\/abc-office.ch\/wp-content\/uploads\/2018\/06\/imageedit_1_6241191614.gif\" alt=\"Traductor jurado Madrid\" width=\"437\" height=\"437\" \/><\/p>\n","protected":false},"excerpt":{"rendered":"<p>Traductor jurado Madrid Nuestra agencia de traducci\u00f3n est\u00e1 especializada en traducciones certificadas y juradas en m\u00e1s de 80 idiomas. Nuestro equipo con sede en Madrid puede procesar r\u00e1pidamente su solicitud. Solo necesitamos recibir una copia de los documentos que deban traducirse (se aceptan todos los formatos). Los documentos originales ya no son necesarios (traductor jurado&#8230;<\/p>\n","protected":false},"author":1,"featured_media":225919,"parent":225897,"menu_order":0,"comment_status":"closed","ping_status":"closed","template":"","meta":{"sfsi_plus_gutenberg_text_before_share":"","sfsi_plus_gutenberg_show_text_before_share":"","sfsi_plus_gutenberg_icon_type":"","sfsi_plus_gutenberg_icon_alignemt":"","sfsi_plus_gutenburg_max_per_row":"","footnotes":""},"class_list":["post-225918","page","type-page","status-publish","has-post-thumbnail","hentry"],"yoast_head":"<!-- This site is optimized with the Yoast SEO plugin v23.8 - https:\/\/yoast.com\/wordpress\/plugins\/seo\/ -->\n<title>Traductor jurado Madrid l Traducci\u00f3n certificada Madrid l Oficial<\/title>\n<meta name=\"description\" content=\"ABC Translation l Traducci\u00f3n certificada Madrid l Traductor jurado Madrid l Traducci\u00f3n oficial Madrid l Traductor certificado Madrid Espa\u00f1a\" \/>\n<meta name=\"robots\" content=\"index, follow, max-snippet:-1, max-image-preview:large, max-video-preview:-1\" \/>\n<link rel=\"canonical\" href=\"https:\/\/abc-office.eu\/es\/espana\/traductor-jurado-espana\/traductor-jurado-madrid\/\" \/>\n<meta property=\"og:locale\" content=\"es_ES\" \/>\n<meta property=\"og:type\" content=\"article\" \/>\n<meta property=\"og:title\" content=\"Traductor jurado Madrid l Traducci\u00f3n certificada Madrid l Oficial\" \/>\n<meta property=\"og:description\" content=\"ABC Translation l Traducci\u00f3n certificada Madrid l Traductor jurado Madrid l Traducci\u00f3n oficial Madrid l Traductor certificado Madrid Espa\u00f1a\" \/>\n<meta property=\"og:url\" content=\"https:\/\/abc-office.eu\/es\/espana\/traductor-jurado-espana\/traductor-jurado-madrid\/\" \/>\n<meta property=\"og:site_name\" content=\"ABC Translation\" \/>\n<meta property=\"article:modified_time\" content=\"2025-10-15T04:13:06+00:00\" \/>\n<meta property=\"og:image\" content=\"https:\/\/abc-office.eu\/wp-content\/uploads\/2025\/10\/caption.jpg\" \/>\n\t<meta property=\"og:image:width\" content=\"550\" \/>\n\t<meta property=\"og:image:height\" content=\"367\" \/>\n\t<meta property=\"og:image:type\" content=\"image\/jpeg\" \/>\n<meta name=\"twitter:card\" content=\"summary_large_image\" \/>\n<meta name=\"twitter:label1\" content=\"Tiempo de lectura\" \/>\n\t<meta name=\"twitter:data1\" content=\"4 minutos\" \/>\n<script type=\"application\/ld+json\" class=\"yoast-schema-graph\">{\"@context\":\"https:\/\/schema.org\",\"@graph\":[{\"@type\":\"WebPage\",\"@id\":\"https:\/\/abc-office.eu\/es\/espana\/traductor-jurado-espana\/traductor-jurado-madrid\/\",\"url\":\"https:\/\/abc-office.eu\/es\/espana\/traductor-jurado-espana\/traductor-jurado-madrid\/\",\"name\":\"Traductor jurado Madrid l Traducci\u00f3n certificada Madrid l Oficial\",\"isPartOf\":{\"@id\":\"https:\/\/abc-office.eu\/es\/#website\"},\"primaryImageOfPage\":{\"@id\":\"https:\/\/abc-office.eu\/es\/espana\/traductor-jurado-espana\/traductor-jurado-madrid\/#primaryimage\"},\"image\":{\"@id\":\"https:\/\/abc-office.eu\/es\/espana\/traductor-jurado-espana\/traductor-jurado-madrid\/#primaryimage\"},\"thumbnailUrl\":\"https:\/\/abc-office.eu\/wp-content\/uploads\/2025\/10\/caption.jpg\",\"datePublished\":\"2024-03-18T16:25:27+00:00\",\"dateModified\":\"2025-10-15T04:13:06+00:00\",\"description\":\"ABC Translation l Traducci\u00f3n certificada Madrid l Traductor jurado Madrid l Traducci\u00f3n oficial Madrid l Traductor certificado Madrid Espa\u00f1a\",\"breadcrumb\":{\"@id\":\"https:\/\/abc-office.eu\/es\/espana\/traductor-jurado-espana\/traductor-jurado-madrid\/#breadcrumb\"},\"inLanguage\":\"es\",\"potentialAction\":[{\"@type\":\"ReadAction\",\"target\":[\"https:\/\/abc-office.eu\/es\/espana\/traductor-jurado-espana\/traductor-jurado-madrid\/\"]}]},{\"@type\":\"ImageObject\",\"inLanguage\":\"es\",\"@id\":\"https:\/\/abc-office.eu\/es\/espana\/traductor-jurado-espana\/traductor-jurado-madrid\/#primaryimage\",\"url\":\"https:\/\/abc-office.eu\/wp-content\/uploads\/2025\/10\/caption.jpg\",\"contentUrl\":\"https:\/\/abc-office.eu\/wp-content\/uploads\/2025\/10\/caption.jpg\",\"width\":550,\"height\":367},{\"@type\":\"BreadcrumbList\",\"@id\":\"https:\/\/abc-office.eu\/es\/espana\/traductor-jurado-espana\/traductor-jurado-madrid\/#breadcrumb\",\"itemListElement\":[{\"@type\":\"ListItem\",\"position\":1,\"name\":\"Accueil\",\"item\":\"https:\/\/abc-office.eu\/es\/\"},{\"@type\":\"ListItem\",\"position\":2,\"name\":\"Espa\u00f1a\",\"item\":\"https:\/\/abc-office.eu\/es\/espana\/\"},{\"@type\":\"ListItem\",\"position\":3,\"name\":\"Traductor jurado Espa\u00f1a\",\"item\":\"https:\/\/abc-office.eu\/es\/espana\/traductor-jurado-espana\/\"},{\"@type\":\"ListItem\",\"position\":4,\"name\":\"Traductor jurado Madrid\"}]},{\"@type\":\"WebSite\",\"@id\":\"https:\/\/abc-office.eu\/es\/#website\",\"url\":\"https:\/\/abc-office.eu\/es\/\",\"name\":\"ABC Translation\",\"description\":\"info@abc-office.eu\",\"potentialAction\":[{\"@type\":\"SearchAction\",\"target\":{\"@type\":\"EntryPoint\",\"urlTemplate\":\"https:\/\/abc-office.eu\/es\/?s={search_term_string}\"},\"query-input\":{\"@type\":\"PropertyValueSpecification\",\"valueRequired\":true,\"valueName\":\"search_term_string\"}}],\"inLanguage\":\"es\"}]}<\/script>\n<!-- \/ Yoast SEO plugin. -->","yoast_head_json":{"title":"Traductor jurado Madrid l Traducci\u00f3n certificada Madrid l Oficial","description":"ABC Translation l Traducci\u00f3n certificada Madrid l Traductor jurado Madrid l Traducci\u00f3n oficial Madrid l Traductor certificado Madrid Espa\u00f1a","robots":{"index":"index","follow":"follow","max-snippet":"max-snippet:-1","max-image-preview":"max-image-preview:large","max-video-preview":"max-video-preview:-1"},"canonical":"https:\/\/abc-office.eu\/es\/espana\/traductor-jurado-espana\/traductor-jurado-madrid\/","og_locale":"es_ES","og_type":"article","og_title":"Traductor jurado Madrid l Traducci\u00f3n certificada Madrid l Oficial","og_description":"ABC Translation l Traducci\u00f3n certificada Madrid l Traductor jurado Madrid l Traducci\u00f3n oficial Madrid l Traductor certificado Madrid Espa\u00f1a","og_url":"https:\/\/abc-office.eu\/es\/espana\/traductor-jurado-espana\/traductor-jurado-madrid\/","og_site_name":"ABC Translation","article_modified_time":"2025-10-15T04:13:06+00:00","og_image":[{"width":550,"height":367,"url":"https:\/\/abc-office.eu\/wp-content\/uploads\/2025\/10\/caption.jpg","type":"image\/jpeg"}],"twitter_card":"summary_large_image","twitter_misc":{"Tiempo de lectura":"4 minutos"},"schema":{"@context":"https:\/\/schema.org","@graph":[{"@type":"WebPage","@id":"https:\/\/abc-office.eu\/es\/espana\/traductor-jurado-espana\/traductor-jurado-madrid\/","url":"https:\/\/abc-office.eu\/es\/espana\/traductor-jurado-espana\/traductor-jurado-madrid\/","name":"Traductor jurado Madrid l Traducci\u00f3n certificada Madrid l Oficial","isPartOf":{"@id":"https:\/\/abc-office.eu\/es\/#website"},"primaryImageOfPage":{"@id":"https:\/\/abc-office.eu\/es\/espana\/traductor-jurado-espana\/traductor-jurado-madrid\/#primaryimage"},"image":{"@id":"https:\/\/abc-office.eu\/es\/espana\/traductor-jurado-espana\/traductor-jurado-madrid\/#primaryimage"},"thumbnailUrl":"https:\/\/abc-office.eu\/wp-content\/uploads\/2025\/10\/caption.jpg","datePublished":"2024-03-18T16:25:27+00:00","dateModified":"2025-10-15T04:13:06+00:00","description":"ABC Translation l Traducci\u00f3n certificada Madrid l Traductor jurado Madrid l Traducci\u00f3n oficial Madrid l Traductor certificado Madrid Espa\u00f1a","breadcrumb":{"@id":"https:\/\/abc-office.eu\/es\/espana\/traductor-jurado-espana\/traductor-jurado-madrid\/#breadcrumb"},"inLanguage":"es","potentialAction":[{"@type":"ReadAction","target":["https:\/\/abc-office.eu\/es\/espana\/traductor-jurado-espana\/traductor-jurado-madrid\/"]}]},{"@type":"ImageObject","inLanguage":"es","@id":"https:\/\/abc-office.eu\/es\/espana\/traductor-jurado-espana\/traductor-jurado-madrid\/#primaryimage","url":"https:\/\/abc-office.eu\/wp-content\/uploads\/2025\/10\/caption.jpg","contentUrl":"https:\/\/abc-office.eu\/wp-content\/uploads\/2025\/10\/caption.jpg","width":550,"height":367},{"@type":"BreadcrumbList","@id":"https:\/\/abc-office.eu\/es\/espana\/traductor-jurado-espana\/traductor-jurado-madrid\/#breadcrumb","itemListElement":[{"@type":"ListItem","position":1,"name":"Accueil","item":"https:\/\/abc-office.eu\/es\/"},{"@type":"ListItem","position":2,"name":"Espa\u00f1a","item":"https:\/\/abc-office.eu\/es\/espana\/"},{"@type":"ListItem","position":3,"name":"Traductor jurado Espa\u00f1a","item":"https:\/\/abc-office.eu\/es\/espana\/traductor-jurado-espana\/"},{"@type":"ListItem","position":4,"name":"Traductor jurado Madrid"}]},{"@type":"WebSite","@id":"https:\/\/abc-office.eu\/es\/#website","url":"https:\/\/abc-office.eu\/es\/","name":"ABC Translation","description":"info@abc-office.eu","potentialAction":[{"@type":"SearchAction","target":{"@type":"EntryPoint","urlTemplate":"https:\/\/abc-office.eu\/es\/?s={search_term_string}"},"query-input":{"@type":"PropertyValueSpecification","valueRequired":true,"valueName":"search_term_string"}}],"inLanguage":"es"}]}},"_links":{"self":[{"href":"https:\/\/abc-office.eu\/es\/wp-json\/wp\/v2\/pages\/225918","targetHints":{"allow":["GET"]}}],"collection":[{"href":"https:\/\/abc-office.eu\/es\/wp-json\/wp\/v2\/pages"}],"about":[{"href":"https:\/\/abc-office.eu\/es\/wp-json\/wp\/v2\/types\/page"}],"author":[{"embeddable":true,"href":"https:\/\/abc-office.eu\/es\/wp-json\/wp\/v2\/users\/1"}],"replies":[{"embeddable":true,"href":"https:\/\/abc-office.eu\/es\/wp-json\/wp\/v2\/comments?post=225918"}],"version-history":[{"count":3,"href":"https:\/\/abc-office.eu\/es\/wp-json\/wp\/v2\/pages\/225918\/revisions"}],"predecessor-version":[{"id":226855,"href":"https:\/\/abc-office.eu\/es\/wp-json\/wp\/v2\/pages\/225918\/revisions\/226855"}],"up":[{"embeddable":true,"href":"https:\/\/abc-office.eu\/es\/wp-json\/wp\/v2\/pages\/225897"}],"wp:featuredmedia":[{"embeddable":true,"href":"https:\/\/abc-office.eu\/es\/wp-json\/wp\/v2\/media\/225919"}],"wp:attachment":[{"href":"https:\/\/abc-office.eu\/es\/wp-json\/wp\/v2\/media?parent=225918"}],"curies":[{"name":"wp","href":"https:\/\/api.w.org\/{rel}","templated":true}]}}