{"id":225897,"date":"2024-03-18T17:20:10","date_gmt":"2024-03-18T16:20:10","guid":{"rendered":"https:\/\/abc-office.eu\/?page_id=225897"},"modified":"2025-10-15T06:08:27","modified_gmt":"2025-10-15T04:08:27","slug":"traductor-jurado-espana","status":"publish","type":"page","link":"https:\/\/abc-office.eu\/es\/espana\/traductor-jurado-espana\/","title":{"rendered":"Traductor jurado Espa\u00f1a"},"content":{"rendered":"<h2 data-start=\"105\" data-end=\"134\">Traductor jurado Espa\u00f1a<\/h2>\n<p style=\"text-align: justify;\">Nuestra agencia,\u00a0<strong>ABC Translation<\/strong>, est\u00e1 especializada desde hace muchos a\u00f1os en el \u00e1mbito de la traducci\u00f3n certificada. De hecho, estamos en condiciones de brindarle todos los servicios relacionados con este campo, ya sea una traducci\u00f3n oficial, una traducci\u00f3n simple o una interpretaci\u00f3n (traductor jurado Espa\u00f1a) en caso necesario.<\/p>\n<p style=\"text-align: justify;\">Con un equipo de m\u00e1s de 500 traductores e int\u00e9rpretes, sabemos c\u00f3mo gestionar cualquier tipo de proyecto en plazos extremadamente breves. La calidad y la rapidez de respuesta son nuestra consigna para obtener resultados siempre a la altura de las expectativas de nuestros clientes. Estamos presentes en todo el territorio espa\u00f1ol. Gracias a esta presencia y a nuestra capacidad de respuesta, hemos podido evolucionar y ahora ofrecemos servicios de traducci\u00f3n en m\u00e1s de 60 idiomas diferentes (traductor jurado Espa\u00f1a).<\/p>\n<h3 data-start=\"988\" data-end=\"1013\"><strong data-start=\"988\" data-end=\"1011\">Traducci\u00f3n oficial:<\/strong><\/h3>\n<p style=\"text-align: justify;\">Estamos especializados en la traducci\u00f3n certificada para facilitarle los tr\u00e1mites a su llegada a Espa\u00f1a o con vistas a un viaje al extranjero. Las traducciones suelen ser legalizadas en primer lugar por nuestro notario y posteriormente en la canciller\u00eda mediante apostilla o legalizaci\u00f3n, seg\u00fan los convenios. Los plazos requeridos por los clientes suelen ser muy breves.<\/p>\n<p style=\"text-align: justify;\">Por esta raz\u00f3n hemos establecido un sistema que permite traducir, legalizar y apostillar los documentos en un tiempo r\u00e9cord. Por ejemplo, necesitamos dos d\u00edas para poder llevar a cabo los distintos tr\u00e1mites que precisa un documento de menos de 5 p\u00e1ginas. Estas traducciones pueden luego ser legalizadas por el consulado del pa\u00eds de destino si fuera necesario.<\/p>\n<p style=\"text-align: justify;\">La traducci\u00f3n oficial para el reconocimiento de sus diplomas extranjeros en Espa\u00f1a tambi\u00e9n forma parte de nuestra gama de servicios. Una vez m\u00e1s, traducimos los documentos y luego los legalizamos por mediaci\u00f3n de nuestro notario para que puedan ser admitidos por los organismos competentes. De este modo, su expediente quedar\u00e1 listo para su consideraci\u00f3n por parte de los \u00f3rganos encargados de la homologaci\u00f3n y convalidaci\u00f3n de t\u00edtulos.<\/p>\n<h3 data-start=\"2083\" data-end=\"2097\">Idiomas:<\/h3>\n<p style=\"text-align: justify;\">Afrik\u00e1ans | Alban\u00e9s | Alem\u00e1n | Americano | Am\u00e1rico | Ingl\u00e9s | \u00c1rabe | Armenio | Aimara | Azer\u00ed | Vasco | Bengal\u00ed | Bielorruso | Birmano | Bosnio | Brasile\u00f1o | B\u00falgaro | Canton\u00e9s | Catal\u00e1n | Cingal\u00e9s | Chino | Chino simplificado | Chino tradicional | Coreano | Croata | Dan\u00e9s | Dar\u00ed | Espa\u00f1ol | Estonio | Ew\u00e9 | Farsi | Fin\u00e9s | Georgiano | Griego | Guaran\u00ed | Hebreo | Hindi | H\u00fangaro | Indonesio | Italiano | Japon\u00e9s | Kazajo | Jemer | Kirgu\u00eds | Kurdo | Lao | Let\u00f3n | Lingala | Lituano | Macedonio | Malayo | Malabar | Mandar\u00edn | Moldavo | Mongol | Montenegrino | Neerland\u00e9s | Noruego | Urdu | Uzbeko | Past\u00fan | Punyab\u00ed | Persa | Fula | Polaco | Portugu\u00e9s | Quechua | Rumano | Ruso | Serbio | Eslovaco | Esloveno | Sueco | Tamil | Checo | Tailand\u00e9s | Turco | Turcomano | Ucraniano | Vietnamita<\/p>\n<h3 data-start=\"2903\" data-end=\"2920\">Documentos:<\/h3>\n<p style=\"text-align: justify;\">Certificado de nacimiento | Certificado de matrimonio | Certificado de estado civil | Atestado | Patente | Certificado de antecedentes penales | Certificado | Certificado de solter\u00eda | Certificado de defunci\u00f3n | Libro de familia | Certificado de trabajo | Declaraci\u00f3n de la renta | Diploma | Pasaporte | Permiso de conducir | Testamento | Visado | Contrato | Convenio regulador de divorcio | Capitulaciones matrimoniales | Sentencia | Procedimiento | Poder notarial | Acta<\/p>\n<p style=\"text-align: justify;\">Para cualquier solicitud relacionada con otro idioma, no dude en ponerse en\u00a0<a href=\"https:\/\/abc-office.eu\/es\/contacto\/\">contacto<\/a>\u00a0con nosotros.<\/p>\n<p data-start=\"3368\" data-end=\"3432\"><img loading=\"lazy\" decoding=\"async\" class=\"aligncenter wp-image-26 size-medium\" src=\"https:\/\/abc-office.ch\/wp-content\/uploads\/2018\/06\/imageedit_1_6241191614-300x300.gif\" alt=\"Traductor jurado Espa\u00f1a\" width=\"300\" height=\"300\" \/><\/p>\n","protected":false},"excerpt":{"rendered":"<p>Traductor jurado Espa\u00f1a Nuestra agencia,\u00a0ABC Translation, est\u00e1 especializada desde hace muchos a\u00f1os en el \u00e1mbito de la traducci\u00f3n certificada. De hecho, estamos en condiciones de brindarle todos los servicios relacionados con este campo, ya sea una traducci\u00f3n oficial, una traducci\u00f3n simple o una interpretaci\u00f3n (traductor jurado Espa\u00f1a) en caso necesario. Con un equipo de m\u00e1s&#8230;<\/p>\n","protected":false},"author":1,"featured_media":225898,"parent":225885,"menu_order":0,"comment_status":"closed","ping_status":"closed","template":"","meta":{"sfsi_plus_gutenberg_text_before_share":"","sfsi_plus_gutenberg_show_text_before_share":"","sfsi_plus_gutenberg_icon_type":"","sfsi_plus_gutenberg_icon_alignemt":"","sfsi_plus_gutenburg_max_per_row":"","footnotes":""},"class_list":["post-225897","page","type-page","status-publish","has-post-thumbnail","hentry"],"yoast_head":"<!-- This site is optimized with the Yoast SEO plugin v23.8 - https:\/\/yoast.com\/wordpress\/plugins\/seo\/ -->\n<title>Traductor jurado Espa\u00f1a l Traducci\u00f3n certificada Espa\u00f1a l Oficial<\/title>\n<meta name=\"description\" content=\"ABC Translation l Traducci\u00f3n certificada Espa\u00f1a l Traductor jurado Espa\u00f1a l Traducci\u00f3n oficial Espa\u00f1a l Traductor certificado Espa\u00f1a\" \/>\n<meta name=\"robots\" content=\"index, follow, max-snippet:-1, max-image-preview:large, max-video-preview:-1\" \/>\n<link rel=\"canonical\" href=\"https:\/\/abc-office.eu\/es\/espana\/traductor-jurado-espana\/\" \/>\n<meta property=\"og:locale\" content=\"es_ES\" \/>\n<meta property=\"og:type\" content=\"article\" \/>\n<meta property=\"og:title\" content=\"Traductor jurado Espa\u00f1a l Traducci\u00f3n certificada Espa\u00f1a l Oficial\" \/>\n<meta property=\"og:description\" content=\"ABC Translation l Traducci\u00f3n certificada Espa\u00f1a l Traductor jurado Espa\u00f1a l Traducci\u00f3n oficial Espa\u00f1a l Traductor certificado Espa\u00f1a\" \/>\n<meta property=\"og:url\" content=\"https:\/\/abc-office.eu\/es\/espana\/traductor-jurado-espana\/\" \/>\n<meta property=\"og:site_name\" content=\"ABC Translation\" \/>\n<meta property=\"article:modified_time\" content=\"2025-10-15T04:08:27+00:00\" \/>\n<meta property=\"og:image\" content=\"https:\/\/abc-office.eu\/wp-content\/uploads\/2025\/10\/Bandera_de_Espana.svg_-768x512-1.png\" \/>\n\t<meta property=\"og:image:width\" content=\"768\" \/>\n\t<meta property=\"og:image:height\" content=\"512\" \/>\n\t<meta property=\"og:image:type\" content=\"image\/png\" \/>\n<meta name=\"twitter:card\" content=\"summary_large_image\" \/>\n<meta name=\"twitter:label1\" content=\"Tiempo de lectura\" \/>\n\t<meta name=\"twitter:data1\" content=\"3 minutos\" \/>\n<script type=\"application\/ld+json\" class=\"yoast-schema-graph\">{\"@context\":\"https:\/\/schema.org\",\"@graph\":[{\"@type\":\"WebPage\",\"@id\":\"https:\/\/abc-office.eu\/es\/espana\/traductor-jurado-espana\/\",\"url\":\"https:\/\/abc-office.eu\/es\/espana\/traductor-jurado-espana\/\",\"name\":\"Traductor jurado Espa\u00f1a l Traducci\u00f3n certificada Espa\u00f1a l Oficial\",\"isPartOf\":{\"@id\":\"https:\/\/abc-office.eu\/es\/#website\"},\"primaryImageOfPage\":{\"@id\":\"https:\/\/abc-office.eu\/es\/espana\/traductor-jurado-espana\/#primaryimage\"},\"image\":{\"@id\":\"https:\/\/abc-office.eu\/es\/espana\/traductor-jurado-espana\/#primaryimage\"},\"thumbnailUrl\":\"https:\/\/abc-office.eu\/wp-content\/uploads\/2025\/10\/Bandera_de_Espana.svg_-768x512-1.png\",\"datePublished\":\"2024-03-18T16:20:10+00:00\",\"dateModified\":\"2025-10-15T04:08:27+00:00\",\"description\":\"ABC Translation l Traducci\u00f3n certificada Espa\u00f1a l Traductor jurado Espa\u00f1a l Traducci\u00f3n oficial Espa\u00f1a l Traductor certificado Espa\u00f1a\",\"breadcrumb\":{\"@id\":\"https:\/\/abc-office.eu\/es\/espana\/traductor-jurado-espana\/#breadcrumb\"},\"inLanguage\":\"es\",\"potentialAction\":[{\"@type\":\"ReadAction\",\"target\":[\"https:\/\/abc-office.eu\/es\/espana\/traductor-jurado-espana\/\"]}]},{\"@type\":\"ImageObject\",\"inLanguage\":\"es\",\"@id\":\"https:\/\/abc-office.eu\/es\/espana\/traductor-jurado-espana\/#primaryimage\",\"url\":\"https:\/\/abc-office.eu\/wp-content\/uploads\/2025\/10\/Bandera_de_Espana.svg_-768x512-1.png\",\"contentUrl\":\"https:\/\/abc-office.eu\/wp-content\/uploads\/2025\/10\/Bandera_de_Espana.svg_-768x512-1.png\",\"width\":768,\"height\":512},{\"@type\":\"BreadcrumbList\",\"@id\":\"https:\/\/abc-office.eu\/es\/espana\/traductor-jurado-espana\/#breadcrumb\",\"itemListElement\":[{\"@type\":\"ListItem\",\"position\":1,\"name\":\"Accueil\",\"item\":\"https:\/\/abc-office.eu\/es\/\"},{\"@type\":\"ListItem\",\"position\":2,\"name\":\"Espa\u00f1a\",\"item\":\"https:\/\/abc-office.eu\/es\/espana\/\"},{\"@type\":\"ListItem\",\"position\":3,\"name\":\"Traductor jurado Espa\u00f1a\"}]},{\"@type\":\"WebSite\",\"@id\":\"https:\/\/abc-office.eu\/es\/#website\",\"url\":\"https:\/\/abc-office.eu\/es\/\",\"name\":\"ABC Translation\",\"description\":\"info@abc-office.eu\",\"potentialAction\":[{\"@type\":\"SearchAction\",\"target\":{\"@type\":\"EntryPoint\",\"urlTemplate\":\"https:\/\/abc-office.eu\/es\/?s={search_term_string}\"},\"query-input\":{\"@type\":\"PropertyValueSpecification\",\"valueRequired\":true,\"valueName\":\"search_term_string\"}}],\"inLanguage\":\"es\"}]}<\/script>\n<!-- \/ Yoast SEO plugin. -->","yoast_head_json":{"title":"Traductor jurado Espa\u00f1a l Traducci\u00f3n certificada Espa\u00f1a l Oficial","description":"ABC Translation l Traducci\u00f3n certificada Espa\u00f1a l Traductor jurado Espa\u00f1a l Traducci\u00f3n oficial Espa\u00f1a l Traductor certificado Espa\u00f1a","robots":{"index":"index","follow":"follow","max-snippet":"max-snippet:-1","max-image-preview":"max-image-preview:large","max-video-preview":"max-video-preview:-1"},"canonical":"https:\/\/abc-office.eu\/es\/espana\/traductor-jurado-espana\/","og_locale":"es_ES","og_type":"article","og_title":"Traductor jurado Espa\u00f1a l Traducci\u00f3n certificada Espa\u00f1a l Oficial","og_description":"ABC Translation l Traducci\u00f3n certificada Espa\u00f1a l Traductor jurado Espa\u00f1a l Traducci\u00f3n oficial Espa\u00f1a l Traductor certificado Espa\u00f1a","og_url":"https:\/\/abc-office.eu\/es\/espana\/traductor-jurado-espana\/","og_site_name":"ABC Translation","article_modified_time":"2025-10-15T04:08:27+00:00","og_image":[{"width":768,"height":512,"url":"https:\/\/abc-office.eu\/wp-content\/uploads\/2025\/10\/Bandera_de_Espana.svg_-768x512-1.png","type":"image\/png"}],"twitter_card":"summary_large_image","twitter_misc":{"Tiempo de lectura":"3 minutos"},"schema":{"@context":"https:\/\/schema.org","@graph":[{"@type":"WebPage","@id":"https:\/\/abc-office.eu\/es\/espana\/traductor-jurado-espana\/","url":"https:\/\/abc-office.eu\/es\/espana\/traductor-jurado-espana\/","name":"Traductor jurado Espa\u00f1a l Traducci\u00f3n certificada Espa\u00f1a l Oficial","isPartOf":{"@id":"https:\/\/abc-office.eu\/es\/#website"},"primaryImageOfPage":{"@id":"https:\/\/abc-office.eu\/es\/espana\/traductor-jurado-espana\/#primaryimage"},"image":{"@id":"https:\/\/abc-office.eu\/es\/espana\/traductor-jurado-espana\/#primaryimage"},"thumbnailUrl":"https:\/\/abc-office.eu\/wp-content\/uploads\/2025\/10\/Bandera_de_Espana.svg_-768x512-1.png","datePublished":"2024-03-18T16:20:10+00:00","dateModified":"2025-10-15T04:08:27+00:00","description":"ABC Translation l Traducci\u00f3n certificada Espa\u00f1a l Traductor jurado Espa\u00f1a l Traducci\u00f3n oficial Espa\u00f1a l Traductor certificado Espa\u00f1a","breadcrumb":{"@id":"https:\/\/abc-office.eu\/es\/espana\/traductor-jurado-espana\/#breadcrumb"},"inLanguage":"es","potentialAction":[{"@type":"ReadAction","target":["https:\/\/abc-office.eu\/es\/espana\/traductor-jurado-espana\/"]}]},{"@type":"ImageObject","inLanguage":"es","@id":"https:\/\/abc-office.eu\/es\/espana\/traductor-jurado-espana\/#primaryimage","url":"https:\/\/abc-office.eu\/wp-content\/uploads\/2025\/10\/Bandera_de_Espana.svg_-768x512-1.png","contentUrl":"https:\/\/abc-office.eu\/wp-content\/uploads\/2025\/10\/Bandera_de_Espana.svg_-768x512-1.png","width":768,"height":512},{"@type":"BreadcrumbList","@id":"https:\/\/abc-office.eu\/es\/espana\/traductor-jurado-espana\/#breadcrumb","itemListElement":[{"@type":"ListItem","position":1,"name":"Accueil","item":"https:\/\/abc-office.eu\/es\/"},{"@type":"ListItem","position":2,"name":"Espa\u00f1a","item":"https:\/\/abc-office.eu\/es\/espana\/"},{"@type":"ListItem","position":3,"name":"Traductor jurado Espa\u00f1a"}]},{"@type":"WebSite","@id":"https:\/\/abc-office.eu\/es\/#website","url":"https:\/\/abc-office.eu\/es\/","name":"ABC Translation","description":"info@abc-office.eu","potentialAction":[{"@type":"SearchAction","target":{"@type":"EntryPoint","urlTemplate":"https:\/\/abc-office.eu\/es\/?s={search_term_string}"},"query-input":{"@type":"PropertyValueSpecification","valueRequired":true,"valueName":"search_term_string"}}],"inLanguage":"es"}]}},"_links":{"self":[{"href":"https:\/\/abc-office.eu\/es\/wp-json\/wp\/v2\/pages\/225897","targetHints":{"allow":["GET"]}}],"collection":[{"href":"https:\/\/abc-office.eu\/es\/wp-json\/wp\/v2\/pages"}],"about":[{"href":"https:\/\/abc-office.eu\/es\/wp-json\/wp\/v2\/types\/page"}],"author":[{"embeddable":true,"href":"https:\/\/abc-office.eu\/es\/wp-json\/wp\/v2\/users\/1"}],"replies":[{"embeddable":true,"href":"https:\/\/abc-office.eu\/es\/wp-json\/wp\/v2\/comments?post=225897"}],"version-history":[{"count":4,"href":"https:\/\/abc-office.eu\/es\/wp-json\/wp\/v2\/pages\/225897\/revisions"}],"predecessor-version":[{"id":226853,"href":"https:\/\/abc-office.eu\/es\/wp-json\/wp\/v2\/pages\/225897\/revisions\/226853"}],"up":[{"embeddable":true,"href":"https:\/\/abc-office.eu\/es\/wp-json\/wp\/v2\/pages\/225885"}],"wp:featuredmedia":[{"embeddable":true,"href":"https:\/\/abc-office.eu\/es\/wp-json\/wp\/v2\/media\/225898"}],"wp:attachment":[{"href":"https:\/\/abc-office.eu\/es\/wp-json\/wp\/v2\/media?parent=225897"}],"curies":[{"name":"wp","href":"https:\/\/api.w.org\/{rel}","templated":true}]}}