{"id":225885,"date":"2023-09-08T09:36:10","date_gmt":"2023-09-08T07:36:10","guid":{"rendered":"https:\/\/abc-office.eu\/?page_id=225885"},"modified":"2025-10-15T06:02:40","modified_gmt":"2025-10-15T04:02:40","slug":"espana","status":"publish","type":"page","link":"https:\/\/abc-office.eu\/es\/espana\/","title":{"rendered":"Espa\u00f1a"},"content":{"rendered":"<h2 data-start=\"105\" data-end=\"117\">Espa\u00f1a<\/h2>\n<p style=\"text-align: justify;\">Nuestra agencia de traducci\u00f3n y legalizaci\u00f3n est\u00e1 especializada en traducciones certificadas y juradas en m\u00e1s de 80 idiomas, as\u00ed como en legalizaciones. Nuestro equipo con sede en Espa\u00f1a puede procesar r\u00e1pidamente su solicitud. Solo necesitamos recibir una copia de los documentos que deban traducirse (se aceptan todos los formatos). Los documentos originales ya no son necesarios (Espa\u00f1a).<\/p>\n<ol>\n<li style=\"text-align: justify;\">En primer lugar, no dude en utilizar nuestra direcci\u00f3n de correo electr\u00f3nico (<a href=\"mailto:info@abc-office.eu\">info@abc-office.eu<\/a>), el formulario de contacto o tambi\u00e9n nuestro enlace de WhatsApp.<\/li>\n<li style=\"text-align: justify;\">En segundo lugar, indique el\u00a0<a href=\"https:\/\/abc-office.eu\/es\/traduccion\/\">idioma<\/a> en el que desea recibir la traducci\u00f3n y si necesita que la traducci\u00f3n sea legalizada por el notario y\/o apostillada (canciller\u00eda) y si requiere una legalizaci\u00f3n a trav\u00e9s de la embajada o del consulado.<\/li>\n<li style=\"text-align: justify;\">En tercer lugar, uno de nuestros gestores de proyectos le proporcionar\u00e1 r\u00e1pidamente un presupuesto en el que conste el precio y el plazo de entrega para dicho proyecto. Normalmente respondemos en un plazo de 30 minutos. No obstante, le rogamos que nos llame si no ha recibido respuesta en m\u00e1s de una hora.<\/li>\n<li style=\"text-align: justify;\">En cuarto lugar, y lo m\u00e1s importante, una vez aceptado el presupuesto, comenzaremos el proceso de traducci\u00f3n o legalizaci\u00f3n y le enviaremos las traducciones certificadas y\/o las legalizaciones por correo postal. Si tambi\u00e9n necesita una copia de la traducci\u00f3n y de la legalizaci\u00f3n por correo electr\u00f3nico, ind\u00edqueselo al gestor de proyectos y se la enviaremos por correo electr\u00f3nico antes de enviarle el original.<\/li>\n<\/ol>\n<p style=\"text-align: justify;\">En cuanto a los plazos de entrega, las traducciones certificadas y\/o las legalizaciones se env\u00edan por correo postal o DHL y\/o por correo electr\u00f3nico en un plazo de 2 a 3 d\u00edas laborables. Sin embargo, esto tambi\u00e9n depender\u00e1 del volumen y del nivel de dificultad de los documentos. En condiciones normales, deber\u00eda recibir un documento de una p\u00e1gina en un plazo de 2 d\u00edas laborables por correo postal.<\/p>\n<h3><strong>Aqu\u00ed tiene una lista de nuestros principales idiomas:<\/strong><\/h3>\n<p style=\"text-align: justify;\">Afrik\u00e1ans | Alban\u00e9s | Alem\u00e1n | Americano | Am\u00e1rico | Ingl\u00e9s | \u00c1rabe | Armenio | Aimara | Azer\u00ed | Vasco | Bengal\u00ed | Bielorruso | Birmano | Bosnio | Brasile\u00f1o | B\u00falgaro | Canton\u00e9s | Catal\u00e1n | Cingal\u00e9s | Chino | Chino simplificado | Chino tradicional | Coreano | Croata | Dan\u00e9s | Dar\u00ed | Espa\u00f1ol | Estonio | Ew\u00e9 | Farsi | Fin\u00e9s | Georgiano | Griego | Guaran\u00ed | Hebreo | Hindi | H\u00fangaro | Indonesio | Italiano | Japon\u00e9s | Kazajo | Jemer | Kirgu\u00eds | Kurdo | Lao | Let\u00f3n | Lingala | Lituano | Macedonio | Malayo | Malabar | Mandar\u00edn | Moldavo | Mongol | Montenegrino | Neerland\u00e9s | Noruego | Urdu | Uzbeko | Past\u00fan | Punyab\u00ed | Persa | Fula | Polaco | Portugu\u00e9s | Quechua | Rumano | Ruso | Serbio | Eslovaco | Esloveno | Sueco | Tamil | Checo | Tailand\u00e9s | Turco | Turcomano | Ucraniano | Vietnamita<\/p>\n<h3>Aqu\u00ed tiene una lista no exhaustiva de documentos:<\/h3>\n<p style=\"text-align: justify;\">Certificado de nacimiento | Certificado de matrimonio | Certificado de estado civil | Atestado | Patente | Certificado de antecedentes penales | Certificado | Certificado de solter\u00eda | Certificado de defunci\u00f3n | Libro de familia | Certificado de trabajo | Declaraci\u00f3n de la renta | Diploma | Pasaporte | Permiso de conducir | Testamento | Visado | Contrato | Convenio regulador de divorcio | Capitulaciones matrimoniales | Sentencia | Procedimiento | Poder notarial | Acta<\/p>\n<h3><strong>Tipos comunes de certificaciones\/legalizaciones para traducciones (Espa\u00f1a):<\/strong><\/h3>\n<ul>\n<li style=\"text-align: justify;\"><strong>Traducci\u00f3n certificada:<\/strong> proporcionamos la traducci\u00f3n con nuestro sello y firma.<\/li>\n<li style=\"text-align: justify;\"><strong>Traducci\u00f3n jurada:<\/strong> proporcionamos traducciones juradas realizadas por un traductor experto acreditado ante la sede judicial.<\/li>\n<li style=\"text-align: justify;\"><strong>Traducci\u00f3n jurada:<\/strong> debe estar firmada y sellada por un traductor-int\u00e9rprete jurado, acreditado por el MAEC.<\/li>\n<li style=\"text-align: justify;\"><strong>Traducci\u00f3n legalizada:<\/strong> el notario legaliza la firma del traductor en la traducci\u00f3n.<\/li>\n<li style=\"text-align: justify;\"><strong>Traducci\u00f3n con apostilla:<\/strong> la canciller\u00eda legaliza la firma del notario.<\/li>\n<li style=\"text-align: justify;\"><strong>Traducci\u00f3n legalizada por una embajada o un consulado:<\/strong> la embajada o el consulado legalizan la traducci\u00f3n para su uso en el extranjero.<\/li>\n<\/ul>\n<h3><strong>Tipos comunes de legalizaciones para uso oficial (Espa\u00f1a):<\/strong><\/h3>\n<ul>\n<li style=\"text-align: justify;\">Legalizaci\u00f3n mediante apostilla: los pa\u00edses que han firmado el Convenio de La Haya reconocen la validez de un documento sin el visado de un consulado o embajada, siempre que lleve la legalizaci\u00f3n mediante apostilla.<\/li>\n<li style=\"text-align: justify;\">Legalizaci\u00f3n por una embajada o un consulado: para que los documentos sean v\u00e1lidos en algunos pa\u00edses como China, deben ser legalizados en la embajada o el consulado. Todos los documentos deben ser previamente legalizados por un notario y por la canciller\u00eda\/prefectura antes de que la embajada o el consulado puedan estampar su legalizaci\u00f3n correspondiente.<\/li>\n<li style=\"text-align: justify;\">Copia certificada aut\u00e9ntica: una copia certificada, tambi\u00e9n denominada\u00a0<em>vidimus<\/em> o brevete, es una copia cuya fidelidad respecto del documento original ha sido reconocida por un notario. Cuando los documentos originales han sido emitidos por autoridades extranjeras, algunas instituciones piden copias certificadas que hayan sido autenticadas por un notario. Lo mismo ocurre con los documentos destinados al extranjero.<\/li>\n<li style=\"text-align: justify;\">Visado: un visado es una legalizaci\u00f3n realizada sobre una copia del original. En caso de no estar en posesi\u00f3n del original, podemos legalizar la copia.<\/li>\n<li style=\"text-align: justify;\">Legalizaci\u00f3n de firma: al legalizar una firma, el notario certifica su autenticidad; la firma que aparece al pie de un documento corresponde a la persona que declara haberlo firmado. Este procedimiento se utiliza principalmente para los poderes notariales.<\/li>\n<\/ul>\n<p style=\"text-align: justify;\">Como resultado de lo anteriormente expuesto y gracias a la certificaci\u00f3n adecuada, las traducciones y legalizaciones ser\u00e1n aceptadas en Espa\u00f1a y en el extranjero. Para cualquier consulta sobre el tipo de certificaci\u00f3n o legalizaci\u00f3n que necesita para sus documentos, no dude en ponerse en contacto con nuestro equipo. Le guiaremos a lo largo del proceso (Espa\u00f1a).<\/p>\n<p style=\"text-align: justify;\">Esperamos poder colaborar con usted.<\/p>\n<p data-start=\"5679\" data-end=\"5704\"><a href=\"https:\/\/abc-office.eu\/es\/\"><strong data-start=\"5679\" data-end=\"5702\">ABC Translation LLC<\/strong><\/a><\/p>\n<p data-start=\"5679\" data-end=\"5704\"><img loading=\"lazy\" decoding=\"async\" class=\"aligncenter wp-image-271\" src=\"https:\/\/abc-office.ch\/wp-content\/uploads\/2018\/06\/imageedit_1_6241191614.gif\" alt=\"Espa\u00f1a\" width=\"437\" height=\"437\" \/><\/p>\n","protected":false},"excerpt":{"rendered":"<p>Espa\u00f1a Nuestra agencia de traducci\u00f3n y legalizaci\u00f3n est\u00e1 especializada en traducciones certificadas y juradas en m\u00e1s de 80 idiomas, as\u00ed como en legalizaciones. Nuestro equipo con sede en Espa\u00f1a puede procesar r\u00e1pidamente su solicitud. Solo necesitamos recibir una copia de los documentos que deban traducirse (se aceptan todos los formatos). Los documentos originales ya no&#8230;<\/p>\n","protected":false},"author":1,"featured_media":225886,"parent":0,"menu_order":0,"comment_status":"closed","ping_status":"closed","template":"","meta":{"sfsi_plus_gutenberg_text_before_share":"","sfsi_plus_gutenberg_show_text_before_share":"","sfsi_plus_gutenberg_icon_type":"","sfsi_plus_gutenberg_icon_alignemt":"","sfsi_plus_gutenburg_max_per_row":"","footnotes":""},"class_list":["post-225885","page","type-page","status-publish","has-post-thumbnail","hentry"],"yoast_head":"<!-- This site is optimized with the Yoast SEO plugin v23.8 - https:\/\/yoast.com\/wordpress\/plugins\/seo\/ -->\n<title>Traducci\u00f3n certificada Espa\u00f1a l Traductor jurado Espa\u00f1a<\/title>\n<meta name=\"description\" content=\"ABC Translation l Traducci\u00f3n certificada Espa\u00f1a l Traductor jurado Espa\u00f1a l Legalizaci\u00f3n notarial l Apostilla l Consulado l Embajada\" \/>\n<meta name=\"robots\" content=\"index, follow, max-snippet:-1, max-image-preview:large, max-video-preview:-1\" \/>\n<link rel=\"canonical\" href=\"https:\/\/abc-office.eu\/es\/espana\/\" \/>\n<meta property=\"og:locale\" content=\"es_ES\" \/>\n<meta property=\"og:type\" content=\"article\" \/>\n<meta property=\"og:title\" content=\"Traducci\u00f3n certificada Espa\u00f1a l Traductor jurado Espa\u00f1a\" \/>\n<meta property=\"og:description\" content=\"ABC Translation l Traducci\u00f3n certificada Espa\u00f1a l Traductor jurado Espa\u00f1a l Legalizaci\u00f3n notarial l Apostilla l Consulado l Embajada\" \/>\n<meta property=\"og:url\" content=\"https:\/\/abc-office.eu\/es\/espana\/\" \/>\n<meta property=\"og:site_name\" content=\"ABC Translation\" \/>\n<meta property=\"article:modified_time\" content=\"2025-10-15T04:02:40+00:00\" \/>\n<meta property=\"og:image\" content=\"https:\/\/abc-office.eu\/wp-content\/uploads\/2025\/10\/Spain-768x512-1.png\" \/>\n\t<meta property=\"og:image:width\" content=\"768\" \/>\n\t<meta property=\"og:image:height\" content=\"512\" \/>\n\t<meta property=\"og:image:type\" content=\"image\/png\" \/>\n<meta name=\"twitter:card\" content=\"summary_large_image\" \/>\n<meta name=\"twitter:label1\" content=\"Tiempo de lectura\" \/>\n\t<meta name=\"twitter:data1\" content=\"5 minutos\" \/>\n<script type=\"application\/ld+json\" class=\"yoast-schema-graph\">{\"@context\":\"https:\/\/schema.org\",\"@graph\":[{\"@type\":\"WebPage\",\"@id\":\"https:\/\/abc-office.eu\/es\/espana\/\",\"url\":\"https:\/\/abc-office.eu\/es\/espana\/\",\"name\":\"Traducci\u00f3n certificada Espa\u00f1a l Traductor jurado Espa\u00f1a\",\"isPartOf\":{\"@id\":\"https:\/\/abc-office.eu\/es\/#website\"},\"primaryImageOfPage\":{\"@id\":\"https:\/\/abc-office.eu\/es\/espana\/#primaryimage\"},\"image\":{\"@id\":\"https:\/\/abc-office.eu\/es\/espana\/#primaryimage\"},\"thumbnailUrl\":\"https:\/\/abc-office.eu\/wp-content\/uploads\/2025\/10\/Spain-768x512-1.png\",\"datePublished\":\"2023-09-08T07:36:10+00:00\",\"dateModified\":\"2025-10-15T04:02:40+00:00\",\"description\":\"ABC Translation l Traducci\u00f3n certificada Espa\u00f1a l Traductor jurado Espa\u00f1a l Legalizaci\u00f3n notarial l Apostilla l Consulado l Embajada\",\"breadcrumb\":{\"@id\":\"https:\/\/abc-office.eu\/es\/espana\/#breadcrumb\"},\"inLanguage\":\"es\",\"potentialAction\":[{\"@type\":\"ReadAction\",\"target\":[\"https:\/\/abc-office.eu\/es\/espana\/\"]}]},{\"@type\":\"ImageObject\",\"inLanguage\":\"es\",\"@id\":\"https:\/\/abc-office.eu\/es\/espana\/#primaryimage\",\"url\":\"https:\/\/abc-office.eu\/wp-content\/uploads\/2025\/10\/Spain-768x512-1.png\",\"contentUrl\":\"https:\/\/abc-office.eu\/wp-content\/uploads\/2025\/10\/Spain-768x512-1.png\",\"width\":768,\"height\":512},{\"@type\":\"BreadcrumbList\",\"@id\":\"https:\/\/abc-office.eu\/es\/espana\/#breadcrumb\",\"itemListElement\":[{\"@type\":\"ListItem\",\"position\":1,\"name\":\"Accueil\",\"item\":\"https:\/\/abc-office.eu\/es\/\"},{\"@type\":\"ListItem\",\"position\":2,\"name\":\"Espa\u00f1a\"}]},{\"@type\":\"WebSite\",\"@id\":\"https:\/\/abc-office.eu\/es\/#website\",\"url\":\"https:\/\/abc-office.eu\/es\/\",\"name\":\"ABC Translation\",\"description\":\"info@abc-office.eu\",\"potentialAction\":[{\"@type\":\"SearchAction\",\"target\":{\"@type\":\"EntryPoint\",\"urlTemplate\":\"https:\/\/abc-office.eu\/es\/?s={search_term_string}\"},\"query-input\":{\"@type\":\"PropertyValueSpecification\",\"valueRequired\":true,\"valueName\":\"search_term_string\"}}],\"inLanguage\":\"es\"}]}<\/script>\n<!-- \/ Yoast SEO plugin. -->","yoast_head_json":{"title":"Traducci\u00f3n certificada Espa\u00f1a l Traductor jurado Espa\u00f1a","description":"ABC Translation l Traducci\u00f3n certificada Espa\u00f1a l Traductor jurado Espa\u00f1a l Legalizaci\u00f3n notarial l Apostilla l Consulado l Embajada","robots":{"index":"index","follow":"follow","max-snippet":"max-snippet:-1","max-image-preview":"max-image-preview:large","max-video-preview":"max-video-preview:-1"},"canonical":"https:\/\/abc-office.eu\/es\/espana\/","og_locale":"es_ES","og_type":"article","og_title":"Traducci\u00f3n certificada Espa\u00f1a l Traductor jurado Espa\u00f1a","og_description":"ABC Translation l Traducci\u00f3n certificada Espa\u00f1a l Traductor jurado Espa\u00f1a l Legalizaci\u00f3n notarial l Apostilla l Consulado l Embajada","og_url":"https:\/\/abc-office.eu\/es\/espana\/","og_site_name":"ABC Translation","article_modified_time":"2025-10-15T04:02:40+00:00","og_image":[{"width":768,"height":512,"url":"https:\/\/abc-office.eu\/wp-content\/uploads\/2025\/10\/Spain-768x512-1.png","type":"image\/png"}],"twitter_card":"summary_large_image","twitter_misc":{"Tiempo de lectura":"5 minutos"},"schema":{"@context":"https:\/\/schema.org","@graph":[{"@type":"WebPage","@id":"https:\/\/abc-office.eu\/es\/espana\/","url":"https:\/\/abc-office.eu\/es\/espana\/","name":"Traducci\u00f3n certificada Espa\u00f1a l Traductor jurado Espa\u00f1a","isPartOf":{"@id":"https:\/\/abc-office.eu\/es\/#website"},"primaryImageOfPage":{"@id":"https:\/\/abc-office.eu\/es\/espana\/#primaryimage"},"image":{"@id":"https:\/\/abc-office.eu\/es\/espana\/#primaryimage"},"thumbnailUrl":"https:\/\/abc-office.eu\/wp-content\/uploads\/2025\/10\/Spain-768x512-1.png","datePublished":"2023-09-08T07:36:10+00:00","dateModified":"2025-10-15T04:02:40+00:00","description":"ABC Translation l Traducci\u00f3n certificada Espa\u00f1a l Traductor jurado Espa\u00f1a l Legalizaci\u00f3n notarial l Apostilla l Consulado l Embajada","breadcrumb":{"@id":"https:\/\/abc-office.eu\/es\/espana\/#breadcrumb"},"inLanguage":"es","potentialAction":[{"@type":"ReadAction","target":["https:\/\/abc-office.eu\/es\/espana\/"]}]},{"@type":"ImageObject","inLanguage":"es","@id":"https:\/\/abc-office.eu\/es\/espana\/#primaryimage","url":"https:\/\/abc-office.eu\/wp-content\/uploads\/2025\/10\/Spain-768x512-1.png","contentUrl":"https:\/\/abc-office.eu\/wp-content\/uploads\/2025\/10\/Spain-768x512-1.png","width":768,"height":512},{"@type":"BreadcrumbList","@id":"https:\/\/abc-office.eu\/es\/espana\/#breadcrumb","itemListElement":[{"@type":"ListItem","position":1,"name":"Accueil","item":"https:\/\/abc-office.eu\/es\/"},{"@type":"ListItem","position":2,"name":"Espa\u00f1a"}]},{"@type":"WebSite","@id":"https:\/\/abc-office.eu\/es\/#website","url":"https:\/\/abc-office.eu\/es\/","name":"ABC Translation","description":"info@abc-office.eu","potentialAction":[{"@type":"SearchAction","target":{"@type":"EntryPoint","urlTemplate":"https:\/\/abc-office.eu\/es\/?s={search_term_string}"},"query-input":{"@type":"PropertyValueSpecification","valueRequired":true,"valueName":"search_term_string"}}],"inLanguage":"es"}]}},"_links":{"self":[{"href":"https:\/\/abc-office.eu\/es\/wp-json\/wp\/v2\/pages\/225885","targetHints":{"allow":["GET"]}}],"collection":[{"href":"https:\/\/abc-office.eu\/es\/wp-json\/wp\/v2\/pages"}],"about":[{"href":"https:\/\/abc-office.eu\/es\/wp-json\/wp\/v2\/types\/page"}],"author":[{"embeddable":true,"href":"https:\/\/abc-office.eu\/es\/wp-json\/wp\/v2\/users\/1"}],"replies":[{"embeddable":true,"href":"https:\/\/abc-office.eu\/es\/wp-json\/wp\/v2\/comments?post=225885"}],"version-history":[{"count":3,"href":"https:\/\/abc-office.eu\/es\/wp-json\/wp\/v2\/pages\/225885\/revisions"}],"predecessor-version":[{"id":226851,"href":"https:\/\/abc-office.eu\/es\/wp-json\/wp\/v2\/pages\/225885\/revisions\/226851"}],"wp:featuredmedia":[{"embeddable":true,"href":"https:\/\/abc-office.eu\/es\/wp-json\/wp\/v2\/media\/225886"}],"wp:attachment":[{"href":"https:\/\/abc-office.eu\/es\/wp-json\/wp\/v2\/media?parent=225885"}],"curies":[{"name":"wp","href":"https:\/\/api.w.org\/{rel}","templated":true}]}}