{"id":225865,"date":"2022-04-25T10:26:44","date_gmt":"2022-04-25T08:26:44","guid":{"rendered":"https:\/\/abc-office.eu\/?page_id=225865"},"modified":"2025-10-15T05:56:14","modified_gmt":"2025-10-15T03:56:14","slug":"contacto","status":"publish","type":"page","link":"https:\/\/abc-office.eu\/es\/contacto\/","title":{"rendered":"Contacto"},"content":{"rendered":"<h2><strong>Contacto: sus agencias de traducci\u00f3n en la Uni\u00f3n Europea<\/strong><\/h2>\n<p>Correo electr\u00f3nico: <a class=\"decorated-link cursor-pointer\" href=\"mailto:info@abc-office.eu\" rel=\"noopener\" data-start=\"195\" data-end=\"213\">info@abc-office.eu<\/a><\/p>\n<h3 data-start=\"217\" data-end=\"238\"><strong data-start=\"217\" data-end=\"236\">ABC Translation<\/strong><\/h3>\n<p style=\"text-align: justify;\">Nuestros traductores y revisores tienen su sede en la Uni\u00f3n Europea y todos ellos cuentan con un t\u00edtulo de m\u00e1ster en Traducci\u00f3n. Est\u00e1n especializados en distintos \u00e1mbitos como el <em>marketing<\/em>, la econom\u00eda, la pol\u00edtica, el derecho y la medicina. Para obtener una respuesta r\u00e1pida a cualquier petici\u00f3n, complete el formulario que encontrar\u00e1 en el lado derecho de la pantalla. A continuaci\u00f3n, nuestro equipo le enviar\u00e1 un presupuesto que incluir\u00e1 el coste as\u00ed como el plazo de entrega de la traducci\u00f3n. Nuestro presupuesto incluye la traducci\u00f3n del texto as\u00ed como una revisi\u00f3n realizada por otro traductor con el fin de garantizar la calidad de la traducci\u00f3n. Una vez traducido y revisado el texto, se lo enviaremos por correo electr\u00f3nico o por correo postal en el caso de una traducci\u00f3n certificada.<\/p>\n<p style=\"text-align: justify;\">La calidad del trabajo debe ser impecable en el caso de una traducci\u00f3n. Gracias a nuestras principales bazas, que son la precisi\u00f3n, la eficacia y la puntualidad, colaboramos a diario con un gran n\u00famero de empresas y particulares. Nos encargamos de la traducci\u00f3n de sitios web, documentos oficiales y textos especializados.<\/p>\n<p style=\"text-align: justify;\">Establecemos nuestras tarifas a partir de un sistema preciso utilizado en la Uni\u00f3n Europea. Este procedimiento se ha implementado con el fin de establecer un sistema de precios que tenga en cuenta la dificultad del texto original. El precio puede calcularse por n\u00famero de palabras o por l\u00ednea de 55 caracteres. Dicho sistema permite una total transparencia hacia el cliente y facilita la elaboraci\u00f3n de presupuestos correctos. Trabajamos tanto con empresas como con particulares en toda la Uni\u00f3n Europea.<\/p>\n<p data-start=\"1313\" data-end=\"1770\"><img loading=\"lazy\" decoding=\"async\" class=\"aligncenter wp-image-28719\" src=\"https:\/\/abc-office.eu\/wp-content\/uploads\/2017\/02\/second_image-300x200.jpg\" alt=\"Contacto\" width=\"715\" height=\"476\" srcset=\"https:\/\/abc-office.eu\/wp-content\/uploads\/2017\/02\/second_image-300x200.jpg 300w, https:\/\/abc-office.eu\/wp-content\/uploads\/2017\/02\/second_image-1024x682.jpg 1024w, https:\/\/abc-office.eu\/wp-content\/uploads\/2017\/02\/second_image-768x512.jpg 768w, https:\/\/abc-office.eu\/wp-content\/uploads\/2017\/02\/second_image-1080x720.jpg 1080w, https:\/\/abc-office.eu\/wp-content\/uploads\/2017\/02\/second_image-1280x853.jpg 1280w, https:\/\/abc-office.eu\/wp-content\/uploads\/2017\/02\/second_image-980x653.jpg 980w, https:\/\/abc-office.eu\/wp-content\/uploads\/2017\/02\/second_image-480x320.jpg 480w, https:\/\/abc-office.eu\/wp-content\/uploads\/2017\/02\/second_image.jpg 1400w\" sizes=\"auto, (max-width: 715px) 100vw, 715px\" \/><\/p>\n","protected":false},"excerpt":{"rendered":"<p>Contacto: sus agencias de traducci\u00f3n en la Uni\u00f3n Europea Correo electr\u00f3nico: info@abc-office.eu ABC Translation Nuestros traductores y revisores tienen su sede en la Uni\u00f3n Europea y todos ellos cuentan con un t\u00edtulo de m\u00e1ster en Traducci\u00f3n. Est\u00e1n especializados en distintos \u00e1mbitos como el marketing, la econom\u00eda, la pol\u00edtica, el derecho y la medicina. Para obtener&#8230;<\/p>\n","protected":false},"author":1,"featured_media":225866,"parent":0,"menu_order":0,"comment_status":"closed","ping_status":"closed","template":"","meta":{"sfsi_plus_gutenberg_text_before_share":"","sfsi_plus_gutenberg_show_text_before_share":"","sfsi_plus_gutenberg_icon_type":"","sfsi_plus_gutenberg_icon_alignemt":"","sfsi_plus_gutenburg_max_per_row":"","footnotes":""},"class_list":["post-225865","page","type-page","status-publish","has-post-thumbnail","hentry"],"yoast_head":"<!-- This site is optimized with the Yoast SEO plugin v23.8 - https:\/\/yoast.com\/wordpress\/plugins\/seo\/ -->\n<title>Contacto traducci\u00f3n l Traductor l Uni\u00f3n Europea l Reino Unido<\/title>\n<meta name=\"description\" content=\"ABC Translation: Contacto | Traducci\u00f3n de sitios web | Traducci\u00f3n de documentos oficiales | Traducci\u00f3n especializada | Uni\u00f3n Europea\" \/>\n<meta name=\"robots\" content=\"index, follow, max-snippet:-1, max-image-preview:large, max-video-preview:-1\" \/>\n<link rel=\"canonical\" href=\"https:\/\/abc-office.eu\/es\/contacto\/\" \/>\n<meta property=\"og:locale\" content=\"es_ES\" \/>\n<meta property=\"og:type\" content=\"article\" \/>\n<meta property=\"og:title\" content=\"Contacto traducci\u00f3n l Traductor l Uni\u00f3n Europea l Reino Unido\" \/>\n<meta property=\"og:description\" content=\"ABC Translation: Contacto | Traducci\u00f3n de sitios web | Traducci\u00f3n de documentos oficiales | Traducci\u00f3n especializada | Uni\u00f3n Europea\" \/>\n<meta property=\"og:url\" content=\"https:\/\/abc-office.eu\/es\/contacto\/\" \/>\n<meta property=\"og:site_name\" content=\"ABC Translation\" \/>\n<meta property=\"article:modified_time\" content=\"2025-10-15T03:56:14+00:00\" \/>\n<meta property=\"og:image\" content=\"https:\/\/abc-office.eu\/wp-content\/uploads\/2025\/10\/Flag_of_Europe-2-768x512-1.png\" \/>\n\t<meta property=\"og:image:width\" content=\"768\" \/>\n\t<meta property=\"og:image:height\" content=\"512\" \/>\n\t<meta property=\"og:image:type\" content=\"image\/png\" \/>\n<meta name=\"twitter:card\" content=\"summary_large_image\" \/>\n<meta name=\"twitter:label1\" content=\"Tiempo de lectura\" \/>\n\t<meta name=\"twitter:data1\" content=\"2 minutos\" \/>\n<script type=\"application\/ld+json\" class=\"yoast-schema-graph\">{\"@context\":\"https:\/\/schema.org\",\"@graph\":[{\"@type\":\"WebPage\",\"@id\":\"https:\/\/abc-office.eu\/es\/contacto\/\",\"url\":\"https:\/\/abc-office.eu\/es\/contacto\/\",\"name\":\"Contacto traducci\u00f3n l Traductor l Uni\u00f3n Europea l Reino Unido\",\"isPartOf\":{\"@id\":\"https:\/\/abc-office.eu\/es\/#website\"},\"primaryImageOfPage\":{\"@id\":\"https:\/\/abc-office.eu\/es\/contacto\/#primaryimage\"},\"image\":{\"@id\":\"https:\/\/abc-office.eu\/es\/contacto\/#primaryimage\"},\"thumbnailUrl\":\"https:\/\/abc-office.eu\/wp-content\/uploads\/2025\/10\/Flag_of_Europe-2-768x512-1.png\",\"datePublished\":\"2022-04-25T08:26:44+00:00\",\"dateModified\":\"2025-10-15T03:56:14+00:00\",\"description\":\"ABC Translation: Contacto | Traducci\u00f3n de sitios web | Traducci\u00f3n de documentos oficiales | Traducci\u00f3n especializada | Uni\u00f3n Europea\",\"breadcrumb\":{\"@id\":\"https:\/\/abc-office.eu\/es\/contacto\/#breadcrumb\"},\"inLanguage\":\"es\",\"potentialAction\":[{\"@type\":\"ReadAction\",\"target\":[\"https:\/\/abc-office.eu\/es\/contacto\/\"]}]},{\"@type\":\"ImageObject\",\"inLanguage\":\"es\",\"@id\":\"https:\/\/abc-office.eu\/es\/contacto\/#primaryimage\",\"url\":\"https:\/\/abc-office.eu\/wp-content\/uploads\/2025\/10\/Flag_of_Europe-2-768x512-1.png\",\"contentUrl\":\"https:\/\/abc-office.eu\/wp-content\/uploads\/2025\/10\/Flag_of_Europe-2-768x512-1.png\",\"width\":768,\"height\":512},{\"@type\":\"BreadcrumbList\",\"@id\":\"https:\/\/abc-office.eu\/es\/contacto\/#breadcrumb\",\"itemListElement\":[{\"@type\":\"ListItem\",\"position\":1,\"name\":\"Accueil\",\"item\":\"https:\/\/abc-office.eu\/es\/\"},{\"@type\":\"ListItem\",\"position\":2,\"name\":\"Contacto\"}]},{\"@type\":\"WebSite\",\"@id\":\"https:\/\/abc-office.eu\/es\/#website\",\"url\":\"https:\/\/abc-office.eu\/es\/\",\"name\":\"ABC Translation\",\"description\":\"info@abc-office.eu\",\"potentialAction\":[{\"@type\":\"SearchAction\",\"target\":{\"@type\":\"EntryPoint\",\"urlTemplate\":\"https:\/\/abc-office.eu\/es\/?s={search_term_string}\"},\"query-input\":{\"@type\":\"PropertyValueSpecification\",\"valueRequired\":true,\"valueName\":\"search_term_string\"}}],\"inLanguage\":\"es\"}]}<\/script>\n<!-- \/ Yoast SEO plugin. -->","yoast_head_json":{"title":"Contacto traducci\u00f3n l Traductor l Uni\u00f3n Europea l Reino Unido","description":"ABC Translation: Contacto | Traducci\u00f3n de sitios web | Traducci\u00f3n de documentos oficiales | Traducci\u00f3n especializada | Uni\u00f3n Europea","robots":{"index":"index","follow":"follow","max-snippet":"max-snippet:-1","max-image-preview":"max-image-preview:large","max-video-preview":"max-video-preview:-1"},"canonical":"https:\/\/abc-office.eu\/es\/contacto\/","og_locale":"es_ES","og_type":"article","og_title":"Contacto traducci\u00f3n l Traductor l Uni\u00f3n Europea l Reino Unido","og_description":"ABC Translation: Contacto | Traducci\u00f3n de sitios web | Traducci\u00f3n de documentos oficiales | Traducci\u00f3n especializada | Uni\u00f3n Europea","og_url":"https:\/\/abc-office.eu\/es\/contacto\/","og_site_name":"ABC Translation","article_modified_time":"2025-10-15T03:56:14+00:00","og_image":[{"width":768,"height":512,"url":"https:\/\/abc-office.eu\/wp-content\/uploads\/2025\/10\/Flag_of_Europe-2-768x512-1.png","type":"image\/png"}],"twitter_card":"summary_large_image","twitter_misc":{"Tiempo de lectura":"2 minutos"},"schema":{"@context":"https:\/\/schema.org","@graph":[{"@type":"WebPage","@id":"https:\/\/abc-office.eu\/es\/contacto\/","url":"https:\/\/abc-office.eu\/es\/contacto\/","name":"Contacto traducci\u00f3n l Traductor l Uni\u00f3n Europea l Reino Unido","isPartOf":{"@id":"https:\/\/abc-office.eu\/es\/#website"},"primaryImageOfPage":{"@id":"https:\/\/abc-office.eu\/es\/contacto\/#primaryimage"},"image":{"@id":"https:\/\/abc-office.eu\/es\/contacto\/#primaryimage"},"thumbnailUrl":"https:\/\/abc-office.eu\/wp-content\/uploads\/2025\/10\/Flag_of_Europe-2-768x512-1.png","datePublished":"2022-04-25T08:26:44+00:00","dateModified":"2025-10-15T03:56:14+00:00","description":"ABC Translation: Contacto | Traducci\u00f3n de sitios web | Traducci\u00f3n de documentos oficiales | Traducci\u00f3n especializada | Uni\u00f3n Europea","breadcrumb":{"@id":"https:\/\/abc-office.eu\/es\/contacto\/#breadcrumb"},"inLanguage":"es","potentialAction":[{"@type":"ReadAction","target":["https:\/\/abc-office.eu\/es\/contacto\/"]}]},{"@type":"ImageObject","inLanguage":"es","@id":"https:\/\/abc-office.eu\/es\/contacto\/#primaryimage","url":"https:\/\/abc-office.eu\/wp-content\/uploads\/2025\/10\/Flag_of_Europe-2-768x512-1.png","contentUrl":"https:\/\/abc-office.eu\/wp-content\/uploads\/2025\/10\/Flag_of_Europe-2-768x512-1.png","width":768,"height":512},{"@type":"BreadcrumbList","@id":"https:\/\/abc-office.eu\/es\/contacto\/#breadcrumb","itemListElement":[{"@type":"ListItem","position":1,"name":"Accueil","item":"https:\/\/abc-office.eu\/es\/"},{"@type":"ListItem","position":2,"name":"Contacto"}]},{"@type":"WebSite","@id":"https:\/\/abc-office.eu\/es\/#website","url":"https:\/\/abc-office.eu\/es\/","name":"ABC Translation","description":"info@abc-office.eu","potentialAction":[{"@type":"SearchAction","target":{"@type":"EntryPoint","urlTemplate":"https:\/\/abc-office.eu\/es\/?s={search_term_string}"},"query-input":{"@type":"PropertyValueSpecification","valueRequired":true,"valueName":"search_term_string"}}],"inLanguage":"es"}]}},"_links":{"self":[{"href":"https:\/\/abc-office.eu\/es\/wp-json\/wp\/v2\/pages\/225865","targetHints":{"allow":["GET"]}}],"collection":[{"href":"https:\/\/abc-office.eu\/es\/wp-json\/wp\/v2\/pages"}],"about":[{"href":"https:\/\/abc-office.eu\/es\/wp-json\/wp\/v2\/types\/page"}],"author":[{"embeddable":true,"href":"https:\/\/abc-office.eu\/es\/wp-json\/wp\/v2\/users\/1"}],"replies":[{"embeddable":true,"href":"https:\/\/abc-office.eu\/es\/wp-json\/wp\/v2\/comments?post=225865"}],"version-history":[{"count":3,"href":"https:\/\/abc-office.eu\/es\/wp-json\/wp\/v2\/pages\/225865\/revisions"}],"predecessor-version":[{"id":226849,"href":"https:\/\/abc-office.eu\/es\/wp-json\/wp\/v2\/pages\/225865\/revisions\/226849"}],"wp:featuredmedia":[{"embeddable":true,"href":"https:\/\/abc-office.eu\/es\/wp-json\/wp\/v2\/media\/225866"}],"wp:attachment":[{"href":"https:\/\/abc-office.eu\/es\/wp-json\/wp\/v2\/media?parent=225865"}],"curies":[{"name":"wp","href":"https:\/\/api.w.org\/{rel}","templated":true}]}}