{"id":225854,"date":"2022-04-25T09:58:57","date_gmt":"2022-04-25T07:58:57","guid":{"rendered":"https:\/\/abc-office.eu\/?page_id=225854"},"modified":"2025-10-15T05:54:37","modified_gmt":"2025-10-15T03:54:37","slug":"derecho","status":"publish","type":"page","link":"https:\/\/abc-office.eu\/es\/derecho\/","title":{"rendered":"Derecho"},"content":{"rendered":"<h2 data-start=\"111\" data-end=\"124\">Derecho<\/h2>\n<p style=\"text-align: justify;\">Nuestra empresa,\u00a0<strong>ABC Translation<\/strong>, est\u00e1 especializada en varios \u00e1mbitos que muy frecuentemente guardan relaci\u00f3n con el derecho de la Uni\u00f3n Europea y el derecho internacional. Trabajamos diariamente con notarios, abogados y asesores jur\u00eddicos. Podemos cubrir todas sus necesidades legales en toda la Uni\u00f3n Europea.<\/p>\n<h3 data-start=\"437\" data-end=\"451\"><strong data-start=\"437\" data-end=\"449\">Notario:<\/strong><\/h3>\n<p style=\"text-align: justify;\">Trabajamos en colaboraci\u00f3n con un notario para asesorarle y ofrecerle servicios de calidad en la redacci\u00f3n y legalizaci\u00f3n de todos sus documentos. Estamos especializados en \u00e1reas muy espec\u00edficas como el derecho de familia y de propiedad inmobiliaria, la gesti\u00f3n patrimonial, el derecho mercantil y societario, los asuntos relacionados con clientes internacionales o transfronterizos, poderes notariales y autenticaciones.<\/p>\n<h3 data-start=\"867\" data-end=\"892\">Bufete de abogados:<\/h3>\n<p style=\"text-align: justify;\">Nuestro despacho re\u00fane a abogados que han trabajado en bancos, multinacionales, fiduciarias internacionales y firmas jur\u00eddicas en la Uni\u00f3n Europea y en el extranjero. Est\u00e1n especializados en los siguientes \u00e1mbitos: laboral, despido, arrendamiento, cargas, revisiones, permisos, desahucios, contratos locales e internacionales, transacciones, distribuci\u00f3n, compraventa, franquicias, competencia, sociedades, fondos de comercio, transferencias, familia, divorcios, sucesiones, testamentos, indivisiones, repartos, balances, sector inmobiliario, copropiedad, construcci\u00f3n, peritajes, fusiones y adquisiciones (<em>M&amp;A<\/em>), garant\u00edas de responsabilidad o pasivo, derecho penal, mercantil, falsificaciones, estafas, <em>ABS<\/em>, banca, pr\u00e9stamos, oposici\u00f3n, seguros, cobros, ejecuciones, da\u00f1os y perjuicios, dep\u00f3sitos y fianzas, embargos, garant\u00edas a primera demanda, inform\u00e1tica, Internet, sitios web, licencias, responsabilidad, \u00e9tica y deontolog\u00eda, profesiones, empresas en dificultades, liquidaciones y derecho p\u00fablico.<\/p>\n<h3 data-start=\"1862\" data-end=\"1896\">Asesor jur\u00eddico (Solicitor):<\/h3>\n<p style=\"text-align: justify;\">Los asesores jur\u00eddicos de nuestro equipo son consultados a diario para todas las cuestiones relacionadas con el derecho (comercial, fiscal, medioambiental, etc.). De modo preventivo, asesoran, por ejemplo, en la redacci\u00f3n y negociaci\u00f3n de contratos. En caso de litigio, intervienen guiando la estrategia, aunque no representan a los clientes ante los tribunales, al no ser miembros de un colegio de abogados. Por \u00faltimo, garantizan la legalidad de los diversos procedimientos de toma de decisiones dentro de la empresa, por ejemplo, preparando las reuniones del consejo de administraci\u00f3n.<\/p>\n<h3 data-start=\"2477\" data-end=\"2506\">Asesoramiento jur\u00eddico:<\/h3>\n<p style=\"text-align: justify;\">El asesoramiento jur\u00eddico de nuestro despacho brinda a cualquier persona, independientemente de sus ingresos, la posibilidad de recibir los consejos y la informaci\u00f3n que prestan los abogados y asesores jur\u00eddicos de nuestro departamento legal y que son an\u00f3nimos, confidenciales y est\u00e1n disponibles para todos.<\/p>\n<p data-start=\"2508\" data-end=\"2808\"><img loading=\"lazy\" decoding=\"async\" class=\"aligncenter wp-image-141\" src=\"https:\/\/abc-office.ch\/wp-content\/uploads\/2018\/06\/Droit11-300x225.jpg\" alt=\"Derecho\" width=\"383\" height=\"287\" \/><\/p>\n","protected":false},"excerpt":{"rendered":"<p>Derecho Nuestra empresa,\u00a0ABC Translation, est\u00e1 especializada en varios \u00e1mbitos que muy frecuentemente guardan relaci\u00f3n con el derecho de la Uni\u00f3n Europea y el derecho internacional. Trabajamos diariamente con notarios, abogados y asesores jur\u00eddicos. Podemos cubrir todas sus necesidades legales en toda la Uni\u00f3n Europea. Notario: Trabajamos en colaboraci\u00f3n con un notario para asesorarle y ofrecerle&#8230;<\/p>\n","protected":false},"author":1,"featured_media":225855,"parent":0,"menu_order":0,"comment_status":"closed","ping_status":"closed","template":"","meta":{"sfsi_plus_gutenberg_text_before_share":"","sfsi_plus_gutenberg_show_text_before_share":"","sfsi_plus_gutenberg_icon_type":"","sfsi_plus_gutenberg_icon_alignemt":"","sfsi_plus_gutenburg_max_per_row":"","footnotes":""},"class_list":["post-225854","page","type-page","status-publish","has-post-thumbnail","hentry"],"yoast_head":"<!-- This site is optimized with the Yoast SEO plugin v23.8 - https:\/\/yoast.com\/wordpress\/plugins\/seo\/ -->\n<title>Derecho l ABC Translation l Notario l Bufete de abogados l Asesor<\/title>\n<meta name=\"description\" content=\"ABC Translation l Derecho l Notario l Bufete de abogados l Asesor jur\u00eddico l Asesoramiento jur\u00eddico l Uni\u00f3n Europea e internacional\" \/>\n<meta name=\"robots\" content=\"index, follow, max-snippet:-1, max-image-preview:large, max-video-preview:-1\" \/>\n<link rel=\"canonical\" href=\"https:\/\/abc-office.eu\/es\/derecho\/\" \/>\n<meta property=\"og:locale\" content=\"es_ES\" \/>\n<meta property=\"og:type\" content=\"article\" \/>\n<meta property=\"og:title\" content=\"Derecho l ABC Translation l Notario l Bufete de abogados l Asesor\" \/>\n<meta property=\"og:description\" content=\"ABC Translation l Derecho l Notario l Bufete de abogados l Asesor jur\u00eddico l Asesoramiento jur\u00eddico l Uni\u00f3n Europea e internacional\" \/>\n<meta property=\"og:url\" content=\"https:\/\/abc-office.eu\/es\/derecho\/\" \/>\n<meta property=\"og:site_name\" content=\"ABC Translation\" \/>\n<meta property=\"article:modified_time\" content=\"2025-10-15T03:54:37+00:00\" \/>\n<meta property=\"og:image\" content=\"https:\/\/abc-office.eu\/wp-content\/uploads\/2025\/10\/Droit1-768x432-1.jpg\" \/>\n\t<meta property=\"og:image:width\" content=\"768\" \/>\n\t<meta property=\"og:image:height\" content=\"432\" \/>\n\t<meta property=\"og:image:type\" content=\"image\/jpeg\" \/>\n<meta name=\"twitter:card\" content=\"summary_large_image\" \/>\n<meta name=\"twitter:label1\" content=\"Tiempo de lectura\" \/>\n\t<meta name=\"twitter:data1\" content=\"2 minutos\" \/>\n<script type=\"application\/ld+json\" class=\"yoast-schema-graph\">{\"@context\":\"https:\/\/schema.org\",\"@graph\":[{\"@type\":\"WebPage\",\"@id\":\"https:\/\/abc-office.eu\/es\/derecho\/\",\"url\":\"https:\/\/abc-office.eu\/es\/derecho\/\",\"name\":\"Derecho l ABC Translation l Notario l Bufete de abogados l Asesor\",\"isPartOf\":{\"@id\":\"https:\/\/abc-office.eu\/es\/#website\"},\"primaryImageOfPage\":{\"@id\":\"https:\/\/abc-office.eu\/es\/derecho\/#primaryimage\"},\"image\":{\"@id\":\"https:\/\/abc-office.eu\/es\/derecho\/#primaryimage\"},\"thumbnailUrl\":\"https:\/\/abc-office.eu\/wp-content\/uploads\/2025\/10\/Droit1-768x432-1.jpg\",\"datePublished\":\"2022-04-25T07:58:57+00:00\",\"dateModified\":\"2025-10-15T03:54:37+00:00\",\"description\":\"ABC Translation l Derecho l Notario l Bufete de abogados l Asesor jur\u00eddico l Asesoramiento jur\u00eddico l Uni\u00f3n Europea e internacional\",\"breadcrumb\":{\"@id\":\"https:\/\/abc-office.eu\/es\/derecho\/#breadcrumb\"},\"inLanguage\":\"es\",\"potentialAction\":[{\"@type\":\"ReadAction\",\"target\":[\"https:\/\/abc-office.eu\/es\/derecho\/\"]}]},{\"@type\":\"ImageObject\",\"inLanguage\":\"es\",\"@id\":\"https:\/\/abc-office.eu\/es\/derecho\/#primaryimage\",\"url\":\"https:\/\/abc-office.eu\/wp-content\/uploads\/2025\/10\/Droit1-768x432-1.jpg\",\"contentUrl\":\"https:\/\/abc-office.eu\/wp-content\/uploads\/2025\/10\/Droit1-768x432-1.jpg\",\"width\":768,\"height\":432},{\"@type\":\"BreadcrumbList\",\"@id\":\"https:\/\/abc-office.eu\/es\/derecho\/#breadcrumb\",\"itemListElement\":[{\"@type\":\"ListItem\",\"position\":1,\"name\":\"Accueil\",\"item\":\"https:\/\/abc-office.eu\/es\/\"},{\"@type\":\"ListItem\",\"position\":2,\"name\":\"Derecho\"}]},{\"@type\":\"WebSite\",\"@id\":\"https:\/\/abc-office.eu\/es\/#website\",\"url\":\"https:\/\/abc-office.eu\/es\/\",\"name\":\"ABC Translation\",\"description\":\"info@abc-office.eu\",\"potentialAction\":[{\"@type\":\"SearchAction\",\"target\":{\"@type\":\"EntryPoint\",\"urlTemplate\":\"https:\/\/abc-office.eu\/es\/?s={search_term_string}\"},\"query-input\":{\"@type\":\"PropertyValueSpecification\",\"valueRequired\":true,\"valueName\":\"search_term_string\"}}],\"inLanguage\":\"es\"}]}<\/script>\n<!-- \/ Yoast SEO plugin. -->","yoast_head_json":{"title":"Derecho l ABC Translation l Notario l Bufete de abogados l Asesor","description":"ABC Translation l Derecho l Notario l Bufete de abogados l Asesor jur\u00eddico l Asesoramiento jur\u00eddico l Uni\u00f3n Europea e internacional","robots":{"index":"index","follow":"follow","max-snippet":"max-snippet:-1","max-image-preview":"max-image-preview:large","max-video-preview":"max-video-preview:-1"},"canonical":"https:\/\/abc-office.eu\/es\/derecho\/","og_locale":"es_ES","og_type":"article","og_title":"Derecho l ABC Translation l Notario l Bufete de abogados l Asesor","og_description":"ABC Translation l Derecho l Notario l Bufete de abogados l Asesor jur\u00eddico l Asesoramiento jur\u00eddico l Uni\u00f3n Europea e internacional","og_url":"https:\/\/abc-office.eu\/es\/derecho\/","og_site_name":"ABC Translation","article_modified_time":"2025-10-15T03:54:37+00:00","og_image":[{"width":768,"height":432,"url":"https:\/\/abc-office.eu\/wp-content\/uploads\/2025\/10\/Droit1-768x432-1.jpg","type":"image\/jpeg"}],"twitter_card":"summary_large_image","twitter_misc":{"Tiempo de lectura":"2 minutos"},"schema":{"@context":"https:\/\/schema.org","@graph":[{"@type":"WebPage","@id":"https:\/\/abc-office.eu\/es\/derecho\/","url":"https:\/\/abc-office.eu\/es\/derecho\/","name":"Derecho l ABC Translation l Notario l Bufete de abogados l Asesor","isPartOf":{"@id":"https:\/\/abc-office.eu\/es\/#website"},"primaryImageOfPage":{"@id":"https:\/\/abc-office.eu\/es\/derecho\/#primaryimage"},"image":{"@id":"https:\/\/abc-office.eu\/es\/derecho\/#primaryimage"},"thumbnailUrl":"https:\/\/abc-office.eu\/wp-content\/uploads\/2025\/10\/Droit1-768x432-1.jpg","datePublished":"2022-04-25T07:58:57+00:00","dateModified":"2025-10-15T03:54:37+00:00","description":"ABC Translation l Derecho l Notario l Bufete de abogados l Asesor jur\u00eddico l Asesoramiento jur\u00eddico l Uni\u00f3n Europea e internacional","breadcrumb":{"@id":"https:\/\/abc-office.eu\/es\/derecho\/#breadcrumb"},"inLanguage":"es","potentialAction":[{"@type":"ReadAction","target":["https:\/\/abc-office.eu\/es\/derecho\/"]}]},{"@type":"ImageObject","inLanguage":"es","@id":"https:\/\/abc-office.eu\/es\/derecho\/#primaryimage","url":"https:\/\/abc-office.eu\/wp-content\/uploads\/2025\/10\/Droit1-768x432-1.jpg","contentUrl":"https:\/\/abc-office.eu\/wp-content\/uploads\/2025\/10\/Droit1-768x432-1.jpg","width":768,"height":432},{"@type":"BreadcrumbList","@id":"https:\/\/abc-office.eu\/es\/derecho\/#breadcrumb","itemListElement":[{"@type":"ListItem","position":1,"name":"Accueil","item":"https:\/\/abc-office.eu\/es\/"},{"@type":"ListItem","position":2,"name":"Derecho"}]},{"@type":"WebSite","@id":"https:\/\/abc-office.eu\/es\/#website","url":"https:\/\/abc-office.eu\/es\/","name":"ABC Translation","description":"info@abc-office.eu","potentialAction":[{"@type":"SearchAction","target":{"@type":"EntryPoint","urlTemplate":"https:\/\/abc-office.eu\/es\/?s={search_term_string}"},"query-input":{"@type":"PropertyValueSpecification","valueRequired":true,"valueName":"search_term_string"}}],"inLanguage":"es"}]}},"_links":{"self":[{"href":"https:\/\/abc-office.eu\/es\/wp-json\/wp\/v2\/pages\/225854","targetHints":{"allow":["GET"]}}],"collection":[{"href":"https:\/\/abc-office.eu\/es\/wp-json\/wp\/v2\/pages"}],"about":[{"href":"https:\/\/abc-office.eu\/es\/wp-json\/wp\/v2\/types\/page"}],"author":[{"embeddable":true,"href":"https:\/\/abc-office.eu\/es\/wp-json\/wp\/v2\/users\/1"}],"replies":[{"embeddable":true,"href":"https:\/\/abc-office.eu\/es\/wp-json\/wp\/v2\/comments?post=225854"}],"version-history":[{"count":3,"href":"https:\/\/abc-office.eu\/es\/wp-json\/wp\/v2\/pages\/225854\/revisions"}],"predecessor-version":[{"id":226847,"href":"https:\/\/abc-office.eu\/es\/wp-json\/wp\/v2\/pages\/225854\/revisions\/226847"}],"wp:featuredmedia":[{"embeddable":true,"href":"https:\/\/abc-office.eu\/es\/wp-json\/wp\/v2\/media\/225855"}],"wp:attachment":[{"href":"https:\/\/abc-office.eu\/es\/wp-json\/wp\/v2\/media?parent=225854"}],"curies":[{"name":"wp","href":"https:\/\/api.w.org\/{rel}","templated":true}]}}