{"id":225843,"date":"2017-02-16T09:16:01","date_gmt":"2017-02-16T08:16:01","guid":{"rendered":"https:\/\/abc-office.eu\/?page_id=225843"},"modified":"2025-10-15T05:52:50","modified_gmt":"2025-10-15T03:52:50","slug":"inmobiliaria","status":"publish","type":"page","link":"https:\/\/abc-office.eu\/es\/inmobiliaria\/","title":{"rendered":"Inmobiliaria"},"content":{"rendered":"<h2>Inmobiliaria<\/h2>\n<p style=\"text-align: justify;\">Nuestra agencia inmobiliaria,\u00a0<strong>ABC Translation<\/strong>, comenz\u00f3 su andadura en 2017 con la compra de un apartamento de 5,5 habitaciones en Suiza para convertirlo en una residencia internacional de estudiantes. En efecto, con la Universidad de Lausana y la EPFL cerca, la residencia se convirti\u00f3 en un \u00e9xito desde su inauguraci\u00f3n en septiembre de 2017. Los 4 dormitorios disponibles se alquilaron a los pocos d\u00edas y as\u00ed naci\u00f3 nuestro departamento inmobiliario.<\/p>\n<p style=\"text-align: justify;\">Desde esta primera experiencia, hemos seguido creciendo y ahora somos capaces de gestionar la compra, venta, alquiler y administraci\u00f3n de su propiedad tanto en Suiza como en el extranjero.<\/p>\n<h3 data-start=\"745\" data-end=\"758\">Compra:<\/h3>\n<p style=\"text-align: justify;\">Comprar una propiedad es una decisi\u00f3n extremadamente importante que influir\u00e1 en su futuro durante varios a\u00f1os. Una decisi\u00f3n as\u00ed no debe tomarse a la ligera. Por eso es importante elegir al socio adecuado que pueda asesorarle sobre varios puntos importantes como el estado de la propiedad, el c\u00e1lculo de la hipoteca y la viabilidad de la inversi\u00f3n a largo plazo. Un an\u00e1lisis certero de la situaci\u00f3n garantizar\u00e1 una compra sana y segura.<\/p>\n<h3 data-start=\"1196\" data-end=\"1208\"><strong data-start=\"1196\" data-end=\"1206\">Venta:<\/strong><\/h3>\n<p style=\"text-align: justify;\">El mercado inmobiliario en Suiza no ha dejado de crecer, con precios en constante aumento. Hemos llegado a un momento decisivo en el que la oferta supera a la demanda, lo que dificulta la venta de su propiedad dada la cantidad de viviendas disponibles. Al recurrir a un experto, aumentar\u00e1 las posibilidades de vender su propiedad en menos tiempo y al precio deseado. Aproveche nuestra red en toda Suiza e internacionalmente para aumentar sus posibilidades de \u00e9xito.<\/p>\n<h3 data-start=\"1699\" data-end=\"1714\"><strong data-start=\"1699\" data-end=\"1712\">Alquiler:<\/strong><\/h3>\n<p style=\"text-align: justify;\">Alquilar su propiedad puede parecer sencillo, pero hay varias trampas que debe evitar cuando pretenda alquilar su apartamento, casa o una habitaci\u00f3n de la vivienda. Antes de considerar a un posible inquilino, debe reunir un conjunto detallado de documentos, por ejemplo, un extracto del registro de deudas y las tres \u00faltimas n\u00f3minas. Por a\u00f1adidura, la fianza deber\u00e1 abonarse mediante transferencia bancaria o mediante una garant\u00eda de alquiler proporcionada por una compa\u00f1\u00eda de seguros.<\/p>\n<h3 data-start=\"2170\" data-end=\"2205\">Alojamiento para estudiantes:<\/h3>\n<p style=\"text-align: justify;\">Disponemos de varios alojamientos para estudiantes, tanto para periodos cortos como largos. La mayor\u00eda de nuestros alojamientos se encuentran cerca de la Universidad de Lausana, la EPFL, la ECAL y la EHL. Los tipos de alojamiento m\u00e1s solicitados son las habitaciones compartidas y los estudios. Se recomienda planificar la b\u00fasqueda con antelaci\u00f3n para asegurarse de tener alojamiento para el inicio del curso acad\u00e9mico.<\/p>\n<h3>Buscadores de pisos (inmobiliaria):<\/h3>\n<p style=\"text-align: justify;\">\u00bfTiene dificultades para encontrar un alojamiento conforme a sus criterios o problemas para encontrar un apartamento de alquiler? Nuestros buscadores de pisos est\u00e1n a su disposici\u00f3n para ayudarle a encontrar una propiedad lo antes posible. Gracias a nuestra red y a nuestro profesionalidad, le encontraremos un alojamiento lo m\u00e1s pronto posible y de acuerdo con sus criterios.<\/p>\n<h3 data-start=\"3012\" data-end=\"3031\">Home Staging:<\/h3>\n<p style=\"text-align: justify;\">\u00bfTiene dificultades para vender su propiedad? En ese caso, puede recurrir a nuestro equipo de\u00a0<em>Home Staging<\/em>, especializado en la revalorizaci\u00f3n de apartamentos y casas para facilitar su venta. Este sistema ha demostrado su eficacia en propiedades que necesitan una r\u00e1pida renovaci\u00f3n o algunas modificaciones que marquen la diferencia.<\/p>\n<h3>Tasaci\u00f3n (inmobiliaria):<\/h3>\n<p style=\"text-align: justify;\">Una buena valoraci\u00f3n de una propiedad en comparaci\u00f3n con el precio de mercado es crucial para una venta exitosa y al precio adecuado. Gracias a criterios como el a\u00f1o de construcci\u00f3n y la ubicaci\u00f3n, podremos tasar su propiedad lo m\u00e1s cerca posible de su valor real en el mercado inmobiliario actual.<\/p>\n<p data-start=\"3390\" data-end=\"3690\"><a href=\"https:\/\/www.instagram.com\/dr_immo\/?hl=fr\"><img loading=\"lazy\" decoding=\"async\" class=\"aligncenter wp-image-109\" src=\"https:\/\/abc-office.ch\/wp-content\/uploads\/2018\/06\/Dr_Immo.jpg\" alt=\"Inmobiliario\" width=\"222\" height=\"222\" \/><\/a><\/p>\n","protected":false},"excerpt":{"rendered":"<p>Inmobiliaria Nuestra agencia inmobiliaria,\u00a0ABC Translation, comenz\u00f3 su andadura en 2017 con la compra de un apartamento de 5,5 habitaciones en Suiza para convertirlo en una residencia internacional de estudiantes. En efecto, con la Universidad de Lausana y la EPFL cerca, la residencia se convirti\u00f3 en un \u00e9xito desde su inauguraci\u00f3n en septiembre de 2017. Los&#8230;<\/p>\n","protected":false},"author":1,"featured_media":225844,"parent":0,"menu_order":0,"comment_status":"closed","ping_status":"closed","template":"","meta":{"sfsi_plus_gutenberg_text_before_share":"","sfsi_plus_gutenberg_show_text_before_share":"","sfsi_plus_gutenberg_icon_type":"","sfsi_plus_gutenberg_icon_alignemt":"","sfsi_plus_gutenburg_max_per_row":"","footnotes":""},"class_list":["post-225843","page","type-page","status-publish","has-post-thumbnail","hentry"],"yoast_head":"<!-- This site is optimized with the Yoast SEO plugin v23.8 - https:\/\/yoast.com\/wordpress\/plugins\/seo\/ -->\n<title>Inmobiliaria l ABC Translation Comprar Vender Alquilar Alojamiento<\/title>\n<meta name=\"description\" content=\"ABC Translation l Inmobiliaria l Comprar l Vender l Alquilar l Arrendar l Alojamiento para estudiantes l Home Staging l Agencia inmobiliaria\" \/>\n<meta name=\"robots\" content=\"index, follow, max-snippet:-1, max-image-preview:large, max-video-preview:-1\" \/>\n<link rel=\"canonical\" href=\"https:\/\/abc-office.eu\/es\/inmobiliaria\/\" \/>\n<meta property=\"og:locale\" content=\"es_ES\" \/>\n<meta property=\"og:type\" content=\"article\" \/>\n<meta property=\"og:title\" content=\"Inmobiliaria l ABC Translation Comprar Vender Alquilar Alojamiento\" \/>\n<meta property=\"og:description\" content=\"ABC Translation l Inmobiliaria l Comprar l Vender l Alquilar l Arrendar l Alojamiento para estudiantes l Home Staging l Agencia inmobiliaria\" \/>\n<meta property=\"og:url\" content=\"https:\/\/abc-office.eu\/es\/inmobiliaria\/\" \/>\n<meta property=\"og:site_name\" content=\"ABC Translation\" \/>\n<meta property=\"article:modified_time\" content=\"2025-10-15T03:52:50+00:00\" \/>\n<meta property=\"og:image\" content=\"https:\/\/abc-office.eu\/wp-content\/uploads\/2025\/10\/Immo-768x513-1.jpg\" \/>\n\t<meta property=\"og:image:width\" content=\"768\" \/>\n\t<meta property=\"og:image:height\" content=\"513\" \/>\n\t<meta property=\"og:image:type\" content=\"image\/jpeg\" \/>\n<meta name=\"twitter:card\" content=\"summary_large_image\" \/>\n<meta name=\"twitter:label1\" content=\"Tiempo de lectura\" \/>\n\t<meta name=\"twitter:data1\" content=\"3 minutos\" \/>\n<script type=\"application\/ld+json\" class=\"yoast-schema-graph\">{\"@context\":\"https:\/\/schema.org\",\"@graph\":[{\"@type\":\"WebPage\",\"@id\":\"https:\/\/abc-office.eu\/es\/inmobiliaria\/\",\"url\":\"https:\/\/abc-office.eu\/es\/inmobiliaria\/\",\"name\":\"Inmobiliaria l ABC Translation Comprar Vender Alquilar Alojamiento\",\"isPartOf\":{\"@id\":\"https:\/\/abc-office.eu\/es\/#website\"},\"primaryImageOfPage\":{\"@id\":\"https:\/\/abc-office.eu\/es\/inmobiliaria\/#primaryimage\"},\"image\":{\"@id\":\"https:\/\/abc-office.eu\/es\/inmobiliaria\/#primaryimage\"},\"thumbnailUrl\":\"https:\/\/abc-office.eu\/wp-content\/uploads\/2025\/10\/Immo-768x513-1.jpg\",\"datePublished\":\"2017-02-16T08:16:01+00:00\",\"dateModified\":\"2025-10-15T03:52:50+00:00\",\"description\":\"ABC Translation l Inmobiliaria l Comprar l Vender l Alquilar l Arrendar l Alojamiento para estudiantes l Home Staging l Agencia inmobiliaria\",\"breadcrumb\":{\"@id\":\"https:\/\/abc-office.eu\/es\/inmobiliaria\/#breadcrumb\"},\"inLanguage\":\"es\",\"potentialAction\":[{\"@type\":\"ReadAction\",\"target\":[\"https:\/\/abc-office.eu\/es\/inmobiliaria\/\"]}]},{\"@type\":\"ImageObject\",\"inLanguage\":\"es\",\"@id\":\"https:\/\/abc-office.eu\/es\/inmobiliaria\/#primaryimage\",\"url\":\"https:\/\/abc-office.eu\/wp-content\/uploads\/2025\/10\/Immo-768x513-1.jpg\",\"contentUrl\":\"https:\/\/abc-office.eu\/wp-content\/uploads\/2025\/10\/Immo-768x513-1.jpg\",\"width\":768,\"height\":513},{\"@type\":\"BreadcrumbList\",\"@id\":\"https:\/\/abc-office.eu\/es\/inmobiliaria\/#breadcrumb\",\"itemListElement\":[{\"@type\":\"ListItem\",\"position\":1,\"name\":\"Accueil\",\"item\":\"https:\/\/abc-office.eu\/es\/\"},{\"@type\":\"ListItem\",\"position\":2,\"name\":\"Inmobiliaria\"}]},{\"@type\":\"WebSite\",\"@id\":\"https:\/\/abc-office.eu\/es\/#website\",\"url\":\"https:\/\/abc-office.eu\/es\/\",\"name\":\"ABC Translation\",\"description\":\"info@abc-office.eu\",\"potentialAction\":[{\"@type\":\"SearchAction\",\"target\":{\"@type\":\"EntryPoint\",\"urlTemplate\":\"https:\/\/abc-office.eu\/es\/?s={search_term_string}\"},\"query-input\":{\"@type\":\"PropertyValueSpecification\",\"valueRequired\":true,\"valueName\":\"search_term_string\"}}],\"inLanguage\":\"es\"}]}<\/script>\n<!-- \/ Yoast SEO plugin. -->","yoast_head_json":{"title":"Inmobiliaria l ABC Translation Comprar Vender Alquilar Alojamiento","description":"ABC Translation l Inmobiliaria l Comprar l Vender l Alquilar l Arrendar l Alojamiento para estudiantes l Home Staging l Agencia inmobiliaria","robots":{"index":"index","follow":"follow","max-snippet":"max-snippet:-1","max-image-preview":"max-image-preview:large","max-video-preview":"max-video-preview:-1"},"canonical":"https:\/\/abc-office.eu\/es\/inmobiliaria\/","og_locale":"es_ES","og_type":"article","og_title":"Inmobiliaria l ABC Translation Comprar Vender Alquilar Alojamiento","og_description":"ABC Translation l Inmobiliaria l Comprar l Vender l Alquilar l Arrendar l Alojamiento para estudiantes l Home Staging l Agencia inmobiliaria","og_url":"https:\/\/abc-office.eu\/es\/inmobiliaria\/","og_site_name":"ABC Translation","article_modified_time":"2025-10-15T03:52:50+00:00","og_image":[{"width":768,"height":513,"url":"https:\/\/abc-office.eu\/wp-content\/uploads\/2025\/10\/Immo-768x513-1.jpg","type":"image\/jpeg"}],"twitter_card":"summary_large_image","twitter_misc":{"Tiempo de lectura":"3 minutos"},"schema":{"@context":"https:\/\/schema.org","@graph":[{"@type":"WebPage","@id":"https:\/\/abc-office.eu\/es\/inmobiliaria\/","url":"https:\/\/abc-office.eu\/es\/inmobiliaria\/","name":"Inmobiliaria l ABC Translation Comprar Vender Alquilar Alojamiento","isPartOf":{"@id":"https:\/\/abc-office.eu\/es\/#website"},"primaryImageOfPage":{"@id":"https:\/\/abc-office.eu\/es\/inmobiliaria\/#primaryimage"},"image":{"@id":"https:\/\/abc-office.eu\/es\/inmobiliaria\/#primaryimage"},"thumbnailUrl":"https:\/\/abc-office.eu\/wp-content\/uploads\/2025\/10\/Immo-768x513-1.jpg","datePublished":"2017-02-16T08:16:01+00:00","dateModified":"2025-10-15T03:52:50+00:00","description":"ABC Translation l Inmobiliaria l Comprar l Vender l Alquilar l Arrendar l Alojamiento para estudiantes l Home Staging l Agencia inmobiliaria","breadcrumb":{"@id":"https:\/\/abc-office.eu\/es\/inmobiliaria\/#breadcrumb"},"inLanguage":"es","potentialAction":[{"@type":"ReadAction","target":["https:\/\/abc-office.eu\/es\/inmobiliaria\/"]}]},{"@type":"ImageObject","inLanguage":"es","@id":"https:\/\/abc-office.eu\/es\/inmobiliaria\/#primaryimage","url":"https:\/\/abc-office.eu\/wp-content\/uploads\/2025\/10\/Immo-768x513-1.jpg","contentUrl":"https:\/\/abc-office.eu\/wp-content\/uploads\/2025\/10\/Immo-768x513-1.jpg","width":768,"height":513},{"@type":"BreadcrumbList","@id":"https:\/\/abc-office.eu\/es\/inmobiliaria\/#breadcrumb","itemListElement":[{"@type":"ListItem","position":1,"name":"Accueil","item":"https:\/\/abc-office.eu\/es\/"},{"@type":"ListItem","position":2,"name":"Inmobiliaria"}]},{"@type":"WebSite","@id":"https:\/\/abc-office.eu\/es\/#website","url":"https:\/\/abc-office.eu\/es\/","name":"ABC Translation","description":"info@abc-office.eu","potentialAction":[{"@type":"SearchAction","target":{"@type":"EntryPoint","urlTemplate":"https:\/\/abc-office.eu\/es\/?s={search_term_string}"},"query-input":{"@type":"PropertyValueSpecification","valueRequired":true,"valueName":"search_term_string"}}],"inLanguage":"es"}]}},"_links":{"self":[{"href":"https:\/\/abc-office.eu\/es\/wp-json\/wp\/v2\/pages\/225843","targetHints":{"allow":["GET"]}}],"collection":[{"href":"https:\/\/abc-office.eu\/es\/wp-json\/wp\/v2\/pages"}],"about":[{"href":"https:\/\/abc-office.eu\/es\/wp-json\/wp\/v2\/types\/page"}],"author":[{"embeddable":true,"href":"https:\/\/abc-office.eu\/es\/wp-json\/wp\/v2\/users\/1"}],"replies":[{"embeddable":true,"href":"https:\/\/abc-office.eu\/es\/wp-json\/wp\/v2\/comments?post=225843"}],"version-history":[{"count":3,"href":"https:\/\/abc-office.eu\/es\/wp-json\/wp\/v2\/pages\/225843\/revisions"}],"predecessor-version":[{"id":226845,"href":"https:\/\/abc-office.eu\/es\/wp-json\/wp\/v2\/pages\/225843\/revisions\/226845"}],"wp:featuredmedia":[{"embeddable":true,"href":"https:\/\/abc-office.eu\/es\/wp-json\/wp\/v2\/media\/225844"}],"wp:attachment":[{"href":"https:\/\/abc-office.eu\/es\/wp-json\/wp\/v2\/media?parent=225843"}],"curies":[{"name":"wp","href":"https:\/\/api.w.org\/{rel}","templated":true}]}}