{"id":225832,"date":"2017-02-16T09:16:27","date_gmt":"2017-02-16T08:16:27","guid":{"rendered":"https:\/\/abc-office.eu\/?page_id=225832"},"modified":"2025-10-15T05:48:32","modified_gmt":"2025-10-15T03:48:32","slug":"legalizacion","status":"publish","type":"page","link":"https:\/\/abc-office.eu\/es\/legalizacion\/","title":{"rendered":"Legalizaci\u00f3n"},"content":{"rendered":"<h2 data-start=\"105\" data-end=\"123\">Legalizaci\u00f3n<\/h2>\n<p style=\"text-align: justify;\">Nuestra agencia,\u00a0<strong>ABC Translation<\/strong>, est\u00e1 especializada en legalizaciones de documentos para uso oficial. Existen varios tipos de legalizaci\u00f3n, como la apostilla, la copia certificada (brevete \/\u00a0<em>vidimus<\/em>) o la legalizaci\u00f3n por parte de una embajada o consulado. Algunas instituciones incluso solicitan a veces copias certificadas con apostilla.<\/p>\n<p style=\"text-align: justify;\">Trabajamos en colaboraci\u00f3n con diversas administraciones como notar\u00edas, prefecturas, canciller\u00edas, as\u00ed como con embajadas y consulados, para poder proporcionarle las legalizaciones adecuadas. En cuanto a los plazos, las legalizaciones se pueden realizar con bastante rapidez (entre 2 y 5 d\u00edas laborables).<\/p>\n<h3 data-start=\"790\" data-end=\"828\">Legalizaci\u00f3n mediante apostilla:<\/h3>\n<p style=\"text-align: justify;\">Los pa\u00edses que han firmado el Convenio de La Haya reconocen la validez de un documento sin el visado de un consulado o embajada, siempre que lleve la legalizaci\u00f3n mediante apostilla.<\/p>\n<p style=\"text-align: justify;\">Esta apostilla se estampa exclusivamente sobre la firma del encargado del registro correspondiente o sobre la de un notario. En ning\u00fan caso puede figurar en un documento firmado por un particular.<\/p>\n<h3 data-start=\"1200\" data-end=\"1226\">Legalizaci\u00f3n simple:<\/h3>\n<p style=\"text-align: justify;\">La legalizaci\u00f3n simple es el sello reconocido por todos los pa\u00edses que no son signatarios del Convenio de La Haya, siempre que el documento lleve el visado de representaci\u00f3n en Suiza (embajada, consulado o misi\u00f3n diplom\u00e1tica).<\/p>\n<p style=\"text-align: justify;\">Estas legalizaciones son posibles para cualquier tipo de documento, siempre que la firma que figure en \u00e9l sea conocida por el servicio de legalizaci\u00f3n.<\/p>\n<h3 data-start=\"1601\" data-end=\"1636\"><strong data-start=\"1601\" data-end=\"1634\">Por una embajada \/ consulado:<\/strong><\/h3>\n<p style=\"text-align: justify;\">Para que los documentos sean v\u00e1lidos en algunos pa\u00edses como China, deben ser legalizados en la embajada o el consulado. Todos los documentos deben ser previamente legalizados por un notario y por la canciller\u00eda\/prefectura antes de que la embajada o el consulado puedan estampar su legalizaci\u00f3n correspondiente.<\/p>\n<h3 data-start=\"1933\" data-end=\"1967\">Copia certificada aut\u00e9ntica:<\/h3>\n<p style=\"text-align: justify;\">Una copia certificada, tambi\u00e9n denominada\u00a0<em>vidimus<\/em>\u00a0o brevete, es una copia cuya fidelidad respecto del documento original ha sido reconocida por un notario. Cuando los documentos originales han sido emitidos por autoridades extranjeras, algunas instituciones piden copias certificadas que hayan sido autenticadas por un notario. Lo mismo ocurre con los documentos destinados al extranjero.<\/p>\n<h3 data-start=\"2361\" data-end=\"2389\">Legalizaci\u00f3n de firma:<\/h3>\n<p style=\"text-align: justify;\">Al legalizar una firma, el notario certifica su autenticidad; la firma que aparece al pie de un documento corresponde a la persona que declara haberlo firmado.<\/p>\n<p data-start=\"2391\" data-end=\"2557\"><img loading=\"lazy\" decoding=\"async\" class=\"aligncenter wp-image-26 size-medium\" src=\"https:\/\/abc-office.ch\/wp-content\/uploads\/2018\/06\/imageedit_1_6241191614-300x300.gif\" alt=\"Legalizaci\u00f3n\" width=\"300\" height=\"300\" \/><\/p>\n","protected":false},"excerpt":{"rendered":"<p>Legalizaci\u00f3n Nuestra agencia,\u00a0ABC Translation, est\u00e1 especializada en legalizaciones de documentos para uso oficial. Existen varios tipos de legalizaci\u00f3n, como la apostilla, la copia certificada (brevete \/\u00a0vidimus) o la legalizaci\u00f3n por parte de una embajada o consulado. Algunas instituciones incluso solicitan a veces copias certificadas con apostilla. Trabajamos en colaboraci\u00f3n con diversas administraciones como notar\u00edas, prefecturas,&#8230;<\/p>\n","protected":false},"author":1,"featured_media":225833,"parent":0,"menu_order":0,"comment_status":"closed","ping_status":"closed","template":"","meta":{"sfsi_plus_gutenberg_text_before_share":"","sfsi_plus_gutenberg_show_text_before_share":"","sfsi_plus_gutenberg_icon_type":"","sfsi_plus_gutenberg_icon_alignemt":"","sfsi_plus_gutenburg_max_per_row":"","footnotes":""},"class_list":["post-225832","page","type-page","status-publish","has-post-thumbnail","hentry"],"yoast_head":"<!-- This site is optimized with the Yoast SEO plugin v23.8 - https:\/\/yoast.com\/wordpress\/plugins\/seo\/ -->\n<title>Legalizaci\u00f3n ABC Translation Legalizaci\u00f3n con apostilla Embajada<\/title>\n<meta name=\"description\" content=\"Legalizaci\u00f3n de documento oficial l Legalizaci\u00f3n con apostilla l Por una embajada o un consulado l Copia certificada aut\u00e9ntica l Notario\" \/>\n<meta name=\"robots\" content=\"index, follow, max-snippet:-1, max-image-preview:large, max-video-preview:-1\" \/>\n<link rel=\"canonical\" href=\"https:\/\/abc-office.eu\/es\/legalizacion\/\" \/>\n<meta property=\"og:locale\" content=\"es_ES\" \/>\n<meta property=\"og:type\" content=\"article\" \/>\n<meta property=\"og:title\" content=\"Legalizaci\u00f3n ABC Translation Legalizaci\u00f3n con apostilla Embajada\" \/>\n<meta property=\"og:description\" content=\"Legalizaci\u00f3n de documento oficial l Legalizaci\u00f3n con apostilla l Por una embajada o un consulado l Copia certificada aut\u00e9ntica l Notario\" \/>\n<meta property=\"og:url\" content=\"https:\/\/abc-office.eu\/es\/legalizacion\/\" \/>\n<meta property=\"og:site_name\" content=\"ABC Translation\" \/>\n<meta property=\"article:modified_time\" content=\"2025-10-15T03:48:32+00:00\" \/>\n<meta property=\"og:image\" content=\"https:\/\/abc-office.eu\/wp-content\/uploads\/2025\/10\/apostille-3joo-768x522-1.jpg\" \/>\n\t<meta property=\"og:image:width\" content=\"768\" \/>\n\t<meta property=\"og:image:height\" content=\"522\" \/>\n\t<meta property=\"og:image:type\" content=\"image\/jpeg\" \/>\n<meta name=\"twitter:card\" content=\"summary_large_image\" \/>\n<meta name=\"twitter:label1\" content=\"Tiempo de lectura\" \/>\n\t<meta name=\"twitter:data1\" content=\"2 minutos\" \/>\n<script type=\"application\/ld+json\" class=\"yoast-schema-graph\">{\"@context\":\"https:\/\/schema.org\",\"@graph\":[{\"@type\":\"WebPage\",\"@id\":\"https:\/\/abc-office.eu\/es\/legalizacion\/\",\"url\":\"https:\/\/abc-office.eu\/es\/legalizacion\/\",\"name\":\"Legalizaci\u00f3n ABC Translation Legalizaci\u00f3n con apostilla Embajada\",\"isPartOf\":{\"@id\":\"https:\/\/abc-office.eu\/es\/#website\"},\"primaryImageOfPage\":{\"@id\":\"https:\/\/abc-office.eu\/es\/legalizacion\/#primaryimage\"},\"image\":{\"@id\":\"https:\/\/abc-office.eu\/es\/legalizacion\/#primaryimage\"},\"thumbnailUrl\":\"https:\/\/abc-office.eu\/wp-content\/uploads\/2025\/10\/apostille-3joo-768x522-1.jpg\",\"datePublished\":\"2017-02-16T08:16:27+00:00\",\"dateModified\":\"2025-10-15T03:48:32+00:00\",\"description\":\"Legalizaci\u00f3n de documento oficial l Legalizaci\u00f3n con apostilla l Por una embajada o un consulado l Copia certificada aut\u00e9ntica l Notario\",\"breadcrumb\":{\"@id\":\"https:\/\/abc-office.eu\/es\/legalizacion\/#breadcrumb\"},\"inLanguage\":\"es\",\"potentialAction\":[{\"@type\":\"ReadAction\",\"target\":[\"https:\/\/abc-office.eu\/es\/legalizacion\/\"]}]},{\"@type\":\"ImageObject\",\"inLanguage\":\"es\",\"@id\":\"https:\/\/abc-office.eu\/es\/legalizacion\/#primaryimage\",\"url\":\"https:\/\/abc-office.eu\/wp-content\/uploads\/2025\/10\/apostille-3joo-768x522-1.jpg\",\"contentUrl\":\"https:\/\/abc-office.eu\/wp-content\/uploads\/2025\/10\/apostille-3joo-768x522-1.jpg\",\"width\":768,\"height\":522},{\"@type\":\"BreadcrumbList\",\"@id\":\"https:\/\/abc-office.eu\/es\/legalizacion\/#breadcrumb\",\"itemListElement\":[{\"@type\":\"ListItem\",\"position\":1,\"name\":\"Accueil\",\"item\":\"https:\/\/abc-office.eu\/es\/\"},{\"@type\":\"ListItem\",\"position\":2,\"name\":\"Legalizaci\u00f3n\"}]},{\"@type\":\"WebSite\",\"@id\":\"https:\/\/abc-office.eu\/es\/#website\",\"url\":\"https:\/\/abc-office.eu\/es\/\",\"name\":\"ABC Translation\",\"description\":\"info@abc-office.eu\",\"potentialAction\":[{\"@type\":\"SearchAction\",\"target\":{\"@type\":\"EntryPoint\",\"urlTemplate\":\"https:\/\/abc-office.eu\/es\/?s={search_term_string}\"},\"query-input\":{\"@type\":\"PropertyValueSpecification\",\"valueRequired\":true,\"valueName\":\"search_term_string\"}}],\"inLanguage\":\"es\"}]}<\/script>\n<!-- \/ Yoast SEO plugin. -->","yoast_head_json":{"title":"Legalizaci\u00f3n ABC Translation Legalizaci\u00f3n con apostilla Embajada","description":"Legalizaci\u00f3n de documento oficial l Legalizaci\u00f3n con apostilla l Por una embajada o un consulado l Copia certificada aut\u00e9ntica l Notario","robots":{"index":"index","follow":"follow","max-snippet":"max-snippet:-1","max-image-preview":"max-image-preview:large","max-video-preview":"max-video-preview:-1"},"canonical":"https:\/\/abc-office.eu\/es\/legalizacion\/","og_locale":"es_ES","og_type":"article","og_title":"Legalizaci\u00f3n ABC Translation Legalizaci\u00f3n con apostilla Embajada","og_description":"Legalizaci\u00f3n de documento oficial l Legalizaci\u00f3n con apostilla l Por una embajada o un consulado l Copia certificada aut\u00e9ntica l Notario","og_url":"https:\/\/abc-office.eu\/es\/legalizacion\/","og_site_name":"ABC Translation","article_modified_time":"2025-10-15T03:48:32+00:00","og_image":[{"width":768,"height":522,"url":"https:\/\/abc-office.eu\/wp-content\/uploads\/2025\/10\/apostille-3joo-768x522-1.jpg","type":"image\/jpeg"}],"twitter_card":"summary_large_image","twitter_misc":{"Tiempo de lectura":"2 minutos"},"schema":{"@context":"https:\/\/schema.org","@graph":[{"@type":"WebPage","@id":"https:\/\/abc-office.eu\/es\/legalizacion\/","url":"https:\/\/abc-office.eu\/es\/legalizacion\/","name":"Legalizaci\u00f3n ABC Translation Legalizaci\u00f3n con apostilla Embajada","isPartOf":{"@id":"https:\/\/abc-office.eu\/es\/#website"},"primaryImageOfPage":{"@id":"https:\/\/abc-office.eu\/es\/legalizacion\/#primaryimage"},"image":{"@id":"https:\/\/abc-office.eu\/es\/legalizacion\/#primaryimage"},"thumbnailUrl":"https:\/\/abc-office.eu\/wp-content\/uploads\/2025\/10\/apostille-3joo-768x522-1.jpg","datePublished":"2017-02-16T08:16:27+00:00","dateModified":"2025-10-15T03:48:32+00:00","description":"Legalizaci\u00f3n de documento oficial l Legalizaci\u00f3n con apostilla l Por una embajada o un consulado l Copia certificada aut\u00e9ntica l Notario","breadcrumb":{"@id":"https:\/\/abc-office.eu\/es\/legalizacion\/#breadcrumb"},"inLanguage":"es","potentialAction":[{"@type":"ReadAction","target":["https:\/\/abc-office.eu\/es\/legalizacion\/"]}]},{"@type":"ImageObject","inLanguage":"es","@id":"https:\/\/abc-office.eu\/es\/legalizacion\/#primaryimage","url":"https:\/\/abc-office.eu\/wp-content\/uploads\/2025\/10\/apostille-3joo-768x522-1.jpg","contentUrl":"https:\/\/abc-office.eu\/wp-content\/uploads\/2025\/10\/apostille-3joo-768x522-1.jpg","width":768,"height":522},{"@type":"BreadcrumbList","@id":"https:\/\/abc-office.eu\/es\/legalizacion\/#breadcrumb","itemListElement":[{"@type":"ListItem","position":1,"name":"Accueil","item":"https:\/\/abc-office.eu\/es\/"},{"@type":"ListItem","position":2,"name":"Legalizaci\u00f3n"}]},{"@type":"WebSite","@id":"https:\/\/abc-office.eu\/es\/#website","url":"https:\/\/abc-office.eu\/es\/","name":"ABC Translation","description":"info@abc-office.eu","potentialAction":[{"@type":"SearchAction","target":{"@type":"EntryPoint","urlTemplate":"https:\/\/abc-office.eu\/es\/?s={search_term_string}"},"query-input":{"@type":"PropertyValueSpecification","valueRequired":true,"valueName":"search_term_string"}}],"inLanguage":"es"}]}},"_links":{"self":[{"href":"https:\/\/abc-office.eu\/es\/wp-json\/wp\/v2\/pages\/225832","targetHints":{"allow":["GET"]}}],"collection":[{"href":"https:\/\/abc-office.eu\/es\/wp-json\/wp\/v2\/pages"}],"about":[{"href":"https:\/\/abc-office.eu\/es\/wp-json\/wp\/v2\/types\/page"}],"author":[{"embeddable":true,"href":"https:\/\/abc-office.eu\/es\/wp-json\/wp\/v2\/users\/1"}],"replies":[{"embeddable":true,"href":"https:\/\/abc-office.eu\/es\/wp-json\/wp\/v2\/comments?post=225832"}],"version-history":[{"count":3,"href":"https:\/\/abc-office.eu\/es\/wp-json\/wp\/v2\/pages\/225832\/revisions"}],"predecessor-version":[{"id":226843,"href":"https:\/\/abc-office.eu\/es\/wp-json\/wp\/v2\/pages\/225832\/revisions\/226843"}],"wp:featuredmedia":[{"embeddable":true,"href":"https:\/\/abc-office.eu\/es\/wp-json\/wp\/v2\/media\/225833"}],"wp:attachment":[{"href":"https:\/\/abc-office.eu\/es\/wp-json\/wp\/v2\/media?parent=225832"}],"curies":[{"name":"wp","href":"https:\/\/api.w.org\/{rel}","templated":true}]}}