{"id":225821,"date":"2017-02-16T09:17:00","date_gmt":"2017-02-16T08:17:00","guid":{"rendered":"https:\/\/abc-office.eu\/?page_id=225821"},"modified":"2025-10-15T05:43:13","modified_gmt":"2025-10-15T03:43:13","slug":"traduccion","status":"publish","type":"page","link":"https:\/\/abc-office.eu\/es\/traduccion\/","title":{"rendered":"Traducci\u00f3n"},"content":{"rendered":"<h2 data-start=\"111\" data-end=\"127\">Traducci\u00f3n<\/h2>\n<p style=\"text-align: justify;\">Nuestra agencia,\u00a0<strong>ABC Translation<\/strong>, est\u00e1 especializada desde hace muchos a\u00f1os en el \u00e1mbito de la traducci\u00f3n y la interpretaci\u00f3n. De hecho, estamos en condiciones de brindarle todos los servicios relacionados con este campo, ya sea una traducci\u00f3n oficial, una traducci\u00f3n simple o una interpretaci\u00f3n (simult\u00e1nea) en caso necesario.<\/p>\n<p style=\"text-align: justify;\">Con un equipo de m\u00e1s de 800 traductores e int\u00e9rpretes, sabemos c\u00f3mo gestionar cualquier tipo de proyecto en plazos extremadamente breves. La calidad y la rapidez de respuesta son nuestra consigna para obtener resultados siempre a la altura de las expectativas de nuestros clientes. Estamos presentes en la Uni\u00f3n Europea y en el Reino Unido. Gracias a esta presencia y a nuestra capacidad de respuesta, hemos podido evolucionar y ahora ofrecemos servicios de traducci\u00f3n en m\u00e1s de 60 idiomas diferentes.<\/p>\n<h3 data-start=\"953\" data-end=\"978\">Traducci\u00f3n oficial:<\/h3>\n<p style=\"text-align: justify;\">Estamos especializados en la traducci\u00f3n oficial para facilitarle los tr\u00e1mites a su llegada a la UE o al Reino Unido o con vistas a un viaje al extranjero. Las traducciones suelen ser legalizadas en primer lugar por nuestro notario y posteriormente en la canciller\u00eda mediante apostilla o legalizaci\u00f3n, seg\u00fan los convenios. Los plazos solicitados por los clientes suelen ser muy breves.<\/p>\n<p style=\"text-align: justify;\">Por ello hemos establecido un sistema que permite traducir, legalizar y apostillar los documentos en un tiempo r\u00e9cord. Por ejemplo, necesitamos dos d\u00edas para poder llevar a cabo los distintos tr\u00e1mites que precisa un documento de menos de 5 p\u00e1ginas. Estas traducciones pueden luego ser legalizadas por el consulado del pa\u00eds de destino si fuera necesario.<\/p>\n<p style=\"text-align: justify;\">La traducci\u00f3n oficial para el reconocimiento de sus diplomas extranjeros en la UE y\/o en el Reino Unido tambi\u00e9n forma parte de nuestra gama de servicios. Una vez m\u00e1s, traducimos los documentos y luego los legalizamos por mediaci\u00f3n de nuestro notario para que puedan ser admitidos por los organismos competentes.<\/p>\n<p style=\"text-align: justify;\">De este modo, su expediente quedar\u00e1 listo para su consideraci\u00f3n por parte de los \u00f3rganos encargados de la homologaci\u00f3n y convalidaci\u00f3n de t\u00edtulos.<\/p>\n<h3 data-start=\"2081\" data-end=\"2095\"><strong data-start=\"2081\" data-end=\"2093\">Idiomas:<\/strong><\/h3>\n<p style=\"text-align: justify;\">Afrik\u00e1ans | Alban\u00e9s | Alem\u00e1n | Americano | Am\u00e1rico | Ingl\u00e9s | \u00c1rabe | Armenio | Aimara | Azer\u00ed | Vasco | Bengal\u00ed | Bielorruso | Birmano | Bosnio | Brasile\u00f1o | B\u00falgaro | Canton\u00e9s | Catal\u00e1n | Cingal\u00e9s | Chino | Chino simplificado | Chino tradicional | Coreano | Croata | Dan\u00e9s | Dar\u00ed | Espa\u00f1ol | Estonio | Ew\u00e9 | Farsi | Fin\u00e9s | Georgiano | Griego | Guaran\u00ed | Hebreo | Hindi | H\u00fangaro | Indonesio | Italiano | Japon\u00e9s | Kazajo | Jemer | Kirgu\u00eds | Kurdo | Lao | Let\u00f3n | Lingala | Lituano | Macedonio | Malayo | Malabar | Mandar\u00edn | Moldavo | Mongol | Montenegrino | Neerland\u00e9s | Noruego | Urdu | Uzbeko | Past\u00fan | Punyab\u00ed | Persa | Fula | Polaco | Portugu\u00e9s | Quechua | Rumano | Ruso | Serbio | Eslovaco | Esloveno | Sueco | Tamil | Checo | Tailand\u00e9s | Turco | Turcomano | Ucraniano | Vietnamita<\/p>\n<h3 data-start=\"2901\" data-end=\"2918\"><strong data-start=\"2901\" data-end=\"2916\">Documentos:<\/strong><\/h3>\n<p style=\"text-align: justify;\">Certificado de nacimiento | Certificado de matrimonio | Certificado de estado civil | Atestado | Patente | Certificado de antecedentes penales | Certificado | Certificado de solter\u00eda | Certificado de defunci\u00f3n | Libro de familia | Certificado de trabajo | Declaraci\u00f3n de la renta | Diploma | Pasaporte | Permiso de conducir | Testamento | Visado | Contrato | Convenio regulador de divorcio | Capitulaciones matrimoniales | Sentencia | Procedimiento | Poder notarial | Acta<\/p>\n<p style=\"text-align: justify;\">Para cualquier solicitud relacionada con otro idioma, no dude en ponerse en contacto con nosotros.<\/p>\n<p data-start=\"3366\" data-end=\"3410\"><img loading=\"lazy\" decoding=\"async\" class=\"aligncenter wp-image-26 size-medium\" src=\"https:\/\/abc-office.ch\/wp-content\/uploads\/2018\/06\/imageedit_1_6241191614-300x300.gif\" alt=\"Traducci\u00f3n\" width=\"300\" height=\"300\" \/><\/p>\n","protected":false},"excerpt":{"rendered":"<p>Traducci\u00f3n Nuestra agencia,\u00a0ABC Translation, est\u00e1 especializada desde hace muchos a\u00f1os en el \u00e1mbito de la traducci\u00f3n y la interpretaci\u00f3n. De hecho, estamos en condiciones de brindarle todos los servicios relacionados con este campo, ya sea una traducci\u00f3n oficial, una traducci\u00f3n simple o una interpretaci\u00f3n (simult\u00e1nea) en caso necesario. Con un equipo de m\u00e1s de 800&#8230;<\/p>\n","protected":false},"author":1,"featured_media":225822,"parent":0,"menu_order":0,"comment_status":"closed","ping_status":"closed","template":"","meta":{"sfsi_plus_gutenberg_text_before_share":"","sfsi_plus_gutenberg_show_text_before_share":"","sfsi_plus_gutenberg_icon_type":"","sfsi_plus_gutenberg_icon_alignemt":"","sfsi_plus_gutenburg_max_per_row":"","footnotes":""},"class_list":["post-225821","page","type-page","status-publish","has-post-thumbnail","hentry"],"yoast_head":"<!-- This site is optimized with the Yoast SEO plugin v23.8 - https:\/\/yoast.com\/wordpress\/plugins\/seo\/ -->\n<title>Traducci\u00f3n l Traducci\u00f3n oficial l Traducci\u00f3n profesional calidad<\/title>\n<meta name=\"description\" content=\"Traducci\u00f3n para sus tr\u00e1mites administrativos l Traducci\u00f3n certificada y oficial l Reconocida por todas las instituciones en la UE\" \/>\n<meta name=\"robots\" content=\"index, follow, max-snippet:-1, max-image-preview:large, max-video-preview:-1\" \/>\n<link rel=\"canonical\" href=\"https:\/\/abc-office.eu\/es\/traduccion\/\" \/>\n<meta property=\"og:locale\" content=\"es_ES\" \/>\n<meta property=\"og:type\" content=\"article\" \/>\n<meta property=\"og:title\" content=\"Traducci\u00f3n l Traducci\u00f3n oficial l Traducci\u00f3n profesional calidad\" \/>\n<meta property=\"og:description\" content=\"Traducci\u00f3n para sus tr\u00e1mites administrativos l Traducci\u00f3n certificada y oficial l Reconocida por todas las instituciones en la UE\" \/>\n<meta property=\"og:url\" content=\"https:\/\/abc-office.eu\/es\/traduccion\/\" \/>\n<meta property=\"og:site_name\" content=\"ABC Translation\" \/>\n<meta property=\"article:modified_time\" content=\"2025-10-15T03:43:13+00:00\" \/>\n<meta property=\"og:image\" content=\"https:\/\/abc-office.eu\/wp-content\/uploads\/2025\/10\/Traduction.jpg\" \/>\n\t<meta property=\"og:image:width\" content=\"650\" \/>\n\t<meta property=\"og:image:height\" content=\"400\" \/>\n\t<meta property=\"og:image:type\" content=\"image\/jpeg\" \/>\n<meta name=\"twitter:card\" content=\"summary_large_image\" \/>\n<meta name=\"twitter:label1\" content=\"Tiempo de lectura\" \/>\n\t<meta name=\"twitter:data1\" content=\"3 minutos\" \/>\n<script type=\"application\/ld+json\" class=\"yoast-schema-graph\">{\"@context\":\"https:\/\/schema.org\",\"@graph\":[{\"@type\":\"WebPage\",\"@id\":\"https:\/\/abc-office.eu\/es\/traduccion\/\",\"url\":\"https:\/\/abc-office.eu\/es\/traduccion\/\",\"name\":\"Traducci\u00f3n l Traducci\u00f3n oficial l Traducci\u00f3n profesional calidad\",\"isPartOf\":{\"@id\":\"https:\/\/abc-office.eu\/es\/#website\"},\"primaryImageOfPage\":{\"@id\":\"https:\/\/abc-office.eu\/es\/traduccion\/#primaryimage\"},\"image\":{\"@id\":\"https:\/\/abc-office.eu\/es\/traduccion\/#primaryimage\"},\"thumbnailUrl\":\"https:\/\/abc-office.eu\/wp-content\/uploads\/2025\/10\/Traduction.jpg\",\"datePublished\":\"2017-02-16T08:17:00+00:00\",\"dateModified\":\"2025-10-15T03:43:13+00:00\",\"description\":\"Traducci\u00f3n para sus tr\u00e1mites administrativos l Traducci\u00f3n certificada y oficial l Reconocida por todas las instituciones en la UE\",\"breadcrumb\":{\"@id\":\"https:\/\/abc-office.eu\/es\/traduccion\/#breadcrumb\"},\"inLanguage\":\"es\",\"potentialAction\":[{\"@type\":\"ReadAction\",\"target\":[\"https:\/\/abc-office.eu\/es\/traduccion\/\"]}]},{\"@type\":\"ImageObject\",\"inLanguage\":\"es\",\"@id\":\"https:\/\/abc-office.eu\/es\/traduccion\/#primaryimage\",\"url\":\"https:\/\/abc-office.eu\/wp-content\/uploads\/2025\/10\/Traduction.jpg\",\"contentUrl\":\"https:\/\/abc-office.eu\/wp-content\/uploads\/2025\/10\/Traduction.jpg\",\"width\":650,\"height\":400},{\"@type\":\"BreadcrumbList\",\"@id\":\"https:\/\/abc-office.eu\/es\/traduccion\/#breadcrumb\",\"itemListElement\":[{\"@type\":\"ListItem\",\"position\":1,\"name\":\"Accueil\",\"item\":\"https:\/\/abc-office.eu\/es\/\"},{\"@type\":\"ListItem\",\"position\":2,\"name\":\"Traducci\u00f3n\"}]},{\"@type\":\"WebSite\",\"@id\":\"https:\/\/abc-office.eu\/es\/#website\",\"url\":\"https:\/\/abc-office.eu\/es\/\",\"name\":\"ABC Translation\",\"description\":\"info@abc-office.eu\",\"potentialAction\":[{\"@type\":\"SearchAction\",\"target\":{\"@type\":\"EntryPoint\",\"urlTemplate\":\"https:\/\/abc-office.eu\/es\/?s={search_term_string}\"},\"query-input\":{\"@type\":\"PropertyValueSpecification\",\"valueRequired\":true,\"valueName\":\"search_term_string\"}}],\"inLanguage\":\"es\"}]}<\/script>\n<!-- \/ Yoast SEO plugin. -->","yoast_head_json":{"title":"Traducci\u00f3n l Traducci\u00f3n oficial l Traducci\u00f3n profesional calidad","description":"Traducci\u00f3n para sus tr\u00e1mites administrativos l Traducci\u00f3n certificada y oficial l Reconocida por todas las instituciones en la UE","robots":{"index":"index","follow":"follow","max-snippet":"max-snippet:-1","max-image-preview":"max-image-preview:large","max-video-preview":"max-video-preview:-1"},"canonical":"https:\/\/abc-office.eu\/es\/traduccion\/","og_locale":"es_ES","og_type":"article","og_title":"Traducci\u00f3n l Traducci\u00f3n oficial l Traducci\u00f3n profesional calidad","og_description":"Traducci\u00f3n para sus tr\u00e1mites administrativos l Traducci\u00f3n certificada y oficial l Reconocida por todas las instituciones en la UE","og_url":"https:\/\/abc-office.eu\/es\/traduccion\/","og_site_name":"ABC Translation","article_modified_time":"2025-10-15T03:43:13+00:00","og_image":[{"width":650,"height":400,"url":"https:\/\/abc-office.eu\/wp-content\/uploads\/2025\/10\/Traduction.jpg","type":"image\/jpeg"}],"twitter_card":"summary_large_image","twitter_misc":{"Tiempo de lectura":"3 minutos"},"schema":{"@context":"https:\/\/schema.org","@graph":[{"@type":"WebPage","@id":"https:\/\/abc-office.eu\/es\/traduccion\/","url":"https:\/\/abc-office.eu\/es\/traduccion\/","name":"Traducci\u00f3n l Traducci\u00f3n oficial l Traducci\u00f3n profesional calidad","isPartOf":{"@id":"https:\/\/abc-office.eu\/es\/#website"},"primaryImageOfPage":{"@id":"https:\/\/abc-office.eu\/es\/traduccion\/#primaryimage"},"image":{"@id":"https:\/\/abc-office.eu\/es\/traduccion\/#primaryimage"},"thumbnailUrl":"https:\/\/abc-office.eu\/wp-content\/uploads\/2025\/10\/Traduction.jpg","datePublished":"2017-02-16T08:17:00+00:00","dateModified":"2025-10-15T03:43:13+00:00","description":"Traducci\u00f3n para sus tr\u00e1mites administrativos l Traducci\u00f3n certificada y oficial l Reconocida por todas las instituciones en la UE","breadcrumb":{"@id":"https:\/\/abc-office.eu\/es\/traduccion\/#breadcrumb"},"inLanguage":"es","potentialAction":[{"@type":"ReadAction","target":["https:\/\/abc-office.eu\/es\/traduccion\/"]}]},{"@type":"ImageObject","inLanguage":"es","@id":"https:\/\/abc-office.eu\/es\/traduccion\/#primaryimage","url":"https:\/\/abc-office.eu\/wp-content\/uploads\/2025\/10\/Traduction.jpg","contentUrl":"https:\/\/abc-office.eu\/wp-content\/uploads\/2025\/10\/Traduction.jpg","width":650,"height":400},{"@type":"BreadcrumbList","@id":"https:\/\/abc-office.eu\/es\/traduccion\/#breadcrumb","itemListElement":[{"@type":"ListItem","position":1,"name":"Accueil","item":"https:\/\/abc-office.eu\/es\/"},{"@type":"ListItem","position":2,"name":"Traducci\u00f3n"}]},{"@type":"WebSite","@id":"https:\/\/abc-office.eu\/es\/#website","url":"https:\/\/abc-office.eu\/es\/","name":"ABC Translation","description":"info@abc-office.eu","potentialAction":[{"@type":"SearchAction","target":{"@type":"EntryPoint","urlTemplate":"https:\/\/abc-office.eu\/es\/?s={search_term_string}"},"query-input":{"@type":"PropertyValueSpecification","valueRequired":true,"valueName":"search_term_string"}}],"inLanguage":"es"}]}},"_links":{"self":[{"href":"https:\/\/abc-office.eu\/es\/wp-json\/wp\/v2\/pages\/225821","targetHints":{"allow":["GET"]}}],"collection":[{"href":"https:\/\/abc-office.eu\/es\/wp-json\/wp\/v2\/pages"}],"about":[{"href":"https:\/\/abc-office.eu\/es\/wp-json\/wp\/v2\/types\/page"}],"author":[{"embeddable":true,"href":"https:\/\/abc-office.eu\/es\/wp-json\/wp\/v2\/users\/1"}],"replies":[{"embeddable":true,"href":"https:\/\/abc-office.eu\/es\/wp-json\/wp\/v2\/comments?post=225821"}],"version-history":[{"count":3,"href":"https:\/\/abc-office.eu\/es\/wp-json\/wp\/v2\/pages\/225821\/revisions"}],"predecessor-version":[{"id":226841,"href":"https:\/\/abc-office.eu\/es\/wp-json\/wp\/v2\/pages\/225821\/revisions\/226841"}],"wp:featuredmedia":[{"embeddable":true,"href":"https:\/\/abc-office.eu\/es\/wp-json\/wp\/v2\/media\/225822"}],"wp:attachment":[{"href":"https:\/\/abc-office.eu\/es\/wp-json\/wp\/v2\/media?parent=225821"}],"curies":[{"name":"wp","href":"https:\/\/api.w.org\/{rel}","templated":true}]}}