{"id":225808,"date":"2017-02-16T09:13:19","date_gmt":"2017-02-16T08:13:19","guid":{"rendered":"https:\/\/abc-office.eu\/?page_id=225808"},"modified":"2025-10-15T05:40:43","modified_gmt":"2025-10-15T03:40:43","slug":"inicio","status":"publish","type":"page","link":"https:\/\/abc-office.eu\/es\/","title":{"rendered":"Inicio"},"content":{"rendered":"<h2 data-start=\"109\" data-end=\"130\">ABC Translation<\/h2>\n<p style=\"text-align: justify;\">ABC Translation est\u00e1 especializada en varios \u00e1mbitos como la traducci\u00f3n, el sector inmobiliario, las legalizaciones, el derecho y los traslados de domicilio. Con un equipo de m\u00e1s de 500 empleados en todo el mundo, ABC Translation es l\u00edder en estos campos y puede actuar con gran rapidez gracias a su amplio equipo de profesionales cualificados. La empresa representa a 55 nacionalidades diferentes y tiene conexiones en m\u00e1s de 85 pa\u00edses. Ha sabido aprovechar la globalizaci\u00f3n para atraer a una clientela cada vez m\u00e1s exigente.<\/p>\n<p data-start=\"658\" data-end=\"690\"><strong data-start=\"658\" data-end=\"688\">ABC Translation en cifras:<\/strong><\/p>\n<ul>\n<li>500 empleados en todo el mundo<\/li>\n<li>60 idiomas hablados<\/li>\n<li>4000 proyectos al a\u00f1o<\/li>\n<li>M\u00e1s de 10 a\u00f1os de experiencia<\/li>\n<li>M\u00e1s de 1000 clientes profesionales regulares<\/li>\n<li>M\u00e1s de 2000 clientes particulares cada a\u00f1o<\/li>\n<\/ul>\n<p style=\"text-align: justify;\">Colaboramos con varias notar\u00edas para poder legalizar los distintos documentos en el menor tiempo posible. Para los documentos con destino al extranjero, trabajamos con embajadas, consulados y canciller\u00edas. Esta sinergia entre distintas entidades nos permite actuar con rapidez a la hora de traducir y legalizar sus documentos en un tiempo r\u00e9cord. Adem\u00e1s, nuestro servicio de mensajer\u00eda por bicicleta garantiza la entrega de documentos a las distintas oficinas respetando el medio ambiente. Para el env\u00edo final a Europa y a todo el mundo, utilizamos los servicios postales europeos y DHL.<\/p>\n<p style=\"text-align: justify;\">La calidad y la rapidez de nuestros servicios han marcado la diferencia a lo largo de los a\u00f1os. En este sector, la capacidad de respuesta es la clave del \u00e9xito. Nuestra infraestructura ha sido dise\u00f1ada para poder responder con mayor rapidez a las demandas de los clientes. Puede contactar r\u00e1pidamente con nosotros a trav\u00e9s del tel\u00e9fono o del correo electr\u00f3nico. Tambi\u00e9n puede utilizar el formulario de contacto disponible en el lado derecho de esta p\u00e1gina, especialmente para el env\u00edo de documentos. Por lo general, enviamos el presupuesto entre 10 y 20 minutos despu\u00e9s de recibir los archivos. Este incluir\u00e1 el precio total y el plazo de entrega del proyecto.<\/p>\n<p style=\"text-align: justify;\">Todo el equipo queda a su entera disposici\u00f3n y espera poder colaborar con usted.<\/p>\n<p data-start=\"2171\" data-end=\"2256\"><img loading=\"lazy\" decoding=\"async\" class=\"aligncenter wp-image-298\" src=\"https:\/\/abc-office.ch\/wp-content\/uploads\/2020\/03\/bim91-1024x682.jpg\" alt=\"ABC Translation\" width=\"674\" height=\"449\" \/><\/p>\n","protected":false},"excerpt":{"rendered":"<p>ABC Translation ABC Translation est\u00e1 especializada en varios \u00e1mbitos como la traducci\u00f3n, el sector inmobiliario, las legalizaciones, el derecho y los traslados de domicilio. Con un equipo de m\u00e1s de 500 empleados en todo el mundo, ABC Translation es l\u00edder en estos campos y puede actuar con gran rapidez gracias a su amplio equipo de&#8230;<\/p>\n","protected":false},"author":1,"featured_media":225810,"parent":0,"menu_order":0,"comment_status":"closed","ping_status":"closed","template":"","meta":{"sfsi_plus_gutenberg_text_before_share":"","sfsi_plus_gutenberg_show_text_before_share":"","sfsi_plus_gutenberg_icon_type":"","sfsi_plus_gutenberg_icon_alignemt":"","sfsi_plus_gutenburg_max_per_row":"","footnotes":""},"class_list":["post-225808","page","type-page","status-publish","has-post-thumbnail","hentry"],"yoast_head":"<!-- This site is optimized with the Yoast SEO plugin v23.8 - https:\/\/yoast.com\/wordpress\/plugins\/seo\/ -->\n<title>ABC Translation l Traducci\u00f3n l Legalizaci\u00f3n l Inmobiliario<\/title>\n<meta name=\"description\" content=\"ABC Translation l Legalizaci\u00f3n l Inmobiliario l Expatriados l Interpretaci\u00f3n l Notario l Bufete de abogados l Reubicaci\u00f3n de personas\" \/>\n<meta name=\"robots\" content=\"index, follow, max-snippet:-1, max-image-preview:large, max-video-preview:-1\" \/>\n<link rel=\"canonical\" href=\"https:\/\/abc-office.eu\/es\/\" \/>\n<meta property=\"og:locale\" content=\"es_ES\" \/>\n<meta property=\"og:type\" content=\"article\" \/>\n<meta property=\"og:title\" content=\"ABC Translation l Traducci\u00f3n l Legalizaci\u00f3n l Inmobiliario\" \/>\n<meta property=\"og:description\" content=\"ABC Translation l Legalizaci\u00f3n l Inmobiliario l Expatriados l Interpretaci\u00f3n l Notario l Bufete de abogados l Reubicaci\u00f3n de personas\" \/>\n<meta property=\"og:url\" content=\"https:\/\/abc-office.eu\/es\/\" \/>\n<meta property=\"og:site_name\" content=\"ABC Translation\" \/>\n<meta property=\"article:modified_time\" content=\"2025-10-15T03:40:43+00:00\" \/>\n<meta property=\"og:image\" content=\"https:\/\/abc-office.eu\/wp-content\/uploads\/2025\/10\/6190976a-768x433-1.jpg\" \/>\n\t<meta property=\"og:image:width\" content=\"768\" \/>\n\t<meta property=\"og:image:height\" content=\"433\" \/>\n\t<meta property=\"og:image:type\" content=\"image\/jpeg\" \/>\n<meta name=\"twitter:card\" content=\"summary_large_image\" \/>\n<meta name=\"twitter:label1\" content=\"Tiempo de lectura\" \/>\n\t<meta name=\"twitter:data1\" content=\"2 minutos\" \/>\n<script type=\"application\/ld+json\" class=\"yoast-schema-graph\">{\"@context\":\"https:\/\/schema.org\",\"@graph\":[{\"@type\":\"WebPage\",\"@id\":\"https:\/\/abc-office.eu\/es\/\",\"url\":\"https:\/\/abc-office.eu\/es\/\",\"name\":\"ABC Translation l Traducci\u00f3n l Legalizaci\u00f3n l Inmobiliario\",\"isPartOf\":{\"@id\":\"https:\/\/abc-office.eu\/es\/#website\"},\"primaryImageOfPage\":{\"@id\":\"https:\/\/abc-office.eu\/es\/#primaryimage\"},\"image\":{\"@id\":\"https:\/\/abc-office.eu\/es\/#primaryimage\"},\"thumbnailUrl\":\"https:\/\/abc-office.eu\/wp-content\/uploads\/2025\/10\/6190976a-768x433-1.jpg\",\"datePublished\":\"2017-02-16T08:13:19+00:00\",\"dateModified\":\"2025-10-15T03:40:43+00:00\",\"description\":\"ABC Translation l Legalizaci\u00f3n l Inmobiliario l Expatriados l Interpretaci\u00f3n l Notario l Bufete de abogados l Reubicaci\u00f3n de personas\",\"breadcrumb\":{\"@id\":\"https:\/\/abc-office.eu\/es\/#breadcrumb\"},\"inLanguage\":\"es\",\"potentialAction\":[{\"@type\":\"ReadAction\",\"target\":[\"https:\/\/abc-office.eu\/es\/\"]}]},{\"@type\":\"ImageObject\",\"inLanguage\":\"es\",\"@id\":\"https:\/\/abc-office.eu\/es\/#primaryimage\",\"url\":\"https:\/\/abc-office.eu\/wp-content\/uploads\/2025\/10\/6190976a-768x433-1.jpg\",\"contentUrl\":\"https:\/\/abc-office.eu\/wp-content\/uploads\/2025\/10\/6190976a-768x433-1.jpg\",\"width\":768,\"height\":433},{\"@type\":\"BreadcrumbList\",\"@id\":\"https:\/\/abc-office.eu\/es\/#breadcrumb\",\"itemListElement\":[{\"@type\":\"ListItem\",\"position\":1,\"name\":\"Accueil\",\"item\":\"https:\/\/abc-office.eu\/es\/\"},{\"@type\":\"ListItem\",\"position\":2,\"name\":\"Inicio\"}]},{\"@type\":\"WebSite\",\"@id\":\"https:\/\/abc-office.eu\/es\/#website\",\"url\":\"https:\/\/abc-office.eu\/es\/\",\"name\":\"ABC Translation\",\"description\":\"info@abc-office.eu\",\"potentialAction\":[{\"@type\":\"SearchAction\",\"target\":{\"@type\":\"EntryPoint\",\"urlTemplate\":\"https:\/\/abc-office.eu\/es\/?s={search_term_string}\"},\"query-input\":{\"@type\":\"PropertyValueSpecification\",\"valueRequired\":true,\"valueName\":\"search_term_string\"}}],\"inLanguage\":\"es\"}]}<\/script>\n<!-- \/ Yoast SEO plugin. -->","yoast_head_json":{"title":"ABC Translation l Traducci\u00f3n l Legalizaci\u00f3n l Inmobiliario","description":"ABC Translation l Legalizaci\u00f3n l Inmobiliario l Expatriados l Interpretaci\u00f3n l Notario l Bufete de abogados l Reubicaci\u00f3n de personas","robots":{"index":"index","follow":"follow","max-snippet":"max-snippet:-1","max-image-preview":"max-image-preview:large","max-video-preview":"max-video-preview:-1"},"canonical":"https:\/\/abc-office.eu\/es\/","og_locale":"es_ES","og_type":"article","og_title":"ABC Translation l Traducci\u00f3n l Legalizaci\u00f3n l Inmobiliario","og_description":"ABC Translation l Legalizaci\u00f3n l Inmobiliario l Expatriados l Interpretaci\u00f3n l Notario l Bufete de abogados l Reubicaci\u00f3n de personas","og_url":"https:\/\/abc-office.eu\/es\/","og_site_name":"ABC Translation","article_modified_time":"2025-10-15T03:40:43+00:00","og_image":[{"width":768,"height":433,"url":"https:\/\/abc-office.eu\/wp-content\/uploads\/2025\/10\/6190976a-768x433-1.jpg","type":"image\/jpeg"}],"twitter_card":"summary_large_image","twitter_misc":{"Tiempo de lectura":"2 minutos"},"schema":{"@context":"https:\/\/schema.org","@graph":[{"@type":"WebPage","@id":"https:\/\/abc-office.eu\/es\/","url":"https:\/\/abc-office.eu\/es\/","name":"ABC Translation l Traducci\u00f3n l Legalizaci\u00f3n l Inmobiliario","isPartOf":{"@id":"https:\/\/abc-office.eu\/es\/#website"},"primaryImageOfPage":{"@id":"https:\/\/abc-office.eu\/es\/#primaryimage"},"image":{"@id":"https:\/\/abc-office.eu\/es\/#primaryimage"},"thumbnailUrl":"https:\/\/abc-office.eu\/wp-content\/uploads\/2025\/10\/6190976a-768x433-1.jpg","datePublished":"2017-02-16T08:13:19+00:00","dateModified":"2025-10-15T03:40:43+00:00","description":"ABC Translation l Legalizaci\u00f3n l Inmobiliario l Expatriados l Interpretaci\u00f3n l Notario l Bufete de abogados l Reubicaci\u00f3n de personas","breadcrumb":{"@id":"https:\/\/abc-office.eu\/es\/#breadcrumb"},"inLanguage":"es","potentialAction":[{"@type":"ReadAction","target":["https:\/\/abc-office.eu\/es\/"]}]},{"@type":"ImageObject","inLanguage":"es","@id":"https:\/\/abc-office.eu\/es\/#primaryimage","url":"https:\/\/abc-office.eu\/wp-content\/uploads\/2025\/10\/6190976a-768x433-1.jpg","contentUrl":"https:\/\/abc-office.eu\/wp-content\/uploads\/2025\/10\/6190976a-768x433-1.jpg","width":768,"height":433},{"@type":"BreadcrumbList","@id":"https:\/\/abc-office.eu\/es\/#breadcrumb","itemListElement":[{"@type":"ListItem","position":1,"name":"Accueil","item":"https:\/\/abc-office.eu\/es\/"},{"@type":"ListItem","position":2,"name":"Inicio"}]},{"@type":"WebSite","@id":"https:\/\/abc-office.eu\/es\/#website","url":"https:\/\/abc-office.eu\/es\/","name":"ABC Translation","description":"info@abc-office.eu","potentialAction":[{"@type":"SearchAction","target":{"@type":"EntryPoint","urlTemplate":"https:\/\/abc-office.eu\/es\/?s={search_term_string}"},"query-input":{"@type":"PropertyValueSpecification","valueRequired":true,"valueName":"search_term_string"}}],"inLanguage":"es"}]}},"_links":{"self":[{"href":"https:\/\/abc-office.eu\/es\/wp-json\/wp\/v2\/pages\/225808","targetHints":{"allow":["GET"]}}],"collection":[{"href":"https:\/\/abc-office.eu\/es\/wp-json\/wp\/v2\/pages"}],"about":[{"href":"https:\/\/abc-office.eu\/es\/wp-json\/wp\/v2\/types\/page"}],"author":[{"embeddable":true,"href":"https:\/\/abc-office.eu\/es\/wp-json\/wp\/v2\/users\/1"}],"replies":[{"embeddable":true,"href":"https:\/\/abc-office.eu\/es\/wp-json\/wp\/v2\/comments?post=225808"}],"version-history":[{"count":3,"href":"https:\/\/abc-office.eu\/es\/wp-json\/wp\/v2\/pages\/225808\/revisions"}],"predecessor-version":[{"id":226839,"href":"https:\/\/abc-office.eu\/es\/wp-json\/wp\/v2\/pages\/225808\/revisions\/226839"}],"wp:featuredmedia":[{"embeddable":true,"href":"https:\/\/abc-office.eu\/es\/wp-json\/wp\/v2\/media\/225810"}],"wp:attachment":[{"href":"https:\/\/abc-office.eu\/es\/wp-json\/wp\/v2\/media?parent=225808"}],"curies":[{"name":"wp","href":"https:\/\/api.w.org\/{rel}","templated":true}]}}