{"id":225265,"date":"2022-05-04T15:10:29","date_gmt":"2022-05-04T13:10:29","guid":{"rendered":"https:\/\/abc-office.eu\/?page_id=225265"},"modified":"2025-10-10T16:59:15","modified_gmt":"2025-10-10T14:59:15","slug":"beglaubigte-uebersetzung-afrikaans-berlin","status":"publish","type":"page","link":"https:\/\/abc-office.eu\/de\/deutschland\/beglaubigte-uebersetzung-deutschland\/beglaubigte-uebersetzung-berlin\/beglaubigte-uebersetzung-afrikaans-berlin\/","title":{"rendered":"Beglaubigte \u00dcbersetzung Afrikaans Berlin"},"content":{"rendered":"<h2>Beglaubigte \u00dcbersetzung Afrikaans Berlin<\/h2>\n<p style=\"text-align: justify;\">Unsere \u00dcbersetzungsagentur ist auf beglaubigte und vereidigte \u00dcbersetzungen aus und ins Afrikaans spezialisiert. Unsere beeidigten Afrikaans-\u00dcbersetzer mit Sitz in Berlin k\u00f6nnen Ihre Anfrage schnell bearbeiten. Wir ben\u00f6tigen lediglich eine Kopie der zu \u00fcbersetzenden Dokumente (alle Formate werden akzeptiert). Die Originale sind nicht erforderlich (Beglaubigte \u00dcbersetzung Afrikaans Berlin).<\/p>\n<ol>\n<li style=\"text-align: justify;\">Zun\u00e4chst k\u00f6nnen Sie gerne unsere E-Mail-Adresse (<a href=\"mailto:info@abc-office.eu\">info@abc-office.eu<\/a>), das Kontaktformular oder unseren WhatsApp-Link nutzen.<\/li>\n<li style=\"text-align: justify;\">Zweitens geben Sie bitte die gew\u00fcnschte Zielsprache an und ob die \u00dcbersetzung durch einen Notar legalisiert und\/oder mit einer Apostille (Kanzlei) versehen werden soll.<\/li>\n<li style=\"text-align: justify;\">Drittens erstellt Ihnen einer unserer Projektmanager umgehend ein Angebot, das sowohl den Preis als auch die Bearbeitungszeit enth\u00e4lt. In der Regel antworten wir innerhalb von 30 Minuten. Sollten Sie nach mehr als einer Stunde keine Antwort erhalten, rufen Sie uns bitte an.<\/li>\n<li style=\"text-align: justify;\">Viertens und vor allem: Sobald das Angebot akzeptiert wurde, beginnen wir mit dem \u00dcbersetzungsprozess und senden Ihnen die beglaubigten \u00dcbersetzungen per Post. Falls Sie zus\u00e4tzlich eine Kopie per E-Mail ben\u00f6tigen, teilen Sie dies bitte dem Projektmanager mit \u2013 wir senden Ihnen diese vorab per E-Mail, bevor die Originale versandt werden.<\/li>\n<\/ol>\n<h3 data-start=\"1581\" data-end=\"1608\"><strong data-start=\"1585\" data-end=\"1606\">Bearbeitungszeit:<\/strong><\/h3>\n<p style=\"text-align: justify;\" data-start=\"1609\" data-end=\"1900\">Die beglaubigten \u00dcbersetzungen werden innerhalb von <strong data-start=\"1661\" data-end=\"1678\">2\u20133 Werktagen<\/strong> per Post oder DHL und\/oder per E-Mail verschickt. Die Frist h\u00e4ngt jedoch vom Umfang und Schwierigkeitsgrad der Dokumente ab. Ein einseitiges Dokument erhalten Sie in der Regel innerhalb von <strong data-start=\"1873\" data-end=\"1897\">2 Werktagen per Post<\/strong>.<\/p>\n<h3><strong data-start=\"1911\" data-end=\"1966\">Sprachen, die wir mit Afrikaans kombinieren k\u00f6nnen:<\/strong><\/h3>\n<p style=\"text-align: justify;\">Albanisch | Deutsch | Amerikanisch | Amharisch | Englisch | Arabisch | Armenisch | Aymara | Aserbaidschanisch | Baskisch | Bengalisch | Belarussisch | Birmanisch | Bosnisch | Brasilianisch | Bulgarisch | Kantonesisch | Katalanisch | Singhalesisch | Chinesisch | Vereinfachtes Chinesisch | Traditionelles Chinesisch | Koreanisch | Kroatisch | D\u00e4nisch | Dari | Estnisch | Ewe | Farsi | Finnisch | Georgisch | Griechisch | Guarani | Hebr\u00e4isch | Hindi | Ungarisch | Indonesisch | Italienisch | Japanisch | Kasachisch | Khmer | Kirgisisch | Kurdisch | Laotisch | Lettisch | Lingala | Litauisch | Mazedonisch | Malaiisch | Malayalam | Mandarin | Moldauisch | Mongolisch | Montenegrinisch | Niederl\u00e4ndisch | Norwegisch | Urdu | Usbekisch | Paschtu | Punjabi | Persisch | Fulfulde | Polnisch | Spanisch | Quechua | Rum\u00e4nisch | Russisch | Serbisch | Slowakisch | Slowenisch | Schwedisch | Tamil | Tschechisch | Thail\u00e4ndisch | T\u00fcrkisch | Turkmenisch | Ukrainisch | Vietnamesisch | Portugiesisch<\/p>\n<h3><strong data-start=\"2967\" data-end=\"3016\">Eine nicht abschlie\u00dfende Liste der Dokumente:<\/strong><\/h3>\n<p style=\"text-align: justify;\">Geburtsurkunde | Heiratsurkunde | Personenstandsurkunde | Bescheinigung | Patent | F\u00fchrungszeugnis | Zertifikat | Ledigkeitsbescheinigung | Sterbeurkunde | Familienbescheinigung | Arbeitszeugnis | Steuererkl\u00e4rung | Diplom | Reisepass | F\u00fchrerschein | Testament | Visum | Vertrag | Scheidungsvertrag | Ehevertrag | Urteil | Verfahren | Vollmacht | Protokoll<\/p>\n<h3><strong data-start=\"3389\" data-end=\"3487\">\u00dcbliche Arten von Zertifizierungen\/Legalisierungen (Beglaubigter Afrikaans-\u00dcbersetzer Berlin):<\/strong><\/h3>\n<ul>\n<li style=\"text-align: justify;\" data-start=\"3492\" data-end=\"3597\"><strong data-start=\"3492\" data-end=\"3520\">Beglaubigte \u00dcbersetzung:<\/strong> Wir versehen die \u00dcbersetzung mit unserem Stempel und unserer Unterschrift.<\/li>\n<li style=\"text-align: justify;\" data-start=\"3492\" data-end=\"3597\"><strong>Vereidigte \u00dcbersetzung:<\/strong> Wir bieten beglaubigte \u00dcbersetzungen durch einen vereidigten \u00dcbersetzer beim Landgericht an.<\/li>\n<li style=\"text-align: justify;\" data-start=\"3600\" data-end=\"3706\"><strong data-start=\"3600\" data-end=\"3629\">Legalisierte \u00dcbersetzung:<\/strong> Der Notar beglaubigt die Unterschrift des \u00dcbersetzers auf der \u00dcbersetzung.<\/li>\n<li style=\"text-align: justify;\" data-start=\"3709\" data-end=\"3793\"><strong data-start=\"3709\" data-end=\"3739\">\u00dcbersetzung mit Apostille:<\/strong> Die Kanzlei beglaubigt die Unterschrift des Notars.<\/li>\n<li style=\"text-align: justify;\" data-start=\"3796\" data-end=\"3960\"><strong data-start=\"3796\" data-end=\"3864\">Durch eine Botschaft oder ein Konsulat legalisierte \u00dcbersetzung:<\/strong> Wir organisieren die endg\u00fcltige Legalisierung \u00fcber die jeweilige Botschaft oder das Konsulat.<\/li>\n<\/ul>\n<p style=\"text-align: justify;\" data-start=\"3967\" data-end=\"4297\">Dank der richtigen Zertifizierung werden die \u00dcbersetzungen in Deutschland und im Ausland akzeptiert. Bei Fragen zur Art der Zertifizierung, die Sie f\u00fcr Ihre Dokumente ben\u00f6tigen, z\u00f6gern Sie nicht, unser Team zu kontaktieren. Wir begleiten Sie gerne durch den gesamten Prozess (Beglaubigter Afrikaans-\u00dcbersetzer Berlin).<\/p>\n<p data-start=\"4299\" data-end=\"4349\">Wir freuen uns auf die Zusammenarbeit mit Ihnen.<\/p>\n<p data-start=\"4351\" data-end=\"4376\"><a href=\"https:\/\/abc-office.eu\/de\/\"><strong data-start=\"4351\" data-end=\"4374\">ABC Translation LLC<\/strong><\/a><\/p>\n<p>&nbsp;<\/p>\n<p><img loading=\"lazy\" decoding=\"async\" class=\"aligncenter wp-image-271\" src=\"https:\/\/abc-office.ch\/wp-content\/uploads\/2018\/06\/imageedit_1_6241191614.gif\" alt=\"Beglaubigte \u00dcbersetzung Afrikaans Berlin\" width=\"437\" height=\"437\" \/><\/p>\n","protected":false},"excerpt":{"rendered":"<p>Beglaubigte \u00dcbersetzung Afrikaans Berlin Unsere \u00dcbersetzungsagentur ist auf beglaubigte und vereidigte \u00dcbersetzungen aus und ins Afrikaans spezialisiert. Unsere beeidigten Afrikaans-\u00dcbersetzer mit Sitz in Berlin k\u00f6nnen Ihre Anfrage schnell bearbeiten. Wir ben\u00f6tigen lediglich eine Kopie der zu \u00fcbersetzenden Dokumente (alle Formate werden akzeptiert). Die Originale sind nicht erforderlich (Beglaubigte \u00dcbersetzung Afrikaans Berlin). Zun\u00e4chst k\u00f6nnen Sie gerne&#8230;<\/p>\n","protected":false},"author":1,"featured_media":30132,"parent":225263,"menu_order":0,"comment_status":"closed","ping_status":"closed","template":"","meta":{"sfsi_plus_gutenberg_text_before_share":"","sfsi_plus_gutenberg_show_text_before_share":"","sfsi_plus_gutenberg_icon_type":"","sfsi_plus_gutenberg_icon_alignemt":"","sfsi_plus_gutenburg_max_per_row":"","footnotes":""},"class_list":["post-225265","page","type-page","status-publish","has-post-thumbnail","hentry"],"yoast_head":"<!-- This site is optimized with the Yoast SEO plugin v23.8 - https:\/\/yoast.com\/wordpress\/plugins\/seo\/ -->\n<title>Beglaubigte \u00dcbersetzung Afrikaans Berlin | Vereidigter \u00dcbersetzer<\/title>\n<meta name=\"description\" content=\"ABC Translation | Beglaubigte \u00dcbersetzung Afrikaans Berlin | Vereidigter Afrikaans-\u00dcbersetzer Berlin | Amtliche Afrikaans-\u00dcbersetzung Berlin\" \/>\n<meta name=\"robots\" content=\"index, follow, max-snippet:-1, max-image-preview:large, max-video-preview:-1\" \/>\n<link rel=\"canonical\" href=\"https:\/\/abc-office.eu\/de\/deutschland\/beglaubigte-uebersetzung-deutschland\/beglaubigte-uebersetzung-berlin\/beglaubigte-uebersetzung-afrikaans-berlin\/\" \/>\n<meta property=\"og:locale\" content=\"de_DE\" \/>\n<meta property=\"og:type\" content=\"article\" \/>\n<meta property=\"og:title\" content=\"Beglaubigte \u00dcbersetzung Afrikaans Berlin | Vereidigter \u00dcbersetzer\" \/>\n<meta property=\"og:description\" content=\"ABC Translation | Beglaubigte \u00dcbersetzung Afrikaans Berlin | Vereidigter Afrikaans-\u00dcbersetzer Berlin | Amtliche Afrikaans-\u00dcbersetzung Berlin\" \/>\n<meta property=\"og:url\" content=\"https:\/\/abc-office.eu\/de\/deutschland\/beglaubigte-uebersetzung-deutschland\/beglaubigte-uebersetzung-berlin\/beglaubigte-uebersetzung-afrikaans-berlin\/\" \/>\n<meta property=\"og:site_name\" content=\"ABC Translation\" \/>\n<meta property=\"article:modified_time\" content=\"2025-10-10T14:59:15+00:00\" \/>\n<meta property=\"og:image\" content=\"https:\/\/abc-office.eu\/wp-content\/uploads\/2022\/05\/Afrikaans.jpg\" \/>\n\t<meta property=\"og:image:width\" content=\"669\" \/>\n\t<meta property=\"og:image:height\" content=\"491\" \/>\n\t<meta property=\"og:image:type\" content=\"image\/jpeg\" \/>\n<meta name=\"twitter:card\" content=\"summary_large_image\" \/>\n<meta name=\"twitter:label1\" content=\"Gesch\u00e4tzte Lesezeit\" \/>\n\t<meta name=\"twitter:data1\" content=\"3\u00a0Minuten\" \/>\n<script type=\"application\/ld+json\" class=\"yoast-schema-graph\">{\"@context\":\"https:\/\/schema.org\",\"@graph\":[{\"@type\":\"WebPage\",\"@id\":\"https:\/\/abc-office.eu\/de\/deutschland\/beglaubigte-uebersetzung-deutschland\/beglaubigte-uebersetzung-berlin\/beglaubigte-uebersetzung-afrikaans-berlin\/\",\"url\":\"https:\/\/abc-office.eu\/de\/deutschland\/beglaubigte-uebersetzung-deutschland\/beglaubigte-uebersetzung-berlin\/beglaubigte-uebersetzung-afrikaans-berlin\/\",\"name\":\"Beglaubigte \u00dcbersetzung Afrikaans Berlin | Vereidigter \u00dcbersetzer\",\"isPartOf\":{\"@id\":\"https:\/\/abc-office.eu\/de\/#website\"},\"primaryImageOfPage\":{\"@id\":\"https:\/\/abc-office.eu\/de\/deutschland\/beglaubigte-uebersetzung-deutschland\/beglaubigte-uebersetzung-berlin\/beglaubigte-uebersetzung-afrikaans-berlin\/#primaryimage\"},\"image\":{\"@id\":\"https:\/\/abc-office.eu\/de\/deutschland\/beglaubigte-uebersetzung-deutschland\/beglaubigte-uebersetzung-berlin\/beglaubigte-uebersetzung-afrikaans-berlin\/#primaryimage\"},\"thumbnailUrl\":\"https:\/\/abc-office.eu\/wp-content\/uploads\/2022\/05\/Afrikaans.jpg\",\"datePublished\":\"2022-05-04T13:10:29+00:00\",\"dateModified\":\"2025-10-10T14:59:15+00:00\",\"description\":\"ABC Translation | Beglaubigte \u00dcbersetzung Afrikaans Berlin | Vereidigter Afrikaans-\u00dcbersetzer Berlin | Amtliche Afrikaans-\u00dcbersetzung Berlin\",\"breadcrumb\":{\"@id\":\"https:\/\/abc-office.eu\/de\/deutschland\/beglaubigte-uebersetzung-deutschland\/beglaubigte-uebersetzung-berlin\/beglaubigte-uebersetzung-afrikaans-berlin\/#breadcrumb\"},\"inLanguage\":\"de\",\"potentialAction\":[{\"@type\":\"ReadAction\",\"target\":[\"https:\/\/abc-office.eu\/de\/deutschland\/beglaubigte-uebersetzung-deutschland\/beglaubigte-uebersetzung-berlin\/beglaubigte-uebersetzung-afrikaans-berlin\/\"]}]},{\"@type\":\"ImageObject\",\"inLanguage\":\"de\",\"@id\":\"https:\/\/abc-office.eu\/de\/deutschland\/beglaubigte-uebersetzung-deutschland\/beglaubigte-uebersetzung-berlin\/beglaubigte-uebersetzung-afrikaans-berlin\/#primaryimage\",\"url\":\"https:\/\/abc-office.eu\/wp-content\/uploads\/2022\/05\/Afrikaans.jpg\",\"contentUrl\":\"https:\/\/abc-office.eu\/wp-content\/uploads\/2022\/05\/Afrikaans.jpg\",\"width\":669,\"height\":491},{\"@type\":\"BreadcrumbList\",\"@id\":\"https:\/\/abc-office.eu\/de\/deutschland\/beglaubigte-uebersetzung-deutschland\/beglaubigte-uebersetzung-berlin\/beglaubigte-uebersetzung-afrikaans-berlin\/#breadcrumb\",\"itemListElement\":[{\"@type\":\"ListItem\",\"position\":1,\"name\":\"Accueil\",\"item\":\"https:\/\/abc-office.eu\/de\/\"},{\"@type\":\"ListItem\",\"position\":2,\"name\":\"Deutschland\",\"item\":\"https:\/\/abc-office.eu\/de\/deutschland\/\"},{\"@type\":\"ListItem\",\"position\":3,\"name\":\"Beglaubigte \u00dcbersetzung Deutschland\",\"item\":\"https:\/\/abc-office.eu\/de\/deutschland\/beglaubigte-uebersetzung-deutschland\/\"},{\"@type\":\"ListItem\",\"position\":4,\"name\":\"Beglaubigte \u00dcbersetzung Berlin\",\"item\":\"https:\/\/abc-office.eu\/de\/deutschland\/beglaubigte-uebersetzung-deutschland\/beglaubigte-uebersetzung-berlin\/\"},{\"@type\":\"ListItem\",\"position\":5,\"name\":\"Beglaubigte \u00dcbersetzung Afrikaans Berlin\"}]},{\"@type\":\"WebSite\",\"@id\":\"https:\/\/abc-office.eu\/de\/#website\",\"url\":\"https:\/\/abc-office.eu\/de\/\",\"name\":\"ABC Translation\",\"description\":\"info@abc-office.eu\",\"potentialAction\":[{\"@type\":\"SearchAction\",\"target\":{\"@type\":\"EntryPoint\",\"urlTemplate\":\"https:\/\/abc-office.eu\/de\/?s={search_term_string}\"},\"query-input\":{\"@type\":\"PropertyValueSpecification\",\"valueRequired\":true,\"valueName\":\"search_term_string\"}}],\"inLanguage\":\"de\"}]}<\/script>\n<!-- \/ Yoast SEO plugin. -->","yoast_head_json":{"title":"Beglaubigte \u00dcbersetzung Afrikaans Berlin | Vereidigter \u00dcbersetzer","description":"ABC Translation | Beglaubigte \u00dcbersetzung Afrikaans Berlin | Vereidigter Afrikaans-\u00dcbersetzer Berlin | Amtliche Afrikaans-\u00dcbersetzung Berlin","robots":{"index":"index","follow":"follow","max-snippet":"max-snippet:-1","max-image-preview":"max-image-preview:large","max-video-preview":"max-video-preview:-1"},"canonical":"https:\/\/abc-office.eu\/de\/deutschland\/beglaubigte-uebersetzung-deutschland\/beglaubigte-uebersetzung-berlin\/beglaubigte-uebersetzung-afrikaans-berlin\/","og_locale":"de_DE","og_type":"article","og_title":"Beglaubigte \u00dcbersetzung Afrikaans Berlin | Vereidigter \u00dcbersetzer","og_description":"ABC Translation | Beglaubigte \u00dcbersetzung Afrikaans Berlin | Vereidigter Afrikaans-\u00dcbersetzer Berlin | Amtliche Afrikaans-\u00dcbersetzung Berlin","og_url":"https:\/\/abc-office.eu\/de\/deutschland\/beglaubigte-uebersetzung-deutschland\/beglaubigte-uebersetzung-berlin\/beglaubigte-uebersetzung-afrikaans-berlin\/","og_site_name":"ABC Translation","article_modified_time":"2025-10-10T14:59:15+00:00","og_image":[{"width":669,"height":491,"url":"https:\/\/abc-office.eu\/wp-content\/uploads\/2022\/05\/Afrikaans.jpg","type":"image\/jpeg"}],"twitter_card":"summary_large_image","twitter_misc":{"Gesch\u00e4tzte Lesezeit":"3\u00a0Minuten"},"schema":{"@context":"https:\/\/schema.org","@graph":[{"@type":"WebPage","@id":"https:\/\/abc-office.eu\/de\/deutschland\/beglaubigte-uebersetzung-deutschland\/beglaubigte-uebersetzung-berlin\/beglaubigte-uebersetzung-afrikaans-berlin\/","url":"https:\/\/abc-office.eu\/de\/deutschland\/beglaubigte-uebersetzung-deutschland\/beglaubigte-uebersetzung-berlin\/beglaubigte-uebersetzung-afrikaans-berlin\/","name":"Beglaubigte \u00dcbersetzung Afrikaans Berlin | Vereidigter \u00dcbersetzer","isPartOf":{"@id":"https:\/\/abc-office.eu\/de\/#website"},"primaryImageOfPage":{"@id":"https:\/\/abc-office.eu\/de\/deutschland\/beglaubigte-uebersetzung-deutschland\/beglaubigte-uebersetzung-berlin\/beglaubigte-uebersetzung-afrikaans-berlin\/#primaryimage"},"image":{"@id":"https:\/\/abc-office.eu\/de\/deutschland\/beglaubigte-uebersetzung-deutschland\/beglaubigte-uebersetzung-berlin\/beglaubigte-uebersetzung-afrikaans-berlin\/#primaryimage"},"thumbnailUrl":"https:\/\/abc-office.eu\/wp-content\/uploads\/2022\/05\/Afrikaans.jpg","datePublished":"2022-05-04T13:10:29+00:00","dateModified":"2025-10-10T14:59:15+00:00","description":"ABC Translation | Beglaubigte \u00dcbersetzung Afrikaans Berlin | Vereidigter Afrikaans-\u00dcbersetzer Berlin | Amtliche Afrikaans-\u00dcbersetzung Berlin","breadcrumb":{"@id":"https:\/\/abc-office.eu\/de\/deutschland\/beglaubigte-uebersetzung-deutschland\/beglaubigte-uebersetzung-berlin\/beglaubigte-uebersetzung-afrikaans-berlin\/#breadcrumb"},"inLanguage":"de","potentialAction":[{"@type":"ReadAction","target":["https:\/\/abc-office.eu\/de\/deutschland\/beglaubigte-uebersetzung-deutschland\/beglaubigte-uebersetzung-berlin\/beglaubigte-uebersetzung-afrikaans-berlin\/"]}]},{"@type":"ImageObject","inLanguage":"de","@id":"https:\/\/abc-office.eu\/de\/deutschland\/beglaubigte-uebersetzung-deutschland\/beglaubigte-uebersetzung-berlin\/beglaubigte-uebersetzung-afrikaans-berlin\/#primaryimage","url":"https:\/\/abc-office.eu\/wp-content\/uploads\/2022\/05\/Afrikaans.jpg","contentUrl":"https:\/\/abc-office.eu\/wp-content\/uploads\/2022\/05\/Afrikaans.jpg","width":669,"height":491},{"@type":"BreadcrumbList","@id":"https:\/\/abc-office.eu\/de\/deutschland\/beglaubigte-uebersetzung-deutschland\/beglaubigte-uebersetzung-berlin\/beglaubigte-uebersetzung-afrikaans-berlin\/#breadcrumb","itemListElement":[{"@type":"ListItem","position":1,"name":"Accueil","item":"https:\/\/abc-office.eu\/de\/"},{"@type":"ListItem","position":2,"name":"Deutschland","item":"https:\/\/abc-office.eu\/de\/deutschland\/"},{"@type":"ListItem","position":3,"name":"Beglaubigte \u00dcbersetzung Deutschland","item":"https:\/\/abc-office.eu\/de\/deutschland\/beglaubigte-uebersetzung-deutschland\/"},{"@type":"ListItem","position":4,"name":"Beglaubigte \u00dcbersetzung Berlin","item":"https:\/\/abc-office.eu\/de\/deutschland\/beglaubigte-uebersetzung-deutschland\/beglaubigte-uebersetzung-berlin\/"},{"@type":"ListItem","position":5,"name":"Beglaubigte \u00dcbersetzung Afrikaans Berlin"}]},{"@type":"WebSite","@id":"https:\/\/abc-office.eu\/de\/#website","url":"https:\/\/abc-office.eu\/de\/","name":"ABC Translation","description":"info@abc-office.eu","potentialAction":[{"@type":"SearchAction","target":{"@type":"EntryPoint","urlTemplate":"https:\/\/abc-office.eu\/de\/?s={search_term_string}"},"query-input":{"@type":"PropertyValueSpecification","valueRequired":true,"valueName":"search_term_string"}}],"inLanguage":"de"}]}},"_links":{"self":[{"href":"https:\/\/abc-office.eu\/de\/wp-json\/wp\/v2\/pages\/225265","targetHints":{"allow":["GET"]}}],"collection":[{"href":"https:\/\/abc-office.eu\/de\/wp-json\/wp\/v2\/pages"}],"about":[{"href":"https:\/\/abc-office.eu\/de\/wp-json\/wp\/v2\/types\/page"}],"author":[{"embeddable":true,"href":"https:\/\/abc-office.eu\/de\/wp-json\/wp\/v2\/users\/1"}],"replies":[{"embeddable":true,"href":"https:\/\/abc-office.eu\/de\/wp-json\/wp\/v2\/comments?post=225265"}],"version-history":[{"count":1,"href":"https:\/\/abc-office.eu\/de\/wp-json\/wp\/v2\/pages\/225265\/revisions"}],"predecessor-version":[{"id":225266,"href":"https:\/\/abc-office.eu\/de\/wp-json\/wp\/v2\/pages\/225265\/revisions\/225266"}],"up":[{"embeddable":true,"href":"https:\/\/abc-office.eu\/de\/wp-json\/wp\/v2\/pages\/225263"}],"wp:featuredmedia":[{"embeddable":true,"href":"https:\/\/abc-office.eu\/de\/wp-json\/wp\/v2\/media\/30132"}],"wp:attachment":[{"href":"https:\/\/abc-office.eu\/de\/wp-json\/wp\/v2\/media?parent=225265"}],"curies":[{"name":"wp","href":"https:\/\/api.w.org\/{rel}","templated":true}]}}