{"id":225263,"date":"2022-04-25T16:29:33","date_gmt":"2022-04-25T14:29:33","guid":{"rendered":"https:\/\/abc-office.eu\/?page_id=225263"},"modified":"2025-10-14T16:53:48","modified_gmt":"2025-10-14T14:53:48","slug":"beglaubigte-uebersetzung-berlin","status":"publish","type":"page","link":"https:\/\/abc-office.eu\/de\/deutschland\/beglaubigte-uebersetzung-deutschland\/beglaubigte-uebersetzung-berlin\/","title":{"rendered":"Beglaubigte \u00dcbersetzung Berlin"},"content":{"rendered":"<h2 data-start=\"134\" data-end=\"171\"><strong data-start=\"137\" data-end=\"171\">Beglaubigte \u00dcbersetzung Berlin<\/strong><\/h2>\n<p style=\"text-align: justify;\" data-start=\"173\" data-end=\"553\">Unsere \u00dcbersetzungsagentur ist auf beglaubigte und vereidigte \u00dcbersetzungen in mehr als 80 Sprachen spezialisiert. Unser Team mit Sitz in Berlin kann Ihre Anfrage schnell bearbeiten. Wir ben\u00f6tigen lediglich eine Kopie der zu \u00fcbersetzenden Dokumente (alle Formate werden akzeptiert). Die Originaldokumente sind nicht erforderlich (Beglaubigte \u00dcbersetzung Berlin).<\/p>\n<ol>\n<li style=\"text-align: justify;\">Zun\u00e4chst k\u00f6nnen Sie gerne unsere <strong data-start=\"593\" data-end=\"632\">E-Mail-Adresse<\/strong> (<a href=\"mailto:info@abc-office.eu\">info@abc-office.eu<\/a>), das <strong data-start=\"638\" data-end=\"657\">Kontaktformular<\/strong> oder unseren <strong data-start=\"671\" data-end=\"688\">WhatsApp-Link<\/strong> nutzen.<\/li>\n<li style=\"text-align: justify;\">Zweitens geben Sie bitte die Zielsprache an und ob die \u00dcbersetzung durch einen Notar legalisiert und\/oder mit einer Apostille (Kanzlei) versehen werden soll.<\/li>\n<li style=\"text-align: justify;\">Drittens erstellt Ihnen einer unserer Projektmanager zeitnah ein <strong data-start=\"936\" data-end=\"947\">Angebot<\/strong>, das sowohl den Preis als auch die Bearbeitungszeit f\u00fcr Ihr Projekt enth\u00e4lt. In der Regel antworten wir innerhalb von <strong data-start=\"1066\" data-end=\"1080\">30 Minuten<\/strong>. Sollten Sie nach mehr als einer Stunde keine Antwort erhalten, rufen Sie uns bitte an.<\/li>\n<li style=\"text-align: justify;\">Viertens und vor allem: Sobald das Angebot akzeptiert wurde, beginnen wir mit dem <strong data-start=\"1253\" data-end=\"1276\">\u00dcbersetzungsprozess<\/strong> und senden Ihnen die <strong data-start=\"1298\" data-end=\"1337\">beglaubigten \u00dcbersetzungen per Post<\/strong> zu. Falls Sie zus\u00e4tzlich eine <strong data-start=\"1368\" data-end=\"1388\">Kopie per E-Mail<\/strong> ben\u00f6tigen, informieren Sie bitte den Projektmanager \u2013 wir senden Ihnen diese vorab per E-Mail, bevor die Originale verschickt werden.<\/li>\n<\/ol>\n<h3 data-start=\"1531\" data-end=\"1558\"><strong data-start=\"1535\" data-end=\"1556\">Bearbeitungszeit:<\/strong><\/h3>\n<p style=\"text-align: justify;\" data-start=\"1559\" data-end=\"1863\">Die beglaubigten \u00dcbersetzungen werden innerhalb von <strong data-start=\"1611\" data-end=\"1628\">2\u20133 Werktagen<\/strong> per Post oder DHL und\/oder per E-Mail verschickt. Die Frist h\u00e4ngt jedoch vom Umfang und Schwierigkeitsgrad der Dokumente ab. Ein einseitiges Dokument erhalten Sie zum Beispiel in der Regel innerhalb von <strong data-start=\"1836\" data-end=\"1860\">2 Werktagen per Post<\/strong>.<\/p>\n<h3><strong data-start=\"1874\" data-end=\"1899\">Unsere Hauptsprachen:<\/strong><\/h3>\n<p style=\"text-align: justify;\">Afrikaans | Albanisch | Deutsch | Amerikanisch | Amharisch | Englisch | Arabisch | Armenisch | Aymara | Aserbaidschanisch | Baskisch | Bengalisch | Belarussisch | Birmanisch | Bosnisch | Brasilianisch | Bulgarisch | Kantonesisch | Katalanisch | Singhalesisch | Chinesisch | Vereinfachtes Chinesisch | Traditionelles Chinesisch | Koreanisch | Kroatisch | D\u00e4nisch | Dari | Spanisch | Estnisch | Ewe | Farsi | Finnisch | Georgisch | Griechisch | Guarani | Hebr\u00e4isch | Hindi | Ungarisch | Indonesisch | Italienisch | Japanisch | Kasachisch | Khmer | Kirgisisch | Kurdisch | Laotisch | Lettisch | Lingala | Litauisch | Mazedonisch | Malaiisch | Malayalam | Mandarin | Moldauisch | Mongolisch | Montenegrinisch | Niederl\u00e4ndisch | Norwegisch | Urdu | Usbekisch | Paschtu | Punjabi | Persisch | Fulfulde | Polnisch | Portugiesisch | Quechua | Rum\u00e4nisch | Russisch | Serbisch | Slowakisch | Slowenisch | Schwedisch | Tamil | Tschechisch | Thail\u00e4ndisch | T\u00fcrkisch | Turkmenisch | Ukrainisch | Vietnamesisch<\/p>\n<h3><strong data-start=\"2912\" data-end=\"2961\">Nicht abschlie\u00dfende Liste der Dokumente:<\/strong><\/h3>\n<p style=\"text-align: justify;\">Geburtsurkunde | Heiratsurkunde | Personenstandsurkunde | Bescheinigung | Patent | F\u00fchrungszeugnis | Zertifikat | Ledigkeitsbescheinigung | Sterbeurkunde | Familienbescheinigung | Arbeitszeugnis | Steuererkl\u00e4rung | Diplom | Reisepass | F\u00fchrerschein | Testament | Visum | Vertrag | Scheidungsvertrag | Ehevertrag | Urteil | Verfahren | Vollmacht | Protokoll<\/p>\n<h3><strong data-start=\"3334\" data-end=\"3422\">\u00dcbliche Arten von Zertifizierungen\/Legalisierungen (Beglaubigte \u00dcbersetzung Berlin):<\/strong><\/h3>\n<ul>\n<li style=\"text-align: justify;\" data-start=\"3427\" data-end=\"3532\"><strong data-start=\"3427\" data-end=\"3455\">Beglaubigte \u00dcbersetzung:<\/strong> Wir versehen die \u00dcbersetzung mit unserem Stempel und unserer Unterschrift.<\/li>\n<li style=\"text-align: justify;\" data-start=\"3427\" data-end=\"3532\"><strong>Vereidigte \u00dcbersetzung:<\/strong> Wir bieten beglaubigte \u00dcbersetzungen durch einen vereidigten \u00dcbersetzer beim Landgericht an.<\/li>\n<li style=\"text-align: justify;\" data-start=\"3535\" data-end=\"3641\"><strong data-start=\"3535\" data-end=\"3564\">Legalisierte \u00dcbersetzung:<\/strong> Der Notar beglaubigt die Unterschrift des \u00dcbersetzers auf der \u00dcbersetzung.<\/li>\n<li style=\"text-align: justify;\" data-start=\"3644\" data-end=\"3728\"><strong data-start=\"3644\" data-end=\"3674\">\u00dcbersetzung mit Apostille:<\/strong> Die Kanzlei beglaubigt die Unterschrift des Notars.<\/li>\n<\/ul>\n<p style=\"text-align: justify;\" data-start=\"3735\" data-end=\"4055\">Dank der richtigen Zertifizierung werden die \u00dcbersetzungen in <strong data-start=\"3797\" data-end=\"3827\">Deutschland und im Ausland<\/strong> akzeptiert. Bei Fragen zur Art der Zertifizierung, die Sie f\u00fcr Ihre Dokumente ben\u00f6tigen, z\u00f6gern Sie nicht, unser Team zu kontaktieren. Wir begleiten Sie gerne durch den gesamten Prozess (Beglaubigte \u00dcbersetzung Berlin).<\/p>\n<p style=\"text-align: justify;\" data-start=\"4057\" data-end=\"4107\">Wir freuen uns auf die Zusammenarbeit mit Ihnen.<\/p>\n<p data-start=\"4109\" data-end=\"4134\"><a href=\"https:\/\/agence-de-traduction.ch\/de\/\"><strong data-start=\"4109\" data-end=\"4132\">ABC Translation LLC<\/strong><\/a><\/p>\n<p>&nbsp;<\/p>\n<p><img loading=\"lazy\" decoding=\"async\" class=\"aligncenter wp-image-271\" src=\"https:\/\/abc-office.ch\/wp-content\/uploads\/2018\/06\/imageedit_1_6241191614.gif\" alt=\"Beglaubigte \u00dcbersetzung Berlin\" width=\"437\" height=\"437\" \/><\/p>\n","protected":false},"excerpt":{"rendered":"<p>Beglaubigte \u00dcbersetzung Berlin Unsere \u00dcbersetzungsagentur ist auf beglaubigte und vereidigte \u00dcbersetzungen in mehr als 80 Sprachen spezialisiert. Unser Team mit Sitz in Berlin kann Ihre Anfrage schnell bearbeiten. Wir ben\u00f6tigen lediglich eine Kopie der zu \u00fcbersetzenden Dokumente (alle Formate werden akzeptiert). Die Originaldokumente sind nicht erforderlich (Beglaubigte \u00dcbersetzung Berlin). Zun\u00e4chst k\u00f6nnen Sie gerne unsere E-Mail-Adresse&#8230;<\/p>\n","protected":false},"author":1,"featured_media":29159,"parent":225259,"menu_order":0,"comment_status":"closed","ping_status":"closed","template":"","meta":{"sfsi_plus_gutenberg_text_before_share":"","sfsi_plus_gutenberg_show_text_before_share":"","sfsi_plus_gutenberg_icon_type":"","sfsi_plus_gutenberg_icon_alignemt":"","sfsi_plus_gutenburg_max_per_row":"","footnotes":""},"class_list":["post-225263","page","type-page","status-publish","has-post-thumbnail","hentry"],"yoast_head":"<!-- This site is optimized with the Yoast SEO plugin v23.8 - https:\/\/yoast.com\/wordpress\/plugins\/seo\/ -->\n<title>Beglaubigte \u00dcbersetzungen Berlin | Vereidigte \u00dcbersetzer Berlin<\/title>\n<meta name=\"description\" content=\"ABC Translation | Beglaubigte \u00dcbersetzung Berlin | Vereidigter \u00dcbersetzer Berlin | Amtliche \u00dcbersetzung Berlin | Beglaubigter \u00dcbersetzer\" \/>\n<meta name=\"robots\" content=\"index, follow, max-snippet:-1, max-image-preview:large, max-video-preview:-1\" \/>\n<link rel=\"canonical\" href=\"https:\/\/abc-office.eu\/de\/deutschland\/beglaubigte-uebersetzung-deutschland\/beglaubigte-uebersetzung-berlin\/\" \/>\n<meta property=\"og:locale\" content=\"de_DE\" \/>\n<meta property=\"og:type\" content=\"article\" \/>\n<meta property=\"og:title\" content=\"Beglaubigte \u00dcbersetzungen Berlin | Vereidigte \u00dcbersetzer Berlin\" \/>\n<meta property=\"og:description\" content=\"ABC Translation | Beglaubigte \u00dcbersetzung Berlin | Vereidigter \u00dcbersetzer Berlin | Amtliche \u00dcbersetzung Berlin | Beglaubigter \u00dcbersetzer\" \/>\n<meta property=\"og:url\" content=\"https:\/\/abc-office.eu\/de\/deutschland\/beglaubigte-uebersetzung-deutschland\/beglaubigte-uebersetzung-berlin\/\" \/>\n<meta property=\"og:site_name\" content=\"ABC Translation\" \/>\n<meta property=\"article:modified_time\" content=\"2025-10-14T14:53:48+00:00\" \/>\n<meta property=\"og:image\" content=\"https:\/\/abc-office.eu\/wp-content\/uploads\/2022\/04\/Berlin.jpg\" \/>\n\t<meta property=\"og:image:width\" content=\"1600\" \/>\n\t<meta property=\"og:image:height\" content=\"1067\" \/>\n\t<meta property=\"og:image:type\" content=\"image\/jpeg\" \/>\n<meta name=\"twitter:card\" content=\"summary_large_image\" \/>\n<meta name=\"twitter:label1\" content=\"Gesch\u00e4tzte Lesezeit\" \/>\n\t<meta name=\"twitter:data1\" content=\"3\u00a0Minuten\" \/>\n<script type=\"application\/ld+json\" class=\"yoast-schema-graph\">{\"@context\":\"https:\/\/schema.org\",\"@graph\":[{\"@type\":\"WebPage\",\"@id\":\"https:\/\/abc-office.eu\/de\/deutschland\/beglaubigte-uebersetzung-deutschland\/beglaubigte-uebersetzung-berlin\/\",\"url\":\"https:\/\/abc-office.eu\/de\/deutschland\/beglaubigte-uebersetzung-deutschland\/beglaubigte-uebersetzung-berlin\/\",\"name\":\"Beglaubigte \u00dcbersetzungen Berlin | Vereidigte \u00dcbersetzer Berlin\",\"isPartOf\":{\"@id\":\"https:\/\/abc-office.eu\/de\/#website\"},\"primaryImageOfPage\":{\"@id\":\"https:\/\/abc-office.eu\/de\/deutschland\/beglaubigte-uebersetzung-deutschland\/beglaubigte-uebersetzung-berlin\/#primaryimage\"},\"image\":{\"@id\":\"https:\/\/abc-office.eu\/de\/deutschland\/beglaubigte-uebersetzung-deutschland\/beglaubigte-uebersetzung-berlin\/#primaryimage\"},\"thumbnailUrl\":\"https:\/\/abc-office.eu\/wp-content\/uploads\/2022\/04\/Berlin.jpg\",\"datePublished\":\"2022-04-25T14:29:33+00:00\",\"dateModified\":\"2025-10-14T14:53:48+00:00\",\"description\":\"ABC Translation | Beglaubigte \u00dcbersetzung Berlin | Vereidigter \u00dcbersetzer Berlin | Amtliche \u00dcbersetzung Berlin | Beglaubigter \u00dcbersetzer\",\"breadcrumb\":{\"@id\":\"https:\/\/abc-office.eu\/de\/deutschland\/beglaubigte-uebersetzung-deutschland\/beglaubigte-uebersetzung-berlin\/#breadcrumb\"},\"inLanguage\":\"de\",\"potentialAction\":[{\"@type\":\"ReadAction\",\"target\":[\"https:\/\/abc-office.eu\/de\/deutschland\/beglaubigte-uebersetzung-deutschland\/beglaubigte-uebersetzung-berlin\/\"]}]},{\"@type\":\"ImageObject\",\"inLanguage\":\"de\",\"@id\":\"https:\/\/abc-office.eu\/de\/deutschland\/beglaubigte-uebersetzung-deutschland\/beglaubigte-uebersetzung-berlin\/#primaryimage\",\"url\":\"https:\/\/abc-office.eu\/wp-content\/uploads\/2022\/04\/Berlin.jpg\",\"contentUrl\":\"https:\/\/abc-office.eu\/wp-content\/uploads\/2022\/04\/Berlin.jpg\",\"width\":1600,\"height\":1067},{\"@type\":\"BreadcrumbList\",\"@id\":\"https:\/\/abc-office.eu\/de\/deutschland\/beglaubigte-uebersetzung-deutschland\/beglaubigte-uebersetzung-berlin\/#breadcrumb\",\"itemListElement\":[{\"@type\":\"ListItem\",\"position\":1,\"name\":\"Accueil\",\"item\":\"https:\/\/abc-office.eu\/de\/\"},{\"@type\":\"ListItem\",\"position\":2,\"name\":\"Deutschland\",\"item\":\"https:\/\/abc-office.eu\/de\/deutschland\/\"},{\"@type\":\"ListItem\",\"position\":3,\"name\":\"Beglaubigte \u00dcbersetzung Deutschland\",\"item\":\"https:\/\/abc-office.eu\/de\/deutschland\/beglaubigte-uebersetzung-deutschland\/\"},{\"@type\":\"ListItem\",\"position\":4,\"name\":\"Beglaubigte \u00dcbersetzung Berlin\"}]},{\"@type\":\"WebSite\",\"@id\":\"https:\/\/abc-office.eu\/de\/#website\",\"url\":\"https:\/\/abc-office.eu\/de\/\",\"name\":\"ABC Translation\",\"description\":\"info@abc-office.eu\",\"potentialAction\":[{\"@type\":\"SearchAction\",\"target\":{\"@type\":\"EntryPoint\",\"urlTemplate\":\"https:\/\/abc-office.eu\/de\/?s={search_term_string}\"},\"query-input\":{\"@type\":\"PropertyValueSpecification\",\"valueRequired\":true,\"valueName\":\"search_term_string\"}}],\"inLanguage\":\"de\"}]}<\/script>\n<!-- \/ Yoast SEO plugin. -->","yoast_head_json":{"title":"Beglaubigte \u00dcbersetzungen Berlin | Vereidigte \u00dcbersetzer Berlin","description":"ABC Translation | Beglaubigte \u00dcbersetzung Berlin | Vereidigter \u00dcbersetzer Berlin | Amtliche \u00dcbersetzung Berlin | Beglaubigter \u00dcbersetzer","robots":{"index":"index","follow":"follow","max-snippet":"max-snippet:-1","max-image-preview":"max-image-preview:large","max-video-preview":"max-video-preview:-1"},"canonical":"https:\/\/abc-office.eu\/de\/deutschland\/beglaubigte-uebersetzung-deutschland\/beglaubigte-uebersetzung-berlin\/","og_locale":"de_DE","og_type":"article","og_title":"Beglaubigte \u00dcbersetzungen Berlin | Vereidigte \u00dcbersetzer Berlin","og_description":"ABC Translation | Beglaubigte \u00dcbersetzung Berlin | Vereidigter \u00dcbersetzer Berlin | Amtliche \u00dcbersetzung Berlin | Beglaubigter \u00dcbersetzer","og_url":"https:\/\/abc-office.eu\/de\/deutschland\/beglaubigte-uebersetzung-deutschland\/beglaubigte-uebersetzung-berlin\/","og_site_name":"ABC Translation","article_modified_time":"2025-10-14T14:53:48+00:00","og_image":[{"width":1600,"height":1067,"url":"https:\/\/abc-office.eu\/wp-content\/uploads\/2022\/04\/Berlin.jpg","type":"image\/jpeg"}],"twitter_card":"summary_large_image","twitter_misc":{"Gesch\u00e4tzte Lesezeit":"3\u00a0Minuten"},"schema":{"@context":"https:\/\/schema.org","@graph":[{"@type":"WebPage","@id":"https:\/\/abc-office.eu\/de\/deutschland\/beglaubigte-uebersetzung-deutschland\/beglaubigte-uebersetzung-berlin\/","url":"https:\/\/abc-office.eu\/de\/deutschland\/beglaubigte-uebersetzung-deutschland\/beglaubigte-uebersetzung-berlin\/","name":"Beglaubigte \u00dcbersetzungen Berlin | Vereidigte \u00dcbersetzer Berlin","isPartOf":{"@id":"https:\/\/abc-office.eu\/de\/#website"},"primaryImageOfPage":{"@id":"https:\/\/abc-office.eu\/de\/deutschland\/beglaubigte-uebersetzung-deutschland\/beglaubigte-uebersetzung-berlin\/#primaryimage"},"image":{"@id":"https:\/\/abc-office.eu\/de\/deutschland\/beglaubigte-uebersetzung-deutschland\/beglaubigte-uebersetzung-berlin\/#primaryimage"},"thumbnailUrl":"https:\/\/abc-office.eu\/wp-content\/uploads\/2022\/04\/Berlin.jpg","datePublished":"2022-04-25T14:29:33+00:00","dateModified":"2025-10-14T14:53:48+00:00","description":"ABC Translation | Beglaubigte \u00dcbersetzung Berlin | Vereidigter \u00dcbersetzer Berlin | Amtliche \u00dcbersetzung Berlin | Beglaubigter \u00dcbersetzer","breadcrumb":{"@id":"https:\/\/abc-office.eu\/de\/deutschland\/beglaubigte-uebersetzung-deutschland\/beglaubigte-uebersetzung-berlin\/#breadcrumb"},"inLanguage":"de","potentialAction":[{"@type":"ReadAction","target":["https:\/\/abc-office.eu\/de\/deutschland\/beglaubigte-uebersetzung-deutschland\/beglaubigte-uebersetzung-berlin\/"]}]},{"@type":"ImageObject","inLanguage":"de","@id":"https:\/\/abc-office.eu\/de\/deutschland\/beglaubigte-uebersetzung-deutschland\/beglaubigte-uebersetzung-berlin\/#primaryimage","url":"https:\/\/abc-office.eu\/wp-content\/uploads\/2022\/04\/Berlin.jpg","contentUrl":"https:\/\/abc-office.eu\/wp-content\/uploads\/2022\/04\/Berlin.jpg","width":1600,"height":1067},{"@type":"BreadcrumbList","@id":"https:\/\/abc-office.eu\/de\/deutschland\/beglaubigte-uebersetzung-deutschland\/beglaubigte-uebersetzung-berlin\/#breadcrumb","itemListElement":[{"@type":"ListItem","position":1,"name":"Accueil","item":"https:\/\/abc-office.eu\/de\/"},{"@type":"ListItem","position":2,"name":"Deutschland","item":"https:\/\/abc-office.eu\/de\/deutschland\/"},{"@type":"ListItem","position":3,"name":"Beglaubigte \u00dcbersetzung Deutschland","item":"https:\/\/abc-office.eu\/de\/deutschland\/beglaubigte-uebersetzung-deutschland\/"},{"@type":"ListItem","position":4,"name":"Beglaubigte \u00dcbersetzung Berlin"}]},{"@type":"WebSite","@id":"https:\/\/abc-office.eu\/de\/#website","url":"https:\/\/abc-office.eu\/de\/","name":"ABC Translation","description":"info@abc-office.eu","potentialAction":[{"@type":"SearchAction","target":{"@type":"EntryPoint","urlTemplate":"https:\/\/abc-office.eu\/de\/?s={search_term_string}"},"query-input":{"@type":"PropertyValueSpecification","valueRequired":true,"valueName":"search_term_string"}}],"inLanguage":"de"}]}},"_links":{"self":[{"href":"https:\/\/abc-office.eu\/de\/wp-json\/wp\/v2\/pages\/225263","targetHints":{"allow":["GET"]}}],"collection":[{"href":"https:\/\/abc-office.eu\/de\/wp-json\/wp\/v2\/pages"}],"about":[{"href":"https:\/\/abc-office.eu\/de\/wp-json\/wp\/v2\/types\/page"}],"author":[{"embeddable":true,"href":"https:\/\/abc-office.eu\/de\/wp-json\/wp\/v2\/users\/1"}],"replies":[{"embeddable":true,"href":"https:\/\/abc-office.eu\/de\/wp-json\/wp\/v2\/comments?post=225263"}],"version-history":[{"count":2,"href":"https:\/\/abc-office.eu\/de\/wp-json\/wp\/v2\/pages\/225263\/revisions"}],"predecessor-version":[{"id":226697,"href":"https:\/\/abc-office.eu\/de\/wp-json\/wp\/v2\/pages\/225263\/revisions\/226697"}],"up":[{"embeddable":true,"href":"https:\/\/abc-office.eu\/de\/wp-json\/wp\/v2\/pages\/225259"}],"wp:featuredmedia":[{"embeddable":true,"href":"https:\/\/abc-office.eu\/de\/wp-json\/wp\/v2\/media\/29159"}],"wp:attachment":[{"href":"https:\/\/abc-office.eu\/de\/wp-json\/wp\/v2\/media?parent=225263"}],"curies":[{"name":"wp","href":"https:\/\/api.w.org\/{rel}","templated":true}]}}