{"id":225259,"date":"2022-04-25T15:05:08","date_gmt":"2022-04-25T13:05:08","guid":{"rendered":"https:\/\/abc-office.eu\/?page_id=225259"},"modified":"2025-10-14T16:52:14","modified_gmt":"2025-10-14T14:52:14","slug":"beglaubigte-uebersetzung-deutschland","status":"publish","type":"page","link":"https:\/\/abc-office.eu\/de\/deutschland\/beglaubigte-uebersetzung-deutschland\/","title":{"rendered":"Beglaubigte \u00dcbersetzung Deutschland"},"content":{"rendered":"\r\n<h2>Beglaubigte \u00dcbersetzung Deutschland<\/h2>\r\n<p style=\"text-align: justify;\" data-start=\"184\" data-end=\"518\">Unsere Agentur, ABC Translation, ist seit vielen Jahren auf den Bereich der beglaubigten \u00dcbersetzungen spezialisiert. Wir bieten Ihnen s\u00e4mtliche Dienstleistungen in diesem Bereich an \u2013 sei es eine amtliche \u00dcbersetzung, eine einfache \u00dcbersetzung oder ein Dolmetschbedarf (Beglaubigte \u00dcbersetzung Deutschland).<\/p>\r\n<p style=\"text-align: justify;\" data-start=\"520\" data-end=\"1081\">Mit einem Team von \u00fcber 500 \u00dcbersetzern und Dolmetschern sind wir in der Lage, jedes Projekt innerhalb k\u00fcrzester Fristen zu bearbeiten. Qualit\u00e4t und Schnelligkeit sind unsere Leitmotive, um Ergebnisse zu liefern, die stets den Erwartungen unserer Kunden entsprechen. Wir sind im gesamten deutschen Bundesgebiet vertreten. Dank dieser Pr\u00e4senz und unserer schnellen Bearbeitungszeiten konnten wir uns weiterentwickeln und bieten heute \u00dcbersetzungsdienste in mehr als 60 verschiedenen Sprachen an (Beglaubigte \u00dcbersetzung Deutschland).<\/p>\r\n<h3 data-start=\"1088\" data-end=\"1117\"><strong data-start=\"1092\" data-end=\"1117\">Amtliche \u00dcbersetzung:<\/strong><\/h3>\r\n<p style=\"text-align: justify;\" data-start=\"1119\" data-end=\"1532\">Wir sind auf beglaubigte \u00dcbersetzungen spezialisiert, um Ihnen Ihre Schritte bei der Ankunft in Deutschland oder f\u00fcr eine Reise ins Ausland zu erleichtern. \u00dcbersetzungen werden in der Regel bei unserem Notar legalisiert und anschlie\u00dfend von der Kanzlei mit einer Apostille oder einer Legalisierung versehen \u2013 je nach den geltenden Konventionen. Die Fristen unserer Kunden sind oft sehr kurz.<\/p>\r\n<p style=\"text-align: justify;\" data-start=\"1534\" data-end=\"1940\">Deshalb haben wir ein System eingerichtet, das es erm\u00f6glicht, Dokumente in Rekordzeit zu \u00fcbersetzen, zu legalisieren und mit Apostille zu versehen. Zum Beispiel ben\u00f6tigen wir zwei Tage, um die verschiedenen Schritte f\u00fcr ein Dokument mit weniger als 5 Seiten durchzuf\u00fchren. Diese \u00dcbersetzungen k\u00f6nnen anschlie\u00dfend, falls erforderlich, auch durch das Konsulat des Ziellandes legalisiert werden.<\/p>\r\n<p style=\"text-align: justify;\" data-start=\"1942\" data-end=\"2322\">Auch die amtliche \u00dcbersetzung zur Anerkennung Ihrer ausl\u00e4ndischen Diplome in Deutschland geh\u00f6rt zu unserem Leistungsspektrum. Wir \u00fcbersetzen die Dokumente und lassen sie anschlie\u00dfend von unserem Notar legalisieren, sodass sie von den zust\u00e4ndigen Anerkennungsstellen akzeptiert werden. Ihre Unterlagen sind damit vollst\u00e4ndig f\u00fcr die Pr\u00fcfung durch die Anerkennungsstellen.<\/p>\r\n<h3 data-start=\"2329\" data-end=\"2346\"><strong data-start=\"2333\" data-end=\"2346\">Sprachen:<\/strong><\/h3>\r\n<p style=\"text-align: justify;\" data-start=\"2348\" data-end=\"3346\">Afrikaans | Albanisch | Deutsch | Amerikanisch | Amharisch | Englisch | Arabisch | Armenisch | Aymara | Aserbaidschanisch | Baskisch | Bengalisch | Belarussisch | Birmanisch | Bosnisch | Brasilianisch | Bulgarisch | Kantonesisch | Katalanisch | Singhalesisch | Chinesisch | Vereinfachtes Chinesisch | Traditionelles Chinesisch | Koreanisch | Kroatisch | D\u00e4nisch | Dari | Spanisch | Estnisch | Ewe | Farsi | Finnisch | Georgisch | Griechisch | Guarani | Hebr\u00e4isch | Hindi | Ungarisch | Indonesisch | Italienisch | Japanisch | Kasachisch | Khmer | Kirgisisch | Kurdisch | Laotisch | Lettisch | Lingala | Litauisch | Mazedonisch | Malaiisch | Malayalam | Mandarin | Moldauisch | Mongolisch | Montenegrinisch | Niederl\u00e4ndisch | Norwegisch | Urdu | Usbekisch | Paschtu | Punjabi | Persisch | Fulfulde | Polnisch | Portugiesisch | Quechua | Rum\u00e4nisch | Russisch | Serbisch | Slowakisch | Slowenisch | Schwedisch | Tamil | Tschechisch | Thail\u00e4ndisch | T\u00fcrkisch | Turkmenisch | Ukrainisch | Vietnamesisch<\/p>\r\n<h3 data-start=\"3353\" data-end=\"3371\"><strong data-start=\"3357\" data-end=\"3371\">Dokumente:<\/strong><\/h3>\r\n<p style=\"text-align: justify;\" data-start=\"3373\" data-end=\"3731\">Geburtsurkunde | Heiratsurkunde | Personenstandsurkunde | Bescheinigung | Patent | F\u00fchrungszeugnis | Zertifikat | Ledigkeitsbescheinigung | Sterbeurkunde | Familienbescheinigung | Arbeitszeugnis | Steuererkl\u00e4rung | Diplom | Reisepass | F\u00fchrerschein | Testament | Visum | Vertrag | Scheidungsvertrag | Ehevertrag | Urteil | Verfahren | Vollmacht | Protokoll<\/p>\r\n<p>F\u00fcr eine andere Sprache z\u00f6gern Sie nicht, uns zu <a href=\"https:\/\/abc-office.eu\/de\/kontakt\/\">kontaktieren<\/a>. <img loading=\"lazy\" decoding=\"async\" class=\"aligncenter wp-image-26 size-medium\" src=\"https:\/\/abc-office.ch\/wp-content\/uploads\/2018\/06\/imageedit_1_6241191614-300x300.gif\" alt=\"Beglaubigte \u00dcbersetzung Deutschland\" width=\"300\" height=\"300\" \/><\/p>","protected":false},"excerpt":{"rendered":"<p>Beglaubigte \u00dcbersetzung Deutschland Unsere Agentur, ABC Translation, ist seit vielen Jahren auf den Bereich der beglaubigten \u00dcbersetzungen spezialisiert. Wir bieten Ihnen s\u00e4mtliche Dienstleistungen in diesem Bereich an \u2013 sei es eine amtliche \u00dcbersetzung, eine einfache \u00dcbersetzung oder ein Dolmetschbedarf (Beglaubigte \u00dcbersetzung Deutschland). Mit einem Team von \u00fcber 500 \u00dcbersetzern und Dolmetschern sind wir in der&#8230;<\/p>\n","protected":false},"author":1,"featured_media":44479,"parent":225254,"menu_order":0,"comment_status":"closed","ping_status":"closed","template":"","meta":{"sfsi_plus_gutenberg_text_before_share":"","sfsi_plus_gutenberg_show_text_before_share":"","sfsi_plus_gutenberg_icon_type":"","sfsi_plus_gutenberg_icon_alignemt":"","sfsi_plus_gutenburg_max_per_row":"","footnotes":""},"class_list":["post-225259","page","type-page","status-publish","has-post-thumbnail","hentry"],"yoast_head":"<!-- This site is optimized with the Yoast SEO plugin v23.8 - https:\/\/yoast.com\/wordpress\/plugins\/seo\/ -->\n<title>Beglaubigte \u00dcbersetzung Deutschland | Vereidigter \u00dcbersetzer<\/title>\n<meta name=\"description\" content=\"ABC Translation | Beglaubigte \u00dcbersetzung Deutschland | Vereidigter \u00dcbersetzer Deutschland | Amtliche \u00dcbersetzung Deutschland\" \/>\n<meta name=\"robots\" content=\"index, follow, max-snippet:-1, max-image-preview:large, max-video-preview:-1\" \/>\n<link rel=\"canonical\" href=\"https:\/\/abc-office.eu\/de\/deutschland\/beglaubigte-uebersetzung-deutschland\/\" \/>\n<meta property=\"og:locale\" content=\"de_DE\" \/>\n<meta property=\"og:type\" content=\"article\" \/>\n<meta property=\"og:title\" content=\"Beglaubigte \u00dcbersetzung Deutschland | Vereidigter \u00dcbersetzer\" \/>\n<meta property=\"og:description\" content=\"ABC Translation | Beglaubigte \u00dcbersetzung Deutschland | Vereidigter \u00dcbersetzer Deutschland | Amtliche \u00dcbersetzung Deutschland\" \/>\n<meta property=\"og:url\" content=\"https:\/\/abc-office.eu\/de\/deutschland\/beglaubigte-uebersetzung-deutschland\/\" \/>\n<meta property=\"og:site_name\" content=\"ABC Translation\" \/>\n<meta property=\"article:modified_time\" content=\"2025-10-14T14:52:14+00:00\" \/>\n<meta property=\"og:image\" content=\"https:\/\/abc-office.eu\/wp-content\/uploads\/2022\/09\/image.jpg\" \/>\n\t<meta property=\"og:image:width\" content=\"1024\" \/>\n\t<meta property=\"og:image:height\" content=\"719\" \/>\n\t<meta property=\"og:image:type\" content=\"image\/jpeg\" \/>\n<meta name=\"twitter:card\" content=\"summary_large_image\" \/>\n<meta name=\"twitter:label1\" content=\"Gesch\u00e4tzte Lesezeit\" \/>\n\t<meta name=\"twitter:data1\" content=\"3\u00a0Minuten\" \/>\n<script type=\"application\/ld+json\" class=\"yoast-schema-graph\">{\"@context\":\"https:\/\/schema.org\",\"@graph\":[{\"@type\":\"WebPage\",\"@id\":\"https:\/\/abc-office.eu\/de\/deutschland\/beglaubigte-uebersetzung-deutschland\/\",\"url\":\"https:\/\/abc-office.eu\/de\/deutschland\/beglaubigte-uebersetzung-deutschland\/\",\"name\":\"Beglaubigte \u00dcbersetzung Deutschland | Vereidigter \u00dcbersetzer\",\"isPartOf\":{\"@id\":\"https:\/\/abc-office.eu\/de\/#website\"},\"primaryImageOfPage\":{\"@id\":\"https:\/\/abc-office.eu\/de\/deutschland\/beglaubigte-uebersetzung-deutschland\/#primaryimage\"},\"image\":{\"@id\":\"https:\/\/abc-office.eu\/de\/deutschland\/beglaubigte-uebersetzung-deutschland\/#primaryimage\"},\"thumbnailUrl\":\"https:\/\/abc-office.eu\/wp-content\/uploads\/2022\/09\/image.jpg\",\"datePublished\":\"2022-04-25T13:05:08+00:00\",\"dateModified\":\"2025-10-14T14:52:14+00:00\",\"description\":\"ABC Translation | Beglaubigte \u00dcbersetzung Deutschland | Vereidigter \u00dcbersetzer Deutschland | Amtliche \u00dcbersetzung Deutschland\",\"breadcrumb\":{\"@id\":\"https:\/\/abc-office.eu\/de\/deutschland\/beglaubigte-uebersetzung-deutschland\/#breadcrumb\"},\"inLanguage\":\"de\",\"potentialAction\":[{\"@type\":\"ReadAction\",\"target\":[\"https:\/\/abc-office.eu\/de\/deutschland\/beglaubigte-uebersetzung-deutschland\/\"]}]},{\"@type\":\"ImageObject\",\"inLanguage\":\"de\",\"@id\":\"https:\/\/abc-office.eu\/de\/deutschland\/beglaubigte-uebersetzung-deutschland\/#primaryimage\",\"url\":\"https:\/\/abc-office.eu\/wp-content\/uploads\/2022\/09\/image.jpg\",\"contentUrl\":\"https:\/\/abc-office.eu\/wp-content\/uploads\/2022\/09\/image.jpg\",\"width\":1024,\"height\":719},{\"@type\":\"BreadcrumbList\",\"@id\":\"https:\/\/abc-office.eu\/de\/deutschland\/beglaubigte-uebersetzung-deutschland\/#breadcrumb\",\"itemListElement\":[{\"@type\":\"ListItem\",\"position\":1,\"name\":\"Accueil\",\"item\":\"https:\/\/abc-office.eu\/de\/\"},{\"@type\":\"ListItem\",\"position\":2,\"name\":\"Deutschland\",\"item\":\"https:\/\/abc-office.eu\/de\/deutschland\/\"},{\"@type\":\"ListItem\",\"position\":3,\"name\":\"Beglaubigte \u00dcbersetzung Deutschland\"}]},{\"@type\":\"WebSite\",\"@id\":\"https:\/\/abc-office.eu\/de\/#website\",\"url\":\"https:\/\/abc-office.eu\/de\/\",\"name\":\"ABC Translation\",\"description\":\"info@abc-office.eu\",\"potentialAction\":[{\"@type\":\"SearchAction\",\"target\":{\"@type\":\"EntryPoint\",\"urlTemplate\":\"https:\/\/abc-office.eu\/de\/?s={search_term_string}\"},\"query-input\":{\"@type\":\"PropertyValueSpecification\",\"valueRequired\":true,\"valueName\":\"search_term_string\"}}],\"inLanguage\":\"de\"}]}<\/script>\n<!-- \/ Yoast SEO plugin. -->","yoast_head_json":{"title":"Beglaubigte \u00dcbersetzung Deutschland | Vereidigter \u00dcbersetzer","description":"ABC Translation | Beglaubigte \u00dcbersetzung Deutschland | Vereidigter \u00dcbersetzer Deutschland | Amtliche \u00dcbersetzung Deutschland","robots":{"index":"index","follow":"follow","max-snippet":"max-snippet:-1","max-image-preview":"max-image-preview:large","max-video-preview":"max-video-preview:-1"},"canonical":"https:\/\/abc-office.eu\/de\/deutschland\/beglaubigte-uebersetzung-deutschland\/","og_locale":"de_DE","og_type":"article","og_title":"Beglaubigte \u00dcbersetzung Deutschland | Vereidigter \u00dcbersetzer","og_description":"ABC Translation | Beglaubigte \u00dcbersetzung Deutschland | Vereidigter \u00dcbersetzer Deutschland | Amtliche \u00dcbersetzung Deutschland","og_url":"https:\/\/abc-office.eu\/de\/deutschland\/beglaubigte-uebersetzung-deutschland\/","og_site_name":"ABC Translation","article_modified_time":"2025-10-14T14:52:14+00:00","og_image":[{"width":1024,"height":719,"url":"https:\/\/abc-office.eu\/wp-content\/uploads\/2022\/09\/image.jpg","type":"image\/jpeg"}],"twitter_card":"summary_large_image","twitter_misc":{"Gesch\u00e4tzte Lesezeit":"3\u00a0Minuten"},"schema":{"@context":"https:\/\/schema.org","@graph":[{"@type":"WebPage","@id":"https:\/\/abc-office.eu\/de\/deutschland\/beglaubigte-uebersetzung-deutschland\/","url":"https:\/\/abc-office.eu\/de\/deutschland\/beglaubigte-uebersetzung-deutschland\/","name":"Beglaubigte \u00dcbersetzung Deutschland | Vereidigter \u00dcbersetzer","isPartOf":{"@id":"https:\/\/abc-office.eu\/de\/#website"},"primaryImageOfPage":{"@id":"https:\/\/abc-office.eu\/de\/deutschland\/beglaubigte-uebersetzung-deutschland\/#primaryimage"},"image":{"@id":"https:\/\/abc-office.eu\/de\/deutschland\/beglaubigte-uebersetzung-deutschland\/#primaryimage"},"thumbnailUrl":"https:\/\/abc-office.eu\/wp-content\/uploads\/2022\/09\/image.jpg","datePublished":"2022-04-25T13:05:08+00:00","dateModified":"2025-10-14T14:52:14+00:00","description":"ABC Translation | Beglaubigte \u00dcbersetzung Deutschland | Vereidigter \u00dcbersetzer Deutschland | Amtliche \u00dcbersetzung Deutschland","breadcrumb":{"@id":"https:\/\/abc-office.eu\/de\/deutschland\/beglaubigte-uebersetzung-deutschland\/#breadcrumb"},"inLanguage":"de","potentialAction":[{"@type":"ReadAction","target":["https:\/\/abc-office.eu\/de\/deutschland\/beglaubigte-uebersetzung-deutschland\/"]}]},{"@type":"ImageObject","inLanguage":"de","@id":"https:\/\/abc-office.eu\/de\/deutschland\/beglaubigte-uebersetzung-deutschland\/#primaryimage","url":"https:\/\/abc-office.eu\/wp-content\/uploads\/2022\/09\/image.jpg","contentUrl":"https:\/\/abc-office.eu\/wp-content\/uploads\/2022\/09\/image.jpg","width":1024,"height":719},{"@type":"BreadcrumbList","@id":"https:\/\/abc-office.eu\/de\/deutschland\/beglaubigte-uebersetzung-deutschland\/#breadcrumb","itemListElement":[{"@type":"ListItem","position":1,"name":"Accueil","item":"https:\/\/abc-office.eu\/de\/"},{"@type":"ListItem","position":2,"name":"Deutschland","item":"https:\/\/abc-office.eu\/de\/deutschland\/"},{"@type":"ListItem","position":3,"name":"Beglaubigte \u00dcbersetzung Deutschland"}]},{"@type":"WebSite","@id":"https:\/\/abc-office.eu\/de\/#website","url":"https:\/\/abc-office.eu\/de\/","name":"ABC Translation","description":"info@abc-office.eu","potentialAction":[{"@type":"SearchAction","target":{"@type":"EntryPoint","urlTemplate":"https:\/\/abc-office.eu\/de\/?s={search_term_string}"},"query-input":{"@type":"PropertyValueSpecification","valueRequired":true,"valueName":"search_term_string"}}],"inLanguage":"de"}]}},"_links":{"self":[{"href":"https:\/\/abc-office.eu\/de\/wp-json\/wp\/v2\/pages\/225259","targetHints":{"allow":["GET"]}}],"collection":[{"href":"https:\/\/abc-office.eu\/de\/wp-json\/wp\/v2\/pages"}],"about":[{"href":"https:\/\/abc-office.eu\/de\/wp-json\/wp\/v2\/types\/page"}],"author":[{"embeddable":true,"href":"https:\/\/abc-office.eu\/de\/wp-json\/wp\/v2\/users\/1"}],"replies":[{"embeddable":true,"href":"https:\/\/abc-office.eu\/de\/wp-json\/wp\/v2\/comments?post=225259"}],"version-history":[{"count":3,"href":"https:\/\/abc-office.eu\/de\/wp-json\/wp\/v2\/pages\/225259\/revisions"}],"predecessor-version":[{"id":226696,"href":"https:\/\/abc-office.eu\/de\/wp-json\/wp\/v2\/pages\/225259\/revisions\/226696"}],"up":[{"embeddable":true,"href":"https:\/\/abc-office.eu\/de\/wp-json\/wp\/v2\/pages\/225254"}],"wp:featuredmedia":[{"embeddable":true,"href":"https:\/\/abc-office.eu\/de\/wp-json\/wp\/v2\/media\/44479"}],"wp:attachment":[{"href":"https:\/\/abc-office.eu\/de\/wp-json\/wp\/v2\/media?parent=225259"}],"curies":[{"name":"wp","href":"https:\/\/api.w.org\/{rel}","templated":true}]}}