{"id":225254,"date":"2022-04-25T13:35:17","date_gmt":"2022-04-25T11:35:17","guid":{"rendered":"https:\/\/abc-office.eu\/?page_id=225254"},"modified":"2025-10-10T16:01:04","modified_gmt":"2025-10-10T14:01:04","slug":"deutschland","status":"publish","type":"page","link":"https:\/\/abc-office.eu\/de\/deutschland\/","title":{"rendered":"Deutschland"},"content":{"rendered":"<h2>Deutschland<\/h2>\n<p style=\"text-align: justify;\">Unsere \u00dcbersetzungs- und Legalisierungsagentur ist auf <strong data-start=\"193\" data-end=\"261\">beglaubigte und vereidigte \u00dcbersetzungen in mehr als 80 Sprachen<\/strong> sowie auf <strong data-start=\"272\" data-end=\"291\">Legalisierungen<\/strong> spezialisiert. Unser Team mit Sitz in Deutschland kann Ihre Anfrage schnell bearbeiten. Wir ben\u00f6tigen lediglich eine <strong data-start=\"411\" data-end=\"451\">Kopie der zu \u00fcbersetzenden Dokumente<\/strong> (alle Formate werden akzeptiert). Die Originaldokumente sind nicht mehr erforderlich (Deutschland).<\/p>\n<ol>\n<li style=\"text-align: justify;\">Zun\u00e4chst k\u00f6nnen Sie gerne unsere <strong data-start=\"593\" data-end=\"632\">E-Mail-Adresse<\/strong> (<a href=\"mailto:info@abc-office.eu\">info@abc-office.eu<\/a>), das <strong data-start=\"638\" data-end=\"657\">Kontaktformular<\/strong> oder auch unseren <strong data-start=\"676\" data-end=\"693\">WhatsApp-Link<\/strong> verwenden.<\/li>\n<li style=\"text-align: justify;\">\u00a0Zweitens geben Sie bitte die <a href=\"https:\/\/abc-office.eu\/de\/uebersetzung\/\">Sprache <\/a>an, in der Sie die \u00dcbersetzung w\u00fcnschen, und ob diese vom Notar legalisiert und\/oder mit einer Apostille (Kanzlei) versehen werden soll und ob Sie zus\u00e4tzlich eine Legalisierung durch die Botschaft oder das Konsulat ben\u00f6tigen.<\/li>\n<li style=\"text-align: justify;\">Drittens erstellt Ihnen einer unserer Projektmanager umgehend ein Angebot, das den Preis und die Bearbeitungszeit enth\u00e4lt. In der Regel antworten wir innerhalb von 30 Minuten. Sollten Sie nach mehr als einer Stunde keine Antwort erhalten haben, bitten wir Sie, uns telefonisch zu kontaktieren.<\/li>\n<li style=\"text-align: justify;\">Viertens und vor allem: Sobald das Angebot akzeptiert wurde, beginnen wir mit der \u00dcbersetzung oder dem Legalisierungsprozess und senden Ihnen die beglaubigten \u00dcbersetzungen und\/oder Legalisierungen per Post zu. Falls Sie zus\u00e4tzlich eine Kopie per E-Mail w\u00fcnschen, informieren Sie bitte den Projektmanager \u2013 wir senden Ihnen diese vorab per E-Mail, bevor die Originale verschickt werden.<\/li>\n<\/ol>\n<h3 data-start=\"1695\" data-end=\"1724\"><strong data-start=\"1699\" data-end=\"1722\">Bearbeitungszeiten:<\/strong><\/h3>\n<p style=\"text-align: justify;\" data-start=\"1725\" data-end=\"2054\">Die beglaubigten \u00dcbersetzungen und\/oder Legalisierungen werden innerhalb von <strong data-start=\"1802\" data-end=\"1819\">2\u20133 Werktagen<\/strong> per Post oder DHL und\/oder per E-Mail verschickt. Die Frist h\u00e4ngt jedoch vom Umfang und Schwierigkeitsgrad der Dokumente ab. Ein einseitiges Dokument erhalten Sie zum Beispiel in der Regel innerhalb von <strong data-start=\"2027\" data-end=\"2051\">2 Werktagen per Post<\/strong>.<\/p>\n<h3><strong data-start=\"2065\" data-end=\"2114\">Hier eine Liste unserer wichtigsten Sprachen:<\/strong><\/h3>\n<p style=\"text-align: justify;\">Afrikaans | Albanisch | Deutsch | Amerikanisch | Amharisch | Englisch | Arabisch | Armenisch | Aymara | Aserbaidschanisch | Baskisch | Bengalisch | Belarussisch | Birmanisch | Bosnisch | Brasilianisch | Bulgarisch | Kantonesisch | Katalanisch | Singhalesisch | Chinesisch | Vereinfachtes Chinesisch | Traditionelles Chinesisch | Koreanisch | Kroatisch | D\u00e4nisch | Dari | Spanisch | Estnisch | Ewe | Farsi | Finnisch | Georgisch | Griechisch | Guarani | Hebr\u00e4isch | Hindi | Ungarisch | Indonesisch | Italienisch | Japanisch | Kasachisch | Khmer | Kirgisisch | Kurdisch | Laotisch | Lettisch | Lingala | Litauisch | Mazedonisch | Malaiisch | Malayalam | Mandarin | Moldauisch | Mongolisch | Montenegrinisch | Niederl\u00e4ndisch | Norwegisch | Urdu | Usbekisch | Paschtu | Punjabi | Persisch | Fulfulde | Polnisch | Portugiesisch | Quechua | Rum\u00e4nisch | Russisch | Serbisch | Slowakisch | Slowenisch | Schwedisch | Tamil | Tschechisch | Thail\u00e4ndisch | T\u00fcrkisch | Turkmenisch | Ukrainisch | Vietnamesisch<\/p>\n<h3><strong data-start=\"3127\" data-end=\"3181\">Hier eine nicht abschlie\u00dfende Liste der Dokumente:<\/strong><\/h3>\n<p style=\"text-align: justify;\">Geburtsurkunde | Heiratsurkunde | Personenstandsurkunde | Bescheinigung | Patent | F\u00fchrungszeugnis | Zertifikat | Ledigkeitsbescheinigung | Sterbeurkunde | Familienbescheinigung | Arbeitszeugnis | Steuererkl\u00e4rung | Diplom | Reisepass | F\u00fchrerschein | Testament | Visum | Vertrag | Scheidungsurkunde | Ehevertrag | Urteil | Verfahren | Vollmacht | Protokoll<\/p>\n<h3><strong data-start=\"3554\" data-end=\"3641\">\u00dcbliche Arten von Zertifizierungen\/Legalisierungen f\u00fcr \u00dcbersetzungen (Deutschland):<\/strong><\/h3>\n<ul>\n<li style=\"text-align: justify;\" data-start=\"3646\" data-end=\"3751\"><strong data-start=\"3646\" data-end=\"3674\">Beglaubigte \u00dcbersetzung:<\/strong> Wir versehen die \u00dcbersetzung mit unserem Stempel und unserer Unterschrift.<\/li>\n<li style=\"text-align: justify;\"><strong>Vereidigte \u00dcbersetzung:<\/strong> Wir bieten beglaubigte \u00dcbersetzungen durch einen vereidigten \u00dcbersetzer beim Landgericht an.<\/li>\n<li style=\"text-align: justify;\" data-start=\"3754\" data-end=\"3860\"><strong data-start=\"3754\" data-end=\"3783\">Legalisierte \u00dcbersetzung:<\/strong> Der Notar beglaubigt die Unterschrift des \u00dcbersetzers auf der \u00dcbersetzung.<\/li>\n<li style=\"text-align: justify;\" data-start=\"3863\" data-end=\"3947\"><strong data-start=\"3863\" data-end=\"3893\">\u00dcbersetzung mit Apostille:<\/strong> Die Kanzlei beglaubigt die Unterschrift des Notars.<\/li>\n<li style=\"text-align: justify;\" data-start=\"3950\" data-end=\"4103\"><strong data-start=\"3950\" data-end=\"4017\">\u00dcbersetzung legalisiert durch eine Botschaft oder ein Konsulat:<\/strong> Wir organisieren die endg\u00fcltige Legalisierung \u00fcber die Botschaft oder das Konsulat.<\/li>\n<\/ul>\n<h3><strong data-start=\"4114\" data-end=\"4193\">\u00dcbliche Arten von Legalisierungen f\u00fcr den amtlichen Gebrauch (Deutschland):<\/strong><\/h3>\n<ul>\n<li style=\"text-align: justify;\" data-start=\"4198\" data-end=\"4413\"><strong data-start=\"4198\" data-end=\"4232\">Legalisierung durch Apostille:<\/strong> Die L\u00e4nder, die das Haager \u00dcbereinkommen unterzeichnet haben, erkennen den Wert eines Dokuments ohne Visum eines Konsulats oder einer Botschaft an, sofern es die Apostille tr\u00e4gt.<\/li>\n<li style=\"text-align: justify;\" data-start=\"4416\" data-end=\"4765\"><strong data-start=\"4416\" data-end=\"4473\">Legalisierung durch eine Botschaft oder ein Konsulat:<\/strong> Damit Dokumente in einigen L\u00e4ndern \u2013 z. B. China \u2013 g\u00fcltig sind, m\u00fcssen sie bei der Botschaft oder dem Konsulat legalisiert werden. Alle Dokumente m\u00fcssen vorher durch einen Notar und die Kanzlei\/Pr\u00e4fektur legalisiert werden, bevor die Botschaft oder das Konsulat die Legalisierung anbringt.<\/li>\n<li style=\"text-align: justify;\" data-start=\"4768\" data-end=\"5158\"><strong data-start=\"4768\" data-end=\"4790\">Beglaubigte Kopie:<\/strong> Eine beglaubigte Kopie, auch <strong data-start=\"4820\" data-end=\"4831\">Vidimus<\/strong> oder <strong data-start=\"4837\" data-end=\"4847\">Brevet<\/strong> genannt, ist eine Kopie, deren \u00dcbereinstimmung mit dem Original von einem Notar best\u00e4tigt wurde. Wenn Originaldokumente von ausl\u00e4ndischen Beh\u00f6rden ausgestellt wurden, verlangen bestimmte Institutionen beglaubigte Kopien, die von einem Notar best\u00e4tigt sind. Dasselbe gilt f\u00fcr Dokumente, die ins Ausland gehen.<\/li>\n<li style=\"text-align: justify;\" data-start=\"5161\" data-end=\"5345\"><strong data-start=\"5161\" data-end=\"5170\">Visa:<\/strong> Ein Visa ist eine Legalisierung, die auf einer Kopie des Originals angebracht wird. Falls Sie nicht im Besitz des Originals sind, k\u00f6nnen wir dennoch die Kopie legalisieren.<\/li>\n<li style=\"text-align: justify;\" data-start=\"5348\" data-end=\"5625\"><strong data-start=\"5348\" data-end=\"5385\">Legalisierung einer Unterschrift:<\/strong> Durch die Legalisierung best\u00e4tigt der Notar die Echtheit einer Unterschrift: Die Signatur am Ende des Dokuments stammt tats\u00e4chlich von der Person, die angibt, es unterschrieben zu haben. Dies wird vor allem f\u00fcr <strong data-start=\"5597\" data-end=\"5612\">Vollmachten<\/strong> verwendet.<\/li>\n<\/ul>\n<p data-start=\"5632\" data-end=\"5962\">Dank der richtigen Zertifizierung werden die \u00dcbersetzungen und Legalisierungen in <strong data-start=\"5714\" data-end=\"5744\">Deutschland und im Ausland<\/strong> akzeptiert.<br data-start=\"5756\" data-end=\"5759\" \/>Bei Fragen zur Art der Zertifizierung oder Legalisierung, die Sie f\u00fcr Ihre Dokumente ben\u00f6tigen, z\u00f6gern Sie nicht, unser Team zu kontaktieren. Wir begleiten Sie durch den gesamten Prozess (Deutschland).<\/p>\n<p data-start=\"5964\" data-end=\"6014\">Wir freuen uns auf die Zusammenarbeit mit Ihnen.<\/p>\n<p data-start=\"6016\" data-end=\"6041\"><a href=\"https:\/\/abc-office.eu\/de\/\"><strong data-start=\"6016\" data-end=\"6039\">ABC Translation LLC<\/strong><\/a><\/p>\n<p data-start=\"6016\" data-end=\"6041\"><img loading=\"lazy\" decoding=\"async\" class=\"aligncenter wp-image-271\" src=\"https:\/\/abc-office.ch\/wp-content\/uploads\/2018\/06\/imageedit_1_6241191614.gif\" alt=\"Deutschland\" width=\"437\" height=\"437\" \/><\/p>\n","protected":false},"excerpt":{"rendered":"<p>Deutschland Unsere \u00dcbersetzungs- und Legalisierungsagentur ist auf beglaubigte und vereidigte \u00dcbersetzungen in mehr als 80 Sprachen sowie auf Legalisierungen spezialisiert. Unser Team mit Sitz in Deutschland kann Ihre Anfrage schnell bearbeiten. Wir ben\u00f6tigen lediglich eine Kopie der zu \u00fcbersetzenden Dokumente (alle Formate werden akzeptiert). Die Originaldokumente sind nicht mehr erforderlich (Deutschland). Zun\u00e4chst k\u00f6nnen Sie gerne&#8230;<\/p>\n","protected":false},"author":1,"featured_media":44479,"parent":0,"menu_order":0,"comment_status":"closed","ping_status":"closed","template":"","meta":{"sfsi_plus_gutenberg_text_before_share":"","sfsi_plus_gutenberg_show_text_before_share":"","sfsi_plus_gutenberg_icon_type":"","sfsi_plus_gutenberg_icon_alignemt":"","sfsi_plus_gutenburg_max_per_row":"","footnotes":""},"class_list":["post-225254","page","type-page","status-publish","has-post-thumbnail","hentry"],"yoast_head":"<!-- This site is optimized with the Yoast SEO plugin v23.8 - https:\/\/yoast.com\/wordpress\/plugins\/seo\/ -->\n<title>Beglaubigte \u00dcbersetzung Deutschland | Vereidigter \u00dcbersetzer<\/title>\n<meta name=\"description\" content=\"ABC Translation | Beglaubigte \u00dcbersetzung Deutschland | Vereidigter \u00dcbersetzer Deutschland | Legalisierung durch Notar | Apostille\" \/>\n<meta name=\"robots\" content=\"index, follow, max-snippet:-1, max-image-preview:large, max-video-preview:-1\" \/>\n<link rel=\"canonical\" href=\"https:\/\/abc-office.eu\/de\/deutschland\/\" \/>\n<meta property=\"og:locale\" content=\"de_DE\" \/>\n<meta property=\"og:type\" content=\"article\" \/>\n<meta property=\"og:title\" content=\"Beglaubigte \u00dcbersetzung Deutschland | Vereidigter \u00dcbersetzer\" \/>\n<meta property=\"og:description\" content=\"ABC Translation | Beglaubigte \u00dcbersetzung Deutschland | Vereidigter \u00dcbersetzer Deutschland | Legalisierung durch Notar | Apostille\" \/>\n<meta property=\"og:url\" content=\"https:\/\/abc-office.eu\/de\/deutschland\/\" \/>\n<meta property=\"og:site_name\" content=\"ABC Translation\" \/>\n<meta property=\"article:modified_time\" content=\"2025-10-10T14:01:04+00:00\" \/>\n<meta property=\"og:image\" content=\"https:\/\/abc-office.eu\/wp-content\/uploads\/2022\/09\/image.jpg\" \/>\n\t<meta property=\"og:image:width\" content=\"1024\" \/>\n\t<meta property=\"og:image:height\" content=\"719\" \/>\n\t<meta property=\"og:image:type\" content=\"image\/jpeg\" \/>\n<meta name=\"twitter:card\" content=\"summary_large_image\" \/>\n<meta name=\"twitter:label1\" content=\"Gesch\u00e4tzte Lesezeit\" \/>\n\t<meta name=\"twitter:data1\" content=\"4\u00a0Minuten\" \/>\n<script type=\"application\/ld+json\" class=\"yoast-schema-graph\">{\"@context\":\"https:\/\/schema.org\",\"@graph\":[{\"@type\":\"WebPage\",\"@id\":\"https:\/\/abc-office.eu\/de\/deutschland\/\",\"url\":\"https:\/\/abc-office.eu\/de\/deutschland\/\",\"name\":\"Beglaubigte \u00dcbersetzung Deutschland | Vereidigter \u00dcbersetzer\",\"isPartOf\":{\"@id\":\"https:\/\/abc-office.eu\/de\/#website\"},\"primaryImageOfPage\":{\"@id\":\"https:\/\/abc-office.eu\/de\/deutschland\/#primaryimage\"},\"image\":{\"@id\":\"https:\/\/abc-office.eu\/de\/deutschland\/#primaryimage\"},\"thumbnailUrl\":\"https:\/\/abc-office.eu\/wp-content\/uploads\/2022\/09\/image.jpg\",\"datePublished\":\"2022-04-25T11:35:17+00:00\",\"dateModified\":\"2025-10-10T14:01:04+00:00\",\"description\":\"ABC Translation | Beglaubigte \u00dcbersetzung Deutschland | Vereidigter \u00dcbersetzer Deutschland | Legalisierung durch Notar | Apostille\",\"breadcrumb\":{\"@id\":\"https:\/\/abc-office.eu\/de\/deutschland\/#breadcrumb\"},\"inLanguage\":\"de\",\"potentialAction\":[{\"@type\":\"ReadAction\",\"target\":[\"https:\/\/abc-office.eu\/de\/deutschland\/\"]}]},{\"@type\":\"ImageObject\",\"inLanguage\":\"de\",\"@id\":\"https:\/\/abc-office.eu\/de\/deutschland\/#primaryimage\",\"url\":\"https:\/\/abc-office.eu\/wp-content\/uploads\/2022\/09\/image.jpg\",\"contentUrl\":\"https:\/\/abc-office.eu\/wp-content\/uploads\/2022\/09\/image.jpg\",\"width\":1024,\"height\":719},{\"@type\":\"BreadcrumbList\",\"@id\":\"https:\/\/abc-office.eu\/de\/deutschland\/#breadcrumb\",\"itemListElement\":[{\"@type\":\"ListItem\",\"position\":1,\"name\":\"Accueil\",\"item\":\"https:\/\/abc-office.eu\/de\/\"},{\"@type\":\"ListItem\",\"position\":2,\"name\":\"Deutschland\"}]},{\"@type\":\"WebSite\",\"@id\":\"https:\/\/abc-office.eu\/de\/#website\",\"url\":\"https:\/\/abc-office.eu\/de\/\",\"name\":\"ABC Translation\",\"description\":\"info@abc-office.eu\",\"potentialAction\":[{\"@type\":\"SearchAction\",\"target\":{\"@type\":\"EntryPoint\",\"urlTemplate\":\"https:\/\/abc-office.eu\/de\/?s={search_term_string}\"},\"query-input\":{\"@type\":\"PropertyValueSpecification\",\"valueRequired\":true,\"valueName\":\"search_term_string\"}}],\"inLanguage\":\"de\"}]}<\/script>\n<!-- \/ Yoast SEO plugin. -->","yoast_head_json":{"title":"Beglaubigte \u00dcbersetzung Deutschland | Vereidigter \u00dcbersetzer","description":"ABC Translation | Beglaubigte \u00dcbersetzung Deutschland | Vereidigter \u00dcbersetzer Deutschland | Legalisierung durch Notar | Apostille","robots":{"index":"index","follow":"follow","max-snippet":"max-snippet:-1","max-image-preview":"max-image-preview:large","max-video-preview":"max-video-preview:-1"},"canonical":"https:\/\/abc-office.eu\/de\/deutschland\/","og_locale":"de_DE","og_type":"article","og_title":"Beglaubigte \u00dcbersetzung Deutschland | Vereidigter \u00dcbersetzer","og_description":"ABC Translation | Beglaubigte \u00dcbersetzung Deutschland | Vereidigter \u00dcbersetzer Deutschland | Legalisierung durch Notar | Apostille","og_url":"https:\/\/abc-office.eu\/de\/deutschland\/","og_site_name":"ABC Translation","article_modified_time":"2025-10-10T14:01:04+00:00","og_image":[{"width":1024,"height":719,"url":"https:\/\/abc-office.eu\/wp-content\/uploads\/2022\/09\/image.jpg","type":"image\/jpeg"}],"twitter_card":"summary_large_image","twitter_misc":{"Gesch\u00e4tzte Lesezeit":"4\u00a0Minuten"},"schema":{"@context":"https:\/\/schema.org","@graph":[{"@type":"WebPage","@id":"https:\/\/abc-office.eu\/de\/deutschland\/","url":"https:\/\/abc-office.eu\/de\/deutschland\/","name":"Beglaubigte \u00dcbersetzung Deutschland | Vereidigter \u00dcbersetzer","isPartOf":{"@id":"https:\/\/abc-office.eu\/de\/#website"},"primaryImageOfPage":{"@id":"https:\/\/abc-office.eu\/de\/deutschland\/#primaryimage"},"image":{"@id":"https:\/\/abc-office.eu\/de\/deutschland\/#primaryimage"},"thumbnailUrl":"https:\/\/abc-office.eu\/wp-content\/uploads\/2022\/09\/image.jpg","datePublished":"2022-04-25T11:35:17+00:00","dateModified":"2025-10-10T14:01:04+00:00","description":"ABC Translation | Beglaubigte \u00dcbersetzung Deutschland | Vereidigter \u00dcbersetzer Deutschland | Legalisierung durch Notar | Apostille","breadcrumb":{"@id":"https:\/\/abc-office.eu\/de\/deutschland\/#breadcrumb"},"inLanguage":"de","potentialAction":[{"@type":"ReadAction","target":["https:\/\/abc-office.eu\/de\/deutschland\/"]}]},{"@type":"ImageObject","inLanguage":"de","@id":"https:\/\/abc-office.eu\/de\/deutschland\/#primaryimage","url":"https:\/\/abc-office.eu\/wp-content\/uploads\/2022\/09\/image.jpg","contentUrl":"https:\/\/abc-office.eu\/wp-content\/uploads\/2022\/09\/image.jpg","width":1024,"height":719},{"@type":"BreadcrumbList","@id":"https:\/\/abc-office.eu\/de\/deutschland\/#breadcrumb","itemListElement":[{"@type":"ListItem","position":1,"name":"Accueil","item":"https:\/\/abc-office.eu\/de\/"},{"@type":"ListItem","position":2,"name":"Deutschland"}]},{"@type":"WebSite","@id":"https:\/\/abc-office.eu\/de\/#website","url":"https:\/\/abc-office.eu\/de\/","name":"ABC Translation","description":"info@abc-office.eu","potentialAction":[{"@type":"SearchAction","target":{"@type":"EntryPoint","urlTemplate":"https:\/\/abc-office.eu\/de\/?s={search_term_string}"},"query-input":{"@type":"PropertyValueSpecification","valueRequired":true,"valueName":"search_term_string"}}],"inLanguage":"de"}]}},"_links":{"self":[{"href":"https:\/\/abc-office.eu\/de\/wp-json\/wp\/v2\/pages\/225254","targetHints":{"allow":["GET"]}}],"collection":[{"href":"https:\/\/abc-office.eu\/de\/wp-json\/wp\/v2\/pages"}],"about":[{"href":"https:\/\/abc-office.eu\/de\/wp-json\/wp\/v2\/types\/page"}],"author":[{"embeddable":true,"href":"https:\/\/abc-office.eu\/de\/wp-json\/wp\/v2\/users\/1"}],"replies":[{"embeddable":true,"href":"https:\/\/abc-office.eu\/de\/wp-json\/wp\/v2\/comments?post=225254"}],"version-history":[{"count":1,"href":"https:\/\/abc-office.eu\/de\/wp-json\/wp\/v2\/pages\/225254\/revisions"}],"predecessor-version":[{"id":225255,"href":"https:\/\/abc-office.eu\/de\/wp-json\/wp\/v2\/pages\/225254\/revisions\/225255"}],"wp:featuredmedia":[{"embeddable":true,"href":"https:\/\/abc-office.eu\/de\/wp-json\/wp\/v2\/media\/44479"}],"wp:attachment":[{"href":"https:\/\/abc-office.eu\/de\/wp-json\/wp\/v2\/media?parent=225254"}],"curies":[{"name":"wp","href":"https:\/\/api.w.org\/{rel}","templated":true}]}}