{"id":225239,"date":"2022-04-25T10:26:44","date_gmt":"2022-04-25T08:26:44","guid":{"rendered":"https:\/\/abc-office.eu\/?page_id=225239"},"modified":"2025-10-14T16:49:13","modified_gmt":"2025-10-14T14:49:13","slug":"kontakt","status":"publish","type":"page","link":"https:\/\/abc-office.eu\/de\/kontakt\/","title":{"rendered":"Kontakt"},"content":{"rendered":"<h2 data-start=\"115\" data-end=\"186\"><strong data-start=\"118\" data-end=\"184\">Kontakt \u2013 Ihre \u00dcbersetzungsagenturen in der Europ\u00e4ischen Union<\/strong><\/h2>\n<p data-start=\"187\" data-end=\"219\"><strong data-start=\"187\" data-end=\"217\">E-Mail: <a class=\"decorated-link cursor-pointer\" rel=\"noopener\" data-start=\"197\" data-end=\"215\">info@abc-office.eu<\/a><\/strong><\/p>\n<h3 data-start=\"221\" data-end=\"246\"><strong data-start=\"225\" data-end=\"244\">ABC Translation<\/strong><\/h3>\n<p style=\"text-align: justify;\" data-start=\"248\" data-end=\"495\">Unsere \u00dcbersetzer und Korrektoren mit Sitz in der Europ\u00e4ischen Union haben alle einen Masterabschluss in \u00dcbersetzungswissenschaft. Sie sind auf verschiedene Bereiche spezialisiert, wie Marketing, Wirtschaft, Politik, Recht und Medizin. F\u00fcr eine schnelle Anfrage f\u00fcllen Sie bitte das Formular auf der rechten Seite des Bildschirms aus. Unser Team sendet Ihnen anschlie\u00dfend ein Angebot, das sowohl die Kosten als auch die Bearbeitungszeit der \u00dcbersetzung enth\u00e4lt.<\/p>\n<p style=\"text-align: justify;\" data-start=\"732\" data-end=\"1079\">Unser Angebot umfasst sowohl die \u00dcbersetzung des Textes als auch das Korrekturlesen durch einen weiteren \u00dcbersetzer, um die Qualit\u00e4t der \u00dcbersetzung sicherzustellen. Sobald der Text \u00fcbersetzt und gepr\u00fcft und gegebenenfalls korrigiert\u00a0ist, senden wir ihn Ihnen per E-Mail zur\u00fcck \u2013 oder per Post, wenn es sich um eine beglaubigte \u00dcbersetzung handelt.<\/p>\n<p style=\"text-align: justify;\" data-start=\"1086\" data-end=\"1414\">Die Qualit\u00e4t der Arbeit muss bei \u00dcbersetzungen stets perfekt sein. Dank unserer Hauptst\u00e4rken \u2013 Pr\u00e4zision, Effizienz und P\u00fcnktlichkeit \u2013 arbeiten wir t\u00e4glich mit einer gro\u00dfen Anzahl von Unternehmen und Privatpersonen zusammen. Wir \u00fcbernehmen die \u00dcbersetzung von Webseiten, offiziellen Dokumenten und Fachtexten. Wir legen unsere Preisspanne nach einem pr\u00e4zisen EU-System fest. Diese Vereinigung wurde gegr\u00fcndet, um ein Preissystem zu schaffen, das den Schwierigkeitsgrad des Ausgangstextes ber\u00fccksichtigt. Der Preis kann entweder nach der Anzahl der W\u00f6rter oder pro Zeile \u00e0 55 Zeichen berechnet werden. Dieses System gew\u00e4hrleistet eine vollst\u00e4ndige Transparenz gegen\u00fcber dem Kunden und erm\u00f6glicht die Erstellung korrekter Angebote. Wir arbeiten sowohl mit Unternehmen als auch mit Privatpersonen in der gesamten Europ\u00e4ischen Union zusammen (Kontakt).<\/p>\n<p data-start=\"1086\" data-end=\"1414\"><img loading=\"lazy\" decoding=\"async\" class=\"aligncenter wp-image-28719\" src=\"https:\/\/abc-office.eu\/wp-content\/uploads\/2017\/02\/second_image-300x200.jpg\" alt=\"Kontakt\" width=\"715\" height=\"476\" srcset=\"https:\/\/abc-office.eu\/wp-content\/uploads\/2017\/02\/second_image-300x200.jpg 300w, https:\/\/abc-office.eu\/wp-content\/uploads\/2017\/02\/second_image-1024x682.jpg 1024w, https:\/\/abc-office.eu\/wp-content\/uploads\/2017\/02\/second_image-768x512.jpg 768w, https:\/\/abc-office.eu\/wp-content\/uploads\/2017\/02\/second_image-1080x720.jpg 1080w, https:\/\/abc-office.eu\/wp-content\/uploads\/2017\/02\/second_image-1280x853.jpg 1280w, https:\/\/abc-office.eu\/wp-content\/uploads\/2017\/02\/second_image-980x653.jpg 980w, https:\/\/abc-office.eu\/wp-content\/uploads\/2017\/02\/second_image-480x320.jpg 480w, https:\/\/abc-office.eu\/wp-content\/uploads\/2017\/02\/second_image.jpg 1400w\" sizes=\"auto, (max-width: 715px) 100vw, 715px\" \/><\/p>\n","protected":false},"excerpt":{"rendered":"<p>Kontakt \u2013 Ihre \u00dcbersetzungsagenturen in der Europ\u00e4ischen Union E-Mail: info@abc-office.eu ABC Translation Unsere \u00dcbersetzer und Korrektoren mit Sitz in der Europ\u00e4ischen Union haben alle einen Masterabschluss in \u00dcbersetzungswissenschaft. Sie sind auf verschiedene Bereiche spezialisiert, wie Marketing, Wirtschaft, Politik, Recht und Medizin. F\u00fcr eine schnelle Anfrage f\u00fcllen Sie bitte das Formular auf der rechten Seite des&#8230;<\/p>\n","protected":false},"author":1,"featured_media":29128,"parent":0,"menu_order":0,"comment_status":"closed","ping_status":"closed","template":"","meta":{"sfsi_plus_gutenberg_text_before_share":"","sfsi_plus_gutenberg_show_text_before_share":"","sfsi_plus_gutenberg_icon_type":"","sfsi_plus_gutenberg_icon_alignemt":"","sfsi_plus_gutenburg_max_per_row":"","footnotes":""},"class_list":["post-225239","page","type-page","status-publish","has-post-thumbnail","hentry"],"yoast_head":"<!-- This site is optimized with the Yoast SEO plugin v23.8 - https:\/\/yoast.com\/wordpress\/plugins\/seo\/ -->\n<title>Kontakt \u00dcbersetzung | Europ\u00e4ische Union | Vereinigtes K\u00f6nigreich<\/title>\n<meta name=\"description\" content=\"ABC Translation: Kontakt | Webseiten\u00fcbersetzung | \u00dcbersetzung offizieller Dokumente | Fach\u00fcbersetzungen | Europ\u00e4ische Union\" \/>\n<meta name=\"robots\" content=\"index, follow, max-snippet:-1, max-image-preview:large, max-video-preview:-1\" \/>\n<link rel=\"canonical\" href=\"https:\/\/abc-office.eu\/de\/kontakt\/\" \/>\n<meta property=\"og:locale\" content=\"de_DE\" \/>\n<meta property=\"og:type\" content=\"article\" \/>\n<meta property=\"og:title\" content=\"Kontakt \u00dcbersetzung | Europ\u00e4ische Union | Vereinigtes K\u00f6nigreich\" \/>\n<meta property=\"og:description\" content=\"ABC Translation: Kontakt | Webseiten\u00fcbersetzung | \u00dcbersetzung offizieller Dokumente | Fach\u00fcbersetzungen | Europ\u00e4ische Union\" \/>\n<meta property=\"og:url\" content=\"https:\/\/abc-office.eu\/de\/kontakt\/\" \/>\n<meta property=\"og:site_name\" content=\"ABC Translation\" \/>\n<meta property=\"article:modified_time\" content=\"2025-10-14T14:49:13+00:00\" \/>\n<meta property=\"og:image\" content=\"https:\/\/abc-office.eu\/wp-content\/uploads\/2022\/04\/Flag_of_Europe-2.png\" \/>\n\t<meta property=\"og:image:width\" content=\"2560\" \/>\n\t<meta property=\"og:image:height\" content=\"1707\" \/>\n\t<meta property=\"og:image:type\" content=\"image\/png\" \/>\n<meta name=\"twitter:card\" content=\"summary_large_image\" \/>\n<meta name=\"twitter:label1\" content=\"Gesch\u00e4tzte Lesezeit\" \/>\n\t<meta name=\"twitter:data1\" content=\"2\u00a0Minuten\" \/>\n<script type=\"application\/ld+json\" class=\"yoast-schema-graph\">{\"@context\":\"https:\/\/schema.org\",\"@graph\":[{\"@type\":\"WebPage\",\"@id\":\"https:\/\/abc-office.eu\/de\/kontakt\/\",\"url\":\"https:\/\/abc-office.eu\/de\/kontakt\/\",\"name\":\"Kontakt \u00dcbersetzung | Europ\u00e4ische Union | Vereinigtes K\u00f6nigreich\",\"isPartOf\":{\"@id\":\"https:\/\/abc-office.eu\/de\/#website\"},\"primaryImageOfPage\":{\"@id\":\"https:\/\/abc-office.eu\/de\/kontakt\/#primaryimage\"},\"image\":{\"@id\":\"https:\/\/abc-office.eu\/de\/kontakt\/#primaryimage\"},\"thumbnailUrl\":\"https:\/\/abc-office.eu\/wp-content\/uploads\/2022\/04\/Flag_of_Europe-2.png\",\"datePublished\":\"2022-04-25T08:26:44+00:00\",\"dateModified\":\"2025-10-14T14:49:13+00:00\",\"description\":\"ABC Translation: Kontakt | Webseiten\u00fcbersetzung | \u00dcbersetzung offizieller Dokumente | Fach\u00fcbersetzungen | Europ\u00e4ische Union\",\"breadcrumb\":{\"@id\":\"https:\/\/abc-office.eu\/de\/kontakt\/#breadcrumb\"},\"inLanguage\":\"de\",\"potentialAction\":[{\"@type\":\"ReadAction\",\"target\":[\"https:\/\/abc-office.eu\/de\/kontakt\/\"]}]},{\"@type\":\"ImageObject\",\"inLanguage\":\"de\",\"@id\":\"https:\/\/abc-office.eu\/de\/kontakt\/#primaryimage\",\"url\":\"https:\/\/abc-office.eu\/wp-content\/uploads\/2022\/04\/Flag_of_Europe-2.png\",\"contentUrl\":\"https:\/\/abc-office.eu\/wp-content\/uploads\/2022\/04\/Flag_of_Europe-2.png\",\"width\":2560,\"height\":1707},{\"@type\":\"BreadcrumbList\",\"@id\":\"https:\/\/abc-office.eu\/de\/kontakt\/#breadcrumb\",\"itemListElement\":[{\"@type\":\"ListItem\",\"position\":1,\"name\":\"Accueil\",\"item\":\"https:\/\/abc-office.eu\/de\/\"},{\"@type\":\"ListItem\",\"position\":2,\"name\":\"Kontakt\"}]},{\"@type\":\"WebSite\",\"@id\":\"https:\/\/abc-office.eu\/de\/#website\",\"url\":\"https:\/\/abc-office.eu\/de\/\",\"name\":\"ABC Translation\",\"description\":\"info@abc-office.eu\",\"potentialAction\":[{\"@type\":\"SearchAction\",\"target\":{\"@type\":\"EntryPoint\",\"urlTemplate\":\"https:\/\/abc-office.eu\/de\/?s={search_term_string}\"},\"query-input\":{\"@type\":\"PropertyValueSpecification\",\"valueRequired\":true,\"valueName\":\"search_term_string\"}}],\"inLanguage\":\"de\"}]}<\/script>\n<!-- \/ Yoast SEO plugin. -->","yoast_head_json":{"title":"Kontakt \u00dcbersetzung | Europ\u00e4ische Union | Vereinigtes K\u00f6nigreich","description":"ABC Translation: Kontakt | Webseiten\u00fcbersetzung | \u00dcbersetzung offizieller Dokumente | Fach\u00fcbersetzungen | Europ\u00e4ische Union","robots":{"index":"index","follow":"follow","max-snippet":"max-snippet:-1","max-image-preview":"max-image-preview:large","max-video-preview":"max-video-preview:-1"},"canonical":"https:\/\/abc-office.eu\/de\/kontakt\/","og_locale":"de_DE","og_type":"article","og_title":"Kontakt \u00dcbersetzung | Europ\u00e4ische Union | Vereinigtes K\u00f6nigreich","og_description":"ABC Translation: Kontakt | Webseiten\u00fcbersetzung | \u00dcbersetzung offizieller Dokumente | Fach\u00fcbersetzungen | Europ\u00e4ische Union","og_url":"https:\/\/abc-office.eu\/de\/kontakt\/","og_site_name":"ABC Translation","article_modified_time":"2025-10-14T14:49:13+00:00","og_image":[{"width":2560,"height":1707,"url":"https:\/\/abc-office.eu\/wp-content\/uploads\/2022\/04\/Flag_of_Europe-2.png","type":"image\/png"}],"twitter_card":"summary_large_image","twitter_misc":{"Gesch\u00e4tzte Lesezeit":"2\u00a0Minuten"},"schema":{"@context":"https:\/\/schema.org","@graph":[{"@type":"WebPage","@id":"https:\/\/abc-office.eu\/de\/kontakt\/","url":"https:\/\/abc-office.eu\/de\/kontakt\/","name":"Kontakt \u00dcbersetzung | Europ\u00e4ische Union | Vereinigtes K\u00f6nigreich","isPartOf":{"@id":"https:\/\/abc-office.eu\/de\/#website"},"primaryImageOfPage":{"@id":"https:\/\/abc-office.eu\/de\/kontakt\/#primaryimage"},"image":{"@id":"https:\/\/abc-office.eu\/de\/kontakt\/#primaryimage"},"thumbnailUrl":"https:\/\/abc-office.eu\/wp-content\/uploads\/2022\/04\/Flag_of_Europe-2.png","datePublished":"2022-04-25T08:26:44+00:00","dateModified":"2025-10-14T14:49:13+00:00","description":"ABC Translation: Kontakt | Webseiten\u00fcbersetzung | \u00dcbersetzung offizieller Dokumente | Fach\u00fcbersetzungen | Europ\u00e4ische Union","breadcrumb":{"@id":"https:\/\/abc-office.eu\/de\/kontakt\/#breadcrumb"},"inLanguage":"de","potentialAction":[{"@type":"ReadAction","target":["https:\/\/abc-office.eu\/de\/kontakt\/"]}]},{"@type":"ImageObject","inLanguage":"de","@id":"https:\/\/abc-office.eu\/de\/kontakt\/#primaryimage","url":"https:\/\/abc-office.eu\/wp-content\/uploads\/2022\/04\/Flag_of_Europe-2.png","contentUrl":"https:\/\/abc-office.eu\/wp-content\/uploads\/2022\/04\/Flag_of_Europe-2.png","width":2560,"height":1707},{"@type":"BreadcrumbList","@id":"https:\/\/abc-office.eu\/de\/kontakt\/#breadcrumb","itemListElement":[{"@type":"ListItem","position":1,"name":"Accueil","item":"https:\/\/abc-office.eu\/de\/"},{"@type":"ListItem","position":2,"name":"Kontakt"}]},{"@type":"WebSite","@id":"https:\/\/abc-office.eu\/de\/#website","url":"https:\/\/abc-office.eu\/de\/","name":"ABC Translation","description":"info@abc-office.eu","potentialAction":[{"@type":"SearchAction","target":{"@type":"EntryPoint","urlTemplate":"https:\/\/abc-office.eu\/de\/?s={search_term_string}"},"query-input":{"@type":"PropertyValueSpecification","valueRequired":true,"valueName":"search_term_string"}}],"inLanguage":"de"}]}},"_links":{"self":[{"href":"https:\/\/abc-office.eu\/de\/wp-json\/wp\/v2\/pages\/225239","targetHints":{"allow":["GET"]}}],"collection":[{"href":"https:\/\/abc-office.eu\/de\/wp-json\/wp\/v2\/pages"}],"about":[{"href":"https:\/\/abc-office.eu\/de\/wp-json\/wp\/v2\/types\/page"}],"author":[{"embeddable":true,"href":"https:\/\/abc-office.eu\/de\/wp-json\/wp\/v2\/users\/1"}],"replies":[{"embeddable":true,"href":"https:\/\/abc-office.eu\/de\/wp-json\/wp\/v2\/comments?post=225239"}],"version-history":[{"count":3,"href":"https:\/\/abc-office.eu\/de\/wp-json\/wp\/v2\/pages\/225239\/revisions"}],"predecessor-version":[{"id":226694,"href":"https:\/\/abc-office.eu\/de\/wp-json\/wp\/v2\/pages\/225239\/revisions\/226694"}],"wp:featuredmedia":[{"embeddable":true,"href":"https:\/\/abc-office.eu\/de\/wp-json\/wp\/v2\/media\/29128"}],"wp:attachment":[{"href":"https:\/\/abc-office.eu\/de\/wp-json\/wp\/v2\/media?parent=225239"}],"curies":[{"name":"wp","href":"https:\/\/api.w.org\/{rel}","templated":true}]}}