{"id":225235,"date":"2017-02-16T09:16:01","date_gmt":"2017-02-16T08:16:01","guid":{"rendered":"https:\/\/abc-office.eu\/?page_id=225235"},"modified":"2025-10-14T16:46:34","modified_gmt":"2025-10-14T14:46:34","slug":"immobilien","status":"publish","type":"page","link":"https:\/\/abc-office.eu\/de\/immobilien\/","title":{"rendered":"Immobilien"},"content":{"rendered":"<h2 data-start=\"103\" data-end=\"120\"><strong data-start=\"106\" data-end=\"120\">Immobilien<\/strong><\/h2>\n<p style=\"text-align: justify;\" data-start=\"122\" data-end=\"526\">Unsere Immobilienagentur, <strong data-start=\"148\" data-end=\"167\">ABC Translation<\/strong>, begann 2017 mit dem Kauf einer <strong data-start=\"200\" data-end=\"237\">5,5-Zimmer-Wohnung in der Schweiz<\/strong>, um daraus ein internationales Studentenwohnheim zu machen. Mit der N\u00e4he zur Universit\u00e4t Lausanne und zur EPFL war die Residenz schon bei der Er\u00f6ffnung im September 2017 ein voller Erfolg. Die 4 Zimmer waren innerhalb weniger Tage vermietet \u2013 und unsere Immobilienabteilung war geboren.<\/p>\n<p style=\"text-align: justify;\" data-start=\"528\" data-end=\"738\">Seit dieser ersten Erfahrung wachsen wir stetig weiter und sind heute in der Lage, den <strong data-start=\"615\" data-end=\"663\">Kauf, Verkauf, die Vermietung und Verwaltung<\/strong> Ihrer Immobilie sowohl in der Schweiz als auch im Ausland zu \u00fcbernehmen.<\/p>\n<h3 data-start=\"745\" data-end=\"758\"><strong data-start=\"749\" data-end=\"758\">Kauf:<\/strong><\/h3>\n<p style=\"text-align: justify;\" data-start=\"760\" data-end=\"1238\">Der Kauf einer Immobilie ist eine \u00e4u\u00dferst wichtige Entscheidung, die Ihre Zukunft f\u00fcr viele Jahre beeinflussen wird. Eine solche Entscheidung sollte nicht leichtfertig getroffen werden. Deshalb ist es wichtig, den richtigen Partner zu w\u00e4hlen, der Sie zu wesentlichen Punkten wie dem Zustand der Immobilie, der Hypothekenberechnung und der langfristigen Tragf\u00e4higkeit der Investition beraten kann. Eine gr\u00fcndliche Analyse der Situation garantiert einen sicheren und soliden Kauf.<\/p>\n<h3 data-start=\"1245\" data-end=\"1261\"><strong data-start=\"1249\" data-end=\"1261\">Verkauf:<\/strong><\/h3>\n<p style=\"text-align: justify;\" data-start=\"1263\" data-end=\"1831\">Der Immobilienmarkt in der Schweiz entwickelt sich stetig weiter, die Preise steigen kontinuierlich. Wir haben einen entscheidenden Moment erreicht, in dem das Angebot die Nachfrage \u00fcbersteigt, und es ist mittlerweile schwierig geworden, eine Immobilie angesichts der Vielzahl an zum Verkauf stehenden Wohnungen zu verkaufen. Mit einem Experten an Ihrer Seite erh\u00f6hen Sie Ihre Chancen, Ihre Immobilie in k\u00fcrzerer Zeit und zum gew\u00fcnschten Preis zu verkaufen. Nutzen Sie unser Netzwerk in der gesamten Schweiz und international, um Ihre Erfolgschancen zu steigern.<\/p>\n<h3 data-start=\"1838\" data-end=\"1857\"><strong data-start=\"1842\" data-end=\"1857\">Vermietung:<\/strong><\/h3>\n<p style=\"text-align: justify;\" data-start=\"1859\" data-end=\"2237\">Eine Immobilie zu vermieten mag einfach erscheinen, birgt jedoch mehrere Fallstricke. Vor der Auswahl eines potenziellen Mieters muss ein vollst\u00e4ndiges Dossier erstellt werden \u2013 zum Beispiel mit einem Auszug aus dem Betreibungsregister und den letzten drei Gehaltsabrechnungen. Die Kaution muss dann per Bank\u00fcberweisung oder mittels Mietkautionsversicherung geleistet werden.<\/p>\n<h3 data-start=\"2244\" data-end=\"2273\"><strong data-start=\"2248\" data-end=\"2273\">Studentenunterk\u00fcnfte:<\/strong><\/h3>\n<p style=\"text-align: justify;\" data-start=\"2275\" data-end=\"2639\">Wir verf\u00fcgen \u00fcber mehrere <a href=\"http:\/\/student-housing.ch\">Studentenunterk\u00fcnfte<\/a>, die f\u00fcr kurze oder lange Zeitr\u00e4ume verf\u00fcgbar sind. Die meisten unserer Unterk\u00fcnfte befinden sich in der N\u00e4he der Universit\u00e4t Lausanne, der EPFL, der ECAL und der EHL. Am gefragtesten sind Wohngemeinschaftszimmer und Studios. Es empfiehlt sich, rechtzeitig zu planen, um sich zum Semesterbeginn eine Unterkunft zu sichern.<\/p>\n<h3 data-start=\"2646\" data-end=\"2681\"><strong data-start=\"2650\" data-end=\"2681\">Wohnungssuche (Immobilien):<\/strong><\/h3>\n<p style=\"text-align: justify;\" data-start=\"2683\" data-end=\"3044\">Haben Sie Schwierigkeiten, eine Unterkunft nach Ihren Kriterien zu finden oder Probleme, eine Mietwohnung zu bekommen? Unsere Wohnungssucher stehen Ihnen zur Verf\u00fcgung, um so schnell wie m\u00f6glich ein Objekt f\u00fcr Sie zu finden. Dank unseres Netzwerks und unserer Professionalit\u00e4t finden wir f\u00fcr Sie eine Unterkunft nach Ihren Kriterien \u2013 und in k\u00fcrzester Zeit.<\/p>\n<h3 data-start=\"3051\" data-end=\"3072\"><strong data-start=\"3055\" data-end=\"3072\">Home Staging:<\/strong><\/h3>\n<p style=\"text-align: justify;\" data-start=\"3074\" data-end=\"3462\">Haben Sie Schwierigkeiten, Ihre Immobilie zu verkaufen? In diesem Fall k\u00f6nnen Sie unser <strong data-start=\"3164\" data-end=\"3185\">Home-Staging-Team<\/strong> hinzuziehen, das auf die Aufwertung von Wohnungen und H\u00e4usern spezialisiert ist, um deren Verkauf zu erleichtern. Dieses Verfahren hat sich besonders bei Immobilien bew\u00e4hrt, die eine schnelle Renovierung oder ein paar Ver\u00e4nderungen ben\u00f6tigen, um sich von anderen Angeboten abzuheben.<\/p>\n<h3 data-start=\"3469\" data-end=\"3497\"><strong data-start=\"3473\" data-end=\"3497\">Immobilienbewertung:<\/strong><\/h3>\n<p style=\"text-align: justify;\" data-start=\"3499\" data-end=\"3790\">Eine realistische Bewertung einer Immobilie im Vergleich zum Marktpreis ist entscheidend f\u00fcr einen erfolgreichen Verkauf \u2013 und zum richtigen Preis. Anhand von Kriterien wie Baujahr und Lage k\u00f6nnen wir den Wert <a href=\"http:\/\/abc-office.eu\">Ihrer Immobilie<\/a> so nah wie m\u00f6glich an ihrem tats\u00e4chlichen Marktwert sch\u00e4tzen.<\/p>\n<p data-start=\"3797\" data-end=\"3874\"><a href=\"https:\/\/www.instagram.com\/dr_immo\/?hl=fr\"><img loading=\"lazy\" decoding=\"async\" class=\"aligncenter wp-image-109\" src=\"https:\/\/abc-office.ch\/wp-content\/uploads\/2018\/06\/Dr_Immo.jpg\" alt=\"Immobilien\" width=\"222\" height=\"222\" \/><\/a><\/p>\n","protected":false},"excerpt":{"rendered":"<p>Immobilien Unsere Immobilienagentur, ABC Translation, begann 2017 mit dem Kauf einer 5,5-Zimmer-Wohnung in der Schweiz, um daraus ein internationales Studentenwohnheim zu machen. Mit der N\u00e4he zur Universit\u00e4t Lausanne und zur EPFL war die Residenz schon bei der Er\u00f6ffnung im September 2017 ein voller Erfolg. Die 4 Zimmer waren innerhalb weniger Tage vermietet \u2013 und unsere&#8230;<\/p>\n","protected":false},"author":1,"featured_media":29098,"parent":0,"menu_order":0,"comment_status":"closed","ping_status":"closed","template":"","meta":{"sfsi_plus_gutenberg_text_before_share":"","sfsi_plus_gutenberg_show_text_before_share":"","sfsi_plus_gutenberg_icon_type":"","sfsi_plus_gutenberg_icon_alignemt":"","sfsi_plus_gutenburg_max_per_row":"","footnotes":""},"class_list":["post-225235","page","type-page","status-publish","has-post-thumbnail","hentry"],"yoast_head":"<!-- This site is optimized with the Yoast SEO plugin v23.8 - https:\/\/yoast.com\/wordpress\/plugins\/seo\/ -->\n<title>Immobilien | ABC Translation | Kaufen | Verkaufen | Mieten<\/title>\n<meta name=\"description\" content=\"ABC Translation | Immobilien | Kaufen | Verkaufen | Mieten | Vermieten | Studentenunterk\u00fcnfte | Home Staging | Immobilienagentur\" \/>\n<meta name=\"robots\" content=\"index, follow, max-snippet:-1, max-image-preview:large, max-video-preview:-1\" \/>\n<link rel=\"canonical\" href=\"https:\/\/abc-office.eu\/de\/immobilien\/\" \/>\n<meta property=\"og:locale\" content=\"de_DE\" \/>\n<meta property=\"og:type\" content=\"article\" \/>\n<meta property=\"og:title\" content=\"Immobilien | ABC Translation | Kaufen | Verkaufen | Mieten\" \/>\n<meta property=\"og:description\" content=\"ABC Translation | Immobilien | Kaufen | Verkaufen | Mieten | Vermieten | Studentenunterk\u00fcnfte | Home Staging | Immobilienagentur\" \/>\n<meta property=\"og:url\" content=\"https:\/\/abc-office.eu\/de\/immobilien\/\" \/>\n<meta property=\"og:site_name\" content=\"ABC Translation\" \/>\n<meta property=\"article:modified_time\" content=\"2025-10-14T14:46:34+00:00\" \/>\n<meta property=\"og:image\" content=\"https:\/\/abc-office.eu\/wp-content\/uploads\/2022\/04\/Immo.jpg\" \/>\n\t<meta property=\"og:image:width\" content=\"1500\" \/>\n\t<meta property=\"og:image:height\" content=\"1001\" \/>\n\t<meta property=\"og:image:type\" content=\"image\/jpeg\" \/>\n<meta name=\"twitter:card\" content=\"summary_large_image\" \/>\n<meta name=\"twitter:label1\" content=\"Gesch\u00e4tzte Lesezeit\" \/>\n\t<meta name=\"twitter:data1\" content=\"3\u00a0Minuten\" \/>\n<script type=\"application\/ld+json\" class=\"yoast-schema-graph\">{\"@context\":\"https:\/\/schema.org\",\"@graph\":[{\"@type\":\"WebPage\",\"@id\":\"https:\/\/abc-office.eu\/de\/immobilien\/\",\"url\":\"https:\/\/abc-office.eu\/de\/immobilien\/\",\"name\":\"Immobilien | ABC Translation | Kaufen | Verkaufen | Mieten\",\"isPartOf\":{\"@id\":\"https:\/\/abc-office.eu\/de\/#website\"},\"primaryImageOfPage\":{\"@id\":\"https:\/\/abc-office.eu\/de\/immobilien\/#primaryimage\"},\"image\":{\"@id\":\"https:\/\/abc-office.eu\/de\/immobilien\/#primaryimage\"},\"thumbnailUrl\":\"https:\/\/abc-office.eu\/wp-content\/uploads\/2022\/04\/Immo.jpg\",\"datePublished\":\"2017-02-16T08:16:01+00:00\",\"dateModified\":\"2025-10-14T14:46:34+00:00\",\"description\":\"ABC Translation | Immobilien | Kaufen | Verkaufen | Mieten | Vermieten | Studentenunterk\u00fcnfte | Home Staging | Immobilienagentur\",\"breadcrumb\":{\"@id\":\"https:\/\/abc-office.eu\/de\/immobilien\/#breadcrumb\"},\"inLanguage\":\"de\",\"potentialAction\":[{\"@type\":\"ReadAction\",\"target\":[\"https:\/\/abc-office.eu\/de\/immobilien\/\"]}]},{\"@type\":\"ImageObject\",\"inLanguage\":\"de\",\"@id\":\"https:\/\/abc-office.eu\/de\/immobilien\/#primaryimage\",\"url\":\"https:\/\/abc-office.eu\/wp-content\/uploads\/2022\/04\/Immo.jpg\",\"contentUrl\":\"https:\/\/abc-office.eu\/wp-content\/uploads\/2022\/04\/Immo.jpg\",\"width\":1500,\"height\":1001},{\"@type\":\"BreadcrumbList\",\"@id\":\"https:\/\/abc-office.eu\/de\/immobilien\/#breadcrumb\",\"itemListElement\":[{\"@type\":\"ListItem\",\"position\":1,\"name\":\"Accueil\",\"item\":\"https:\/\/abc-office.eu\/de\/\"},{\"@type\":\"ListItem\",\"position\":2,\"name\":\"Immobilien\"}]},{\"@type\":\"WebSite\",\"@id\":\"https:\/\/abc-office.eu\/de\/#website\",\"url\":\"https:\/\/abc-office.eu\/de\/\",\"name\":\"ABC Translation\",\"description\":\"info@abc-office.eu\",\"potentialAction\":[{\"@type\":\"SearchAction\",\"target\":{\"@type\":\"EntryPoint\",\"urlTemplate\":\"https:\/\/abc-office.eu\/de\/?s={search_term_string}\"},\"query-input\":{\"@type\":\"PropertyValueSpecification\",\"valueRequired\":true,\"valueName\":\"search_term_string\"}}],\"inLanguage\":\"de\"}]}<\/script>\n<!-- \/ Yoast SEO plugin. -->","yoast_head_json":{"title":"Immobilien | ABC Translation | Kaufen | Verkaufen | Mieten","description":"ABC Translation | Immobilien | Kaufen | Verkaufen | Mieten | Vermieten | Studentenunterk\u00fcnfte | Home Staging | Immobilienagentur","robots":{"index":"index","follow":"follow","max-snippet":"max-snippet:-1","max-image-preview":"max-image-preview:large","max-video-preview":"max-video-preview:-1"},"canonical":"https:\/\/abc-office.eu\/de\/immobilien\/","og_locale":"de_DE","og_type":"article","og_title":"Immobilien | ABC Translation | Kaufen | Verkaufen | Mieten","og_description":"ABC Translation | Immobilien | Kaufen | Verkaufen | Mieten | Vermieten | Studentenunterk\u00fcnfte | Home Staging | Immobilienagentur","og_url":"https:\/\/abc-office.eu\/de\/immobilien\/","og_site_name":"ABC Translation","article_modified_time":"2025-10-14T14:46:34+00:00","og_image":[{"width":1500,"height":1001,"url":"https:\/\/abc-office.eu\/wp-content\/uploads\/2022\/04\/Immo.jpg","type":"image\/jpeg"}],"twitter_card":"summary_large_image","twitter_misc":{"Gesch\u00e4tzte Lesezeit":"3\u00a0Minuten"},"schema":{"@context":"https:\/\/schema.org","@graph":[{"@type":"WebPage","@id":"https:\/\/abc-office.eu\/de\/immobilien\/","url":"https:\/\/abc-office.eu\/de\/immobilien\/","name":"Immobilien | ABC Translation | Kaufen | Verkaufen | Mieten","isPartOf":{"@id":"https:\/\/abc-office.eu\/de\/#website"},"primaryImageOfPage":{"@id":"https:\/\/abc-office.eu\/de\/immobilien\/#primaryimage"},"image":{"@id":"https:\/\/abc-office.eu\/de\/immobilien\/#primaryimage"},"thumbnailUrl":"https:\/\/abc-office.eu\/wp-content\/uploads\/2022\/04\/Immo.jpg","datePublished":"2017-02-16T08:16:01+00:00","dateModified":"2025-10-14T14:46:34+00:00","description":"ABC Translation | Immobilien | Kaufen | Verkaufen | Mieten | Vermieten | Studentenunterk\u00fcnfte | Home Staging | Immobilienagentur","breadcrumb":{"@id":"https:\/\/abc-office.eu\/de\/immobilien\/#breadcrumb"},"inLanguage":"de","potentialAction":[{"@type":"ReadAction","target":["https:\/\/abc-office.eu\/de\/immobilien\/"]}]},{"@type":"ImageObject","inLanguage":"de","@id":"https:\/\/abc-office.eu\/de\/immobilien\/#primaryimage","url":"https:\/\/abc-office.eu\/wp-content\/uploads\/2022\/04\/Immo.jpg","contentUrl":"https:\/\/abc-office.eu\/wp-content\/uploads\/2022\/04\/Immo.jpg","width":1500,"height":1001},{"@type":"BreadcrumbList","@id":"https:\/\/abc-office.eu\/de\/immobilien\/#breadcrumb","itemListElement":[{"@type":"ListItem","position":1,"name":"Accueil","item":"https:\/\/abc-office.eu\/de\/"},{"@type":"ListItem","position":2,"name":"Immobilien"}]},{"@type":"WebSite","@id":"https:\/\/abc-office.eu\/de\/#website","url":"https:\/\/abc-office.eu\/de\/","name":"ABC Translation","description":"info@abc-office.eu","potentialAction":[{"@type":"SearchAction","target":{"@type":"EntryPoint","urlTemplate":"https:\/\/abc-office.eu\/de\/?s={search_term_string}"},"query-input":{"@type":"PropertyValueSpecification","valueRequired":true,"valueName":"search_term_string"}}],"inLanguage":"de"}]}},"_links":{"self":[{"href":"https:\/\/abc-office.eu\/de\/wp-json\/wp\/v2\/pages\/225235","targetHints":{"allow":["GET"]}}],"collection":[{"href":"https:\/\/abc-office.eu\/de\/wp-json\/wp\/v2\/pages"}],"about":[{"href":"https:\/\/abc-office.eu\/de\/wp-json\/wp\/v2\/types\/page"}],"author":[{"embeddable":true,"href":"https:\/\/abc-office.eu\/de\/wp-json\/wp\/v2\/users\/1"}],"replies":[{"embeddable":true,"href":"https:\/\/abc-office.eu\/de\/wp-json\/wp\/v2\/comments?post=225235"}],"version-history":[{"count":3,"href":"https:\/\/abc-office.eu\/de\/wp-json\/wp\/v2\/pages\/225235\/revisions"}],"predecessor-version":[{"id":226692,"href":"https:\/\/abc-office.eu\/de\/wp-json\/wp\/v2\/pages\/225235\/revisions\/226692"}],"wp:featuredmedia":[{"embeddable":true,"href":"https:\/\/abc-office.eu\/de\/wp-json\/wp\/v2\/media\/29098"}],"wp:attachment":[{"href":"https:\/\/abc-office.eu\/de\/wp-json\/wp\/v2\/media?parent=225235"}],"curies":[{"name":"wp","href":"https:\/\/api.w.org\/{rel}","templated":true}]}}