{"id":225229,"date":"2017-02-16T09:13:19","date_gmt":"2017-02-16T08:13:19","guid":{"rendered":"https:\/\/abc-office.eu\/?page_id=225229"},"modified":"2025-10-14T14:27:54","modified_gmt":"2025-10-14T12:27:54","slug":"startseite","status":"publish","type":"page","link":"https:\/\/abc-office.eu\/de\/","title":{"rendered":"Startseite"},"content":{"rendered":"<h2 data-start=\"104\" data-end=\"126\"><strong data-start=\"107\" data-end=\"126\">ABC Translation<\/strong><\/h2>\n<p style=\"text-align: justify;\" data-start=\"128\" data-end=\"643\">ABC Translation ist auf mehrere Bereiche spezialisiert, darunter \u00dcbersetzungen, Immobilien, Legalisierungen, Recht und Relocation. Mit einem Team von \u00fcber 500 Mitarbeitern weltweit ist ABC Translation f\u00fchrend in diesen Fachbereichen und kann dank seines gro\u00dfen Teams qualifizierter Fachkr\u00e4fte sehr schnell handeln. Das Unternehmen vereint 55 verschiedene Nationalit\u00e4ten und verf\u00fcgt \u00fcber Verbindungen in mehr als 85 L\u00e4ndern. Es hat die Globalisierung genutzt, um eine immer anspruchsvollere Kundschaft zu gewinnen.<\/p>\n<h3 data-start=\"650\" data-end=\"686\"><strong data-start=\"654\" data-end=\"684\">ABC Translation in Zahlen:<\/strong><\/h3>\n<ul>\n<li data-start=\"690\" data-end=\"716\">500 Mitarbeiter weltweit<\/li>\n<li data-start=\"719\" data-end=\"744\">60 gesprochene Sprachen<\/li>\n<li data-start=\"747\" data-end=\"771\">4.000 Projekte pro Jahr<\/li>\n<li data-start=\"774\" data-end=\"799\">\u00dcber 10 Jahre Erfahrung<\/li>\n<li data-start=\"802\" data-end=\"846\">Mehr als 1.000 regelm\u00e4\u00dfige Gesch\u00e4ftskunden<\/li>\n<li data-start=\"849\" data-end=\"886\">Mehr als 2.000 Privatkunden pro Jahr<\/li>\n<\/ul>\n<p style=\"text-align: justify;\" data-start=\"893\" data-end=\"1261\">Wir arbeiten mit mehreren Notariaten zusammen, um verschiedene Dokumente so schnell wie m\u00f6glich legalisieren zu k\u00f6nnen. F\u00fcr Dokumente, die ins Ausland gehen, arbeiten wir mit Botschaften, Konsulaten und <a href=\"https:\/\/agence-de-traduction.ch\/de\/apostille-legalisierung\/\">Kanzleien<\/a> zusammen. Diese enge Zusammenarbeit zwischen den verschiedenen Stellen erm\u00f6glicht es uns, Ihre Dokumente in Rekordzeit zu \u00fcbersetzen und zu legalisieren. Dar\u00fcber hinaus sorgen unsere Fahrradkuriere f\u00fcr die Zustellung der Dokumente an die verschiedenen \u00c4mter und schonen dabei die Umwelt. F\u00fcr den Versand innerhalb Europas und weltweit nutzen wir anschlie\u00dfend die europ\u00e4ischen Postdienste sowie DHL.<\/p>\n<p style=\"text-align: justify;\" data-start=\"1516\" data-end=\"1794\">Unsere Dienstleistungen haben sich im Laufe der Jahre vor allem durch Qualit\u00e4t und Geschwindigkeit ausgezeichnet. In diesem Bereich ist Reaktionsf\u00e4higkeit der Schl\u00fcssel zum Erfolg. Unsere Infrastruktur wurde so aufgebaut, dass wir noch schneller auf Kundenanfragen reagieren k\u00f6nnen. F\u00fcr eine schnelle Kontaktaufnahme k\u00f6nnen Sie uns telefonisch oder per E-Mail erreichen. Das Kontaktformular rechts auf dieser Seite dieser Seite kann ebenfalls genutzt werden, insbesondere f\u00fcr das Versenden von Dokumenten. Wir senden das Angebot in der Regel <strong data-start=\"2053\" data-end=\"2074\">10 bis 20 Minuten<\/strong> nach Erhalt der Dateien. Es enth\u00e4lt den Gesamtpreis und die Bearbeitungszeit f\u00fcr das Projekt.<\/p>\n<p style=\"text-align: justify;\" data-start=\"2177\" data-end=\"2280\">Das gesamte Team steht Ihnen jederzeit zur Verf\u00fcgung und freut sich auf die <a href=\"http:\/\/abc-office.eu\/de\">Zusammenarbeit<\/a> mit Ihnen.<\/p>\n<p data-start=\"2177\" data-end=\"2280\"><img loading=\"lazy\" decoding=\"async\" class=\"aligncenter wp-image-298\" src=\"https:\/\/abc-office.ch\/wp-content\/uploads\/2020\/03\/bim91-1024x682.jpg\" alt=\"ABC Translation\" width=\"607\" height=\"404\" \/><\/p>\n","protected":false},"excerpt":{"rendered":"<p>ABC Translation ABC Translation ist auf mehrere Bereiche spezialisiert, darunter \u00dcbersetzungen, Immobilien, Legalisierungen, Recht und Relocation. Mit einem Team von \u00fcber 500 Mitarbeitern weltweit ist ABC Translation f\u00fchrend in diesen Fachbereichen und kann dank seines gro\u00dfen Teams qualifizierter Fachkr\u00e4fte sehr schnell handeln. Das Unternehmen vereint 55 verschiedene Nationalit\u00e4ten und verf\u00fcgt \u00fcber Verbindungen in mehr als&#8230;<\/p>\n","protected":false},"author":1,"featured_media":29058,"parent":0,"menu_order":0,"comment_status":"closed","ping_status":"closed","template":"","meta":{"sfsi_plus_gutenberg_text_before_share":"","sfsi_plus_gutenberg_show_text_before_share":"","sfsi_plus_gutenberg_icon_type":"","sfsi_plus_gutenberg_icon_alignemt":"","sfsi_plus_gutenburg_max_per_row":"","footnotes":""},"class_list":["post-225229","page","type-page","status-publish","has-post-thumbnail","hentry"],"yoast_head":"<!-- This site is optimized with the Yoast SEO plugin v23.8 - https:\/\/yoast.com\/wordpress\/plugins\/seo\/ -->\n<title>ABC Translation \u00dcbersetzung Legalisierung Immobilien Expatriates<\/title>\n<meta name=\"description\" content=\"ABC Translation | Legalisierung | Immobilien | Expatriates | Dolmetschen | Notar | Anwaltskanzlei | Personen-Relocation | Unternehmen\" \/>\n<meta name=\"robots\" content=\"index, follow, max-snippet:-1, max-image-preview:large, max-video-preview:-1\" \/>\n<link rel=\"canonical\" href=\"https:\/\/abc-office.eu\/de\/\" \/>\n<meta property=\"og:locale\" content=\"de_DE\" \/>\n<meta property=\"og:type\" content=\"article\" \/>\n<meta property=\"og:title\" content=\"ABC Translation \u00dcbersetzung Legalisierung Immobilien Expatriates\" \/>\n<meta property=\"og:description\" content=\"ABC Translation | Legalisierung | Immobilien | Expatriates | Dolmetschen | Notar | Anwaltskanzlei | Personen-Relocation | Unternehmen\" \/>\n<meta property=\"og:url\" content=\"https:\/\/abc-office.eu\/de\/\" \/>\n<meta property=\"og:site_name\" content=\"ABC Translation\" \/>\n<meta property=\"article:modified_time\" content=\"2025-10-14T12:27:54+00:00\" \/>\n<meta property=\"og:image\" content=\"https:\/\/abc-office.eu\/wp-content\/uploads\/2022\/04\/6190976a.jpg\" \/>\n\t<meta property=\"og:image:width\" content=\"852\" \/>\n\t<meta property=\"og:image:height\" content=\"480\" \/>\n\t<meta property=\"og:image:type\" content=\"image\/jpeg\" \/>\n<meta name=\"twitter:card\" content=\"summary_large_image\" \/>\n<meta name=\"twitter:label1\" content=\"Gesch\u00e4tzte Lesezeit\" \/>\n\t<meta name=\"twitter:data1\" content=\"2\u00a0Minuten\" \/>\n<script type=\"application\/ld+json\" class=\"yoast-schema-graph\">{\"@context\":\"https:\/\/schema.org\",\"@graph\":[{\"@type\":\"WebPage\",\"@id\":\"https:\/\/abc-office.eu\/de\/\",\"url\":\"https:\/\/abc-office.eu\/de\/\",\"name\":\"ABC Translation \u00dcbersetzung Legalisierung Immobilien Expatriates\",\"isPartOf\":{\"@id\":\"https:\/\/abc-office.eu\/de\/#website\"},\"primaryImageOfPage\":{\"@id\":\"https:\/\/abc-office.eu\/de\/#primaryimage\"},\"image\":{\"@id\":\"https:\/\/abc-office.eu\/de\/#primaryimage\"},\"thumbnailUrl\":\"https:\/\/abc-office.eu\/wp-content\/uploads\/2022\/04\/6190976a.jpg\",\"datePublished\":\"2017-02-16T08:13:19+00:00\",\"dateModified\":\"2025-10-14T12:27:54+00:00\",\"description\":\"ABC Translation | Legalisierung | Immobilien | Expatriates | Dolmetschen | Notar | Anwaltskanzlei | Personen-Relocation | Unternehmen\",\"breadcrumb\":{\"@id\":\"https:\/\/abc-office.eu\/de\/#breadcrumb\"},\"inLanguage\":\"de\",\"potentialAction\":[{\"@type\":\"ReadAction\",\"target\":[\"https:\/\/abc-office.eu\/de\/\"]}]},{\"@type\":\"ImageObject\",\"inLanguage\":\"de\",\"@id\":\"https:\/\/abc-office.eu\/de\/#primaryimage\",\"url\":\"https:\/\/abc-office.eu\/wp-content\/uploads\/2022\/04\/6190976a.jpg\",\"contentUrl\":\"https:\/\/abc-office.eu\/wp-content\/uploads\/2022\/04\/6190976a.jpg\",\"width\":852,\"height\":480},{\"@type\":\"BreadcrumbList\",\"@id\":\"https:\/\/abc-office.eu\/de\/#breadcrumb\",\"itemListElement\":[{\"@type\":\"ListItem\",\"position\":1,\"name\":\"Accueil\",\"item\":\"https:\/\/abc-office.eu\/de\/\"},{\"@type\":\"ListItem\",\"position\":2,\"name\":\"Startseite\"}]},{\"@type\":\"WebSite\",\"@id\":\"https:\/\/abc-office.eu\/de\/#website\",\"url\":\"https:\/\/abc-office.eu\/de\/\",\"name\":\"ABC Translation\",\"description\":\"info@abc-office.eu\",\"potentialAction\":[{\"@type\":\"SearchAction\",\"target\":{\"@type\":\"EntryPoint\",\"urlTemplate\":\"https:\/\/abc-office.eu\/de\/?s={search_term_string}\"},\"query-input\":{\"@type\":\"PropertyValueSpecification\",\"valueRequired\":true,\"valueName\":\"search_term_string\"}}],\"inLanguage\":\"de\"}]}<\/script>\n<!-- \/ Yoast SEO plugin. -->","yoast_head_json":{"title":"ABC Translation \u00dcbersetzung Legalisierung Immobilien Expatriates","description":"ABC Translation | Legalisierung | Immobilien | Expatriates | Dolmetschen | Notar | Anwaltskanzlei | Personen-Relocation | Unternehmen","robots":{"index":"index","follow":"follow","max-snippet":"max-snippet:-1","max-image-preview":"max-image-preview:large","max-video-preview":"max-video-preview:-1"},"canonical":"https:\/\/abc-office.eu\/de\/","og_locale":"de_DE","og_type":"article","og_title":"ABC Translation \u00dcbersetzung Legalisierung Immobilien Expatriates","og_description":"ABC Translation | Legalisierung | Immobilien | Expatriates | Dolmetschen | Notar | Anwaltskanzlei | Personen-Relocation | Unternehmen","og_url":"https:\/\/abc-office.eu\/de\/","og_site_name":"ABC Translation","article_modified_time":"2025-10-14T12:27:54+00:00","og_image":[{"width":852,"height":480,"url":"https:\/\/abc-office.eu\/wp-content\/uploads\/2022\/04\/6190976a.jpg","type":"image\/jpeg"}],"twitter_card":"summary_large_image","twitter_misc":{"Gesch\u00e4tzte Lesezeit":"2\u00a0Minuten"},"schema":{"@context":"https:\/\/schema.org","@graph":[{"@type":"WebPage","@id":"https:\/\/abc-office.eu\/de\/","url":"https:\/\/abc-office.eu\/de\/","name":"ABC Translation \u00dcbersetzung Legalisierung Immobilien Expatriates","isPartOf":{"@id":"https:\/\/abc-office.eu\/de\/#website"},"primaryImageOfPage":{"@id":"https:\/\/abc-office.eu\/de\/#primaryimage"},"image":{"@id":"https:\/\/abc-office.eu\/de\/#primaryimage"},"thumbnailUrl":"https:\/\/abc-office.eu\/wp-content\/uploads\/2022\/04\/6190976a.jpg","datePublished":"2017-02-16T08:13:19+00:00","dateModified":"2025-10-14T12:27:54+00:00","description":"ABC Translation | Legalisierung | Immobilien | Expatriates | Dolmetschen | Notar | Anwaltskanzlei | Personen-Relocation | Unternehmen","breadcrumb":{"@id":"https:\/\/abc-office.eu\/de\/#breadcrumb"},"inLanguage":"de","potentialAction":[{"@type":"ReadAction","target":["https:\/\/abc-office.eu\/de\/"]}]},{"@type":"ImageObject","inLanguage":"de","@id":"https:\/\/abc-office.eu\/de\/#primaryimage","url":"https:\/\/abc-office.eu\/wp-content\/uploads\/2022\/04\/6190976a.jpg","contentUrl":"https:\/\/abc-office.eu\/wp-content\/uploads\/2022\/04\/6190976a.jpg","width":852,"height":480},{"@type":"BreadcrumbList","@id":"https:\/\/abc-office.eu\/de\/#breadcrumb","itemListElement":[{"@type":"ListItem","position":1,"name":"Accueil","item":"https:\/\/abc-office.eu\/de\/"},{"@type":"ListItem","position":2,"name":"Startseite"}]},{"@type":"WebSite","@id":"https:\/\/abc-office.eu\/de\/#website","url":"https:\/\/abc-office.eu\/de\/","name":"ABC Translation","description":"info@abc-office.eu","potentialAction":[{"@type":"SearchAction","target":{"@type":"EntryPoint","urlTemplate":"https:\/\/abc-office.eu\/de\/?s={search_term_string}"},"query-input":{"@type":"PropertyValueSpecification","valueRequired":true,"valueName":"search_term_string"}}],"inLanguage":"de"}]}},"_links":{"self":[{"href":"https:\/\/abc-office.eu\/de\/wp-json\/wp\/v2\/pages\/225229","targetHints":{"allow":["GET"]}}],"collection":[{"href":"https:\/\/abc-office.eu\/de\/wp-json\/wp\/v2\/pages"}],"about":[{"href":"https:\/\/abc-office.eu\/de\/wp-json\/wp\/v2\/types\/page"}],"author":[{"embeddable":true,"href":"https:\/\/abc-office.eu\/de\/wp-json\/wp\/v2\/users\/1"}],"replies":[{"embeddable":true,"href":"https:\/\/abc-office.eu\/de\/wp-json\/wp\/v2\/comments?post=225229"}],"version-history":[{"count":3,"href":"https:\/\/abc-office.eu\/de\/wp-json\/wp\/v2\/pages\/225229\/revisions"}],"predecessor-version":[{"id":226641,"href":"https:\/\/abc-office.eu\/de\/wp-json\/wp\/v2\/pages\/225229\/revisions\/226641"}],"wp:featuredmedia":[{"embeddable":true,"href":"https:\/\/abc-office.eu\/de\/wp-json\/wp\/v2\/media\/29058"}],"wp:attachment":[{"href":"https:\/\/abc-office.eu\/de\/wp-json\/wp\/v2\/media?parent=225229"}],"curies":[{"name":"wp","href":"https:\/\/api.w.org\/{rel}","templated":true}]}}