{"id":229246,"date":"2024-08-11T01:23:06","date_gmt":"2024-08-10T23:23:06","guid":{"rendered":"https:\/\/abc-office.eu\/?page_id=229246"},"modified":"2025-10-23T16:44:15","modified_gmt":"2025-10-23T14:44:15","slug":"certificeret-oversaettelse-koebenhavn","status":"publish","type":"page","link":"https:\/\/abc-office.eu\/da\/danmark\/certificeret-oversaettelse-danmark\/certificeret-oversaettelse-koebenhavn\/","title":{"rendered":"Certificeret overs\u00e6ttelse K\u00f8benhavn"},"content":{"rendered":"<h2 data-start=\"76\" data-end=\"117\"><strong data-start=\"76\" data-end=\"115\">Certificeret overs\u00e6ttelse K\u00f8benhavn<\/strong><\/h2>\n<p style=\"text-align: justify;\">Vores overs\u00e6ttelsesbureau specialiserer sig i certificerede og autoriserede overs\u00e6ttelser p\u00e5 mere end 80 sprog. Vores team i K\u00f8benhavn kan hurtigt behandle din foresp\u00f8rgsel. Vi har blot brug for en kopi af de dokumenter, der skal overs\u00e6ttes (alle formater accepteres). Originaldokumenterne er ikke l\u00e6ngere p\u00e5kr\u00e6vet (certificeret overs\u00e6ttelse K\u00f8benhavn).<\/p>\n<ol>\n<li style=\"text-align: justify;\">Du er velkommen til at bruge vores e-mailadresse (<a href=\"mailto:info@abc-office.eu\">info@abc-office.eu<\/a>) eller kontaktformularen. Du kan ogs\u00e5 kontakte os via vores WhatsApp-link.<\/li>\n<li style=\"text-align: justify;\">Du bedes angive det sprog, du \u00f8nsker at modtage overs\u00e6ttelsen p\u00e5, og om du har brug for, at overs\u00e6ttelsen skal legaliseres af en notar og\/eller p\u00e5f\u00f8res apostille (kansleriet).<\/li>\n<li style=\"text-align: justify;\">En af vores projektledere sender dig hurtigt et tilbud med pris og leveringstid for projektet. Vi svarer normalt inden for 30 minutter. Men ring til os, hvis du ikke har f\u00e5et svar inden for en time.<\/li>\n<li style=\"text-align: justify;\">Sidst, men ikke mindst \u2013 n\u00e5r tilbuddet er accepteret, starter vi overs\u00e6ttelsesforl\u00f8bet og sender dig de certificerede overs\u00e6ttelser med posten. Hvis du ogs\u00e5 har brug for en kopi af overs\u00e6ttelsen via e-mail, bedes du give projektlederen besked. S\u00e5 sender vi den til dig via e-mail, inden vi afsender originalen.<\/li>\n<\/ol>\n<p style=\"text-align: justify;\">Med hensyn til leveringstid bliver de certificerede overs\u00e6ttelser sendt med posten eller DHL og\/eller via e-mail inden for 2-3 hverdage. Det afh\u00e6nger dog ogs\u00e5 af dokumenternes omfang og sv\u00e6rhedsgrad. F.eks. modtager du s\u00e6dvanligvis et dokument p\u00e5 \u00e9n side med posten inden for to hverdage.<\/p>\n<h3><strong>Her er en liste over vores hovedsprog:<\/strong><\/h3>\n<p style=\"text-align: justify;\">Afrikaans | Albansk | Amerikansk engelsk | Amharisk | Arabisk | Armensk | Aserbajdsjansk | Aymara | Baskisk | Bengalsk | Bosnisk | Brasiliansk | Bulgarsk | Burmesisk | Catalansk | Dansk | Dari | Engelsk | Estisk | Ewe | Farsi | Finsk | Fula | Georgisk | Gr\u00e6sk | Guarani | Hebraisk | Hindi | Hollandsk | Hviderussisk | Indonesisk | Italiensk | Japansk | Kantonesisk | Kasakhisk | Khmer | Kinesisk | Forenklet kinesisk | Traditionelt kinesisk | Kirgisisk | Koreansk | Kroatisk | Kurdisk | Lao | Lettisk | Lingala | Litauisk | Makedonsk | Malayalam | Malaysisk | Mandarin | Moldovisk | Mongolsk | Montenegrinsk | Norsk | Pashto | Persisk | Polsk | Portugisisk | Punjabi | Quechua | Rum\u00e6nsk | Russisk | Serbisk | Singalesisk | Slovakisk | Slovensk | Spansk | Svensk | Tamil | Thai | Tjekkisk | Turkmensk | Tyrkisk | Tysk | Ukrainsk | Ungarsk | Urdu | Usbekisk | Vietnamesisk<\/p>\n<h3><strong>Her er en ikke-udt\u00f8mmende liste over dokumenter:<\/strong><\/h3>\n<p style=\"text-align: justify;\">F\u00f8dselsattest | Vielsesattest | Civilstandsattest | Attest | Patent | Straffeattest | Certifikat | D\u00f8dsattest | Familieattest | Arbejdsattest | Selvangivelse | Diplom | Pas | K\u00f8rekort | Testamente | Visum | Kontrakt | Skilsmissekontrakt | \u00c6gteskabskontrakt | Dom | Procedure | Fuldmagt | Referat<\/p>\n<h3><strong>Almindelige typer certificeringer\/legaliseringer (certificeret overs\u00e6ttelse K\u00f8benhavn):<\/strong><\/h3>\n<ul>\n<li style=\"text-align: justify;\"><strong>Certificeret overs\u00e6ttelse:<\/strong>\u00a0Vi leverer overs\u00e6ttelsen med vores stempel og underskrift.<\/li>\n<li style=\"text-align: justify;\"><strong>Autoriseret overs\u00e6ttelse:<\/strong>\u00a0I Danmark findes der ikke l\u00e6ngere statsautoriserede overs\u00e6ttere, men vi tilbyder certificerede overs\u00e6ttelser, hvor vores overs\u00e6ttere underskriver overs\u00e6ttelsen. Underskriften bekr\u00e6ftes derefter af en notar. Herefter kan dokumentet p\u00e5f\u00f8res apostille af Justitsministeriet, s\u00e5 det anerkendes b\u00e5de i Danmark og i udlandet.<\/li>\n<li style=\"text-align: justify;\"><strong>Legaliseret overs\u00e6ttelse:<\/strong>\u00a0Notaren legaliserer overs\u00e6tterens underskrift p\u00e5 overs\u00e6ttelsen.<\/li>\n<li style=\"text-align: justify;\"><strong>Overs\u00e6ttelse med apostille:<\/strong>\u00a0Kansleriet legaliserer notarens underskrift.<\/li>\n<li style=\"text-align: justify;\"><strong>Overs\u00e6ttelse legaliseret af en ambassade eller et konsulat<\/strong>: Ambassaden eller konsulatet legaliserer overs\u00e6ttelsen til brug i udlandet.<\/li>\n<\/ul>\n<p style=\"text-align: justify;\">Som f\u00f8lge heraf \u2013 og takket v\u00e6re den korrekte certificering \u2013 accepteres overs\u00e6ttelserne i Danmark og i udlandet. Hvis du har sp\u00f8rgsm\u00e5l vedr\u00f8rende den type certificering, du har brug for til dine dokumenter, er du velkommen til at kontakte vores team. Vi vejleder dig igennem processen.<\/p>\n<p>Vi ser frem til at samarbejde med dig.<\/p>\n<p><a href=\"https:\/\/abc-office.eu\/da\/\"><strong>ABC Translation LLC<\/strong><\/a><\/p>\n<p style=\"text-align: justify;\" data-start=\"3693\" data-end=\"3718\">\n<p data-start=\"3693\" data-end=\"3718\"><img loading=\"lazy\" decoding=\"async\" class=\"aligncenter wp-image-271\" src=\"https:\/\/abc-office.ch\/wp-content\/uploads\/2018\/06\/imageedit_1_6241191614.gif\" alt=\"Certificeret overs\u00e6ttelse K\u00f8benhavn\" width=\"437\" height=\"437\" \/><\/p>\n","protected":false},"excerpt":{"rendered":"<p>Certificeret overs\u00e6ttelse K\u00f8benhavn Vores overs\u00e6ttelsesbureau specialiserer sig i certificerede og autoriserede overs\u00e6ttelser p\u00e5 mere end 80 sprog. Vores team i K\u00f8benhavn kan hurtigt behandle din foresp\u00f8rgsel. Vi har blot brug for en kopi af de dokumenter, der skal overs\u00e6ttes (alle formater accepteres). Originaldokumenterne er ikke l\u00e6ngere p\u00e5kr\u00e6vet (certificeret overs\u00e6ttelse K\u00f8benhavn). Du er velkommen til at&#8230;<\/p>\n","protected":false},"author":1,"featured_media":229247,"parent":229244,"menu_order":0,"comment_status":"closed","ping_status":"closed","template":"","meta":{"sfsi_plus_gutenberg_text_before_share":"","sfsi_plus_gutenberg_show_text_before_share":"","sfsi_plus_gutenberg_icon_type":"","sfsi_plus_gutenberg_icon_alignemt":"","sfsi_plus_gutenburg_max_per_row":"","footnotes":""},"class_list":["post-229246","page","type-page","status-publish","has-post-thumbnail","hentry"],"yoast_head":"<!-- This site is optimized with the Yoast SEO plugin v23.8 - https:\/\/yoast.com\/wordpress\/plugins\/seo\/ -->\n<title>Certificeret overs\u00e6ttelse K\u00f8benhavn | Autoriseret overs\u00e6tter<\/title>\n<meta name=\"description\" content=\"ABC Translation | Certificeret overs\u00e6ttelse K\u00f8benhavn | Autoriseret overs\u00e6tter K\u00f8benhavn | Officiel overs\u00e6ttelse | Notarial legalisering\" \/>\n<meta name=\"robots\" content=\"index, follow, max-snippet:-1, max-image-preview:large, max-video-preview:-1\" \/>\n<link rel=\"canonical\" href=\"https:\/\/abc-office.eu\/da\/danmark\/certificeret-oversaettelse-danmark\/certificeret-oversaettelse-koebenhavn\/\" \/>\n<meta property=\"og:locale\" content=\"da_DK\" \/>\n<meta property=\"og:type\" content=\"article\" \/>\n<meta property=\"og:title\" content=\"Certificeret overs\u00e6ttelse K\u00f8benhavn | Autoriseret overs\u00e6tter\" \/>\n<meta property=\"og:description\" content=\"ABC Translation | Certificeret overs\u00e6ttelse K\u00f8benhavn | Autoriseret overs\u00e6tter K\u00f8benhavn | Officiel overs\u00e6ttelse | Notarial legalisering\" \/>\n<meta property=\"og:url\" content=\"https:\/\/abc-office.eu\/da\/danmark\/certificeret-oversaettelse-danmark\/certificeret-oversaettelse-koebenhavn\/\" \/>\n<meta property=\"og:site_name\" content=\"ABC Translation\" \/>\n<meta property=\"article:modified_time\" content=\"2025-10-23T14:44:15+00:00\" \/>\n<meta property=\"og:image\" content=\"https:\/\/abc-office.eu\/wp-content\/uploads\/2025\/10\/Christiansborg_fra_Nikolaj_Kirken-768x379-1.jpg\" \/>\n\t<meta property=\"og:image:width\" content=\"768\" \/>\n\t<meta property=\"og:image:height\" content=\"379\" \/>\n\t<meta property=\"og:image:type\" content=\"image\/jpeg\" \/>\n<meta name=\"twitter:card\" content=\"summary_large_image\" \/>\n<meta name=\"twitter:label1\" content=\"Estimeret l\u00e6setid\" \/>\n\t<meta name=\"twitter:data1\" content=\"3 minutter\" \/>\n<script type=\"application\/ld+json\" class=\"yoast-schema-graph\">{\"@context\":\"https:\/\/schema.org\",\"@graph\":[{\"@type\":\"WebPage\",\"@id\":\"https:\/\/abc-office.eu\/da\/danmark\/certificeret-oversaettelse-danmark\/certificeret-oversaettelse-koebenhavn\/\",\"url\":\"https:\/\/abc-office.eu\/da\/danmark\/certificeret-oversaettelse-danmark\/certificeret-oversaettelse-koebenhavn\/\",\"name\":\"Certificeret overs\u00e6ttelse K\u00f8benhavn | Autoriseret overs\u00e6tter\",\"isPartOf\":{\"@id\":\"https:\/\/abc-office.eu\/da\/#website\"},\"primaryImageOfPage\":{\"@id\":\"https:\/\/abc-office.eu\/da\/danmark\/certificeret-oversaettelse-danmark\/certificeret-oversaettelse-koebenhavn\/#primaryimage\"},\"image\":{\"@id\":\"https:\/\/abc-office.eu\/da\/danmark\/certificeret-oversaettelse-danmark\/certificeret-oversaettelse-koebenhavn\/#primaryimage\"},\"thumbnailUrl\":\"https:\/\/abc-office.eu\/wp-content\/uploads\/2025\/10\/Christiansborg_fra_Nikolaj_Kirken-768x379-1.jpg\",\"datePublished\":\"2024-08-10T23:23:06+00:00\",\"dateModified\":\"2025-10-23T14:44:15+00:00\",\"description\":\"ABC Translation | Certificeret overs\u00e6ttelse K\u00f8benhavn | Autoriseret overs\u00e6tter K\u00f8benhavn | Officiel overs\u00e6ttelse | Notarial legalisering\",\"breadcrumb\":{\"@id\":\"https:\/\/abc-office.eu\/da\/danmark\/certificeret-oversaettelse-danmark\/certificeret-oversaettelse-koebenhavn\/#breadcrumb\"},\"inLanguage\":\"da-DK\",\"potentialAction\":[{\"@type\":\"ReadAction\",\"target\":[\"https:\/\/abc-office.eu\/da\/danmark\/certificeret-oversaettelse-danmark\/certificeret-oversaettelse-koebenhavn\/\"]}]},{\"@type\":\"ImageObject\",\"inLanguage\":\"da-DK\",\"@id\":\"https:\/\/abc-office.eu\/da\/danmark\/certificeret-oversaettelse-danmark\/certificeret-oversaettelse-koebenhavn\/#primaryimage\",\"url\":\"https:\/\/abc-office.eu\/wp-content\/uploads\/2025\/10\/Christiansborg_fra_Nikolaj_Kirken-768x379-1.jpg\",\"contentUrl\":\"https:\/\/abc-office.eu\/wp-content\/uploads\/2025\/10\/Christiansborg_fra_Nikolaj_Kirken-768x379-1.jpg\",\"width\":768,\"height\":379},{\"@type\":\"BreadcrumbList\",\"@id\":\"https:\/\/abc-office.eu\/da\/danmark\/certificeret-oversaettelse-danmark\/certificeret-oversaettelse-koebenhavn\/#breadcrumb\",\"itemListElement\":[{\"@type\":\"ListItem\",\"position\":1,\"name\":\"Accueil\",\"item\":\"https:\/\/abc-office.eu\/da\/\"},{\"@type\":\"ListItem\",\"position\":2,\"name\":\"Danmark\",\"item\":\"https:\/\/abc-office.eu\/da\/danmark\/\"},{\"@type\":\"ListItem\",\"position\":3,\"name\":\"Certificeret overs\u00e6ttelse Danmark\",\"item\":\"https:\/\/abc-office.eu\/da\/danmark\/certificeret-oversaettelse-danmark\/\"},{\"@type\":\"ListItem\",\"position\":4,\"name\":\"Certificeret overs\u00e6ttelse K\u00f8benhavn\"}]},{\"@type\":\"WebSite\",\"@id\":\"https:\/\/abc-office.eu\/da\/#website\",\"url\":\"https:\/\/abc-office.eu\/da\/\",\"name\":\"ABC Translation\",\"description\":\"info@abc-office.eu\",\"potentialAction\":[{\"@type\":\"SearchAction\",\"target\":{\"@type\":\"EntryPoint\",\"urlTemplate\":\"https:\/\/abc-office.eu\/da\/?s={search_term_string}\"},\"query-input\":{\"@type\":\"PropertyValueSpecification\",\"valueRequired\":true,\"valueName\":\"search_term_string\"}}],\"inLanguage\":\"da-DK\"}]}<\/script>\n<!-- \/ Yoast SEO plugin. -->","yoast_head_json":{"title":"Certificeret overs\u00e6ttelse K\u00f8benhavn | Autoriseret overs\u00e6tter","description":"ABC Translation | Certificeret overs\u00e6ttelse K\u00f8benhavn | Autoriseret overs\u00e6tter K\u00f8benhavn | Officiel overs\u00e6ttelse | Notarial legalisering","robots":{"index":"index","follow":"follow","max-snippet":"max-snippet:-1","max-image-preview":"max-image-preview:large","max-video-preview":"max-video-preview:-1"},"canonical":"https:\/\/abc-office.eu\/da\/danmark\/certificeret-oversaettelse-danmark\/certificeret-oversaettelse-koebenhavn\/","og_locale":"da_DK","og_type":"article","og_title":"Certificeret overs\u00e6ttelse K\u00f8benhavn | Autoriseret overs\u00e6tter","og_description":"ABC Translation | Certificeret overs\u00e6ttelse K\u00f8benhavn | Autoriseret overs\u00e6tter K\u00f8benhavn | Officiel overs\u00e6ttelse | Notarial legalisering","og_url":"https:\/\/abc-office.eu\/da\/danmark\/certificeret-oversaettelse-danmark\/certificeret-oversaettelse-koebenhavn\/","og_site_name":"ABC Translation","article_modified_time":"2025-10-23T14:44:15+00:00","og_image":[{"width":768,"height":379,"url":"https:\/\/abc-office.eu\/wp-content\/uploads\/2025\/10\/Christiansborg_fra_Nikolaj_Kirken-768x379-1.jpg","type":"image\/jpeg"}],"twitter_card":"summary_large_image","twitter_misc":{"Estimeret l\u00e6setid":"3 minutter"},"schema":{"@context":"https:\/\/schema.org","@graph":[{"@type":"WebPage","@id":"https:\/\/abc-office.eu\/da\/danmark\/certificeret-oversaettelse-danmark\/certificeret-oversaettelse-koebenhavn\/","url":"https:\/\/abc-office.eu\/da\/danmark\/certificeret-oversaettelse-danmark\/certificeret-oversaettelse-koebenhavn\/","name":"Certificeret overs\u00e6ttelse K\u00f8benhavn | Autoriseret overs\u00e6tter","isPartOf":{"@id":"https:\/\/abc-office.eu\/da\/#website"},"primaryImageOfPage":{"@id":"https:\/\/abc-office.eu\/da\/danmark\/certificeret-oversaettelse-danmark\/certificeret-oversaettelse-koebenhavn\/#primaryimage"},"image":{"@id":"https:\/\/abc-office.eu\/da\/danmark\/certificeret-oversaettelse-danmark\/certificeret-oversaettelse-koebenhavn\/#primaryimage"},"thumbnailUrl":"https:\/\/abc-office.eu\/wp-content\/uploads\/2025\/10\/Christiansborg_fra_Nikolaj_Kirken-768x379-1.jpg","datePublished":"2024-08-10T23:23:06+00:00","dateModified":"2025-10-23T14:44:15+00:00","description":"ABC Translation | Certificeret overs\u00e6ttelse K\u00f8benhavn | Autoriseret overs\u00e6tter K\u00f8benhavn | Officiel overs\u00e6ttelse | Notarial legalisering","breadcrumb":{"@id":"https:\/\/abc-office.eu\/da\/danmark\/certificeret-oversaettelse-danmark\/certificeret-oversaettelse-koebenhavn\/#breadcrumb"},"inLanguage":"da-DK","potentialAction":[{"@type":"ReadAction","target":["https:\/\/abc-office.eu\/da\/danmark\/certificeret-oversaettelse-danmark\/certificeret-oversaettelse-koebenhavn\/"]}]},{"@type":"ImageObject","inLanguage":"da-DK","@id":"https:\/\/abc-office.eu\/da\/danmark\/certificeret-oversaettelse-danmark\/certificeret-oversaettelse-koebenhavn\/#primaryimage","url":"https:\/\/abc-office.eu\/wp-content\/uploads\/2025\/10\/Christiansborg_fra_Nikolaj_Kirken-768x379-1.jpg","contentUrl":"https:\/\/abc-office.eu\/wp-content\/uploads\/2025\/10\/Christiansborg_fra_Nikolaj_Kirken-768x379-1.jpg","width":768,"height":379},{"@type":"BreadcrumbList","@id":"https:\/\/abc-office.eu\/da\/danmark\/certificeret-oversaettelse-danmark\/certificeret-oversaettelse-koebenhavn\/#breadcrumb","itemListElement":[{"@type":"ListItem","position":1,"name":"Accueil","item":"https:\/\/abc-office.eu\/da\/"},{"@type":"ListItem","position":2,"name":"Danmark","item":"https:\/\/abc-office.eu\/da\/danmark\/"},{"@type":"ListItem","position":3,"name":"Certificeret overs\u00e6ttelse Danmark","item":"https:\/\/abc-office.eu\/da\/danmark\/certificeret-oversaettelse-danmark\/"},{"@type":"ListItem","position":4,"name":"Certificeret overs\u00e6ttelse K\u00f8benhavn"}]},{"@type":"WebSite","@id":"https:\/\/abc-office.eu\/da\/#website","url":"https:\/\/abc-office.eu\/da\/","name":"ABC Translation","description":"info@abc-office.eu","potentialAction":[{"@type":"SearchAction","target":{"@type":"EntryPoint","urlTemplate":"https:\/\/abc-office.eu\/da\/?s={search_term_string}"},"query-input":{"@type":"PropertyValueSpecification","valueRequired":true,"valueName":"search_term_string"}}],"inLanguage":"da-DK"}]}},"_links":{"self":[{"href":"https:\/\/abc-office.eu\/da\/wp-json\/wp\/v2\/pages\/229246","targetHints":{"allow":["GET"]}}],"collection":[{"href":"https:\/\/abc-office.eu\/da\/wp-json\/wp\/v2\/pages"}],"about":[{"href":"https:\/\/abc-office.eu\/da\/wp-json\/wp\/v2\/types\/page"}],"author":[{"embeddable":true,"href":"https:\/\/abc-office.eu\/da\/wp-json\/wp\/v2\/users\/1"}],"replies":[{"embeddable":true,"href":"https:\/\/abc-office.eu\/da\/wp-json\/wp\/v2\/comments?post=229246"}],"version-history":[{"count":3,"href":"https:\/\/abc-office.eu\/da\/wp-json\/wp\/v2\/pages\/229246\/revisions"}],"predecessor-version":[{"id":230854,"href":"https:\/\/abc-office.eu\/da\/wp-json\/wp\/v2\/pages\/229246\/revisions\/230854"}],"up":[{"embeddable":true,"href":"https:\/\/abc-office.eu\/da\/wp-json\/wp\/v2\/pages\/229244"}],"wp:featuredmedia":[{"embeddable":true,"href":"https:\/\/abc-office.eu\/da\/wp-json\/wp\/v2\/media\/229247"}],"wp:attachment":[{"href":"https:\/\/abc-office.eu\/da\/wp-json\/wp\/v2\/media?parent=229246"}],"curies":[{"name":"wp","href":"https:\/\/api.w.org\/{rel}","templated":true}]}}