{"id":229222,"date":"2023-09-08T09:53:58","date_gmt":"2023-09-08T07:53:58","guid":{"rendered":"https:\/\/abc-office.eu\/?page_id=229222"},"modified":"2025-10-23T14:26:04","modified_gmt":"2025-10-23T12:26:04","slug":"danmark","status":"publish","type":"page","link":"https:\/\/abc-office.eu\/da\/danmark\/","title":{"rendered":"Danmark"},"content":{"rendered":"<h2 data-start=\"102\" data-end=\"113\"><strong data-start=\"102\" data-end=\"113\">Danmark<\/strong><\/h2>\n<p style=\"text-align: justify;\">Vores overs\u00e6ttelses- og legaliseringsbureau specialiserer sig i bekr\u00e6ftede og autoriserede overs\u00e6ttelser p\u00e5 mere end 80 sprog samt legaliseringer. Vores team i Danmark kan hurtigt behandle din foresp\u00f8rgsel. Vi skal bare at modtage en kopi af de dokumenter, der skal overs\u00e6ttes (alle formater accepteres). Originaldokumenterne er ikke l\u00e6ngere p\u00e5kr\u00e6vet.<\/p>\n<ol>\n<li style=\"text-align: justify;\">Du er velkommen til at bruge vores e-mailadresse (<a href=\"mailto:info@abc-office.eu\">info@abc-office.eu<\/a>), eller kontaktformularen. Du kan ogs\u00e5 kontakte os via vores WhatsApp-link.<\/li>\n<li style=\"text-align: justify;\">Du bedes angive det sprog, du \u00f8nsker at modtage overs\u00e6ttelsen p\u00e5, og om du har brug for, at overs\u00e6ttelsen skal legaliseres af en notar og\/eller forsynes med apostille (kansleriet), samt om du har brug for en legalisering via ambassaden eller konsulatet.<\/li>\n<li style=\"text-align: justify;\">En af vores projektledere sender dig hurtigt et tilbud med pris og leveringstid for projektet. Vi svarer normalt inden for 30 minutter. Men ring til os, hvis du ikke har f\u00e5et svar inden for en time.<\/li>\n<li style=\"text-align: justify;\"><strong>Sidst, men ikke mindst<\/strong> \u2013 n\u00e5r tilbuddet er accepteret, starter vi overs\u00e6ttelses- eller legaliseringsforl\u00f8bet og sender dig de bekr\u00e6ftede overs\u00e6ttelser og\/eller legaliseringerne med posten. Hvis du ogs\u00e5 har brug for en kopi af overs\u00e6ttelsen og legaliseringen via e-mail, bedes du give projektlederen besked. S\u00e5 sender vi den til dig via e-mail, inden de originale dokumenter afsendes.<\/li>\n<\/ol>\n<p style=\"text-align: justify;\">Med hensyn til levering bliver de bekr\u00e6ftede overs\u00e6ttelser og\/eller legaliseringerne sendt med posten eller DHL og\/eller via e-mail inden for 2-3 hverdage. Det afh\u00e6nger dog ogs\u00e5 af dokumenternes omfang og sv\u00e6rhedsgrad. F.eks. modtager du s\u00e6dvanligvis et dokument p\u00e5 \u00e9n side med posten inden for to hverdage.<\/p>\n<h2><strong>Her er en liste over vores hovedsprog:<\/strong><\/h2>\n<p style=\"text-align: justify;\">Afrikaans | Albansk | Amerikansk engelsk | Amharisk | Arabisk | Armensk | Aserbajdsjansk | Aymara | Baskisk | Bengalsk | Bosnisk | Brasiliansk | Bulgarsk | Burmesisk | Catalansk | Dansk | Dari | Engelsk | Estisk | Ewe | Farsi | Finsk | Fula | Georgisk | Gr\u00e6sk | Guarani | Hebraisk | Hindi | Hollandsk | Hviderussisk | Indonesisk | Italiensk | Japansk | Kantonesisk | Kasakhisk | Khmer | Kinesisk | Forenklet kinesisk | Traditionelt kinesisk | Kirgisisk | Koreansk | Kroatisk | Kurdisk | Lao | Lettisk | Lingala | Litauisk | Makedonsk | Malayalam | Malaysisk | Mandarin | Moldovisk | Mongolsk | Montenegrinsk | Norsk | Pashto | Persisk | Polsk | Portugisisk | Punjabi | Quechua | Rum\u00e6nsk | Russisk | Serbisk | Singalesisk | Slovakisk | Slovensk | Spansk | Svensk | Tamil | Thai | Tjekkisk | Turkmensk | Tyrkisk | Tysk | Ukrainsk | Ungarsk | Urdu | Usbekisk | Vietnamesisk<\/p>\n<h3><strong>Her er en ikke-udt\u00f8mmende liste over dokumenter:<\/strong><\/h3>\n<p style=\"text-align: justify;\">F\u00f8dselsattest | Vielsesattest | Civilstandsattest | Attest | Patent | Straffeattest | Certifikat | D\u00f8dsattest | Familieattest | Arbejdsattest | Selvangivelse | Diplom | Pas | K\u00f8rekort | Testamente | Visum | Kontrakt | Skilsmissekontrakt | \u00c6gteskabskontrakt | Dom | Procedure | Fuldmagt | Referat<\/p>\n<h3><strong>Almindelige typer certificeringer\/legaliseringer for overs\u00e6ttelser (Danmark):<\/strong><\/h3>\n<ul>\n<li style=\"text-align: justify;\"><strong>Bekr\u00e6ftet overs\u00e6ttelse<\/strong>: Vi leverer overs\u00e6ttelsen med vores stempel og underskrift.<\/li>\n<li style=\"text-align: justify;\"><strong>Autoriseret overs\u00e6ttelse:<\/strong>\u00a0I Danmark findes der ikke l\u00e6ngere statsautoriserede overs\u00e6ttere, men vi tilbyder certificerede overs\u00e6ttelser, hvor vores overs\u00e6ttere underskriver overs\u00e6ttelsen. Underskriften bekr\u00e6ftes derefter af en notar. Herefter kan dokumentet p\u00e5f\u00f8res apostille af Justitsministeriet, s\u00e5 det anerkendes b\u00e5de i Danmark og i udlandet.<\/li>\n<li style=\"text-align: justify;\"><strong>Legaliseret overs\u00e6ttelse<\/strong>: Notaren legaliserer overs\u00e6tterens underskrift p\u00e5 overs\u00e6ttelsen.<\/li>\n<li style=\"text-align: justify;\"><strong>Overs\u00e6ttelse med apostille<\/strong>: Kansleriet legaliserer notarens underskrift.<\/li>\n<li style=\"text-align: justify;\"><strong>Overs\u00e6ttelse legaliseret af en ambassade eller et konsulat<\/strong>: Ambassaden eller konsulatet legaliserer overs\u00e6ttelsen til brug i udlandet.<\/li>\n<\/ul>\n<h3><strong>Almindelige typer legaliseringer til officiel brug (Danmark):<\/strong><\/h3>\n<ul>\n<li style=\"text-align: justify;\"><strong>Legalisering med apostille<\/strong>: De lande, der har underskrevet Haag-konventionen, anerkender et dokument uden konsulat- eller ambassadep\u00e5tegning, forudsat at det er forsynet med apostille.<\/li>\n<li style=\"text-align: justify;\"><strong>Legalisering p\u00e5 en ambassade eller et konsulat<\/strong>: For at dokumenter kan godtages i visse lande, som f.eks. Kina, skal de legaliseres p\u00e5 ambassaden eller konsulatet. Alle dokumenter skal legaliseres af en notar og kansleriet\/pr\u00e6fekturet, f\u00f8r ambassaden eller konsulatet kan p\u00e5f\u00f8re sin legalisering.<\/li>\n<li style=\"text-align: justify;\"><strong>\u00c6gte bekr\u00e6ftet kopi<\/strong>: En bekr\u00e6ftet kopi, ogs\u00e5 kaldet\u00a0<em>vidimus<\/em>\u00a0eller\u00a0<em>brevet<\/em>, er en kopi, hvis overensstemmelse med originalen er blevet bekr\u00e6ftet af en notar. N\u00e5r originaldokumenter er udstedt af udenlandske myndigheder, kr\u00e6ver visse institutioner bekr\u00e6ftede kopier certificeret af en notar. Det samme g\u00e6lder dokumenter, der skal til udlandet.<\/li>\n<li style=\"text-align: justify;\"><strong>P\u00e5tegning<\/strong>: En p\u00e5tegning er en legalisering foretaget p\u00e5 en kopi af originalen. Hvis du ikke er i besiddelse af originalen, kan vi stadig legalisere kopien.<\/li>\n<li style=\"text-align: justify;\"><strong>Legalisering af underskrift<\/strong>: Ved at legalisere en underskrift bekr\u00e6fter notaren dens \u00e6gthed: Underskriften nederst p\u00e5 dokumentet tilh\u00f8rer den person, der h\u00e6vder at have underskrevet det. Dette bruges prim\u00e6rt til fuldmagter.<\/li>\n<\/ul>\n<p style=\"text-align: justify;\">Som f\u00f8lge heraf \u2013 og takket v\u00e6re den korrekte certificering \u2013 accepteres overs\u00e6ttelserne og legaliseringerne i Danmark og i udlandet. Hvis du skulle have sp\u00f8rgsm\u00e5l vedr\u00f8rende den type certificering eller legalisering, du har brug for til dine dokumenter, er du velkommen til at kontakte vores team. Vi vejleder dig gennem hele forl\u00f8bet.<\/p>\n<p>Vi ser frem til at samarbejde med dig.<\/p>\n<p><a href=\"https:\/\/abc-office.eu\/da\/\"><strong>ABC Translation LLC<\/strong><\/a><\/p>\n<p style=\"text-align: justify;\" data-start=\"5360\" data-end=\"5385\">\n<p data-start=\"5360\" data-end=\"5385\"><img loading=\"lazy\" decoding=\"async\" class=\"aligncenter wp-image-271\" src=\"https:\/\/abc-office.ch\/wp-content\/uploads\/2018\/06\/imageedit_1_6241191614.gif\" alt=\"Danmark\" width=\"437\" height=\"437\" \/><\/p>\n","protected":false},"excerpt":{"rendered":"<p>Danmark Vores overs\u00e6ttelses- og legaliseringsbureau specialiserer sig i bekr\u00e6ftede og autoriserede overs\u00e6ttelser p\u00e5 mere end 80 sprog samt legaliseringer. Vores team i Danmark kan hurtigt behandle din foresp\u00f8rgsel. Vi skal bare at modtage en kopi af de dokumenter, der skal overs\u00e6ttes (alle formater accepteres). Originaldokumenterne er ikke l\u00e6ngere p\u00e5kr\u00e6vet. Du er velkommen til at bruge&#8230;<\/p>\n","protected":false},"author":1,"featured_media":229223,"parent":0,"menu_order":0,"comment_status":"closed","ping_status":"closed","template":"","meta":{"sfsi_plus_gutenberg_text_before_share":"","sfsi_plus_gutenberg_show_text_before_share":"","sfsi_plus_gutenberg_icon_type":"","sfsi_plus_gutenberg_icon_alignemt":"","sfsi_plus_gutenburg_max_per_row":"","footnotes":""},"class_list":["post-229222","page","type-page","status-publish","has-post-thumbnail","hentry"],"yoast_head":"<!-- This site is optimized with the Yoast SEO plugin v23.8 - https:\/\/yoast.com\/wordpress\/plugins\/seo\/ -->\n<title>Certificeret overs\u00e6ttelse Danmark Autoriseret overs\u00e6tter Danmark<\/title>\n<meta name=\"description\" content=\"ABC Translation | Certificeret overs\u00e6ttelse Danmark | Autoriseret overs\u00e6tter Danmark | Legalisation ved notar | Apostille | Konsulat\" \/>\n<meta name=\"robots\" content=\"index, follow, max-snippet:-1, max-image-preview:large, max-video-preview:-1\" \/>\n<link rel=\"canonical\" href=\"https:\/\/abc-office.eu\/da\/danmark\/\" \/>\n<meta property=\"og:locale\" content=\"da_DK\" \/>\n<meta property=\"og:type\" content=\"article\" \/>\n<meta property=\"og:title\" content=\"Certificeret overs\u00e6ttelse Danmark Autoriseret overs\u00e6tter Danmark\" \/>\n<meta property=\"og:description\" content=\"ABC Translation | Certificeret overs\u00e6ttelse Danmark | Autoriseret overs\u00e6tter Danmark | Legalisation ved notar | Apostille | Konsulat\" \/>\n<meta property=\"og:url\" content=\"https:\/\/abc-office.eu\/da\/danmark\/\" \/>\n<meta property=\"og:site_name\" content=\"ABC Translation\" \/>\n<meta property=\"article:modified_time\" content=\"2025-10-23T12:26:04+00:00\" \/>\n<meta property=\"og:image\" content=\"https:\/\/abc-office.eu\/wp-content\/uploads\/2025\/10\/Denmark-768x461-1.jpg\" \/>\n\t<meta property=\"og:image:width\" content=\"768\" \/>\n\t<meta property=\"og:image:height\" content=\"461\" \/>\n\t<meta property=\"og:image:type\" content=\"image\/jpeg\" \/>\n<meta name=\"twitter:card\" content=\"summary_large_image\" \/>\n<meta name=\"twitter:label1\" content=\"Estimeret l\u00e6setid\" \/>\n\t<meta name=\"twitter:data1\" content=\"4 minutter\" \/>\n<script type=\"application\/ld+json\" class=\"yoast-schema-graph\">{\"@context\":\"https:\/\/schema.org\",\"@graph\":[{\"@type\":\"WebPage\",\"@id\":\"https:\/\/abc-office.eu\/da\/danmark\/\",\"url\":\"https:\/\/abc-office.eu\/da\/danmark\/\",\"name\":\"Certificeret overs\u00e6ttelse Danmark Autoriseret overs\u00e6tter Danmark\",\"isPartOf\":{\"@id\":\"https:\/\/abc-office.eu\/da\/#website\"},\"primaryImageOfPage\":{\"@id\":\"https:\/\/abc-office.eu\/da\/danmark\/#primaryimage\"},\"image\":{\"@id\":\"https:\/\/abc-office.eu\/da\/danmark\/#primaryimage\"},\"thumbnailUrl\":\"https:\/\/abc-office.eu\/wp-content\/uploads\/2025\/10\/Denmark-768x461-1.jpg\",\"datePublished\":\"2023-09-08T07:53:58+00:00\",\"dateModified\":\"2025-10-23T12:26:04+00:00\",\"description\":\"ABC Translation | Certificeret overs\u00e6ttelse Danmark | Autoriseret overs\u00e6tter Danmark | Legalisation ved notar | Apostille | Konsulat\",\"breadcrumb\":{\"@id\":\"https:\/\/abc-office.eu\/da\/danmark\/#breadcrumb\"},\"inLanguage\":\"da-DK\",\"potentialAction\":[{\"@type\":\"ReadAction\",\"target\":[\"https:\/\/abc-office.eu\/da\/danmark\/\"]}]},{\"@type\":\"ImageObject\",\"inLanguage\":\"da-DK\",\"@id\":\"https:\/\/abc-office.eu\/da\/danmark\/#primaryimage\",\"url\":\"https:\/\/abc-office.eu\/wp-content\/uploads\/2025\/10\/Denmark-768x461-1.jpg\",\"contentUrl\":\"https:\/\/abc-office.eu\/wp-content\/uploads\/2025\/10\/Denmark-768x461-1.jpg\",\"width\":768,\"height\":461},{\"@type\":\"BreadcrumbList\",\"@id\":\"https:\/\/abc-office.eu\/da\/danmark\/#breadcrumb\",\"itemListElement\":[{\"@type\":\"ListItem\",\"position\":1,\"name\":\"Accueil\",\"item\":\"https:\/\/abc-office.eu\/da\/\"},{\"@type\":\"ListItem\",\"position\":2,\"name\":\"Danmark\"}]},{\"@type\":\"WebSite\",\"@id\":\"https:\/\/abc-office.eu\/da\/#website\",\"url\":\"https:\/\/abc-office.eu\/da\/\",\"name\":\"ABC Translation\",\"description\":\"info@abc-office.eu\",\"potentialAction\":[{\"@type\":\"SearchAction\",\"target\":{\"@type\":\"EntryPoint\",\"urlTemplate\":\"https:\/\/abc-office.eu\/da\/?s={search_term_string}\"},\"query-input\":{\"@type\":\"PropertyValueSpecification\",\"valueRequired\":true,\"valueName\":\"search_term_string\"}}],\"inLanguage\":\"da-DK\"}]}<\/script>\n<!-- \/ Yoast SEO plugin. -->","yoast_head_json":{"title":"Certificeret overs\u00e6ttelse Danmark Autoriseret overs\u00e6tter Danmark","description":"ABC Translation | Certificeret overs\u00e6ttelse Danmark | Autoriseret overs\u00e6tter Danmark | Legalisation ved notar | Apostille | Konsulat","robots":{"index":"index","follow":"follow","max-snippet":"max-snippet:-1","max-image-preview":"max-image-preview:large","max-video-preview":"max-video-preview:-1"},"canonical":"https:\/\/abc-office.eu\/da\/danmark\/","og_locale":"da_DK","og_type":"article","og_title":"Certificeret overs\u00e6ttelse Danmark Autoriseret overs\u00e6tter Danmark","og_description":"ABC Translation | Certificeret overs\u00e6ttelse Danmark | Autoriseret overs\u00e6tter Danmark | Legalisation ved notar | Apostille | Konsulat","og_url":"https:\/\/abc-office.eu\/da\/danmark\/","og_site_name":"ABC Translation","article_modified_time":"2025-10-23T12:26:04+00:00","og_image":[{"width":768,"height":461,"url":"https:\/\/abc-office.eu\/wp-content\/uploads\/2025\/10\/Denmark-768x461-1.jpg","type":"image\/jpeg"}],"twitter_card":"summary_large_image","twitter_misc":{"Estimeret l\u00e6setid":"4 minutter"},"schema":{"@context":"https:\/\/schema.org","@graph":[{"@type":"WebPage","@id":"https:\/\/abc-office.eu\/da\/danmark\/","url":"https:\/\/abc-office.eu\/da\/danmark\/","name":"Certificeret overs\u00e6ttelse Danmark Autoriseret overs\u00e6tter Danmark","isPartOf":{"@id":"https:\/\/abc-office.eu\/da\/#website"},"primaryImageOfPage":{"@id":"https:\/\/abc-office.eu\/da\/danmark\/#primaryimage"},"image":{"@id":"https:\/\/abc-office.eu\/da\/danmark\/#primaryimage"},"thumbnailUrl":"https:\/\/abc-office.eu\/wp-content\/uploads\/2025\/10\/Denmark-768x461-1.jpg","datePublished":"2023-09-08T07:53:58+00:00","dateModified":"2025-10-23T12:26:04+00:00","description":"ABC Translation | Certificeret overs\u00e6ttelse Danmark | Autoriseret overs\u00e6tter Danmark | Legalisation ved notar | Apostille | Konsulat","breadcrumb":{"@id":"https:\/\/abc-office.eu\/da\/danmark\/#breadcrumb"},"inLanguage":"da-DK","potentialAction":[{"@type":"ReadAction","target":["https:\/\/abc-office.eu\/da\/danmark\/"]}]},{"@type":"ImageObject","inLanguage":"da-DK","@id":"https:\/\/abc-office.eu\/da\/danmark\/#primaryimage","url":"https:\/\/abc-office.eu\/wp-content\/uploads\/2025\/10\/Denmark-768x461-1.jpg","contentUrl":"https:\/\/abc-office.eu\/wp-content\/uploads\/2025\/10\/Denmark-768x461-1.jpg","width":768,"height":461},{"@type":"BreadcrumbList","@id":"https:\/\/abc-office.eu\/da\/danmark\/#breadcrumb","itemListElement":[{"@type":"ListItem","position":1,"name":"Accueil","item":"https:\/\/abc-office.eu\/da\/"},{"@type":"ListItem","position":2,"name":"Danmark"}]},{"@type":"WebSite","@id":"https:\/\/abc-office.eu\/da\/#website","url":"https:\/\/abc-office.eu\/da\/","name":"ABC Translation","description":"info@abc-office.eu","potentialAction":[{"@type":"SearchAction","target":{"@type":"EntryPoint","urlTemplate":"https:\/\/abc-office.eu\/da\/?s={search_term_string}"},"query-input":{"@type":"PropertyValueSpecification","valueRequired":true,"valueName":"search_term_string"}}],"inLanguage":"da-DK"}]}},"_links":{"self":[{"href":"https:\/\/abc-office.eu\/da\/wp-json\/wp\/v2\/pages\/229222","targetHints":{"allow":["GET"]}}],"collection":[{"href":"https:\/\/abc-office.eu\/da\/wp-json\/wp\/v2\/pages"}],"about":[{"href":"https:\/\/abc-office.eu\/da\/wp-json\/wp\/v2\/types\/page"}],"author":[{"embeddable":true,"href":"https:\/\/abc-office.eu\/da\/wp-json\/wp\/v2\/users\/1"}],"replies":[{"embeddable":true,"href":"https:\/\/abc-office.eu\/da\/wp-json\/wp\/v2\/comments?post=229222"}],"version-history":[{"count":3,"href":"https:\/\/abc-office.eu\/da\/wp-json\/wp\/v2\/pages\/229222\/revisions"}],"predecessor-version":[{"id":230843,"href":"https:\/\/abc-office.eu\/da\/wp-json\/wp\/v2\/pages\/229222\/revisions\/230843"}],"wp:featuredmedia":[{"embeddable":true,"href":"https:\/\/abc-office.eu\/da\/wp-json\/wp\/v2\/media\/229223"}],"wp:attachment":[{"href":"https:\/\/abc-office.eu\/da\/wp-json\/wp\/v2\/media?parent=229222"}],"curies":[{"name":"wp","href":"https:\/\/api.w.org\/{rel}","templated":true}]}}