{"id":228983,"date":"2022-04-25T10:26:44","date_gmt":"2022-04-25T08:26:44","guid":{"rendered":"https:\/\/abc-office.eu\/?page_id=228983"},"modified":"2025-10-23T13:46:26","modified_gmt":"2025-10-23T11:46:26","slug":"kontakt","status":"publish","type":"page","link":"https:\/\/abc-office.eu\/da\/kontakt\/","title":{"rendered":"Kontakt"},"content":{"rendered":"<h2><strong data-start=\"0\" data-end=\"60\">Kontakt \u2013 dit overs\u00e6ttelsesbureau i EU<\/strong><\/h2>\n<p><br data-start=\"60\" data-end=\"63\" \/>Email: <a class=\"decorated-link cursor-pointer\" href=\"mailto:info@abc-office.eu\" rel=\"noopener\" data-start=\"72\" data-end=\"90\">info@abc-office.eu<\/a><\/p>\n<h3 data-start=\"94\" data-end=\"113\"><strong data-start=\"94\" data-end=\"113\">ABC Translation<\/strong><\/h3>\n<p style=\"text-align: justify;\">Vores overs\u00e6ttere og korrekturl\u00e6sere, som er bosiddende i EU, har alle en kandidatgrad i overs\u00e6ttelse. De specialiserer sig i en bred vifte af omr\u00e5der som marketing, \u00f8konomi, politik, jura og medicin. Hvis du har brug for et hurtigt svar p\u00e5 en foresp\u00f8rgsel, kan du udfylde formularen i h\u00f8jre side af sk\u00e6rmen. Derefter vil vores team sende dig et tilbud med b\u00e5de pris og leveringstid for overs\u00e6ttelsen. Vores tilbud omfatter overs\u00e6ttelsen af teksten samt en korrekturl\u00e6sning udf\u00f8rt af en anden overs\u00e6tter for at sikre overs\u00e6ttelsens kvalitet. N\u00e5r teksten er oversat og korrekturl\u00e6st, sender vi den tilbage til dig pr. e-mail eller med posten, hvis det er en bekr\u00e6ftet overs\u00e6ttelse.<\/p>\n<p style=\"text-align: justify;\">N\u00e5r det g\u00e6lder overs\u00e6ttelse, skal kvaliteten af arbejdet v\u00e6re perfekt. Takket v\u00e6re vores vigtigste fordele \u2013 pr\u00e6cision, effektivitet og punktlighed \u2013 samarbejder vi dagligt med et stort antal virksomheder og privatpersoner. Vi besk\u00e6ftiger os med overs\u00e6ttelse af websider, officielle dokumenter og specialiserede tekster.<\/p>\n<p style=\"text-align: justify;\">Vi fasts\u00e6tter vores priser i henhold til et pr\u00e6cist EU-system. Dette system blev oprettet for at etablere en priss\u00e6tning, der tager h\u00f8jde for kildetekstens sv\u00e6rhedsgrad. Prisen kan beregnes efter antal ord eller pr. linje med 55 tegn. Systemet giver kunden fuld gennemsigtighed og g\u00f8r det muligt at udarbejde korrekte tilbud. Vi arbejder b\u00e5de med virksomheder og privatpersoner i hele <a href=\"https:\/\/abc-office.eu\/da\/\">EU<\/a>.<\/p>\n<p data-start=\"1118\" data-end=\"1542\" data-is-last-node=\"\" data-is-only-node=\"\"><img loading=\"lazy\" decoding=\"async\" class=\"aligncenter wp-image-28719\" src=\"https:\/\/abc-office.eu\/wp-content\/uploads\/2017\/02\/second_image-300x200.jpg\" alt=\"Kontakt\" width=\"715\" height=\"476\" srcset=\"https:\/\/abc-office.eu\/wp-content\/uploads\/2017\/02\/second_image-300x200.jpg 300w, https:\/\/abc-office.eu\/wp-content\/uploads\/2017\/02\/second_image-1024x682.jpg 1024w, https:\/\/abc-office.eu\/wp-content\/uploads\/2017\/02\/second_image-768x512.jpg 768w, https:\/\/abc-office.eu\/wp-content\/uploads\/2017\/02\/second_image-1080x720.jpg 1080w, https:\/\/abc-office.eu\/wp-content\/uploads\/2017\/02\/second_image-1280x853.jpg 1280w, https:\/\/abc-office.eu\/wp-content\/uploads\/2017\/02\/second_image-980x653.jpg 980w, https:\/\/abc-office.eu\/wp-content\/uploads\/2017\/02\/second_image-480x320.jpg 480w, https:\/\/abc-office.eu\/wp-content\/uploads\/2017\/02\/second_image.jpg 1400w\" sizes=\"auto, (max-width: 715px) 100vw, 715px\" \/><\/p>\n","protected":false},"excerpt":{"rendered":"<p>Kontakt \u2013 dit overs\u00e6ttelsesbureau i EU Email: info@abc-office.eu ABC Translation Vores overs\u00e6ttere og korrekturl\u00e6sere, som er bosiddende i EU, har alle en kandidatgrad i overs\u00e6ttelse. De specialiserer sig i en bred vifte af omr\u00e5der som marketing, \u00f8konomi, politik, jura og medicin. Hvis du har brug for et hurtigt svar p\u00e5 en foresp\u00f8rgsel, kan du udfylde&#8230;<\/p>\n","protected":false},"author":1,"featured_media":228984,"parent":0,"menu_order":0,"comment_status":"closed","ping_status":"closed","template":"","meta":{"sfsi_plus_gutenberg_text_before_share":"","sfsi_plus_gutenberg_show_text_before_share":"","sfsi_plus_gutenberg_icon_type":"","sfsi_plus_gutenberg_icon_alignemt":"","sfsi_plus_gutenburg_max_per_row":"","footnotes":""},"class_list":["post-228983","page","type-page","status-publish","has-post-thumbnail","hentry"],"yoast_head":"<!-- This site is optimized with the Yoast SEO plugin v23.8 - https:\/\/yoast.com\/wordpress\/plugins\/seo\/ -->\n<title>Kontakt overs\u00e6ttelse | Overs\u00e6tter | Den Europ\u00e6iske Union | Det<\/title>\n<meta name=\"description\" content=\"ABC Translation: Kontakt | Hjemmesideovers\u00e6ttelse | Overs\u00e6ttelse af officielle dokumenter | Specialiseret overs\u00e6ttelse | Den Europ\u00e6iske Union\" \/>\n<meta name=\"robots\" content=\"index, follow, max-snippet:-1, max-image-preview:large, max-video-preview:-1\" \/>\n<link rel=\"canonical\" href=\"https:\/\/abc-office.eu\/da\/kontakt\/\" \/>\n<meta property=\"og:locale\" content=\"da_DK\" \/>\n<meta property=\"og:type\" content=\"article\" \/>\n<meta property=\"og:title\" content=\"Kontakt overs\u00e6ttelse | Overs\u00e6tter | Den Europ\u00e6iske Union | Det\" \/>\n<meta property=\"og:description\" content=\"ABC Translation: Kontakt | Hjemmesideovers\u00e6ttelse | Overs\u00e6ttelse af officielle dokumenter | Specialiseret overs\u00e6ttelse | Den Europ\u00e6iske Union\" \/>\n<meta property=\"og:url\" content=\"https:\/\/abc-office.eu\/da\/kontakt\/\" \/>\n<meta property=\"og:site_name\" content=\"ABC Translation\" \/>\n<meta property=\"article:modified_time\" content=\"2025-10-23T11:46:26+00:00\" \/>\n<meta property=\"og:image\" content=\"https:\/\/abc-office.eu\/wp-content\/uploads\/2025\/10\/Flag_of_Europe-2-768x512-8.png\" \/>\n\t<meta property=\"og:image:width\" content=\"768\" \/>\n\t<meta property=\"og:image:height\" content=\"512\" \/>\n\t<meta property=\"og:image:type\" content=\"image\/png\" \/>\n<meta name=\"twitter:card\" content=\"summary_large_image\" \/>\n<meta name=\"twitter:label1\" content=\"Estimeret l\u00e6setid\" \/>\n\t<meta name=\"twitter:data1\" content=\"2 minutter\" \/>\n<script type=\"application\/ld+json\" class=\"yoast-schema-graph\">{\"@context\":\"https:\/\/schema.org\",\"@graph\":[{\"@type\":\"WebPage\",\"@id\":\"https:\/\/abc-office.eu\/da\/kontakt\/\",\"url\":\"https:\/\/abc-office.eu\/da\/kontakt\/\",\"name\":\"Kontakt overs\u00e6ttelse | Overs\u00e6tter | Den Europ\u00e6iske Union | Det\",\"isPartOf\":{\"@id\":\"https:\/\/abc-office.eu\/da\/#website\"},\"primaryImageOfPage\":{\"@id\":\"https:\/\/abc-office.eu\/da\/kontakt\/#primaryimage\"},\"image\":{\"@id\":\"https:\/\/abc-office.eu\/da\/kontakt\/#primaryimage\"},\"thumbnailUrl\":\"https:\/\/abc-office.eu\/wp-content\/uploads\/2025\/10\/Flag_of_Europe-2-768x512-8.png\",\"datePublished\":\"2022-04-25T08:26:44+00:00\",\"dateModified\":\"2025-10-23T11:46:26+00:00\",\"description\":\"ABC Translation: Kontakt | Hjemmesideovers\u00e6ttelse | Overs\u00e6ttelse af officielle dokumenter | Specialiseret overs\u00e6ttelse | Den Europ\u00e6iske Union\",\"breadcrumb\":{\"@id\":\"https:\/\/abc-office.eu\/da\/kontakt\/#breadcrumb\"},\"inLanguage\":\"da-DK\",\"potentialAction\":[{\"@type\":\"ReadAction\",\"target\":[\"https:\/\/abc-office.eu\/da\/kontakt\/\"]}]},{\"@type\":\"ImageObject\",\"inLanguage\":\"da-DK\",\"@id\":\"https:\/\/abc-office.eu\/da\/kontakt\/#primaryimage\",\"url\":\"https:\/\/abc-office.eu\/wp-content\/uploads\/2025\/10\/Flag_of_Europe-2-768x512-8.png\",\"contentUrl\":\"https:\/\/abc-office.eu\/wp-content\/uploads\/2025\/10\/Flag_of_Europe-2-768x512-8.png\",\"width\":768,\"height\":512},{\"@type\":\"BreadcrumbList\",\"@id\":\"https:\/\/abc-office.eu\/da\/kontakt\/#breadcrumb\",\"itemListElement\":[{\"@type\":\"ListItem\",\"position\":1,\"name\":\"Accueil\",\"item\":\"https:\/\/abc-office.eu\/da\/\"},{\"@type\":\"ListItem\",\"position\":2,\"name\":\"Kontakt\"}]},{\"@type\":\"WebSite\",\"@id\":\"https:\/\/abc-office.eu\/da\/#website\",\"url\":\"https:\/\/abc-office.eu\/da\/\",\"name\":\"ABC Translation\",\"description\":\"info@abc-office.eu\",\"potentialAction\":[{\"@type\":\"SearchAction\",\"target\":{\"@type\":\"EntryPoint\",\"urlTemplate\":\"https:\/\/abc-office.eu\/da\/?s={search_term_string}\"},\"query-input\":{\"@type\":\"PropertyValueSpecification\",\"valueRequired\":true,\"valueName\":\"search_term_string\"}}],\"inLanguage\":\"da-DK\"}]}<\/script>\n<!-- \/ Yoast SEO plugin. -->","yoast_head_json":{"title":"Kontakt overs\u00e6ttelse | Overs\u00e6tter | Den Europ\u00e6iske Union | Det","description":"ABC Translation: Kontakt | Hjemmesideovers\u00e6ttelse | Overs\u00e6ttelse af officielle dokumenter | Specialiseret overs\u00e6ttelse | Den Europ\u00e6iske Union","robots":{"index":"index","follow":"follow","max-snippet":"max-snippet:-1","max-image-preview":"max-image-preview:large","max-video-preview":"max-video-preview:-1"},"canonical":"https:\/\/abc-office.eu\/da\/kontakt\/","og_locale":"da_DK","og_type":"article","og_title":"Kontakt overs\u00e6ttelse | Overs\u00e6tter | Den Europ\u00e6iske Union | Det","og_description":"ABC Translation: Kontakt | Hjemmesideovers\u00e6ttelse | Overs\u00e6ttelse af officielle dokumenter | Specialiseret overs\u00e6ttelse | Den Europ\u00e6iske Union","og_url":"https:\/\/abc-office.eu\/da\/kontakt\/","og_site_name":"ABC Translation","article_modified_time":"2025-10-23T11:46:26+00:00","og_image":[{"width":768,"height":512,"url":"https:\/\/abc-office.eu\/wp-content\/uploads\/2025\/10\/Flag_of_Europe-2-768x512-8.png","type":"image\/png"}],"twitter_card":"summary_large_image","twitter_misc":{"Estimeret l\u00e6setid":"2 minutter"},"schema":{"@context":"https:\/\/schema.org","@graph":[{"@type":"WebPage","@id":"https:\/\/abc-office.eu\/da\/kontakt\/","url":"https:\/\/abc-office.eu\/da\/kontakt\/","name":"Kontakt overs\u00e6ttelse | Overs\u00e6tter | Den Europ\u00e6iske Union | Det","isPartOf":{"@id":"https:\/\/abc-office.eu\/da\/#website"},"primaryImageOfPage":{"@id":"https:\/\/abc-office.eu\/da\/kontakt\/#primaryimage"},"image":{"@id":"https:\/\/abc-office.eu\/da\/kontakt\/#primaryimage"},"thumbnailUrl":"https:\/\/abc-office.eu\/wp-content\/uploads\/2025\/10\/Flag_of_Europe-2-768x512-8.png","datePublished":"2022-04-25T08:26:44+00:00","dateModified":"2025-10-23T11:46:26+00:00","description":"ABC Translation: Kontakt | Hjemmesideovers\u00e6ttelse | Overs\u00e6ttelse af officielle dokumenter | Specialiseret overs\u00e6ttelse | Den Europ\u00e6iske Union","breadcrumb":{"@id":"https:\/\/abc-office.eu\/da\/kontakt\/#breadcrumb"},"inLanguage":"da-DK","potentialAction":[{"@type":"ReadAction","target":["https:\/\/abc-office.eu\/da\/kontakt\/"]}]},{"@type":"ImageObject","inLanguage":"da-DK","@id":"https:\/\/abc-office.eu\/da\/kontakt\/#primaryimage","url":"https:\/\/abc-office.eu\/wp-content\/uploads\/2025\/10\/Flag_of_Europe-2-768x512-8.png","contentUrl":"https:\/\/abc-office.eu\/wp-content\/uploads\/2025\/10\/Flag_of_Europe-2-768x512-8.png","width":768,"height":512},{"@type":"BreadcrumbList","@id":"https:\/\/abc-office.eu\/da\/kontakt\/#breadcrumb","itemListElement":[{"@type":"ListItem","position":1,"name":"Accueil","item":"https:\/\/abc-office.eu\/da\/"},{"@type":"ListItem","position":2,"name":"Kontakt"}]},{"@type":"WebSite","@id":"https:\/\/abc-office.eu\/da\/#website","url":"https:\/\/abc-office.eu\/da\/","name":"ABC Translation","description":"info@abc-office.eu","potentialAction":[{"@type":"SearchAction","target":{"@type":"EntryPoint","urlTemplate":"https:\/\/abc-office.eu\/da\/?s={search_term_string}"},"query-input":{"@type":"PropertyValueSpecification","valueRequired":true,"valueName":"search_term_string"}}],"inLanguage":"da-DK"}]}},"_links":{"self":[{"href":"https:\/\/abc-office.eu\/da\/wp-json\/wp\/v2\/pages\/228983","targetHints":{"allow":["GET"]}}],"collection":[{"href":"https:\/\/abc-office.eu\/da\/wp-json\/wp\/v2\/pages"}],"about":[{"href":"https:\/\/abc-office.eu\/da\/wp-json\/wp\/v2\/types\/page"}],"author":[{"embeddable":true,"href":"https:\/\/abc-office.eu\/da\/wp-json\/wp\/v2\/users\/1"}],"replies":[{"embeddable":true,"href":"https:\/\/abc-office.eu\/da\/wp-json\/wp\/v2\/comments?post=228983"}],"version-history":[{"count":3,"href":"https:\/\/abc-office.eu\/da\/wp-json\/wp\/v2\/pages\/228983\/revisions"}],"predecessor-version":[{"id":230831,"href":"https:\/\/abc-office.eu\/da\/wp-json\/wp\/v2\/pages\/228983\/revisions\/230831"}],"wp:featuredmedia":[{"embeddable":true,"href":"https:\/\/abc-office.eu\/da\/wp-json\/wp\/v2\/media\/228984"}],"wp:attachment":[{"href":"https:\/\/abc-office.eu\/da\/wp-json\/wp\/v2\/media?parent=228983"}],"curies":[{"name":"wp","href":"https:\/\/api.w.org\/{rel}","templated":true}]}}