{"id":228961,"date":"2022-04-25T09:58:57","date_gmt":"2022-04-25T07:58:57","guid":{"rendered":"https:\/\/abc-office.eu\/?page_id=228961"},"modified":"2025-10-23T13:51:02","modified_gmt":"2025-10-23T11:51:02","slug":"Juridisk","status":"publish","type":"page","link":"https:\/\/abc-office.eu\/da\/Juridisk\/","title":{"rendered":"Juridisk"},"content":{"rendered":"<h2>Juridisk<\/h2>\n<p style=\"text-align: justify;\">Vores virksomhed,\u00a0<strong>ABC Translation<\/strong>, specialiserer sig i flere omr\u00e5der, som meget ofte er tilknyttet EU- og international ret. Vi arbejder dagligt sammen med notarer, advokater og jurister. Vi kan im\u00f8dekomme alle dine juridiske behov i hele EU.<\/p>\n<h3 data-start=\"281\" data-end=\"293\"><strong data-start=\"281\" data-end=\"291\">Notar:<\/strong><\/h3>\n<p style=\"text-align: justify;\">Vi samarbejder med en notar for at r\u00e5dgive dig og tilbyde dig kvalitetsydelser ved udarbejdelse og legalisering af alle dine dokumenter. Vi er specialister i meget specifikke omr\u00e5der s\u00e5som familieret og jordlovgivning, formueforvaltning, selskabs- og erhvervsret, sager relateret til internationale eller gr\u00e6nseoverskridende kunder, fuldmagter og autentificering.<\/p>\n<h3 data-start=\"671\" data-end=\"690\"><strong data-start=\"671\" data-end=\"688\">Advokatfirma:<\/strong><\/h3>\n<p style=\"text-align: justify;\">Vores firma besk\u00e6ftiger advokater, der har arbejdet i banker, multinationale selskaber, internationale trustees og advokatfirmaer i EU og i udlandet. De specialiserer sig i f\u00f8lgende omr\u00e5der: arbejde, afskedigelse, leje, afgifter, revision, ferie, uds\u00e6ttelse, interne og internationale kontrakter, transaktioner, distribution, salg, franchise, konkurrence, selskaber, goodwill, overdragelser, familie, skilsmisser, arvesager, testamenter, sameje, deling, balance, fast ejendom, ejerforeninger, byggeri, fusioner og opk\u00f8b, M&amp;A, garantier, strafferet, erhvervsret, dokumentfalsk, bedrageri, ABS, bankvirksomhed, l\u00e5n, tvister, forsikring, inddrivelse, fuldbyrdelse, erstatning, depositum, tvangsauktioner, garantier p\u00e5 f\u00f8rste anfordring, IT, internet, hjemmesider, licenser, ansvar, etik, erhverv, virksomheder i vanskeligheder, likvidation og offentlig ret.<\/p>\n<h3 data-start=\"1550\" data-end=\"1575\"><strong>Jurist<\/strong>:<\/h3>\n<p style=\"text-align: justify;\">Vores jurister konsulteres dagligt i forbindelse med alle sp\u00f8rgsm\u00e5l vedr\u00f8rende lovgivningen (kommerciel, skattem\u00e6ssig, milj\u00f8m\u00e6ssig osv.). P\u00e5 et forebyggende plan r\u00e5dgiver de f.eks. ved udarbejdelse og forhandling af kontrakter. De griber ind p\u00e5 et \u201ckurativt\u201d plan i tilf\u00e6lde af tvister, selvom de ikke repr\u00e6senterer kunderne ved domstolene, da de ikke er medlemmer af Advokatsamfundet. Endelig sikrer de lovligheden af de forskellige beslutningsprocesser i virksomheden, f.eks. ved at forberede bestyrelsesm\u00f8der.<\/p>\n<h3 data-start=\"2091\" data-end=\"2117\"><strong data-start=\"2091\" data-end=\"2115\">Juridisk r\u00e5dgivning:<\/strong><\/h3>\n<p style=\"text-align: justify;\">Den juridiske r\u00e5dgivning i vores firma giver enhver person, uanset deres indkomst, mulighed for at modtage r\u00e5dgivning og information. Den leveres af advokater og jurister i vores juridiske afdeling og er anonym, fortrolig og tilg\u00e6ngelig for\u00a0<a href=\"https:\/\/abc-office.eu\/da\/\">alle<\/a>.<\/p>\n<p data-start=\"2119\" data-end=\"2367\" data-is-last-node=\"\" data-is-only-node=\"\"><img loading=\"lazy\" decoding=\"async\" class=\"aligncenter wp-image-141\" src=\"https:\/\/abc-office.ch\/wp-content\/uploads\/2018\/06\/Droit11-300x225.jpg\" alt=\"Juridisk\" width=\"383\" height=\"287\" \/><\/p>\n","protected":false},"excerpt":{"rendered":"<p>Juridisk Vores virksomhed,\u00a0ABC Translation, specialiserer sig i flere omr\u00e5der, som meget ofte er tilknyttet EU- og international ret. Vi arbejder dagligt sammen med notarer, advokater og jurister. Vi kan im\u00f8dekomme alle dine juridiske behov i hele EU. Notar: Vi samarbejder med en notar for at r\u00e5dgive dig og tilbyde dig kvalitetsydelser ved udarbejdelse og legalisering&#8230;<\/p>\n","protected":false},"author":1,"featured_media":228962,"parent":0,"menu_order":0,"comment_status":"closed","ping_status":"closed","template":"","meta":{"sfsi_plus_gutenberg_text_before_share":"","sfsi_plus_gutenberg_show_text_before_share":"","sfsi_plus_gutenberg_icon_type":"","sfsi_plus_gutenberg_icon_alignemt":"","sfsi_plus_gutenburg_max_per_row":"","footnotes":""},"class_list":["post-228961","page","type-page","status-publish","has-post-thumbnail","hentry"],"yoast_head":"<!-- This site is optimized with the Yoast SEO plugin v23.8 - https:\/\/yoast.com\/wordpress\/plugins\/seo\/ -->\n<title>Juridisk l ABC Translation l Notar l Advokatfirma l Jurist l Juridisk<\/title>\n<meta name=\"description\" content=\"ABC Translation l Juridisk l Notar l Advokatfirma l Jurist l Juridisk r\u00e5dgivning l Europ\u00e6isk Union og international l Fast ejendom l Familie\" \/>\n<meta name=\"robots\" content=\"index, follow, max-snippet:-1, max-image-preview:large, max-video-preview:-1\" \/>\n<link rel=\"canonical\" href=\"https:\/\/abc-office.eu\/da\/Juridisk\/\" \/>\n<meta property=\"og:locale\" content=\"da_DK\" \/>\n<meta property=\"og:type\" content=\"article\" \/>\n<meta property=\"og:title\" content=\"Juridisk l ABC Translation l Notar l Advokatfirma l Jurist l Juridisk\" \/>\n<meta property=\"og:description\" content=\"ABC Translation l Juridisk l Notar l Advokatfirma l Jurist l Juridisk r\u00e5dgivning l Europ\u00e6isk Union og international l Fast ejendom l Familie\" \/>\n<meta property=\"og:url\" content=\"https:\/\/abc-office.eu\/da\/Juridisk\/\" \/>\n<meta property=\"og:site_name\" content=\"ABC Translation\" \/>\n<meta property=\"article:modified_time\" content=\"2025-10-23T11:51:02+00:00\" \/>\n<meta property=\"og:image\" content=\"https:\/\/abc-office.eu\/wp-content\/uploads\/2025\/10\/Droit1-768x432-8.jpg\" \/>\n\t<meta property=\"og:image:width\" content=\"768\" \/>\n\t<meta property=\"og:image:height\" content=\"432\" \/>\n\t<meta property=\"og:image:type\" content=\"image\/jpeg\" \/>\n<meta name=\"twitter:card\" content=\"summary_large_image\" \/>\n<meta name=\"twitter:label1\" content=\"Estimeret l\u00e6setid\" \/>\n\t<meta name=\"twitter:data1\" content=\"2 minutter\" \/>\n<script type=\"application\/ld+json\" class=\"yoast-schema-graph\">{\"@context\":\"https:\/\/schema.org\",\"@graph\":[{\"@type\":\"WebPage\",\"@id\":\"https:\/\/abc-office.eu\/da\/Juridisk\/\",\"url\":\"https:\/\/abc-office.eu\/da\/Juridisk\/\",\"name\":\"Juridisk l ABC Translation l Notar l Advokatfirma l Jurist l Juridisk\",\"isPartOf\":{\"@id\":\"https:\/\/abc-office.eu\/da\/#website\"},\"primaryImageOfPage\":{\"@id\":\"https:\/\/abc-office.eu\/da\/Juridisk\/#primaryimage\"},\"image\":{\"@id\":\"https:\/\/abc-office.eu\/da\/Juridisk\/#primaryimage\"},\"thumbnailUrl\":\"https:\/\/abc-office.eu\/wp-content\/uploads\/2025\/10\/Droit1-768x432-8.jpg\",\"datePublished\":\"2022-04-25T07:58:57+00:00\",\"dateModified\":\"2025-10-23T11:51:02+00:00\",\"description\":\"ABC Translation l Juridisk l Notar l Advokatfirma l Jurist l Juridisk r\u00e5dgivning l Europ\u00e6isk Union og international l Fast ejendom l Familie\",\"breadcrumb\":{\"@id\":\"https:\/\/abc-office.eu\/da\/Juridisk\/#breadcrumb\"},\"inLanguage\":\"da-DK\",\"potentialAction\":[{\"@type\":\"ReadAction\",\"target\":[\"https:\/\/abc-office.eu\/da\/Juridisk\/\"]}]},{\"@type\":\"ImageObject\",\"inLanguage\":\"da-DK\",\"@id\":\"https:\/\/abc-office.eu\/da\/Juridisk\/#primaryimage\",\"url\":\"https:\/\/abc-office.eu\/wp-content\/uploads\/2025\/10\/Droit1-768x432-8.jpg\",\"contentUrl\":\"https:\/\/abc-office.eu\/wp-content\/uploads\/2025\/10\/Droit1-768x432-8.jpg\",\"width\":768,\"height\":432},{\"@type\":\"BreadcrumbList\",\"@id\":\"https:\/\/abc-office.eu\/da\/Juridisk\/#breadcrumb\",\"itemListElement\":[{\"@type\":\"ListItem\",\"position\":1,\"name\":\"Accueil\",\"item\":\"https:\/\/abc-office.eu\/da\/\"},{\"@type\":\"ListItem\",\"position\":2,\"name\":\"Juridisk\"}]},{\"@type\":\"WebSite\",\"@id\":\"https:\/\/abc-office.eu\/da\/#website\",\"url\":\"https:\/\/abc-office.eu\/da\/\",\"name\":\"ABC Translation\",\"description\":\"info@abc-office.eu\",\"potentialAction\":[{\"@type\":\"SearchAction\",\"target\":{\"@type\":\"EntryPoint\",\"urlTemplate\":\"https:\/\/abc-office.eu\/da\/?s={search_term_string}\"},\"query-input\":{\"@type\":\"PropertyValueSpecification\",\"valueRequired\":true,\"valueName\":\"search_term_string\"}}],\"inLanguage\":\"da-DK\"}]}<\/script>\n<!-- \/ Yoast SEO plugin. -->","yoast_head_json":{"title":"Juridisk l ABC Translation l Notar l Advokatfirma l Jurist l Juridisk","description":"ABC Translation l Juridisk l Notar l Advokatfirma l Jurist l Juridisk r\u00e5dgivning l Europ\u00e6isk Union og international l Fast ejendom l Familie","robots":{"index":"index","follow":"follow","max-snippet":"max-snippet:-1","max-image-preview":"max-image-preview:large","max-video-preview":"max-video-preview:-1"},"canonical":"https:\/\/abc-office.eu\/da\/Juridisk\/","og_locale":"da_DK","og_type":"article","og_title":"Juridisk l ABC Translation l Notar l Advokatfirma l Jurist l Juridisk","og_description":"ABC Translation l Juridisk l Notar l Advokatfirma l Jurist l Juridisk r\u00e5dgivning l Europ\u00e6isk Union og international l Fast ejendom l Familie","og_url":"https:\/\/abc-office.eu\/da\/Juridisk\/","og_site_name":"ABC Translation","article_modified_time":"2025-10-23T11:51:02+00:00","og_image":[{"width":768,"height":432,"url":"https:\/\/abc-office.eu\/wp-content\/uploads\/2025\/10\/Droit1-768x432-8.jpg","type":"image\/jpeg"}],"twitter_card":"summary_large_image","twitter_misc":{"Estimeret l\u00e6setid":"2 minutter"},"schema":{"@context":"https:\/\/schema.org","@graph":[{"@type":"WebPage","@id":"https:\/\/abc-office.eu\/da\/Juridisk\/","url":"https:\/\/abc-office.eu\/da\/Juridisk\/","name":"Juridisk l ABC Translation l Notar l Advokatfirma l Jurist l Juridisk","isPartOf":{"@id":"https:\/\/abc-office.eu\/da\/#website"},"primaryImageOfPage":{"@id":"https:\/\/abc-office.eu\/da\/Juridisk\/#primaryimage"},"image":{"@id":"https:\/\/abc-office.eu\/da\/Juridisk\/#primaryimage"},"thumbnailUrl":"https:\/\/abc-office.eu\/wp-content\/uploads\/2025\/10\/Droit1-768x432-8.jpg","datePublished":"2022-04-25T07:58:57+00:00","dateModified":"2025-10-23T11:51:02+00:00","description":"ABC Translation l Juridisk l Notar l Advokatfirma l Jurist l Juridisk r\u00e5dgivning l Europ\u00e6isk Union og international l Fast ejendom l Familie","breadcrumb":{"@id":"https:\/\/abc-office.eu\/da\/Juridisk\/#breadcrumb"},"inLanguage":"da-DK","potentialAction":[{"@type":"ReadAction","target":["https:\/\/abc-office.eu\/da\/Juridisk\/"]}]},{"@type":"ImageObject","inLanguage":"da-DK","@id":"https:\/\/abc-office.eu\/da\/Juridisk\/#primaryimage","url":"https:\/\/abc-office.eu\/wp-content\/uploads\/2025\/10\/Droit1-768x432-8.jpg","contentUrl":"https:\/\/abc-office.eu\/wp-content\/uploads\/2025\/10\/Droit1-768x432-8.jpg","width":768,"height":432},{"@type":"BreadcrumbList","@id":"https:\/\/abc-office.eu\/da\/Juridisk\/#breadcrumb","itemListElement":[{"@type":"ListItem","position":1,"name":"Accueil","item":"https:\/\/abc-office.eu\/da\/"},{"@type":"ListItem","position":2,"name":"Juridisk"}]},{"@type":"WebSite","@id":"https:\/\/abc-office.eu\/da\/#website","url":"https:\/\/abc-office.eu\/da\/","name":"ABC Translation","description":"info@abc-office.eu","potentialAction":[{"@type":"SearchAction","target":{"@type":"EntryPoint","urlTemplate":"https:\/\/abc-office.eu\/da\/?s={search_term_string}"},"query-input":{"@type":"PropertyValueSpecification","valueRequired":true,"valueName":"search_term_string"}}],"inLanguage":"da-DK"}]}},"_links":{"self":[{"href":"https:\/\/abc-office.eu\/da\/wp-json\/wp\/v2\/pages\/228961","targetHints":{"allow":["GET"]}}],"collection":[{"href":"https:\/\/abc-office.eu\/da\/wp-json\/wp\/v2\/pages"}],"about":[{"href":"https:\/\/abc-office.eu\/da\/wp-json\/wp\/v2\/types\/page"}],"author":[{"embeddable":true,"href":"https:\/\/abc-office.eu\/da\/wp-json\/wp\/v2\/users\/1"}],"replies":[{"embeddable":true,"href":"https:\/\/abc-office.eu\/da\/wp-json\/wp\/v2\/comments?post=228961"}],"version-history":[{"count":3,"href":"https:\/\/abc-office.eu\/da\/wp-json\/wp\/v2\/pages\/228961\/revisions"}],"predecessor-version":[{"id":230835,"href":"https:\/\/abc-office.eu\/da\/wp-json\/wp\/v2\/pages\/228961\/revisions\/230835"}],"wp:featuredmedia":[{"embeddable":true,"href":"https:\/\/abc-office.eu\/da\/wp-json\/wp\/v2\/media\/228962"}],"wp:attachment":[{"href":"https:\/\/abc-office.eu\/da\/wp-json\/wp\/v2\/media?parent=228961"}],"curies":[{"name":"wp","href":"https:\/\/api.w.org\/{rel}","templated":true}]}}