{"id":228917,"date":"2017-02-16T09:16:27","date_gmt":"2017-02-16T08:16:27","guid":{"rendered":"https:\/\/abc-office.eu\/?page_id=228917"},"modified":"2025-10-23T13:42:18","modified_gmt":"2025-10-23T11:42:18","slug":"legalisering","status":"publish","type":"page","link":"https:\/\/abc-office.eu\/da\/legalisering\/","title":{"rendered":"Legalisering"},"content":{"rendered":"<h2 data-start=\"84\" data-end=\"102\"><strong data-start=\"84\" data-end=\"100\">Legalisering<\/strong><\/h2>\n<p style=\"text-align: justify;\">Vores bureau, ABC Translation, specialiserer sig i legalisering af dokumenter til officielt brug. Der findes flere former for legalisering, s\u00e5som apostille, bekr\u00e6ftet kopi (brevet \/ vidimus) og legalisering p\u00e5 en ambassade eller et konsulat. Nogle institutioner beder endda undertiden om bekr\u00e6ftede kopier med apostille.<\/p>\n<p style=\"text-align: justify;\">Vi samarbejder med forskellige myndigheder s\u00e5som notarer, pr\u00e6fektur, kansleri samt ambassader og konsulater for at kunne levere de korrekte legaliseringer. Hvad ang\u00e5r ekspeditionstid, kan legaliseringer normalt udf\u00f8res ret hurtigt (to til fem hverdage).<\/p>\n<h3 data-start=\"703\" data-end=\"736\"><strong data-start=\"703\" data-end=\"734\">Legalisering med apostille:<\/strong><\/h3>\n<p style=\"text-align: justify;\">De lande, der har underskrevet Haag-konventionen, anerkender et dokuments gyldighed uden et konsulats eller en ambassades p\u00e5tegning, forudsat at dokumentet er forsynet med en apostille-legalisering.<\/p>\n<p style=\"text-align: justify;\">Denne apostille p\u00e5f\u00f8res udelukkende p\u00e5 en embedsmands eller en notars underskrift. Den kan ikke p\u00e5f\u00f8res et dokument, der er underskrevet af en privatperson.<\/p>\n<h3 data-start=\"1096\" data-end=\"1122\"><strong data-start=\"1096\" data-end=\"1120\">Simpel legalisering:<\/strong><\/h3>\n<p style=\"text-align: justify;\">En simpel legalisering er et stempel, der anerkendes af alle de lande, som ikke er underskrivere af Haag-konventionen, forudsat at dokumentet b\u00e6rer en p\u00e5tegning fra en repr\u00e6sentation i Schweiz (ambassade, konsulat eller mission).<\/p>\n<p style=\"text-align: justify;\">Disse legaliseringer er mulige for enhver type dokument, s\u00e5 l\u00e6nge underskrift p\u00e5 dokumentet er kendt af legaliseringstjenesten.<\/p>\n<h3><strong>P\u00e5 en ambassade \/ et konsulat:<\/strong><\/h3>\n<p style=\"text-align: justify;\">For at dokumenter kan godtages i visse lande, s\u00e5som Kina, skal de legaliseres p\u00e5 en ambassade eller et konsulat. Alle dokumenter skal f\u00f8rst legaliseres af en notar og kansleriet\/pr\u00e6fekturet, f\u00f8r ambassaden eller konsulatet kan p\u00e5f\u00f8re sin legalisering.<\/p>\n<h3 data-start=\"1790\" data-end=\"1816\"><strong data-start=\"1790\" data-end=\"1814\">\u00c6gte bekr\u00e6ftet kopi:<\/strong><\/h3>\n<p style=\"text-align: justify;\">En bekr\u00e6ftet kopi, ogs\u00e5 kaldet vidimus eller brevet, er en kopi, hvis overensstemmelse med originaldokumentet er blevet anerkendt af en notar. N\u00e5r originaldokumenterne er udstedt af udenlandske myndigheder, kr\u00e6ver visse institutioner kopier, som er blevet bekr\u00e6ftet af en notar. Det samme g\u00e6lder for dokumenter, der skal bruges i udlandet.<\/p>\n<h3 data-start=\"2172\" data-end=\"2206\"><strong data-start=\"2172\" data-end=\"2204\">Legalisering af underskrift:<\/strong><\/h3>\n<p style=\"text-align: justify;\">Ved at legalisere en underskrift bekr\u00e6fter notaren dens \u00e6gthed: Underskriften nederst p\u00e5 et dokument tilh\u00f8rer den person, der h\u00e6vder at have\u00a0<a href=\"https:\/\/abc-office.eu\/da\/\">underskrevet<\/a>\u00a0det.<\/p>\n<p data-start=\"2208\" data-end=\"2368\"><img loading=\"lazy\" decoding=\"async\" class=\"aligncenter wp-image-26 size-medium\" src=\"https:\/\/abc-office.ch\/wp-content\/uploads\/2018\/06\/imageedit_1_6241191614-300x300.gif\" alt=\"Legalisering\" width=\"300\" height=\"300\" \/><\/p>\n","protected":false},"excerpt":{"rendered":"<p>Legalisering Vores bureau, ABC Translation, specialiserer sig i legalisering af dokumenter til officielt brug. Der findes flere former for legalisering, s\u00e5som apostille, bekr\u00e6ftet kopi (brevet \/ vidimus) og legalisering p\u00e5 en ambassade eller et konsulat. Nogle institutioner beder endda undertiden om bekr\u00e6ftede kopier med apostille. Vi samarbejder med forskellige myndigheder s\u00e5som notarer, pr\u00e6fektur, kansleri samt&#8230;<\/p>\n","protected":false},"author":1,"featured_media":228918,"parent":0,"menu_order":0,"comment_status":"closed","ping_status":"closed","template":"","meta":{"sfsi_plus_gutenberg_text_before_share":"","sfsi_plus_gutenberg_show_text_before_share":"","sfsi_plus_gutenberg_icon_type":"","sfsi_plus_gutenberg_icon_alignemt":"","sfsi_plus_gutenburg_max_per_row":"","footnotes":""},"class_list":["post-228917","page","type-page","status-publish","has-post-thumbnail","hentry"],"yoast_head":"<!-- This site is optimized with the Yoast SEO plugin v23.8 - https:\/\/yoast.com\/wordpress\/plugins\/seo\/ -->\n<title>Legalisering | ABC Translation | Apostille-legalisering | Ambassade<\/title>\n<meta name=\"description\" content=\"Legalisering af officielt dokument | Legalisering med apostille | Ved en ambassade eller et konsulat | Bekr\u00e6ftet kopi | Notar | Kancelli\" \/>\n<meta name=\"robots\" content=\"index, follow, max-snippet:-1, max-image-preview:large, max-video-preview:-1\" \/>\n<link rel=\"canonical\" href=\"https:\/\/abc-office.eu\/da\/legalisering\/\" \/>\n<meta property=\"og:locale\" content=\"da_DK\" \/>\n<meta property=\"og:type\" content=\"article\" \/>\n<meta property=\"og:title\" content=\"Legalisering | ABC Translation | Apostille-legalisering | Ambassade\" \/>\n<meta property=\"og:description\" content=\"Legalisering af officielt dokument | Legalisering med apostille | Ved en ambassade eller et konsulat | Bekr\u00e6ftet kopi | Notar | Kancelli\" \/>\n<meta property=\"og:url\" content=\"https:\/\/abc-office.eu\/da\/legalisering\/\" \/>\n<meta property=\"og:site_name\" content=\"ABC Translation\" \/>\n<meta property=\"article:modified_time\" content=\"2025-10-23T11:42:18+00:00\" \/>\n<meta property=\"og:image\" content=\"https:\/\/abc-office.eu\/wp-content\/uploads\/2025\/10\/apostille-3joo-768x522-8.jpg\" \/>\n\t<meta property=\"og:image:width\" content=\"768\" \/>\n\t<meta property=\"og:image:height\" content=\"522\" \/>\n\t<meta property=\"og:image:type\" content=\"image\/jpeg\" \/>\n<meta name=\"twitter:card\" content=\"summary_large_image\" \/>\n<meta name=\"twitter:label1\" content=\"Estimeret l\u00e6setid\" \/>\n\t<meta name=\"twitter:data1\" content=\"2 minutter\" \/>\n<script type=\"application\/ld+json\" class=\"yoast-schema-graph\">{\"@context\":\"https:\/\/schema.org\",\"@graph\":[{\"@type\":\"WebPage\",\"@id\":\"https:\/\/abc-office.eu\/da\/legalisering\/\",\"url\":\"https:\/\/abc-office.eu\/da\/legalisering\/\",\"name\":\"Legalisering | ABC Translation | Apostille-legalisering | Ambassade\",\"isPartOf\":{\"@id\":\"https:\/\/abc-office.eu\/da\/#website\"},\"primaryImageOfPage\":{\"@id\":\"https:\/\/abc-office.eu\/da\/legalisering\/#primaryimage\"},\"image\":{\"@id\":\"https:\/\/abc-office.eu\/da\/legalisering\/#primaryimage\"},\"thumbnailUrl\":\"https:\/\/abc-office.eu\/wp-content\/uploads\/2025\/10\/apostille-3joo-768x522-8.jpg\",\"datePublished\":\"2017-02-16T08:16:27+00:00\",\"dateModified\":\"2025-10-23T11:42:18+00:00\",\"description\":\"Legalisering af officielt dokument | Legalisering med apostille | Ved en ambassade eller et konsulat | Bekr\u00e6ftet kopi | Notar | Kancelli\",\"breadcrumb\":{\"@id\":\"https:\/\/abc-office.eu\/da\/legalisering\/#breadcrumb\"},\"inLanguage\":\"da-DK\",\"potentialAction\":[{\"@type\":\"ReadAction\",\"target\":[\"https:\/\/abc-office.eu\/da\/legalisering\/\"]}]},{\"@type\":\"ImageObject\",\"inLanguage\":\"da-DK\",\"@id\":\"https:\/\/abc-office.eu\/da\/legalisering\/#primaryimage\",\"url\":\"https:\/\/abc-office.eu\/wp-content\/uploads\/2025\/10\/apostille-3joo-768x522-8.jpg\",\"contentUrl\":\"https:\/\/abc-office.eu\/wp-content\/uploads\/2025\/10\/apostille-3joo-768x522-8.jpg\",\"width\":768,\"height\":522},{\"@type\":\"BreadcrumbList\",\"@id\":\"https:\/\/abc-office.eu\/da\/legalisering\/#breadcrumb\",\"itemListElement\":[{\"@type\":\"ListItem\",\"position\":1,\"name\":\"Accueil\",\"item\":\"https:\/\/abc-office.eu\/da\/\"},{\"@type\":\"ListItem\",\"position\":2,\"name\":\"Legalisering\"}]},{\"@type\":\"WebSite\",\"@id\":\"https:\/\/abc-office.eu\/da\/#website\",\"url\":\"https:\/\/abc-office.eu\/da\/\",\"name\":\"ABC Translation\",\"description\":\"info@abc-office.eu\",\"potentialAction\":[{\"@type\":\"SearchAction\",\"target\":{\"@type\":\"EntryPoint\",\"urlTemplate\":\"https:\/\/abc-office.eu\/da\/?s={search_term_string}\"},\"query-input\":{\"@type\":\"PropertyValueSpecification\",\"valueRequired\":true,\"valueName\":\"search_term_string\"}}],\"inLanguage\":\"da-DK\"}]}<\/script>\n<!-- \/ Yoast SEO plugin. -->","yoast_head_json":{"title":"Legalisering | ABC Translation | Apostille-legalisering | Ambassade","description":"Legalisering af officielt dokument | Legalisering med apostille | Ved en ambassade eller et konsulat | Bekr\u00e6ftet kopi | Notar | Kancelli","robots":{"index":"index","follow":"follow","max-snippet":"max-snippet:-1","max-image-preview":"max-image-preview:large","max-video-preview":"max-video-preview:-1"},"canonical":"https:\/\/abc-office.eu\/da\/legalisering\/","og_locale":"da_DK","og_type":"article","og_title":"Legalisering | ABC Translation | Apostille-legalisering | Ambassade","og_description":"Legalisering af officielt dokument | Legalisering med apostille | Ved en ambassade eller et konsulat | Bekr\u00e6ftet kopi | Notar | Kancelli","og_url":"https:\/\/abc-office.eu\/da\/legalisering\/","og_site_name":"ABC Translation","article_modified_time":"2025-10-23T11:42:18+00:00","og_image":[{"width":768,"height":522,"url":"https:\/\/abc-office.eu\/wp-content\/uploads\/2025\/10\/apostille-3joo-768x522-8.jpg","type":"image\/jpeg"}],"twitter_card":"summary_large_image","twitter_misc":{"Estimeret l\u00e6setid":"2 minutter"},"schema":{"@context":"https:\/\/schema.org","@graph":[{"@type":"WebPage","@id":"https:\/\/abc-office.eu\/da\/legalisering\/","url":"https:\/\/abc-office.eu\/da\/legalisering\/","name":"Legalisering | ABC Translation | Apostille-legalisering | Ambassade","isPartOf":{"@id":"https:\/\/abc-office.eu\/da\/#website"},"primaryImageOfPage":{"@id":"https:\/\/abc-office.eu\/da\/legalisering\/#primaryimage"},"image":{"@id":"https:\/\/abc-office.eu\/da\/legalisering\/#primaryimage"},"thumbnailUrl":"https:\/\/abc-office.eu\/wp-content\/uploads\/2025\/10\/apostille-3joo-768x522-8.jpg","datePublished":"2017-02-16T08:16:27+00:00","dateModified":"2025-10-23T11:42:18+00:00","description":"Legalisering af officielt dokument | Legalisering med apostille | Ved en ambassade eller et konsulat | Bekr\u00e6ftet kopi | Notar | Kancelli","breadcrumb":{"@id":"https:\/\/abc-office.eu\/da\/legalisering\/#breadcrumb"},"inLanguage":"da-DK","potentialAction":[{"@type":"ReadAction","target":["https:\/\/abc-office.eu\/da\/legalisering\/"]}]},{"@type":"ImageObject","inLanguage":"da-DK","@id":"https:\/\/abc-office.eu\/da\/legalisering\/#primaryimage","url":"https:\/\/abc-office.eu\/wp-content\/uploads\/2025\/10\/apostille-3joo-768x522-8.jpg","contentUrl":"https:\/\/abc-office.eu\/wp-content\/uploads\/2025\/10\/apostille-3joo-768x522-8.jpg","width":768,"height":522},{"@type":"BreadcrumbList","@id":"https:\/\/abc-office.eu\/da\/legalisering\/#breadcrumb","itemListElement":[{"@type":"ListItem","position":1,"name":"Accueil","item":"https:\/\/abc-office.eu\/da\/"},{"@type":"ListItem","position":2,"name":"Legalisering"}]},{"@type":"WebSite","@id":"https:\/\/abc-office.eu\/da\/#website","url":"https:\/\/abc-office.eu\/da\/","name":"ABC Translation","description":"info@abc-office.eu","potentialAction":[{"@type":"SearchAction","target":{"@type":"EntryPoint","urlTemplate":"https:\/\/abc-office.eu\/da\/?s={search_term_string}"},"query-input":{"@type":"PropertyValueSpecification","valueRequired":true,"valueName":"search_term_string"}}],"inLanguage":"da-DK"}]}},"_links":{"self":[{"href":"https:\/\/abc-office.eu\/da\/wp-json\/wp\/v2\/pages\/228917","targetHints":{"allow":["GET"]}}],"collection":[{"href":"https:\/\/abc-office.eu\/da\/wp-json\/wp\/v2\/pages"}],"about":[{"href":"https:\/\/abc-office.eu\/da\/wp-json\/wp\/v2\/types\/page"}],"author":[{"embeddable":true,"href":"https:\/\/abc-office.eu\/da\/wp-json\/wp\/v2\/users\/1"}],"replies":[{"embeddable":true,"href":"https:\/\/abc-office.eu\/da\/wp-json\/wp\/v2\/comments?post=228917"}],"version-history":[{"count":3,"href":"https:\/\/abc-office.eu\/da\/wp-json\/wp\/v2\/pages\/228917\/revisions"}],"predecessor-version":[{"id":230829,"href":"https:\/\/abc-office.eu\/da\/wp-json\/wp\/v2\/pages\/228917\/revisions\/230829"}],"wp:featuredmedia":[{"embeddable":true,"href":"https:\/\/abc-office.eu\/da\/wp-json\/wp\/v2\/media\/228918"}],"wp:attachment":[{"href":"https:\/\/abc-office.eu\/da\/wp-json\/wp\/v2\/media?parent=228917"}],"curies":[{"name":"wp","href":"https:\/\/api.w.org\/{rel}","templated":true}]}}