{"id":228895,"date":"2017-02-16T09:17:00","date_gmt":"2017-02-16T08:17:00","guid":{"rendered":"https:\/\/abc-office.eu\/?page_id=228895"},"modified":"2025-10-23T13:31:01","modified_gmt":"2025-10-23T11:31:01","slug":"oversaettelse","status":"publish","type":"page","link":"https:\/\/abc-office.eu\/da\/oversaettelse\/","title":{"rendered":"Overs\u00e6ttelse"},"content":{"rendered":"<h2 data-start=\"88\" data-end=\"106\"><strong data-start=\"88\" data-end=\"104\">Overs\u00e6ttelse<\/strong><\/h2>\n<p style=\"text-align: justify;\">Vores bureau, ABC Translation, har i mange \u00e5r specialiseret sig i overs\u00e6ttelse og tolkning. Vi kan nemlig tilbyde dig alle ydelser p\u00e5 dette omr\u00e5de \u2013 hvad enten det drejer sig om en officiel overs\u00e6ttelse, en simpel overs\u00e6ttelse eller et behov for tolkning.<\/p>\n<p style=\"text-align: justify;\">Med et team p\u00e5 over 800 overs\u00e6ttere og tolke ved vi, hvordan man h\u00e5ndterer et hvilket som helst projekt inden for ekstremt korte tidsfrister. Kvalitet og hurtig respons er vores n\u00f8gleord \u2013 s\u00e5 vi kan sikre resultater, der altid lever op til kundernes forventninger. Vi har kontorer i EU og Storbritannien. Takket v\u00e6re denne tilstedev\u00e6relse og vores effektivitet har vi v\u00e6ret i stand til at udvikle os, og vi tilbyder nu overs\u00e6ttelsestjenester p\u00e5 mere end 60 forskellige sprog.<\/p>\n<h3 data-start=\"878\" data-end=\"906\"><strong data-start=\"878\" data-end=\"904\">Officiel overs\u00e6ttelse:<\/strong><\/h3>\n<p style=\"text-align: justify;\">Vi specialiserer os i officielle overs\u00e6ttelser, s\u00e5 vi kan g\u00f8re tingene lettere for dig, n\u00e5r du ankommer til EU eller Storbritannien eller skal ud at rejse. Overs\u00e6ttelser bliver som regel legaliseret hos vores notar og derefter i kansleriet med et apostille-stempel eller legalisering i henhold til konventionerne. Leveringstiden til kunden er ofte meget kort.<\/p>\n<p style=\"text-align: justify;\">Derfor har vi indf\u00f8rt et system, der g\u00f8r det muligt at f\u00e5 dokumenterne oversat, legaliseret og apostillestemplet p\u00e5 rekordtid. F.eks. har vi brug for to dage til at udf\u00f8re de forskellige trin med et dokument p\u00e5 mindre end fem sider. Disse overs\u00e6ttelser kan derefter legaliseres af konsulatet i det p\u00e5g\u00e6ldende land, hvis det er n\u00f8dvendigt.<\/p>\n<p style=\"text-align: justify;\">En officiel overs\u00e6ttelse, der skal anvendes til anerkendelse af dine udenlandske eksamensbeviser i EU og\/eller Storbritannien, er ogs\u00e5 en del af vores serviceudbud. Igen overs\u00e6tter vi dokumenterne og legaliserer dem hos vores notar, s\u00e5 de kan accepteres af de relevante anerkendelsesorganer. Dine dokumenter er derefter klar til indsendelse.<\/p>\n<h3 data-start=\"1978\" data-end=\"1990\"><strong data-start=\"1978\" data-end=\"1988\">Sprog:<\/strong><\/h3>\n<p style=\"text-align: justify;\">Afrikaans | Albansk | Amerikansk engelsk | Amharisk | Arabisk | Armensk | Aserbajdsjansk | Aymara | Baskisk | Bengalsk | Bosnisk | Brasiliansk | Bulgarsk | Burmesisk | Catalansk | Dansk | Dari | Engelsk | Estisk | Ewe | Farsi | Finsk | Fula | Georgisk | Gr\u00e6sk | Guarani | Hebraisk | Hindi | Hollandsk | Hviderussisk | Indonesisk | Italiensk | Japansk | Kantonesisk | Kasakhisk | Khmer | Kinesisk | Forenklet kinesisk | Traditionelt kinesisk | Kirgisisk | Koreansk | Kroatisk | Kurdisk | Lao | Lettisk | Lingala | Litauisk | Makedonsk | Malayalam | Malaysisk | Mandarin | Moldovisk | Mongolsk | Montenegrinsk | Norsk | Pashto | Persisk | Polsk | Portugisisk | Punjabi | Quechua | Rum\u00e6nsk | Russisk | Serbisk | Singalesisk | Slovakisk | Slovensk | Spansk | Svensk | Tamil | Thai | Tjekkisk | Turkmensk | Tyrkisk | Tysk | Ukrainsk | Ungarsk | Urdu | Usbekisk | Vietnamesisk<\/p>\n<h3 data-start=\"2858\" data-end=\"2875\"><strong data-start=\"2858\" data-end=\"2873\">Dokumenter:<\/strong><\/h3>\n<p>F\u00f8dselsattest | Vielsesattest | Civilstandsattest | Attest | Patent | Straffeattest | Certifikat | D\u00f8dsattest | Familieattest | Arbejdsattest | Selvangivelse | Diplom | Pas | K\u00f8rekort | Testamente | Visum | Kontrakt | Skilsmissekontrakt | \u00c6gteskabskontrakt | Dom | Procedure | Fuldmagt | Referat<\/p>\n<p>Hvis du har brug for et andet sprog, er du altid velkommen til at\u00a0<a href=\"https:\/\/abc-office.eu\/da\/\">kontakte<\/a>\u00a0os.<\/p>\n<p data-start=\"3195\" data-end=\"3245\"><img loading=\"lazy\" decoding=\"async\" class=\"aligncenter wp-image-26 size-medium\" src=\"https:\/\/abc-office.ch\/wp-content\/uploads\/2018\/06\/imageedit_1_6241191614-300x300.gif\" alt=\"Overs\u00e6ttelse\" width=\"300\" height=\"300\" \/><\/p>\n","protected":false},"excerpt":{"rendered":"<p>Overs\u00e6ttelse Vores bureau, ABC Translation, har i mange \u00e5r specialiseret sig i overs\u00e6ttelse og tolkning. Vi kan nemlig tilbyde dig alle ydelser p\u00e5 dette omr\u00e5de \u2013 hvad enten det drejer sig om en officiel overs\u00e6ttelse, en simpel overs\u00e6ttelse eller et behov for tolkning. Med et team p\u00e5 over 800 overs\u00e6ttere og tolke ved vi, hvordan&#8230;<\/p>\n","protected":false},"author":1,"featured_media":228896,"parent":0,"menu_order":0,"comment_status":"closed","ping_status":"closed","template":"","meta":{"sfsi_plus_gutenberg_text_before_share":"","sfsi_plus_gutenberg_show_text_before_share":"","sfsi_plus_gutenberg_icon_type":"","sfsi_plus_gutenberg_icon_alignemt":"","sfsi_plus_gutenburg_max_per_row":"","footnotes":""},"class_list":["post-228895","page","type-page","status-publish","has-post-thumbnail","hentry"],"yoast_head":"<!-- This site is optimized with the Yoast SEO plugin v23.8 - https:\/\/yoast.com\/wordpress\/plugins\/seo\/ -->\n<title>Overs\u00e6ttelse l Officiel overs\u00e6ttelse l Professionel overs\u00e6ttelse<\/title>\n<meta name=\"description\" content=\"Overs\u00e6ttelse til dine administrative procedurer l Certificeret og officiel overs\u00e6ttelse l Anerkendt af alle institutioner i EU og i udlandet\" \/>\n<meta name=\"robots\" content=\"index, follow, max-snippet:-1, max-image-preview:large, max-video-preview:-1\" \/>\n<link rel=\"canonical\" href=\"https:\/\/abc-office.eu\/da\/oversaettelse\/\" \/>\n<meta property=\"og:locale\" content=\"da_DK\" \/>\n<meta property=\"og:type\" content=\"article\" \/>\n<meta property=\"og:title\" content=\"Overs\u00e6ttelse l Officiel overs\u00e6ttelse l Professionel overs\u00e6ttelse\" \/>\n<meta property=\"og:description\" content=\"Overs\u00e6ttelse til dine administrative procedurer l Certificeret og officiel overs\u00e6ttelse l Anerkendt af alle institutioner i EU og i udlandet\" \/>\n<meta property=\"og:url\" content=\"https:\/\/abc-office.eu\/da\/oversaettelse\/\" \/>\n<meta property=\"og:site_name\" content=\"ABC Translation\" \/>\n<meta property=\"article:modified_time\" content=\"2025-10-23T11:31:01+00:00\" \/>\n<meta property=\"og:image\" content=\"https:\/\/abc-office.eu\/wp-content\/uploads\/2025\/10\/Traduction-7.jpg\" \/>\n\t<meta property=\"og:image:width\" content=\"650\" \/>\n\t<meta property=\"og:image:height\" content=\"400\" \/>\n\t<meta property=\"og:image:type\" content=\"image\/jpeg\" \/>\n<meta name=\"twitter:card\" content=\"summary_large_image\" \/>\n<meta name=\"twitter:label1\" content=\"Estimeret l\u00e6setid\" \/>\n\t<meta name=\"twitter:data1\" content=\"3 minutter\" \/>\n<script type=\"application\/ld+json\" class=\"yoast-schema-graph\">{\"@context\":\"https:\/\/schema.org\",\"@graph\":[{\"@type\":\"WebPage\",\"@id\":\"https:\/\/abc-office.eu\/da\/oversaettelse\/\",\"url\":\"https:\/\/abc-office.eu\/da\/oversaettelse\/\",\"name\":\"Overs\u00e6ttelse l Officiel overs\u00e6ttelse l Professionel overs\u00e6ttelse\",\"isPartOf\":{\"@id\":\"https:\/\/abc-office.eu\/da\/#website\"},\"primaryImageOfPage\":{\"@id\":\"https:\/\/abc-office.eu\/da\/oversaettelse\/#primaryimage\"},\"image\":{\"@id\":\"https:\/\/abc-office.eu\/da\/oversaettelse\/#primaryimage\"},\"thumbnailUrl\":\"https:\/\/abc-office.eu\/wp-content\/uploads\/2025\/10\/Traduction-7.jpg\",\"datePublished\":\"2017-02-16T08:17:00+00:00\",\"dateModified\":\"2025-10-23T11:31:01+00:00\",\"description\":\"Overs\u00e6ttelse til dine administrative procedurer l Certificeret og officiel overs\u00e6ttelse l Anerkendt af alle institutioner i EU og i udlandet\",\"breadcrumb\":{\"@id\":\"https:\/\/abc-office.eu\/da\/oversaettelse\/#breadcrumb\"},\"inLanguage\":\"da-DK\",\"potentialAction\":[{\"@type\":\"ReadAction\",\"target\":[\"https:\/\/abc-office.eu\/da\/oversaettelse\/\"]}]},{\"@type\":\"ImageObject\",\"inLanguage\":\"da-DK\",\"@id\":\"https:\/\/abc-office.eu\/da\/oversaettelse\/#primaryimage\",\"url\":\"https:\/\/abc-office.eu\/wp-content\/uploads\/2025\/10\/Traduction-7.jpg\",\"contentUrl\":\"https:\/\/abc-office.eu\/wp-content\/uploads\/2025\/10\/Traduction-7.jpg\",\"width\":650,\"height\":400},{\"@type\":\"BreadcrumbList\",\"@id\":\"https:\/\/abc-office.eu\/da\/oversaettelse\/#breadcrumb\",\"itemListElement\":[{\"@type\":\"ListItem\",\"position\":1,\"name\":\"Accueil\",\"item\":\"https:\/\/abc-office.eu\/da\/\"},{\"@type\":\"ListItem\",\"position\":2,\"name\":\"Overs\u00e6ttelse\"}]},{\"@type\":\"WebSite\",\"@id\":\"https:\/\/abc-office.eu\/da\/#website\",\"url\":\"https:\/\/abc-office.eu\/da\/\",\"name\":\"ABC Translation\",\"description\":\"info@abc-office.eu\",\"potentialAction\":[{\"@type\":\"SearchAction\",\"target\":{\"@type\":\"EntryPoint\",\"urlTemplate\":\"https:\/\/abc-office.eu\/da\/?s={search_term_string}\"},\"query-input\":{\"@type\":\"PropertyValueSpecification\",\"valueRequired\":true,\"valueName\":\"search_term_string\"}}],\"inLanguage\":\"da-DK\"}]}<\/script>\n<!-- \/ Yoast SEO plugin. -->","yoast_head_json":{"title":"Overs\u00e6ttelse l Officiel overs\u00e6ttelse l Professionel overs\u00e6ttelse","description":"Overs\u00e6ttelse til dine administrative procedurer l Certificeret og officiel overs\u00e6ttelse l Anerkendt af alle institutioner i EU og i udlandet","robots":{"index":"index","follow":"follow","max-snippet":"max-snippet:-1","max-image-preview":"max-image-preview:large","max-video-preview":"max-video-preview:-1"},"canonical":"https:\/\/abc-office.eu\/da\/oversaettelse\/","og_locale":"da_DK","og_type":"article","og_title":"Overs\u00e6ttelse l Officiel overs\u00e6ttelse l Professionel overs\u00e6ttelse","og_description":"Overs\u00e6ttelse til dine administrative procedurer l Certificeret og officiel overs\u00e6ttelse l Anerkendt af alle institutioner i EU og i udlandet","og_url":"https:\/\/abc-office.eu\/da\/oversaettelse\/","og_site_name":"ABC Translation","article_modified_time":"2025-10-23T11:31:01+00:00","og_image":[{"width":650,"height":400,"url":"https:\/\/abc-office.eu\/wp-content\/uploads\/2025\/10\/Traduction-7.jpg","type":"image\/jpeg"}],"twitter_card":"summary_large_image","twitter_misc":{"Estimeret l\u00e6setid":"3 minutter"},"schema":{"@context":"https:\/\/schema.org","@graph":[{"@type":"WebPage","@id":"https:\/\/abc-office.eu\/da\/oversaettelse\/","url":"https:\/\/abc-office.eu\/da\/oversaettelse\/","name":"Overs\u00e6ttelse l Officiel overs\u00e6ttelse l Professionel overs\u00e6ttelse","isPartOf":{"@id":"https:\/\/abc-office.eu\/da\/#website"},"primaryImageOfPage":{"@id":"https:\/\/abc-office.eu\/da\/oversaettelse\/#primaryimage"},"image":{"@id":"https:\/\/abc-office.eu\/da\/oversaettelse\/#primaryimage"},"thumbnailUrl":"https:\/\/abc-office.eu\/wp-content\/uploads\/2025\/10\/Traduction-7.jpg","datePublished":"2017-02-16T08:17:00+00:00","dateModified":"2025-10-23T11:31:01+00:00","description":"Overs\u00e6ttelse til dine administrative procedurer l Certificeret og officiel overs\u00e6ttelse l Anerkendt af alle institutioner i EU og i udlandet","breadcrumb":{"@id":"https:\/\/abc-office.eu\/da\/oversaettelse\/#breadcrumb"},"inLanguage":"da-DK","potentialAction":[{"@type":"ReadAction","target":["https:\/\/abc-office.eu\/da\/oversaettelse\/"]}]},{"@type":"ImageObject","inLanguage":"da-DK","@id":"https:\/\/abc-office.eu\/da\/oversaettelse\/#primaryimage","url":"https:\/\/abc-office.eu\/wp-content\/uploads\/2025\/10\/Traduction-7.jpg","contentUrl":"https:\/\/abc-office.eu\/wp-content\/uploads\/2025\/10\/Traduction-7.jpg","width":650,"height":400},{"@type":"BreadcrumbList","@id":"https:\/\/abc-office.eu\/da\/oversaettelse\/#breadcrumb","itemListElement":[{"@type":"ListItem","position":1,"name":"Accueil","item":"https:\/\/abc-office.eu\/da\/"},{"@type":"ListItem","position":2,"name":"Overs\u00e6ttelse"}]},{"@type":"WebSite","@id":"https:\/\/abc-office.eu\/da\/#website","url":"https:\/\/abc-office.eu\/da\/","name":"ABC Translation","description":"info@abc-office.eu","potentialAction":[{"@type":"SearchAction","target":{"@type":"EntryPoint","urlTemplate":"https:\/\/abc-office.eu\/da\/?s={search_term_string}"},"query-input":{"@type":"PropertyValueSpecification","valueRequired":true,"valueName":"search_term_string"}}],"inLanguage":"da-DK"}]}},"_links":{"self":[{"href":"https:\/\/abc-office.eu\/da\/wp-json\/wp\/v2\/pages\/228895","targetHints":{"allow":["GET"]}}],"collection":[{"href":"https:\/\/abc-office.eu\/da\/wp-json\/wp\/v2\/pages"}],"about":[{"href":"https:\/\/abc-office.eu\/da\/wp-json\/wp\/v2\/types\/page"}],"author":[{"embeddable":true,"href":"https:\/\/abc-office.eu\/da\/wp-json\/wp\/v2\/users\/1"}],"replies":[{"embeddable":true,"href":"https:\/\/abc-office.eu\/da\/wp-json\/wp\/v2\/comments?post=228895"}],"version-history":[{"count":3,"href":"https:\/\/abc-office.eu\/da\/wp-json\/wp\/v2\/pages\/228895\/revisions"}],"predecessor-version":[{"id":230827,"href":"https:\/\/abc-office.eu\/da\/wp-json\/wp\/v2\/pages\/228895\/revisions\/230827"}],"wp:featuredmedia":[{"embeddable":true,"href":"https:\/\/abc-office.eu\/da\/wp-json\/wp\/v2\/media\/228896"}],"wp:attachment":[{"href":"https:\/\/abc-office.eu\/da\/wp-json\/wp\/v2\/media?parent=228895"}],"curies":[{"name":"wp","href":"https:\/\/api.w.org\/{rel}","templated":true}]}}