{"id":228873,"date":"2017-02-16T09:13:19","date_gmt":"2017-02-16T08:13:19","guid":{"rendered":"https:\/\/abc-office.eu\/?page_id=228873"},"modified":"2025-10-23T13:54:36","modified_gmt":"2025-10-23T11:54:36","slug":"hjem","status":"publish","type":"page","link":"https:\/\/abc-office.eu\/da\/","title":{"rendered":"Hjem"},"content":{"rendered":"<h2><strong data-start=\"99\" data-end=\"118\">ABC Translation<\/strong><\/h2>\n<p style=\"text-align: justify;\">ABC Translation specialiserer sig i flere omr\u00e5der s\u00e5som overs\u00e6ttelse, fast ejendom, legaliseringer, jura og relokation. Med et team p\u00e5 over 500 medarbejdere p\u00e5 verdensplan viser ABC Translation vejen frem inden for disse specialiseringer og kan handle meget hurtigt takket v\u00e6re sit omfattende team af kvalificerede professionelle. Virksomheden repr\u00e6senterer 55 forskellige nationaliteter og har partnere i mere end 85 lande. ABC Translation har draget fordel af globaliseringen og tiltr\u00e6kker en stadigt mere kr\u00e6vende kundekreds.<\/p>\n<h3 data-start=\"627\" data-end=\"653\"><strong data-start=\"627\" data-end=\"653\">ABC Translation i tal:<\/strong><\/h3>\n<ul>\n<li>500 medarbejdere p\u00e5 verdensplan<\/li>\n<li>60 talte sprog<\/li>\n<li>4.000 projekter om \u00e5ret<\/li>\n<li>Over 10 \u00e5rs erfaring<\/li>\n<li>Mere end 1.000 faste erhvervskunder<\/li>\n<li>Over 2.000 private kunder hvert \u00e5r<\/li>\n<\/ul>\n<p style=\"text-align: justify;\">Vi samarbejder med flere notar\u00adkontorer for at kunne legalisere de forskellige dokumenter s\u00e5 hurtigt som muligt. I forbindelse med dokumenter, der skal bruges i udlandet, arbejder vi med ambassader, konsulater og kansleriet. Denne fusion mellem de forskellige enheder betyder, at vi hurtigt kan reagere, n\u00e5r det g\u00e6lder om at overs\u00e6tte og legalisere dine dokumenter p\u00e5 rekordtid. Derudover s\u00f8rger vores milj\u00f8venlige cykelbude for levering af dokumenter til de forskellige kontorer. Vi anvender derefter de europ\u00e6iske posttjenester og DHL til den endelige forsendelse i Europa og over hele verden.<\/p>\n<p style=\"text-align: justify;\">Vores fokus p\u00e5 kvalitet og hurtig service har gennem \u00e5rene gjort en markant forskel. Hurtig reaktion er n\u00f8glen til succes. Vores infrastruktur er blevet udviklet, s\u00e5 vi kan reagere hurtigere p\u00e5 kundernes behov. Det er hurtigst at kontakte os via telefon eller e-mail. Men du kan ogs\u00e5 bruge kontaktformularen til h\u00f8jre p\u00e5 denne side, is\u00e6r hvis du har behov for at medsende dokumenter. Vi svarer normalt med et tilbud mellem 10 og 20 minutter efter modtagelse af filerne. Tilbuddet indeholder den samlede pris og tidsrammen for projektet.<\/p>\n<p style=\"text-align: justify;\">Hele teamet st\u00e5r klar til at hj\u00e6lpe, og vi ser frem til at samarbejde med dig.<\/p>\n<p data-start=\"1959\" data-end=\"2047\"><img loading=\"lazy\" decoding=\"async\" class=\"wp-image-298 aligncenter\" src=\"https:\/\/abc-office.ch\/wp-content\/uploads\/2020\/03\/bim91-1024x682.jpg\" alt=\"ABC Translation\" width=\"602\" height=\"401\" \/><\/p>\n","protected":false},"excerpt":{"rendered":"<p>ABC Translation ABC Translation specialiserer sig i flere omr\u00e5der s\u00e5som overs\u00e6ttelse, fast ejendom, legaliseringer, jura og relokation. Med et team p\u00e5 over 500 medarbejdere p\u00e5 verdensplan viser ABC Translation vejen frem inden for disse specialiseringer og kan handle meget hurtigt takket v\u00e6re sit omfattende team af kvalificerede professionelle. Virksomheden repr\u00e6senterer 55 forskellige nationaliteter og har&#8230;<\/p>\n","protected":false},"author":1,"featured_media":228874,"parent":0,"menu_order":0,"comment_status":"closed","ping_status":"closed","template":"","meta":{"sfsi_plus_gutenberg_text_before_share":"","sfsi_plus_gutenberg_show_text_before_share":"","sfsi_plus_gutenberg_icon_type":"","sfsi_plus_gutenberg_icon_alignemt":"","sfsi_plus_gutenburg_max_per_row":"","footnotes":""},"class_list":["post-228873","page","type-page","status-publish","has-post-thumbnail","hentry"],"yoast_head":"<!-- This site is optimized with the Yoast SEO plugin v23.8 - https:\/\/yoast.com\/wordpress\/plugins\/seo\/ -->\n<title>ABC Translation l Overs\u00e6ttelse l Legalisering l Fast ejendom<\/title>\n<meta name=\"description\" content=\"ABC Translation l Legalisering l Fast ejendom l Udl\u00e6nding l Tolkning l Notar l Advokatfirma l Personrelokation l Virksomhed\" \/>\n<meta name=\"robots\" content=\"index, follow, max-snippet:-1, max-image-preview:large, max-video-preview:-1\" \/>\n<link rel=\"canonical\" href=\"https:\/\/abc-office.eu\/da\/\" \/>\n<meta property=\"og:locale\" content=\"da_DK\" \/>\n<meta property=\"og:type\" content=\"article\" \/>\n<meta property=\"og:title\" content=\"ABC Translation l Overs\u00e6ttelse l Legalisering l Fast ejendom\" \/>\n<meta property=\"og:description\" content=\"ABC Translation l Legalisering l Fast ejendom l Udl\u00e6nding l Tolkning l Notar l Advokatfirma l Personrelokation l Virksomhed\" \/>\n<meta property=\"og:url\" content=\"https:\/\/abc-office.eu\/da\/\" \/>\n<meta property=\"og:site_name\" content=\"ABC Translation\" \/>\n<meta property=\"article:modified_time\" content=\"2025-10-23T11:54:36+00:00\" \/>\n<meta property=\"og:image\" content=\"https:\/\/abc-office.eu\/wp-content\/uploads\/2025\/10\/6190976a-768x433-8.jpg\" \/>\n\t<meta property=\"og:image:width\" content=\"768\" \/>\n\t<meta property=\"og:image:height\" content=\"433\" \/>\n\t<meta property=\"og:image:type\" content=\"image\/jpeg\" \/>\n<meta name=\"twitter:card\" content=\"summary_large_image\" \/>\n<meta name=\"twitter:label1\" content=\"Estimeret l\u00e6setid\" \/>\n\t<meta name=\"twitter:data1\" content=\"2 minutter\" \/>\n<script type=\"application\/ld+json\" class=\"yoast-schema-graph\">{\"@context\":\"https:\/\/schema.org\",\"@graph\":[{\"@type\":\"WebPage\",\"@id\":\"https:\/\/abc-office.eu\/da\/\",\"url\":\"https:\/\/abc-office.eu\/da\/\",\"name\":\"ABC Translation l Overs\u00e6ttelse l Legalisering l Fast ejendom\",\"isPartOf\":{\"@id\":\"https:\/\/abc-office.eu\/da\/#website\"},\"primaryImageOfPage\":{\"@id\":\"https:\/\/abc-office.eu\/da\/#primaryimage\"},\"image\":{\"@id\":\"https:\/\/abc-office.eu\/da\/#primaryimage\"},\"thumbnailUrl\":\"https:\/\/abc-office.eu\/wp-content\/uploads\/2025\/10\/6190976a-768x433-8.jpg\",\"datePublished\":\"2017-02-16T08:13:19+00:00\",\"dateModified\":\"2025-10-23T11:54:36+00:00\",\"description\":\"ABC Translation l Legalisering l Fast ejendom l Udl\u00e6nding l Tolkning l Notar l Advokatfirma l Personrelokation l Virksomhed\",\"breadcrumb\":{\"@id\":\"https:\/\/abc-office.eu\/da\/#breadcrumb\"},\"inLanguage\":\"da-DK\",\"potentialAction\":[{\"@type\":\"ReadAction\",\"target\":[\"https:\/\/abc-office.eu\/da\/\"]}]},{\"@type\":\"ImageObject\",\"inLanguage\":\"da-DK\",\"@id\":\"https:\/\/abc-office.eu\/da\/#primaryimage\",\"url\":\"https:\/\/abc-office.eu\/wp-content\/uploads\/2025\/10\/6190976a-768x433-8.jpg\",\"contentUrl\":\"https:\/\/abc-office.eu\/wp-content\/uploads\/2025\/10\/6190976a-768x433-8.jpg\",\"width\":768,\"height\":433},{\"@type\":\"BreadcrumbList\",\"@id\":\"https:\/\/abc-office.eu\/da\/#breadcrumb\",\"itemListElement\":[{\"@type\":\"ListItem\",\"position\":1,\"name\":\"Accueil\",\"item\":\"https:\/\/abc-office.eu\/da\/\"},{\"@type\":\"ListItem\",\"position\":2,\"name\":\"Hjem\"}]},{\"@type\":\"WebSite\",\"@id\":\"https:\/\/abc-office.eu\/da\/#website\",\"url\":\"https:\/\/abc-office.eu\/da\/\",\"name\":\"ABC Translation\",\"description\":\"info@abc-office.eu\",\"potentialAction\":[{\"@type\":\"SearchAction\",\"target\":{\"@type\":\"EntryPoint\",\"urlTemplate\":\"https:\/\/abc-office.eu\/da\/?s={search_term_string}\"},\"query-input\":{\"@type\":\"PropertyValueSpecification\",\"valueRequired\":true,\"valueName\":\"search_term_string\"}}],\"inLanguage\":\"da-DK\"}]}<\/script>\n<!-- \/ Yoast SEO plugin. -->","yoast_head_json":{"title":"ABC Translation l Overs\u00e6ttelse l Legalisering l Fast ejendom","description":"ABC Translation l Legalisering l Fast ejendom l Udl\u00e6nding l Tolkning l Notar l Advokatfirma l Personrelokation l Virksomhed","robots":{"index":"index","follow":"follow","max-snippet":"max-snippet:-1","max-image-preview":"max-image-preview:large","max-video-preview":"max-video-preview:-1"},"canonical":"https:\/\/abc-office.eu\/da\/","og_locale":"da_DK","og_type":"article","og_title":"ABC Translation l Overs\u00e6ttelse l Legalisering l Fast ejendom","og_description":"ABC Translation l Legalisering l Fast ejendom l Udl\u00e6nding l Tolkning l Notar l Advokatfirma l Personrelokation l Virksomhed","og_url":"https:\/\/abc-office.eu\/da\/","og_site_name":"ABC Translation","article_modified_time":"2025-10-23T11:54:36+00:00","og_image":[{"width":768,"height":433,"url":"https:\/\/abc-office.eu\/wp-content\/uploads\/2025\/10\/6190976a-768x433-8.jpg","type":"image\/jpeg"}],"twitter_card":"summary_large_image","twitter_misc":{"Estimeret l\u00e6setid":"2 minutter"},"schema":{"@context":"https:\/\/schema.org","@graph":[{"@type":"WebPage","@id":"https:\/\/abc-office.eu\/da\/","url":"https:\/\/abc-office.eu\/da\/","name":"ABC Translation l Overs\u00e6ttelse l Legalisering l Fast ejendom","isPartOf":{"@id":"https:\/\/abc-office.eu\/da\/#website"},"primaryImageOfPage":{"@id":"https:\/\/abc-office.eu\/da\/#primaryimage"},"image":{"@id":"https:\/\/abc-office.eu\/da\/#primaryimage"},"thumbnailUrl":"https:\/\/abc-office.eu\/wp-content\/uploads\/2025\/10\/6190976a-768x433-8.jpg","datePublished":"2017-02-16T08:13:19+00:00","dateModified":"2025-10-23T11:54:36+00:00","description":"ABC Translation l Legalisering l Fast ejendom l Udl\u00e6nding l Tolkning l Notar l Advokatfirma l Personrelokation l Virksomhed","breadcrumb":{"@id":"https:\/\/abc-office.eu\/da\/#breadcrumb"},"inLanguage":"da-DK","potentialAction":[{"@type":"ReadAction","target":["https:\/\/abc-office.eu\/da\/"]}]},{"@type":"ImageObject","inLanguage":"da-DK","@id":"https:\/\/abc-office.eu\/da\/#primaryimage","url":"https:\/\/abc-office.eu\/wp-content\/uploads\/2025\/10\/6190976a-768x433-8.jpg","contentUrl":"https:\/\/abc-office.eu\/wp-content\/uploads\/2025\/10\/6190976a-768x433-8.jpg","width":768,"height":433},{"@type":"BreadcrumbList","@id":"https:\/\/abc-office.eu\/da\/#breadcrumb","itemListElement":[{"@type":"ListItem","position":1,"name":"Accueil","item":"https:\/\/abc-office.eu\/da\/"},{"@type":"ListItem","position":2,"name":"Hjem"}]},{"@type":"WebSite","@id":"https:\/\/abc-office.eu\/da\/#website","url":"https:\/\/abc-office.eu\/da\/","name":"ABC Translation","description":"info@abc-office.eu","potentialAction":[{"@type":"SearchAction","target":{"@type":"EntryPoint","urlTemplate":"https:\/\/abc-office.eu\/da\/?s={search_term_string}"},"query-input":{"@type":"PropertyValueSpecification","valueRequired":true,"valueName":"search_term_string"}}],"inLanguage":"da-DK"}]}},"_links":{"self":[{"href":"https:\/\/abc-office.eu\/da\/wp-json\/wp\/v2\/pages\/228873","targetHints":{"allow":["GET"]}}],"collection":[{"href":"https:\/\/abc-office.eu\/da\/wp-json\/wp\/v2\/pages"}],"about":[{"href":"https:\/\/abc-office.eu\/da\/wp-json\/wp\/v2\/types\/page"}],"author":[{"embeddable":true,"href":"https:\/\/abc-office.eu\/da\/wp-json\/wp\/v2\/users\/1"}],"replies":[{"embeddable":true,"href":"https:\/\/abc-office.eu\/da\/wp-json\/wp\/v2\/comments?post=228873"}],"version-history":[{"count":3,"href":"https:\/\/abc-office.eu\/da\/wp-json\/wp\/v2\/pages\/228873\/revisions"}],"predecessor-version":[{"id":230837,"href":"https:\/\/abc-office.eu\/da\/wp-json\/wp\/v2\/pages\/228873\/revisions\/230837"}],"wp:featuredmedia":[{"embeddable":true,"href":"https:\/\/abc-office.eu\/da\/wp-json\/wp\/v2\/media\/228874"}],"wp:attachment":[{"href":"https:\/\/abc-office.eu\/da\/wp-json\/wp\/v2\/media?parent=228873"}],"curies":[{"name":"wp","href":"https:\/\/api.w.org\/{rel}","templated":true}]}}