{"id":227476,"date":"2024-09-03T14:22:26","date_gmt":"2024-09-03T12:22:26","guid":{"rendered":"https:\/\/abc-office.eu\/?page_id=227476"},"modified":"2025-10-28T13:12:48","modified_gmt":"2025-10-28T12:12:48","slug":"uredni-preklad-praha","status":"publish","type":"page","link":"https:\/\/abc-office.eu\/cs\/ceska-republika\/soudni-preklad-ceska-republika\/uredni-preklad-praha\/","title":{"rendered":"\u00da\u0159edn\u00ed p\u0159eklad Praha"},"content":{"rendered":"<h2 data-start=\"88\" data-end=\"112\"><strong data-start=\"88\" data-end=\"112\">\u00da\u0159edn\u00ed p\u0159eklad Praha<\/strong><\/h2>\n<p style=\"text-align: justify;\" data-start=\"114\" data-end=\"441\">Na\u0161e p\u0159ekladatelsk\u00e1 agentura se specializuje na \u00fa\u0159edn\u00ed a soudn\u00ed p\u0159eklady ve v\u00edce ne\u017e 80 jazyc\u00edch. N\u00e1\u0161 t\u00fdm se s\u00eddlem v Praze dok\u00e1\u017ee va\u0161i \u017e\u00e1dost rychle zpracovat. Pot\u0159ebujeme pouze obdr\u017eet kopii dokument\u016f, kter\u00e9 je t\u0159eba p\u0159elo\u017eit (akceptujeme v\u0161echny form\u00e1ty). Origin\u00e1ln\u00ed dokumenty ji\u017e nejsou vy\u017eadov\u00e1ny (\u00fa\u0159edn\u00ed p\u0159eklad Praha).<\/p>\n<ol>\n<li style=\"text-align: justify;\">Vyu\u017eijte na\u0161i e-mailovou adresu (<a href=\"mailto:info@abc-office.eu\">info@abc-office.eu<\/a>), kontaktn\u00ed formul\u00e1\u0159 nebo tak\u00e9 n\u00e1\u0161 odkaz na WhatsApp.<\/li>\n<li style=\"text-align: justify;\">Uve\u010fte jazyk, do kter\u00e9ho chcete p\u0159eklad obdr\u017eet, a zda pot\u0159ebujete, aby byl p\u0159eklad ov\u011b\u0159en not\u00e1\u0159em a\/nebo opat\u0159en apostilou a zda vy\u017eadujete legalizaci prost\u0159ednictv\u00edm ambas\u00e1dy \u010di konzul\u00e1tu.<\/li>\n<li style=\"text-align: justify;\">Jeden z na\u0161ich projektov\u00fdch mana\u017eer\u016f v\u00e1m pak rychle poskytne cenovou nab\u00eddku s uveden\u00edm ceny a term\u00ednu dokon\u010den\u00ed projektu. Obvykle odpov\u00edd\u00e1me do 30 minut. Pokud byste v\u0161ak neobdr\u017eeli odpov\u011b\u010f d\u00e9le ne\u017e hodinu, pros\u00edm zavolejte n\u00e1m.<\/li>\n<li style=\"text-align: justify;\">Jakmile je nab\u00eddka p\u0159ijata, zah\u00e1j\u00edme proces p\u0159ekladu a za\u0161leme v\u00e1m \u00fa\u0159edn\u00ed p\u0159eklady po\u0161tou. Pokud pot\u0159ebujete tak\u00e9 kopii p\u0159ekladu e-mailem, sd\u011blte to pros\u00edm projektov\u00e9mu mana\u017eerovi a my v\u00e1m ji za\u0161leme e-mailem je\u0161t\u011b p\u0159ed odesl\u00e1n\u00edm origin\u00e1lu.<\/li>\n<\/ol>\n<p style=\"text-align: justify;\" data-start=\"1305\" data-end=\"1558\">Pokud jde o lh\u016fty, \u00fa\u0159edn\u00ed p\u0159eklady zas\u00edl\u00e1me po\u0161tou nebo prost\u0159ednictv\u00edm DHL a\/nebo e-mailem do 2\u20133 pracovn\u00edch dn\u016f. To ov\u0161em z\u00e1vis\u00ed tak\u00e9 na rozsahu a obt\u00ed\u017enosti dokument\u016f. Nap\u0159\u00edklad jednostr\u00e1nkov\u00fd dokument byste m\u011bli obdr\u017eet po\u0161tou do 2 pracovn\u00edch dn\u016f.<\/p>\n<h3><strong>Na\u0161e hlavn\u00ed jazyky:<\/strong><\/h3>\n<p style=\"text-align: justify;\" data-start=\"1605\" data-end=\"2659\">Afrik\u00e1n\u0161tina | Alb\u00e1n\u0161tina | N\u011bm\u010dina | Americk\u00e1 angli\u010dtina | Amhar\u0161tina | Angli\u010dtina | Arab\u0161tina | Arm\u00e9n\u0161tina | Ajmara | \u00c1zerb\u00e1jd\u017e\u00e1n\u0161tina | Baski\u010dtina | Beng\u00e1l\u0161tina | B\u011bloru\u0161tina | Barm\u0161tina | Bosen\u0161tina | Brazilsk\u00e1 portugal\u0161tina | Bulhar\u0161tina | Kantonsk\u00e1 \u010d\u00edn\u0161tina | Katal\u00e1n\u0161tina | Sinh\u00e1l\u0161tina | \u010c\u00edn\u0161tina | Zjednodu\u0161en\u00e1 \u010d\u00edn\u0161tina | Tradi\u010dn\u00ed \u010d\u00edn\u0161tina | Korej\u0161tina | Chorvat\u0161tina | D\u00e1n\u0161tina | Dar\u00ed | \u0160pan\u011bl\u0161tina | Eston\u0161tina | Ewe | F\u00e1rs\u00ed | Fin\u0161tina | Gruz\u00edn\u0161tina | \u0158e\u010dtina | Guaran\u00ed | Hebrej\u0161tina | Hind\u0161tina | Ma\u010far\u0161tina | Indon\u00e9\u0161tina | Ital\u0161tina | Japon\u0161tina | Kaza\u0161tina | Khmer\u0161tina | Kyrgyz\u0161tina | Kurd\u0161tina | Lao\u0161tina | Loty\u0161tina | Lingala | Litev\u0161tina | Makedon\u0161tina | Malaj\u0161tina | Malayalam | Mandar\u00edn\u0161tina | Moldav\u0161tina | Mongol\u0161tina | \u010cernohor\u0161tina | Nizozem\u0161tina | Nor\u0161tina | Urdu | Uzbek\u0161tina | Pa\u0161t\u0161tina | Pa\u0148d\u017e\u00e1b\u0161tina | Per\u0161tina | Fula | Pol\u0161tina | Portugal\u0161tina | Ke\u010du\u00e1n\u0161tina | Rumun\u0161tina | Ru\u0161tina | Srb\u0161tina | Sloven\u0161tina | Slovin\u0161tina | \u0160v\u00e9d\u0161tina | Tamil\u0161tina | \u010ce\u0161tina | Thaj\u0161tina | Ture\u010dtina | Turkmen\u0161tina | Ukrajin\u0161tina | Vietnam\u0161tina<\/p>\n<h3><strong>Demonstrativn\u00ed v\u00fd\u010det dokument\u016f:<\/strong><\/h3>\n<p style=\"text-align: justify;\">Rodn\u00fd list | Oddac\u00ed list | V\u00fdpis z matriky | Osv\u011bd\u010den\u00ed | Patent | V\u00fdpis z rejst\u0159\u00edku trest\u016f | Certifik\u00e1t | Vysv\u011bd\u010den\u00ed o pr\u00e1vn\u00ed zp\u016fsobilosti k uzav\u0159en\u00ed man\u017eelstv\u00ed | \u00damrtn\u00ed list | Potvrzen\u00ed o zam\u011bstn\u00e1n\u00ed | Da\u0148ov\u00e9 p\u0159izn\u00e1n\u00ed | Diplom | Cestovn\u00ed pas | \u0158idi\u010dsk\u00fd pr\u016fkaz | Z\u00e1v\u011b\u0165 | V\u00edzum | Smlouva | N\u00e1vrh na rozvod | Man\u017eelsk\u00e1 smlouva | Rozsudek | \u0158\u00edzen\u00ed | Pln\u00e1 moc | Protokol<\/p>\n<h3 data-start=\"3060\" data-end=\"3119\"><strong data-start=\"3060\" data-end=\"3117\">B\u011b\u017en\u00e9 typy ov\u011b\u0159en\u00ed\/legalizace (\u00fa\u0159edn\u00ed p\u0159eklad Praha):<\/strong><\/h3>\n<ul>\n<li data-start=\"3122\" data-end=\"3187\"><strong>Soudn\u00ed p\u0159eklad:<\/strong> poskytneme p\u0159eklad s na\u0161\u00edm raz\u00edtkem a podpisem.<\/li>\n<li data-start=\"3131\" data-end=\"3495\"><strong data-start=\"133\" data-end=\"152\">Soudn\u00ed p\u0159eklad:<\/strong> V \u010cesk\u00e9 republice mohou soudn\u00ed (\u00fa\u0159edn\u00ed) p\u0159eklady vyhotovovat pouze soudem jmenovan\u00ed p\u0159ekladatel\u00e9 se zvl\u00e1\u0161tn\u00edm raz\u00edtkem a podpisem. Na\u0161e agentura zaji\u0161\u0165uje tyto p\u0159eklady ve v\u00edce ne\u017e 80 jazyc\u00edch, p\u0159i\u010dem\u017e k p\u0159ekladu v\u017edy p\u0159ipojujeme ov\u011b\u0159enou kopii origin\u00e1lu a kompletn\u00ed dolo\u017eku p\u0159ekladatele, tak\u017ee jsou pln\u011b uzn\u00e1v\u00e1ny v\u0161emi \u00fa\u0159ady a institucemi v \u010cR i v zahrani\u010d\u00ed.<\/li>\n<li data-start=\"3131\" data-end=\"3495\"><strong>Legalizovan\u00fd p\u0159eklad:<\/strong> not\u00e1\u0159 ov\u011b\u0159\u00ed podpis p\u0159ekladatele na p\u0159ekladu.<\/li>\n<li data-start=\"3131\" data-end=\"3495\"><strong>P\u0159eklad s apostilou:<\/strong> apostilu vyd\u00e1v\u00e1 ur\u010den\u00fd st\u00e1tn\u00ed org\u00e1n, nap\u0159\u00edklad Ministerstvo zahrani\u010dn\u00edch v\u011bc\u00ed, Ministerstvo spravedlnosti nebo Not\u00e1\u0159sk\u00e1 komora \u010cR.<\/li>\n<li data-start=\"3131\" data-end=\"3495\"><strong>P\u0159eklad legalizovan\u00fd ambas\u00e1dou nebo konzul\u00e1tem:<\/strong> ambas\u00e1da nebo konzul\u00e1t ov\u011b\u0159\u00ed p\u0159eklad pro pou\u017eit\u00ed v zahrani\u010d\u00ed.<\/li>\n<\/ul>\n<p style=\"text-align: justify;\">D\u00edky spr\u00e1vn\u00e9mu ov\u011b\u0159en\u00ed budou p\u0159eklady p\u0159ijaty v \u010cesk\u00e9 republice i v zahrani\u010d\u00ed. Pokud m\u00e1te jakoukoli ot\u00e1zku ohledn\u011b typu ov\u011b\u0159en\u00ed, kter\u00e9 pot\u0159ebujete pro sv\u00e9 dokumenty, nev\u00e1hejte kontaktovat n\u00e1\u0161 t\u00fdm. Provedeme v\u00e1s cel\u00fdm postupem (\u00fa\u0159edn\u00ed p\u0159eklad Praha).<\/p>\n<p style=\"text-align: justify;\" data-start=\"3578\" data-end=\"3611\">T\u011b\u0161\u00edme se na spolupr\u00e1ci s v\u00e1mi.<\/p>\n<p style=\"text-align: justify;\" data-start=\"3613\" data-end=\"3638\"><a href=\"https:\/\/abc-office.eu\/cs\/\"><strong data-start=\"3613\" data-end=\"3636\">ABC Translation LLC<\/strong><\/a><\/p>\n<p data-start=\"3613\" data-end=\"3638\"><img loading=\"lazy\" decoding=\"async\" class=\"aligncenter wp-image-271\" src=\"https:\/\/abc-office.ch\/wp-content\/uploads\/2018\/06\/imageedit_1_6241191614.gif\" alt=\"\u00da\u0159edn\u00ed p\u0159eklad Praha\" width=\"437\" height=\"437\" \/><\/p>\n","protected":false},"excerpt":{"rendered":"<p>\u00da\u0159edn\u00ed p\u0159eklad Praha Na\u0161e p\u0159ekladatelsk\u00e1 agentura se specializuje na \u00fa\u0159edn\u00ed a soudn\u00ed p\u0159eklady ve v\u00edce ne\u017e 80 jazyc\u00edch. N\u00e1\u0161 t\u00fdm se s\u00eddlem v Praze dok\u00e1\u017ee va\u0161i \u017e\u00e1dost rychle zpracovat. Pot\u0159ebujeme pouze obdr\u017eet kopii dokument\u016f, kter\u00e9 je t\u0159eba p\u0159elo\u017eit (akceptujeme v\u0161echny form\u00e1ty). Origin\u00e1ln\u00ed dokumenty ji\u017e nejsou vy\u017eadov\u00e1ny (\u00fa\u0159edn\u00ed p\u0159eklad Praha). Vyu\u017eijte na\u0161i e-mailovou adresu (info@abc-office.eu), kontaktn\u00ed&#8230;<\/p>\n","protected":false},"author":1,"featured_media":227477,"parent":227458,"menu_order":0,"comment_status":"closed","ping_status":"closed","template":"","meta":{"sfsi_plus_gutenberg_text_before_share":"","sfsi_plus_gutenberg_show_text_before_share":"","sfsi_plus_gutenberg_icon_type":"","sfsi_plus_gutenberg_icon_alignemt":"","sfsi_plus_gutenburg_max_per_row":"","footnotes":""},"class_list":["post-227476","page","type-page","status-publish","has-post-thumbnail","hentry"],"yoast_head":"<!-- This site is optimized with the Yoast SEO plugin v23.8 - https:\/\/yoast.com\/wordpress\/plugins\/seo\/ -->\n<title>\u00da\u0159edn\u00ed p\u0159eklad Praha | Soudn\u00ed p\u0159ekladatel Praha | Ofici\u00e1ln\u00ed<\/title>\n<meta name=\"description\" content=\"ABC Translation | \u00da\u0159edn\u00ed p\u0159eklad Praha | Soudn\u00ed p\u0159ekladatel Praha | Ofici\u00e1ln\u00ed p\u0159eklad Praha | \u00da\u0159edn\u00ed p\u0159ekladatel Praha\" \/>\n<meta name=\"robots\" content=\"index, follow, max-snippet:-1, max-image-preview:large, max-video-preview:-1\" \/>\n<link rel=\"canonical\" href=\"https:\/\/abc-office.eu\/cs\/ceska-republika\/soudni-preklad-ceska-republika\/uredni-preklad-praha\/\" \/>\n<meta property=\"og:locale\" content=\"cs_CZ\" \/>\n<meta property=\"og:type\" content=\"article\" \/>\n<meta property=\"og:title\" content=\"\u00da\u0159edn\u00ed p\u0159eklad Praha | Soudn\u00ed p\u0159ekladatel Praha | Ofici\u00e1ln\u00ed\" \/>\n<meta property=\"og:description\" content=\"ABC Translation | \u00da\u0159edn\u00ed p\u0159eklad Praha | Soudn\u00ed p\u0159ekladatel Praha | Ofici\u00e1ln\u00ed p\u0159eklad Praha | \u00da\u0159edn\u00ed p\u0159ekladatel Praha\" \/>\n<meta property=\"og:url\" content=\"https:\/\/abc-office.eu\/cs\/ceska-republika\/soudni-preklad-ceska-republika\/uredni-preklad-praha\/\" \/>\n<meta property=\"og:site_name\" content=\"ABC Translation\" \/>\n<meta property=\"article:modified_time\" content=\"2025-10-28T12:12:48+00:00\" \/>\n<meta property=\"og:image\" content=\"https:\/\/abc-office.eu\/wp-content\/uploads\/2025\/10\/Prague-768x512-1.jpg\" \/>\n\t<meta property=\"og:image:width\" content=\"768\" \/>\n\t<meta property=\"og:image:height\" content=\"512\" \/>\n\t<meta property=\"og:image:type\" content=\"image\/jpeg\" \/>\n<meta name=\"twitter:card\" content=\"summary_large_image\" \/>\n<meta name=\"twitter:label1\" content=\"Odhadovan\u00e1 doba \u010dten\u00ed\" \/>\n\t<meta name=\"twitter:data1\" content=\"3 minuty\" \/>\n<script type=\"application\/ld+json\" class=\"yoast-schema-graph\">{\"@context\":\"https:\/\/schema.org\",\"@graph\":[{\"@type\":\"WebPage\",\"@id\":\"https:\/\/abc-office.eu\/cs\/ceska-republika\/soudni-preklad-ceska-republika\/uredni-preklad-praha\/\",\"url\":\"https:\/\/abc-office.eu\/cs\/ceska-republika\/soudni-preklad-ceska-republika\/uredni-preklad-praha\/\",\"name\":\"\u00da\u0159edn\u00ed p\u0159eklad Praha | Soudn\u00ed p\u0159ekladatel Praha | Ofici\u00e1ln\u00ed\",\"isPartOf\":{\"@id\":\"https:\/\/abc-office.eu\/cs\/#website\"},\"primaryImageOfPage\":{\"@id\":\"https:\/\/abc-office.eu\/cs\/ceska-republika\/soudni-preklad-ceska-republika\/uredni-preklad-praha\/#primaryimage\"},\"image\":{\"@id\":\"https:\/\/abc-office.eu\/cs\/ceska-republika\/soudni-preklad-ceska-republika\/uredni-preklad-praha\/#primaryimage\"},\"thumbnailUrl\":\"https:\/\/abc-office.eu\/wp-content\/uploads\/2025\/10\/Prague-768x512-1.jpg\",\"datePublished\":\"2024-09-03T12:22:26+00:00\",\"dateModified\":\"2025-10-28T12:12:48+00:00\",\"description\":\"ABC Translation | \u00da\u0159edn\u00ed p\u0159eklad Praha | Soudn\u00ed p\u0159ekladatel Praha | Ofici\u00e1ln\u00ed p\u0159eklad Praha | \u00da\u0159edn\u00ed p\u0159ekladatel Praha\",\"breadcrumb\":{\"@id\":\"https:\/\/abc-office.eu\/cs\/ceska-republika\/soudni-preklad-ceska-republika\/uredni-preklad-praha\/#breadcrumb\"},\"inLanguage\":\"cs\",\"potentialAction\":[{\"@type\":\"ReadAction\",\"target\":[\"https:\/\/abc-office.eu\/cs\/ceska-republika\/soudni-preklad-ceska-republika\/uredni-preklad-praha\/\"]}]},{\"@type\":\"ImageObject\",\"inLanguage\":\"cs\",\"@id\":\"https:\/\/abc-office.eu\/cs\/ceska-republika\/soudni-preklad-ceska-republika\/uredni-preklad-praha\/#primaryimage\",\"url\":\"https:\/\/abc-office.eu\/wp-content\/uploads\/2025\/10\/Prague-768x512-1.jpg\",\"contentUrl\":\"https:\/\/abc-office.eu\/wp-content\/uploads\/2025\/10\/Prague-768x512-1.jpg\",\"width\":768,\"height\":512,\"caption\":\"Scenic summer aerial view of the Old Town pier architecture and Charles Bridge over Vltava river in Prague, Czech Republic\"},{\"@type\":\"BreadcrumbList\",\"@id\":\"https:\/\/abc-office.eu\/cs\/ceska-republika\/soudni-preklad-ceska-republika\/uredni-preklad-praha\/#breadcrumb\",\"itemListElement\":[{\"@type\":\"ListItem\",\"position\":1,\"name\":\"Accueil\",\"item\":\"https:\/\/abc-office.eu\/cs\/\"},{\"@type\":\"ListItem\",\"position\":2,\"name\":\"\u010cesk\u00e1 republika\",\"item\":\"https:\/\/abc-office.eu\/cs\/ceska-republika\/\"},{\"@type\":\"ListItem\",\"position\":3,\"name\":\"Soudn\u00ed p\u0159eklad \u010cesk\u00e1 republika\",\"item\":\"https:\/\/abc-office.eu\/cs\/ceska-republika\/soudni-preklad-ceska-republika\/\"},{\"@type\":\"ListItem\",\"position\":4,\"name\":\"\u00da\u0159edn\u00ed p\u0159eklad Praha\"}]},{\"@type\":\"WebSite\",\"@id\":\"https:\/\/abc-office.eu\/cs\/#website\",\"url\":\"https:\/\/abc-office.eu\/cs\/\",\"name\":\"ABC Translation\",\"description\":\"info@abc-office.eu\",\"potentialAction\":[{\"@type\":\"SearchAction\",\"target\":{\"@type\":\"EntryPoint\",\"urlTemplate\":\"https:\/\/abc-office.eu\/cs\/?s={search_term_string}\"},\"query-input\":{\"@type\":\"PropertyValueSpecification\",\"valueRequired\":true,\"valueName\":\"search_term_string\"}}],\"inLanguage\":\"cs\"}]}<\/script>\n<!-- \/ Yoast SEO plugin. -->","yoast_head_json":{"title":"\u00da\u0159edn\u00ed p\u0159eklad Praha | Soudn\u00ed p\u0159ekladatel Praha | Ofici\u00e1ln\u00ed","description":"ABC Translation | \u00da\u0159edn\u00ed p\u0159eklad Praha | Soudn\u00ed p\u0159ekladatel Praha | Ofici\u00e1ln\u00ed p\u0159eklad Praha | \u00da\u0159edn\u00ed p\u0159ekladatel Praha","robots":{"index":"index","follow":"follow","max-snippet":"max-snippet:-1","max-image-preview":"max-image-preview:large","max-video-preview":"max-video-preview:-1"},"canonical":"https:\/\/abc-office.eu\/cs\/ceska-republika\/soudni-preklad-ceska-republika\/uredni-preklad-praha\/","og_locale":"cs_CZ","og_type":"article","og_title":"\u00da\u0159edn\u00ed p\u0159eklad Praha | Soudn\u00ed p\u0159ekladatel Praha | Ofici\u00e1ln\u00ed","og_description":"ABC Translation | \u00da\u0159edn\u00ed p\u0159eklad Praha | Soudn\u00ed p\u0159ekladatel Praha | Ofici\u00e1ln\u00ed p\u0159eklad Praha | \u00da\u0159edn\u00ed p\u0159ekladatel Praha","og_url":"https:\/\/abc-office.eu\/cs\/ceska-republika\/soudni-preklad-ceska-republika\/uredni-preklad-praha\/","og_site_name":"ABC Translation","article_modified_time":"2025-10-28T12:12:48+00:00","og_image":[{"width":768,"height":512,"url":"https:\/\/abc-office.eu\/wp-content\/uploads\/2025\/10\/Prague-768x512-1.jpg","type":"image\/jpeg"}],"twitter_card":"summary_large_image","twitter_misc":{"Odhadovan\u00e1 doba \u010dten\u00ed":"3 minuty"},"schema":{"@context":"https:\/\/schema.org","@graph":[{"@type":"WebPage","@id":"https:\/\/abc-office.eu\/cs\/ceska-republika\/soudni-preklad-ceska-republika\/uredni-preklad-praha\/","url":"https:\/\/abc-office.eu\/cs\/ceska-republika\/soudni-preklad-ceska-republika\/uredni-preklad-praha\/","name":"\u00da\u0159edn\u00ed p\u0159eklad Praha | Soudn\u00ed p\u0159ekladatel Praha | Ofici\u00e1ln\u00ed","isPartOf":{"@id":"https:\/\/abc-office.eu\/cs\/#website"},"primaryImageOfPage":{"@id":"https:\/\/abc-office.eu\/cs\/ceska-republika\/soudni-preklad-ceska-republika\/uredni-preklad-praha\/#primaryimage"},"image":{"@id":"https:\/\/abc-office.eu\/cs\/ceska-republika\/soudni-preklad-ceska-republika\/uredni-preklad-praha\/#primaryimage"},"thumbnailUrl":"https:\/\/abc-office.eu\/wp-content\/uploads\/2025\/10\/Prague-768x512-1.jpg","datePublished":"2024-09-03T12:22:26+00:00","dateModified":"2025-10-28T12:12:48+00:00","description":"ABC Translation | \u00da\u0159edn\u00ed p\u0159eklad Praha | Soudn\u00ed p\u0159ekladatel Praha | Ofici\u00e1ln\u00ed p\u0159eklad Praha | \u00da\u0159edn\u00ed p\u0159ekladatel Praha","breadcrumb":{"@id":"https:\/\/abc-office.eu\/cs\/ceska-republika\/soudni-preklad-ceska-republika\/uredni-preklad-praha\/#breadcrumb"},"inLanguage":"cs","potentialAction":[{"@type":"ReadAction","target":["https:\/\/abc-office.eu\/cs\/ceska-republika\/soudni-preklad-ceska-republika\/uredni-preklad-praha\/"]}]},{"@type":"ImageObject","inLanguage":"cs","@id":"https:\/\/abc-office.eu\/cs\/ceska-republika\/soudni-preklad-ceska-republika\/uredni-preklad-praha\/#primaryimage","url":"https:\/\/abc-office.eu\/wp-content\/uploads\/2025\/10\/Prague-768x512-1.jpg","contentUrl":"https:\/\/abc-office.eu\/wp-content\/uploads\/2025\/10\/Prague-768x512-1.jpg","width":768,"height":512,"caption":"Scenic summer aerial view of the Old Town pier architecture and Charles Bridge over Vltava river in Prague, Czech Republic"},{"@type":"BreadcrumbList","@id":"https:\/\/abc-office.eu\/cs\/ceska-republika\/soudni-preklad-ceska-republika\/uredni-preklad-praha\/#breadcrumb","itemListElement":[{"@type":"ListItem","position":1,"name":"Accueil","item":"https:\/\/abc-office.eu\/cs\/"},{"@type":"ListItem","position":2,"name":"\u010cesk\u00e1 republika","item":"https:\/\/abc-office.eu\/cs\/ceska-republika\/"},{"@type":"ListItem","position":3,"name":"Soudn\u00ed p\u0159eklad \u010cesk\u00e1 republika","item":"https:\/\/abc-office.eu\/cs\/ceska-republika\/soudni-preklad-ceska-republika\/"},{"@type":"ListItem","position":4,"name":"\u00da\u0159edn\u00ed p\u0159eklad Praha"}]},{"@type":"WebSite","@id":"https:\/\/abc-office.eu\/cs\/#website","url":"https:\/\/abc-office.eu\/cs\/","name":"ABC Translation","description":"info@abc-office.eu","potentialAction":[{"@type":"SearchAction","target":{"@type":"EntryPoint","urlTemplate":"https:\/\/abc-office.eu\/cs\/?s={search_term_string}"},"query-input":{"@type":"PropertyValueSpecification","valueRequired":true,"valueName":"search_term_string"}}],"inLanguage":"cs"}]}},"_links":{"self":[{"href":"https:\/\/abc-office.eu\/cs\/wp-json\/wp\/v2\/pages\/227476","targetHints":{"allow":["GET"]}}],"collection":[{"href":"https:\/\/abc-office.eu\/cs\/wp-json\/wp\/v2\/pages"}],"about":[{"href":"https:\/\/abc-office.eu\/cs\/wp-json\/wp\/v2\/types\/page"}],"author":[{"embeddable":true,"href":"https:\/\/abc-office.eu\/cs\/wp-json\/wp\/v2\/users\/1"}],"replies":[{"embeddable":true,"href":"https:\/\/abc-office.eu\/cs\/wp-json\/wp\/v2\/comments?post=227476"}],"version-history":[{"count":3,"href":"https:\/\/abc-office.eu\/cs\/wp-json\/wp\/v2\/pages\/227476\/revisions"}],"predecessor-version":[{"id":232064,"href":"https:\/\/abc-office.eu\/cs\/wp-json\/wp\/v2\/pages\/227476\/revisions\/232064"}],"up":[{"embeddable":true,"href":"https:\/\/abc-office.eu\/cs\/wp-json\/wp\/v2\/pages\/227458"}],"wp:featuredmedia":[{"embeddable":true,"href":"https:\/\/abc-office.eu\/cs\/wp-json\/wp\/v2\/media\/227477"}],"wp:attachment":[{"href":"https:\/\/abc-office.eu\/cs\/wp-json\/wp\/v2\/media?parent=227476"}],"curies":[{"name":"wp","href":"https:\/\/api.w.org\/{rel}","templated":true}]}}