{"id":227458,"date":"2024-09-03T14:17:15","date_gmt":"2024-09-03T12:17:15","guid":{"rendered":"https:\/\/abc-office.eu\/?page_id=227458"},"modified":"2025-10-28T13:05:35","modified_gmt":"2025-10-28T12:05:35","slug":"soudni-preklad-ceska-republika","status":"publish","type":"page","link":"https:\/\/abc-office.eu\/cs\/ceska-republika\/soudni-preklad-ceska-republika\/","title":{"rendered":"Soudn\u00ed p\u0159eklad \u010cesk\u00e1 republika"},"content":{"rendered":"<h2 data-start=\"218\" data-end=\"261\"><strong data-start=\"218\" data-end=\"261\">Soudn\u00ed p\u0159eklad \u010cesk\u00e1 republika<\/strong><\/h2>\n<p style=\"text-align: justify;\">Na\u0161e agentura ABC Translation se ji\u017e mnoho let specializuje na oblast soudn\u00edch (\u00fa\u0159edn\u00edch) p\u0159eklad\u016f. Skute\u010dn\u011b v\u00e1m m\u016f\u017eeme poskytnout v\u0161echny slu\u017eby souvisej\u00edc\u00ed s touto oblast\u00ed, a\u0165 u\u017e jde o soudn\u00ed\/\u00fa\u0159edn\u00ed p\u0159eklad, jednoduch\u00fd p\u0159eklad nebo tlumo\u010den\u00ed (soudn\u00ed p\u0159eklad \u010cesk\u00e1 republika).<\/p>\n<p style=\"text-align: justify;\" data-start=\"552\" data-end=\"991\">S t\u00fdmem v\u00edce ne\u017e 500 p\u0159ekladatel\u016f a tlumo\u010dn\u00edk\u016f dok\u00e1\u017eeme zvl\u00e1dnout jak\u00fdkoli typ projektu ve velmi kr\u00e1tk\u00fdch lh\u016ft\u00e1ch. Kvalita a rychlost jsou na\u0161imi hlavn\u00edmi z\u00e1sadami pro v\u00fdsledky, kter\u00e9 v\u017edy odpov\u00eddaj\u00ed o\u010dek\u00e1v\u00e1n\u00edm na\u0161ich z\u00e1kazn\u00edk\u016f. P\u016fsob\u00edme na cel\u00e9m \u00fazem\u00ed \u010cesk\u00e9 republiky. D\u00edky t\u00e9to p\u0159\u00edtomnosti a na\u0161\u00ed flexibilit\u011b jsme se mohli rozv\u00edjet a nyn\u00ed nab\u00edz\u00edme p\u0159ekladatelsk\u00e9 slu\u017eby ve v\u00edce ne\u017e 60 r\u016fzn\u00fdch jazyc\u00edch (soudn\u00ed p\u0159eklad \u010cesk\u00e1 republika).<\/p>\n<h3 data-start=\"993\" data-end=\"1023\"><strong data-start=\"993\" data-end=\"1021\">Soudn\u00ed (\u00fa\u0159edn\u00ed) p\u0159eklad:<\/strong><\/h3>\n<p style=\"text-align: justify;\" data-start=\"1025\" data-end=\"1362\">Specializujeme se na soudn\u00ed (\u00fa\u0159edn\u00ed) p\u0159eklady, abychom v\u00e1m usnadnili situaci po p\u0159\u00edjezdu do \u010cesk\u00e9 republiky nebo p\u0159i cest\u011b do zahrani\u010d\u00ed. P\u0159eklady jsou obvykle ov\u011b\u0159eny not\u00e1\u0159em a n\u00e1sledn\u011b legalizov\u00e1ny na p\u0159\u00edslu\u0161n\u00e9m \u00fa\u0159ad\u011b (apostila) \u010di jinou formou legalizace podle platn\u00fdch \u00famluv. \u010casov\u00e9 po\u017eadavky na\u0161ich klient\u016f jsou \u010dasto velmi kr\u00e1tk\u00e9.<\/p>\n<p style=\"text-align: justify;\" data-start=\"1364\" data-end=\"1653\">Proto jsme zavedli syst\u00e9m, kter\u00fd umo\u017e\u0148uje p\u0159eklady, legalizace a apostilov\u00e1n\u00ed vy\u0159\u00eddit v rekordn\u011b kr\u00e1tk\u00e9m \u010dase. Nap\u0159\u00edklad pot\u0159ebujeme dva dny na proveden\u00ed v\u0161ech krok\u016f u dokumentu krat\u0161\u00edho ne\u017e 5 stran. Tyto p\u0159eklady pak mohou b\u00fdt v p\u0159\u00edpad\u011b pot\u0159eby d\u00e1le legalizov\u00e1ny konzul\u00e1tem c\u00edlov\u00e9 zem\u011b.<\/p>\n<p style=\"text-align: justify;\" data-start=\"1655\" data-end=\"1955\">Soudn\u00ed (\u00fa\u0159edn\u00ed) p\u0159eklady pro uzn\u00e1n\u00ed va\u0161ich zahrani\u010dn\u00edch diplom\u016f v \u010cesk\u00e9 republice jsou rovn\u011b\u017e sou\u010d\u00e1st\u00ed na\u0161\u00ed nab\u00eddky slu\u017eeb. Op\u011bt p\u0159elo\u017e\u00edme dokumenty a n\u00e1sledn\u011b je legalizujeme not\u00e1\u0159em, aby mohly b\u00fdt p\u0159ijaty p\u0159\u00edslu\u0161n\u00fdmi org\u00e1ny. V\u00e1\u0161 spis tak bude kompletn\u00ed pro anal\u00fdzu ze strany uzn\u00e1vac\u00edch instituc\u00ed.<\/p>\n<h3 data-start=\"1957\" data-end=\"1970\"><strong data-start=\"1957\" data-end=\"1968\">Jazyky:<\/strong><\/h3>\n<p style=\"text-align: justify;\" data-start=\"1972\" data-end=\"3019\">Afrik\u00e1n\u0161tina | Alb\u00e1n\u0161tina | N\u011bm\u010dina | Americk\u00e1 angli\u010dtina | Amhar\u0161tina | Angli\u010dtina | Arab\u0161tina | Arm\u00e9n\u0161tina | Aymara | \u00c1zerb\u00e1jd\u017e\u00e1n\u0161tina | Baski\u010dtina | Beng\u00e1l\u0161tina | B\u011bloru\u0161tina | Barm\u0161tina | Bosensk\u00fd | Brazilsk\u00e1 portugal\u0161tina | Bulhar\u0161tina | Kantonsk\u00e1 \u010d\u00edn\u0161tina | Katal\u00e1n\u0161tina | Sinh\u00e1l\u0161tina | \u010c\u00edn\u0161tina | Zjednodu\u0161en\u00e1 \u010d\u00edn\u0161tina | Tradi\u010dn\u00ed \u010d\u00edn\u0161tina | Korej\u0161tina | Chorvat\u0161tina | D\u00e1n\u0161tina | D\u00e1r\u00ed | \u0160pan\u011bl\u0161tina | Eston\u0161tina | Ewe | F\u00e1rs\u00ed | Fin\u0161tina | Gruz\u00edn\u0161tina | \u0158e\u010dtina | Guaran\u00ed | Hebrej\u0161tina | Hind\u0161tina | Ma\u010far\u0161tina | Indon\u00e9\u0161tina | Ital\u0161tina | Japon\u0161tina | Kaza\u0161tina | Khm\u00e9r\u0161tina | Kyrgyz\u0161tina | Kurd\u0161tina | Lao\u0161tina | Loty\u0161tina | Lingala | Litev\u0161tina | Makedon\u0161tina | Malaj\u0161tina | Malayalam | Mandar\u00edn\u0161tina | Moldav\u0161tina | Mongol\u0161tina | \u010cernohor\u0161tina | Nizozem\u0161tina | Nor\u0161tina | Urdu | Uzbe\u010dtina | Pa\u0161t\u00f3 | Pa\u0148d\u017e\u00e1b\u0161tina | Per\u0161tina | Fula | Pol\u0161tina | Portugal\u0161tina | Ke\u010du\u00e1n\u0161tina | Rumun\u0161tina | Ru\u0161tina | Srb\u0161tina | Sloven\u0161tina | Slovin\u0161tina | \u0160v\u00e9d\u0161tina | Tamil\u0161tina | \u010ce\u0161tina | Thaj\u0161tina | Ture\u010dtina | Turkmen\u0161tina | Ukrajin\u0161tina | Vietnam\u0161tina<\/p>\n<h3 data-start=\"3021\" data-end=\"3037\"><strong data-start=\"3021\" data-end=\"3035\">Dokumenty:<\/strong><\/h3>\n<p style=\"text-align: justify;\">Rodn\u00fd list | Oddac\u00ed list | V\u00fdpis z matriky | Osv\u011bd\u010den\u00ed | Patent | V\u00fdpis z rejst\u0159\u00edku trest\u016f | Certifik\u00e1t | Vysv\u011bd\u010den\u00ed o pr\u00e1vn\u00ed zp\u016fsobilosti k uzav\u0159en\u00ed man\u017eelstv\u00ed \u00a0| \u00damrtn\u00ed list | Potvrzen\u00ed o zam\u011bstn\u00e1n\u00ed | Da\u0148ov\u00e9 p\u0159izn\u00e1n\u00ed | Diplom | Pas | \u0158idi\u010dsk\u00fd pr\u016fkaz | Z\u00e1v\u011b\u0165 | V\u00edzum | Smlouva | Rozvodov\u00e1 smlouva | Man\u017eelsk\u00e1 smlouva | Rozsudek | \u0158\u00edzen\u00ed | Pln\u00e1 moc | Protokol<\/p>\n<p style=\"text-align: justify;\" data-start=\"3385\" data-end=\"3426\">Pro jin\u00fd jazyk n\u00e1s nev\u00e1hejte <a href=\"https:\/\/abc-office.eu\/cs\/\">kontaktovat<\/a>.<\/p>\n<p data-start=\"3385\" data-end=\"3426\"><img loading=\"lazy\" decoding=\"async\" class=\"aligncenter wp-image-26 size-medium\" src=\"https:\/\/abc-office.ch\/wp-content\/uploads\/2018\/06\/imageedit_1_6241191614-300x300.gif\" alt=\"Soudn\u00ed p\u0159eklad \u010cesk\u00e1 republika\" width=\"300\" height=\"300\" \/><\/p>\n","protected":false},"excerpt":{"rendered":"<p>Soudn\u00ed p\u0159eklad \u010cesk\u00e1 republika Na\u0161e agentura ABC Translation se ji\u017e mnoho let specializuje na oblast soudn\u00edch (\u00fa\u0159edn\u00edch) p\u0159eklad\u016f. Skute\u010dn\u011b v\u00e1m m\u016f\u017eeme poskytnout v\u0161echny slu\u017eby souvisej\u00edc\u00ed s touto oblast\u00ed, a\u0165 u\u017e jde o soudn\u00ed\/\u00fa\u0159edn\u00ed p\u0159eklad, jednoduch\u00fd p\u0159eklad nebo tlumo\u010den\u00ed (soudn\u00ed p\u0159eklad \u010cesk\u00e1 republika). S t\u00fdmem v\u00edce ne\u017e 500 p\u0159ekladatel\u016f a tlumo\u010dn\u00edk\u016f dok\u00e1\u017eeme zvl\u00e1dnout jak\u00fdkoli typ projektu&#8230;<\/p>\n","protected":false},"author":1,"featured_media":227459,"parent":227438,"menu_order":0,"comment_status":"closed","ping_status":"closed","template":"","meta":{"sfsi_plus_gutenberg_text_before_share":"","sfsi_plus_gutenberg_show_text_before_share":"","sfsi_plus_gutenberg_icon_type":"","sfsi_plus_gutenberg_icon_alignemt":"","sfsi_plus_gutenburg_max_per_row":"","footnotes":""},"class_list":["post-227458","page","type-page","status-publish","has-post-thumbnail","hentry"],"yoast_head":"<!-- This site is optimized with the Yoast SEO plugin v23.8 - https:\/\/yoast.com\/wordpress\/plugins\/seo\/ -->\n<title>Soudn\u00ed p\u0159eklad \u010cesk\u00e1 republika | Soudn\u00ed tlumo\u010dn\u00edk\/p\u0159ekladatel<\/title>\n<meta name=\"description\" content=\"ABC Translation | Soudn\u00ed p\u0159eklad \u010cesk\u00e1 republika | Soudn\u00ed tlumo\u010dn\u00edk\/p\u0159ekladatel \u010cesk\u00e1 republika | \u00da\u0159edn\u00ed p\u0159eklad \u010cesk\u00e1 republika | Ov\u011b\u0159en\u00fd\" \/>\n<meta name=\"robots\" content=\"index, follow, max-snippet:-1, max-image-preview:large, max-video-preview:-1\" \/>\n<link rel=\"canonical\" href=\"https:\/\/abc-office.eu\/cs\/ceska-republika\/soudni-preklad-ceska-republika\/\" \/>\n<meta property=\"og:locale\" content=\"cs_CZ\" \/>\n<meta property=\"og:type\" content=\"article\" \/>\n<meta property=\"og:title\" content=\"Soudn\u00ed p\u0159eklad \u010cesk\u00e1 republika | Soudn\u00ed tlumo\u010dn\u00edk\/p\u0159ekladatel\" \/>\n<meta property=\"og:description\" content=\"ABC Translation | Soudn\u00ed p\u0159eklad \u010cesk\u00e1 republika | Soudn\u00ed tlumo\u010dn\u00edk\/p\u0159ekladatel \u010cesk\u00e1 republika | \u00da\u0159edn\u00ed p\u0159eklad \u010cesk\u00e1 republika | Ov\u011b\u0159en\u00fd\" \/>\n<meta property=\"og:url\" content=\"https:\/\/abc-office.eu\/cs\/ceska-republika\/soudni-preklad-ceska-republika\/\" \/>\n<meta property=\"og:site_name\" content=\"ABC Translation\" \/>\n<meta property=\"article:modified_time\" content=\"2025-10-28T12:05:35+00:00\" \/>\n<meta property=\"og:image\" content=\"https:\/\/abc-office.eu\/wp-content\/uploads\/2025\/10\/Czech-768x512-1.png\" \/>\n\t<meta property=\"og:image:width\" content=\"768\" \/>\n\t<meta property=\"og:image:height\" content=\"512\" \/>\n\t<meta property=\"og:image:type\" content=\"image\/png\" \/>\n<meta name=\"twitter:card\" content=\"summary_large_image\" \/>\n<meta name=\"twitter:label1\" content=\"Odhadovan\u00e1 doba \u010dten\u00ed\" \/>\n\t<meta name=\"twitter:data1\" content=\"3 minuty\" \/>\n<script type=\"application\/ld+json\" class=\"yoast-schema-graph\">{\"@context\":\"https:\/\/schema.org\",\"@graph\":[{\"@type\":\"WebPage\",\"@id\":\"https:\/\/abc-office.eu\/cs\/ceska-republika\/soudni-preklad-ceska-republika\/\",\"url\":\"https:\/\/abc-office.eu\/cs\/ceska-republika\/soudni-preklad-ceska-republika\/\",\"name\":\"Soudn\u00ed p\u0159eklad \u010cesk\u00e1 republika | Soudn\u00ed tlumo\u010dn\u00edk\/p\u0159ekladatel\",\"isPartOf\":{\"@id\":\"https:\/\/abc-office.eu\/cs\/#website\"},\"primaryImageOfPage\":{\"@id\":\"https:\/\/abc-office.eu\/cs\/ceska-republika\/soudni-preklad-ceska-republika\/#primaryimage\"},\"image\":{\"@id\":\"https:\/\/abc-office.eu\/cs\/ceska-republika\/soudni-preklad-ceska-republika\/#primaryimage\"},\"thumbnailUrl\":\"https:\/\/abc-office.eu\/wp-content\/uploads\/2025\/10\/Czech-768x512-1.png\",\"datePublished\":\"2024-09-03T12:17:15+00:00\",\"dateModified\":\"2025-10-28T12:05:35+00:00\",\"description\":\"ABC Translation | Soudn\u00ed p\u0159eklad \u010cesk\u00e1 republika | Soudn\u00ed tlumo\u010dn\u00edk\/p\u0159ekladatel \u010cesk\u00e1 republika | \u00da\u0159edn\u00ed p\u0159eklad \u010cesk\u00e1 republika | Ov\u011b\u0159en\u00fd\",\"breadcrumb\":{\"@id\":\"https:\/\/abc-office.eu\/cs\/ceska-republika\/soudni-preklad-ceska-republika\/#breadcrumb\"},\"inLanguage\":\"cs\",\"potentialAction\":[{\"@type\":\"ReadAction\",\"target\":[\"https:\/\/abc-office.eu\/cs\/ceska-republika\/soudni-preklad-ceska-republika\/\"]}]},{\"@type\":\"ImageObject\",\"inLanguage\":\"cs\",\"@id\":\"https:\/\/abc-office.eu\/cs\/ceska-republika\/soudni-preklad-ceska-republika\/#primaryimage\",\"url\":\"https:\/\/abc-office.eu\/wp-content\/uploads\/2025\/10\/Czech-768x512-1.png\",\"contentUrl\":\"https:\/\/abc-office.eu\/wp-content\/uploads\/2025\/10\/Czech-768x512-1.png\",\"width\":768,\"height\":512},{\"@type\":\"BreadcrumbList\",\"@id\":\"https:\/\/abc-office.eu\/cs\/ceska-republika\/soudni-preklad-ceska-republika\/#breadcrumb\",\"itemListElement\":[{\"@type\":\"ListItem\",\"position\":1,\"name\":\"Accueil\",\"item\":\"https:\/\/abc-office.eu\/cs\/\"},{\"@type\":\"ListItem\",\"position\":2,\"name\":\"\u010cesk\u00e1 republika\",\"item\":\"https:\/\/abc-office.eu\/cs\/ceska-republika\/\"},{\"@type\":\"ListItem\",\"position\":3,\"name\":\"Soudn\u00ed p\u0159eklad \u010cesk\u00e1 republika\"}]},{\"@type\":\"WebSite\",\"@id\":\"https:\/\/abc-office.eu\/cs\/#website\",\"url\":\"https:\/\/abc-office.eu\/cs\/\",\"name\":\"ABC Translation\",\"description\":\"info@abc-office.eu\",\"potentialAction\":[{\"@type\":\"SearchAction\",\"target\":{\"@type\":\"EntryPoint\",\"urlTemplate\":\"https:\/\/abc-office.eu\/cs\/?s={search_term_string}\"},\"query-input\":{\"@type\":\"PropertyValueSpecification\",\"valueRequired\":true,\"valueName\":\"search_term_string\"}}],\"inLanguage\":\"cs\"}]}<\/script>\n<!-- \/ Yoast SEO plugin. -->","yoast_head_json":{"title":"Soudn\u00ed p\u0159eklad \u010cesk\u00e1 republika | Soudn\u00ed tlumo\u010dn\u00edk\/p\u0159ekladatel","description":"ABC Translation | Soudn\u00ed p\u0159eklad \u010cesk\u00e1 republika | Soudn\u00ed tlumo\u010dn\u00edk\/p\u0159ekladatel \u010cesk\u00e1 republika | \u00da\u0159edn\u00ed p\u0159eklad \u010cesk\u00e1 republika | Ov\u011b\u0159en\u00fd","robots":{"index":"index","follow":"follow","max-snippet":"max-snippet:-1","max-image-preview":"max-image-preview:large","max-video-preview":"max-video-preview:-1"},"canonical":"https:\/\/abc-office.eu\/cs\/ceska-republika\/soudni-preklad-ceska-republika\/","og_locale":"cs_CZ","og_type":"article","og_title":"Soudn\u00ed p\u0159eklad \u010cesk\u00e1 republika | Soudn\u00ed tlumo\u010dn\u00edk\/p\u0159ekladatel","og_description":"ABC Translation | Soudn\u00ed p\u0159eklad \u010cesk\u00e1 republika | Soudn\u00ed tlumo\u010dn\u00edk\/p\u0159ekladatel \u010cesk\u00e1 republika | \u00da\u0159edn\u00ed p\u0159eklad \u010cesk\u00e1 republika | Ov\u011b\u0159en\u00fd","og_url":"https:\/\/abc-office.eu\/cs\/ceska-republika\/soudni-preklad-ceska-republika\/","og_site_name":"ABC Translation","article_modified_time":"2025-10-28T12:05:35+00:00","og_image":[{"width":768,"height":512,"url":"https:\/\/abc-office.eu\/wp-content\/uploads\/2025\/10\/Czech-768x512-1.png","type":"image\/png"}],"twitter_card":"summary_large_image","twitter_misc":{"Odhadovan\u00e1 doba \u010dten\u00ed":"3 minuty"},"schema":{"@context":"https:\/\/schema.org","@graph":[{"@type":"WebPage","@id":"https:\/\/abc-office.eu\/cs\/ceska-republika\/soudni-preklad-ceska-republika\/","url":"https:\/\/abc-office.eu\/cs\/ceska-republika\/soudni-preklad-ceska-republika\/","name":"Soudn\u00ed p\u0159eklad \u010cesk\u00e1 republika | Soudn\u00ed tlumo\u010dn\u00edk\/p\u0159ekladatel","isPartOf":{"@id":"https:\/\/abc-office.eu\/cs\/#website"},"primaryImageOfPage":{"@id":"https:\/\/abc-office.eu\/cs\/ceska-republika\/soudni-preklad-ceska-republika\/#primaryimage"},"image":{"@id":"https:\/\/abc-office.eu\/cs\/ceska-republika\/soudni-preklad-ceska-republika\/#primaryimage"},"thumbnailUrl":"https:\/\/abc-office.eu\/wp-content\/uploads\/2025\/10\/Czech-768x512-1.png","datePublished":"2024-09-03T12:17:15+00:00","dateModified":"2025-10-28T12:05:35+00:00","description":"ABC Translation | Soudn\u00ed p\u0159eklad \u010cesk\u00e1 republika | Soudn\u00ed tlumo\u010dn\u00edk\/p\u0159ekladatel \u010cesk\u00e1 republika | \u00da\u0159edn\u00ed p\u0159eklad \u010cesk\u00e1 republika | Ov\u011b\u0159en\u00fd","breadcrumb":{"@id":"https:\/\/abc-office.eu\/cs\/ceska-republika\/soudni-preklad-ceska-republika\/#breadcrumb"},"inLanguage":"cs","potentialAction":[{"@type":"ReadAction","target":["https:\/\/abc-office.eu\/cs\/ceska-republika\/soudni-preklad-ceska-republika\/"]}]},{"@type":"ImageObject","inLanguage":"cs","@id":"https:\/\/abc-office.eu\/cs\/ceska-republika\/soudni-preklad-ceska-republika\/#primaryimage","url":"https:\/\/abc-office.eu\/wp-content\/uploads\/2025\/10\/Czech-768x512-1.png","contentUrl":"https:\/\/abc-office.eu\/wp-content\/uploads\/2025\/10\/Czech-768x512-1.png","width":768,"height":512},{"@type":"BreadcrumbList","@id":"https:\/\/abc-office.eu\/cs\/ceska-republika\/soudni-preklad-ceska-republika\/#breadcrumb","itemListElement":[{"@type":"ListItem","position":1,"name":"Accueil","item":"https:\/\/abc-office.eu\/cs\/"},{"@type":"ListItem","position":2,"name":"\u010cesk\u00e1 republika","item":"https:\/\/abc-office.eu\/cs\/ceska-republika\/"},{"@type":"ListItem","position":3,"name":"Soudn\u00ed p\u0159eklad \u010cesk\u00e1 republika"}]},{"@type":"WebSite","@id":"https:\/\/abc-office.eu\/cs\/#website","url":"https:\/\/abc-office.eu\/cs\/","name":"ABC Translation","description":"info@abc-office.eu","potentialAction":[{"@type":"SearchAction","target":{"@type":"EntryPoint","urlTemplate":"https:\/\/abc-office.eu\/cs\/?s={search_term_string}"},"query-input":{"@type":"PropertyValueSpecification","valueRequired":true,"valueName":"search_term_string"}}],"inLanguage":"cs"}]}},"_links":{"self":[{"href":"https:\/\/abc-office.eu\/cs\/wp-json\/wp\/v2\/pages\/227458","targetHints":{"allow":["GET"]}}],"collection":[{"href":"https:\/\/abc-office.eu\/cs\/wp-json\/wp\/v2\/pages"}],"about":[{"href":"https:\/\/abc-office.eu\/cs\/wp-json\/wp\/v2\/types\/page"}],"author":[{"embeddable":true,"href":"https:\/\/abc-office.eu\/cs\/wp-json\/wp\/v2\/users\/1"}],"replies":[{"embeddable":true,"href":"https:\/\/abc-office.eu\/cs\/wp-json\/wp\/v2\/comments?post=227458"}],"version-history":[{"count":2,"href":"https:\/\/abc-office.eu\/cs\/wp-json\/wp\/v2\/pages\/227458\/revisions"}],"predecessor-version":[{"id":232062,"href":"https:\/\/abc-office.eu\/cs\/wp-json\/wp\/v2\/pages\/227458\/revisions\/232062"}],"up":[{"embeddable":true,"href":"https:\/\/abc-office.eu\/cs\/wp-json\/wp\/v2\/pages\/227438"}],"wp:featuredmedia":[{"embeddable":true,"href":"https:\/\/abc-office.eu\/cs\/wp-json\/wp\/v2\/media\/227459"}],"wp:attachment":[{"href":"https:\/\/abc-office.eu\/cs\/wp-json\/wp\/v2\/media?parent=227458"}],"curies":[{"name":"wp","href":"https:\/\/api.w.org\/{rel}","templated":true}]}}