{"id":227438,"date":"2024-04-13T09:11:35","date_gmt":"2024-04-13T07:11:35","guid":{"rendered":"https:\/\/abc-office.eu\/?page_id=227438"},"modified":"2025-10-28T13:02:30","modified_gmt":"2025-10-28T12:02:30","slug":"ceska-republika","status":"publish","type":"page","link":"https:\/\/abc-office.eu\/cs\/ceska-republika\/","title":{"rendered":"\u010cesk\u00e1 republika"},"content":{"rendered":"<h2>\u010cesk\u00e1 republika<\/h2>\n<p style=\"text-align: justify;\">Na\u0161e agentura pro p\u0159eklady a legalizace se specializuje na ov\u011b\u0159en\u00e9 a soudn\u00ed p\u0159eklady ve v\u00edce ne\u017e 80 jazyc\u00edch a tak\u00e9 na legalizace. N\u00e1\u0161 t\u00fdm v \u010cesk\u00e9 republice m\u016f\u017ee va\u0161i \u017e\u00e1dost rychle zpracovat. Pot\u0159ebujeme pouze kopii dokument\u016f, kter\u00e9 je t\u0159eba p\u0159elo\u017eit (p\u0159ij\u00edm\u00e1me v\u0161echny form\u00e1ty). <strong>Origin\u00e1ln\u00ed dokumenty ji\u017e nejsou vy\u017eadov\u00e1ny<\/strong> (\u010cesk\u00e1 republika).<\/p>\n<ol>\n<li style=\"text-align: justify;\">M\u016f\u017eete vyu\u017e\u00edt na\u0161i e-mailovou adresu (<a href=\"mailto:info@abc-office.eu\">info@abc-office.eu<\/a>), kontaktn\u00ed formul\u00e1\u0159, nebo tak\u00e9 odkaz na WhatsApp.<\/li>\n<li style=\"text-align: justify;\">Uve\u010fte jazyk, do kter\u00e9ho chcete p\u0159eklad obdr\u017eet, a zda pot\u0159ebujete, aby byl p\u0159eklad ov\u011b\u0159en not\u00e1\u0159em a\/nebo opat\u0159en apostilou, a zda pot\u0159ebujete legalizaci prost\u0159ednictv\u00edm ambas\u00e1dy nebo konzul\u00e1tu.<\/li>\n<li style=\"text-align: justify;\">Jeden z na\u0161ich projektov\u00fdch mana\u017eer\u016f v\u00e1m pak rychle poskytne nab\u00eddku s cenou a term\u00ednu realizace projektu. Obvykle odpov\u00edd\u00e1me do 30 minut. Pokud byste v\u0161ak neobdr\u017eeli do hodiny, zavolejte n\u00e1m, pros\u00edm.<\/li>\n<li style=\"text-align: justify;\">Jakmile je nab\u00eddka p\u0159ijata, zah\u00e1j\u00edme proces p\u0159ekladu nebo legalizace a za\u0161leme v\u00e1m ov\u011b\u0159en\u00e9 p\u0159eklady a\/nebo legalizace po\u0161tou. Pokud pot\u0159ebujete tak\u00e9 kopii p\u0159ekladu a legalizace e-mailem, sd\u011blte to pros\u00edm projektov\u00e9mu mana\u017eerovi a my v\u00e1m ji za\u0161leme e-mailem je\u0161t\u011b p\u0159ed odesl\u00e1n\u00edm origin\u00e1lu.<\/li>\n<\/ol>\n<h3 data-start=\"1371\" data-end=\"1645\"><strong data-start=\"1371\" data-end=\"1391\">Doba zpracov\u00e1n\u00ed:<\/strong><\/h3>\n<p style=\"text-align: justify;\" data-start=\"1371\" data-end=\"1645\">Ov\u011b\u0159en\u00e9 p\u0159eklady a\/nebo legalizace jsou zas\u00edl\u00e1ny po\u0161tou nebo prost\u0159ednictv\u00edm DHL a\/nebo e-mailem do 2\u20133 pracovn\u00edch dn\u016f. Z\u00e1le\u017e\u00ed v\u0161ak tak\u00e9 na objemu a obt\u00ed\u017enosti dokument\u016f. Nap\u0159\u00edklad jednostr\u00e1nkov\u00fd dokument byste m\u011bli obdr\u017eet do 2 pracovn\u00edch dn\u016f po\u0161tou.<\/p>\n<h3><strong>Na\u0161e hlavn\u00ed jazyky:<\/strong><\/h3>\n<p style=\"text-align: justify;\" data-start=\"1690\" data-end=\"2737\">Afrik\u00e1n\u0161tina | Alb\u00e1n\u0161tina | N\u011bm\u010dina | Americk\u00e1 angli\u010dtina | Amhar\u0161tina | Angli\u010dtina | Arab\u0161tina | Arm\u00e9n\u0161tina | Aymara | \u00c1zerb\u00e1jd\u017e\u00e1n\u0161tina | Baski\u010dtina | Beng\u00e1l\u0161tina | B\u011bloru\u0161tina | Barm\u0161tina | Bosensk\u00fd | Brazilsk\u00e1 portugal\u0161tina | Bulhar\u0161tina | Kantonsk\u00e1 \u010d\u00edn\u0161tina | Katal\u00e1n\u0161tina | Sinh\u00e1l\u0161tina | \u010c\u00edn\u0161tina | Zjednodu\u0161en\u00e1 \u010d\u00edn\u0161tina | Tradi\u010dn\u00ed \u010d\u00edn\u0161tina | Korej\u0161tina | Chorvat\u0161tina | D\u00e1n\u0161tina | D\u00e1r\u00ed | \u0160pan\u011bl\u0161tina | Eston\u0161tina | Ewe | F\u00e1rs\u00ed | Fin\u0161tina | Gruz\u00edn\u0161tina | \u0158e\u010dtina | Guaran\u00ed | Hebrej\u0161tina | Hind\u0161tina | Ma\u010far\u0161tina | Indon\u00e9\u0161tina | Ital\u0161tina | Japon\u0161tina | Kaza\u0161tina | Khm\u00e9r\u0161tina | Kyrgyz\u0161tina | Kurd\u0161tina | Lao\u0161tina | Loty\u0161tina | Lingala | Litev\u0161tina | Makedon\u0161tina | Malaj\u0161tina | Malayalam | Mandar\u00edn\u0161tina | Moldav\u0161tina | Mongol\u0161tina | \u010cernohor\u0161tina | Nizozem\u0161tina | Nor\u0161tina | Urdu | Uzbe\u010dtina | Pa\u0161t\u00f3 | Pa\u0148d\u017e\u00e1b\u0161tina | Per\u0161tina | Fula | Pol\u0161tina | Portugal\u0161tina | Ke\u010du\u00e1n\u0161tina | Rumun\u0161tina | Ru\u0161tina | Srb\u0161tina | Sloven\u0161tina | Slovin\u0161tina | \u0160v\u00e9d\u0161tina | Tamil\u0161tina | \u010ce\u0161tina | Thaj\u0161tina | Ture\u010dtina | Turkmen\u0161tina | Ukrajin\u0161tina | Vietnam\u0161tina<\/p>\n<h3><strong>Demonstrativn\u00ed v\u00fd\u010det dokument\u016f:<\/strong><\/h3>\n<p style=\"text-align: justify;\">Rodn\u00fd list | Oddac\u00ed list | V\u00fdpis z matriky | Osv\u011bd\u010den\u00ed | Patent | V\u00fdpis z rejst\u0159\u00edku trest\u016f | Certifik\u00e1t | Vysv\u011bd\u010den\u00ed o pr\u00e1vn\u00ed zp\u016fsobilosti k uzav\u0159en\u00ed man\u017eelstv\u00ed | \u00damrtn\u00ed list | Potvrzen\u00ed o zam\u011bstn\u00e1n\u00ed | Da\u0148ov\u00e9 p\u0159izn\u00e1n\u00ed | Diplom | Pas | \u0158idi\u010dsk\u00fd pr\u016fkaz | Z\u00e1v\u011b\u0165 | V\u00edzum | Smlouva | N\u00e1vrh na rozvod | Man\u017eelsk\u00e1 smlouva | Rozsudek | \u0158\u00edzen\u00ed | Pln\u00e1 moc | Protokol<\/p>\n<h3 data-start=\"3131\" data-end=\"3495\"><strong data-start=\"3131\" data-end=\"3196\">B\u011b\u017en\u00e9 typy ov\u011b\u0159en\u00ed\/legalizac\u00ed pro p\u0159eklady (\u010cesk\u00e1 republika):<\/strong><\/h3>\n<ul>\n<li style=\"text-align: justify;\" data-start=\"3131\" data-end=\"3495\"><strong>Ov\u011b\u0159en\u00fd p\u0159eklad:<\/strong> p\u0159eklad opat\u0159\u00edme na\u0161\u00edm raz\u00edtkem a podpisem.<\/li>\n<li style=\"text-align: justify;\" data-start=\"3131\" data-end=\"3495\"><strong data-start=\"133\" data-end=\"152\">Soudn\u00ed p\u0159eklad:<\/strong> V \u010cesk\u00e9 republice mohou soudn\u00ed (\u00fa\u0159edn\u00ed) p\u0159eklady vyhotovovat pouze soudem jmenovan\u00ed p\u0159ekladatel\u00e9 se zvl\u00e1\u0161tn\u00edm raz\u00edtkem a podpisem. Na\u0161e agentura zaji\u0161\u0165uje tyto p\u0159eklady ve v\u00edce ne\u017e 80 jazyc\u00edch, p\u0159i\u010dem\u017e k p\u0159ekladu v\u017edy p\u0159ipojujeme ov\u011b\u0159enou kopii origin\u00e1lu a kompletn\u00ed dolo\u017eku p\u0159ekladatele, tak\u017ee jsou pln\u011b uzn\u00e1v\u00e1ny v\u0161emi \u00fa\u0159ady a institucemi v \u010cR i v zahrani\u010d\u00ed.<\/li>\n<li style=\"text-align: justify;\" data-start=\"3131\" data-end=\"3495\"><strong>Legalizovan\u00fd p\u0159eklad:<\/strong> not\u00e1\u0159 ov\u011b\u0159\u00ed podpis p\u0159ekladatele na p\u0159ekladu.<\/li>\n<li style=\"text-align: justify;\"><strong>P\u0159eklad s apostilou:<\/strong> apostilu vyd\u00e1v\u00e1 ur\u010den\u00fd st\u00e1tn\u00ed org\u00e1n, nap\u0159\u00edklad Ministerstvo zahrani\u010dn\u00edch v\u011bc\u00ed, Ministerstvo spravedlnosti nebo Not\u00e1\u0159sk\u00e1 komora \u010cR.<\/li>\n<li style=\"text-align: justify;\" data-start=\"3131\" data-end=\"3495\"><strong>P\u0159eklad legalizovan\u00fd ambas\u00e1dou nebo konzul\u00e1tem:<\/strong> ambas\u00e1da nebo konzul\u00e1t ov\u011b\u0159\u00ed p\u0159eklad pro pou\u017eit\u00ed v zahrani\u010d\u00ed.<\/li>\n<\/ul>\n<h3 data-start=\"3497\" data-end=\"4582\"><strong data-start=\"3497\" data-end=\"3558\">B\u011b\u017en\u00e9 typy legalizac\u00ed pro \u00fa\u0159edn\u00ed \u00fa\u010dely (\u010cesk\u00e1 republika):<\/strong><\/h3>\n<ul>\n<li style=\"text-align: justify;\" data-start=\"3497\" data-end=\"4582\">Legalizace apostilou: zem\u011b, kter\u00e9 podepsaly Haagskou \u00famluvu, uzn\u00e1vaj\u00ed platnost dokumentu bez v\u00edza konzul\u00e1tu nebo ambas\u00e1dy, pokud je opat\u0159en apostilou.<\/li>\n<li style=\"text-align: justify;\" data-start=\"3497\" data-end=\"4582\">Legalizace ambas\u00e1dou nebo konzul\u00e1tem: pro to, aby byly dokumenty platn\u00e9 v n\u011bkter\u00fdch zem\u00edch, nap\u0159\u00edklad v \u010c\u00edn\u011b, mus\u00ed b\u00fdt legalizov\u00e1ny na ambas\u00e1d\u011b nebo konzul\u00e1tu. V\u0161echny dokumenty mus\u00ed b\u00fdt nejprve ov\u011b\u0159eny not\u00e1\u0159em a kancel\u00e1\u0159\u00ed\/prefekturou, ne\u017e ambas\u00e1da nebo konzul\u00e1t mohou p\u0159ipojit svou legalizaci.<\/li>\n<li style=\"text-align: justify;\" data-start=\"3497\" data-end=\"4582\">Ov\u011b\u0159en\u00e1 kopie: ov\u011b\u0159en\u00e1 kopie, naz\u00fdvan\u00e1 tak\u00e9 vidimace, je kopie, jej\u00ed\u017e shodu s origin\u00e1lem ov\u011b\u0159il not\u00e1\u0159. Pokud byly origin\u00e1ln\u00ed dokumenty vyd\u00e1ny zahrani\u010dn\u00edmi \u00fa\u0159ady, n\u011bkter\u00e9 instituce vy\u017eaduj\u00ed ov\u011b\u0159en\u00e9 kopie not\u00e1\u0159em. Tot\u00e9\u017e plat\u00ed pro dokumenty ur\u010den\u00e9 do zahrani\u010d\u00ed.<\/li>\n<li style=\"text-align: justify;\" data-start=\"3497\" data-end=\"4582\">V\u00edzum: v\u00edzum je legalizace proveden\u00e1 na kopii origin\u00e1lu. V p\u0159\u00edpad\u011b, \u017ee nem\u00e1te origin\u00e1l k dispozici, m\u016f\u017eeme legalizovat i kopii.<\/li>\n<li style=\"text-align: justify;\" data-start=\"3497\" data-end=\"4582\">Legalizace podpisu: not\u00e1\u0159 ov\u011b\u0159uje pravost podpisu, tedy \u017ee podpis uveden\u00fd na dokumentu pat\u0159\u00ed osob\u011b, kter\u00e1 tvrd\u00ed, \u017ee jej podepsala. To se pou\u017e\u00edv\u00e1 zejm\u00e9na pro pln\u00e9 moci.<\/li>\n<\/ul>\n<p style=\"text-align: justify;\">D\u00edky spr\u00e1vn\u00e9mu ov\u011b\u0159en\u00ed budou p\u0159eklady a legalizace p\u0159ij\u00edm\u00e1ny v \u010cesk\u00e9 republice i v zahrani\u010d\u00ed. M\u00e1te-li jak\u00e9koli ot\u00e1zky t\u00fdkaj\u00edc\u00ed se typu ov\u011b\u0159en\u00ed nebo legalizace, kterou pot\u0159ebujete pro sv\u00e9 dokumenty, nev\u00e1hejte kontaktovat n\u00e1\u0161 t\u00fdm. Provedeme v\u00e1s cel\u00fdm postupem (\u010cesk\u00e1 republika).<\/p>\n<p style=\"text-align: justify;\" data-start=\"4862\" data-end=\"4895\">T\u011b\u0161\u00edme se na spolupr\u00e1ci s v\u00e1mi.<\/p>\n<p style=\"text-align: justify;\" data-start=\"4897\" data-end=\"4924\"><a href=\"https:\/\/abc-office.eu\/cs\/\"><strong data-start=\"4897\" data-end=\"4920\">ABC Translation LLC<\/strong>\u00a0<\/a><\/p>\n<p data-start=\"4897\" data-end=\"4924\"><img loading=\"lazy\" decoding=\"async\" class=\"aligncenter wp-image-271\" src=\"https:\/\/abc-office.ch\/wp-content\/uploads\/2018\/06\/imageedit_1_6241191614.gif\" alt=\"\u010cesk\u00e1 republika\" width=\"437\" height=\"437\" \/><\/p>\n","protected":false},"excerpt":{"rendered":"<p>\u010cesk\u00e1 republika Na\u0161e agentura pro p\u0159eklady a legalizace se specializuje na ov\u011b\u0159en\u00e9 a soudn\u00ed p\u0159eklady ve v\u00edce ne\u017e 80 jazyc\u00edch a tak\u00e9 na legalizace. N\u00e1\u0161 t\u00fdm v \u010cesk\u00e9 republice m\u016f\u017ee va\u0161i \u017e\u00e1dost rychle zpracovat. Pot\u0159ebujeme pouze kopii dokument\u016f, kter\u00e9 je t\u0159eba p\u0159elo\u017eit (p\u0159ij\u00edm\u00e1me v\u0161echny form\u00e1ty). Origin\u00e1ln\u00ed dokumenty ji\u017e nejsou vy\u017eadov\u00e1ny (\u010cesk\u00e1 republika). M\u016f\u017eete vyu\u017e\u00edt na\u0161i&#8230;<\/p>\n","protected":false},"author":1,"featured_media":227439,"parent":0,"menu_order":0,"comment_status":"closed","ping_status":"closed","template":"","meta":{"sfsi_plus_gutenberg_text_before_share":"","sfsi_plus_gutenberg_show_text_before_share":"","sfsi_plus_gutenberg_icon_type":"","sfsi_plus_gutenberg_icon_alignemt":"","sfsi_plus_gutenburg_max_per_row":"","footnotes":""},"class_list":["post-227438","page","type-page","status-publish","has-post-thumbnail","hentry"],"yoast_head":"<!-- This site is optimized with the Yoast SEO plugin v23.8 - https:\/\/yoast.com\/wordpress\/plugins\/seo\/ -->\n<title>Ov\u011b\u0159en\u00fd p\u0159eklad \u010cesk\u00e1 republika | P\u0159ekladatel \u010cesk\u00e1 republika<\/title>\n<meta name=\"description\" content=\"ABC Translation | Ov\u011b\u0159en\u00fd p\u0159eklad \u010cesk\u00e1 republika | Soudn\u00ed tlumo\u010dn\u00edk \u010cesk\u00e1 republika | Legalizace not\u00e1\u0159em | apostila | konzul\u00e1t | ambas\u00e1da\" \/>\n<meta name=\"robots\" content=\"index, follow, max-snippet:-1, max-image-preview:large, max-video-preview:-1\" \/>\n<link rel=\"canonical\" href=\"https:\/\/abc-office.eu\/cs\/ceska-republika\/\" \/>\n<meta property=\"og:locale\" content=\"cs_CZ\" \/>\n<meta property=\"og:type\" content=\"article\" \/>\n<meta property=\"og:title\" content=\"Ov\u011b\u0159en\u00fd p\u0159eklad \u010cesk\u00e1 republika | P\u0159ekladatel \u010cesk\u00e1 republika\" \/>\n<meta property=\"og:description\" content=\"ABC Translation | Ov\u011b\u0159en\u00fd p\u0159eklad \u010cesk\u00e1 republika | Soudn\u00ed tlumo\u010dn\u00edk \u010cesk\u00e1 republika | Legalizace not\u00e1\u0159em | apostila | konzul\u00e1t | ambas\u00e1da\" \/>\n<meta property=\"og:url\" content=\"https:\/\/abc-office.eu\/cs\/ceska-republika\/\" \/>\n<meta property=\"og:site_name\" content=\"ABC Translation\" \/>\n<meta property=\"article:modified_time\" content=\"2025-10-28T12:02:30+00:00\" \/>\n<meta property=\"og:image\" content=\"https:\/\/abc-office.eu\/wp-content\/uploads\/2025\/10\/e639a4dba8d46e8fdb8746642365019f-768x512-1.jpg\" \/>\n\t<meta property=\"og:image:width\" content=\"768\" \/>\n\t<meta property=\"og:image:height\" content=\"512\" \/>\n\t<meta property=\"og:image:type\" content=\"image\/jpeg\" \/>\n<meta name=\"twitter:card\" content=\"summary_large_image\" \/>\n<meta name=\"twitter:label1\" content=\"Odhadovan\u00e1 doba \u010dten\u00ed\" \/>\n\t<meta name=\"twitter:data1\" content=\"4 minuty\" \/>\n<script type=\"application\/ld+json\" class=\"yoast-schema-graph\">{\"@context\":\"https:\/\/schema.org\",\"@graph\":[{\"@type\":\"WebPage\",\"@id\":\"https:\/\/abc-office.eu\/cs\/ceska-republika\/\",\"url\":\"https:\/\/abc-office.eu\/cs\/ceska-republika\/\",\"name\":\"Ov\u011b\u0159en\u00fd p\u0159eklad \u010cesk\u00e1 republika | P\u0159ekladatel \u010cesk\u00e1 republika\",\"isPartOf\":{\"@id\":\"https:\/\/abc-office.eu\/cs\/#website\"},\"primaryImageOfPage\":{\"@id\":\"https:\/\/abc-office.eu\/cs\/ceska-republika\/#primaryimage\"},\"image\":{\"@id\":\"https:\/\/abc-office.eu\/cs\/ceska-republika\/#primaryimage\"},\"thumbnailUrl\":\"https:\/\/abc-office.eu\/wp-content\/uploads\/2025\/10\/e639a4dba8d46e8fdb8746642365019f-768x512-1.jpg\",\"datePublished\":\"2024-04-13T07:11:35+00:00\",\"dateModified\":\"2025-10-28T12:02:30+00:00\",\"description\":\"ABC Translation | Ov\u011b\u0159en\u00fd p\u0159eklad \u010cesk\u00e1 republika | Soudn\u00ed tlumo\u010dn\u00edk \u010cesk\u00e1 republika | Legalizace not\u00e1\u0159em | apostila | konzul\u00e1t | ambas\u00e1da\",\"breadcrumb\":{\"@id\":\"https:\/\/abc-office.eu\/cs\/ceska-republika\/#breadcrumb\"},\"inLanguage\":\"cs\",\"potentialAction\":[{\"@type\":\"ReadAction\",\"target\":[\"https:\/\/abc-office.eu\/cs\/ceska-republika\/\"]}]},{\"@type\":\"ImageObject\",\"inLanguage\":\"cs\",\"@id\":\"https:\/\/abc-office.eu\/cs\/ceska-republika\/#primaryimage\",\"url\":\"https:\/\/abc-office.eu\/wp-content\/uploads\/2025\/10\/e639a4dba8d46e8fdb8746642365019f-768x512-1.jpg\",\"contentUrl\":\"https:\/\/abc-office.eu\/wp-content\/uploads\/2025\/10\/e639a4dba8d46e8fdb8746642365019f-768x512-1.jpg\",\"width\":768,\"height\":512},{\"@type\":\"BreadcrumbList\",\"@id\":\"https:\/\/abc-office.eu\/cs\/ceska-republika\/#breadcrumb\",\"itemListElement\":[{\"@type\":\"ListItem\",\"position\":1,\"name\":\"Accueil\",\"item\":\"https:\/\/abc-office.eu\/cs\/\"},{\"@type\":\"ListItem\",\"position\":2,\"name\":\"\u010cesk\u00e1 republika\"}]},{\"@type\":\"WebSite\",\"@id\":\"https:\/\/abc-office.eu\/cs\/#website\",\"url\":\"https:\/\/abc-office.eu\/cs\/\",\"name\":\"ABC Translation\",\"description\":\"info@abc-office.eu\",\"potentialAction\":[{\"@type\":\"SearchAction\",\"target\":{\"@type\":\"EntryPoint\",\"urlTemplate\":\"https:\/\/abc-office.eu\/cs\/?s={search_term_string}\"},\"query-input\":{\"@type\":\"PropertyValueSpecification\",\"valueRequired\":true,\"valueName\":\"search_term_string\"}}],\"inLanguage\":\"cs\"}]}<\/script>\n<!-- \/ Yoast SEO plugin. -->","yoast_head_json":{"title":"Ov\u011b\u0159en\u00fd p\u0159eklad \u010cesk\u00e1 republika | P\u0159ekladatel \u010cesk\u00e1 republika","description":"ABC Translation | Ov\u011b\u0159en\u00fd p\u0159eklad \u010cesk\u00e1 republika | Soudn\u00ed tlumo\u010dn\u00edk \u010cesk\u00e1 republika | Legalizace not\u00e1\u0159em | apostila | konzul\u00e1t | ambas\u00e1da","robots":{"index":"index","follow":"follow","max-snippet":"max-snippet:-1","max-image-preview":"max-image-preview:large","max-video-preview":"max-video-preview:-1"},"canonical":"https:\/\/abc-office.eu\/cs\/ceska-republika\/","og_locale":"cs_CZ","og_type":"article","og_title":"Ov\u011b\u0159en\u00fd p\u0159eklad \u010cesk\u00e1 republika | P\u0159ekladatel \u010cesk\u00e1 republika","og_description":"ABC Translation | Ov\u011b\u0159en\u00fd p\u0159eklad \u010cesk\u00e1 republika | Soudn\u00ed tlumo\u010dn\u00edk \u010cesk\u00e1 republika | Legalizace not\u00e1\u0159em | apostila | konzul\u00e1t | ambas\u00e1da","og_url":"https:\/\/abc-office.eu\/cs\/ceska-republika\/","og_site_name":"ABC Translation","article_modified_time":"2025-10-28T12:02:30+00:00","og_image":[{"width":768,"height":512,"url":"https:\/\/abc-office.eu\/wp-content\/uploads\/2025\/10\/e639a4dba8d46e8fdb8746642365019f-768x512-1.jpg","type":"image\/jpeg"}],"twitter_card":"summary_large_image","twitter_misc":{"Odhadovan\u00e1 doba \u010dten\u00ed":"4 minuty"},"schema":{"@context":"https:\/\/schema.org","@graph":[{"@type":"WebPage","@id":"https:\/\/abc-office.eu\/cs\/ceska-republika\/","url":"https:\/\/abc-office.eu\/cs\/ceska-republika\/","name":"Ov\u011b\u0159en\u00fd p\u0159eklad \u010cesk\u00e1 republika | P\u0159ekladatel \u010cesk\u00e1 republika","isPartOf":{"@id":"https:\/\/abc-office.eu\/cs\/#website"},"primaryImageOfPage":{"@id":"https:\/\/abc-office.eu\/cs\/ceska-republika\/#primaryimage"},"image":{"@id":"https:\/\/abc-office.eu\/cs\/ceska-republika\/#primaryimage"},"thumbnailUrl":"https:\/\/abc-office.eu\/wp-content\/uploads\/2025\/10\/e639a4dba8d46e8fdb8746642365019f-768x512-1.jpg","datePublished":"2024-04-13T07:11:35+00:00","dateModified":"2025-10-28T12:02:30+00:00","description":"ABC Translation | Ov\u011b\u0159en\u00fd p\u0159eklad \u010cesk\u00e1 republika | Soudn\u00ed tlumo\u010dn\u00edk \u010cesk\u00e1 republika | Legalizace not\u00e1\u0159em | apostila | konzul\u00e1t | ambas\u00e1da","breadcrumb":{"@id":"https:\/\/abc-office.eu\/cs\/ceska-republika\/#breadcrumb"},"inLanguage":"cs","potentialAction":[{"@type":"ReadAction","target":["https:\/\/abc-office.eu\/cs\/ceska-republika\/"]}]},{"@type":"ImageObject","inLanguage":"cs","@id":"https:\/\/abc-office.eu\/cs\/ceska-republika\/#primaryimage","url":"https:\/\/abc-office.eu\/wp-content\/uploads\/2025\/10\/e639a4dba8d46e8fdb8746642365019f-768x512-1.jpg","contentUrl":"https:\/\/abc-office.eu\/wp-content\/uploads\/2025\/10\/e639a4dba8d46e8fdb8746642365019f-768x512-1.jpg","width":768,"height":512},{"@type":"BreadcrumbList","@id":"https:\/\/abc-office.eu\/cs\/ceska-republika\/#breadcrumb","itemListElement":[{"@type":"ListItem","position":1,"name":"Accueil","item":"https:\/\/abc-office.eu\/cs\/"},{"@type":"ListItem","position":2,"name":"\u010cesk\u00e1 republika"}]},{"@type":"WebSite","@id":"https:\/\/abc-office.eu\/cs\/#website","url":"https:\/\/abc-office.eu\/cs\/","name":"ABC Translation","description":"info@abc-office.eu","potentialAction":[{"@type":"SearchAction","target":{"@type":"EntryPoint","urlTemplate":"https:\/\/abc-office.eu\/cs\/?s={search_term_string}"},"query-input":{"@type":"PropertyValueSpecification","valueRequired":true,"valueName":"search_term_string"}}],"inLanguage":"cs"}]}},"_links":{"self":[{"href":"https:\/\/abc-office.eu\/cs\/wp-json\/wp\/v2\/pages\/227438","targetHints":{"allow":["GET"]}}],"collection":[{"href":"https:\/\/abc-office.eu\/cs\/wp-json\/wp\/v2\/pages"}],"about":[{"href":"https:\/\/abc-office.eu\/cs\/wp-json\/wp\/v2\/types\/page"}],"author":[{"embeddable":true,"href":"https:\/\/abc-office.eu\/cs\/wp-json\/wp\/v2\/users\/1"}],"replies":[{"embeddable":true,"href":"https:\/\/abc-office.eu\/cs\/wp-json\/wp\/v2\/comments?post=227438"}],"version-history":[{"count":3,"href":"https:\/\/abc-office.eu\/cs\/wp-json\/wp\/v2\/pages\/227438\/revisions"}],"predecessor-version":[{"id":232061,"href":"https:\/\/abc-office.eu\/cs\/wp-json\/wp\/v2\/pages\/227438\/revisions\/232061"}],"wp:featuredmedia":[{"embeddable":true,"href":"https:\/\/abc-office.eu\/cs\/wp-json\/wp\/v2\/media\/227439"}],"wp:attachment":[{"href":"https:\/\/abc-office.eu\/cs\/wp-json\/wp\/v2\/media?parent=227438"}],"curies":[{"name":"wp","href":"https:\/\/api.w.org\/{rel}","templated":true}]}}