{"id":227427,"date":"2022-04-25T10:26:44","date_gmt":"2022-04-25T08:26:44","guid":{"rendered":"https:\/\/abc-office.eu\/?page_id=227427"},"modified":"2025-10-28T11:24:14","modified_gmt":"2025-10-28T10:24:14","slug":"kontakt","status":"publish","type":"page","link":"https:\/\/abc-office.eu\/cs\/kontakt\/","title":{"rendered":"Kontakt"},"content":{"rendered":"<h2><strong>Kontakt \u2013 va\u0161e p\u0159ekladatelsk\u00e9 agentura v Evropsk\u00e9 unii<\/strong><\/h2>\n<p><br data-start=\"148\" data-end=\"151\" \/>E-mail: <a class=\"decorated-link cursor-pointer\" href=\"mailto:info@abc-office.eu\" rel=\"noopener\" data-start=\"159\" data-end=\"177\">info@abc-office.eu<\/a><\/p>\n<h3 data-start=\"181\" data-end=\"202\"><strong data-start=\"181\" data-end=\"200\">ABC Translation<\/strong><\/h3>\n<p style=\"text-align: justify;\">Na\u0161i vysoce zku\u0161en\u00ed p\u0159ekladatel\u00e9 a korekto\u0159i se s\u00eddlem v Evropsk\u00e9 unii se specializuj\u00ed na r\u016fzn\u00e9 oblasti, jako je marketing, ekonomie, politika, pr\u00e1vo a medic\u00edna. Pro rychl\u00fd dotaz pros\u00edm vypl\u0148te formul\u00e1\u0159 na prav\u00e9 stran\u011b obrazovky. N\u00e1\u0161 t\u00fdm v\u00e1m pot\u00e9 za\u0161le nab\u00eddku s cenou i term\u00ednem dod\u00e1n\u00ed p\u0159ekladu. Na\u0161e nab\u00eddka zahrnuje p\u0159eklad textu i korekturu provedenou jin\u00fdm p\u0159ekladatelem, aby byla zaji\u0161t\u011bna maxim\u00e1ln\u00ed kvalita p\u0159ekladu. Jakmile je text p\u0159elo\u017een a zkontrolov\u00e1n, za\u0161leme v\u00e1m jej zp\u011bt e-mailem nebo po\u0161tou v p\u0159\u00edpad\u011b ov\u011b\u0159en\u00e9ho p\u0159ekladu.<\/p>\n<p style=\"text-align: justify;\">Kvalita pr\u00e1ce mus\u00ed b\u00fdt p\u0159i p\u0159ekladech naprosto dokonal\u00e1. D\u00edky na\u0161im hlavn\u00edm p\u0159ednostem, kter\u00fdmi jsou p\u0159esnost, efektivita a dochvilnost, denn\u011b spolupracujeme s velk\u00fdm po\u010dtem firem i jednotlivc\u016f. Zaji\u0161\u0165ujeme p\u0159eklady webov\u00fdch str\u00e1nek, \u00fa\u0159edn\u00edch dokument\u016f a specializovan\u00fdch text\u016f.<\/p>\n<p style=\"text-align: justify;\">Cena m\u016f\u017ee b\u00fdt vypo\u010d\u00edt\u00e1na podle po\u010dtu slov nebo po \u0159\u00e1dc\u00edch o 55 znac\u00edch. Tento syst\u00e9m umo\u017e\u0148uje \u00faplnou transparentnost v\u016f\u010di klientovi a umo\u017e\u0148uje vypracov\u00e1n\u00ed korektn\u00edch nab\u00eddek. Spolupracujeme jak s firmami, tak se soukrom\u00fdmi osobami po cel\u00e9 <a href=\"https:\/\/abc-office.eu\/cs\/\"><u>Evropsk\u00e9 unii<\/u><\/a>.<\/p>\n<p data-start=\"1087\" data-end=\"1516\"><img loading=\"lazy\" decoding=\"async\" class=\"aligncenter wp-image-28719\" src=\"https:\/\/abc-office.eu\/wp-content\/uploads\/2017\/02\/second_image-300x200.jpg\" alt=\"Kontakt\" width=\"715\" height=\"476\" srcset=\"https:\/\/abc-office.eu\/wp-content\/uploads\/2017\/02\/second_image-300x200.jpg 300w, https:\/\/abc-office.eu\/wp-content\/uploads\/2017\/02\/second_image-1024x682.jpg 1024w, https:\/\/abc-office.eu\/wp-content\/uploads\/2017\/02\/second_image-768x512.jpg 768w, https:\/\/abc-office.eu\/wp-content\/uploads\/2017\/02\/second_image-1080x720.jpg 1080w, https:\/\/abc-office.eu\/wp-content\/uploads\/2017\/02\/second_image-1280x853.jpg 1280w, https:\/\/abc-office.eu\/wp-content\/uploads\/2017\/02\/second_image-980x653.jpg 980w, https:\/\/abc-office.eu\/wp-content\/uploads\/2017\/02\/second_image-480x320.jpg 480w, https:\/\/abc-office.eu\/wp-content\/uploads\/2017\/02\/second_image.jpg 1400w\" sizes=\"auto, (max-width: 715px) 100vw, 715px\" \/><\/p>\n","protected":false},"excerpt":{"rendered":"<p>Kontakt \u2013 va\u0161e p\u0159ekladatelsk\u00e9 agentura v Evropsk\u00e9 unii E-mail: info@abc-office.eu ABC Translation Na\u0161i vysoce zku\u0161en\u00ed p\u0159ekladatel\u00e9 a korekto\u0159i se s\u00eddlem v Evropsk\u00e9 unii se specializuj\u00ed na r\u016fzn\u00e9 oblasti, jako je marketing, ekonomie, politika, pr\u00e1vo a medic\u00edna. Pro rychl\u00fd dotaz pros\u00edm vypl\u0148te formul\u00e1\u0159 na prav\u00e9 stran\u011b obrazovky. N\u00e1\u0161 t\u00fdm v\u00e1m pot\u00e9 za\u0161le nab\u00eddku s cenou i&#8230;<\/p>\n","protected":false},"author":1,"featured_media":226961,"parent":0,"menu_order":0,"comment_status":"closed","ping_status":"closed","template":"","meta":{"sfsi_plus_gutenberg_text_before_share":"","sfsi_plus_gutenberg_show_text_before_share":"","sfsi_plus_gutenberg_icon_type":"","sfsi_plus_gutenberg_icon_alignemt":"","sfsi_plus_gutenburg_max_per_row":"","footnotes":""},"class_list":["post-227427","page","type-page","status-publish","has-post-thumbnail","hentry"],"yoast_head":"<!-- This site is optimized with the Yoast SEO plugin v23.8 - https:\/\/yoast.com\/wordpress\/plugins\/seo\/ -->\n<title>Kontakt | P\u0159eklady | P\u0159ekladatel | Evropsk\u00e1 unie | Spojen\u00e9<\/title>\n<meta name=\"description\" content=\"ABC Translation: Kontakt | P\u0159eklad webov\u00fdch str\u00e1nek | P\u0159eklad \u00fa\u0159edn\u00edch dokument\u016f | Specializovan\u00e9 p\u0159eklady | Evropsk\u00e1 unie\" \/>\n<meta name=\"robots\" content=\"index, follow, max-snippet:-1, max-image-preview:large, max-video-preview:-1\" \/>\n<link rel=\"canonical\" href=\"https:\/\/abc-office.eu\/cs\/kontakt\/\" \/>\n<meta property=\"og:locale\" content=\"cs_CZ\" \/>\n<meta property=\"og:type\" content=\"article\" \/>\n<meta property=\"og:title\" content=\"Kontakt | P\u0159eklady | P\u0159ekladatel | Evropsk\u00e1 unie | Spojen\u00e9\" \/>\n<meta property=\"og:description\" content=\"ABC Translation: Kontakt | P\u0159eklad webov\u00fdch str\u00e1nek | P\u0159eklad \u00fa\u0159edn\u00edch dokument\u016f | Specializovan\u00e9 p\u0159eklady | Evropsk\u00e1 unie\" \/>\n<meta property=\"og:url\" content=\"https:\/\/abc-office.eu\/cs\/kontakt\/\" \/>\n<meta property=\"og:site_name\" content=\"ABC Translation\" \/>\n<meta property=\"article:modified_time\" content=\"2025-10-28T10:24:14+00:00\" \/>\n<meta property=\"og:image\" content=\"https:\/\/abc-office.eu\/wp-content\/uploads\/2025\/10\/Flag_of_Europe-2-768x512-4.png\" \/>\n\t<meta property=\"og:image:width\" content=\"768\" \/>\n\t<meta property=\"og:image:height\" content=\"512\" \/>\n\t<meta property=\"og:image:type\" content=\"image\/png\" \/>\n<meta name=\"twitter:card\" content=\"summary_large_image\" \/>\n<meta name=\"twitter:label1\" content=\"Odhadovan\u00e1 doba \u010dten\u00ed\" \/>\n\t<meta name=\"twitter:data1\" content=\"2 minuty\" \/>\n<script type=\"application\/ld+json\" class=\"yoast-schema-graph\">{\"@context\":\"https:\/\/schema.org\",\"@graph\":[{\"@type\":\"WebPage\",\"@id\":\"https:\/\/abc-office.eu\/cs\/kontakt\/\",\"url\":\"https:\/\/abc-office.eu\/cs\/kontakt\/\",\"name\":\"Kontakt | P\u0159eklady | P\u0159ekladatel | Evropsk\u00e1 unie | Spojen\u00e9\",\"isPartOf\":{\"@id\":\"https:\/\/abc-office.eu\/cs\/#website\"},\"primaryImageOfPage\":{\"@id\":\"https:\/\/abc-office.eu\/cs\/kontakt\/#primaryimage\"},\"image\":{\"@id\":\"https:\/\/abc-office.eu\/cs\/kontakt\/#primaryimage\"},\"thumbnailUrl\":\"https:\/\/abc-office.eu\/wp-content\/uploads\/2025\/10\/Flag_of_Europe-2-768x512-4.png\",\"datePublished\":\"2022-04-25T08:26:44+00:00\",\"dateModified\":\"2025-10-28T10:24:14+00:00\",\"description\":\"ABC Translation: Kontakt | P\u0159eklad webov\u00fdch str\u00e1nek | P\u0159eklad \u00fa\u0159edn\u00edch dokument\u016f | Specializovan\u00e9 p\u0159eklady | Evropsk\u00e1 unie\",\"breadcrumb\":{\"@id\":\"https:\/\/abc-office.eu\/cs\/kontakt\/#breadcrumb\"},\"inLanguage\":\"cs\",\"potentialAction\":[{\"@type\":\"ReadAction\",\"target\":[\"https:\/\/abc-office.eu\/cs\/kontakt\/\"]}]},{\"@type\":\"ImageObject\",\"inLanguage\":\"cs\",\"@id\":\"https:\/\/abc-office.eu\/cs\/kontakt\/#primaryimage\",\"url\":\"https:\/\/abc-office.eu\/wp-content\/uploads\/2025\/10\/Flag_of_Europe-2-768x512-4.png\",\"contentUrl\":\"https:\/\/abc-office.eu\/wp-content\/uploads\/2025\/10\/Flag_of_Europe-2-768x512-4.png\",\"width\":768,\"height\":512},{\"@type\":\"BreadcrumbList\",\"@id\":\"https:\/\/abc-office.eu\/cs\/kontakt\/#breadcrumb\",\"itemListElement\":[{\"@type\":\"ListItem\",\"position\":1,\"name\":\"Accueil\",\"item\":\"https:\/\/abc-office.eu\/cs\/\"},{\"@type\":\"ListItem\",\"position\":2,\"name\":\"Kontakt\"}]},{\"@type\":\"WebSite\",\"@id\":\"https:\/\/abc-office.eu\/cs\/#website\",\"url\":\"https:\/\/abc-office.eu\/cs\/\",\"name\":\"ABC Translation\",\"description\":\"info@abc-office.eu\",\"potentialAction\":[{\"@type\":\"SearchAction\",\"target\":{\"@type\":\"EntryPoint\",\"urlTemplate\":\"https:\/\/abc-office.eu\/cs\/?s={search_term_string}\"},\"query-input\":{\"@type\":\"PropertyValueSpecification\",\"valueRequired\":true,\"valueName\":\"search_term_string\"}}],\"inLanguage\":\"cs\"}]}<\/script>\n<!-- \/ Yoast SEO plugin. -->","yoast_head_json":{"title":"Kontakt | P\u0159eklady | P\u0159ekladatel | Evropsk\u00e1 unie | Spojen\u00e9","description":"ABC Translation: Kontakt | P\u0159eklad webov\u00fdch str\u00e1nek | P\u0159eklad \u00fa\u0159edn\u00edch dokument\u016f | Specializovan\u00e9 p\u0159eklady | Evropsk\u00e1 unie","robots":{"index":"index","follow":"follow","max-snippet":"max-snippet:-1","max-image-preview":"max-image-preview:large","max-video-preview":"max-video-preview:-1"},"canonical":"https:\/\/abc-office.eu\/cs\/kontakt\/","og_locale":"cs_CZ","og_type":"article","og_title":"Kontakt | P\u0159eklady | P\u0159ekladatel | Evropsk\u00e1 unie | Spojen\u00e9","og_description":"ABC Translation: Kontakt | P\u0159eklad webov\u00fdch str\u00e1nek | P\u0159eklad \u00fa\u0159edn\u00edch dokument\u016f | Specializovan\u00e9 p\u0159eklady | Evropsk\u00e1 unie","og_url":"https:\/\/abc-office.eu\/cs\/kontakt\/","og_site_name":"ABC Translation","article_modified_time":"2025-10-28T10:24:14+00:00","og_image":[{"width":768,"height":512,"url":"https:\/\/abc-office.eu\/wp-content\/uploads\/2025\/10\/Flag_of_Europe-2-768x512-4.png","type":"image\/png"}],"twitter_card":"summary_large_image","twitter_misc":{"Odhadovan\u00e1 doba \u010dten\u00ed":"2 minuty"},"schema":{"@context":"https:\/\/schema.org","@graph":[{"@type":"WebPage","@id":"https:\/\/abc-office.eu\/cs\/kontakt\/","url":"https:\/\/abc-office.eu\/cs\/kontakt\/","name":"Kontakt | P\u0159eklady | P\u0159ekladatel | Evropsk\u00e1 unie | Spojen\u00e9","isPartOf":{"@id":"https:\/\/abc-office.eu\/cs\/#website"},"primaryImageOfPage":{"@id":"https:\/\/abc-office.eu\/cs\/kontakt\/#primaryimage"},"image":{"@id":"https:\/\/abc-office.eu\/cs\/kontakt\/#primaryimage"},"thumbnailUrl":"https:\/\/abc-office.eu\/wp-content\/uploads\/2025\/10\/Flag_of_Europe-2-768x512-4.png","datePublished":"2022-04-25T08:26:44+00:00","dateModified":"2025-10-28T10:24:14+00:00","description":"ABC Translation: Kontakt | P\u0159eklad webov\u00fdch str\u00e1nek | P\u0159eklad \u00fa\u0159edn\u00edch dokument\u016f | Specializovan\u00e9 p\u0159eklady | Evropsk\u00e1 unie","breadcrumb":{"@id":"https:\/\/abc-office.eu\/cs\/kontakt\/#breadcrumb"},"inLanguage":"cs","potentialAction":[{"@type":"ReadAction","target":["https:\/\/abc-office.eu\/cs\/kontakt\/"]}]},{"@type":"ImageObject","inLanguage":"cs","@id":"https:\/\/abc-office.eu\/cs\/kontakt\/#primaryimage","url":"https:\/\/abc-office.eu\/wp-content\/uploads\/2025\/10\/Flag_of_Europe-2-768x512-4.png","contentUrl":"https:\/\/abc-office.eu\/wp-content\/uploads\/2025\/10\/Flag_of_Europe-2-768x512-4.png","width":768,"height":512},{"@type":"BreadcrumbList","@id":"https:\/\/abc-office.eu\/cs\/kontakt\/#breadcrumb","itemListElement":[{"@type":"ListItem","position":1,"name":"Accueil","item":"https:\/\/abc-office.eu\/cs\/"},{"@type":"ListItem","position":2,"name":"Kontakt"}]},{"@type":"WebSite","@id":"https:\/\/abc-office.eu\/cs\/#website","url":"https:\/\/abc-office.eu\/cs\/","name":"ABC Translation","description":"info@abc-office.eu","potentialAction":[{"@type":"SearchAction","target":{"@type":"EntryPoint","urlTemplate":"https:\/\/abc-office.eu\/cs\/?s={search_term_string}"},"query-input":{"@type":"PropertyValueSpecification","valueRequired":true,"valueName":"search_term_string"}}],"inLanguage":"cs"}]}},"_links":{"self":[{"href":"https:\/\/abc-office.eu\/cs\/wp-json\/wp\/v2\/pages\/227427","targetHints":{"allow":["GET"]}}],"collection":[{"href":"https:\/\/abc-office.eu\/cs\/wp-json\/wp\/v2\/pages"}],"about":[{"href":"https:\/\/abc-office.eu\/cs\/wp-json\/wp\/v2\/types\/page"}],"author":[{"embeddable":true,"href":"https:\/\/abc-office.eu\/cs\/wp-json\/wp\/v2\/users\/1"}],"replies":[{"embeddable":true,"href":"https:\/\/abc-office.eu\/cs\/wp-json\/wp\/v2\/comments?post=227427"}],"version-history":[{"count":3,"href":"https:\/\/abc-office.eu\/cs\/wp-json\/wp\/v2\/pages\/227427\/revisions"}],"predecessor-version":[{"id":232053,"href":"https:\/\/abc-office.eu\/cs\/wp-json\/wp\/v2\/pages\/227427\/revisions\/232053"}],"wp:featuredmedia":[{"embeddable":true,"href":"https:\/\/abc-office.eu\/cs\/wp-json\/wp\/v2\/media\/226961"}],"wp:attachment":[{"href":"https:\/\/abc-office.eu\/cs\/wp-json\/wp\/v2\/media?parent=227427"}],"curies":[{"name":"wp","href":"https:\/\/api.w.org\/{rel}","templated":true}]}}