{"id":227424,"date":"2022-04-25T09:58:57","date_gmt":"2022-04-25T07:58:57","guid":{"rendered":"https:\/\/abc-office.eu\/?page_id=227424"},"modified":"2025-10-28T11:22:10","modified_gmt":"2025-10-28T10:22:10","slug":"pravo","status":"publish","type":"page","link":"https:\/\/abc-office.eu\/cs\/pravo\/","title":{"rendered":"Pr\u00e1vo"},"content":{"rendered":"<h2 data-start=\"92\" data-end=\"103\"><strong data-start=\"92\" data-end=\"101\">Pr\u00e1vo<\/strong><\/h2>\n<p style=\"text-align: justify;\" data-start=\"105\" data-end=\"373\">Na\u0161e spole\u010dnost, <strong data-start=\"122\" data-end=\"141\">ABC Translation<\/strong>, se specializuje na n\u011bkolik oblast\u00ed, kter\u00e9 se velmi \u010dasto t\u00fdkaj\u00ed pr\u00e1va Evropsk\u00e9 unie a mezin\u00e1rodn\u00edho pr\u00e1va. Denn\u011b spolupracujeme s not\u00e1\u0159i, pr\u00e1vn\u00edky a advok\u00e1ty. Jsme schopni pokr\u00fdt v\u0161echny va\u0161e pr\u00e1vn\u00ed pot\u0159eby v cel\u00e9 Evropsk\u00e9 unii.<\/p>\n<h3 data-start=\"375\" data-end=\"387\"><strong data-start=\"375\" data-end=\"385\">Not\u00e1\u0159:<\/strong><\/h3>\n<p style=\"text-align: justify;\" data-start=\"389\" data-end=\"732\">Spolupracujeme s not\u00e1\u0159em, abychom v\u00e1m mohli poradit a nab\u00eddnout kvalitn\u00ed slu\u017eby p\u0159i sepisov\u00e1n\u00ed a legalizaci v\u0161ech va\u0161ich dokument\u016f. Specializujeme se na velmi konkr\u00e9tn\u00ed oblasti, jako je rodinn\u00e9 a pozemkov\u00e9 pr\u00e1vo, spr\u00e1va majetku, obchodn\u00ed a korpora\u010dn\u00ed pr\u00e1vo, spisy t\u00fdkaj\u00edc\u00ed se mezin\u00e1rodn\u00edch nebo p\u0159eshrani\u010dn\u00edch klient\u016f, pln\u00e9 moci a ov\u011b\u0159ov\u00e1n\u00ed.<\/p>\n<h3 data-start=\"734\" data-end=\"759\"><strong data-start=\"734\" data-end=\"757\">Advok\u00e1tn\u00ed kancel\u00e1\u0159:<\/strong><\/h3>\n<p style=\"text-align: justify;\" data-start=\"761\" data-end=\"1666\">Na\u0161e kancel\u00e1\u0159 sdru\u017euje pr\u00e1vn\u00edky, kte\u0159\u00ed pracovali v bank\u00e1ch, nadn\u00e1rodn\u00edch spole\u010dnostech, mezin\u00e1rodn\u00edch spr\u00e1vcovsk\u00fdch organizac\u00edch a pr\u00e1vn\u00edch firm\u00e1ch v Evropsk\u00e9 unii i v zahrani\u010d\u00ed. Specializuj\u00ed se na n\u00e1sleduj\u00edc\u00ed oblasti: pracovn\u00ed pr\u00e1vo, v\u00fdpov\u011bdi, n\u00e1jmy, poplatky, revize, dovolen\u00e9, vyst\u011bhov\u00e1n\u00ed, vnitrost\u00e1tn\u00ed a mezin\u00e1rodn\u00ed smlouvy, transakce, distribuce, prodej, fran\u0161\u00edzy, hospod\u00e1\u0159sk\u00e1 sout\u011b\u017e, obchodn\u00ed spole\u010dnosti, goodwill, p\u0159evody, rodina, rozvody, d\u011bdictv\u00ed, z\u00e1v\u011bti, spoluvlastnictv\u00ed, d\u011blen\u00ed, vyrovn\u00e1n\u00ed, nemovitosti, bytov\u00e1 dru\u017estva, stavebnictv\u00ed, znaleck\u00e9 posudky, f\u00faze a akvizice, M&amp;A, garance z\u00e1vazk\u016f, trestn\u00ed pr\u00e1vo, obchodn\u00ed pr\u00e1vo, pad\u011bl\u00e1n\u00ed, podvody, ABS, banky, p\u016fj\u010dky, n\u00e1mitky, poji\u0161t\u011bn\u00ed, vym\u00e1h\u00e1n\u00ed, exekuce, n\u00e1hrady \u0161kod, vklady, zabaven\u00ed majetku, bankovn\u00ed z\u00e1ruky na prvn\u00ed v\u00fdzvu, IT, internet, weby, licence, odpov\u011bdnost, etika, svobodn\u00e1 povol\u00e1n\u00ed, spole\u010dnosti v obt\u00ed\u017e\u00edch, likvidace a ve\u0159ejn\u00e9 pr\u00e1vo.<\/p>\n<h3 data-start=\"1668\" data-end=\"1689\"><strong data-start=\"1668\" data-end=\"1687\">Pr\u00e1vn\u00ed poradce:<\/strong><\/h3>\n<p style=\"text-align: justify;\">Na\u0161i pr\u00e1vn\u00ed poradci jsou denn\u011b konzultov\u00e1ni ve v\u0161ech ot\u00e1zk\u00e1ch t\u00fdkaj\u00edc\u00edch se pr\u00e1va (obchodn\u00edho, da\u0148ov\u00e9ho, environment\u00e1ln\u00edho atd.). V preventivn\u00ed f\u00e1zi rad\u00ed nap\u0159\u00edklad p\u0159i sepisov\u00e1n\u00ed a vyjedn\u00e1v\u00e1n\u00ed smluv. P\u016fsob\u00ed tak\u00e9 \u201eopatrovnicky\u201c v p\u0159\u00edpad\u011b spor\u016f, i kdy\u017e z\u00e1kazn\u00edky nezastupuj\u00ed p\u0159ed soudem, jeliko\u017e nejsou \u010dleny advok\u00e1tn\u00ed komory. Nakonec zaji\u0161\u0165uj\u00ed legalitu r\u016fzn\u00fdch rozhodovac\u00edch postup\u016f ve spole\u010dnosti, nap\u0159\u00edklad p\u0159\u00edpravou zased\u00e1n\u00ed p\u0159edstavenstva.<\/p>\n<h3 data-start=\"2134\" data-end=\"2159\"><strong data-start=\"2134\" data-end=\"2157\">Pr\u00e1vn\u00ed poradenstv\u00ed:<\/strong><\/h3>\n<p style=\"text-align: justify;\">Na\u0161e pr\u00e1vn\u00ed poradenstv\u00ed d\u00e1v\u00e1 mo\u017enost komukoliv, bez ohledu na p\u0159\u00edjem, z\u00edskat rady a informace. Tyto slu\u017eby jsou poskytov\u00e1ny pr\u00e1vn\u00edky a pr\u00e1vn\u00edmi poradci z na\u0161eho pr\u00e1vn\u00edho odd\u011blen\u00ed a jsou anonymn\u00ed, d\u016fv\u011brn\u00e9 a dostupn\u00e9 <a href=\"https:\/\/abc-office.eu\/cs\/\"><u>v\u0161em<\/u><\/a>.<\/p>\n<p data-start=\"2161\" data-end=\"2383\"><img loading=\"lazy\" decoding=\"async\" class=\"aligncenter wp-image-141\" src=\"https:\/\/abc-office.ch\/wp-content\/uploads\/2018\/06\/Droit11-300x225.jpg\" alt=\"Pr\u00e1vo\" width=\"383\" height=\"287\" \/><\/p>\n","protected":false},"excerpt":{"rendered":"<p>Pr\u00e1vo Na\u0161e spole\u010dnost, ABC Translation, se specializuje na n\u011bkolik oblast\u00ed, kter\u00e9 se velmi \u010dasto t\u00fdkaj\u00ed pr\u00e1va Evropsk\u00e9 unie a mezin\u00e1rodn\u00edho pr\u00e1va. Denn\u011b spolupracujeme s not\u00e1\u0159i, pr\u00e1vn\u00edky a advok\u00e1ty. Jsme schopni pokr\u00fdt v\u0161echny va\u0161e pr\u00e1vn\u00ed pot\u0159eby v cel\u00e9 Evropsk\u00e9 unii. Not\u00e1\u0159: Spolupracujeme s not\u00e1\u0159em, abychom v\u00e1m mohli poradit a nab\u00eddnout kvalitn\u00ed slu\u017eby p\u0159i sepisov\u00e1n\u00ed a legalizaci&#8230;<\/p>\n","protected":false},"author":1,"featured_media":226941,"parent":0,"menu_order":0,"comment_status":"closed","ping_status":"closed","template":"","meta":{"sfsi_plus_gutenberg_text_before_share":"","sfsi_plus_gutenberg_show_text_before_share":"","sfsi_plus_gutenberg_icon_type":"","sfsi_plus_gutenberg_icon_alignemt":"","sfsi_plus_gutenburg_max_per_row":"","footnotes":""},"class_list":["post-227424","page","type-page","status-publish","has-post-thumbnail","hentry"],"yoast_head":"<!-- This site is optimized with the Yoast SEO plugin v23.8 - https:\/\/yoast.com\/wordpress\/plugins\/seo\/ -->\n<title>Pr\u00e1vo | ABC Translation | Not\u00e1\u0159 | Advok\u00e1tn\u00ed kancel\u00e1\u0159 | Pr\u00e1vn\u00ed<\/title>\n<meta name=\"description\" content=\"ABC Translation | Pr\u00e1vo | Not\u00e1\u0159 | Advok\u00e1tn\u00ed kancel\u00e1\u0159 | Pr\u00e1vn\u00ed poradce | Pr\u00e1vn\u00ed poradenstv\u00ed | Evropsk\u00e9 a mezin\u00e1rodn\u00ed pr\u00e1vo | Pozemkov\u00e9 pr\u00e1vo\" \/>\n<meta name=\"robots\" content=\"index, follow, max-snippet:-1, max-image-preview:large, max-video-preview:-1\" \/>\n<link rel=\"canonical\" href=\"https:\/\/abc-office.eu\/cs\/pravo\/\" \/>\n<meta property=\"og:locale\" content=\"cs_CZ\" \/>\n<meta property=\"og:type\" content=\"article\" \/>\n<meta property=\"og:title\" content=\"Pr\u00e1vo | ABC Translation | Not\u00e1\u0159 | Advok\u00e1tn\u00ed kancel\u00e1\u0159 | Pr\u00e1vn\u00ed\" \/>\n<meta property=\"og:description\" content=\"ABC Translation | Pr\u00e1vo | Not\u00e1\u0159 | Advok\u00e1tn\u00ed kancel\u00e1\u0159 | Pr\u00e1vn\u00ed poradce | Pr\u00e1vn\u00ed poradenstv\u00ed | Evropsk\u00e9 a mezin\u00e1rodn\u00ed pr\u00e1vo | Pozemkov\u00e9 pr\u00e1vo\" \/>\n<meta property=\"og:url\" content=\"https:\/\/abc-office.eu\/cs\/pravo\/\" \/>\n<meta property=\"og:site_name\" content=\"ABC Translation\" \/>\n<meta property=\"article:modified_time\" content=\"2025-10-28T10:22:10+00:00\" \/>\n<meta property=\"og:image\" content=\"https:\/\/abc-office.eu\/wp-content\/uploads\/2025\/10\/Droit1-768x432-4.jpg\" \/>\n\t<meta property=\"og:image:width\" content=\"768\" \/>\n\t<meta property=\"og:image:height\" content=\"432\" \/>\n\t<meta property=\"og:image:type\" content=\"image\/jpeg\" \/>\n<meta name=\"twitter:card\" content=\"summary_large_image\" \/>\n<meta name=\"twitter:label1\" content=\"Odhadovan\u00e1 doba \u010dten\u00ed\" \/>\n\t<meta name=\"twitter:data1\" content=\"2 minuty\" \/>\n<script type=\"application\/ld+json\" class=\"yoast-schema-graph\">{\"@context\":\"https:\/\/schema.org\",\"@graph\":[{\"@type\":\"WebPage\",\"@id\":\"https:\/\/abc-office.eu\/cs\/pravo\/\",\"url\":\"https:\/\/abc-office.eu\/cs\/pravo\/\",\"name\":\"Pr\u00e1vo | ABC Translation | Not\u00e1\u0159 | Advok\u00e1tn\u00ed kancel\u00e1\u0159 | Pr\u00e1vn\u00ed\",\"isPartOf\":{\"@id\":\"https:\/\/abc-office.eu\/cs\/#website\"},\"primaryImageOfPage\":{\"@id\":\"https:\/\/abc-office.eu\/cs\/pravo\/#primaryimage\"},\"image\":{\"@id\":\"https:\/\/abc-office.eu\/cs\/pravo\/#primaryimage\"},\"thumbnailUrl\":\"https:\/\/abc-office.eu\/wp-content\/uploads\/2025\/10\/Droit1-768x432-4.jpg\",\"datePublished\":\"2022-04-25T07:58:57+00:00\",\"dateModified\":\"2025-10-28T10:22:10+00:00\",\"description\":\"ABC Translation | Pr\u00e1vo | Not\u00e1\u0159 | Advok\u00e1tn\u00ed kancel\u00e1\u0159 | Pr\u00e1vn\u00ed poradce | Pr\u00e1vn\u00ed poradenstv\u00ed | Evropsk\u00e9 a mezin\u00e1rodn\u00ed pr\u00e1vo | Pozemkov\u00e9 pr\u00e1vo\",\"breadcrumb\":{\"@id\":\"https:\/\/abc-office.eu\/cs\/pravo\/#breadcrumb\"},\"inLanguage\":\"cs\",\"potentialAction\":[{\"@type\":\"ReadAction\",\"target\":[\"https:\/\/abc-office.eu\/cs\/pravo\/\"]}]},{\"@type\":\"ImageObject\",\"inLanguage\":\"cs\",\"@id\":\"https:\/\/abc-office.eu\/cs\/pravo\/#primaryimage\",\"url\":\"https:\/\/abc-office.eu\/wp-content\/uploads\/2025\/10\/Droit1-768x432-4.jpg\",\"contentUrl\":\"https:\/\/abc-office.eu\/wp-content\/uploads\/2025\/10\/Droit1-768x432-4.jpg\",\"width\":768,\"height\":432},{\"@type\":\"BreadcrumbList\",\"@id\":\"https:\/\/abc-office.eu\/cs\/pravo\/#breadcrumb\",\"itemListElement\":[{\"@type\":\"ListItem\",\"position\":1,\"name\":\"Accueil\",\"item\":\"https:\/\/abc-office.eu\/cs\/\"},{\"@type\":\"ListItem\",\"position\":2,\"name\":\"Pr\u00e1vo\"}]},{\"@type\":\"WebSite\",\"@id\":\"https:\/\/abc-office.eu\/cs\/#website\",\"url\":\"https:\/\/abc-office.eu\/cs\/\",\"name\":\"ABC Translation\",\"description\":\"info@abc-office.eu\",\"potentialAction\":[{\"@type\":\"SearchAction\",\"target\":{\"@type\":\"EntryPoint\",\"urlTemplate\":\"https:\/\/abc-office.eu\/cs\/?s={search_term_string}\"},\"query-input\":{\"@type\":\"PropertyValueSpecification\",\"valueRequired\":true,\"valueName\":\"search_term_string\"}}],\"inLanguage\":\"cs\"}]}<\/script>\n<!-- \/ Yoast SEO plugin. -->","yoast_head_json":{"title":"Pr\u00e1vo | ABC Translation | Not\u00e1\u0159 | Advok\u00e1tn\u00ed kancel\u00e1\u0159 | Pr\u00e1vn\u00ed","description":"ABC Translation | Pr\u00e1vo | Not\u00e1\u0159 | Advok\u00e1tn\u00ed kancel\u00e1\u0159 | Pr\u00e1vn\u00ed poradce | Pr\u00e1vn\u00ed poradenstv\u00ed | Evropsk\u00e9 a mezin\u00e1rodn\u00ed pr\u00e1vo | Pozemkov\u00e9 pr\u00e1vo","robots":{"index":"index","follow":"follow","max-snippet":"max-snippet:-1","max-image-preview":"max-image-preview:large","max-video-preview":"max-video-preview:-1"},"canonical":"https:\/\/abc-office.eu\/cs\/pravo\/","og_locale":"cs_CZ","og_type":"article","og_title":"Pr\u00e1vo | ABC Translation | Not\u00e1\u0159 | Advok\u00e1tn\u00ed kancel\u00e1\u0159 | Pr\u00e1vn\u00ed","og_description":"ABC Translation | Pr\u00e1vo | Not\u00e1\u0159 | Advok\u00e1tn\u00ed kancel\u00e1\u0159 | Pr\u00e1vn\u00ed poradce | Pr\u00e1vn\u00ed poradenstv\u00ed | Evropsk\u00e9 a mezin\u00e1rodn\u00ed pr\u00e1vo | Pozemkov\u00e9 pr\u00e1vo","og_url":"https:\/\/abc-office.eu\/cs\/pravo\/","og_site_name":"ABC Translation","article_modified_time":"2025-10-28T10:22:10+00:00","og_image":[{"width":768,"height":432,"url":"https:\/\/abc-office.eu\/wp-content\/uploads\/2025\/10\/Droit1-768x432-4.jpg","type":"image\/jpeg"}],"twitter_card":"summary_large_image","twitter_misc":{"Odhadovan\u00e1 doba \u010dten\u00ed":"2 minuty"},"schema":{"@context":"https:\/\/schema.org","@graph":[{"@type":"WebPage","@id":"https:\/\/abc-office.eu\/cs\/pravo\/","url":"https:\/\/abc-office.eu\/cs\/pravo\/","name":"Pr\u00e1vo | ABC Translation | Not\u00e1\u0159 | Advok\u00e1tn\u00ed kancel\u00e1\u0159 | Pr\u00e1vn\u00ed","isPartOf":{"@id":"https:\/\/abc-office.eu\/cs\/#website"},"primaryImageOfPage":{"@id":"https:\/\/abc-office.eu\/cs\/pravo\/#primaryimage"},"image":{"@id":"https:\/\/abc-office.eu\/cs\/pravo\/#primaryimage"},"thumbnailUrl":"https:\/\/abc-office.eu\/wp-content\/uploads\/2025\/10\/Droit1-768x432-4.jpg","datePublished":"2022-04-25T07:58:57+00:00","dateModified":"2025-10-28T10:22:10+00:00","description":"ABC Translation | Pr\u00e1vo | Not\u00e1\u0159 | Advok\u00e1tn\u00ed kancel\u00e1\u0159 | Pr\u00e1vn\u00ed poradce | Pr\u00e1vn\u00ed poradenstv\u00ed | Evropsk\u00e9 a mezin\u00e1rodn\u00ed pr\u00e1vo | Pozemkov\u00e9 pr\u00e1vo","breadcrumb":{"@id":"https:\/\/abc-office.eu\/cs\/pravo\/#breadcrumb"},"inLanguage":"cs","potentialAction":[{"@type":"ReadAction","target":["https:\/\/abc-office.eu\/cs\/pravo\/"]}]},{"@type":"ImageObject","inLanguage":"cs","@id":"https:\/\/abc-office.eu\/cs\/pravo\/#primaryimage","url":"https:\/\/abc-office.eu\/wp-content\/uploads\/2025\/10\/Droit1-768x432-4.jpg","contentUrl":"https:\/\/abc-office.eu\/wp-content\/uploads\/2025\/10\/Droit1-768x432-4.jpg","width":768,"height":432},{"@type":"BreadcrumbList","@id":"https:\/\/abc-office.eu\/cs\/pravo\/#breadcrumb","itemListElement":[{"@type":"ListItem","position":1,"name":"Accueil","item":"https:\/\/abc-office.eu\/cs\/"},{"@type":"ListItem","position":2,"name":"Pr\u00e1vo"}]},{"@type":"WebSite","@id":"https:\/\/abc-office.eu\/cs\/#website","url":"https:\/\/abc-office.eu\/cs\/","name":"ABC Translation","description":"info@abc-office.eu","potentialAction":[{"@type":"SearchAction","target":{"@type":"EntryPoint","urlTemplate":"https:\/\/abc-office.eu\/cs\/?s={search_term_string}"},"query-input":{"@type":"PropertyValueSpecification","valueRequired":true,"valueName":"search_term_string"}}],"inLanguage":"cs"}]}},"_links":{"self":[{"href":"https:\/\/abc-office.eu\/cs\/wp-json\/wp\/v2\/pages\/227424","targetHints":{"allow":["GET"]}}],"collection":[{"href":"https:\/\/abc-office.eu\/cs\/wp-json\/wp\/v2\/pages"}],"about":[{"href":"https:\/\/abc-office.eu\/cs\/wp-json\/wp\/v2\/types\/page"}],"author":[{"embeddable":true,"href":"https:\/\/abc-office.eu\/cs\/wp-json\/wp\/v2\/users\/1"}],"replies":[{"embeddable":true,"href":"https:\/\/abc-office.eu\/cs\/wp-json\/wp\/v2\/comments?post=227424"}],"version-history":[{"count":2,"href":"https:\/\/abc-office.eu\/cs\/wp-json\/wp\/v2\/pages\/227424\/revisions"}],"predecessor-version":[{"id":232051,"href":"https:\/\/abc-office.eu\/cs\/wp-json\/wp\/v2\/pages\/227424\/revisions\/232051"}],"wp:featuredmedia":[{"embeddable":true,"href":"https:\/\/abc-office.eu\/cs\/wp-json\/wp\/v2\/media\/226941"}],"wp:attachment":[{"href":"https:\/\/abc-office.eu\/cs\/wp-json\/wp\/v2\/media?parent=227424"}],"curies":[{"name":"wp","href":"https:\/\/api.w.org\/{rel}","templated":true}]}}